{"id":25262,"date":"2025-06-30T21:59:06","date_gmt":"2025-06-30T19:59:06","guid":{"rendered":"https:\/\/www.ferberpainting.com\/?post_type=product&#038;p=25262"},"modified":"2026-02-16T08:30:23","modified_gmt":"2026-02-16T07:30:23","slug":"roof-tile-water-repellent","status":"publish","type":"product","link":"https:\/\/www.ferberpainting.com\/si\/products\/roof-tile-water-repellent\/","title":{"rendered":"Vodoodbojni premaz za stre\u0161nike"},"content":{"rendered":"<p><strong><img decoding=\"async\" style=\"margin-right: 12px;\" src=\"https:\/\/www.ferberpainting.com\/wp-content\/uploads\/2026\/02\/Check.svg\" alt=\"\" width=\"18\" height=\"15\" \/>Optimalna za\u0161\u010dita pred vlago.<\/strong>\u00a0To sredstvo za za\u0161\u010dito plo\u0161\u010dic pred vodo je posebej oblikovano tako, da zagotavlja bolj\u0161o za\u0161\u010dito pred vlago in vdorom vode. Prodre globoko v povr\u0161ino plo\u0161\u010dic in tvori nevidno pregrado, ki je zelo u\u010dinkovita. Zaradi tega delovanja prepre\u010duje pronicanje vode v stre\u0161nike in \u0161\u010diti streho pred po\u0161kodbami, ki jih povzro\u010dajo vremenske razmere - zlasti pred plesnijo, made\u017ei in degradacijo materiala.<\/p>\n<p><strong><img decoding=\"async\" style=\"margin-right: 12px;\" src=\"https:\/\/www.ferberpainting.com\/wp-content\/uploads\/2026\/02\/Check.svg\" alt=\"\" width=\"18\" height=\"15\" \/>Jamstvo vra\u010dila denarja.<\/strong>\u00a0Da bi zagotovili va\u0161e popolno zadovoljstvo, vam ponujamo garancijo za zadovoljstvo ali vra\u010dilo denarja. \u010ce po uporabi tega sredstva za impregnacijo plo\u0161\u010dic niste popolnoma zadovoljni, lahko zahtevate vra\u010dilo celotne kupnine. Ta pravilnik o vra\u010dilu vam omogo\u010da, da izdelek kupite z zaupanjem, saj veste, da ste v primeru nezadovoljstva za\u0161\u010diteni.<\/p>\n<p><strong><img decoding=\"async\" style=\"margin-right: 12px;\" src=\"https:\/\/www.ferberpainting.com\/wp-content\/uploads\/2026\/02\/Check.svg\" alt=\"\" width=\"18\" height=\"15\" \/>Za\u0161\u010dita vse v enem.<\/strong>\u00a0To sredstvo za za\u0161\u010dito pred vodo ni omejeno na glinene plo\u0161\u010dice. Uporablja se lahko tudi na drugih stre\u0161nih kritinah, kot so beton, cement, malta, porozni naravni kamni in druge vpojne povr\u0161ine, ki so izpostavljene elementom, kar zagotavlja popolno za\u0161\u010dito va\u0161e strehe.<\/p>\n<p><strong><img decoding=\"async\" style=\"margin-right: 12px;\" src=\"https:\/\/www.ferberpainting.com\/wp-content\/uploads\/2026\/02\/Check.svg\" alt=\"\" width=\"18\" height=\"15\" \/>Stro\u0161kovna u\u010dinkovitost.<\/strong>\u00a0Ta impregnacijska masa za plo\u0161\u010dice je izjemno var\u010dna glede pokritosti. En liter pokrije povpre\u010dno 6 do 8 m\u00b2 obdelane povr\u0161ine, odvisno od poroznosti. S 5-litrsko posodo lahko obdelate do 40 m\u00b2, zato je cenovno ugodna re\u0161itev za za\u0161\u010dito velike stre\u0161ne povr\u0161ine. Njegova visoka u\u010dinkovitost tudi pomeni, da vam izdelka ni treba pogosto ponovno nana\u0161ati, hkrati pa ohranja dolgotrajno za\u0161\u010dito.<\/p>\n<p><strong><img decoding=\"async\" style=\"margin-right: 12px;\" src=\"https:\/\/www.ferberpainting.com\/wp-content\/uploads\/2026\/02\/Check.svg\" alt=\"\" width=\"18\" height=\"15\" \/>Varna uporaba.<\/strong>\u00a0To sredstvo za impregnacijo plo\u0161\u010dic je zasnovano tako, da je popolnoma varno. Ne vsebuje ostrih kemikalij in je okolju prijazen. Varno ga lahko uporabljate tako v zaprtih prostorih kot na prostem, ne da bi pri tem ogrozili svoje zdravje ali zdravje svojih bli\u017enjih. Vendar pa je tako kot pri vseh drugih izdelkih za obdelavo priporo\u010dljivo nositi rokavice in za\u0161\u010ditna o\u010dala, zlasti \u010de delate v zaprtih prostorih.<\/p>\n<p><strong><img decoding=\"async\" style=\"margin-right: 12px;\" src=\"https:\/\/www.ferberpainting.com\/wp-content\/uploads\/2026\/02\/Check.svg\" alt=\"\" width=\"18\" height=\"15\" \/>Enostavna uporaba.<\/strong>\u00a0Ta izdelek je pripravljen za uporabo, zato ga je zelo enostavno uporabljati. Razred\u010denje ni potrebno - z razpr\u0161ilnikom, \u010dopi\u010dem ali valj\u010dkom ga preprosto nanesite neposredno na povr\u0161ino plo\u0161\u010dic. Uporaba je hitra in ne zahteva posebne opreme, zato je enostavna tako za doma\u010de mojstre kot za profesionalce. Poleg tega ne pu\u0161\u010da vidnih ostankov, kar zagotavlja \u010dist in estetski rezultat.<\/p>\n<p><strong><img decoding=\"async\" style=\"margin-right: 12px;\" src=\"https:\/\/www.ferberpainting.com\/wp-content\/uploads\/2026\/02\/Check.svg\" alt=\"\" width=\"18\" height=\"15\" \/>Dolgoro\u010dna vzdr\u017eljivost.<\/strong>\u00a0To sredstvo za za\u0161\u010dito pred vodo je zasnovano tako, da zagotavlja dolgotrajno za\u0161\u010dito. Po nanosu tvori nevidno, vendar zelo odporno pregrado proti vlagi. Odvisno od vremenskih razmer in izpostavljenosti lahko njegov za\u0161\u010ditni u\u010dinek traja od 2 do 5 let. Ta trajnost zmanj\u0161uje potrebo po pogostem vzdr\u017eevanju in zagotavlja stalno za\u0161\u010dito pred vdorom vode.<\/p>\n<p><strong><img decoding=\"async\" style=\"margin-right: 12px;\" src=\"https:\/\/www.ferberpainting.com\/wp-content\/uploads\/2026\/02\/Check.svg\" alt=\"\" width=\"18\" height=\"15\" \/>Hitra uporaba in su\u0161enje.<\/strong>\u00a0To sredstvo za impregnacijo plo\u0161\u010dic je znano po svojem hitrem delovanju. Po razpr\u0161itvi ali nanosu hitro prodre v pore plo\u0161\u010dic in v zelo kratkem \u010dasu nudi za\u0161\u010dito. Tudi \u010das su\u0161enja je hiter. Po nanosu se lahko povr\u0161ine obi\u010dajno dotaknete po 1 do 2 urah. Vendar pa je za zagotovitev popolne u\u010dinkovitosti priporo\u010dljivo, da izdelek pred kakr\u0161no koli izpostavljenostjo vlagi pustite 24 ur, da se popolnoma posu\u0161i.<\/p>\n<h2><strong>Protokol uporabe<\/strong><\/h2>\n<ul>\n<li><strong>Priprava povr\u0161ine <\/strong>: Pred nanosom impregnacijskega sredstva za plo\u0161\u010dice se prepri\u010dajte, da je povr\u0161ina \u010dista, suha in brez umazanije, mahu ali odpadkov. Po potrebi streho o\u010distite z visokotla\u010dnim \u010distilcem ali metlo. \u010ce je prisoten mah ali li\u0161aji, je pred nanosom priporo\u010dljiva obdelava proti mahu. Pred nanosom impregnacijskega sredstva se prepri\u010dajte, da je streha popolnoma suha.<\/li>\n<li><strong>Uporaba izdelka <\/strong>: To sredstvo za za\u0161\u010dito pred vodo je pripravljeno za uporabo in ga ni treba red\u010diti. Nanesite ga z razpr\u0161ilnikom, valj\u010dkom ali \u010dopi\u010dem. \u010ce uporabljate pr\u0161ilnik, bodite od povr\u0161ine oddaljeni pribli\u017eno 30 cm in nanesite enakomeren sloj. \u010ce uporabljate valj\u010dek ali \u010dopi\u010d, poskrbite, da nanesete veliko koli\u010dino, ne da bi plo\u0161\u010dice zasi\u010dili. Delujte enakomerno, da zagotovite popolno pokritost.<\/li>\n<li><strong>Koli\u010dina za uporabo <\/strong>: V povpre\u010dju en liter impregnacijskega sredstva za plo\u0161\u010dice pokrije 6 do 8 m\u00b2, odvisno od poroznosti. Pri posebej poroznih plo\u0161\u010dicah bo morda za maksimalno za\u0161\u010dito potreben drugi sloj. 5-litrska posoda zadostuje za prekritje pribli\u017eno 40 m\u00b2 povr\u0161ine plo\u0161\u010dic.<\/li>\n<li><strong>\u010cas su\u0161enja <\/strong>: Po nanosu se obi\u010dajno su\u0161i od 1 do 2 uri. Na splo\u0161no se lahko povr\u0161ine dotikate po tem \u010dasu. Za optimalno za\u0161\u010dito pa je priporo\u010dljivo po\u010dakati 24 ur, preden streho izpostavite vlagi. Ta \u010das su\u0161enja omogo\u010da, da izdelek v celoti prodre in tvori vodoodbojno pregrado.<\/li>\n<li><strong>Ponovna vloga <\/strong>: Glede na vremensko izpostavljenost in naravno obrabo bo morda treba za ohranitev optimalne za\u0161\u010dite vsakih 2 do 5 let ponovno nanesti sredstvo za za\u0161\u010dito pred vodo. Za najbolj\u0161e rezultate ponovno nanesite po \u010di\u0161\u010denju povr\u0161ine, da odstranite nabrano umazanijo.<\/li>\n<li><strong>Vzdr\u017eevanje <\/strong>: Ta vodoodbojnik za plo\u0161\u010dice ne zahteva zapletenega vzdr\u017eevanja. Povr\u0161ino je priporo\u010dljivo o\u010distiti z milnico in mehko krta\u010do ali metlo. Izogibajte se uporabi visokotla\u010dnih pralnih strojev ali ostrih kemikalij, ki bi lahko po\u0161kodovali za\u0161\u010ditni sloj. Redno vzdr\u017eevanje strehe lahko podalj\u0161a \u017eivljenjsko dobo va\u0161ih stre\u0161nikov in hidroizolacijskega sredstva.<\/li>\n<\/ul>\n<p>\u010ce povzamemo, je ta hidroizolacijski izdelek za stre\u0161nike u\u010dinkovita in prakti\u010dna re\u0161itev za za\u0161\u010dito strehe pred vdorom vode in vlage. Zaradi enostavne uporabe, dolgotrajne obstojnosti in visoke u\u010dinkovitosti je odli\u010dna nalo\u017eba za ohranjanje kakovosti in celovitosti va\u0161ih stre\u0161nikov, hkrati pa zmanj\u0161uje va\u0161e potrebe po vzdr\u017eevanju.<\/p>","protected":false},"excerpt":{"rendered":"<p>Optimal Moisture Protection.\u00a0This tile waterproofer is specially formulated to provide enhanced protection against moisture and water infiltration. It penetrates deep into the tile surface to form an invisible barrier that is highly effective. Thanks to this action, it prevents water from seeping into your tiles and protects your roof from damage caused by weather\u2014especially mold, [&hellip;]<\/p>\n","protected":false},"featured_media":35996,"comment_status":"open","ping_status":"closed","template":"","meta":{"_uag_custom_page_level_css":"","site-sidebar-layout":"default","site-content-layout":"","ast-site-content-layout":"default","site-content-style":"default","site-sidebar-style":"default","ast-global-header-display":"","ast-banner-title-visibility":"","ast-main-header-display":"","ast-hfb-above-header-display":"","ast-hfb-below-header-display":"","ast-hfb-mobile-header-display":"","site-post-title":"","ast-breadcrumbs-content":"","ast-featured-img":"","footer-sml-layout":"","ast-disable-related-posts":"","theme-transparent-header-meta":"default","adv-header-id-meta":"","stick-header-meta":"","header-above-stick-meta":"","header-main-stick-meta":"","header-below-stick-meta":"","astra-migrate-meta-layouts":"set","ast-page-background-enabled":"default","ast-page-background-meta":{"desktop":{"background-color":"var(--ast-global-color-4)","background-image":"","background-repeat":"repeat","background-position":"center center","background-size":"auto","background-attachment":"scroll","background-type":"","background-media":"","overlay-type":"","overlay-color":"","overlay-opacity":"","overlay-gradient":""},"tablet":{"background-color":"","background-image":"","background-repeat":"repeat","background-position":"center center","background-size":"auto","background-attachment":"scroll","background-type":"","background-media":"","overlay-type":"","overlay-color":"","overlay-opacity":"","overlay-gradient":""},"mobile":{"background-color":"","background-image":"","background-repeat":"repeat","background-position":"center center","background-size":"auto","background-attachment":"scroll","background-type":"","background-media":"","overlay-type":"","overlay-color":"","overlay-opacity":"","overlay-gradient":""}},"ast-content-background-meta":{"desktop":{"background-color":"var(--ast-global-color-5)","background-image":"","background-repeat":"repeat","background-position":"center center","background-size":"auto","background-attachment":"scroll","background-type":"","background-media":"","overlay-type":"","overlay-color":"","overlay-opacity":"","overlay-gradient":""},"tablet":{"background-color":"var(--ast-global-color-5)","background-image":"","background-repeat":"repeat","background-position":"center center","background-size":"auto","background-attachment":"scroll","background-type":"","background-media":"","overlay-type":"","overlay-color":"","overlay-opacity":"","overlay-gradient":""},"mobile":{"background-color":"var(--ast-global-color-5)","background-image":"","background-repeat":"repeat","background-position":"center center","background-size":"auto","background-attachment":"scroll","background-type":"","background-media":"","overlay-type":"","overlay-color":"","overlay-opacity":"","overlay-gradient":""}}},"product_brand":[],"product_cat":[191],"product_tag":[],"class_list":{"0":"post-25262","1":"product","2":"type-product","3":"status-publish","4":"has-post-thumbnail","6":"product_cat-water-repellent","7":"desktop-align-left","8":"tablet-align-left","9":"mobile-align-left","11":"first","12":"instock","13":"sale","14":"taxable","15":"shipping-taxable","16":"purchasable","17":"product-type-variable","18":"has-default-attributes"},"spectra_custom_meta":{"_visibility":["visible"],"_shopify_product_id":["9106633851125"],"_s2w_shopify_domain":["ferberpainting.myshopify.com"],"_shopify_variant_id":["46626370879733"],"_sku":[""],"_manage_stock":["no"],"total_sales":["31"],"_tax_status":["taxable"],"_tax_class":[""],"_backorders":["no"],"_sold_individually":["no"],"_virtual":["no"],"_downloadable":["no"],"_download_limit":["-1"],"_download_expiry":["-1"],"_stock":[null],"_stock_status":["instock"],"_wc_average_rating":["5.00"],"_wc_review_count":["36"],"_product_attributes":["a:1:{s:6:\"volume\";a:6:{s:4:\"name\";s:6:\"Volume\";s:5:\"value\";s:20:\"5 liters | 25 liters\";s:8:\"position\";i:1;s:10:\"is_visible\";i:0;s:12:\"is_variation\";i:1;s:11:\"is_taxonomy\";i:0;}}"],"_product_version":["10.5.1"],"wpse_downloadable_file_names":[""],"wpse_downloadable_file_urls":[""],"_edit_last":["1"],"_default_attributes":["a:1:{s:6:\"volume\";s:8:\"5 liters\";}"],"_edit_lock":["1771226885:1"],"_price":["29.90","129.90"],"merchant-center-availability":["yes"],"merchant-center-category":["503744"],"_thumbnail_id":["35996"],"_wp_page_template":["default"],"_wp_old_date":["2025-05-26"],"_product_image_gallery":["35997"],"site-sidebar-layout":["default"],"ast-site-content-layout":["default"],"site-content-style":["default"],"site-sidebar-style":["default"],"theme-transparent-header-meta":["default"],"_wc_rating_count":["a:1:{i:5;i:36;}"],"astra-migrate-meta-layouts":["set"],"_uag_css_file_name":["uag-css-25262.css"],"_elementor_page_assets":["a:0:{}"],"_uag_page_assets":["a:9:{s:3:\"css\";s:6873:\".wp-block-uagb-image{display:flex}.wp-block-uagb-image__figure{position:relative;display:flex;flex-direction:column;max-width:100%;height:auto;margin:0}.wp-block-uagb-image__figure img{height:auto;display:flex;max-width:100%;transition:box-shadow .2s ease}.wp-block-uagb-image__figure>a{display:inline-block}.wp-block-uagb-image__figure figcaption{text-align:center;margin-top:.5em;margin-bottom:1em}.wp-block-uagb-image .components-placeholder.block-editor-media-placeholder .components-placeholder__instructions{align-self:center}.wp-block-uagb-image--align-left{text-align:left}.wp-block-uagb-image--align-right{text-align:right}.wp-block-uagb-image--align-center{text-align:center}.wp-block-uagb-image--align-full .wp-block-uagb-image__figure{margin-left:calc(50% - 50vw);margin-right:calc(50% - 50vw);max-width:100vw;width:100vw;height:auto}.wp-block-uagb-image--align-full .wp-block-uagb-image__figure img{height:auto;width:100% !important}.wp-block-uagb-image--align-wide .wp-block-uagb-image__figure img{height:auto;width:100%}.wp-block-uagb-image--layout-overlay__color-wrapper{position:absolute;left:0;top:0;right:0;bottom:0;opacity:.2;background:rgba(0,0,0,.5);transition:opacity .35s ease-in-out}.wp-block-uagb-image--layout-overlay-link{position:absolute;left:0;right:0;bottom:0;top:0}.wp-block-uagb-image--layout-overlay .wp-block-uagb-image__figure:hover .wp-block-uagb-image--layout-overlay__color-wrapper{opacity:1}.wp-block-uagb-image--layout-overlay__inner{position:absolute;left:15px;right:15px;bottom:15px;top:15px;display:flex;align-items:center;justify-content:center;flex-direction:column;border-color:#fff;transition:.35s ease-in-out}.wp-block-uagb-image--layout-overlay__inner.top-left,.wp-block-uagb-image--layout-overlay__inner.top-center,.wp-block-uagb-image--layout-overlay__inner.top-right{justify-content:flex-start}.wp-block-uagb-image--layout-overlay__inner.bottom-left,.wp-block-uagb-image--layout-overlay__inner.bottom-center,.wp-block-uagb-image--layout-overlay__inner.bottom-right{justify-content:flex-end}.wp-block-uagb-image--layout-overlay__inner.top-left,.wp-block-uagb-image--layout-overlay__inner.center-left,.wp-block-uagb-image--layout-overlay__inner.bottom-left{align-items:flex-start}.wp-block-uagb-image--layout-overlay__inner.top-right,.wp-block-uagb-image--layout-overlay__inner.center-right,.wp-block-uagb-image--layout-overlay__inner.bottom-right{align-items:flex-end}.wp-block-uagb-image--layout-overlay__inner .uagb-image-heading{color:#fff;transition:transform .35s,opacity .35s ease-in-out;transform:translate3d(0, 24px, 0);margin:0;line-height:1em}.wp-block-uagb-image--layout-overlay__inner .uagb-image-separator{width:30%;border-top-width:2px;border-top-color:#fff;border-top-style:solid;margin-bottom:10px;opacity:0;transition:transform .4s,opacity .4s ease-in-out;transform:translate3d(0, 30px, 0)}.wp-block-uagb-image--layout-overlay__inner .uagb-image-caption{opacity:0;overflow:visible;color:#fff;transition:transform .45s,opacity .45s ease-in-out;transform:translate3d(0, 35px, 0)}.wp-block-uagb-image--layout-overlay__inner:hover .uagb-image-heading,.wp-block-uagb-image--layout-overlay__inner:hover .uagb-image-separator,.wp-block-uagb-image--layout-overlay__inner:hover .uagb-image-caption{opacity:1;transform:translate3d(0, 0, 0)}.wp-block-uagb-image--effect-zoomin .wp-block-uagb-image__figure img,.wp-block-uagb-image--effect-zoomin .wp-block-uagb-image__figure .wp-block-uagb-image--layout-overlay__color-wrapper{transform:scale(1);transition:transform .35s ease-in-out}.wp-block-uagb-image--effect-zoomin .wp-block-uagb-image__figure:hover img,.wp-block-uagb-image--effect-zoomin .wp-block-uagb-image__figure:hover .wp-block-uagb-image--layout-overlay__color-wrapper{transform:scale(1.05)}.wp-block-uagb-image--effect-slide .wp-block-uagb-image__figure img,.wp-block-uagb-image--effect-slide .wp-block-uagb-image__figure .wp-block-uagb-image--layout-overlay__color-wrapper{width:calc(100% + 40px) !important;max-width:none !important;transform:translate3d(-40px, 0, 0);transition:transform .35s ease-in-out}.wp-block-uagb-image--effect-slide .wp-block-uagb-image__figure:hover img,.wp-block-uagb-image--effect-slide .wp-block-uagb-image__figure:hover .wp-block-uagb-image--layout-overlay__color-wrapper{transform:translate3d(0, 0, 0)}.wp-block-uagb-image--effect-grayscale img{filter:grayscale(0%);transition:.35s ease-in-out}.wp-block-uagb-image--effect-grayscale:hover img{filter:grayscale(100%)}.wp-block-uagb-image--effect-blur img{filter:blur(0);transition:.35s ease-in-out}.wp-block-uagb-image--effect-blur:hover img{filter:blur(3px)}.uagb-block-e6f939b3.wp-block-uagb-image--layout-default figure img{box-shadow: 0px 0px 0 #00000070;}.uagb-block-e6f939b3.wp-block-uagb-image .wp-block-uagb-image__figure figcaption{font-style: normal;align-self: center;}.uagb-block-e6f939b3.wp-block-uagb-image--layout-overlay figure img{box-shadow: 0px 0px 0 #00000070;}.uagb-block-e6f939b3.wp-block-uagb-image--layout-overlay .wp-block-uagb-image--layout-overlay__color-wrapper{opacity: 0.2;}.uagb-block-e6f939b3.wp-block-uagb-image--layout-overlay .wp-block-uagb-image--layout-overlay__inner{left: 15px;right: 15px;top: 15px;bottom: 15px;}.uagb-block-e6f939b3.wp-block-uagb-image--layout-overlay .wp-block-uagb-image--layout-overlay__inner .uagb-image-heading{font-style: normal;color: #fff;opacity: 1;}.uagb-block-e6f939b3.wp-block-uagb-image--layout-overlay .wp-block-uagb-image--layout-overlay__inner .uagb-image-heading a{color: #fff;}.uagb-block-e6f939b3.wp-block-uagb-image--layout-overlay .wp-block-uagb-image--layout-overlay__inner .uagb-image-caption{opacity: 0;}.uagb-block-e6f939b3.wp-block-uagb-image--layout-overlay .wp-block-uagb-image__figure:hover .wp-block-uagb-image--layout-overlay__color-wrapper{opacity: 1;}.uagb-block-e6f939b3.wp-block-uagb-image .wp-block-uagb-image--layout-overlay__inner .uagb-image-separator{width: 30%;border-top-width: 2px;border-top-color: #fff;opacity: 0;}.uagb-block-e6f939b3.wp-block-uagb-image .wp-block-uagb-image__figure img{width: px;height: auto;}.uagb-block-e6f939b3.wp-block-uagb-image .wp-block-uagb-image__figure:hover .wp-block-uagb-image--layout-overlay__inner .uagb-image-caption{opacity: 1;}.uagb-block-e6f939b3.wp-block-uagb-image .wp-block-uagb-image__figure:hover .wp-block-uagb-image--layout-overlay__inner .uagb-image-separator{opacity: 1;}.uagb-block-e6f939b3.wp-block-uagb-image--layout-default figure:hover img{box-shadow: 0px 0px 0 #00000070;}.uagb-block-e6f939b3.wp-block-uagb-image--layout-overlay figure:hover img{box-shadow: 0px 0px 0 #00000070;}@media only screen and (max-width: 976px) {.uagb-block-e6f939b3.wp-block-uagb-image .wp-block-uagb-image__figure img{width: px;height: auto;}}@media only screen and (max-width: 767px) {.uagb-block-e6f939b3.wp-block-uagb-image .wp-block-uagb-image__figure img{width: px;height: auto;}}\";s:2:\"js\";s:0:\"\";s:18:\"current_block_list\";a:13:{i:0;s:11:\"core\/search\";i:1;s:10:\"core\/group\";i:2;s:12:\"core\/heading\";i:3;s:17:\"core\/latest-posts\";i:4;s:20:\"core\/latest-comments\";i:5;s:13:\"core\/archives\";i:6;s:15:\"core\/categories\";i:7;s:14:\"core\/paragraph\";i:8;s:10:\"uagb\/image\";i:9;s:11:\"core\/spacer\";i:10;s:30:\"woocommerce\/product-categories\";i:11;s:10:\"core\/image\";i:12;s:14:\"core\/shortcode\";}s:8:\"uag_flag\";b:1;s:11:\"uag_version\";s:10:\"1777262865\";s:6:\"gfonts\";a:0:{}s:10:\"gfonts_url\";s:0:\"\";s:12:\"gfonts_files\";a:0:{}s:14:\"uag_faq_layout\";b:0;}"]},"uagb_featured_image_src":{"full":["https:\/\/www.ferberpainting.com\/wp-content\/uploads\/2025\/05\/Roof-Tile-Water-Repellent-5L-.png",2560,2560,false],"thumbnail":["https:\/\/www.ferberpainting.com\/wp-content\/uploads\/2025\/05\/Roof-Tile-Water-Repellent-5L--150x150.png",150,150,true],"medium":["https:\/\/www.ferberpainting.com\/wp-content\/uploads\/2025\/05\/Roof-Tile-Water-Repellent-5L--300x300.png",300,300,true],"medium_large":["https:\/\/www.ferberpainting.com\/wp-content\/uploads\/2025\/05\/Roof-Tile-Water-Repellent-5L--768x768.png",768,768,true],"large":["https:\/\/www.ferberpainting.com\/wp-content\/uploads\/2025\/05\/Roof-Tile-Water-Repellent-5L--1024x1024.png",1024,1024,true],"1536x1536":["https:\/\/www.ferberpainting.com\/wp-content\/uploads\/2025\/05\/Roof-Tile-Water-Repellent-5L--1536x1536.png",1536,1536,true],"2048x2048":["https:\/\/www.ferberpainting.com\/wp-content\/uploads\/2025\/05\/Roof-Tile-Water-Repellent-5L--2048x2048.png",2048,2048,true],"trp-custom-language-flag":["https:\/\/www.ferberpainting.com\/wp-content\/uploads\/2025\/05\/Roof-Tile-Water-Repellent-5L--12x12.png",12,12,true],"woocommerce_thumbnail":["https:\/\/www.ferberpainting.com\/wp-content\/uploads\/2025\/05\/Roof-Tile-Water-Repellent-5L--300x300.png",300,300,true],"woocommerce_single":["https:\/\/www.ferberpainting.com\/wp-content\/uploads\/2025\/05\/Roof-Tile-Water-Repellent-5L--600x600.png",600,600,true],"woocommerce_gallery_thumbnail":["https:\/\/www.ferberpainting.com\/wp-content\/uploads\/2025\/05\/Roof-Tile-Water-Repellent-5L--100x100.png",100,100,true]},"uagb_author_info":{"display_name":"admin","author_link":"https:\/\/www.ferberpainting.com\/si\/author\/"},"uagb_comment_info":36,"uagb_excerpt":"Optimal Moisture Protection.\u00a0This tile waterproofer is specially formulated to provide enhanced protection against moisture and water infiltration. It penetrates deep into the tile surface to form an invisible barrier that is highly effective. Thanks to this action, it prevents water from seeping into your tiles and protects your roof from damage caused by weather\u2014especially mold,&hellip;","_links":{"self":[{"href":"https:\/\/www.ferberpainting.com\/si\/wp-json\/wp\/v2\/product\/25262","targetHints":{"allow":["GET"]}}],"collection":[{"href":"https:\/\/www.ferberpainting.com\/si\/wp-json\/wp\/v2\/product"}],"about":[{"href":"https:\/\/www.ferberpainting.com\/si\/wp-json\/wp\/v2\/types\/product"}],"replies":[{"embeddable":true,"href":"https:\/\/www.ferberpainting.com\/si\/wp-json\/wp\/v2\/comments?post=25262"}],"version-history":[{"count":3,"href":"https:\/\/www.ferberpainting.com\/si\/wp-json\/wp\/v2\/product\/25262\/revisions"}],"predecessor-version":[{"id":167142,"href":"https:\/\/www.ferberpainting.com\/si\/wp-json\/wp\/v2\/product\/25262\/revisions\/167142"}],"wp:featuredmedia":[{"embeddable":true,"href":"https:\/\/www.ferberpainting.com\/si\/wp-json\/wp\/v2\/media\/35996"}],"wp:attachment":[{"href":"https:\/\/www.ferberpainting.com\/si\/wp-json\/wp\/v2\/media?parent=25262"}],"wp:term":[{"taxonomy":"product_brand","embeddable":true,"href":"https:\/\/www.ferberpainting.com\/si\/wp-json\/wp\/v2\/product_brand?post=25262"},{"taxonomy":"product_cat","embeddable":true,"href":"https:\/\/www.ferberpainting.com\/si\/wp-json\/wp\/v2\/product_cat?post=25262"},{"taxonomy":"product_tag","embeddable":true,"href":"https:\/\/www.ferberpainting.com\/si\/wp-json\/wp\/v2\/product_tag?post=25262"}],"curies":[{"name":"wp","href":"https:\/\/api.w.org\/{rel}","templated":true}]}}