{"id":24809,"date":"2025-06-30T22:24:59","date_gmt":"2025-06-30T20:24:59","guid":{"rendered":"https:\/\/www.ferberpainting.com\/?post_type=product&#038;p=24809"},"modified":"2026-02-16T07:47:29","modified_gmt":"2026-02-16T06:47:29","slug":"pvc-door-and-window-cleaner","status":"publish","type":"product","link":"https:\/\/www.ferberpainting.com\/si\/products\/pvc-door-and-window-cleaner\/","title":{"rendered":"\u010cistilo za vrata in okna iz PVC"},"content":{"rendered":"<p><strong><img decoding=\"async\" style=\"margin-right: 12px;\" src=\"https:\/\/www.ferberpainting.com\/wp-content\/uploads\/2026\/02\/Check.svg\" alt=\"\" width=\"18\" height=\"15\" \/>Optimalna u\u010dinkovitost.<\/strong>\u00a0To \u010distilo za PVC, vrata in okna je posebej oblikovano za u\u010dinkovito odstranjevanje umazanije, sledi onesna\u017eenja, ostankov prahu, oblog vodnega kamna in mastnih made\u017eev, ki se s\u010dasoma naberejo. Zaradi svoje mo\u010dne formule prodre globoko, ne da bi po\u0161kodoval povr\u0161ino PVC, ter tako zagotavlja popolno \u010di\u0161\u010denje in ble\u0161\u010de\u010d zaklju\u010dek. PVC-ju povrne prvotno belino in odpravi porumenelost zaradi izpostavljenosti UV-\u017earkom in vremenskih vplivov ter tako zagotovi dolgotrajno \u010disto\u010do in urejen videz.<\/p>\n<p><strong><img decoding=\"async\" style=\"margin-right: 12px;\" src=\"https:\/\/www.ferberpainting.com\/wp-content\/uploads\/2026\/02\/Check.svg\" alt=\"\" width=\"18\" height=\"15\" \/>Jamstvo vra\u010dila denarja.<\/strong>\u00a0Popolnoma verjamemo v u\u010dinkovitost na\u0161ega \u010distila. \u010ce po uporabi niste popolnoma zadovoljni z rezultati, ste upravi\u010deni do popolnega vra\u010dila denarja. Brez tveganja preizkusite na\u0161 izdelek in z lahkoto povrnite svojim vratom in oknom iz PVC prvotni sijaj in svetlost.<\/p>\n<p><strong><img decoding=\"async\" style=\"margin-right: 12px;\" src=\"https:\/\/www.ferberpainting.com\/wp-content\/uploads\/2026\/02\/Check.svg\" alt=\"\" width=\"18\" height=\"15\" \/>Izjemna vsestranskost.<\/strong>\u00a0To \u010distilo ni omejeno na PVC mizarstvo! Idealno je tudi za \u010di\u0161\u010denje rolet, okenskih okvirjev, vrat, PVC-ograj, \u017elebov in celo vrtnega pohi\u0161tva iz plastike. U\u010dinkovito je tudi na aluminiju, lakiranem aluminiju, smoli in steklenih povr\u0161inah, kar zagotavlja optimalno \u010di\u0161\u010denje vseh elementov zunanjega in notranjega stavbnega pohi\u0161tva. Njegovo vsestransko delovanje zagotavlja popolno vzdr\u017eevanje va\u0161ega doma, ne da bi za to potrebovali ve\u010d posebnih izdelkov.<\/p>\n<p><strong><img decoding=\"async\" style=\"margin-right: 12px;\" src=\"https:\/\/www.ferberpainting.com\/wp-content\/uploads\/2026\/02\/Check.svg\" alt=\"\" width=\"18\" height=\"15\" \/>Stro\u0161kovno u\u010dinkovita zmogljivost.<\/strong>\u00a0Zaradi 5-litrske posode in visoke koncentracije je ta \u010distilec cenovno zelo ugoden. Majhna koli\u010dina zadostuje za u\u010dinkovito \u010di\u0161\u010denje velike povr\u0161ine brez odpadkov. V povpre\u010dju lahko z enim litrom izdelka o\u010distite do 100 m\u00b2 PVC ali podobnih povr\u0161in, kar zagotavlja ekonomi\u010dno re\u0161itev za doma\u010do ali profesionalno uporabo.<\/p>\n<p><strong><img decoding=\"async\" style=\"margin-right: 12px;\" src=\"https:\/\/www.ferberpainting.com\/wp-content\/uploads\/2026\/02\/Check.svg\" alt=\"\" width=\"18\" height=\"15\" \/>Varna uporaba.<\/strong>\u00a0Za razliko od izdelkov, ki vsebujejo abrazivna sredstva ali ostra topila, ki lahko po\u0161kodujejo strukture PVC, je to \u010distilo zasnovano brez jedkih ali strupenih snovi. Ne povzro\u010da poble\u0161\u010danja, ne po\u0161koduje povr\u0161in in je prijazno do ob\u010dutljivih materialov. Ne oddaja \u0161kodljivih hlapov, kar zagotavlja varno \u010di\u0161\u010denje tudi v zaprtih prostorih. Varno je za otroke in hi\u0161ne ljubljen\u010dke, kar zagotavlja mirno vsakodnevno uporabo.<\/p>\n<p><strong><img decoding=\"async\" style=\"margin-right: 12px;\" src=\"https:\/\/www.ferberpainting.com\/wp-content\/uploads\/2026\/02\/Check.svg\" alt=\"\" width=\"18\" height=\"15\" \/>Enostavnost uporabe.<\/strong>\u00a0Ta izdelek je pripravljen za uporabo in ne zahteva red\u010denja ali zapletenega ravnanja. S krpo, gobo ali razpr\u0161ilom ga nanesite neposredno na povr\u0161ino. Njegovo hitro delovanje odstrani ne\u010disto\u010de v nekaj sekundah, brez potrebe po intenzivnem izpiranju ali pretiranem drgnjenju. Povr\u0161ina ostane \u010dista in sijo\u010da, brez prog in lepljivih ostankov.<\/p>\n<p><strong><img decoding=\"async\" style=\"margin-right: 12px;\" src=\"https:\/\/www.ferberpainting.com\/wp-content\/uploads\/2026\/02\/Check.svg\" alt=\"\" width=\"18\" height=\"15\" \/>Podalj\u0161ana vzdr\u017eljivost.<\/strong>\u00a0Z rednim odstranjevanjem umazanije in atmosferskih usedlin to \u010distilo pomaga podalj\u0161ati \u017eivljenjsko dobo povr\u0161in iz PVC in ohraniti njihov prvotni sijaj. \u0160\u010diti pred prezgodnjo umazanijo in upo\u010dasnjuje pojav rumenenja ter zagotavlja dolgotrajno nego in brezhiben zaklju\u010dek. Redno \u010di\u0161\u010denje s tem izdelkom pomaga ohranjati videz oken in vrat ter prepre\u010duje vremensko pogojene po\u0161kodbe.<\/p>\n<p><strong><img decoding=\"async\" style=\"margin-right: 12px;\" src=\"https:\/\/www.ferberpainting.com\/wp-content\/uploads\/2026\/02\/Check.svg\" alt=\"\" width=\"18\" height=\"15\" \/>Hitro ukrepanje.<\/strong>\u00a0Zahvaljujo\u010d zelo aktivni formuli to \u010distilo nemudoma deluje na made\u017ee in vtisnjeno umazanijo. V le nekaj sekundah raztopi ne\u010disto\u010de in jih zlahka obri\u0161e, ne da bi za to potreboval veliko truda. Omogo\u010da hitro in brezskrbno vzdr\u017eevanje, idealno za hitro \u010di\u0161\u010denje PVC-vrat in oken.<\/p>\n<h2><strong>Protokol uporabe<\/strong><\/h2>\n<ul>\n<li><strong>Priprava <\/strong>: Prepri\u010dajte se, da je povr\u0161ina, ki jo \u017eelite o\u010distiti, suha in brez ve\u010djih ostankov prahu ali listja, tako da jo hitro obri\u0161ete s suho krpo ali mehko krta\u010do.<\/li>\n<li><strong>Ro\u010dna uporaba <\/strong>: Na \u010disto gobo, krpo iz mikrovlaken ali mehko krta\u010do nalijte majhno koli\u010dino \u010distila in jo s kro\u017enimi gibi enakomerno nanesite na povr\u0161ino, da se izdelek vpije.<\/li>\n<li><strong>Uporaba velike povr\u0161ine <\/strong>: Za \u010di\u0161\u010denje ve\u010djih povr\u0161in uporabite steklenico z razpr\u0161ilnikom, da izdelek enakomerno porazdelite. Pustite nekaj minut, da \u010distilo raztopi umazanijo.<\/li>\n<li><strong>Zdravljenje trdovratnih made\u017eev <\/strong>: Za sledove onesna\u017eenja ali usedline pustite izdelek delovati od 5 do 10 minut, nato pa ga ne\u017eno zdrgnite z neabrazivno gobo ali krta\u010do z mehkimi \u0161\u010detinami.<\/li>\n<li><strong>Izpiranje in brisanje <\/strong>: Obri\u0161ite s \u010disto, vla\u017eno krpo, da odstranite raztopljene ne\u010disto\u010de in dose\u017eete brezhiben videz. Za zelo umazane povr\u0161ine sperite s \u010disto vodo, preden jih osu\u0161ite s krpo iz mikrovlaken.<\/li>\n<li><strong>Su\u0161enje in dodelava <\/strong>: Pustite, da se posu\u0161i na zraku, ali pa ga obri\u0161ite s suho krpo, da odstranite preostalo vlago in zagotovite popoln sijaj.<\/li>\n<li><strong>Pogostost uporabe <\/strong>: Za redno vzdr\u017eevanje in prepre\u010devanje nabiranja umazanije in onesna\u017eenosti jo nanesite enkrat ali dvakrat na mesec. Za zunanje mizarske izdelke, ki so izpostavljeni te\u017ekim vremenskim razmeram, je priporo\u010dljivo pogostej\u0161e \u010di\u0161\u010denje.<\/li>\n<li><strong>Shranjevanje <\/strong>: Po vsaki uporabi tesno zaprite posodo in jo hranite v hladnem in suhem prostoru, stran od svetlobe in ekstremnih temperatur, da se ohrani u\u010dinkovitost izdelka v dalj\u0161em \u010dasovnem obdobju.<\/li>\n<\/ul>\n<p>Z na\u0161im \u010distilom za PVC, vrata in okna zagotovite u\u010dinkovito \u010di\u0161\u010denje brez napora, hkrati pa ohranite sijaj in dolgo \u017eivljenjsko dobo svojih povr\u0161in. Idealna re\u0161itev, da bo va\u0161 dom vedno \u010dist in dobro vzdr\u017eevan.<\/p>","protected":false},"excerpt":{"rendered":"<p>Optimal Efficiency.\u00a0This cleaner for PVC, doors, and windows is specially formulated to effectively remove dirt, pollution marks, dust residues, limescale deposits, and grease stains that accumulate over time. Thanks to its powerful formula, it penetrates deeply without damaging the PVC surface, ensuring perfect cleaning and a brilliant finish. It restores the original whiteness of PVC [&hellip;]<\/p>\n","protected":false},"featured_media":36021,"comment_status":"open","ping_status":"closed","template":"","meta":{"_uag_custom_page_level_css":"","site-sidebar-layout":"default","site-content-layout":"","ast-site-content-layout":"default","site-content-style":"default","site-sidebar-style":"default","ast-global-header-display":"","ast-banner-title-visibility":"","ast-main-header-display":"","ast-hfb-above-header-display":"","ast-hfb-below-header-display":"","ast-hfb-mobile-header-display":"","site-post-title":"","ast-breadcrumbs-content":"","ast-featured-img":"","footer-sml-layout":"","ast-disable-related-posts":"","theme-transparent-header-meta":"default","adv-header-id-meta":"","stick-header-meta":"","header-above-stick-meta":"","header-main-stick-meta":"","header-below-stick-meta":"","astra-migrate-meta-layouts":"set","ast-page-background-enabled":"default","ast-page-background-meta":{"desktop":{"background-color":"var(--ast-global-color-4)","background-image":"","background-repeat":"repeat","background-position":"center center","background-size":"auto","background-attachment":"scroll","background-type":"","background-media":"","overlay-type":"","overlay-color":"","overlay-opacity":"","overlay-gradient":""},"tablet":{"background-color":"","background-image":"","background-repeat":"repeat","background-position":"center center","background-size":"auto","background-attachment":"scroll","background-type":"","background-media":"","overlay-type":"","overlay-color":"","overlay-opacity":"","overlay-gradient":""},"mobile":{"background-color":"","background-image":"","background-repeat":"repeat","background-position":"center center","background-size":"auto","background-attachment":"scroll","background-type":"","background-media":"","overlay-type":"","overlay-color":"","overlay-opacity":"","overlay-gradient":""}},"ast-content-background-meta":{"desktop":{"background-color":"var(--ast-global-color-5)","background-image":"","background-repeat":"repeat","background-position":"center center","background-size":"auto","background-attachment":"scroll","background-type":"","background-media":"","overlay-type":"","overlay-color":"","overlay-opacity":"","overlay-gradient":""},"tablet":{"background-color":"var(--ast-global-color-5)","background-image":"","background-repeat":"repeat","background-position":"center center","background-size":"auto","background-attachment":"scroll","background-type":"","background-media":"","overlay-type":"","overlay-color":"","overlay-opacity":"","overlay-gradient":""},"mobile":{"background-color":"var(--ast-global-color-5)","background-image":"","background-repeat":"repeat","background-position":"center center","background-size":"auto","background-attachment":"scroll","background-type":"","background-media":"","overlay-type":"","overlay-color":"","overlay-opacity":"","overlay-gradient":""}}},"product_brand":[],"product_cat":[175],"product_tag":[],"class_list":{"0":"post-24809","1":"product","2":"type-product","3":"status-publish","4":"has-post-thumbnail","6":"product_cat-cleaning-products","7":"desktop-align-left","8":"tablet-align-left","9":"mobile-align-left","11":"first","12":"instock","13":"sale","14":"taxable","15":"shipping-taxable","16":"purchasable","17":"product-type-variable","18":"has-default-attributes"},"spectra_custom_meta":{"_visibility":["visible"],"_shopify_product_id":["9106224414965"],"_s2w_shopify_domain":["ferberpainting.myshopify.com"],"_shopify_variant_id":["46625719812341"],"_sku":[""],"_manage_stock":["no"],"total_sales":["23"],"_tax_status":["taxable"],"_tax_class":[""],"_backorders":["no"],"_sold_individually":["no"],"_virtual":["no"],"_downloadable":["no"],"_download_limit":["-1"],"_download_expiry":["-1"],"_stock":[null],"_stock_status":["instock"],"_wc_average_rating":["5.00"],"_wc_review_count":["39"],"_product_attributes":["a:1:{s:6:\"volume\";a:6:{s:4:\"name\";s:6:\"Volume\";s:5:\"value\";s:20:\"5 liters | 25 liters\";s:8:\"position\";i:1;s:10:\"is_visible\";i:0;s:12:\"is_variation\";i:1;s:11:\"is_taxonomy\";i:0;}}"],"_product_version":["10.5.1"],"wpse_downloadable_file_names":[""],"wpse_downloadable_file_urls":[""],"_edit_last":["1"],"_default_attributes":["a:1:{s:6:\"volume\";s:8:\"5 liters\";}"],"_edit_lock":["1771224316:1"],"_price":["29.90","129.90"],"merchant-center-availability":["yes"],"merchant-center-category":["4976"],"_thumbnail_id":["36021"],"_wp_page_template":["default"],"_wp_old_date":["2025-05-26"],"_product_image_gallery":["36022"],"site-sidebar-layout":["default"],"ast-site-content-layout":["default"],"site-content-style":["default"],"site-sidebar-style":["default"],"theme-transparent-header-meta":["default"],"_wc_rating_count":["a:1:{i:5;i:39;}"],"astra-migrate-meta-layouts":["set"],"_uag_css_file_name":["uag-css-24809.css"],"_elementor_page_assets":["a:0:{}"],"_uag_page_assets":["a:9:{s:3:\"css\";s:7133:\".uag-blocks-common-selector{z-index:var(--z-index-desktop) !important}@media(max-width: 976px){.uag-blocks-common-selector{z-index:var(--z-index-tablet) !important}}@media(max-width: 767px){.uag-blocks-common-selector{z-index:var(--z-index-mobile) !important}}.wp-block-uagb-image{display:flex}.wp-block-uagb-image__figure{position:relative;display:flex;flex-direction:column;max-width:100%;height:auto;margin:0}.wp-block-uagb-image__figure img{height:auto;display:flex;max-width:100%;transition:box-shadow .2s ease}.wp-block-uagb-image__figure>a{display:inline-block}.wp-block-uagb-image__figure figcaption{text-align:center;margin-top:.5em;margin-bottom:1em}.wp-block-uagb-image .components-placeholder.block-editor-media-placeholder .components-placeholder__instructions{align-self:center}.wp-block-uagb-image--align-left{text-align:left}.wp-block-uagb-image--align-right{text-align:right}.wp-block-uagb-image--align-center{text-align:center}.wp-block-uagb-image--align-full .wp-block-uagb-image__figure{margin-left:calc(50% - 50vw);margin-right:calc(50% - 50vw);max-width:100vw;width:100vw;height:auto}.wp-block-uagb-image--align-full .wp-block-uagb-image__figure img{height:auto;width:100% !important}.wp-block-uagb-image--align-wide .wp-block-uagb-image__figure img{height:auto;width:100%}.wp-block-uagb-image--layout-overlay__color-wrapper{position:absolute;left:0;top:0;right:0;bottom:0;opacity:.2;background:rgba(0,0,0,.5);transition:opacity .35s ease-in-out}.wp-block-uagb-image--layout-overlay-link{position:absolute;left:0;right:0;bottom:0;top:0}.wp-block-uagb-image--layout-overlay .wp-block-uagb-image__figure:hover .wp-block-uagb-image--layout-overlay__color-wrapper{opacity:1}.wp-block-uagb-image--layout-overlay__inner{position:absolute;left:15px;right:15px;bottom:15px;top:15px;display:flex;align-items:center;justify-content:center;flex-direction:column;border-color:#fff;transition:.35s ease-in-out}.wp-block-uagb-image--layout-overlay__inner.top-left,.wp-block-uagb-image--layout-overlay__inner.top-center,.wp-block-uagb-image--layout-overlay__inner.top-right{justify-content:flex-start}.wp-block-uagb-image--layout-overlay__inner.bottom-left,.wp-block-uagb-image--layout-overlay__inner.bottom-center,.wp-block-uagb-image--layout-overlay__inner.bottom-right{justify-content:flex-end}.wp-block-uagb-image--layout-overlay__inner.top-left,.wp-block-uagb-image--layout-overlay__inner.center-left,.wp-block-uagb-image--layout-overlay__inner.bottom-left{align-items:flex-start}.wp-block-uagb-image--layout-overlay__inner.top-right,.wp-block-uagb-image--layout-overlay__inner.center-right,.wp-block-uagb-image--layout-overlay__inner.bottom-right{align-items:flex-end}.wp-block-uagb-image--layout-overlay__inner .uagb-image-heading{color:#fff;transition:transform .35s,opacity .35s ease-in-out;transform:translate3d(0, 24px, 0);margin:0;line-height:1em}.wp-block-uagb-image--layout-overlay__inner .uagb-image-separator{width:30%;border-top-width:2px;border-top-color:#fff;border-top-style:solid;margin-bottom:10px;opacity:0;transition:transform .4s,opacity .4s ease-in-out;transform:translate3d(0, 30px, 0)}.wp-block-uagb-image--layout-overlay__inner .uagb-image-caption{opacity:0;overflow:visible;color:#fff;transition:transform .45s,opacity .45s ease-in-out;transform:translate3d(0, 35px, 0)}.wp-block-uagb-image--layout-overlay__inner:hover .uagb-image-heading,.wp-block-uagb-image--layout-overlay__inner:hover .uagb-image-separator,.wp-block-uagb-image--layout-overlay__inner:hover .uagb-image-caption{opacity:1;transform:translate3d(0, 0, 0)}.wp-block-uagb-image--effect-zoomin .wp-block-uagb-image__figure img,.wp-block-uagb-image--effect-zoomin .wp-block-uagb-image__figure .wp-block-uagb-image--layout-overlay__color-wrapper{transform:scale(1);transition:transform .35s ease-in-out}.wp-block-uagb-image--effect-zoomin .wp-block-uagb-image__figure:hover img,.wp-block-uagb-image--effect-zoomin .wp-block-uagb-image__figure:hover .wp-block-uagb-image--layout-overlay__color-wrapper{transform:scale(1.05)}.wp-block-uagb-image--effect-slide .wp-block-uagb-image__figure img,.wp-block-uagb-image--effect-slide .wp-block-uagb-image__figure .wp-block-uagb-image--layout-overlay__color-wrapper{width:calc(100% + 40px) !important;max-width:none !important;transform:translate3d(-40px, 0, 0);transition:transform .35s ease-in-out}.wp-block-uagb-image--effect-slide .wp-block-uagb-image__figure:hover img,.wp-block-uagb-image--effect-slide .wp-block-uagb-image__figure:hover .wp-block-uagb-image--layout-overlay__color-wrapper{transform:translate3d(0, 0, 0)}.wp-block-uagb-image--effect-grayscale img{filter:grayscale(0%);transition:.35s ease-in-out}.wp-block-uagb-image--effect-grayscale:hover img{filter:grayscale(100%)}.wp-block-uagb-image--effect-blur img{filter:blur(0);transition:.35s ease-in-out}.wp-block-uagb-image--effect-blur:hover img{filter:blur(3px)}.uagb-block-e6f939b3.wp-block-uagb-image--layout-default figure img{box-shadow: 0px 0px 0 #00000070;}.uagb-block-e6f939b3.wp-block-uagb-image .wp-block-uagb-image__figure figcaption{font-style: normal;align-self: center;}.uagb-block-e6f939b3.wp-block-uagb-image--layout-overlay figure img{box-shadow: 0px 0px 0 #00000070;}.uagb-block-e6f939b3.wp-block-uagb-image--layout-overlay .wp-block-uagb-image--layout-overlay__color-wrapper{opacity: 0.2;}.uagb-block-e6f939b3.wp-block-uagb-image--layout-overlay .wp-block-uagb-image--layout-overlay__inner{left: 15px;right: 15px;top: 15px;bottom: 15px;}.uagb-block-e6f939b3.wp-block-uagb-image--layout-overlay .wp-block-uagb-image--layout-overlay__inner .uagb-image-heading{font-style: normal;color: #fff;opacity: 1;}.uagb-block-e6f939b3.wp-block-uagb-image--layout-overlay .wp-block-uagb-image--layout-overlay__inner .uagb-image-heading a{color: #fff;}.uagb-block-e6f939b3.wp-block-uagb-image--layout-overlay .wp-block-uagb-image--layout-overlay__inner .uagb-image-caption{opacity: 0;}.uagb-block-e6f939b3.wp-block-uagb-image--layout-overlay .wp-block-uagb-image__figure:hover .wp-block-uagb-image--layout-overlay__color-wrapper{opacity: 1;}.uagb-block-e6f939b3.wp-block-uagb-image .wp-block-uagb-image--layout-overlay__inner .uagb-image-separator{width: 30%;border-top-width: 2px;border-top-color: #fff;opacity: 0;}.uagb-block-e6f939b3.wp-block-uagb-image .wp-block-uagb-image__figure img{width: px;height: auto;}.uagb-block-e6f939b3.wp-block-uagb-image .wp-block-uagb-image__figure:hover .wp-block-uagb-image--layout-overlay__inner .uagb-image-caption{opacity: 1;}.uagb-block-e6f939b3.wp-block-uagb-image .wp-block-uagb-image__figure:hover .wp-block-uagb-image--layout-overlay__inner .uagb-image-separator{opacity: 1;}.uagb-block-e6f939b3.wp-block-uagb-image--layout-default figure:hover img{box-shadow: 0px 0px 0 #00000070;}.uagb-block-e6f939b3.wp-block-uagb-image--layout-overlay figure:hover img{box-shadow: 0px 0px 0 #00000070;}@media only screen and (max-width: 976px) {.uagb-block-e6f939b3.wp-block-uagb-image .wp-block-uagb-image__figure img{width: px;height: auto;}}@media only screen and (max-width: 767px) {.uagb-block-e6f939b3.wp-block-uagb-image .wp-block-uagb-image__figure img{width: px;height: auto;}}\";s:2:\"js\";s:0:\"\";s:18:\"current_block_list\";a:13:{i:0;s:11:\"core\/search\";i:1;s:10:\"core\/group\";i:2;s:12:\"core\/heading\";i:3;s:17:\"core\/latest-posts\";i:4;s:20:\"core\/latest-comments\";i:5;s:13:\"core\/archives\";i:6;s:15:\"core\/categories\";i:7;s:14:\"core\/paragraph\";i:8;s:10:\"uagb\/image\";i:9;s:11:\"core\/spacer\";i:10;s:30:\"woocommerce\/product-categories\";i:11;s:10:\"core\/image\";i:12;s:14:\"core\/shortcode\";}s:8:\"uag_flag\";b:1;s:11:\"uag_version\";s:10:\"1777228504\";s:6:\"gfonts\";a:0:{}s:10:\"gfonts_url\";s:0:\"\";s:12:\"gfonts_files\";a:0:{}s:14:\"uag_faq_layout\";b:0;}"]},"uagb_featured_image_src":{"full":["https:\/\/www.ferberpainting.com\/wp-content\/uploads\/2025\/05\/PVC-Door-and-Window-Cleaner-5L.png",2560,2560,false],"thumbnail":["https:\/\/www.ferberpainting.com\/wp-content\/uploads\/2025\/05\/PVC-Door-and-Window-Cleaner-5L-150x150.png",150,150,true],"medium":["https:\/\/www.ferberpainting.com\/wp-content\/uploads\/2025\/05\/PVC-Door-and-Window-Cleaner-5L-300x300.png",300,300,true],"medium_large":["https:\/\/www.ferberpainting.com\/wp-content\/uploads\/2025\/05\/PVC-Door-and-Window-Cleaner-5L-768x768.png",768,768,true],"large":["https:\/\/www.ferberpainting.com\/wp-content\/uploads\/2025\/05\/PVC-Door-and-Window-Cleaner-5L-1024x1024.png",1024,1024,true],"1536x1536":["https:\/\/www.ferberpainting.com\/wp-content\/uploads\/2025\/05\/PVC-Door-and-Window-Cleaner-5L-1536x1536.png",1536,1536,true],"2048x2048":["https:\/\/www.ferberpainting.com\/wp-content\/uploads\/2025\/05\/PVC-Door-and-Window-Cleaner-5L-2048x2048.png",2048,2048,true],"trp-custom-language-flag":["https:\/\/www.ferberpainting.com\/wp-content\/uploads\/2025\/05\/PVC-Door-and-Window-Cleaner-5L-12x12.png",12,12,true],"woocommerce_thumbnail":["https:\/\/www.ferberpainting.com\/wp-content\/uploads\/2025\/05\/PVC-Door-and-Window-Cleaner-5L-300x300.png",300,300,true],"woocommerce_single":["https:\/\/www.ferberpainting.com\/wp-content\/uploads\/2025\/05\/PVC-Door-and-Window-Cleaner-5L-600x600.png",600,600,true],"woocommerce_gallery_thumbnail":["https:\/\/www.ferberpainting.com\/wp-content\/uploads\/2025\/05\/PVC-Door-and-Window-Cleaner-5L-100x100.png",100,100,true]},"uagb_author_info":{"display_name":"admin","author_link":"https:\/\/www.ferberpainting.com\/si\/author\/"},"uagb_comment_info":39,"uagb_excerpt":"Optimal Efficiency.\u00a0This cleaner for PVC, doors, and windows is specially formulated to effectively remove dirt, pollution marks, dust residues, limescale deposits, and grease stains that accumulate over time. Thanks to its powerful formula, it penetrates deeply without damaging the PVC surface, ensuring perfect cleaning and a brilliant finish. It restores the original whiteness of PVC&hellip;","_links":{"self":[{"href":"https:\/\/www.ferberpainting.com\/si\/wp-json\/wp\/v2\/product\/24809","targetHints":{"allow":["GET"]}}],"collection":[{"href":"https:\/\/www.ferberpainting.com\/si\/wp-json\/wp\/v2\/product"}],"about":[{"href":"https:\/\/www.ferberpainting.com\/si\/wp-json\/wp\/v2\/types\/product"}],"replies":[{"embeddable":true,"href":"https:\/\/www.ferberpainting.com\/si\/wp-json\/wp\/v2\/comments?post=24809"}],"version-history":[{"count":3,"href":"https:\/\/www.ferberpainting.com\/si\/wp-json\/wp\/v2\/product\/24809\/revisions"}],"predecessor-version":[{"id":167012,"href":"https:\/\/www.ferberpainting.com\/si\/wp-json\/wp\/v2\/product\/24809\/revisions\/167012"}],"wp:featuredmedia":[{"embeddable":true,"href":"https:\/\/www.ferberpainting.com\/si\/wp-json\/wp\/v2\/media\/36021"}],"wp:attachment":[{"href":"https:\/\/www.ferberpainting.com\/si\/wp-json\/wp\/v2\/media?parent=24809"}],"wp:term":[{"taxonomy":"product_brand","embeddable":true,"href":"https:\/\/www.ferberpainting.com\/si\/wp-json\/wp\/v2\/product_brand?post=24809"},{"taxonomy":"product_cat","embeddable":true,"href":"https:\/\/www.ferberpainting.com\/si\/wp-json\/wp\/v2\/product_cat?post=24809"},{"taxonomy":"product_tag","embeddable":true,"href":"https:\/\/www.ferberpainting.com\/si\/wp-json\/wp\/v2\/product_tag?post=24809"}],"curies":[{"name":"wp","href":"https:\/\/api.w.org\/{rel}","templated":true}]}}