{"id":24790,"date":"2025-05-26T10:27:15","date_gmt":"2025-05-26T08:27:15","guid":{"rendered":"https:\/\/www.ferberpainting.com\/products\/pool-leak-stopper\/"},"modified":"2026-02-16T07:28:44","modified_gmt":"2026-02-16T06:28:44","slug":"pool-leak-stopper","status":"publish","type":"product","link":"https:\/\/www.ferberpainting.com\/si\/products\/pool-leak-stopper\/","title":{"rendered":"Popravljalec pu\u0161\u010danja bazena"},"content":{"rendered":"<p><strong><img decoding=\"async\" style=\"margin-right: 12px;\" src=\"https:\/\/www.ferberpainting.com\/wp-content\/uploads\/2026\/02\/Check.svg\" alt=\"\" width=\"18\" height=\"15\" \/>Hitro in u\u010dinkovito zatesni pu\u0161\u010danje bazena od znotraj.<\/strong> Na\u0161 zama\u0161ek za zaustavljanje pu\u0161\u010danja v bazenih je posebej oblikovan za odkrivanje in zapiranje majhnih pu\u0161\u010danj in mikrorazpok v bazenih brez potrebe po praznjenju ali invazivnih popravilih. Deluje neposredno v vodi, kro\u017ei po bazenskem sistemu in samodejno zatesni mesta pu\u0161\u010danja.<\/p>\n<p><strong><img decoding=\"async\" style=\"margin-right: 12px;\" src=\"https:\/\/www.ferberpainting.com\/wp-content\/uploads\/2026\/02\/Check.svg\" alt=\"\" width=\"18\" height=\"15\" \/>Naju\u010dinkovitej\u0161a re\u0161itev za tesnjenje bazenov na trgu.<\/strong> Zahvaljujo\u010d napredni tehnologiji tesnjenja se izdelek osredoto\u010da na obmo\u010dja pu\u0161\u010danja, kjer voda uhaja, in tvori trajno notranje tesnilo. Zagotavlja zanesljive in dolgotrajne rezultate v betonskih bazenih, bazenih s plo\u0161\u010dicami, bazenih z oblogami in bazenih iz steklenih vlaken.<\/p>\n<p><strong><img decoding=\"async\" style=\"margin-right: 12px;\" src=\"https:\/\/www.ferberpainting.com\/wp-content\/uploads\/2026\/02\/Check.svg\" alt=\"\" width=\"18\" height=\"15\" \/>Brezkon\u010dna cena.<\/strong> Popravila bazena so lahko zelo draga in dolgotrajna. Na\u0161 zama\u0161ek za pu\u0161\u010danje v bazenu zagotavlja strokovno re\u0161itev po najbolj konkuren\u010dni ceni in vam pomaga izogniti se dragim strukturnim posegom.<\/p>\n<p><strong><img decoding=\"async\" style=\"margin-right: 12px;\" src=\"https:\/\/www.ferberpainting.com\/wp-content\/uploads\/2026\/02\/Check.svg\" alt=\"\" width=\"18\" height=\"15\" \/>Garancija vra\u010dila denarja za popolno zaupanje.<\/strong> Prepri\u010dani smo v u\u010dinkovitost na\u0161ega zama\u0161ka za pu\u0161\u010danje bazena. \u010ce z rezultati ne boste popolnoma zadovoljni, vam ponujamo garancijo za vra\u010dilo denarja. Preprosto se obrnite na nas in vrnili vam bomo kupnino.<\/p>\n<p><strong><img decoding=\"async\" style=\"margin-right: 12px;\" src=\"https:\/\/www.ferberpainting.com\/wp-content\/uploads\/2026\/02\/Check.svg\" alt=\"\" width=\"18\" height=\"15\" \/>Hitra 24-urna dostava za nujne te\u017eave s pu\u0161\u010danjem.<\/strong> Vedno zagotavljamo dostavo 24 ur na dan, da lahko takoj odpravite izgubo vode in prepre\u010dite nadaljnjo strukturno \u0161kodo ali previsoke ra\u010dune za vodo.<\/p>\n<p><strong><img decoding=\"async\" style=\"margin-right: 12px;\" src=\"https:\/\/www.ferberpainting.com\/wp-content\/uploads\/2026\/02\/Check.svg\" alt=\"\" width=\"18\" height=\"15\" \/>Ena stekleni\u010dka o\u010disti do 60 m\u00b3 vode.<\/strong> Ena stekleni\u010dka je zasnovana za u\u010dinkovito \u010di\u0161\u010denje bazenov z do 60 kubi\u010dnimi metri vode. To optimizirano odmerjanje zagotavlja najve\u010djo u\u010dinkovitost brez prevelikega doziranja bazenskega sistema.<\/p>\n<p><strong><img decoding=\"async\" style=\"margin-right: 12px;\" src=\"https:\/\/www.ferberpainting.com\/wp-content\/uploads\/2026\/02\/Check.svg\" alt=\"\" width=\"18\" height=\"15\" \/>Bazena ni treba izprazniti.<\/strong> Izdelek deluje neposredno v obstoje\u010di bazenski vodi, kar prihrani \u010das, delo in stro\u0161ke vode. Ni potrebe po te\u017ekem ru\u0161enju ali odstranjevanju povr\u0161ine.<\/p>\n<p><strong><img decoding=\"async\" style=\"margin-right: 12px;\" src=\"https:\/\/www.ferberpainting.com\/wp-content\/uploads\/2026\/02\/Check.svg\" alt=\"\" width=\"18\" height=\"15\" \/>Zdru\u017eljiv z ve\u010dino bazenskih sistemov.<\/strong> Primerno za betonske bazene, bazene s plo\u0161\u010dicami, obloge, lupine iz steklenih vlaken in zdru\u017eljive sisteme filtriranja. Ob uporabi po navodilih ne po\u0161koduje \u010drpalk, filtrov ali opreme bazena.<\/p>\n<p><strong><img decoding=\"async\" style=\"margin-right: 12px;\" src=\"https:\/\/www.ferberpainting.com\/wp-content\/uploads\/2026\/02\/Check.svg\" alt=\"\" width=\"18\" height=\"15\" \/>Dolgotrajno tesnjenje.<\/strong> Ko je pu\u0161\u010danje zatesnjeno, izdelek ustvari stabilno in trajno pregrado, ki lahko vzdr\u017ei normalen vodni tlak in pogoje delovanja bazena.<\/p>\n<p><strong><img decoding=\"async\" style=\"margin-right: 12px;\" src=\"https:\/\/www.ferberpainting.com\/wp-content\/uploads\/2026\/02\/Check.svg\" alt=\"\" width=\"18\" height=\"15\" \/>Enostavna uporaba za lastnike bazenov in strokovnjake.<\/strong> Zaradi preprostega na\u010dina doziranja je dostopen tako strokovnjakom kot zasebnim lastnikom bazenov, ki i\u0161\u010dejo hitro in u\u010dinkovito re\u0161itev.<\/p>\n<h2><strong>Navodila<\/strong><\/h2>\n<ul>\n<li>Prepri\u010dajte se, da je pu\u0161\u010danje manj\u0161e in primerno za notranje tesnjenje. Izdelek je namenjen manj\u0161im pu\u0161\u010danjem in mikrorazpokam, ne pa ve\u010djim strukturnim po\u0161kodbam.<\/li>\n<li>Pred obdelavo se prepri\u010dajte, da je gladina vode v bazenu na obi\u010dajni delovni vi\u0161ini.<\/li>\n<li>Pred uporabo stekleni\u010dko temeljito pretresite, da se aktivne tesnilne sestavine enakomerno porazdelijo.<\/li>\n<li>Odmerjanje: uporabite eno polno stekleni\u010dko za bazene z do 60 m\u00b3 vode. Za manj\u0161e bazene prilagodite sorazmerno (na primer polovico stekleni\u010dke za 30 m\u00b3).<\/li>\n<li>Pred uporabo izklopite filtrirni sistem.<\/li>\n<li>Sredstvo po\u010dasi vlijte v vodo v bazenu in ga enakomerno razporedite po obodu, zlasti v bli\u017eini domnevnih obmo\u010dij pu\u0161\u010danja.<\/li>\n<li>Pustite, da se izdelek usede za nekaj ur, ne da bi aktivirali sistem za filtriranje. Najbolje je, \u010de vodo pustite stati od 6 do 12 ur, da sredstva za tesnjenje poi\u0161\u010dejo in zatesnijo mesta pu\u0161\u010danja.<\/li>\n<li>Po obdobju po\u010ditka ponovno za\u017eenite filtrirni sistem in omogo\u010dite normalno kro\u017eenje vode.<\/li>\n<li>V naslednjih 24 do 48 urah spremljajte nivo vode, da potrdite stabilizacijo in uspe\u0161no tesnjenje.<\/li>\n<li>\u010ce je potrebno, se lahko pri trdovratnih manj\u0161ih pu\u0161\u010danjih uporabi drugo zdravljenje, pri \u010demer se upo\u0161teva sorazmerno odmerjanje.<\/li>\n<li>Izdelek lahko ostane v bazenski vodi in je zdru\u017eljiv s standardnimi sistemi za \u010di\u0161\u010denje vode, \u010de se uporablja v skladu z navodili.<\/li>\n<li>Tesno zaprto posodo shranjujte na hladnem in suhem mestu, stran od neposredne son\u010dne svetlobe in ekstremnih temperatur.<\/li>\n<li>Hranite zunaj dosega otrok in med ravnanjem prepre\u010dite neposreden stik z o\u010dmi ali ko\u017eo.<\/li>\n<\/ul>","protected":false},"excerpt":{"rendered":"<p>Seals pool leaks quickly and efficiently from the inside. Our pool leak stopper is specially formulated to detect and seal small leaks and micro-cracks in swimming pools without the need for draining or invasive repairs. It works directly in the water, circulating through the pool system and sealing leak points automatically. The most effective pool [&hellip;]<\/p>\n","protected":false},"featured_media":26638,"comment_status":"open","ping_status":"closed","template":"","meta":{"_uag_custom_page_level_css":"","site-sidebar-layout":"default","site-content-layout":"","ast-site-content-layout":"default","site-content-style":"default","site-sidebar-style":"default","ast-global-header-display":"","ast-banner-title-visibility":"","ast-main-header-display":"","ast-hfb-above-header-display":"","ast-hfb-below-header-display":"","ast-hfb-mobile-header-display":"","site-post-title":"","ast-breadcrumbs-content":"","ast-featured-img":"","footer-sml-layout":"","ast-disable-related-posts":"","theme-transparent-header-meta":"default","adv-header-id-meta":"","stick-header-meta":"","header-above-stick-meta":"","header-main-stick-meta":"","header-below-stick-meta":"","astra-migrate-meta-layouts":"set","ast-page-background-enabled":"default","ast-page-background-meta":{"desktop":{"background-color":"var(--ast-global-color-4)","background-image":"","background-repeat":"repeat","background-position":"center center","background-size":"auto","background-attachment":"scroll","background-type":"","background-media":"","overlay-type":"","overlay-color":"","overlay-opacity":"","overlay-gradient":""},"tablet":{"background-color":"","background-image":"","background-repeat":"repeat","background-position":"center center","background-size":"auto","background-attachment":"scroll","background-type":"","background-media":"","overlay-type":"","overlay-color":"","overlay-opacity":"","overlay-gradient":""},"mobile":{"background-color":"","background-image":"","background-repeat":"repeat","background-position":"center center","background-size":"auto","background-attachment":"scroll","background-type":"","background-media":"","overlay-type":"","overlay-color":"","overlay-opacity":"","overlay-gradient":""}},"ast-content-background-meta":{"desktop":{"background-color":"var(--ast-global-color-5)","background-image":"","background-repeat":"repeat","background-position":"center center","background-size":"auto","background-attachment":"scroll","background-type":"","background-media":"","overlay-type":"","overlay-color":"","overlay-opacity":"","overlay-gradient":""},"tablet":{"background-color":"var(--ast-global-color-5)","background-image":"","background-repeat":"repeat","background-position":"center center","background-size":"auto","background-attachment":"scroll","background-type":"","background-media":"","overlay-type":"","overlay-color":"","overlay-opacity":"","overlay-gradient":""},"mobile":{"background-color":"var(--ast-global-color-5)","background-image":"","background-repeat":"repeat","background-position":"center center","background-size":"auto","background-attachment":"scroll","background-type":"","background-media":"","overlay-type":"","overlay-color":"","overlay-opacity":"","overlay-gradient":""}}},"product_brand":[],"product_cat":[181],"product_tag":[],"class_list":{"0":"post-24790","1":"product","2":"type-product","3":"status-publish","4":"has-post-thumbnail","6":"product_cat-leak-stopper","7":"desktop-align-left","8":"tablet-align-left","9":"mobile-align-left","11":"first","12":"instock","13":"shipping-taxable","14":"purchasable","15":"product-type-simple"},"spectra_custom_meta":{"_visibility":["visible"],"_shopify_product_id":["7955511705845"],"_s2w_shopify_domain":["ferberpainting.myshopify.com"],"_shopify_variant_id":["43515608563957"],"_sku":["FPPOOLLEAKSTOPPER"],"_regular_price":["29.90"],"_price":["29.90"],"_sale_price":[""],"_weight":["0.45"],"_thumbnail_id":["26638"],"_global_unique_id":["5056773807235"],"total_sales":["185"],"_tax_status":["taxable"],"_tax_class":[""],"_manage_stock":["no"],"_backorders":["no"],"_sold_individually":["no"],"_virtual":["no"],"_downloadable":["no"],"_download_limit":["-1"],"_download_expiry":["-1"],"_stock":[null],"_stock_status":["instock"],"_wc_average_rating":["4.80"],"_wc_review_count":["49"],"_product_version":["10.5.1"],"merchant-center-availability":["yes"],"merchant-center-category":["3017"],"merchant-center-id":["POOLLS"],"wpse_downloadable_file_names":[""],"wpse_downloadable_file_urls":[""],"_edit_last":["1"],"_wc_rating_count":["a:3:{i:3;i:2;i:4;i:6;i:5;i:41;}"],"_edit_lock":["1775805781:7133"],"_wp_page_template":["default"],"site-sidebar-layout":["default"],"ast-site-content-layout":["default"],"site-content-style":["default"],"site-sidebar-style":["default"],"theme-transparent-header-meta":["default"],"astra-migrate-meta-layouts":["set"],"_uag_css_file_name":["uag-css-24790.css"],"_elementor_page_assets":["a:0:{}"],"_uag_page_assets":["a:9:{s:3:\"css\";s:7133:\".uag-blocks-common-selector{z-index:var(--z-index-desktop) !important}@media(max-width: 976px){.uag-blocks-common-selector{z-index:var(--z-index-tablet) !important}}@media(max-width: 767px){.uag-blocks-common-selector{z-index:var(--z-index-mobile) !important}}.wp-block-uagb-image{display:flex}.wp-block-uagb-image__figure{position:relative;display:flex;flex-direction:column;max-width:100%;height:auto;margin:0}.wp-block-uagb-image__figure img{height:auto;display:flex;max-width:100%;transition:box-shadow .2s ease}.wp-block-uagb-image__figure>a{display:inline-block}.wp-block-uagb-image__figure figcaption{text-align:center;margin-top:.5em;margin-bottom:1em}.wp-block-uagb-image .components-placeholder.block-editor-media-placeholder .components-placeholder__instructions{align-self:center}.wp-block-uagb-image--align-left{text-align:left}.wp-block-uagb-image--align-right{text-align:right}.wp-block-uagb-image--align-center{text-align:center}.wp-block-uagb-image--align-full .wp-block-uagb-image__figure{margin-left:calc(50% - 50vw);margin-right:calc(50% - 50vw);max-width:100vw;width:100vw;height:auto}.wp-block-uagb-image--align-full .wp-block-uagb-image__figure img{height:auto;width:100% !important}.wp-block-uagb-image--align-wide .wp-block-uagb-image__figure img{height:auto;width:100%}.wp-block-uagb-image--layout-overlay__color-wrapper{position:absolute;left:0;top:0;right:0;bottom:0;opacity:.2;background:rgba(0,0,0,.5);transition:opacity .35s ease-in-out}.wp-block-uagb-image--layout-overlay-link{position:absolute;left:0;right:0;bottom:0;top:0}.wp-block-uagb-image--layout-overlay .wp-block-uagb-image__figure:hover .wp-block-uagb-image--layout-overlay__color-wrapper{opacity:1}.wp-block-uagb-image--layout-overlay__inner{position:absolute;left:15px;right:15px;bottom:15px;top:15px;display:flex;align-items:center;justify-content:center;flex-direction:column;border-color:#fff;transition:.35s ease-in-out}.wp-block-uagb-image--layout-overlay__inner.top-left,.wp-block-uagb-image--layout-overlay__inner.top-center,.wp-block-uagb-image--layout-overlay__inner.top-right{justify-content:flex-start}.wp-block-uagb-image--layout-overlay__inner.bottom-left,.wp-block-uagb-image--layout-overlay__inner.bottom-center,.wp-block-uagb-image--layout-overlay__inner.bottom-right{justify-content:flex-end}.wp-block-uagb-image--layout-overlay__inner.top-left,.wp-block-uagb-image--layout-overlay__inner.center-left,.wp-block-uagb-image--layout-overlay__inner.bottom-left{align-items:flex-start}.wp-block-uagb-image--layout-overlay__inner.top-right,.wp-block-uagb-image--layout-overlay__inner.center-right,.wp-block-uagb-image--layout-overlay__inner.bottom-right{align-items:flex-end}.wp-block-uagb-image--layout-overlay__inner .uagb-image-heading{color:#fff;transition:transform .35s,opacity .35s ease-in-out;transform:translate3d(0, 24px, 0);margin:0;line-height:1em}.wp-block-uagb-image--layout-overlay__inner .uagb-image-separator{width:30%;border-top-width:2px;border-top-color:#fff;border-top-style:solid;margin-bottom:10px;opacity:0;transition:transform .4s,opacity .4s ease-in-out;transform:translate3d(0, 30px, 0)}.wp-block-uagb-image--layout-overlay__inner .uagb-image-caption{opacity:0;overflow:visible;color:#fff;transition:transform .45s,opacity .45s ease-in-out;transform:translate3d(0, 35px, 0)}.wp-block-uagb-image--layout-overlay__inner:hover .uagb-image-heading,.wp-block-uagb-image--layout-overlay__inner:hover .uagb-image-separator,.wp-block-uagb-image--layout-overlay__inner:hover .uagb-image-caption{opacity:1;transform:translate3d(0, 0, 0)}.wp-block-uagb-image--effect-zoomin .wp-block-uagb-image__figure img,.wp-block-uagb-image--effect-zoomin .wp-block-uagb-image__figure .wp-block-uagb-image--layout-overlay__color-wrapper{transform:scale(1);transition:transform .35s ease-in-out}.wp-block-uagb-image--effect-zoomin .wp-block-uagb-image__figure:hover img,.wp-block-uagb-image--effect-zoomin .wp-block-uagb-image__figure:hover .wp-block-uagb-image--layout-overlay__color-wrapper{transform:scale(1.05)}.wp-block-uagb-image--effect-slide .wp-block-uagb-image__figure img,.wp-block-uagb-image--effect-slide .wp-block-uagb-image__figure .wp-block-uagb-image--layout-overlay__color-wrapper{width:calc(100% + 40px) !important;max-width:none !important;transform:translate3d(-40px, 0, 0);transition:transform .35s ease-in-out}.wp-block-uagb-image--effect-slide .wp-block-uagb-image__figure:hover img,.wp-block-uagb-image--effect-slide .wp-block-uagb-image__figure:hover .wp-block-uagb-image--layout-overlay__color-wrapper{transform:translate3d(0, 0, 0)}.wp-block-uagb-image--effect-grayscale img{filter:grayscale(0%);transition:.35s ease-in-out}.wp-block-uagb-image--effect-grayscale:hover img{filter:grayscale(100%)}.wp-block-uagb-image--effect-blur img{filter:blur(0);transition:.35s ease-in-out}.wp-block-uagb-image--effect-blur:hover img{filter:blur(3px)}.uagb-block-e6f939b3.wp-block-uagb-image--layout-default figure img{box-shadow: 0px 0px 0 #00000070;}.uagb-block-e6f939b3.wp-block-uagb-image .wp-block-uagb-image__figure figcaption{font-style: normal;align-self: center;}.uagb-block-e6f939b3.wp-block-uagb-image--layout-overlay figure img{box-shadow: 0px 0px 0 #00000070;}.uagb-block-e6f939b3.wp-block-uagb-image--layout-overlay .wp-block-uagb-image--layout-overlay__color-wrapper{opacity: 0.2;}.uagb-block-e6f939b3.wp-block-uagb-image--layout-overlay .wp-block-uagb-image--layout-overlay__inner{left: 15px;right: 15px;top: 15px;bottom: 15px;}.uagb-block-e6f939b3.wp-block-uagb-image--layout-overlay .wp-block-uagb-image--layout-overlay__inner .uagb-image-heading{font-style: normal;color: #fff;opacity: 1;}.uagb-block-e6f939b3.wp-block-uagb-image--layout-overlay .wp-block-uagb-image--layout-overlay__inner .uagb-image-heading a{color: #fff;}.uagb-block-e6f939b3.wp-block-uagb-image--layout-overlay .wp-block-uagb-image--layout-overlay__inner .uagb-image-caption{opacity: 0;}.uagb-block-e6f939b3.wp-block-uagb-image--layout-overlay .wp-block-uagb-image__figure:hover .wp-block-uagb-image--layout-overlay__color-wrapper{opacity: 1;}.uagb-block-e6f939b3.wp-block-uagb-image .wp-block-uagb-image--layout-overlay__inner .uagb-image-separator{width: 30%;border-top-width: 2px;border-top-color: #fff;opacity: 0;}.uagb-block-e6f939b3.wp-block-uagb-image .wp-block-uagb-image__figure img{width: px;height: auto;}.uagb-block-e6f939b3.wp-block-uagb-image .wp-block-uagb-image__figure:hover .wp-block-uagb-image--layout-overlay__inner .uagb-image-caption{opacity: 1;}.uagb-block-e6f939b3.wp-block-uagb-image .wp-block-uagb-image__figure:hover .wp-block-uagb-image--layout-overlay__inner .uagb-image-separator{opacity: 1;}.uagb-block-e6f939b3.wp-block-uagb-image--layout-default figure:hover img{box-shadow: 0px 0px 0 #00000070;}.uagb-block-e6f939b3.wp-block-uagb-image--layout-overlay figure:hover img{box-shadow: 0px 0px 0 #00000070;}@media only screen and (max-width: 976px) {.uagb-block-e6f939b3.wp-block-uagb-image .wp-block-uagb-image__figure img{width: px;height: auto;}}@media only screen and (max-width: 767px) {.uagb-block-e6f939b3.wp-block-uagb-image .wp-block-uagb-image__figure img{width: px;height: auto;}}\";s:2:\"js\";s:0:\"\";s:18:\"current_block_list\";a:13:{i:0;s:11:\"core\/search\";i:1;s:10:\"core\/group\";i:2;s:12:\"core\/heading\";i:3;s:17:\"core\/latest-posts\";i:4;s:20:\"core\/latest-comments\";i:5;s:13:\"core\/archives\";i:6;s:15:\"core\/categories\";i:7;s:14:\"core\/paragraph\";i:8;s:10:\"uagb\/image\";i:9;s:11:\"core\/spacer\";i:10;s:30:\"woocommerce\/product-categories\";i:11;s:10:\"core\/image\";i:12;s:14:\"core\/shortcode\";}s:8:\"uag_flag\";b:1;s:11:\"uag_version\";s:10:\"1777081937\";s:6:\"gfonts\";a:0:{}s:10:\"gfonts_url\";s:0:\"\";s:12:\"gfonts_files\";a:0:{}s:14:\"uag_faq_layout\";b:0;}"]},"uagb_featured_image_src":{"full":["https:\/\/www.ferberpainting.com\/wp-content\/uploads\/2025\/05\/38PoolLeakStopper_4000x4000_5b62e7bb-ee9b-4f7f-8b35-f13f1052d0de.png",2560,2560,false],"thumbnail":["https:\/\/www.ferberpainting.com\/wp-content\/uploads\/2025\/05\/38PoolLeakStopper_4000x4000_5b62e7bb-ee9b-4f7f-8b35-f13f1052d0de-150x150.png",150,150,true],"medium":["https:\/\/www.ferberpainting.com\/wp-content\/uploads\/2025\/05\/38PoolLeakStopper_4000x4000_5b62e7bb-ee9b-4f7f-8b35-f13f1052d0de-300x300.png",300,300,true],"medium_large":["https:\/\/www.ferberpainting.com\/wp-content\/uploads\/2025\/05\/38PoolLeakStopper_4000x4000_5b62e7bb-ee9b-4f7f-8b35-f13f1052d0de-768x768.png",768,768,true],"large":["https:\/\/www.ferberpainting.com\/wp-content\/uploads\/2025\/05\/38PoolLeakStopper_4000x4000_5b62e7bb-ee9b-4f7f-8b35-f13f1052d0de-1024x1024.png",1024,1024,true],"1536x1536":["https:\/\/www.ferberpainting.com\/wp-content\/uploads\/2025\/05\/38PoolLeakStopper_4000x4000_5b62e7bb-ee9b-4f7f-8b35-f13f1052d0de-1536x1536.png",1536,1536,true],"2048x2048":["https:\/\/www.ferberpainting.com\/wp-content\/uploads\/2025\/05\/38PoolLeakStopper_4000x4000_5b62e7bb-ee9b-4f7f-8b35-f13f1052d0de-2048x2048.png",2048,2048,true],"trp-custom-language-flag":["https:\/\/www.ferberpainting.com\/wp-content\/uploads\/2025\/05\/38PoolLeakStopper_4000x4000_5b62e7bb-ee9b-4f7f-8b35-f13f1052d0de-12x12.png",12,12,true],"woocommerce_thumbnail":["https:\/\/www.ferberpainting.com\/wp-content\/uploads\/2025\/05\/38PoolLeakStopper_4000x4000_5b62e7bb-ee9b-4f7f-8b35-f13f1052d0de-300x300.png",300,300,true],"woocommerce_single":["https:\/\/www.ferberpainting.com\/wp-content\/uploads\/2025\/05\/38PoolLeakStopper_4000x4000_5b62e7bb-ee9b-4f7f-8b35-f13f1052d0de-600x600.png",600,600,true],"woocommerce_gallery_thumbnail":["https:\/\/www.ferberpainting.com\/wp-content\/uploads\/2025\/05\/38PoolLeakStopper_4000x4000_5b62e7bb-ee9b-4f7f-8b35-f13f1052d0de-100x100.png",100,100,true]},"uagb_author_info":{"display_name":"admin","author_link":"https:\/\/www.ferberpainting.com\/si\/author\/"},"uagb_comment_info":49,"uagb_excerpt":"Seals pool leaks quickly and efficiently from the inside. Our pool leak stopper is specially formulated to detect and seal small leaks and micro-cracks in swimming pools without the need for draining or invasive repairs. It works directly in the water, circulating through the pool system and sealing leak points automatically. The most effective pool&hellip;","_links":{"self":[{"href":"https:\/\/www.ferberpainting.com\/si\/wp-json\/wp\/v2\/product\/24790","targetHints":{"allow":["GET"]}}],"collection":[{"href":"https:\/\/www.ferberpainting.com\/si\/wp-json\/wp\/v2\/product"}],"about":[{"href":"https:\/\/www.ferberpainting.com\/si\/wp-json\/wp\/v2\/types\/product"}],"replies":[{"embeddable":true,"href":"https:\/\/www.ferberpainting.com\/si\/wp-json\/wp\/v2\/comments?post=24790"}],"version-history":[{"count":3,"href":"https:\/\/www.ferberpainting.com\/si\/wp-json\/wp\/v2\/product\/24790\/revisions"}],"predecessor-version":[{"id":166987,"href":"https:\/\/www.ferberpainting.com\/si\/wp-json\/wp\/v2\/product\/24790\/revisions\/166987"}],"wp:featuredmedia":[{"embeddable":true,"href":"https:\/\/www.ferberpainting.com\/si\/wp-json\/wp\/v2\/media\/26638"}],"wp:attachment":[{"href":"https:\/\/www.ferberpainting.com\/si\/wp-json\/wp\/v2\/media?parent=24790"}],"wp:term":[{"taxonomy":"product_brand","embeddable":true,"href":"https:\/\/www.ferberpainting.com\/si\/wp-json\/wp\/v2\/product_brand?post=24790"},{"taxonomy":"product_cat","embeddable":true,"href":"https:\/\/www.ferberpainting.com\/si\/wp-json\/wp\/v2\/product_cat?post=24790"},{"taxonomy":"product_tag","embeddable":true,"href":"https:\/\/www.ferberpainting.com\/si\/wp-json\/wp\/v2\/product_tag?post=24790"}],"curies":[{"name":"wp","href":"https:\/\/api.w.org\/{rel}","templated":true}]}}