{"id":24756,"date":"2025-05-26T10:26:57","date_gmt":"2025-05-26T08:26:57","guid":{"rendered":"https:\/\/www.ferberpainting.com\/products\/palm-and-yucca-fertilizer\/"},"modified":"2026-02-15T23:28:15","modified_gmt":"2026-02-15T22:28:15","slug":"palm-and-yucca-fertilizer","status":"publish","type":"product","link":"https:\/\/www.ferberpainting.com\/si\/products\/palm-and-yucca-fertilizer\/","title":{"rendered":"Gnojilo za palme in juke 25 kg"},"content":{"rendered":"<p><strong><img decoding=\"async\" style=\"margin-right: 12px;\" src=\"https:\/\/www.ferberpainting.com\/wp-content\/uploads\/2026\/02\/Check.svg\" alt=\"\" width=\"18\" height=\"15\" \/>Popolno gnojilo za optimalno rast in bujno listje.<\/strong>\u00a0Palme in juke so veli\u010dastne rastline, ki va\u0161emu vrtu, terasi ali notranjosti dodajo eksoti\u010den pridih. Za hitro rast, dobro zdravje in \u017eivahno listje jim je treba zagotoviti ustrezna hranila. To gnojilo NPK 10-10-10 zagotavlja popolno in uravnote\u017eeno prehrano z du\u0161ikom (N), ki spodbuja razvoj listov in debla, fosforjem (P), ki spodbuja mo\u010dno rast korenin, in kalijem (K), ki krepi odpornost proti boleznim, vodnemu stresu in vro\u010dini. S tem gnojilom bodo va\u0161e palme in juke pokazale bujno in zeleno listje, bolj\u0161o odpornost na okoljske obremenitve in mo\u010dnej\u0161o rast.<\/p>\n<p><strong><img decoding=\"async\" style=\"margin-right: 12px;\" src=\"https:\/\/www.ferberpainting.com\/wp-content\/uploads\/2026\/02\/Check.svg\" alt=\"\" width=\"18\" height=\"15\" \/>Jamstvo vra\u010dila denarja.<\/strong>\u00a0Popolnoma zaupamo v kakovost in u\u010dinkovitost na\u0161ega gnojila za palme in juke, zato ponujamo garancijo za vra\u010dilo denarja. \u010ce po pravilni uporabi v skladu z na\u0161imi priporo\u010dili ne opazite vidnega izbolj\u0161anja rasti, listja ali vitalnosti, vam bomo v celoti povrnili denar.<\/p>\n<p><strong><img decoding=\"async\" style=\"margin-right: 12px;\" src=\"https:\/\/www.ferberpainting.com\/wp-content\/uploads\/2026\/02\/Check.svg\" alt=\"\" width=\"18\" height=\"15\" \/>Primerno za vse vrste palm in juk, v lon\u010dkih ali na prostem.<\/strong>\u00a0To gnojilo je vsestransko in prilagojeno vsem vrstam palm (Washingtonia, Trachycarpus, Phoenix, Chamaerops, Butia itd.) in juk (Yucca rostrata, Yucca elephantipes, Yucca filamentosa itd.). Primeren je tudi za rastline, ki rastejo na prostem na vrtu ali v lon\u010dkih na terasi, balkonu ali v zaprtih prostorih. Prav tako je zdru\u017eljiv z vsemi vrstami tal, pe\u0161\u010denimi, ilovnatimi ali apnen\u010dastimi, in pomaga izbolj\u0161ati strukturo tal za bolj\u0161e zadr\u017eevanje hranil.<\/p>\n<p><strong><img decoding=\"async\" style=\"margin-right: 12px;\" src=\"https:\/\/www.ferberpainting.com\/wp-content\/uploads\/2026\/02\/Check.svg\" alt=\"\" width=\"18\" height=\"15\" \/>Odli\u010den gospodarski donos in dolgotrajno oploditev.<\/strong>\u00a0Zaradi svoje sestave to gnojilo po\u010dasi spro\u0161\u010da hranila, kar zagotavlja u\u010dinkovito gnojenje ve\u010d tednov. S 25-kilogramsko vre\u010do lahko pognojite veliko \u0161tevilo palm in juk, kar zagotavlja odli\u010dno razmerje med kakovostjo in ceno. Z optimalnim odmerkom 200 g na drevo ali kvadratni meter zagotavlja dobro oskrbo s hranili brez prese\u017ekov ali odpadkov.<\/p>\n<p><strong><img decoding=\"async\" style=\"margin-right: 12px;\" src=\"https:\/\/www.ferberpainting.com\/wp-content\/uploads\/2026\/02\/Check.svg\" alt=\"\" width=\"18\" height=\"15\" \/>Varno in okolju prijazno gnojilo.<\/strong>\u00a0To gnojilo ne vsebuje \u0161kodljivih kemikalij, zato ohranja kakovost tal in biotsko raznovrstnost. Prispeva k spo\u0161tovanju ekolo\u0161kega ravnovesja v tleh in spodbuja delovanje koristnih mikroorganizmov, ki so bistveni za zdrave korenine. Poleg tega je varno za doma\u010de \u017eivali in lokalne prosto\u017eive\u010de \u017eivali, kar zagotavlja varno uporabo na vrtu ali balkonu.<\/p>\n<p><strong><img decoding=\"async\" style=\"margin-right: 12px;\" src=\"https:\/\/www.ferberpainting.com\/wp-content\/uploads\/2026\/02\/Check.svg\" alt=\"\" width=\"18\" height=\"15\" \/>Enostavna uporaba in lahkotno gnojenje.<\/strong>\u00a0V nasprotju s teko\u010dimi gnojili, ki zahtevajo natan\u010dno odmerjanje in red\u010denje, se to gnojilo v trdni obliki uporablja neposredno ob vzno\u017eju rastlin. Preprosto ga razporedite okoli debla in ga rahlo zakopljite v zemljo, da lahko postopoma spro\u0161\u010da hranila. Njegova uporaba je preprosta, hitra in dostopna vsem, tudi vrtnarjem za\u010detnikom ali profesionalnim vrtnarjem.<\/p>\n<p><strong><img decoding=\"async\" style=\"margin-right: 12px;\" src=\"https:\/\/www.ferberpainting.com\/wp-content\/uploads\/2026\/02\/Check.svg\" alt=\"\" width=\"18\" height=\"15\" \/>Podalj\u0161ano delovanje za dolgotrajno rast in \u017eivahno listje.<\/strong>\u00a0Zaradi postopnega spro\u0161\u010danja to gnojilo dolgotrajno hrani palme in juke, s \u010dimer prepre\u010duje pomanjkanje in zagotavlja neprekinjeno in stabilno rast. Poleg tega krepi odpornost rastlin na bolezni, \u0161kodljivce in neugodne vremenske razmere ter zagotavlja \u017eivahno listje skozi vse leto.<\/p>\n<p><strong><img decoding=\"async\" style=\"margin-right: 12px;\" src=\"https:\/\/www.ferberpainting.com\/wp-content\/uploads\/2026\/02\/Check.svg\" alt=\"\" width=\"18\" height=\"15\" \/>Vidni rezultati \u017ee v nekaj tednih.<\/strong>\u00a0\u017de po prvem nanosu gnojila boste opazili hitrej\u0161o rast, debelej\u0161e liste in intenzivnej\u0161o barvo. Rastline bodo postale bolj \u017eivahne in odporne, harmoni\u010dno bodo zapolnile prostor z uravnote\u017eenim listjem in obilnej\u0161imi novimi poganjki. Gnojilo pomaga izbolj\u0161ati splo\u0161ni videz palm in juk, zaradi \u010desar postanejo bolj veli\u010dastne in spektakularne, ne glede na to, ali so posajene v zemlji ali v loncih.<\/p>\n<h2><strong>Protokol uporabe<\/strong><\/h2>\n<p><strong>Priporo\u010deni odmerek <\/strong>:<\/p>\n<ul>\n<li><strong>Palme in juke na prostem <\/strong>: Uporabite 200 g gnojila na drevo, odvisno od njegove velikosti in starosti.<\/li>\n<li><strong>Palme in juke v lon\u010dkih <\/strong>: Na velik lonec nanesite 100 g, na majhne lonce pa 50 g.<\/li>\n<li><strong>Za mno\u017ei\u010dne zasaditve <\/strong>: Uporabite 200 g na m\u00b2 in poskrbite za enakomerno porazdelitev gnojila.<\/li>\n<\/ul>\n<p><strong>Na\u010din uporabe :<\/strong><\/p>\n<ul>\n<li><strong>Z neposrednim \u0161irjenjem <\/strong>: Gnojilo enakomerno razporedite okoli podlage rastlin, pri \u010demer se izogibajte neposrednemu stiku s steblom.<\/li>\n<li><strong>Z vna\u0161anjem v tla <\/strong>: Po nanosu rahlo zdrgnite povr\u0161ino tal, da granule la\u017eje prodrejo in optimizirajo absorpcijo korenin.<\/li>\n<li><strong>Zalivanje po nanosu <\/strong>: Po gnojenju izdatno zalijte, da pospe\u0161ite spro\u0161\u010danje hranil in njihovo razpr\u0161itev v tleh.<\/li>\n<\/ul>\n<p><strong>Pogostost uporabe <\/strong>:<\/p>\n<ul>\n<li><strong>V obdobju aktivne rasti (pomlad-poletje) <\/strong>: Gnojilo uporabite vsakih 6 do 8 tednov, da zagotovite neprekinjeno oskrbo z bistvenimi hranili.<\/li>\n<li><strong>V obdobju mirovanja (jesen-zima) <\/strong>: Pogostost uporabe zmanj\u0161ajte na enkrat na tri mesece, da ohranite zdravje rastlin in ne spodbujate pretirane rasti.<\/li>\n<\/ul>\n<p><strong>Previdnostni ukrepi za uporabo <\/strong>: Ne pretiravajte z gnojilom, da ne bi pri\u0161lo do prevelikega odmerka du\u0161ika, ki bi lahko povzro\u010dil pretirano rast listov na ra\u010dun korenin. Za optimalno absorpcijo hranil gnojilo uporabljajte le na rahlo vla\u017enih tleh.<\/p>\n<p><strong>Shranjevanje in konzerviranje <\/strong>: Gnojilo shranjujte v suhem prostoru, stran od vlage in ekstremnih temperatur. Po vsaki uporabi vre\u010dko tesno zaprite, da ohranite u\u010dinkovitost izdelka in prepre\u010dite izgubo hranil.<\/p>\n<p>S tem gnojilom za palme in juke zagotovite svojim rastlinam popolno in prilagojeno prehrano za njihove posebne potrebe. Zagotavlja \u017eivahno rast, bujno listje in bolj\u0161o odpornost na podnebne razmere. Je idealna re\u0161itev za izbolj\u0161anje va\u0161ega vrta, terase ali notranjega prostora z zdravimi palmami in jukami skozi vse leto.<\/p>","protected":false},"excerpt":{"rendered":"<p>A complete fertilizer for optimal growth and lush foliage.\u00a0Palms and yuccas are majestic plants that add an exotic touch to your garden, terrace or indoors. To ensure rapid growth, good health and vibrant foliage, it is essential to provide them with adequate nutrients. This NPK 10-10-10 fertilizer offers a complete and balanced nutrition with nitrogen [&hellip;]<\/p>\n","protected":false},"featured_media":26614,"comment_status":"open","ping_status":"closed","template":"","meta":{"_uag_custom_page_level_css":"","site-sidebar-layout":"default","site-content-layout":"","ast-site-content-layout":"default","site-content-style":"default","site-sidebar-style":"default","ast-global-header-display":"","ast-banner-title-visibility":"","ast-main-header-display":"","ast-hfb-above-header-display":"","ast-hfb-below-header-display":"","ast-hfb-mobile-header-display":"","site-post-title":"","ast-breadcrumbs-content":"","ast-featured-img":"","footer-sml-layout":"","ast-disable-related-posts":"","theme-transparent-header-meta":"default","adv-header-id-meta":"","stick-header-meta":"","header-above-stick-meta":"","header-main-stick-meta":"","header-below-stick-meta":"","astra-migrate-meta-layouts":"set","ast-page-background-enabled":"default","ast-page-background-meta":{"desktop":{"background-color":"var(--ast-global-color-4)","background-image":"","background-repeat":"repeat","background-position":"center center","background-size":"auto","background-attachment":"scroll","background-type":"","background-media":"","overlay-type":"","overlay-color":"","overlay-opacity":"","overlay-gradient":""},"tablet":{"background-color":"","background-image":"","background-repeat":"repeat","background-position":"center center","background-size":"auto","background-attachment":"scroll","background-type":"","background-media":"","overlay-type":"","overlay-color":"","overlay-opacity":"","overlay-gradient":""},"mobile":{"background-color":"","background-image":"","background-repeat":"repeat","background-position":"center center","background-size":"auto","background-attachment":"scroll","background-type":"","background-media":"","overlay-type":"","overlay-color":"","overlay-opacity":"","overlay-gradient":""}},"ast-content-background-meta":{"desktop":{"background-color":"var(--ast-global-color-5)","background-image":"","background-repeat":"repeat","background-position":"center center","background-size":"auto","background-attachment":"scroll","background-type":"","background-media":"","overlay-type":"","overlay-color":"","overlay-opacity":"","overlay-gradient":""},"tablet":{"background-color":"var(--ast-global-color-5)","background-image":"","background-repeat":"repeat","background-position":"center center","background-size":"auto","background-attachment":"scroll","background-type":"","background-media":"","overlay-type":"","overlay-color":"","overlay-opacity":"","overlay-gradient":""},"mobile":{"background-color":"var(--ast-global-color-5)","background-image":"","background-repeat":"repeat","background-position":"center center","background-size":"auto","background-attachment":"scroll","background-type":"","background-media":"","overlay-type":"","overlay-color":"","overlay-opacity":"","overlay-gradient":""}}},"product_brand":[],"product_cat":[178],"product_tag":[],"class_list":{"0":"post-24756","1":"product","2":"type-product","3":"status-publish","4":"has-post-thumbnail","6":"product_cat-fertilizers","7":"desktop-align-left","8":"tablet-align-left","9":"mobile-align-left","11":"first","12":"instock","13":"taxable","14":"shipping-taxable","15":"purchasable","16":"product-type-simple"},"spectra_custom_meta":{"_visibility":["visible"],"_shopify_product_id":["9068011847925"],"_s2w_shopify_domain":["ferberpainting.myshopify.com"],"_shopify_variant_id":["46509802815733"],"_sku":["FPPALMANDYUCCAFERTILIZER25KG"],"_regular_price":["39.90"],"_price":["39.90"],"_sale_price":[""],"_weight":["18.5"],"_thumbnail_id":["26614"],"_global_unique_id":["5056773817579"],"total_sales":["54"],"_tax_status":["taxable"],"_tax_class":[""],"_manage_stock":["no"],"_backorders":["no"],"_sold_individually":["no"],"_virtual":["no"],"_downloadable":["no"],"_download_limit":["-1"],"_download_expiry":["-1"],"_stock":[null],"_stock_status":["instock"],"_wc_average_rating":["5.00"],"_wc_review_count":["31"],"_product_version":["10.5.1"],"_wc_rating_count":["a:1:{i:5;i:31;}"],"_edit_lock":["1774761996:3822"],"merchant-center-availability":["yes"],"merchant-center-category":["113"],"_edit_last":["1"],"_wp_page_template":["default"],"site-sidebar-layout":["default"],"ast-site-content-layout":["default"],"site-content-style":["default"],"site-sidebar-style":["default"],"theme-transparent-header-meta":["default"],"astra-migrate-meta-layouts":["set"],"_uag_css_file_name":["uag-css-24756.css"],"_elementor_page_assets":["a:0:{}"],"_uag_page_assets":["a:9:{s:3:\"css\";s:7133:\".uag-blocks-common-selector{z-index:var(--z-index-desktop) !important}@media(max-width: 976px){.uag-blocks-common-selector{z-index:var(--z-index-tablet) !important}}@media(max-width: 767px){.uag-blocks-common-selector{z-index:var(--z-index-mobile) !important}}.wp-block-uagb-image{display:flex}.wp-block-uagb-image__figure{position:relative;display:flex;flex-direction:column;max-width:100%;height:auto;margin:0}.wp-block-uagb-image__figure img{height:auto;display:flex;max-width:100%;transition:box-shadow .2s ease}.wp-block-uagb-image__figure>a{display:inline-block}.wp-block-uagb-image__figure figcaption{text-align:center;margin-top:.5em;margin-bottom:1em}.wp-block-uagb-image .components-placeholder.block-editor-media-placeholder .components-placeholder__instructions{align-self:center}.wp-block-uagb-image--align-left{text-align:left}.wp-block-uagb-image--align-right{text-align:right}.wp-block-uagb-image--align-center{text-align:center}.wp-block-uagb-image--align-full .wp-block-uagb-image__figure{margin-left:calc(50% - 50vw);margin-right:calc(50% - 50vw);max-width:100vw;width:100vw;height:auto}.wp-block-uagb-image--align-full .wp-block-uagb-image__figure img{height:auto;width:100% !important}.wp-block-uagb-image--align-wide .wp-block-uagb-image__figure img{height:auto;width:100%}.wp-block-uagb-image--layout-overlay__color-wrapper{position:absolute;left:0;top:0;right:0;bottom:0;opacity:.2;background:rgba(0,0,0,.5);transition:opacity .35s ease-in-out}.wp-block-uagb-image--layout-overlay-link{position:absolute;left:0;right:0;bottom:0;top:0}.wp-block-uagb-image--layout-overlay .wp-block-uagb-image__figure:hover .wp-block-uagb-image--layout-overlay__color-wrapper{opacity:1}.wp-block-uagb-image--layout-overlay__inner{position:absolute;left:15px;right:15px;bottom:15px;top:15px;display:flex;align-items:center;justify-content:center;flex-direction:column;border-color:#fff;transition:.35s ease-in-out}.wp-block-uagb-image--layout-overlay__inner.top-left,.wp-block-uagb-image--layout-overlay__inner.top-center,.wp-block-uagb-image--layout-overlay__inner.top-right{justify-content:flex-start}.wp-block-uagb-image--layout-overlay__inner.bottom-left,.wp-block-uagb-image--layout-overlay__inner.bottom-center,.wp-block-uagb-image--layout-overlay__inner.bottom-right{justify-content:flex-end}.wp-block-uagb-image--layout-overlay__inner.top-left,.wp-block-uagb-image--layout-overlay__inner.center-left,.wp-block-uagb-image--layout-overlay__inner.bottom-left{align-items:flex-start}.wp-block-uagb-image--layout-overlay__inner.top-right,.wp-block-uagb-image--layout-overlay__inner.center-right,.wp-block-uagb-image--layout-overlay__inner.bottom-right{align-items:flex-end}.wp-block-uagb-image--layout-overlay__inner .uagb-image-heading{color:#fff;transition:transform .35s,opacity .35s ease-in-out;transform:translate3d(0, 24px, 0);margin:0;line-height:1em}.wp-block-uagb-image--layout-overlay__inner .uagb-image-separator{width:30%;border-top-width:2px;border-top-color:#fff;border-top-style:solid;margin-bottom:10px;opacity:0;transition:transform .4s,opacity .4s ease-in-out;transform:translate3d(0, 30px, 0)}.wp-block-uagb-image--layout-overlay__inner .uagb-image-caption{opacity:0;overflow:visible;color:#fff;transition:transform .45s,opacity .45s ease-in-out;transform:translate3d(0, 35px, 0)}.wp-block-uagb-image--layout-overlay__inner:hover .uagb-image-heading,.wp-block-uagb-image--layout-overlay__inner:hover .uagb-image-separator,.wp-block-uagb-image--layout-overlay__inner:hover .uagb-image-caption{opacity:1;transform:translate3d(0, 0, 0)}.wp-block-uagb-image--effect-zoomin .wp-block-uagb-image__figure img,.wp-block-uagb-image--effect-zoomin .wp-block-uagb-image__figure .wp-block-uagb-image--layout-overlay__color-wrapper{transform:scale(1);transition:transform .35s ease-in-out}.wp-block-uagb-image--effect-zoomin .wp-block-uagb-image__figure:hover img,.wp-block-uagb-image--effect-zoomin .wp-block-uagb-image__figure:hover .wp-block-uagb-image--layout-overlay__color-wrapper{transform:scale(1.05)}.wp-block-uagb-image--effect-slide .wp-block-uagb-image__figure img,.wp-block-uagb-image--effect-slide .wp-block-uagb-image__figure .wp-block-uagb-image--layout-overlay__color-wrapper{width:calc(100% + 40px) !important;max-width:none !important;transform:translate3d(-40px, 0, 0);transition:transform .35s ease-in-out}.wp-block-uagb-image--effect-slide .wp-block-uagb-image__figure:hover img,.wp-block-uagb-image--effect-slide .wp-block-uagb-image__figure:hover .wp-block-uagb-image--layout-overlay__color-wrapper{transform:translate3d(0, 0, 0)}.wp-block-uagb-image--effect-grayscale img{filter:grayscale(0%);transition:.35s ease-in-out}.wp-block-uagb-image--effect-grayscale:hover img{filter:grayscale(100%)}.wp-block-uagb-image--effect-blur img{filter:blur(0);transition:.35s ease-in-out}.wp-block-uagb-image--effect-blur:hover img{filter:blur(3px)}.uagb-block-e6f939b3.wp-block-uagb-image--layout-default figure img{box-shadow: 0px 0px 0 #00000070;}.uagb-block-e6f939b3.wp-block-uagb-image .wp-block-uagb-image__figure figcaption{font-style: normal;align-self: center;}.uagb-block-e6f939b3.wp-block-uagb-image--layout-overlay figure img{box-shadow: 0px 0px 0 #00000070;}.uagb-block-e6f939b3.wp-block-uagb-image--layout-overlay .wp-block-uagb-image--layout-overlay__color-wrapper{opacity: 0.2;}.uagb-block-e6f939b3.wp-block-uagb-image--layout-overlay .wp-block-uagb-image--layout-overlay__inner{left: 15px;right: 15px;top: 15px;bottom: 15px;}.uagb-block-e6f939b3.wp-block-uagb-image--layout-overlay .wp-block-uagb-image--layout-overlay__inner .uagb-image-heading{font-style: normal;color: #fff;opacity: 1;}.uagb-block-e6f939b3.wp-block-uagb-image--layout-overlay .wp-block-uagb-image--layout-overlay__inner .uagb-image-heading a{color: #fff;}.uagb-block-e6f939b3.wp-block-uagb-image--layout-overlay .wp-block-uagb-image--layout-overlay__inner .uagb-image-caption{opacity: 0;}.uagb-block-e6f939b3.wp-block-uagb-image--layout-overlay .wp-block-uagb-image__figure:hover .wp-block-uagb-image--layout-overlay__color-wrapper{opacity: 1;}.uagb-block-e6f939b3.wp-block-uagb-image .wp-block-uagb-image--layout-overlay__inner .uagb-image-separator{width: 30%;border-top-width: 2px;border-top-color: #fff;opacity: 0;}.uagb-block-e6f939b3.wp-block-uagb-image .wp-block-uagb-image__figure img{width: px;height: auto;}.uagb-block-e6f939b3.wp-block-uagb-image .wp-block-uagb-image__figure:hover .wp-block-uagb-image--layout-overlay__inner .uagb-image-caption{opacity: 1;}.uagb-block-e6f939b3.wp-block-uagb-image .wp-block-uagb-image__figure:hover .wp-block-uagb-image--layout-overlay__inner .uagb-image-separator{opacity: 1;}.uagb-block-e6f939b3.wp-block-uagb-image--layout-default figure:hover img{box-shadow: 0px 0px 0 #00000070;}.uagb-block-e6f939b3.wp-block-uagb-image--layout-overlay figure:hover img{box-shadow: 0px 0px 0 #00000070;}@media only screen and (max-width: 976px) {.uagb-block-e6f939b3.wp-block-uagb-image .wp-block-uagb-image__figure img{width: px;height: auto;}}@media only screen and (max-width: 767px) {.uagb-block-e6f939b3.wp-block-uagb-image .wp-block-uagb-image__figure img{width: px;height: auto;}}\";s:2:\"js\";s:0:\"\";s:18:\"current_block_list\";a:13:{i:0;s:11:\"core\/search\";i:1;s:10:\"core\/group\";i:2;s:12:\"core\/heading\";i:3;s:17:\"core\/latest-posts\";i:4;s:20:\"core\/latest-comments\";i:5;s:13:\"core\/archives\";i:6;s:15:\"core\/categories\";i:7;s:14:\"core\/paragraph\";i:8;s:10:\"uagb\/image\";i:9;s:11:\"core\/spacer\";i:10;s:30:\"woocommerce\/product-categories\";i:11;s:10:\"core\/image\";i:12;s:14:\"core\/shortcode\";}s:8:\"uag_flag\";b:1;s:11:\"uag_version\";s:10:\"1777211918\";s:6:\"gfonts\";a:0:{}s:10:\"gfonts_url\";s:0:\"\";s:12:\"gfonts_files\";a:0:{}s:14:\"uag_faq_layout\";b:0;}"]},"uagb_featured_image_src":{"full":["https:\/\/www.ferberpainting.com\/wp-content\/uploads\/2025\/05\/PalmandYuccaFertilizer.png",2560,2560,false],"thumbnail":["https:\/\/www.ferberpainting.com\/wp-content\/uploads\/2025\/05\/PalmandYuccaFertilizer-150x150.png",150,150,true],"medium":["https:\/\/www.ferberpainting.com\/wp-content\/uploads\/2025\/05\/PalmandYuccaFertilizer-300x300.png",300,300,true],"medium_large":["https:\/\/www.ferberpainting.com\/wp-content\/uploads\/2025\/05\/PalmandYuccaFertilizer-768x768.png",768,768,true],"large":["https:\/\/www.ferberpainting.com\/wp-content\/uploads\/2025\/05\/PalmandYuccaFertilizer-1024x1024.png",1024,1024,true],"1536x1536":["https:\/\/www.ferberpainting.com\/wp-content\/uploads\/2025\/05\/PalmandYuccaFertilizer-1536x1536.png",1536,1536,true],"2048x2048":["https:\/\/www.ferberpainting.com\/wp-content\/uploads\/2025\/05\/PalmandYuccaFertilizer-2048x2048.png",2048,2048,true],"trp-custom-language-flag":["https:\/\/www.ferberpainting.com\/wp-content\/uploads\/2025\/05\/PalmandYuccaFertilizer-12x12.png",12,12,true],"woocommerce_thumbnail":["https:\/\/www.ferberpainting.com\/wp-content\/uploads\/2025\/05\/PalmandYuccaFertilizer-300x300.png",300,300,true],"woocommerce_single":["https:\/\/www.ferberpainting.com\/wp-content\/uploads\/2025\/05\/PalmandYuccaFertilizer-600x600.png",600,600,true],"woocommerce_gallery_thumbnail":["https:\/\/www.ferberpainting.com\/wp-content\/uploads\/2025\/05\/PalmandYuccaFertilizer-100x100.png",100,100,true]},"uagb_author_info":{"display_name":"admin","author_link":"https:\/\/www.ferberpainting.com\/si\/author\/"},"uagb_comment_info":31,"uagb_excerpt":"A complete fertilizer for optimal growth and lush foliage.\u00a0Palms and yuccas are majestic plants that add an exotic touch to your garden, terrace or indoors. To ensure rapid growth, good health and vibrant foliage, it is essential to provide them with adequate nutrients. This NPK 10-10-10 fertilizer offers a complete and balanced nutrition with nitrogen&hellip;","_links":{"self":[{"href":"https:\/\/www.ferberpainting.com\/si\/wp-json\/wp\/v2\/product\/24756","targetHints":{"allow":["GET"]}}],"collection":[{"href":"https:\/\/www.ferberpainting.com\/si\/wp-json\/wp\/v2\/product"}],"about":[{"href":"https:\/\/www.ferberpainting.com\/si\/wp-json\/wp\/v2\/types\/product"}],"replies":[{"embeddable":true,"href":"https:\/\/www.ferberpainting.com\/si\/wp-json\/wp\/v2\/comments?post=24756"}],"version-history":[{"count":5,"href":"https:\/\/www.ferberpainting.com\/si\/wp-json\/wp\/v2\/product\/24756\/revisions"}],"predecessor-version":[{"id":166686,"href":"https:\/\/www.ferberpainting.com\/si\/wp-json\/wp\/v2\/product\/24756\/revisions\/166686"}],"wp:featuredmedia":[{"embeddable":true,"href":"https:\/\/www.ferberpainting.com\/si\/wp-json\/wp\/v2\/media\/26614"}],"wp:attachment":[{"href":"https:\/\/www.ferberpainting.com\/si\/wp-json\/wp\/v2\/media?parent=24756"}],"wp:term":[{"taxonomy":"product_brand","embeddable":true,"href":"https:\/\/www.ferberpainting.com\/si\/wp-json\/wp\/v2\/product_brand?post=24756"},{"taxonomy":"product_cat","embeddable":true,"href":"https:\/\/www.ferberpainting.com\/si\/wp-json\/wp\/v2\/product_cat?post=24756"},{"taxonomy":"product_tag","embeddable":true,"href":"https:\/\/www.ferberpainting.com\/si\/wp-json\/wp\/v2\/product_tag?post=24756"}],"curies":[{"name":"wp","href":"https:\/\/api.w.org\/{rel}","templated":true}]}}