{"id":23821,"date":"2025-07-01T00:41:01","date_gmt":"2025-06-30T22:41:01","guid":{"rendered":"https:\/\/www.ferberpainting.com\/?post_type=product&#038;p=23811"},"modified":"2026-02-15T21:05:15","modified_gmt":"2026-02-15T20:05:15","slug":"microcement-cleaner","status":"publish","type":"product","link":"https:\/\/www.ferberpainting.com\/si\/products\/microcement-cleaner\/","title":{"rendered":"\u010cistilo za mikrocement"},"content":{"rendered":"<p><strong><img decoding=\"async\" style=\"margin-right: 12px;\" src=\"https:\/\/www.ferberpainting.com\/wp-content\/uploads\/2026\/02\/Check.svg\" alt=\"\" width=\"18\" height=\"15\" \/>Optimalna u\u010dinkovitost.<\/strong>\u00a0To \u010distilo za polirani beton je posebej zasnovano za odstranjevanje made\u017eev, prahu, ostankov ma\u0161\u010dob in sledi vodnega kamna, ki matrajo polirane betonske povr\u0161ine. Njegova mo\u010dna formula prodre globoko in raztopi ne\u010disto\u010de, ne da bi vplivala na kon\u010dno obdelavo. \u010cisti ne\u017eno, hkrati pa ohranja naravni sijaj in strukturo betona ter zagotavlja u\u010dinkovito vzdr\u017eevanje brez obrabe.<\/p>\n<p><strong><img decoding=\"async\" style=\"margin-right: 12px;\" src=\"https:\/\/www.ferberpainting.com\/wp-content\/uploads\/2026\/02\/Check.svg\" alt=\"\" width=\"18\" height=\"15\" \/>Jamstvo vra\u010dila denarja.<\/strong>\u00a0Popolnoma verjamemo v u\u010dinkovitost na\u0161ega \u010distila. \u010ce po uporabi niste popolnoma zadovoljni z rezultati, ste upravi\u010deni do popolnega vra\u010dila denarja. Brez tveganja preizkusite na\u0161 izdelek in z lahkoto povrnite svojim poliranim betonskim povr\u0161inam prvotni videz.<\/p>\n<p><strong><img decoding=\"async\" style=\"margin-right: 12px;\" src=\"https:\/\/www.ferberpainting.com\/wp-content\/uploads\/2026\/02\/Check.svg\" alt=\"\" width=\"18\" height=\"15\" \/>Izjemna vsestranskost.<\/strong>\u00a0To \u010distilo ni omejeno na polirani beton! U\u010dinkovito je tudi za druge vrste betona, kot so gladki beton, \u017eigosani beton in polirani cement. Deluje tudi na mineralnih povr\u0161inah, kot so naravni kamen, cement in pe\u0161\u010denjak. Idealno za notranja in zunanja tla, pulti, stene, prhe in pohi\u0161tvo iz poliranega betona. Njegova uporaba je primerna tako za gradbene strokovnjake kot za lastnike stanovanj, ki \u017eelijo vzdr\u017eevati svoje betonske povr\u0161ine.<\/p>\n<p><strong><img decoding=\"async\" style=\"margin-right: 12px;\" src=\"https:\/\/www.ferberpainting.com\/wp-content\/uploads\/2026\/02\/Check.svg\" alt=\"\" width=\"18\" height=\"15\" \/>Stro\u0161kovno u\u010dinkovita zmogljivost.<\/strong>\u00a0Zaradi 5-litrske posode in optimizirane koncentracije ta \u010distilnik ponuja odli\u010dno vrednost. Majhna koli\u010dina zadostuje za \u010di\u0161\u010denje velike povr\u0161ine brez odpadkov. V povpre\u010dju lahko z enim litrom izdelka o\u010distite do 20 m\u00b2 poliranega betona, zato je dolgotrajna in u\u010dinkovita re\u0161itev za redno ali intenzivno uporabo.<\/p>\n<p><strong><img decoding=\"async\" style=\"margin-right: 12px;\" src=\"https:\/\/www.ferberpainting.com\/wp-content\/uploads\/2026\/02\/Check.svg\" alt=\"\" width=\"18\" height=\"15\" \/>Varna uporaba.<\/strong>\u00a0Za razliko od ostrih \u010distil, ki vsebujejo mo\u010dne kisline ali jedka topila, je ta izdelek zasnovan brez \u0161kodljivih snovi za povr\u0161ine in zdravje. Ne povzro\u010da razbarvanja, ne po\u0161koduje za\u0161\u010ditnega premaza betona in ne pu\u0161\u010da nevarnih ostankov. Prav tako ne oddaja dra\u017ee\u010dih hlapov, zato je varno za uporabo tako v stanovanjskih kot profesionalnih okoljih.<\/p>\n<p><strong><img decoding=\"async\" style=\"margin-right: 12px;\" src=\"https:\/\/www.ferberpainting.com\/wp-content\/uploads\/2026\/02\/Check.svg\" alt=\"\" width=\"18\" height=\"15\" \/>Enostavnost uporabe.<\/strong>\u00a0Ta izdelek je pripravljen za uporabo in ga ni treba red\u010diti ali pripravljati. S krpo, mopom iz mikrovlaken ali pometalnikom za tla ga nanesite neposredno na povr\u0161ino. Njegovo hitro delovanje odstrani umazanijo v samo nekaj minutah, ne da bi bilo treba intenzivno drgniti ali izpirati. Zaradi intuitivne uporabe je odli\u010den zaveznik za enostavno in hitro vzdr\u017eevanje poliranega betona.<\/p>\n<p><strong><img decoding=\"async\" style=\"margin-right: 12px;\" src=\"https:\/\/www.ferberpainting.com\/wp-content\/uploads\/2026\/02\/Check.svg\" alt=\"\" width=\"18\" height=\"15\" \/>Podalj\u0161ana vzdr\u017eljivost.<\/strong>\u00a0Z rednim odstranjevanjem umazanije in ohranjanjem za\u0161\u010ditnega premaza to \u010distilo pomaga podalj\u0161ati \u017eivljenjsko dobo poliranega betona. Prepre\u010duje kopi\u010denje usedlin, ki lahko s\u010dasoma po\u0161kodujejo povr\u0161ino in vplivajo na njen videz. Redno \u010di\u0161\u010denje pomaga ohranjati eleganten in trajen videz poliranega betona ter prepre\u010duje pogoste in drage prenove.<\/p>\n<p><strong><img decoding=\"async\" style=\"margin-right: 12px;\" src=\"https:\/\/www.ferberpainting.com\/wp-content\/uploads\/2026\/02\/Check.svg\" alt=\"\" width=\"18\" height=\"15\" \/>Hitro ukrepanje.<\/strong>\u00a0Zahvaljujo\u010d zelo aktivni formuli to \u010distilo takoj deluje na made\u017ee in umazanijo. V samo nekaj minutah raztopi usedline, ne da bi za to potreboval veliko truda, kar zagotavlja hitro in u\u010dinkovito \u010di\u0161\u010denje. Omogo\u010da enostavno vzdr\u017eevanje povr\u0161in iz poliranega betona in pomaga, da prostori v hipu ostanejo \u010disti in urejeni.<\/p>\n<h2><strong>Protokol uporabe<\/strong><\/h2>\n<ul>\n<li><strong>Priprava <\/strong>: Pred nanosom izdelka se prepri\u010dajte, da je povr\u0161ina poliranega betona brez prahu in trdnih delcev. Za optimalno u\u010dinkovitost \u010di\u0161\u010denja je priporo\u010dljivo pometanje ali sesanje.<\/li>\n<li><strong>Uporaba na tleh <\/strong>: Majhno koli\u010dino \u010distila vlijte neposredno na mop iz mikrovlaken ali krta\u010do za pometanje tal, nato pa ga s kro\u017enimi gibi enakomerno razporedite po povr\u0161ini, da se umazanija razporedi in raztopi.<\/li>\n<li><strong>\u010ci\u0161\u010denje sten in pultov <\/strong>: Z izdelkom navla\u017eite mehko krpo ali gobo, ne\u017eno drgnite povr\u0161ino in se osredoto\u010dite na obarvana ali umazana mesta. Pri trdovratnih made\u017eih pustite izdelek delovati nekaj minut, preden ga obri\u0161ete.<\/li>\n<li><strong>\u010ci\u0161\u010denje velikih povr\u0161in <\/strong>: Za obse\u017ene povr\u0161ine, kot so terase ali terase iz poliranega betona, uporabite razpr\u0161ilnik, da izdelek enakomerno porazdelite. Pustite delovati nekaj minut, nato pa z vla\u017enim mopom odstranite ne\u010disto\u010de.<\/li>\n<li><strong>Zdravljenje trdovratnih made\u017eev <\/strong>: Za vtisnjene made\u017ee ali mastne made\u017ee nanesite nekoliko ve\u010djo koli\u010dino izdelka neposredno na prizadeto obmo\u010dje in ga zdrgnite z mehko krta\u010do. Po potrebi ponovite za popolno \u010di\u0161\u010denje.<\/li>\n<li><strong>Izpiranje in brisanje <\/strong>: Povr\u0161ino obri\u0161ite s suho ali rahlo vla\u017eno krpo, da odstranite odve\u010dni izdelek in zagotovite brezhiben zaklju\u010dek brez prog. Tla lahko po potrebi na hitro sperete s \u010disto vodo.<\/li>\n<li><strong>Poliranje in za\u0161\u010dita <\/strong>: Za ve\u010dji sijaj in brezhiben zaklju\u010dek povr\u0161ino po \u010di\u0161\u010denju polirajte s suhim mopom ali krpo iz mikrovlaken. Redno vzdr\u017eevanje pomaga ohraniti kon\u010dni videz poliranega betona in pove\u010da odpornost na umazanijo.<\/li>\n<li><strong>Pogostost uporabe <\/strong>: Uporabljajte enkrat ali dvakrat na teden za rutinsko vzdr\u017eevanje in prepre\u010devanje nabiranja oblog. Na obmo\u010djih z veliko prometa, kot so kuhinje ali kopalnice, se lahko priporo\u010da pogostej\u0161e \u010di\u0161\u010denje, da se zagotovi brezhiben zaklju\u010dek.<\/li>\n<li><strong>Shranjevanje <\/strong>: Po vsaki uporabi tesno zaprite posodo in jo hranite v hladnem in suhem prostoru, stran od svetlobe in ekstremnih temperatur, da ohranite dolgoro\u010dno u\u010dinkovitost izdelka.<\/li>\n<\/ul>\n<p>Z na\u0161im \u010distilom za polirani beton u\u017eivajte v u\u010dinkovitem vzdr\u017eevanju brez napora, hkrati pa ohranite lepoto in trajnost svojih povr\u0161in. Idealna re\u0161itev za beton, ki je vedno videti brezhiben in ostane za\u0161\u010diten pred \u010dasom.<\/p>","protected":false},"excerpt":{"rendered":"<p>Optimal Efficiency.\u00a0This polished concrete cleaner is specially designed to remove stains, dust, grease residues, and limescale marks that dull polished concrete surfaces. Its powerful formula penetrates deeply to dissolve impurities without affecting the finish. It cleans gently while preserving the natural shine and texture of the concrete, ensuring effective, abrasion-free maintenance. Money-back guarantee.\u00a0We have full [&hellip;]<\/p>\n","protected":false},"featured_media":36083,"comment_status":"open","ping_status":"closed","template":"","meta":{"_uag_custom_page_level_css":"","site-sidebar-layout":"default","site-content-layout":"","ast-site-content-layout":"default","site-content-style":"default","site-sidebar-style":"default","ast-global-header-display":"","ast-banner-title-visibility":"","ast-main-header-display":"","ast-hfb-above-header-display":"","ast-hfb-below-header-display":"","ast-hfb-mobile-header-display":"","site-post-title":"","ast-breadcrumbs-content":"","ast-featured-img":"","footer-sml-layout":"","ast-disable-related-posts":"","theme-transparent-header-meta":"default","adv-header-id-meta":"","stick-header-meta":"","header-above-stick-meta":"","header-main-stick-meta":"","header-below-stick-meta":"","astra-migrate-meta-layouts":"set","ast-page-background-enabled":"default","ast-page-background-meta":{"desktop":{"background-color":"var(--ast-global-color-4)","background-image":"","background-repeat":"repeat","background-position":"center center","background-size":"auto","background-attachment":"scroll","background-type":"","background-media":"","overlay-type":"","overlay-color":"","overlay-opacity":"","overlay-gradient":""},"tablet":{"background-color":"","background-image":"","background-repeat":"repeat","background-position":"center center","background-size":"auto","background-attachment":"scroll","background-type":"","background-media":"","overlay-type":"","overlay-color":"","overlay-opacity":"","overlay-gradient":""},"mobile":{"background-color":"","background-image":"","background-repeat":"repeat","background-position":"center center","background-size":"auto","background-attachment":"scroll","background-type":"","background-media":"","overlay-type":"","overlay-color":"","overlay-opacity":"","overlay-gradient":""}},"ast-content-background-meta":{"desktop":{"background-color":"var(--ast-global-color-5)","background-image":"","background-repeat":"repeat","background-position":"center center","background-size":"auto","background-attachment":"scroll","background-type":"","background-media":"","overlay-type":"","overlay-color":"","overlay-opacity":"","overlay-gradient":""},"tablet":{"background-color":"var(--ast-global-color-5)","background-image":"","background-repeat":"repeat","background-position":"center center","background-size":"auto","background-attachment":"scroll","background-type":"","background-media":"","overlay-type":"","overlay-color":"","overlay-opacity":"","overlay-gradient":""},"mobile":{"background-color":"var(--ast-global-color-5)","background-image":"","background-repeat":"repeat","background-position":"center center","background-size":"auto","background-attachment":"scroll","background-type":"","background-media":"","overlay-type":"","overlay-color":"","overlay-opacity":"","overlay-gradient":""}}},"product_brand":[],"product_cat":[175,176,182],"product_tag":[],"class_list":{"0":"post-23821","1":"product","2":"type-product","3":"status-publish","4":"has-post-thumbnail","6":"product_cat-cleaning-products","7":"product_cat-concrete-treatment","8":"product_cat-microcement-kit","9":"desktop-align-left","10":"tablet-align-left","11":"mobile-align-left","13":"first","14":"instock","15":"sale","16":"shipping-taxable","17":"purchasable","18":"product-type-variable","19":"has-default-attributes"},"spectra_custom_meta":{"_visibility":["visible"],"_shopify_product_id":["9106351718645"],"_s2w_shopify_domain":["ferberpainting.myshopify.com"],"_shopify_variant_id":["46625993916661"],"_sku":[""],"_manage_stock":["no"],"total_sales":["65"],"_tax_status":["taxable"],"_tax_class":[""],"_backorders":["no"],"_sold_individually":["no"],"_virtual":["no"],"_downloadable":["no"],"_download_limit":["-1"],"_download_expiry":["-1"],"_stock":[null],"_stock_status":["instock"],"_wc_average_rating":["5.00"],"_wc_review_count":["10"],"_product_attributes":["a:1:{s:6:\"volume\";a:6:{s:4:\"name\";s:6:\"Volume\";s:5:\"value\";s:20:\"5 liters | 25 liters\";s:8:\"position\";i:1;s:10:\"is_visible\";i:0;s:12:\"is_variation\";i:1;s:11:\"is_taxonomy\";i:0;}}"],"_product_version":["10.5.1"],"wpse_downloadable_file_names":[""],"wpse_downloadable_file_urls":[""],"_edit_last":["1"],"_default_attributes":["a:1:{s:6:\"volume\";s:8:\"5 liters\";}"],"_edit_lock":["1772044826:1"],"_price":["29.90","129.90"],"merchant-center-availability":["yes"],"merchant-center-category":["7504"],"_thumbnail_id":["36083"],"_wp_page_template":["default"],"_wp_old_date":["2025-05-26"],"_product_image_gallery":["36085"],"site-sidebar-layout":["default"],"ast-site-content-layout":["default"],"site-content-style":["default"],"site-sidebar-style":["default"],"theme-transparent-header-meta":["default"],"_wc_rating_count":["a:1:{i:5;i:10;}"],"astra-migrate-meta-layouts":["set"],"_uag_css_file_name":["uag-css-23821.css"],"_elementor_page_assets":["a:0:{}"],"_uag_page_assets":["a:9:{s:3:\"css\";s:7133:\".uag-blocks-common-selector{z-index:var(--z-index-desktop) !important}@media(max-width: 976px){.uag-blocks-common-selector{z-index:var(--z-index-tablet) !important}}@media(max-width: 767px){.uag-blocks-common-selector{z-index:var(--z-index-mobile) !important}}.wp-block-uagb-image{display:flex}.wp-block-uagb-image__figure{position:relative;display:flex;flex-direction:column;max-width:100%;height:auto;margin:0}.wp-block-uagb-image__figure img{height:auto;display:flex;max-width:100%;transition:box-shadow .2s ease}.wp-block-uagb-image__figure>a{display:inline-block}.wp-block-uagb-image__figure figcaption{text-align:center;margin-top:.5em;margin-bottom:1em}.wp-block-uagb-image .components-placeholder.block-editor-media-placeholder .components-placeholder__instructions{align-self:center}.wp-block-uagb-image--align-left{text-align:left}.wp-block-uagb-image--align-right{text-align:right}.wp-block-uagb-image--align-center{text-align:center}.wp-block-uagb-image--align-full .wp-block-uagb-image__figure{margin-left:calc(50% - 50vw);margin-right:calc(50% - 50vw);max-width:100vw;width:100vw;height:auto}.wp-block-uagb-image--align-full .wp-block-uagb-image__figure img{height:auto;width:100% !important}.wp-block-uagb-image--align-wide .wp-block-uagb-image__figure img{height:auto;width:100%}.wp-block-uagb-image--layout-overlay__color-wrapper{position:absolute;left:0;top:0;right:0;bottom:0;opacity:.2;background:rgba(0,0,0,.5);transition:opacity .35s ease-in-out}.wp-block-uagb-image--layout-overlay-link{position:absolute;left:0;right:0;bottom:0;top:0}.wp-block-uagb-image--layout-overlay .wp-block-uagb-image__figure:hover .wp-block-uagb-image--layout-overlay__color-wrapper{opacity:1}.wp-block-uagb-image--layout-overlay__inner{position:absolute;left:15px;right:15px;bottom:15px;top:15px;display:flex;align-items:center;justify-content:center;flex-direction:column;border-color:#fff;transition:.35s ease-in-out}.wp-block-uagb-image--layout-overlay__inner.top-left,.wp-block-uagb-image--layout-overlay__inner.top-center,.wp-block-uagb-image--layout-overlay__inner.top-right{justify-content:flex-start}.wp-block-uagb-image--layout-overlay__inner.bottom-left,.wp-block-uagb-image--layout-overlay__inner.bottom-center,.wp-block-uagb-image--layout-overlay__inner.bottom-right{justify-content:flex-end}.wp-block-uagb-image--layout-overlay__inner.top-left,.wp-block-uagb-image--layout-overlay__inner.center-left,.wp-block-uagb-image--layout-overlay__inner.bottom-left{align-items:flex-start}.wp-block-uagb-image--layout-overlay__inner.top-right,.wp-block-uagb-image--layout-overlay__inner.center-right,.wp-block-uagb-image--layout-overlay__inner.bottom-right{align-items:flex-end}.wp-block-uagb-image--layout-overlay__inner .uagb-image-heading{color:#fff;transition:transform .35s,opacity .35s ease-in-out;transform:translate3d(0, 24px, 0);margin:0;line-height:1em}.wp-block-uagb-image--layout-overlay__inner .uagb-image-separator{width:30%;border-top-width:2px;border-top-color:#fff;border-top-style:solid;margin-bottom:10px;opacity:0;transition:transform .4s,opacity .4s ease-in-out;transform:translate3d(0, 30px, 0)}.wp-block-uagb-image--layout-overlay__inner .uagb-image-caption{opacity:0;overflow:visible;color:#fff;transition:transform .45s,opacity .45s ease-in-out;transform:translate3d(0, 35px, 0)}.wp-block-uagb-image--layout-overlay__inner:hover .uagb-image-heading,.wp-block-uagb-image--layout-overlay__inner:hover .uagb-image-separator,.wp-block-uagb-image--layout-overlay__inner:hover .uagb-image-caption{opacity:1;transform:translate3d(0, 0, 0)}.wp-block-uagb-image--effect-zoomin .wp-block-uagb-image__figure img,.wp-block-uagb-image--effect-zoomin .wp-block-uagb-image__figure .wp-block-uagb-image--layout-overlay__color-wrapper{transform:scale(1);transition:transform .35s ease-in-out}.wp-block-uagb-image--effect-zoomin .wp-block-uagb-image__figure:hover img,.wp-block-uagb-image--effect-zoomin .wp-block-uagb-image__figure:hover .wp-block-uagb-image--layout-overlay__color-wrapper{transform:scale(1.05)}.wp-block-uagb-image--effect-slide .wp-block-uagb-image__figure img,.wp-block-uagb-image--effect-slide .wp-block-uagb-image__figure .wp-block-uagb-image--layout-overlay__color-wrapper{width:calc(100% + 40px) !important;max-width:none !important;transform:translate3d(-40px, 0, 0);transition:transform .35s ease-in-out}.wp-block-uagb-image--effect-slide .wp-block-uagb-image__figure:hover img,.wp-block-uagb-image--effect-slide .wp-block-uagb-image__figure:hover .wp-block-uagb-image--layout-overlay__color-wrapper{transform:translate3d(0, 0, 0)}.wp-block-uagb-image--effect-grayscale img{filter:grayscale(0%);transition:.35s ease-in-out}.wp-block-uagb-image--effect-grayscale:hover img{filter:grayscale(100%)}.wp-block-uagb-image--effect-blur img{filter:blur(0);transition:.35s ease-in-out}.wp-block-uagb-image--effect-blur:hover img{filter:blur(3px)}.uagb-block-e6f939b3.wp-block-uagb-image--layout-default figure img{box-shadow: 0px 0px 0 #00000070;}.uagb-block-e6f939b3.wp-block-uagb-image .wp-block-uagb-image__figure figcaption{font-style: normal;align-self: center;}.uagb-block-e6f939b3.wp-block-uagb-image--layout-overlay figure img{box-shadow: 0px 0px 0 #00000070;}.uagb-block-e6f939b3.wp-block-uagb-image--layout-overlay .wp-block-uagb-image--layout-overlay__color-wrapper{opacity: 0.2;}.uagb-block-e6f939b3.wp-block-uagb-image--layout-overlay .wp-block-uagb-image--layout-overlay__inner{left: 15px;right: 15px;top: 15px;bottom: 15px;}.uagb-block-e6f939b3.wp-block-uagb-image--layout-overlay .wp-block-uagb-image--layout-overlay__inner .uagb-image-heading{font-style: normal;color: #fff;opacity: 1;}.uagb-block-e6f939b3.wp-block-uagb-image--layout-overlay .wp-block-uagb-image--layout-overlay__inner .uagb-image-heading a{color: #fff;}.uagb-block-e6f939b3.wp-block-uagb-image--layout-overlay .wp-block-uagb-image--layout-overlay__inner .uagb-image-caption{opacity: 0;}.uagb-block-e6f939b3.wp-block-uagb-image--layout-overlay .wp-block-uagb-image__figure:hover .wp-block-uagb-image--layout-overlay__color-wrapper{opacity: 1;}.uagb-block-e6f939b3.wp-block-uagb-image .wp-block-uagb-image--layout-overlay__inner .uagb-image-separator{width: 30%;border-top-width: 2px;border-top-color: #fff;opacity: 0;}.uagb-block-e6f939b3.wp-block-uagb-image .wp-block-uagb-image__figure img{width: px;height: auto;}.uagb-block-e6f939b3.wp-block-uagb-image .wp-block-uagb-image__figure:hover .wp-block-uagb-image--layout-overlay__inner .uagb-image-caption{opacity: 1;}.uagb-block-e6f939b3.wp-block-uagb-image .wp-block-uagb-image__figure:hover .wp-block-uagb-image--layout-overlay__inner .uagb-image-separator{opacity: 1;}.uagb-block-e6f939b3.wp-block-uagb-image--layout-default figure:hover img{box-shadow: 0px 0px 0 #00000070;}.uagb-block-e6f939b3.wp-block-uagb-image--layout-overlay figure:hover img{box-shadow: 0px 0px 0 #00000070;}@media only screen and (max-width: 976px) {.uagb-block-e6f939b3.wp-block-uagb-image .wp-block-uagb-image__figure img{width: px;height: auto;}}@media only screen and (max-width: 767px) {.uagb-block-e6f939b3.wp-block-uagb-image .wp-block-uagb-image__figure img{width: px;height: auto;}}\";s:2:\"js\";s:0:\"\";s:18:\"current_block_list\";a:13:{i:0;s:11:\"core\/search\";i:1;s:10:\"core\/group\";i:2;s:12:\"core\/heading\";i:3;s:17:\"core\/latest-posts\";i:4;s:20:\"core\/latest-comments\";i:5;s:13:\"core\/archives\";i:6;s:15:\"core\/categories\";i:7;s:14:\"core\/paragraph\";i:8;s:10:\"uagb\/image\";i:9;s:11:\"core\/spacer\";i:10;s:30:\"woocommerce\/product-categories\";i:11;s:10:\"core\/image\";i:12;s:14:\"core\/shortcode\";}s:8:\"uag_flag\";b:1;s:11:\"uag_version\";s:10:\"1777087633\";s:6:\"gfonts\";a:0:{}s:10:\"gfonts_url\";s:0:\"\";s:12:\"gfonts_files\";a:0:{}s:14:\"uag_faq_layout\";b:0;}"]},"uagb_featured_image_src":{"full":["https:\/\/www.ferberpainting.com\/wp-content\/uploads\/2025\/05\/Microcement-Cleaner-5L-.png",2560,2560,false],"thumbnail":["https:\/\/www.ferberpainting.com\/wp-content\/uploads\/2025\/05\/Microcement-Cleaner-5L--150x150.png",150,150,true],"medium":["https:\/\/www.ferberpainting.com\/wp-content\/uploads\/2025\/05\/Microcement-Cleaner-5L--300x300.png",300,300,true],"medium_large":["https:\/\/www.ferberpainting.com\/wp-content\/uploads\/2025\/05\/Microcement-Cleaner-5L--768x768.png",768,768,true],"large":["https:\/\/www.ferberpainting.com\/wp-content\/uploads\/2025\/05\/Microcement-Cleaner-5L--1024x1024.png",1024,1024,true],"1536x1536":["https:\/\/www.ferberpainting.com\/wp-content\/uploads\/2025\/05\/Microcement-Cleaner-5L--1536x1536.png",1536,1536,true],"2048x2048":["https:\/\/www.ferberpainting.com\/wp-content\/uploads\/2025\/05\/Microcement-Cleaner-5L--2048x2048.png",2048,2048,true],"trp-custom-language-flag":["https:\/\/www.ferberpainting.com\/wp-content\/uploads\/2025\/05\/Microcement-Cleaner-5L--12x12.png",12,12,true],"woocommerce_thumbnail":["https:\/\/www.ferberpainting.com\/wp-content\/uploads\/2025\/05\/Microcement-Cleaner-5L--300x300.png",300,300,true],"woocommerce_single":["https:\/\/www.ferberpainting.com\/wp-content\/uploads\/2025\/05\/Microcement-Cleaner-5L--600x600.png",600,600,true],"woocommerce_gallery_thumbnail":["https:\/\/www.ferberpainting.com\/wp-content\/uploads\/2025\/05\/Microcement-Cleaner-5L--100x100.png",100,100,true]},"uagb_author_info":{"display_name":"admin","author_link":"https:\/\/www.ferberpainting.com\/si\/author\/"},"uagb_comment_info":10,"uagb_excerpt":"Optimal Efficiency.\u00a0This polished concrete cleaner is specially designed to remove stains, dust, grease residues, and limescale marks that dull polished concrete surfaces. Its powerful formula penetrates deeply to dissolve impurities without affecting the finish. It cleans gently while preserving the natural shine and texture of the concrete, ensuring effective, abrasion-free maintenance. Money-back guarantee.\u00a0We have full&hellip;","_links":{"self":[{"href":"https:\/\/www.ferberpainting.com\/si\/wp-json\/wp\/v2\/product\/23821","targetHints":{"allow":["GET"]}}],"collection":[{"href":"https:\/\/www.ferberpainting.com\/si\/wp-json\/wp\/v2\/product"}],"about":[{"href":"https:\/\/www.ferberpainting.com\/si\/wp-json\/wp\/v2\/types\/product"}],"replies":[{"embeddable":true,"href":"https:\/\/www.ferberpainting.com\/si\/wp-json\/wp\/v2\/comments?post=23821"}],"version-history":[{"count":3,"href":"https:\/\/www.ferberpainting.com\/si\/wp-json\/wp\/v2\/product\/23821\/revisions"}],"predecessor-version":[{"id":166514,"href":"https:\/\/www.ferberpainting.com\/si\/wp-json\/wp\/v2\/product\/23821\/revisions\/166514"}],"wp:featuredmedia":[{"embeddable":true,"href":"https:\/\/www.ferberpainting.com\/si\/wp-json\/wp\/v2\/media\/36083"}],"wp:attachment":[{"href":"https:\/\/www.ferberpainting.com\/si\/wp-json\/wp\/v2\/media?parent=23821"}],"wp:term":[{"taxonomy":"product_brand","embeddable":true,"href":"https:\/\/www.ferberpainting.com\/si\/wp-json\/wp\/v2\/product_brand?post=23821"},{"taxonomy":"product_cat","embeddable":true,"href":"https:\/\/www.ferberpainting.com\/si\/wp-json\/wp\/v2\/product_cat?post=23821"},{"taxonomy":"product_tag","embeddable":true,"href":"https:\/\/www.ferberpainting.com\/si\/wp-json\/wp\/v2\/product_tag?post=23821"}],"curies":[{"name":"wp","href":"https:\/\/api.w.org\/{rel}","templated":true}]}}