{"id":23802,"date":"2025-05-26T10:25:35","date_gmt":"2025-05-26T08:25:35","guid":{"rendered":"https:\/\/www.ferberpainting.com\/products\/magnolia-fertilizer\/"},"modified":"2026-02-15T20:51:18","modified_gmt":"2026-02-15T19:51:18","slug":"magnolia-fertilizer","status":"publish","type":"product","link":"https:\/\/www.ferberpainting.com\/si\/products\/magnolia-fertilizer\/","title":{"rendered":"Gnojilo za magnolije 25 kg"},"content":{"rendered":"<p><strong><img decoding=\"async\" style=\"margin-right: 12px;\" src=\"https:\/\/www.ferberpainting.com\/wp-content\/uploads\/2026\/02\/Check.svg\" alt=\"\" width=\"18\" height=\"15\" \/>Gnojilo, zasnovano za bogato cvetenje in \u017eivahno listje.<\/strong>\u00a0Magnolija je dobro znano okrasno drevo ali grm, ki slovi po svojih \u010dudovitih cvetovih in \u017eivahnem listju. Za zagotavljanje obilnega in dolgotrajnega cvetenja ter zdrave in \u017eivahne rasti je treba poskrbeti za ustrezno gnojenje. To gnojilo NPK 10-10-10 zagotavlja uravnote\u017eeno prehrano z du\u0161ikom (N), ki je bistven za razvoj listja, fosforjem (P), ki spodbuja mo\u010dan razvoj korenin, in kalijem (K), ki pove\u010duje odpornost na bolezni in odpornost na podnebne vplive. S tem gnojilom bo va\u0161a magnolija u\u017eivala v optimalnem zdravju, harmoni\u010dni rasti in ble\u0161\u010de\u010dem cvetenju.<\/p>\n<p><strong><img decoding=\"async\" style=\"margin-right: 12px;\" src=\"https:\/\/www.ferberpainting.com\/wp-content\/uploads\/2026\/02\/Check.svg\" alt=\"\" width=\"18\" height=\"15\" \/>Jamstvo vra\u010dila denarja.<\/strong>\u00a0Popolnoma zaupamo v kakovost in u\u010dinkovitost na\u0161ega gnojila za magnolije, zato nudimo garancijo za vra\u010dilo denarja. \u010ce po pravilni uporabi v skladu z navodili ne boste opazili bistvenega izbolj\u0161anja cvetenja, rasti ali vitalnosti, vam bomo v celoti povrnili denar.<\/p>\n<p><strong><img decoding=\"async\" style=\"margin-right: 12px;\" src=\"https:\/\/www.ferberpainting.com\/wp-content\/uploads\/2026\/02\/Check.svg\" alt=\"\" width=\"18\" height=\"15\" \/>Primerno za vse sorte in razli\u010dne rastne razmere.<\/strong>\u00a0To gnojilo je primerno za vse sorte magnolije, ne glede na to, ali gre za Magnolia grandiflora, Magnolia stellata, Magnolia soulangeana ali druge zimzelene in listopadne sorte. Uporablja se lahko za magnolije, posajene v zemlji ali v loncih, in zagotavlja optimalno gnojenje ne glede na na\u010din gojenja. Primeren je tudi za vse vrste tal, bodisi ilovnata, pe\u0161\u010dena, apnen\u010dasta ali bogata s humusom, saj izbolj\u0161a njihovo strukturo in optimizira absorpcijo hranil v koreninah.<\/p>\n<p><strong><img decoding=\"async\" style=\"margin-right: 12px;\" src=\"https:\/\/www.ferberpainting.com\/wp-content\/uploads\/2026\/02\/Check.svg\" alt=\"\" width=\"18\" height=\"15\" \/>Var\u010den pridelek in dolgotrajno gnojenje.<\/strong>\u00a0Zaradi svoje sestave to gnojilo postopoma spro\u0161\u010da hranila v tla, kar zagotavlja dolgotrajno delovanje ve\u010d tednov. S 25-kilogramsko vre\u010do lahko pognojite veliko \u0161tevilo magnolij, kar zagotavlja u\u010dinkovito in ekonomi\u010dno gnojenje. Z optimalnim odmerkom 200 g na drevo zagotavlja redno oskrbo s hranili brez prese\u017ekov, s \u010dimer optimizira rast in cvetenje brez izgub.<\/p>\n<p><strong><img decoding=\"async\" style=\"margin-right: 12px;\" src=\"https:\/\/www.ferberpainting.com\/wp-content\/uploads\/2026\/02\/Check.svg\" alt=\"\" width=\"18\" height=\"15\" \/>Gnojilo, ki spo\u0161tuje okolje.<\/strong>\u00a0To gnojilo je oblikovano tako, da spo\u0161tuje biolo\u0161ko ravnovesje tal in okoli\u0161ko biotsko raznovrstnost, zato ne vsebuje \u0161kodljivih kemikalij, ki bi lahko spremenile kakovost tal ali \u0161kodovale \u017eu\u017eelkam opra\u0161evalkam, kot so \u010debele in metulji. Prav tako je varno za doma\u010de \u017eivali in otroke, kar zagotavlja varno uporabo na va\u0161em vrtu ali zunanjem prostoru.<\/p>\n<p><strong><img decoding=\"async\" style=\"margin-right: 12px;\" src=\"https:\/\/www.ferberpainting.com\/wp-content\/uploads\/2026\/02\/Check.svg\" alt=\"\" width=\"18\" height=\"15\" \/>Enostavna uporaba in lahkotno gnojenje.<\/strong>\u00a0V nasprotju s teko\u010dimi gnojili, ki jih je treba red\u010diti in natan\u010dno meriti, se to trdno gnojilo preprosto nanese na podlago drevesa, kar omogo\u010da hitro in u\u010dinkovito gnojenje. Preprost in dostopen na\u010din uporabe je primeren tako za vrtnarje za\u010detnike kot tudi za izku\u0161ene navdu\u0161ence, saj zagotavlja dosledno oskrbo s hranili.<\/p>\n<p><strong><img decoding=\"async\" style=\"margin-right: 12px;\" src=\"https:\/\/www.ferberpainting.com\/wp-content\/uploads\/2026\/02\/Check.svg\" alt=\"\" width=\"18\" height=\"15\" \/>Podalj\u0161ano delovanje za neprekinjeno rast in dolgotrajno cvetenje.<\/strong>\u00a0Zaradi postopnega spro\u0161\u010danja to gnojilo magnolijo hrani ve\u010d tednov, kar zagotavlja dolgotrajno cvetenje in stabilno rast. Pove\u010da tudi odpornost rastline na glivi\u010dne bolezni, \u0161kodljivce in te\u017eke vremenske razmere, kot sta su\u0161a ali zmrzal.<\/p>\n<p><strong><img decoding=\"async\" style=\"margin-right: 12px;\" src=\"https:\/\/www.ferberpainting.com\/wp-content\/uploads\/2026\/02\/Check.svg\" alt=\"\" width=\"18\" height=\"15\" \/>Vidni rezultati v prvih nekaj tednih.<\/strong>\u00a0To gnojilo \u017ee ob prvih nanosih spodbuja pojav novih poganjkov, gostej\u0161e listje ter svetlost in barvo cvetov. \u017de v nekaj tednih bo va\u0161a magnolija pokazala mo\u010dno rast, bogato cvetenje in elegantno silhueto, ki bo va\u0161emu vrtu dodala prefinjen pridih.<\/p>\n<h2><strong>Protokol uporabe<\/strong><\/h2>\n<p><strong>Priporo\u010deni odmerek <\/strong>: Uporabite 200 g gnojila na drevo, odvisno od njegove velikosti in starosti. Za mlade magnolije zmanj\u0161ajte odmerek na 100 g, da se izognete prehitri rasti, ki bi lahko oslabila rastlino.<\/p>\n<p><strong>Na\u010din uporabe <\/strong>:<\/p>\n<ul>\n<li><strong>S \u0161irjenjem <\/strong>: Gnojilo razporedite v tankem sloju okoli dna drevesa in poskrbite, da se granule enakomerno razporedijo po povr\u0161ini koreninskega obmo\u010dja.<\/li>\n<li><strong>Z vna\u0161anjem v tla <\/strong>: Po nanosu rahlo zdrgnite povr\u0161ino tal, da hranila la\u017eje prodrejo in se postopoma vsrkajo v korenine.<\/li>\n<li><strong>Zalivanje po nanosu<\/strong>: Po gnojenju izdatno zalijte, da pospe\u0161ite spro\u0161\u010danje hranil in njihovo razpr\u0161itev v tla.<\/li>\n<\/ul>\n<p><strong>Pogostost uporabe <\/strong>:<\/p>\n<ul>\n<li><strong>V sezoni rasti in cvetenja (pomlad-poletje) <\/strong>: Gnojilo uporabite vsakih 6 do 8 tednov, da zagotovite neprekinjeno oskrbo z bistvenimi hranili.<\/li>\n<li><strong>V obdobju mirovanja (jesen-zima) <\/strong>: Uporabljajte ga enkrat na tri mesece, da ohranite energijo drevesa in ne spodbujate pretirane rasti.<\/li>\n<\/ul>\n<p><strong>Previdnostni ukrepi za uporabo <\/strong>: Ne prekora\u010dite priporo\u010denih odmerkov, da se izognete neravnovesju hranil, ki bi lahko upo\u010dasnilo rast magnolije ali povzro\u010dilo opekline korenin. Uporabljajte le na rahlo vla\u017enih tleh, da zagotovite optimalno absorpcijo hranil.<\/p>\n<p><strong>Shranjevanje in konzerviranje <\/strong>: Gnojilo shranjujte v suhem, dobro prezra\u010devanem prostoru, stran od vlage in ekstremnih temperatur. Po vsaki uporabi vre\u010dko ponovno skrbno zaprite, da ohranite u\u010dinkovitost izdelka in prepre\u010dite spremembo njegovih gnojilnih lastnosti.<\/p>\n<p>S tem gnojilom za magnolijo zagotovite svojemu drevesu popolno prehrano, ki je popolnoma prilagojena njegovim posebnim potrebam, zagotavlja harmoni\u010dno rast, spektakularno cvetenje in bolj\u0161o odpornost na podnebne vplive. To je idealna re\u0161itev za polep\u0161anje va\u0161ega vrta z magnolijo, ki je sijo\u010da in zdrava vse leto.<\/p>","protected":false},"excerpt":{"rendered":"<p>A fertilizer designed for sumptuous flowering and vibrant foliage.\u00a0Magnolia is a well-known ornamental tree or shrub celebrated for its spectacular flowers and vibrant foliage. To ensure abundant and prolonged blooming, as well as healthy and vigorous growth, it is essential to provide appropriate fertilization. This NPK 10-10-10 fertilizer provides balanced nutrition by supplying nitrogen (N), [&hellip;]<\/p>\n","protected":false},"featured_media":26260,"comment_status":"open","ping_status":"closed","template":"","meta":{"_uag_custom_page_level_css":"","site-sidebar-layout":"default","site-content-layout":"","ast-site-content-layout":"default","site-content-style":"default","site-sidebar-style":"default","ast-global-header-display":"","ast-banner-title-visibility":"","ast-main-header-display":"","ast-hfb-above-header-display":"","ast-hfb-below-header-display":"","ast-hfb-mobile-header-display":"","site-post-title":"","ast-breadcrumbs-content":"","ast-featured-img":"","footer-sml-layout":"","ast-disable-related-posts":"","theme-transparent-header-meta":"default","adv-header-id-meta":"","stick-header-meta":"","header-above-stick-meta":"","header-main-stick-meta":"","header-below-stick-meta":"","astra-migrate-meta-layouts":"set","ast-page-background-enabled":"default","ast-page-background-meta":{"desktop":{"background-color":"var(--ast-global-color-4)","background-image":"","background-repeat":"repeat","background-position":"center center","background-size":"auto","background-attachment":"scroll","background-type":"","background-media":"","overlay-type":"","overlay-color":"","overlay-opacity":"","overlay-gradient":""},"tablet":{"background-color":"","background-image":"","background-repeat":"repeat","background-position":"center center","background-size":"auto","background-attachment":"scroll","background-type":"","background-media":"","overlay-type":"","overlay-color":"","overlay-opacity":"","overlay-gradient":""},"mobile":{"background-color":"","background-image":"","background-repeat":"repeat","background-position":"center center","background-size":"auto","background-attachment":"scroll","background-type":"","background-media":"","overlay-type":"","overlay-color":"","overlay-opacity":"","overlay-gradient":""}},"ast-content-background-meta":{"desktop":{"background-color":"var(--ast-global-color-5)","background-image":"","background-repeat":"repeat","background-position":"center center","background-size":"auto","background-attachment":"scroll","background-type":"","background-media":"","overlay-type":"","overlay-color":"","overlay-opacity":"","overlay-gradient":""},"tablet":{"background-color":"var(--ast-global-color-5)","background-image":"","background-repeat":"repeat","background-position":"center center","background-size":"auto","background-attachment":"scroll","background-type":"","background-media":"","overlay-type":"","overlay-color":"","overlay-opacity":"","overlay-gradient":""},"mobile":{"background-color":"var(--ast-global-color-5)","background-image":"","background-repeat":"repeat","background-position":"center center","background-size":"auto","background-attachment":"scroll","background-type":"","background-media":"","overlay-type":"","overlay-color":"","overlay-opacity":"","overlay-gradient":""}}},"product_brand":[],"product_cat":[178],"product_tag":[],"class_list":{"0":"post-23802","1":"product","2":"type-product","3":"status-publish","4":"has-post-thumbnail","6":"product_cat-fertilizers","7":"desktop-align-left","8":"tablet-align-left","9":"mobile-align-left","11":"first","12":"instock","13":"shipping-taxable","14":"purchasable","15":"product-type-simple"},"spectra_custom_meta":{"_visibility":["visible"],"_shopify_product_id":["9067977441525"],"_s2w_shopify_domain":["ferberpainting.myshopify.com"],"_shopify_variant_id":["46509717848309"],"_sku":["FPMAGNOLIAFERTILIZER25KG"],"_regular_price":["39.90"],"_price":["39.90"],"_sale_price":[""],"_weight":["18.5"],"_thumbnail_id":["26260"],"_global_unique_id":["5056773817548"],"total_sales":["10"],"_tax_status":["taxable"],"_tax_class":[""],"_manage_stock":["no"],"_backorders":["no"],"_sold_individually":["no"],"_virtual":["no"],"_downloadable":["no"],"_download_limit":["-1"],"_download_expiry":["-1"],"_stock":[null],"_stock_status":["instock"],"_wc_average_rating":["5.00"],"_wc_review_count":["33"],"_product_version":["10.5.1"],"_wc_rating_count":["a:1:{i:5;i:33;}"],"_edit_lock":["1771184942:1"],"merchant-center-availability":["yes"],"merchant-center-category":["113"],"_edit_last":["1"],"_wp_page_template":["default"],"site-sidebar-layout":["default"],"ast-site-content-layout":["default"],"site-content-style":["default"],"site-sidebar-style":["default"],"theme-transparent-header-meta":["default"],"astra-migrate-meta-layouts":["set"],"_uag_css_file_name":["uag-css-23802.css"],"_elementor_page_assets":["a:0:{}"],"_uag_page_assets":["a:9:{s:3:\"css\";s:6873:\".wp-block-uagb-image{display:flex}.wp-block-uagb-image__figure{position:relative;display:flex;flex-direction:column;max-width:100%;height:auto;margin:0}.wp-block-uagb-image__figure img{height:auto;display:flex;max-width:100%;transition:box-shadow .2s ease}.wp-block-uagb-image__figure>a{display:inline-block}.wp-block-uagb-image__figure figcaption{text-align:center;margin-top:.5em;margin-bottom:1em}.wp-block-uagb-image .components-placeholder.block-editor-media-placeholder .components-placeholder__instructions{align-self:center}.wp-block-uagb-image--align-left{text-align:left}.wp-block-uagb-image--align-right{text-align:right}.wp-block-uagb-image--align-center{text-align:center}.wp-block-uagb-image--align-full .wp-block-uagb-image__figure{margin-left:calc(50% - 50vw);margin-right:calc(50% - 50vw);max-width:100vw;width:100vw;height:auto}.wp-block-uagb-image--align-full .wp-block-uagb-image__figure img{height:auto;width:100% !important}.wp-block-uagb-image--align-wide .wp-block-uagb-image__figure img{height:auto;width:100%}.wp-block-uagb-image--layout-overlay__color-wrapper{position:absolute;left:0;top:0;right:0;bottom:0;opacity:.2;background:rgba(0,0,0,.5);transition:opacity .35s ease-in-out}.wp-block-uagb-image--layout-overlay-link{position:absolute;left:0;right:0;bottom:0;top:0}.wp-block-uagb-image--layout-overlay .wp-block-uagb-image__figure:hover .wp-block-uagb-image--layout-overlay__color-wrapper{opacity:1}.wp-block-uagb-image--layout-overlay__inner{position:absolute;left:15px;right:15px;bottom:15px;top:15px;display:flex;align-items:center;justify-content:center;flex-direction:column;border-color:#fff;transition:.35s ease-in-out}.wp-block-uagb-image--layout-overlay__inner.top-left,.wp-block-uagb-image--layout-overlay__inner.top-center,.wp-block-uagb-image--layout-overlay__inner.top-right{justify-content:flex-start}.wp-block-uagb-image--layout-overlay__inner.bottom-left,.wp-block-uagb-image--layout-overlay__inner.bottom-center,.wp-block-uagb-image--layout-overlay__inner.bottom-right{justify-content:flex-end}.wp-block-uagb-image--layout-overlay__inner.top-left,.wp-block-uagb-image--layout-overlay__inner.center-left,.wp-block-uagb-image--layout-overlay__inner.bottom-left{align-items:flex-start}.wp-block-uagb-image--layout-overlay__inner.top-right,.wp-block-uagb-image--layout-overlay__inner.center-right,.wp-block-uagb-image--layout-overlay__inner.bottom-right{align-items:flex-end}.wp-block-uagb-image--layout-overlay__inner .uagb-image-heading{color:#fff;transition:transform .35s,opacity .35s ease-in-out;transform:translate3d(0, 24px, 0);margin:0;line-height:1em}.wp-block-uagb-image--layout-overlay__inner .uagb-image-separator{width:30%;border-top-width:2px;border-top-color:#fff;border-top-style:solid;margin-bottom:10px;opacity:0;transition:transform .4s,opacity .4s ease-in-out;transform:translate3d(0, 30px, 0)}.wp-block-uagb-image--layout-overlay__inner .uagb-image-caption{opacity:0;overflow:visible;color:#fff;transition:transform .45s,opacity .45s ease-in-out;transform:translate3d(0, 35px, 0)}.wp-block-uagb-image--layout-overlay__inner:hover .uagb-image-heading,.wp-block-uagb-image--layout-overlay__inner:hover .uagb-image-separator,.wp-block-uagb-image--layout-overlay__inner:hover .uagb-image-caption{opacity:1;transform:translate3d(0, 0, 0)}.wp-block-uagb-image--effect-zoomin .wp-block-uagb-image__figure img,.wp-block-uagb-image--effect-zoomin .wp-block-uagb-image__figure .wp-block-uagb-image--layout-overlay__color-wrapper{transform:scale(1);transition:transform .35s ease-in-out}.wp-block-uagb-image--effect-zoomin .wp-block-uagb-image__figure:hover img,.wp-block-uagb-image--effect-zoomin .wp-block-uagb-image__figure:hover .wp-block-uagb-image--layout-overlay__color-wrapper{transform:scale(1.05)}.wp-block-uagb-image--effect-slide .wp-block-uagb-image__figure img,.wp-block-uagb-image--effect-slide .wp-block-uagb-image__figure .wp-block-uagb-image--layout-overlay__color-wrapper{width:calc(100% + 40px) !important;max-width:none !important;transform:translate3d(-40px, 0, 0);transition:transform .35s ease-in-out}.wp-block-uagb-image--effect-slide .wp-block-uagb-image__figure:hover img,.wp-block-uagb-image--effect-slide .wp-block-uagb-image__figure:hover .wp-block-uagb-image--layout-overlay__color-wrapper{transform:translate3d(0, 0, 0)}.wp-block-uagb-image--effect-grayscale img{filter:grayscale(0%);transition:.35s ease-in-out}.wp-block-uagb-image--effect-grayscale:hover img{filter:grayscale(100%)}.wp-block-uagb-image--effect-blur img{filter:blur(0);transition:.35s ease-in-out}.wp-block-uagb-image--effect-blur:hover img{filter:blur(3px)}.uagb-block-e6f939b3.wp-block-uagb-image--layout-default figure img{box-shadow: 0px 0px 0 #00000070;}.uagb-block-e6f939b3.wp-block-uagb-image .wp-block-uagb-image__figure figcaption{font-style: normal;align-self: center;}.uagb-block-e6f939b3.wp-block-uagb-image--layout-overlay figure img{box-shadow: 0px 0px 0 #00000070;}.uagb-block-e6f939b3.wp-block-uagb-image--layout-overlay .wp-block-uagb-image--layout-overlay__color-wrapper{opacity: 0.2;}.uagb-block-e6f939b3.wp-block-uagb-image--layout-overlay .wp-block-uagb-image--layout-overlay__inner{left: 15px;right: 15px;top: 15px;bottom: 15px;}.uagb-block-e6f939b3.wp-block-uagb-image--layout-overlay .wp-block-uagb-image--layout-overlay__inner .uagb-image-heading{font-style: normal;color: #fff;opacity: 1;}.uagb-block-e6f939b3.wp-block-uagb-image--layout-overlay .wp-block-uagb-image--layout-overlay__inner .uagb-image-heading a{color: #fff;}.uagb-block-e6f939b3.wp-block-uagb-image--layout-overlay .wp-block-uagb-image--layout-overlay__inner .uagb-image-caption{opacity: 0;}.uagb-block-e6f939b3.wp-block-uagb-image--layout-overlay .wp-block-uagb-image__figure:hover .wp-block-uagb-image--layout-overlay__color-wrapper{opacity: 1;}.uagb-block-e6f939b3.wp-block-uagb-image .wp-block-uagb-image--layout-overlay__inner .uagb-image-separator{width: 30%;border-top-width: 2px;border-top-color: #fff;opacity: 0;}.uagb-block-e6f939b3.wp-block-uagb-image .wp-block-uagb-image__figure img{width: px;height: auto;}.uagb-block-e6f939b3.wp-block-uagb-image .wp-block-uagb-image__figure:hover .wp-block-uagb-image--layout-overlay__inner .uagb-image-caption{opacity: 1;}.uagb-block-e6f939b3.wp-block-uagb-image .wp-block-uagb-image__figure:hover .wp-block-uagb-image--layout-overlay__inner .uagb-image-separator{opacity: 1;}.uagb-block-e6f939b3.wp-block-uagb-image--layout-default figure:hover img{box-shadow: 0px 0px 0 #00000070;}.uagb-block-e6f939b3.wp-block-uagb-image--layout-overlay figure:hover img{box-shadow: 0px 0px 0 #00000070;}@media only screen and (max-width: 976px) {.uagb-block-e6f939b3.wp-block-uagb-image .wp-block-uagb-image__figure img{width: px;height: auto;}}@media only screen and (max-width: 767px) {.uagb-block-e6f939b3.wp-block-uagb-image .wp-block-uagb-image__figure img{width: px;height: auto;}}\";s:2:\"js\";s:0:\"\";s:18:\"current_block_list\";a:13:{i:0;s:11:\"core\/search\";i:1;s:10:\"core\/group\";i:2;s:12:\"core\/heading\";i:3;s:17:\"core\/latest-posts\";i:4;s:20:\"core\/latest-comments\";i:5;s:13:\"core\/archives\";i:6;s:15:\"core\/categories\";i:7;s:14:\"core\/paragraph\";i:8;s:10:\"uagb\/image\";i:9;s:11:\"core\/spacer\";i:10;s:30:\"woocommerce\/product-categories\";i:11;s:10:\"core\/image\";i:12;s:14:\"core\/shortcode\";}s:8:\"uag_flag\";b:1;s:11:\"uag_version\";s:10:\"1777158907\";s:6:\"gfonts\";a:0:{}s:10:\"gfonts_url\";s:0:\"\";s:12:\"gfonts_files\";a:0:{}s:14:\"uag_faq_layout\";b:0;}"]},"uagb_featured_image_src":{"full":["https:\/\/www.ferberpainting.com\/wp-content\/uploads\/2025\/05\/MagnoliaFertilizer.png",2560,2560,false],"thumbnail":["https:\/\/www.ferberpainting.com\/wp-content\/uploads\/2025\/05\/MagnoliaFertilizer-150x150.png",150,150,true],"medium":["https:\/\/www.ferberpainting.com\/wp-content\/uploads\/2025\/05\/MagnoliaFertilizer-300x300.png",300,300,true],"medium_large":["https:\/\/www.ferberpainting.com\/wp-content\/uploads\/2025\/05\/MagnoliaFertilizer-768x768.png",768,768,true],"large":["https:\/\/www.ferberpainting.com\/wp-content\/uploads\/2025\/05\/MagnoliaFertilizer-1024x1024.png",1024,1024,true],"1536x1536":["https:\/\/www.ferberpainting.com\/wp-content\/uploads\/2025\/05\/MagnoliaFertilizer-1536x1536.png",1536,1536,true],"2048x2048":["https:\/\/www.ferberpainting.com\/wp-content\/uploads\/2025\/05\/MagnoliaFertilizer-2048x2048.png",2048,2048,true],"trp-custom-language-flag":["https:\/\/www.ferberpainting.com\/wp-content\/uploads\/2025\/05\/MagnoliaFertilizer-12x12.png",12,12,true],"woocommerce_thumbnail":["https:\/\/www.ferberpainting.com\/wp-content\/uploads\/2025\/05\/MagnoliaFertilizer-300x300.png",300,300,true],"woocommerce_single":["https:\/\/www.ferberpainting.com\/wp-content\/uploads\/2025\/05\/MagnoliaFertilizer-600x600.png",600,600,true],"woocommerce_gallery_thumbnail":["https:\/\/www.ferberpainting.com\/wp-content\/uploads\/2025\/05\/MagnoliaFertilizer-100x100.png",100,100,true]},"uagb_author_info":{"display_name":"admin","author_link":"https:\/\/www.ferberpainting.com\/si\/author\/"},"uagb_comment_info":33,"uagb_excerpt":"A fertilizer designed for sumptuous flowering and vibrant foliage.\u00a0Magnolia is a well-known ornamental tree or shrub celebrated for its spectacular flowers and vibrant foliage. To ensure abundant and prolonged blooming, as well as healthy and vigorous growth, it is essential to provide appropriate fertilization. This NPK 10-10-10 fertilizer provides balanced nutrition by supplying nitrogen (N),&hellip;","_links":{"self":[{"href":"https:\/\/www.ferberpainting.com\/si\/wp-json\/wp\/v2\/product\/23802","targetHints":{"allow":["GET"]}}],"collection":[{"href":"https:\/\/www.ferberpainting.com\/si\/wp-json\/wp\/v2\/product"}],"about":[{"href":"https:\/\/www.ferberpainting.com\/si\/wp-json\/wp\/v2\/types\/product"}],"replies":[{"embeddable":true,"href":"https:\/\/www.ferberpainting.com\/si\/wp-json\/wp\/v2\/comments?post=23802"}],"version-history":[{"count":5,"href":"https:\/\/www.ferberpainting.com\/si\/wp-json\/wp\/v2\/product\/23802\/revisions"}],"predecessor-version":[{"id":166490,"href":"https:\/\/www.ferberpainting.com\/si\/wp-json\/wp\/v2\/product\/23802\/revisions\/166490"}],"wp:featuredmedia":[{"embeddable":true,"href":"https:\/\/www.ferberpainting.com\/si\/wp-json\/wp\/v2\/media\/26260"}],"wp:attachment":[{"href":"https:\/\/www.ferberpainting.com\/si\/wp-json\/wp\/v2\/media?parent=23802"}],"wp:term":[{"taxonomy":"product_brand","embeddable":true,"href":"https:\/\/www.ferberpainting.com\/si\/wp-json\/wp\/v2\/product_brand?post=23802"},{"taxonomy":"product_cat","embeddable":true,"href":"https:\/\/www.ferberpainting.com\/si\/wp-json\/wp\/v2\/product_cat?post=23802"},{"taxonomy":"product_tag","embeddable":true,"href":"https:\/\/www.ferberpainting.com\/si\/wp-json\/wp\/v2\/product_tag?post=23802"}],"curies":[{"name":"wp","href":"https:\/\/api.w.org\/{rel}","templated":true}]}}