{"id":23540,"date":"2025-05-26T10:24:39","date_gmt":"2025-05-26T08:24:39","guid":{"rendered":"https:\/\/www.ferberpainting.com\/products\/hyacinth-fertilizer\/"},"modified":"2026-02-15T19:31:17","modified_gmt":"2026-02-15T18:31:17","slug":"hyacinth-fertilizer","status":"publish","type":"product","link":"https:\/\/www.ferberpainting.com\/si\/products\/hyacinth-fertilizer\/","title":{"rendered":"Gnojilo za hiacinte"},"content":{"rendered":"<p><strong><img decoding=\"async\" style=\"margin-right: 12px;\" src=\"https:\/\/www.ferberpainting.com\/wp-content\/uploads\/2026\/02\/Check.svg\" alt=\"\" width=\"18\" height=\"15\" \/>Gnojilo, ki je posebej zasnovano za bogato cvetenje in mo\u010dne \u010debulnice. <\/strong>Hiacinta je \u010debulnica, cenjena zaradi \u010dudovitih grozdov cvetov v \u017eivahnih barvah in o\u010darljivega vonja. To gnojilo NPK 15-15-15 zagotavlja popolno ravnovesje du\u0161ika (N) za mo\u010dne liste, fosforja (P) za pospe\u0161evanje ukoreninjenja in intenzivnega cvetenja ter kalija (K) za pove\u010danje odpornosti proti boleznim in izbolj\u0161anje trajnosti \u010debulic. Zaradi te popolne preskrbe s hranili bo va\u0161a hijacinta imela koristi od skladnega razvoja in ve\u010djih, bolj barvitih cvetov.<\/p>\n<p><strong><img decoding=\"async\" style=\"margin-right: 12px;\" src=\"https:\/\/www.ferberpainting.com\/wp-content\/uploads\/2026\/02\/Check.svg\" alt=\"\" width=\"18\" height=\"15\" \/>Jamstvo vra\u010dila denarja.<\/strong>\u00a0Popolnoma zaupamo v u\u010dinkovitost na\u0161ega gnojila za hiacinte, zato ponujamo garancijo za vra\u010dilo denarja. \u010ce se po priporo\u010deni uporabi rastline rast, cvetenje ali odpornost ne izbolj\u0161ajo, se zavezujemo, da vam bomo v celoti povrnili denar. To jamstvo vam omogo\u010da popolnoma miren nakup tega izdelka.<\/p>\n<p><strong><img decoding=\"async\" style=\"margin-right: 12px;\" src=\"https:\/\/www.ferberpainting.com\/wp-content\/uploads\/2026\/02\/Check.svg\" alt=\"\" width=\"18\" height=\"15\" \/>Primerno za vse sorte in vse na\u010dine gojenja.<\/strong>\u00a0To gnojilo je idealno za vse sorte hiacint, vklju\u010dno z orientalsko hiacinto, rimsko hiacinto in grozdno hiacinto. U\u010dinkovito je za rastline, ki se gojijo na prostem, v lon\u010dkih, sadilnikih, rastlinjakih ali v zaprtih prostorih, saj zagotavlja gnojenje, prilagojeno vsakemu na\u010dinu gojenja. Deluje tudi na vseh vrstah substratov, pe\u0161\u010denih, vla\u017enih, glinenih ali obogatenih s kompostom, in pomaga dose\u010di bogato cvetenje v vsakem okolju.<\/p>\n<p><strong><img decoding=\"async\" style=\"margin-right: 12px;\" src=\"https:\/\/www.ferberpainting.com\/wp-content\/uploads\/2026\/02\/Check.svg\" alt=\"\" width=\"18\" height=\"15\" \/>Cenovno ugoden pridelek in dolgoro\u010dno u\u010dinkovito gnojenje.<\/strong>\u00a0Zaradi visoko koncentrirane teko\u010de formule lahko v eni 5-litrski posodi pripravite do 1000 litrov gnojilne raztopine, kar zagotavlja dolgotrajno in var\u010dno uporabo. Z odmerkom 5 ml na liter vode omogo\u010da natan\u010dno in enakomerno vna\u0161anje hranil brez tveganja prevelikega odmerjanja ali izgube. Tako optimizirano gnojenje zagotavlja u\u010dinkovito absorpcijo hranil v \u010debulicah, zmanj\u0161uje pogostost uporabe in izbolj\u0161uje splo\u0161no zdravje hijacinte.<\/p>\n<p><strong><img decoding=\"async\" style=\"margin-right: 12px;\" src=\"https:\/\/www.ferberpainting.com\/wp-content\/uploads\/2026\/02\/Check.svg\" alt=\"\" width=\"18\" height=\"15\" \/>Varno in okolju prijazno gnojilo.<\/strong>\u00a0To gnojilo je zasnovano tako, da ohranja ravnovesje tal in zdravje ekosistema, zato ne vsebuje \u0161kodljivih kemi\u010dnih snovi, ki bi lahko vplivale na kakovost tal ali \u0161kodovale \u017eu\u017eelkam opra\u0161evalkam. Je varno za hi\u0161ne ljubljen\u010dke in otroke ter omogo\u010da varno uporabo v zaprtih prostorih in na prostem. Poleg tega spodbuja koristno talno mikrobioto, s \u010dimer izbolj\u0161uje absorpcijo hranil in splo\u0161no zdravje \u010debulic.<\/p>\n<p><strong><img decoding=\"async\" style=\"margin-right: 12px;\" src=\"https:\/\/www.ferberpainting.com\/wp-content\/uploads\/2026\/02\/Check.svg\" alt=\"\" width=\"18\" height=\"15\" \/>Enostavna uporaba in lahkotno gnojenje.<\/strong>\u00a0V nasprotju z granuliranimi gnojili, ki zahtevajo natan\u010dno raztrositev, se to gnojilo takoj raztopi v vodi in ga je mogo\u010de enostavno uporabiti z zalivanjem ali \u0161kropljenjem, kar zagotavlja enakomerno porazdelitev hranil. Zaradi svoje preprostosti je dostopno tako ljubiteljskim vrtnarjem kot izku\u0161enim vrtnarjem, saj zagotavlja enostavno, u\u010dinkovito in brezstresno gnojenje.<\/p>\n<p><strong><img decoding=\"async\" style=\"margin-right: 12px;\" src=\"https:\/\/www.ferberpainting.com\/wp-content\/uploads\/2026\/02\/Check.svg\" alt=\"\" width=\"18\" height=\"15\" \/>Dolgotrajno delovanje za neprekinjeno cvetenje in izbolj\u0161ano odpornost proti boleznim.<\/strong>\u00a0Zaradi postopnega spro\u0161\u010danja hranil to gnojilo hrani hijacinte ve\u010d tednov, kar zagotavlja enakomerno cvetenje in \u017eivahne barve. Poleg tega krepi odpornost \u010debulic na bolezni, \u0161kodljivce in ostre podnebne razmere, hkrati pa spodbuja nove cikle cvetenja in optimalno ohranjanje \u010debulic za naslednje sezone.<\/p>\n<p><strong><img decoding=\"async\" style=\"margin-right: 12px;\" src=\"https:\/\/www.ferberpainting.com\/wp-content\/uploads\/2026\/02\/Check.svg\" alt=\"\" width=\"18\" height=\"15\" \/>Vidni rezultati v prvih nekaj tednih.<\/strong>\u00a0To gnojilo \u017ee ob prvem nanosu spodbuja pojav novih poganjkov, izbolj\u0161a barvo cvetov in pove\u010da njihovo gostoto. \u017de v nekaj tednih bodo va\u0161e hijacinte obilno cvetele, imele bolj polna stebla in \u017eivahnej\u0161e barve, kar bo va\u0161 vrt, balkon ali notranji prostor spremenilo v pravi cvetli\u010dni raj.<\/p>\n<h2><strong>Protokol uporabe<\/strong><\/h2>\n<p><strong>Razred\u010denje gnojil <\/strong>: Zme\u0161ajte 5 ml gnojila na 1 liter vode. Pred vsakim nanosom raztopino dobro pretresite, da zagotovite enakomerno porazdelitev hranil.<\/p>\n<p><strong>Na\u010din uporabe :<\/strong><\/p>\n<ul>\n<li><strong>Z zalivanjem <\/strong>: Razred\u010deno raztopino vlijte neposredno na podlago hijacinte, pri \u010demer pazite, da zemljo dobro navla\u017eite, ne da bi prepre\u010dili odtekanje hranil.<\/li>\n<li><strong>s foliarnim \u0161kropljenjem (neobvezno) <\/strong>: Raztopino rahlo popr\u0161ite po listih in steblih zgodaj zjutraj ali pozno zve\u010der, da se raztopina \u010dim bolj vpije in ne povzro\u010di prekomernega izhlapevanja.<\/li>\n<\/ul>\n<p><strong>Pogostost uporabe <\/strong>:<\/p>\n<ul>\n<li><strong>V \u010dasu rasti in cvetenja (pomlad-poletje) <\/strong>: Gnojilo uporabite vsaka dva tedna, da spodbudite neprekinjeno cvetenje in optimalno rast.<\/li>\n<li><strong>Med mirovanjem (jeseni in pozimi) <\/strong>: Zmanj\u0161ajte pogostost na enkrat na mesec, da ohranite vitalnost \u010debulic in ne spodbujate pretirane rasti.<\/li>\n<\/ul>\n<p><strong>Dodatno zalivanje <\/strong>: Po nanosu gnojila po\u010dakajte 48 ur pred naslednjim zalivanjem, da korenine optimalno absorbirajo hranila.<\/p>\n<p><strong>Previdnostni ukrepi za uporabo <\/strong>: Ne prekora\u010dite priporo\u010denih odmerkov, da se v substratu ne nabere preve\u010d mineralnih soli, kar bi lahko \u0161kodovalo zdravju \u010debulic. Uporabljajte le na rahlo vla\u017enih tleh, da zagotovite optimalno asimilacijo hranil.<\/p>\n<p><strong>Shranjevanje in konzerviranje <\/strong>: Gnojilo shranjujte v hladnem in suhem prostoru, stran od svetlobe in vlage. Po vsaki uporabi posodo vedno tesno zaprite, da ohranite u\u010dinkovitost izdelka in prepre\u010dite izhlapevanje.<\/p>\n<p>S tem gnojilom za hiacinte svojim rastlinam zagotovite popolno prehrano, ki je popolnoma prilagojena njihovim posebnim potrebam, ter poskrbite za mo\u010dno rast, \u017eivahno cvetenje in bolj\u0161o odpornost na zunanje razmere. To je idealna re\u0161itev za izbolj\u0161anje cvetli\u010dnih gredic, sadik in cvetli\u010dnih aran\u017emajev z osupljivo lepimi in di\u0161e\u010dimi hiacintami skozi vso sezono.<\/p>","protected":false},"excerpt":{"rendered":"<p>A fertilizer specially designed for abundant flowering and vigorous bulbs. Hyacinth is a bulbous plant appreciated for its magnificent clusters of flowers in vibrant colors and its captivating fragrance. To ensure abundant blooming and healthy growth, this NPK 15-15-15 fertilizer provides the perfect balance of nitrogen (N) for strong foliage, phosphorus (P) to promote rooting [&hellip;]<\/p>\n","protected":false},"featured_media":26031,"comment_status":"open","ping_status":"closed","template":"","meta":{"_uag_custom_page_level_css":"","site-sidebar-layout":"default","site-content-layout":"","ast-site-content-layout":"default","site-content-style":"default","site-sidebar-style":"default","ast-global-header-display":"","ast-banner-title-visibility":"","ast-main-header-display":"","ast-hfb-above-header-display":"","ast-hfb-below-header-display":"","ast-hfb-mobile-header-display":"","site-post-title":"","ast-breadcrumbs-content":"","ast-featured-img":"","footer-sml-layout":"","ast-disable-related-posts":"","theme-transparent-header-meta":"default","adv-header-id-meta":"","stick-header-meta":"","header-above-stick-meta":"","header-main-stick-meta":"","header-below-stick-meta":"","astra-migrate-meta-layouts":"set","ast-page-background-enabled":"default","ast-page-background-meta":{"desktop":{"background-color":"var(--ast-global-color-4)","background-image":"","background-repeat":"repeat","background-position":"center center","background-size":"auto","background-attachment":"scroll","background-type":"","background-media":"","overlay-type":"","overlay-color":"","overlay-opacity":"","overlay-gradient":""},"tablet":{"background-color":"","background-image":"","background-repeat":"repeat","background-position":"center center","background-size":"auto","background-attachment":"scroll","background-type":"","background-media":"","overlay-type":"","overlay-color":"","overlay-opacity":"","overlay-gradient":""},"mobile":{"background-color":"","background-image":"","background-repeat":"repeat","background-position":"center center","background-size":"auto","background-attachment":"scroll","background-type":"","background-media":"","overlay-type":"","overlay-color":"","overlay-opacity":"","overlay-gradient":""}},"ast-content-background-meta":{"desktop":{"background-color":"var(--ast-global-color-5)","background-image":"","background-repeat":"repeat","background-position":"center center","background-size":"auto","background-attachment":"scroll","background-type":"","background-media":"","overlay-type":"","overlay-color":"","overlay-opacity":"","overlay-gradient":""},"tablet":{"background-color":"var(--ast-global-color-5)","background-image":"","background-repeat":"repeat","background-position":"center center","background-size":"auto","background-attachment":"scroll","background-type":"","background-media":"","overlay-type":"","overlay-color":"","overlay-opacity":"","overlay-gradient":""},"mobile":{"background-color":"var(--ast-global-color-5)","background-image":"","background-repeat":"repeat","background-position":"center center","background-size":"auto","background-attachment":"scroll","background-type":"","background-media":"","overlay-type":"","overlay-color":"","overlay-opacity":"","overlay-gradient":""}}},"product_brand":[],"product_cat":[178],"product_tag":[],"class_list":{"0":"post-23540","1":"product","2":"type-product","3":"status-publish","4":"has-post-thumbnail","6":"product_cat-fertilizers","7":"desktop-align-left","8":"tablet-align-left","9":"mobile-align-left","11":"first","12":"instock","13":"sale","14":"taxable","15":"shipping-taxable","16":"purchasable","17":"product-type-variable","18":"has-default-attributes"},"spectra_custom_meta":{"_visibility":["visible"],"_shopify_product_id":["9067607982325"],"_s2w_shopify_domain":["ferberpainting.myshopify.com"],"_shopify_variant_id":["46508048613621"],"_sku":[""],"_manage_stock":["no"],"total_sales":["0"],"_tax_status":["taxable"],"_tax_class":[""],"_backorders":["no"],"_sold_individually":["no"],"_virtual":["no"],"_downloadable":["no"],"_download_limit":["-1"],"_download_expiry":["-1"],"_stock":[null],"_stock_status":["instock"],"_wc_average_rating":["4.86"],"_wc_review_count":["7"],"_product_attributes":["a:1:{s:6:\"volume\";a:6:{s:4:\"name\";s:6:\"Volume\";s:5:\"value\";s:20:\"5 liters | 25 liters\";s:8:\"position\";i:1;s:10:\"is_visible\";i:0;s:12:\"is_variation\";i:1;s:11:\"is_taxonomy\";i:0;}}"],"_product_version":["10.5.1"],"_thumbnail_id":["26031"],"_product_image_gallery":["26032"],"wpse_downloadable_file_names":[""],"wpse_downloadable_file_urls":[""],"_edit_last":["1"],"_default_attributes":["a:1:{s:6:\"volume\";s:8:\"5 liters\";}"],"_edit_lock":["1771180139:1"],"_price":["29.90","129.90"],"merchant-center-availability":["yes"],"merchant-center-category":["113"],"_wp_page_template":["default"],"site-sidebar-layout":["default"],"ast-site-content-layout":["default"],"site-content-style":["default"],"site-sidebar-style":["default"],"theme-transparent-header-meta":["default"],"_wc_rating_count":["a:2:{i:4;i:1;i:5;i:6;}"],"astra-migrate-meta-layouts":["set"],"_uag_css_file_name":["uag-css-23540.css"],"_elementor_page_assets":["a:0:{}"],"_uag_page_assets":["a:9:{s:3:\"css\";s:6873:\".wp-block-uagb-image{display:flex}.wp-block-uagb-image__figure{position:relative;display:flex;flex-direction:column;max-width:100%;height:auto;margin:0}.wp-block-uagb-image__figure img{height:auto;display:flex;max-width:100%;transition:box-shadow .2s ease}.wp-block-uagb-image__figure>a{display:inline-block}.wp-block-uagb-image__figure figcaption{text-align:center;margin-top:.5em;margin-bottom:1em}.wp-block-uagb-image .components-placeholder.block-editor-media-placeholder .components-placeholder__instructions{align-self:center}.wp-block-uagb-image--align-left{text-align:left}.wp-block-uagb-image--align-right{text-align:right}.wp-block-uagb-image--align-center{text-align:center}.wp-block-uagb-image--align-full .wp-block-uagb-image__figure{margin-left:calc(50% - 50vw);margin-right:calc(50% - 50vw);max-width:100vw;width:100vw;height:auto}.wp-block-uagb-image--align-full .wp-block-uagb-image__figure img{height:auto;width:100% !important}.wp-block-uagb-image--align-wide .wp-block-uagb-image__figure img{height:auto;width:100%}.wp-block-uagb-image--layout-overlay__color-wrapper{position:absolute;left:0;top:0;right:0;bottom:0;opacity:.2;background:rgba(0,0,0,.5);transition:opacity .35s ease-in-out}.wp-block-uagb-image--layout-overlay-link{position:absolute;left:0;right:0;bottom:0;top:0}.wp-block-uagb-image--layout-overlay .wp-block-uagb-image__figure:hover .wp-block-uagb-image--layout-overlay__color-wrapper{opacity:1}.wp-block-uagb-image--layout-overlay__inner{position:absolute;left:15px;right:15px;bottom:15px;top:15px;display:flex;align-items:center;justify-content:center;flex-direction:column;border-color:#fff;transition:.35s ease-in-out}.wp-block-uagb-image--layout-overlay__inner.top-left,.wp-block-uagb-image--layout-overlay__inner.top-center,.wp-block-uagb-image--layout-overlay__inner.top-right{justify-content:flex-start}.wp-block-uagb-image--layout-overlay__inner.bottom-left,.wp-block-uagb-image--layout-overlay__inner.bottom-center,.wp-block-uagb-image--layout-overlay__inner.bottom-right{justify-content:flex-end}.wp-block-uagb-image--layout-overlay__inner.top-left,.wp-block-uagb-image--layout-overlay__inner.center-left,.wp-block-uagb-image--layout-overlay__inner.bottom-left{align-items:flex-start}.wp-block-uagb-image--layout-overlay__inner.top-right,.wp-block-uagb-image--layout-overlay__inner.center-right,.wp-block-uagb-image--layout-overlay__inner.bottom-right{align-items:flex-end}.wp-block-uagb-image--layout-overlay__inner .uagb-image-heading{color:#fff;transition:transform .35s,opacity .35s ease-in-out;transform:translate3d(0, 24px, 0);margin:0;line-height:1em}.wp-block-uagb-image--layout-overlay__inner .uagb-image-separator{width:30%;border-top-width:2px;border-top-color:#fff;border-top-style:solid;margin-bottom:10px;opacity:0;transition:transform .4s,opacity .4s ease-in-out;transform:translate3d(0, 30px, 0)}.wp-block-uagb-image--layout-overlay__inner .uagb-image-caption{opacity:0;overflow:visible;color:#fff;transition:transform .45s,opacity .45s ease-in-out;transform:translate3d(0, 35px, 0)}.wp-block-uagb-image--layout-overlay__inner:hover .uagb-image-heading,.wp-block-uagb-image--layout-overlay__inner:hover .uagb-image-separator,.wp-block-uagb-image--layout-overlay__inner:hover .uagb-image-caption{opacity:1;transform:translate3d(0, 0, 0)}.wp-block-uagb-image--effect-zoomin .wp-block-uagb-image__figure img,.wp-block-uagb-image--effect-zoomin .wp-block-uagb-image__figure .wp-block-uagb-image--layout-overlay__color-wrapper{transform:scale(1);transition:transform .35s ease-in-out}.wp-block-uagb-image--effect-zoomin .wp-block-uagb-image__figure:hover img,.wp-block-uagb-image--effect-zoomin .wp-block-uagb-image__figure:hover .wp-block-uagb-image--layout-overlay__color-wrapper{transform:scale(1.05)}.wp-block-uagb-image--effect-slide .wp-block-uagb-image__figure img,.wp-block-uagb-image--effect-slide .wp-block-uagb-image__figure .wp-block-uagb-image--layout-overlay__color-wrapper{width:calc(100% + 40px) !important;max-width:none !important;transform:translate3d(-40px, 0, 0);transition:transform .35s ease-in-out}.wp-block-uagb-image--effect-slide .wp-block-uagb-image__figure:hover img,.wp-block-uagb-image--effect-slide .wp-block-uagb-image__figure:hover .wp-block-uagb-image--layout-overlay__color-wrapper{transform:translate3d(0, 0, 0)}.wp-block-uagb-image--effect-grayscale img{filter:grayscale(0%);transition:.35s ease-in-out}.wp-block-uagb-image--effect-grayscale:hover img{filter:grayscale(100%)}.wp-block-uagb-image--effect-blur img{filter:blur(0);transition:.35s ease-in-out}.wp-block-uagb-image--effect-blur:hover img{filter:blur(3px)}.uagb-block-e6f939b3.wp-block-uagb-image--layout-default figure img{box-shadow: 0px 0px 0 #00000070;}.uagb-block-e6f939b3.wp-block-uagb-image .wp-block-uagb-image__figure figcaption{font-style: normal;align-self: center;}.uagb-block-e6f939b3.wp-block-uagb-image--layout-overlay figure img{box-shadow: 0px 0px 0 #00000070;}.uagb-block-e6f939b3.wp-block-uagb-image--layout-overlay .wp-block-uagb-image--layout-overlay__color-wrapper{opacity: 0.2;}.uagb-block-e6f939b3.wp-block-uagb-image--layout-overlay .wp-block-uagb-image--layout-overlay__inner{left: 15px;right: 15px;top: 15px;bottom: 15px;}.uagb-block-e6f939b3.wp-block-uagb-image--layout-overlay .wp-block-uagb-image--layout-overlay__inner .uagb-image-heading{font-style: normal;color: #fff;opacity: 1;}.uagb-block-e6f939b3.wp-block-uagb-image--layout-overlay .wp-block-uagb-image--layout-overlay__inner .uagb-image-heading a{color: #fff;}.uagb-block-e6f939b3.wp-block-uagb-image--layout-overlay .wp-block-uagb-image--layout-overlay__inner .uagb-image-caption{opacity: 0;}.uagb-block-e6f939b3.wp-block-uagb-image--layout-overlay .wp-block-uagb-image__figure:hover .wp-block-uagb-image--layout-overlay__color-wrapper{opacity: 1;}.uagb-block-e6f939b3.wp-block-uagb-image .wp-block-uagb-image--layout-overlay__inner .uagb-image-separator{width: 30%;border-top-width: 2px;border-top-color: #fff;opacity: 0;}.uagb-block-e6f939b3.wp-block-uagb-image .wp-block-uagb-image__figure img{width: px;height: auto;}.uagb-block-e6f939b3.wp-block-uagb-image .wp-block-uagb-image__figure:hover .wp-block-uagb-image--layout-overlay__inner .uagb-image-caption{opacity: 1;}.uagb-block-e6f939b3.wp-block-uagb-image .wp-block-uagb-image__figure:hover .wp-block-uagb-image--layout-overlay__inner .uagb-image-separator{opacity: 1;}.uagb-block-e6f939b3.wp-block-uagb-image--layout-default figure:hover img{box-shadow: 0px 0px 0 #00000070;}.uagb-block-e6f939b3.wp-block-uagb-image--layout-overlay figure:hover img{box-shadow: 0px 0px 0 #00000070;}@media only screen and (max-width: 976px) {.uagb-block-e6f939b3.wp-block-uagb-image .wp-block-uagb-image__figure img{width: px;height: auto;}}@media only screen and (max-width: 767px) {.uagb-block-e6f939b3.wp-block-uagb-image .wp-block-uagb-image__figure img{width: px;height: auto;}}\";s:2:\"js\";s:0:\"\";s:18:\"current_block_list\";a:13:{i:0;s:11:\"core\/search\";i:1;s:10:\"core\/group\";i:2;s:12:\"core\/heading\";i:3;s:17:\"core\/latest-posts\";i:4;s:20:\"core\/latest-comments\";i:5;s:13:\"core\/archives\";i:6;s:15:\"core\/categories\";i:7;s:14:\"core\/paragraph\";i:8;s:10:\"uagb\/image\";i:9;s:11:\"core\/spacer\";i:10;s:30:\"woocommerce\/product-categories\";i:11;s:10:\"core\/image\";i:12;s:14:\"core\/shortcode\";}s:8:\"uag_flag\";b:1;s:11:\"uag_version\";s:10:\"1777336144\";s:6:\"gfonts\";a:0:{}s:10:\"gfonts_url\";s:0:\"\";s:12:\"gfonts_files\";a:0:{}s:14:\"uag_faq_layout\";b:0;}"]},"uagb_featured_image_src":{"full":["https:\/\/www.ferberpainting.com\/wp-content\/uploads\/2025\/05\/HyacinthFertilizer5L.png",2560,2560,false],"thumbnail":["https:\/\/www.ferberpainting.com\/wp-content\/uploads\/2025\/05\/HyacinthFertilizer5L-150x150.png",150,150,true],"medium":["https:\/\/www.ferberpainting.com\/wp-content\/uploads\/2025\/05\/HyacinthFertilizer5L-300x300.png",300,300,true],"medium_large":["https:\/\/www.ferberpainting.com\/wp-content\/uploads\/2025\/05\/HyacinthFertilizer5L-768x768.png",768,768,true],"large":["https:\/\/www.ferberpainting.com\/wp-content\/uploads\/2025\/05\/HyacinthFertilizer5L-1024x1024.png",1024,1024,true],"1536x1536":["https:\/\/www.ferberpainting.com\/wp-content\/uploads\/2025\/05\/HyacinthFertilizer5L-1536x1536.png",1536,1536,true],"2048x2048":["https:\/\/www.ferberpainting.com\/wp-content\/uploads\/2025\/05\/HyacinthFertilizer5L-2048x2048.png",2048,2048,true],"trp-custom-language-flag":["https:\/\/www.ferberpainting.com\/wp-content\/uploads\/2025\/05\/HyacinthFertilizer5L-12x12.png",12,12,true],"woocommerce_thumbnail":["https:\/\/www.ferberpainting.com\/wp-content\/uploads\/2025\/05\/HyacinthFertilizer5L-300x300.png",300,300,true],"woocommerce_single":["https:\/\/www.ferberpainting.com\/wp-content\/uploads\/2025\/05\/HyacinthFertilizer5L-600x600.png",600,600,true],"woocommerce_gallery_thumbnail":["https:\/\/www.ferberpainting.com\/wp-content\/uploads\/2025\/05\/HyacinthFertilizer5L-100x100.png",100,100,true]},"uagb_author_info":{"display_name":"admin","author_link":"https:\/\/www.ferberpainting.com\/si\/author\/"},"uagb_comment_info":7,"uagb_excerpt":"A fertilizer specially designed for abundant flowering and vigorous bulbs. Hyacinth is a bulbous plant appreciated for its magnificent clusters of flowers in vibrant colors and its captivating fragrance. To ensure abundant blooming and healthy growth, this NPK 15-15-15 fertilizer provides the perfect balance of nitrogen (N) for strong foliage, phosphorus (P) to promote rooting&hellip;","_links":{"self":[{"href":"https:\/\/www.ferberpainting.com\/si\/wp-json\/wp\/v2\/product\/23540","targetHints":{"allow":["GET"]}}],"collection":[{"href":"https:\/\/www.ferberpainting.com\/si\/wp-json\/wp\/v2\/product"}],"about":[{"href":"https:\/\/www.ferberpainting.com\/si\/wp-json\/wp\/v2\/types\/product"}],"replies":[{"embeddable":true,"href":"https:\/\/www.ferberpainting.com\/si\/wp-json\/wp\/v2\/comments?post=23540"}],"version-history":[{"count":4,"href":"https:\/\/www.ferberpainting.com\/si\/wp-json\/wp\/v2\/product\/23540\/revisions"}],"predecessor-version":[{"id":166365,"href":"https:\/\/www.ferberpainting.com\/si\/wp-json\/wp\/v2\/product\/23540\/revisions\/166365"}],"wp:featuredmedia":[{"embeddable":true,"href":"https:\/\/www.ferberpainting.com\/si\/wp-json\/wp\/v2\/media\/26031"}],"wp:attachment":[{"href":"https:\/\/www.ferberpainting.com\/si\/wp-json\/wp\/v2\/media?parent=23540"}],"wp:term":[{"taxonomy":"product_brand","embeddable":true,"href":"https:\/\/www.ferberpainting.com\/si\/wp-json\/wp\/v2\/product_brand?post=23540"},{"taxonomy":"product_cat","embeddable":true,"href":"https:\/\/www.ferberpainting.com\/si\/wp-json\/wp\/v2\/product_cat?post=23540"},{"taxonomy":"product_tag","embeddable":true,"href":"https:\/\/www.ferberpainting.com\/si\/wp-json\/wp\/v2\/product_tag?post=23540"}],"curies":[{"name":"wp","href":"https:\/\/api.w.org\/{rel}","templated":true}]}}