{"id":23534,"date":"2025-05-26T10:24:38","date_gmt":"2025-05-26T08:24:38","guid":{"rendered":"https:\/\/www.ferberpainting.com\/products\/hibiscus-fertilizer\/"},"modified":"2026-02-15T19:25:03","modified_gmt":"2026-02-15T18:25:03","slug":"hibiscus-fertilizer","status":"publish","type":"product","link":"https:\/\/www.ferberpainting.com\/si\/products\/hibiscus-fertilizer\/","title":{"rendered":"Gnojilo za hibiskus"},"content":{"rendered":"<p><strong><img decoding=\"async\" style=\"margin-right: 12px;\" src=\"https:\/\/www.ferberpainting.com\/wp-content\/uploads\/2026\/02\/Check.svg\" alt=\"\" width=\"18\" height=\"15\" \/>Gnojilo, posebej zasnovano za bogato cvetenje in bujno listje.<\/strong>\u00a0Hibiskus je tropska rastlina, cenjena zaradi velikih pisanih cvetov in bujnega listja. Da bi zagotovili spektakularno cvetenje in mo\u010dno rast, to gnojilo NPK 15-15-15 zagotavlja popolnoma uravnote\u017eeno zalogo du\u0161ika (N) za gosto in bujno listje, fosforja (P) za globoko ukoreninjenje in bogato cvetenje ter kalija (K) za krepitev odpornosti na bolezni in ostre podnebne razmere. Na\u0161e gnojilo zagotavlja vsa bistvena hranila in tako zagotavlja zdrav hibiskus v polnem razcvetu, ki vso sezono ustvarja osupljive cvetove.<\/p>\n<p><strong><img decoding=\"async\" style=\"margin-right: 12px;\" src=\"https:\/\/www.ferberpainting.com\/wp-content\/uploads\/2026\/02\/Check.svg\" alt=\"\" width=\"18\" height=\"15\" \/>Jamstvo vra\u010dila denarja.<\/strong>\u00a0Prepri\u010dani smo v u\u010dinkovitost na\u0161ega gnojila za hibiskus, zato nudimo garancijo za vra\u010dilo denarja. \u010ce po uporabi v skladu s priporo\u010dili va\u0161 hibiskus ne bo pokazal znatnega izbolj\u0161anja rasti, cvetenja ali odpornosti proti boleznim, se zavezujemo, da vam bomo v celoti povrnili denar. To jamstvo vam omogo\u010da, da ta izdelek kupite s popolnim zaupanjem.<\/p>\n<p><strong><img decoding=\"async\" style=\"margin-right: 12px;\" src=\"https:\/\/www.ferberpainting.com\/wp-content\/uploads\/2026\/02\/Check.svg\" alt=\"\" width=\"18\" height=\"15\" \/>Primerno za vse sorte in vse rastne razmere.<\/strong>\u00a0To gnojilo je idealno za vse sorte hibiskusa, tako za sobni hibiskus, vrtni hibiskus, hibiscus syriacus (ro\u017ea Sharon) kot hibiskus rosa-sinensis. Primerno je za rastline, ki se gojijo na prostem, v loncih ali rastlinjakih, saj zagotavlja optimalno gnojenje v vseh rastnih pogojih. Deluje tudi na vseh vrstah substratov, vklju\u010dno z glinenimi, pe\u0161\u010denimi, s humusom bogatimi ali posebnimi tlemi za eksoti\u010dne rastline.<\/p>\n<p><strong><img decoding=\"async\" style=\"margin-right: 12px;\" src=\"https:\/\/www.ferberpainting.com\/wp-content\/uploads\/2026\/02\/Check.svg\" alt=\"\" width=\"18\" height=\"15\" \/>Stro\u0161kovno u\u010dinkovito in dolgotrajno gnojenje.<\/strong>\u00a0Zaradi visoko koncentrirane teko\u010de formule je v eni 5-litrski posodi mogo\u010de pripraviti do 1000 litrov gnojilne raztopine, kar zagotavlja dolgotrajno in stro\u0161kovno u\u010dinkovito gnojenje. Z natan\u010dnim odmerkom 5 ml na liter vode zagotavlja optimalno absorpcijo hranil, zmanj\u0161uje izgubo hranil zaradi izpiranja in zagotavlja optimalno prehrano rastlin v dalj\u0161em \u010dasovnem obdobju.<\/p>\n<p><strong><img decoding=\"async\" style=\"margin-right: 12px;\" src=\"https:\/\/www.ferberpainting.com\/wp-content\/uploads\/2026\/02\/Check.svg\" alt=\"\" width=\"18\" height=\"15\" \/>Varno in okolju prijazno gnojilo.<\/strong>\u00a0Na\u0161a gnojila so varna za tla, favno in lokalne ekosisteme. Ne vsebuje \u0161kodljivih kemikalij, ki bi lahko spremenile naravno ravnovesje ali \u0161kodovale \u017eu\u017eelkam opra\u0161evalkam. Varno je tudi za doma\u010de \u017eivali in otroke, kar zagotavlja varno gnojenje v zaprtih prostorih in na prostem.<\/p>\n<p><strong><img decoding=\"async\" style=\"margin-right: 12px;\" src=\"https:\/\/www.ferberpainting.com\/wp-content\/uploads\/2026\/02\/Check.svg\" alt=\"\" width=\"18\" height=\"15\" \/>Enostavna uporaba in brezskrbno gnojenje.<\/strong>\u00a0V nasprotju s tradicionalnimi gnojili, ki zahtevajo zapleteno razpr\u0161evanje, se to gnojilo raztopi neposredno v vodi in se lahko uporablja z zalivanjem ali listnim \u0161kropljenjem, kar zagotavlja enakomerno porazdelitev hranil. Njegov preprost in hiter na\u010din uporabe je primeren tako za ljubiteljske vrtnarje kot za izku\u0161ene pridelovalce, saj zagotavlja odli\u010dne rezultate brez dodatnega truda.<\/p>\n<p><strong><img decoding=\"async\" style=\"margin-right: 12px;\" src=\"https:\/\/www.ferberpainting.com\/wp-content\/uploads\/2026\/02\/Check.svg\" alt=\"\" width=\"18\" height=\"15\" \/>Dolgotrajno delovanje za neprekinjeno cvetenje in ve\u010djo odpornost.<\/strong>\u00a0Zaradi dolgotrajnega u\u010dinka to gnojilo hrani hibiskus ve\u010d tednov in zagotavlja neprekinjeno cvetenje ter \u017eivahne in intenzivne barve. Izbolj\u0161a tudi odpornost rastlin proti \u0161kodljivcem, boleznim in okoljskemu stresu, kot so kloroza, su\u0161a ali mo\u010dan veter.<\/p>\n<p><strong><img decoding=\"async\" style=\"margin-right: 12px;\" src=\"https:\/\/www.ferberpainting.com\/wp-content\/uploads\/2026\/02\/Check.svg\" alt=\"\" width=\"18\" height=\"15\" \/>Vidni rezultati v prvih nekaj tednih.<\/strong>\u00a0To gnojilo \u017ee ob prvem nanosu spodbuja rast novih poganjkov, okrepi barvo listov in spodbuja nastajanje cvetnih brstov. \u017de v nekaj tednih bo va\u0161 hibiskus hitreje rasel, obilneje cvetel in imel bolj barvite cvetove, kar bo va\u0161 notranji ali zunanji vrt spremenilo v pravi tropski raj.<\/p>\n<h2><strong>Protokol uporabe<\/strong><\/h2>\n<ul>\n<li><strong>Razred\u010denje gnojil <\/strong>: Zme\u0161ajte 5 ml gnojila na 1 liter vode. Pred vsakim nanosom raztopino pretresite, da zagotovite enakomerno porazdelitev hranil.<\/li>\n<li><strong>Na\u010din uporabe <\/strong>:\n<ul>\n<li><strong>Z zalivanjem <\/strong>: Razred\u010deno raztopino vlijte neposredno na dno hibiskusa in poskrbite, da zemljo dobro navla\u017eite, ne da bi jo pretirano zalili, da bi prepre\u010dili izpiranje hranil.<\/li>\n<li><strong>s foliarnim \u0161kropljenjem (neobvezno) <\/strong>: Raztopino rahlo popr\u0161ite po listih in cvetovih zgodaj zjutraj ali pozno zve\u010der, da prepre\u010dite hitro izhlapevanje in spodbudite optimalno absorpcijo.<\/li>\n<\/ul>\n<\/li>\n<li><strong>Pogostost uporabe :<\/strong>\n<ul>\n<li><strong>V \u010dasu rasti in cvetenja (pomlad-poletje) <\/strong>: Gnojilo uporabite vsaka dva tedna, da zagotovite bogato cvetenje in bujno listje.<\/li>\n<li><strong>V obdobju mirovanja (jeseni in pozimi) <\/strong>: Zmanj\u0161ajte pogostost na enkrat na mesec, da ohranite vitalnost rastline in ne spodbujate pretirane rasti.<\/li>\n<\/ul>\n<\/li>\n<li><strong>Dodatno zalivanje <\/strong>: Po nanosu gnojila po\u010dakajte 48 ur pred naslednjim zalivanjem, da korenine optimalno absorbirajo hranila.<\/li>\n<li><strong>Previdnostni ukrepi za uporabo <\/strong>: Ne prekora\u010dite priporo\u010denih odmerkov, da ne bi pri\u0161lo do prevelikega kopi\u010denja mineralnih soli v substratu, kar bi lahko upo\u010dasnilo rast hibiskusa. Uporabljajte le na rahlo vla\u017enih tleh, da zagotovite optimalno asimilacijo hranil.<\/li>\n<li><strong>Shranjevanje in konzerviranje <\/strong>: Gnojilo shranjujte v hladnem in zmernem prostoru, za\u0161\u010diteno pred svetlobo in vlago. Po vsaki uporabi posodo vedno tesno zaprite, da ohranite u\u010dinkovitost izdelka in prepre\u010dite izhlapevanje.<\/li>\n<\/ul>\n<p>&nbsp;<\/p>\n<p>S tem gnojilom za hibiskus zagotovite svojim rastlinam popolno prehrano, ki je popolnoma prilagojena njihovim posebnim potrebam, ter poskrbite za mo\u010dno rast, spektakularno cvetenje in bolj\u0161o odpornost na zunanje razmere. To je idealna re\u0161itev, s katero boste svoj vrt, teraso ali notranji prostor vse leto krasili z ble\u0161\u010de\u010dimi in zdravimi hibiskusi.<\/p>\n<p>&nbsp;<\/p>\n<p>&nbsp;<\/p>","protected":false},"excerpt":{"rendered":"<p>A fertilizer specially designed for abundant flowering and lush foliage.\u00a0Hibiscus is a tropical plant prized for its large colorful flowers and lush foliage. To ensure spectacular flowering and vigorous growth, this\u00a0NPK 15-15-15 fertilizer provides a perfectly balanced supply of nitrogen (N) to promote dense and lush foliage, phosphorus (P) to stimulate deep rooting and abundant [&hellip;]<\/p>\n","protected":false},"featured_media":26029,"comment_status":"open","ping_status":"closed","template":"","meta":{"_uag_custom_page_level_css":"","site-sidebar-layout":"default","site-content-layout":"","ast-site-content-layout":"default","site-content-style":"default","site-sidebar-style":"default","ast-global-header-display":"","ast-banner-title-visibility":"","ast-main-header-display":"","ast-hfb-above-header-display":"","ast-hfb-below-header-display":"","ast-hfb-mobile-header-display":"","site-post-title":"","ast-breadcrumbs-content":"","ast-featured-img":"","footer-sml-layout":"","ast-disable-related-posts":"","theme-transparent-header-meta":"default","adv-header-id-meta":"","stick-header-meta":"","header-above-stick-meta":"","header-main-stick-meta":"","header-below-stick-meta":"","astra-migrate-meta-layouts":"set","ast-page-background-enabled":"default","ast-page-background-meta":{"desktop":{"background-color":"var(--ast-global-color-4)","background-image":"","background-repeat":"repeat","background-position":"center center","background-size":"auto","background-attachment":"scroll","background-type":"","background-media":"","overlay-type":"","overlay-color":"","overlay-opacity":"","overlay-gradient":""},"tablet":{"background-color":"","background-image":"","background-repeat":"repeat","background-position":"center center","background-size":"auto","background-attachment":"scroll","background-type":"","background-media":"","overlay-type":"","overlay-color":"","overlay-opacity":"","overlay-gradient":""},"mobile":{"background-color":"","background-image":"","background-repeat":"repeat","background-position":"center center","background-size":"auto","background-attachment":"scroll","background-type":"","background-media":"","overlay-type":"","overlay-color":"","overlay-opacity":"","overlay-gradient":""}},"ast-content-background-meta":{"desktop":{"background-color":"var(--ast-global-color-5)","background-image":"","background-repeat":"repeat","background-position":"center center","background-size":"auto","background-attachment":"scroll","background-type":"","background-media":"","overlay-type":"","overlay-color":"","overlay-opacity":"","overlay-gradient":""},"tablet":{"background-color":"var(--ast-global-color-5)","background-image":"","background-repeat":"repeat","background-position":"center center","background-size":"auto","background-attachment":"scroll","background-type":"","background-media":"","overlay-type":"","overlay-color":"","overlay-opacity":"","overlay-gradient":""},"mobile":{"background-color":"var(--ast-global-color-5)","background-image":"","background-repeat":"repeat","background-position":"center center","background-size":"auto","background-attachment":"scroll","background-type":"","background-media":"","overlay-type":"","overlay-color":"","overlay-opacity":"","overlay-gradient":""}}},"product_brand":[],"product_cat":[178],"product_tag":[],"class_list":{"0":"post-23534","1":"product","2":"type-product","3":"status-publish","4":"has-post-thumbnail","6":"product_cat-fertilizers","7":"desktop-align-left","8":"tablet-align-left","9":"mobile-align-left","11":"first","12":"instock","13":"sale","14":"taxable","15":"shipping-taxable","16":"purchasable","17":"product-type-variable","18":"has-default-attributes"},"spectra_custom_meta":{"_visibility":["visible"],"_shopify_product_id":["9067587895541"],"_s2w_shopify_domain":["ferberpainting.myshopify.com"],"_shopify_variant_id":["46507989336309"],"_sku":[""],"_manage_stock":["no"],"total_sales":["17"],"_tax_status":["taxable"],"_tax_class":[""],"_backorders":["no"],"_sold_individually":["no"],"_virtual":["no"],"_downloadable":["no"],"_download_limit":["-1"],"_download_expiry":["-1"],"_stock":[null],"_stock_status":["instock"],"_wc_average_rating":["4.71"],"_wc_review_count":["7"],"_product_attributes":["a:1:{s:6:\"volume\";a:6:{s:4:\"name\";s:6:\"Volume\";s:5:\"value\";s:20:\"5 liters | 25 liters\";s:8:\"position\";i:1;s:10:\"is_visible\";i:0;s:12:\"is_variation\";i:1;s:11:\"is_taxonomy\";i:0;}}"],"_product_version":["10.5.1"],"_thumbnail_id":["26029"],"_product_image_gallery":["26030"],"wpse_downloadable_file_names":[""],"wpse_downloadable_file_urls":[""],"_edit_last":["1"],"_default_attributes":["a:1:{s:6:\"volume\";s:8:\"5 liters\";}"],"_edit_lock":["1772290745:1"],"_price":["29.90","129.90"],"merchant-center-availability":["yes"],"merchant-center-category":["113"],"_wp_page_template":["default"],"site-sidebar-layout":["default"],"ast-site-content-layout":["default"],"site-content-style":["default"],"site-sidebar-style":["default"],"theme-transparent-header-meta":["default"],"_wc_rating_count":["a:2:{i:4;i:2;i:5;i:5;}"],"astra-migrate-meta-layouts":["set"],"_uag_css_file_name":["uag-css-23534.css"],"_elementor_page_assets":["a:0:{}"],"_uag_page_assets":["a:9:{s:3:\"css\";s:6873:\".wp-block-uagb-image{display:flex}.wp-block-uagb-image__figure{position:relative;display:flex;flex-direction:column;max-width:100%;height:auto;margin:0}.wp-block-uagb-image__figure img{height:auto;display:flex;max-width:100%;transition:box-shadow .2s ease}.wp-block-uagb-image__figure>a{display:inline-block}.wp-block-uagb-image__figure figcaption{text-align:center;margin-top:.5em;margin-bottom:1em}.wp-block-uagb-image .components-placeholder.block-editor-media-placeholder .components-placeholder__instructions{align-self:center}.wp-block-uagb-image--align-left{text-align:left}.wp-block-uagb-image--align-right{text-align:right}.wp-block-uagb-image--align-center{text-align:center}.wp-block-uagb-image--align-full .wp-block-uagb-image__figure{margin-left:calc(50% - 50vw);margin-right:calc(50% - 50vw);max-width:100vw;width:100vw;height:auto}.wp-block-uagb-image--align-full .wp-block-uagb-image__figure img{height:auto;width:100% !important}.wp-block-uagb-image--align-wide .wp-block-uagb-image__figure img{height:auto;width:100%}.wp-block-uagb-image--layout-overlay__color-wrapper{position:absolute;left:0;top:0;right:0;bottom:0;opacity:.2;background:rgba(0,0,0,.5);transition:opacity .35s ease-in-out}.wp-block-uagb-image--layout-overlay-link{position:absolute;left:0;right:0;bottom:0;top:0}.wp-block-uagb-image--layout-overlay .wp-block-uagb-image__figure:hover .wp-block-uagb-image--layout-overlay__color-wrapper{opacity:1}.wp-block-uagb-image--layout-overlay__inner{position:absolute;left:15px;right:15px;bottom:15px;top:15px;display:flex;align-items:center;justify-content:center;flex-direction:column;border-color:#fff;transition:.35s ease-in-out}.wp-block-uagb-image--layout-overlay__inner.top-left,.wp-block-uagb-image--layout-overlay__inner.top-center,.wp-block-uagb-image--layout-overlay__inner.top-right{justify-content:flex-start}.wp-block-uagb-image--layout-overlay__inner.bottom-left,.wp-block-uagb-image--layout-overlay__inner.bottom-center,.wp-block-uagb-image--layout-overlay__inner.bottom-right{justify-content:flex-end}.wp-block-uagb-image--layout-overlay__inner.top-left,.wp-block-uagb-image--layout-overlay__inner.center-left,.wp-block-uagb-image--layout-overlay__inner.bottom-left{align-items:flex-start}.wp-block-uagb-image--layout-overlay__inner.top-right,.wp-block-uagb-image--layout-overlay__inner.center-right,.wp-block-uagb-image--layout-overlay__inner.bottom-right{align-items:flex-end}.wp-block-uagb-image--layout-overlay__inner .uagb-image-heading{color:#fff;transition:transform .35s,opacity .35s ease-in-out;transform:translate3d(0, 24px, 0);margin:0;line-height:1em}.wp-block-uagb-image--layout-overlay__inner .uagb-image-separator{width:30%;border-top-width:2px;border-top-color:#fff;border-top-style:solid;margin-bottom:10px;opacity:0;transition:transform .4s,opacity .4s ease-in-out;transform:translate3d(0, 30px, 0)}.wp-block-uagb-image--layout-overlay__inner .uagb-image-caption{opacity:0;overflow:visible;color:#fff;transition:transform .45s,opacity .45s ease-in-out;transform:translate3d(0, 35px, 0)}.wp-block-uagb-image--layout-overlay__inner:hover .uagb-image-heading,.wp-block-uagb-image--layout-overlay__inner:hover .uagb-image-separator,.wp-block-uagb-image--layout-overlay__inner:hover .uagb-image-caption{opacity:1;transform:translate3d(0, 0, 0)}.wp-block-uagb-image--effect-zoomin .wp-block-uagb-image__figure img,.wp-block-uagb-image--effect-zoomin .wp-block-uagb-image__figure .wp-block-uagb-image--layout-overlay__color-wrapper{transform:scale(1);transition:transform .35s ease-in-out}.wp-block-uagb-image--effect-zoomin .wp-block-uagb-image__figure:hover img,.wp-block-uagb-image--effect-zoomin .wp-block-uagb-image__figure:hover .wp-block-uagb-image--layout-overlay__color-wrapper{transform:scale(1.05)}.wp-block-uagb-image--effect-slide .wp-block-uagb-image__figure img,.wp-block-uagb-image--effect-slide .wp-block-uagb-image__figure .wp-block-uagb-image--layout-overlay__color-wrapper{width:calc(100% + 40px) !important;max-width:none !important;transform:translate3d(-40px, 0, 0);transition:transform .35s ease-in-out}.wp-block-uagb-image--effect-slide .wp-block-uagb-image__figure:hover img,.wp-block-uagb-image--effect-slide .wp-block-uagb-image__figure:hover .wp-block-uagb-image--layout-overlay__color-wrapper{transform:translate3d(0, 0, 0)}.wp-block-uagb-image--effect-grayscale img{filter:grayscale(0%);transition:.35s ease-in-out}.wp-block-uagb-image--effect-grayscale:hover img{filter:grayscale(100%)}.wp-block-uagb-image--effect-blur img{filter:blur(0);transition:.35s ease-in-out}.wp-block-uagb-image--effect-blur:hover img{filter:blur(3px)}.uagb-block-e6f939b3.wp-block-uagb-image--layout-default figure img{box-shadow: 0px 0px 0 #00000070;}.uagb-block-e6f939b3.wp-block-uagb-image .wp-block-uagb-image__figure figcaption{font-style: normal;align-self: center;}.uagb-block-e6f939b3.wp-block-uagb-image--layout-overlay figure img{box-shadow: 0px 0px 0 #00000070;}.uagb-block-e6f939b3.wp-block-uagb-image--layout-overlay .wp-block-uagb-image--layout-overlay__color-wrapper{opacity: 0.2;}.uagb-block-e6f939b3.wp-block-uagb-image--layout-overlay .wp-block-uagb-image--layout-overlay__inner{left: 15px;right: 15px;top: 15px;bottom: 15px;}.uagb-block-e6f939b3.wp-block-uagb-image--layout-overlay .wp-block-uagb-image--layout-overlay__inner .uagb-image-heading{font-style: normal;color: #fff;opacity: 1;}.uagb-block-e6f939b3.wp-block-uagb-image--layout-overlay .wp-block-uagb-image--layout-overlay__inner .uagb-image-heading a{color: #fff;}.uagb-block-e6f939b3.wp-block-uagb-image--layout-overlay .wp-block-uagb-image--layout-overlay__inner .uagb-image-caption{opacity: 0;}.uagb-block-e6f939b3.wp-block-uagb-image--layout-overlay .wp-block-uagb-image__figure:hover .wp-block-uagb-image--layout-overlay__color-wrapper{opacity: 1;}.uagb-block-e6f939b3.wp-block-uagb-image .wp-block-uagb-image--layout-overlay__inner .uagb-image-separator{width: 30%;border-top-width: 2px;border-top-color: #fff;opacity: 0;}.uagb-block-e6f939b3.wp-block-uagb-image .wp-block-uagb-image__figure img{width: px;height: auto;}.uagb-block-e6f939b3.wp-block-uagb-image .wp-block-uagb-image__figure:hover .wp-block-uagb-image--layout-overlay__inner .uagb-image-caption{opacity: 1;}.uagb-block-e6f939b3.wp-block-uagb-image .wp-block-uagb-image__figure:hover .wp-block-uagb-image--layout-overlay__inner .uagb-image-separator{opacity: 1;}.uagb-block-e6f939b3.wp-block-uagb-image--layout-default figure:hover img{box-shadow: 0px 0px 0 #00000070;}.uagb-block-e6f939b3.wp-block-uagb-image--layout-overlay figure:hover img{box-shadow: 0px 0px 0 #00000070;}@media only screen and (max-width: 976px) {.uagb-block-e6f939b3.wp-block-uagb-image .wp-block-uagb-image__figure img{width: px;height: auto;}}@media only screen and (max-width: 767px) {.uagb-block-e6f939b3.wp-block-uagb-image .wp-block-uagb-image__figure img{width: px;height: auto;}}\";s:2:\"js\";s:0:\"\";s:18:\"current_block_list\";a:13:{i:0;s:11:\"core\/search\";i:1;s:10:\"core\/group\";i:2;s:12:\"core\/heading\";i:3;s:17:\"core\/latest-posts\";i:4;s:20:\"core\/latest-comments\";i:5;s:13:\"core\/archives\";i:6;s:15:\"core\/categories\";i:7;s:14:\"core\/paragraph\";i:8;s:10:\"uagb\/image\";i:9;s:11:\"core\/spacer\";i:10;s:30:\"woocommerce\/product-categories\";i:11;s:10:\"core\/image\";i:12;s:14:\"core\/shortcode\";}s:8:\"uag_flag\";b:1;s:11:\"uag_version\";s:10:\"1777313636\";s:6:\"gfonts\";a:0:{}s:10:\"gfonts_url\";s:0:\"\";s:12:\"gfonts_files\";a:0:{}s:14:\"uag_faq_layout\";b:0;}"]},"uagb_featured_image_src":{"full":["https:\/\/www.ferberpainting.com\/wp-content\/uploads\/2025\/05\/HibiscusFertilizer5L.png",2560,2560,false],"thumbnail":["https:\/\/www.ferberpainting.com\/wp-content\/uploads\/2025\/05\/HibiscusFertilizer5L-150x150.png",150,150,true],"medium":["https:\/\/www.ferberpainting.com\/wp-content\/uploads\/2025\/05\/HibiscusFertilizer5L-300x300.png",300,300,true],"medium_large":["https:\/\/www.ferberpainting.com\/wp-content\/uploads\/2025\/05\/HibiscusFertilizer5L-768x768.png",768,768,true],"large":["https:\/\/www.ferberpainting.com\/wp-content\/uploads\/2025\/05\/HibiscusFertilizer5L-1024x1024.png",1024,1024,true],"1536x1536":["https:\/\/www.ferberpainting.com\/wp-content\/uploads\/2025\/05\/HibiscusFertilizer5L-1536x1536.png",1536,1536,true],"2048x2048":["https:\/\/www.ferberpainting.com\/wp-content\/uploads\/2025\/05\/HibiscusFertilizer5L-2048x2048.png",2048,2048,true],"trp-custom-language-flag":["https:\/\/www.ferberpainting.com\/wp-content\/uploads\/2025\/05\/HibiscusFertilizer5L-12x12.png",12,12,true],"woocommerce_thumbnail":["https:\/\/www.ferberpainting.com\/wp-content\/uploads\/2025\/05\/HibiscusFertilizer5L-300x300.png",300,300,true],"woocommerce_single":["https:\/\/www.ferberpainting.com\/wp-content\/uploads\/2025\/05\/HibiscusFertilizer5L-600x600.png",600,600,true],"woocommerce_gallery_thumbnail":["https:\/\/www.ferberpainting.com\/wp-content\/uploads\/2025\/05\/HibiscusFertilizer5L-100x100.png",100,100,true]},"uagb_author_info":{"display_name":"admin","author_link":"https:\/\/www.ferberpainting.com\/si\/author\/"},"uagb_comment_info":7,"uagb_excerpt":"A fertilizer specially designed for abundant flowering and lush foliage.\u00a0Hibiscus is a tropical plant prized for its large colorful flowers and lush foliage. To ensure spectacular flowering and vigorous growth, this\u00a0NPK 15-15-15 fertilizer provides a perfectly balanced supply of nitrogen (N) to promote dense and lush foliage, phosphorus (P) to stimulate deep rooting and abundant&hellip;","_links":{"self":[{"href":"https:\/\/www.ferberpainting.com\/si\/wp-json\/wp\/v2\/product\/23534","targetHints":{"allow":["GET"]}}],"collection":[{"href":"https:\/\/www.ferberpainting.com\/si\/wp-json\/wp\/v2\/product"}],"about":[{"href":"https:\/\/www.ferberpainting.com\/si\/wp-json\/wp\/v2\/types\/product"}],"replies":[{"embeddable":true,"href":"https:\/\/www.ferberpainting.com\/si\/wp-json\/wp\/v2\/comments?post=23534"}],"version-history":[{"count":4,"href":"https:\/\/www.ferberpainting.com\/si\/wp-json\/wp\/v2\/product\/23534\/revisions"}],"predecessor-version":[{"id":166358,"href":"https:\/\/www.ferberpainting.com\/si\/wp-json\/wp\/v2\/product\/23534\/revisions\/166358"}],"wp:featuredmedia":[{"embeddable":true,"href":"https:\/\/www.ferberpainting.com\/si\/wp-json\/wp\/v2\/media\/26029"}],"wp:attachment":[{"href":"https:\/\/www.ferberpainting.com\/si\/wp-json\/wp\/v2\/media?parent=23534"}],"wp:term":[{"taxonomy":"product_brand","embeddable":true,"href":"https:\/\/www.ferberpainting.com\/si\/wp-json\/wp\/v2\/product_brand?post=23534"},{"taxonomy":"product_cat","embeddable":true,"href":"https:\/\/www.ferberpainting.com\/si\/wp-json\/wp\/v2\/product_cat?post=23534"},{"taxonomy":"product_tag","embeddable":true,"href":"https:\/\/www.ferberpainting.com\/si\/wp-json\/wp\/v2\/product_tag?post=23534"}],"curies":[{"name":"wp","href":"https:\/\/api.w.org\/{rel}","templated":true}]}}