{"id":23481,"date":"2025-05-26T10:24:22","date_gmt":"2025-05-26T08:24:22","guid":{"rendered":"https:\/\/www.ferberpainting.com\/products\/geranium-fertilizer\/"},"modified":"2026-02-15T14:19:28","modified_gmt":"2026-02-15T13:19:28","slug":"geranium-fertilizer","status":"publish","type":"product","link":"https:\/\/www.ferberpainting.com\/si\/products\/geranium-fertilizer\/","title":{"rendered":"Gnojilo za geranije"},"content":{"rendered":"<p><img decoding=\"async\" style=\"margin-right: 12px;\" src=\"https:\/\/www.ferberpainting.com\/wp-content\/uploads\/2026\/02\/Check.svg\" alt=\"\" width=\"18\" height=\"15\" \/><strong>Gnojilo, posebej zasnovano za ble\u0161\u010de\u010de cvetenje in bujno listje.<\/strong>\u00a0Pelargonije so nepogre\u0161ljive rastline, ki s svojimi pisanimi cvetovi in gostim listjem krasijo vrtove, balkone in terase. To gnojilo NPK 15-15-15 je bilo oblikovano tako, da izpolnjuje posebne potrebe pelargonij in jim zagotavlja popolnoma uravnote\u017eeno razmerje du\u0161ika (N) za spodbujanje gostega in \u017eivahnega listja, fosforja (P) za spodbujanje mo\u010dnega razvoja korenin in obilnega cvetenja ter kalija (K) za krepitev odpornosti na bolezni in odpornosti na podnebne vplive. Z u\u010dinkovito prehrano pelargonij to gnojilo zagotavlja mo\u010dno rast in dolgotrajno cvetenje.<\/p>\n<p><img decoding=\"async\" style=\"margin-right: 12px;\" src=\"https:\/\/www.ferberpainting.com\/wp-content\/uploads\/2026\/02\/Check.svg\" alt=\"\" width=\"18\" height=\"15\" \/><strong>Jamstvo vra\u010dila denarja.<\/strong>\u00a0V u\u010dinkovitost na\u0161ega gnojila za pelargonije smo popolnoma prepri\u010dani, zato ponujamo garancijo za vra\u010dilo denarja. \u010ce po uporabi v skladu s priporo\u010dili va\u0161e pelargonije ne bodo opazno izbolj\u0161ale rasti, cvetenja ali odpornosti, se zavezujemo, da vam bomo v celoti povrnili denar. Tako lahko kupujete popolnoma mirno in z zaupanjem.<\/p>\n<p><img decoding=\"async\" style=\"margin-right: 12px;\" src=\"https:\/\/www.ferberpainting.com\/wp-content\/uploads\/2026\/02\/Check.svg\" alt=\"\" width=\"18\" height=\"15\" \/><strong>Primerno za vse sorte in vse rastne razmere.<\/strong>\u00a0To gnojilo je idealno za vse sorte pelargonij, tako za conske, br\u0161ljanove kot di\u0161e\u010de pelargonije. Primerno je tudi za rastline v lon\u010dkih, vrtne grede, odprta tla, balkone ali rastlinjake. Odli\u010dno deluje na vseh vrstah podlag, vklju\u010dno z lahkimi, pe\u0161\u010denimi, s humusom bogatimi ali s kompostom obogatenimi tlemi, in zagotavlja optimalno gnojenje ne glede na na\u010din gojenja.<\/p>\n<p><img decoding=\"async\" style=\"margin-right: 12px;\" src=\"https:\/\/www.ferberpainting.com\/wp-content\/uploads\/2026\/02\/Check.svg\" alt=\"\" width=\"18\" height=\"15\" \/><strong>Stro\u0161kovno u\u010dinkovito in dolgotrajno gnojenje.<\/strong>\u00a0Zaradi koncentrirane teko\u010de formule lahko v 5-litrski posodi pripravite do 1000 litrov gnojilne raztopine, kar zagotavlja dolgotrajno in var\u010dno uporabo. Z odmerkom 5 ml na liter vode omogo\u010da optimalno gnojenje brez odpadkov ali prese\u017eka hranil. Njegova sposobnost dolgotrajnega hranjenja pelargonij zmanj\u0161uje pogostost uporabe, hkrati pa zagotavlja redno rast in osupljivo cvetenje.<\/p>\n<p><img decoding=\"async\" style=\"margin-right: 12px;\" src=\"https:\/\/www.ferberpainting.com\/wp-content\/uploads\/2026\/02\/Check.svg\" alt=\"\" width=\"18\" height=\"15\" \/><strong>Varno in okolju prijazno gnojilo.<\/strong>\u00a0To gnojilo je narejeno brez agresivnih kemi\u010dnih izdelkov in upo\u0161teva naravno ravnovesje tal in biotsko raznovrstnost vrta. Ne vsebuje \u0161kodljivih elementov, ki bi lahko spremenili kakovost tal ali vplivali na okoli\u0161ko favno in floro. Je varno za doma\u010de \u017eivali in otroke, kar zagotavlja varno gnojenje va\u0161ega vrta in balkona.<\/p>\n<p><img decoding=\"async\" style=\"margin-right: 12px;\" src=\"https:\/\/www.ferberpainting.com\/wp-content\/uploads\/2026\/02\/Check.svg\" alt=\"\" width=\"18\" height=\"15\" \/><strong>Enostavna uporaba za lahkotno gnojenje.<\/strong>\u00a0V nasprotju s trdnimi gnojili, ki jih je treba skrbno raztresati, se to gnojilo preprosto razred\u010di v vodi in uporabi z zalivanjem ali listnim \u0161kropljenjem, kar zagotavlja hitro in enakomerno absorpcijo v koreninah in listih. Zaradi enostavne uporabe lahko tudi vrtnarji za\u010detniki brez te\u017eav pridobijo zdrave pelargonije.<\/p>\n<p><img decoding=\"async\" style=\"margin-right: 12px;\" src=\"https:\/\/www.ferberpainting.com\/wp-content\/uploads\/2026\/02\/Check.svg\" alt=\"\" width=\"18\" height=\"15\" \/><strong>Podalj\u0161ano delovanje za neprekinjeno cvetenje in bolj\u0161o odpornost proti boleznim.<\/strong>\u00a0Zaradi postopnega spro\u0161\u010danja hranil to gnojilo pelargonije hrani ve\u010d tednov in zagotavlja dolgotrajno cvetenje z intenzivno obarvanimi cvetovi. Poleg tega krepi odpornost proti boleznim, kot sta rja ali pepelasta plesen, in \u0161\u010diti pred podnebnimi razmerami, kot sta vro\u010dina ali veter.<\/p>\n<p><img decoding=\"async\" style=\"margin-right: 12px;\" src=\"https:\/\/www.ferberpainting.com\/wp-content\/uploads\/2026\/02\/Check.svg\" alt=\"\" width=\"18\" height=\"15\" \/><strong>Vidni rezultati \u017ee v prvih tednih.<\/strong>\u00a0To gnojilo \u017ee ob prvih nanosih spodbuja pojav novih poganjkov, okrepi barvo cvetov in izbolj\u0161a gostoto listja. Va\u0161e pelargonije hitro poka\u017eejo znake preporoda, saj se okrepijo, obilno cvetijo in imajo bolj okrasen videz.<\/p>\n<h2><strong>Protokol uporabe<\/strong><\/h2>\n<ul>\n<li><strong>Razred\u010denje gnojil <\/strong>: Zme\u0161ajte 5 ml gnojila na 1 liter vode. Pred vsakim nanosom raztopino pretresite, da zagotovite enakomerno porazdelitev hranil.<\/li>\n<li><strong>Na\u010din uporabe<\/strong> :\n<ul>\n<li><strong>Z zalivanjem <\/strong>: Razred\u010deno raztopino vlijte neposredno na dno pelargonij, pri \u010demer pazite, da zemljo ne navla\u017eite preve\u010d, da se izognete izpiranju hranil.<\/li>\n<li><strong>S foliarnim \u0161kropljenjem<\/strong> : Raztopino rahlo popr\u0161ite po listih in steblih zgodaj zjutraj ali pozno zve\u010der, da prepre\u010dite hitro izhlapevanje in zagotovite optimalno absorpcijo.<\/li>\n<\/ul>\n<\/li>\n<li><strong>Pogostost uporabe<\/strong> :\n<ul>\n<li><strong>V \u010dasu rasti in cvetenja (pomlad-poletje) <\/strong>: Gnojilo uporabite vsaka dva tedna, da zagotovite neprekinjeno cvetenje in dobro razvito listje.<\/li>\n<li><strong>Med mirovanjem (jeseni in pozimi) <\/strong>: Zmanj\u0161ajte pogostost na enkrat na mesec, da ohranite vitalnost rastlin, ne da bi pretirano stimulirali rast.<\/li>\n<\/ul>\n<\/li>\n<li><strong>Dopolnilno zalivanje <\/strong>: Po nanosu gnojila po\u010dakajte 48 ur pred ponovnim zalivanjem, da korenine optimalno absorbirajo hranila.<\/li>\n<li><strong>Previdnostni ukrepi za uporabo <\/strong>: Ne pretiravajte z gnojilom, da ne bi pri\u0161lo do prevelikega kopi\u010denja mineralnih soli v substratu, kar bi lahko upo\u010dasnilo rast pelargonij. Uporabljajte le na rahlo vla\u017enih tleh, da zagotovite optimalno absorpcijo hranil.<\/li>\n<li><strong>Shranjevanje in konzerviranje <\/strong>: Gnojilo shranjujte v suhem, zmernem prostoru, za\u0161\u010diteno pred svetlobo in vlago. Po vsaki uporabi posodo vedno tesno zaprite, da ohranite u\u010dinkovitost izdelka in prepre\u010dite izhlapevanje.<\/li>\n<\/ul>\n<p>S tem gnojilom za pelargonije svojim rastlinam zagotovite popolno prehrano, ki je popolnoma prilagojena njihovim posebnim potrebam, ter jim zagotovite mo\u010dno rast, neprekinjeno cvetenje in bolj\u0161o odpornost na zunanje razmere. To je idealna re\u0161itev, s katero boste svoje cvetli\u010dne gredice, sadilnike in balkone vso sezono krasili s sijo\u010dimi in zdravimi pelargonijami.<\/p>","protected":false},"excerpt":{"rendered":"<p>A fertilizer specially designed for dazzling blooming and lush foliage.\u00a0Geraniums are essential plants for beautifying gardens, balconies, and terraces with their colorful flowers and dense foliage. This NPK 15-15-15 fertilizer has been formulated to meet the specific needs of geraniums by providing them with a perfectly balanced ratio of nitrogen (N) to stimulate dense and [&hellip;]<\/p>\n","protected":false},"featured_media":26006,"comment_status":"open","ping_status":"closed","template":"","meta":{"_uag_custom_page_level_css":"","site-sidebar-layout":"default","site-content-layout":"","ast-site-content-layout":"default","site-content-style":"default","site-sidebar-style":"default","ast-global-header-display":"","ast-banner-title-visibility":"","ast-main-header-display":"","ast-hfb-above-header-display":"","ast-hfb-below-header-display":"","ast-hfb-mobile-header-display":"","site-post-title":"","ast-breadcrumbs-content":"","ast-featured-img":"","footer-sml-layout":"","ast-disable-related-posts":"","theme-transparent-header-meta":"default","adv-header-id-meta":"","stick-header-meta":"","header-above-stick-meta":"","header-main-stick-meta":"","header-below-stick-meta":"","astra-migrate-meta-layouts":"set","ast-page-background-enabled":"default","ast-page-background-meta":{"desktop":{"background-color":"var(--ast-global-color-4)","background-image":"","background-repeat":"repeat","background-position":"center center","background-size":"auto","background-attachment":"scroll","background-type":"","background-media":"","overlay-type":"","overlay-color":"","overlay-opacity":"","overlay-gradient":""},"tablet":{"background-color":"","background-image":"","background-repeat":"repeat","background-position":"center center","background-size":"auto","background-attachment":"scroll","background-type":"","background-media":"","overlay-type":"","overlay-color":"","overlay-opacity":"","overlay-gradient":""},"mobile":{"background-color":"","background-image":"","background-repeat":"repeat","background-position":"center center","background-size":"auto","background-attachment":"scroll","background-type":"","background-media":"","overlay-type":"","overlay-color":"","overlay-opacity":"","overlay-gradient":""}},"ast-content-background-meta":{"desktop":{"background-color":"var(--ast-global-color-5)","background-image":"","background-repeat":"repeat","background-position":"center center","background-size":"auto","background-attachment":"scroll","background-type":"","background-media":"","overlay-type":"","overlay-color":"","overlay-opacity":"","overlay-gradient":""},"tablet":{"background-color":"var(--ast-global-color-5)","background-image":"","background-repeat":"repeat","background-position":"center center","background-size":"auto","background-attachment":"scroll","background-type":"","background-media":"","overlay-type":"","overlay-color":"","overlay-opacity":"","overlay-gradient":""},"mobile":{"background-color":"var(--ast-global-color-5)","background-image":"","background-repeat":"repeat","background-position":"center center","background-size":"auto","background-attachment":"scroll","background-type":"","background-media":"","overlay-type":"","overlay-color":"","overlay-opacity":"","overlay-gradient":""}}},"product_brand":[],"product_cat":[178],"product_tag":[],"class_list":{"0":"post-23481","1":"product","2":"type-product","3":"status-publish","4":"has-post-thumbnail","6":"product_cat-fertilizers","7":"desktop-align-left","8":"tablet-align-left","9":"mobile-align-left","11":"first","12":"instock","13":"sale","14":"taxable","15":"shipping-taxable","16":"purchasable","17":"product-type-variable","18":"has-default-attributes"},"spectra_custom_meta":{"_visibility":["visible"],"_shopify_product_id":["9066898522357"],"_s2w_shopify_domain":["ferberpainting.myshopify.com"],"_shopify_variant_id":["46505231548661"],"_sku":[""],"_manage_stock":["no"],"total_sales":["9"],"_tax_status":["taxable"],"_tax_class":[""],"_backorders":["no"],"_sold_individually":["no"],"_virtual":["no"],"_downloadable":["no"],"_download_limit":["-1"],"_download_expiry":["-1"],"_stock":[null],"_stock_status":["instock"],"_wc_average_rating":["4.77"],"_wc_review_count":["13"],"_product_attributes":["a:1:{s:6:\"volume\";a:6:{s:4:\"name\";s:6:\"Volume\";s:5:\"value\";s:20:\"5 liters | 25 liters\";s:8:\"position\";i:1;s:10:\"is_visible\";i:0;s:12:\"is_variation\";i:1;s:11:\"is_taxonomy\";i:0;}}"],"_product_version":["10.5.1"],"_thumbnail_id":["26006"],"_product_image_gallery":["26007"],"wpse_downloadable_file_names":[""],"wpse_downloadable_file_urls":[""],"_edit_last":["1"],"_default_attributes":["a:1:{s:6:\"volume\";s:8:\"5 liters\";}"],"_wc_rating_count":["a:2:{i:4;i:3;i:5;i:10;}"],"_edit_lock":["1771161428:1"],"_price":["29.90","129.90"],"merchant-center-availability":["yes"],"merchant-center-category":["113"],"_wp_page_template":["default"],"site-sidebar-layout":["default"],"ast-site-content-layout":["default"],"site-content-style":["default"],"site-sidebar-style":["default"],"theme-transparent-header-meta":["default"],"astra-migrate-meta-layouts":["set"],"_uag_css_file_name":["uag-css-23481.css"],"_elementor_page_assets":["a:0:{}"],"_uag_page_assets":["a:9:{s:3:\"css\";s:7133:\".uag-blocks-common-selector{z-index:var(--z-index-desktop) !important}@media(max-width: 976px){.uag-blocks-common-selector{z-index:var(--z-index-tablet) !important}}@media(max-width: 767px){.uag-blocks-common-selector{z-index:var(--z-index-mobile) !important}}.wp-block-uagb-image{display:flex}.wp-block-uagb-image__figure{position:relative;display:flex;flex-direction:column;max-width:100%;height:auto;margin:0}.wp-block-uagb-image__figure img{height:auto;display:flex;max-width:100%;transition:box-shadow .2s ease}.wp-block-uagb-image__figure>a{display:inline-block}.wp-block-uagb-image__figure figcaption{text-align:center;margin-top:.5em;margin-bottom:1em}.wp-block-uagb-image .components-placeholder.block-editor-media-placeholder .components-placeholder__instructions{align-self:center}.wp-block-uagb-image--align-left{text-align:left}.wp-block-uagb-image--align-right{text-align:right}.wp-block-uagb-image--align-center{text-align:center}.wp-block-uagb-image--align-full .wp-block-uagb-image__figure{margin-left:calc(50% - 50vw);margin-right:calc(50% - 50vw);max-width:100vw;width:100vw;height:auto}.wp-block-uagb-image--align-full .wp-block-uagb-image__figure img{height:auto;width:100% !important}.wp-block-uagb-image--align-wide .wp-block-uagb-image__figure img{height:auto;width:100%}.wp-block-uagb-image--layout-overlay__color-wrapper{position:absolute;left:0;top:0;right:0;bottom:0;opacity:.2;background:rgba(0,0,0,.5);transition:opacity .35s ease-in-out}.wp-block-uagb-image--layout-overlay-link{position:absolute;left:0;right:0;bottom:0;top:0}.wp-block-uagb-image--layout-overlay .wp-block-uagb-image__figure:hover .wp-block-uagb-image--layout-overlay__color-wrapper{opacity:1}.wp-block-uagb-image--layout-overlay__inner{position:absolute;left:15px;right:15px;bottom:15px;top:15px;display:flex;align-items:center;justify-content:center;flex-direction:column;border-color:#fff;transition:.35s ease-in-out}.wp-block-uagb-image--layout-overlay__inner.top-left,.wp-block-uagb-image--layout-overlay__inner.top-center,.wp-block-uagb-image--layout-overlay__inner.top-right{justify-content:flex-start}.wp-block-uagb-image--layout-overlay__inner.bottom-left,.wp-block-uagb-image--layout-overlay__inner.bottom-center,.wp-block-uagb-image--layout-overlay__inner.bottom-right{justify-content:flex-end}.wp-block-uagb-image--layout-overlay__inner.top-left,.wp-block-uagb-image--layout-overlay__inner.center-left,.wp-block-uagb-image--layout-overlay__inner.bottom-left{align-items:flex-start}.wp-block-uagb-image--layout-overlay__inner.top-right,.wp-block-uagb-image--layout-overlay__inner.center-right,.wp-block-uagb-image--layout-overlay__inner.bottom-right{align-items:flex-end}.wp-block-uagb-image--layout-overlay__inner .uagb-image-heading{color:#fff;transition:transform .35s,opacity .35s ease-in-out;transform:translate3d(0, 24px, 0);margin:0;line-height:1em}.wp-block-uagb-image--layout-overlay__inner .uagb-image-separator{width:30%;border-top-width:2px;border-top-color:#fff;border-top-style:solid;margin-bottom:10px;opacity:0;transition:transform .4s,opacity .4s ease-in-out;transform:translate3d(0, 30px, 0)}.wp-block-uagb-image--layout-overlay__inner .uagb-image-caption{opacity:0;overflow:visible;color:#fff;transition:transform .45s,opacity .45s ease-in-out;transform:translate3d(0, 35px, 0)}.wp-block-uagb-image--layout-overlay__inner:hover .uagb-image-heading,.wp-block-uagb-image--layout-overlay__inner:hover .uagb-image-separator,.wp-block-uagb-image--layout-overlay__inner:hover .uagb-image-caption{opacity:1;transform:translate3d(0, 0, 0)}.wp-block-uagb-image--effect-zoomin .wp-block-uagb-image__figure img,.wp-block-uagb-image--effect-zoomin .wp-block-uagb-image__figure .wp-block-uagb-image--layout-overlay__color-wrapper{transform:scale(1);transition:transform .35s ease-in-out}.wp-block-uagb-image--effect-zoomin .wp-block-uagb-image__figure:hover img,.wp-block-uagb-image--effect-zoomin .wp-block-uagb-image__figure:hover .wp-block-uagb-image--layout-overlay__color-wrapper{transform:scale(1.05)}.wp-block-uagb-image--effect-slide .wp-block-uagb-image__figure img,.wp-block-uagb-image--effect-slide .wp-block-uagb-image__figure .wp-block-uagb-image--layout-overlay__color-wrapper{width:calc(100% + 40px) !important;max-width:none !important;transform:translate3d(-40px, 0, 0);transition:transform .35s ease-in-out}.wp-block-uagb-image--effect-slide .wp-block-uagb-image__figure:hover img,.wp-block-uagb-image--effect-slide .wp-block-uagb-image__figure:hover .wp-block-uagb-image--layout-overlay__color-wrapper{transform:translate3d(0, 0, 0)}.wp-block-uagb-image--effect-grayscale img{filter:grayscale(0%);transition:.35s ease-in-out}.wp-block-uagb-image--effect-grayscale:hover img{filter:grayscale(100%)}.wp-block-uagb-image--effect-blur img{filter:blur(0);transition:.35s ease-in-out}.wp-block-uagb-image--effect-blur:hover img{filter:blur(3px)}.uagb-block-e6f939b3.wp-block-uagb-image--layout-default figure img{box-shadow: 0px 0px 0 #00000070;}.uagb-block-e6f939b3.wp-block-uagb-image .wp-block-uagb-image__figure figcaption{font-style: normal;align-self: center;}.uagb-block-e6f939b3.wp-block-uagb-image--layout-overlay figure img{box-shadow: 0px 0px 0 #00000070;}.uagb-block-e6f939b3.wp-block-uagb-image--layout-overlay .wp-block-uagb-image--layout-overlay__color-wrapper{opacity: 0.2;}.uagb-block-e6f939b3.wp-block-uagb-image--layout-overlay .wp-block-uagb-image--layout-overlay__inner{left: 15px;right: 15px;top: 15px;bottom: 15px;}.uagb-block-e6f939b3.wp-block-uagb-image--layout-overlay .wp-block-uagb-image--layout-overlay__inner .uagb-image-heading{font-style: normal;color: #fff;opacity: 1;}.uagb-block-e6f939b3.wp-block-uagb-image--layout-overlay .wp-block-uagb-image--layout-overlay__inner .uagb-image-heading a{color: #fff;}.uagb-block-e6f939b3.wp-block-uagb-image--layout-overlay .wp-block-uagb-image--layout-overlay__inner .uagb-image-caption{opacity: 0;}.uagb-block-e6f939b3.wp-block-uagb-image--layout-overlay .wp-block-uagb-image__figure:hover .wp-block-uagb-image--layout-overlay__color-wrapper{opacity: 1;}.uagb-block-e6f939b3.wp-block-uagb-image .wp-block-uagb-image--layout-overlay__inner .uagb-image-separator{width: 30%;border-top-width: 2px;border-top-color: #fff;opacity: 0;}.uagb-block-e6f939b3.wp-block-uagb-image .wp-block-uagb-image__figure img{width: px;height: auto;}.uagb-block-e6f939b3.wp-block-uagb-image .wp-block-uagb-image__figure:hover .wp-block-uagb-image--layout-overlay__inner .uagb-image-caption{opacity: 1;}.uagb-block-e6f939b3.wp-block-uagb-image .wp-block-uagb-image__figure:hover .wp-block-uagb-image--layout-overlay__inner .uagb-image-separator{opacity: 1;}.uagb-block-e6f939b3.wp-block-uagb-image--layout-default figure:hover img{box-shadow: 0px 0px 0 #00000070;}.uagb-block-e6f939b3.wp-block-uagb-image--layout-overlay figure:hover img{box-shadow: 0px 0px 0 #00000070;}@media only screen and (max-width: 976px) {.uagb-block-e6f939b3.wp-block-uagb-image .wp-block-uagb-image__figure img{width: px;height: auto;}}@media only screen and (max-width: 767px) {.uagb-block-e6f939b3.wp-block-uagb-image .wp-block-uagb-image__figure img{width: px;height: auto;}}\";s:2:\"js\";s:0:\"\";s:18:\"current_block_list\";a:13:{i:0;s:11:\"core\/search\";i:1;s:10:\"core\/group\";i:2;s:12:\"core\/heading\";i:3;s:17:\"core\/latest-posts\";i:4;s:20:\"core\/latest-comments\";i:5;s:13:\"core\/archives\";i:6;s:15:\"core\/categories\";i:7;s:14:\"core\/paragraph\";i:8;s:10:\"uagb\/image\";i:9;s:11:\"core\/spacer\";i:10;s:30:\"woocommerce\/product-categories\";i:11;s:10:\"core\/image\";i:12;s:14:\"core\/shortcode\";}s:8:\"uag_flag\";b:1;s:11:\"uag_version\";s:10:\"1777362966\";s:6:\"gfonts\";a:0:{}s:10:\"gfonts_url\";s:0:\"\";s:12:\"gfonts_files\";a:0:{}s:14:\"uag_faq_layout\";b:0;}"]},"uagb_featured_image_src":{"full":["https:\/\/www.ferberpainting.com\/wp-content\/uploads\/2025\/05\/GeraniumFertilizer5L.png",2560,2560,false],"thumbnail":["https:\/\/www.ferberpainting.com\/wp-content\/uploads\/2025\/05\/GeraniumFertilizer5L-150x150.png",150,150,true],"medium":["https:\/\/www.ferberpainting.com\/wp-content\/uploads\/2025\/05\/GeraniumFertilizer5L-300x300.png",300,300,true],"medium_large":["https:\/\/www.ferberpainting.com\/wp-content\/uploads\/2025\/05\/GeraniumFertilizer5L-768x768.png",768,768,true],"large":["https:\/\/www.ferberpainting.com\/wp-content\/uploads\/2025\/05\/GeraniumFertilizer5L-1024x1024.png",1024,1024,true],"1536x1536":["https:\/\/www.ferberpainting.com\/wp-content\/uploads\/2025\/05\/GeraniumFertilizer5L-1536x1536.png",1536,1536,true],"2048x2048":["https:\/\/www.ferberpainting.com\/wp-content\/uploads\/2025\/05\/GeraniumFertilizer5L-2048x2048.png",2048,2048,true],"trp-custom-language-flag":["https:\/\/www.ferberpainting.com\/wp-content\/uploads\/2025\/05\/GeraniumFertilizer5L-12x12.png",12,12,true],"woocommerce_thumbnail":["https:\/\/www.ferberpainting.com\/wp-content\/uploads\/2025\/05\/GeraniumFertilizer5L-300x300.png",300,300,true],"woocommerce_single":["https:\/\/www.ferberpainting.com\/wp-content\/uploads\/2025\/05\/GeraniumFertilizer5L-600x600.png",600,600,true],"woocommerce_gallery_thumbnail":["https:\/\/www.ferberpainting.com\/wp-content\/uploads\/2025\/05\/GeraniumFertilizer5L-100x100.png",100,100,true]},"uagb_author_info":{"display_name":"admin","author_link":"https:\/\/www.ferberpainting.com\/si\/author\/"},"uagb_comment_info":13,"uagb_excerpt":"A fertilizer specially designed for dazzling blooming and lush foliage.\u00a0Geraniums are essential plants for beautifying gardens, balconies, and terraces with their colorful flowers and dense foliage. This NPK 15-15-15 fertilizer has been formulated to meet the specific needs of geraniums by providing them with a perfectly balanced ratio of nitrogen (N) to stimulate dense and&hellip;","_links":{"self":[{"href":"https:\/\/www.ferberpainting.com\/si\/wp-json\/wp\/v2\/product\/23481","targetHints":{"allow":["GET"]}}],"collection":[{"href":"https:\/\/www.ferberpainting.com\/si\/wp-json\/wp\/v2\/product"}],"about":[{"href":"https:\/\/www.ferberpainting.com\/si\/wp-json\/wp\/v2\/types\/product"}],"replies":[{"embeddable":true,"href":"https:\/\/www.ferberpainting.com\/si\/wp-json\/wp\/v2\/comments?post=23481"}],"version-history":[{"count":5,"href":"https:\/\/www.ferberpainting.com\/si\/wp-json\/wp\/v2\/product\/23481\/revisions"}],"predecessor-version":[{"id":166173,"href":"https:\/\/www.ferberpainting.com\/si\/wp-json\/wp\/v2\/product\/23481\/revisions\/166173"}],"wp:featuredmedia":[{"embeddable":true,"href":"https:\/\/www.ferberpainting.com\/si\/wp-json\/wp\/v2\/media\/26006"}],"wp:attachment":[{"href":"https:\/\/www.ferberpainting.com\/si\/wp-json\/wp\/v2\/media?parent=23481"}],"wp:term":[{"taxonomy":"product_brand","embeddable":true,"href":"https:\/\/www.ferberpainting.com\/si\/wp-json\/wp\/v2\/product_brand?post=23481"},{"taxonomy":"product_cat","embeddable":true,"href":"https:\/\/www.ferberpainting.com\/si\/wp-json\/wp\/v2\/product_cat?post=23481"},{"taxonomy":"product_tag","embeddable":true,"href":"https:\/\/www.ferberpainting.com\/si\/wp-json\/wp\/v2\/product_tag?post=23481"}],"curies":[{"name":"wp","href":"https:\/\/api.w.org\/{rel}","templated":true}]}}