{"id":23462,"date":"2025-05-26T10:24:13","date_gmt":"2025-05-26T08:24:13","guid":{"rendered":"https:\/\/www.ferberpainting.com\/products\/flower-fertilizer\/"},"modified":"2026-02-15T14:13:14","modified_gmt":"2026-02-15T13:13:14","slug":"flower-fertilizer","status":"publish","type":"product","link":"https:\/\/www.ferberpainting.com\/si\/products\/flower-fertilizer\/","title":{"rendered":"Gnojilo za ro\u017ee"},"content":{"rendered":"<p><img decoding=\"async\" style=\"margin-right: 12px;\" src=\"https:\/\/www.ferberpainting.com\/wp-content\/uploads\/2026\/02\/Check.svg\" alt=\"\" width=\"18\" height=\"15\" \/><strong>Popolno gnojilo za \u017eivahno in dolgotrajno cvetenje.<\/strong>\u00a0Gnojilo za ro\u017ee je posebej zasnovano za spodbujanje rasti in cvetenja vseh cveto\u010dih rastlin. Zaradi uravnote\u017eene formule NPK 15-15-15 va\u0161im rastlinam zagotavlja bistvena hranila za optimalen razvoj, bogato cvetenje in \u017eivahne barve. To gnojilo za enoletnice, trajnice, rastline v loncih ali na prostem zagotavlja dolgotrajno cvetenje in krepitev zdravja rastlin.<\/p>\n<p><img decoding=\"async\" style=\"margin-right: 12px;\" src=\"https:\/\/www.ferberpainting.com\/wp-content\/uploads\/2026\/02\/Check.svg\" alt=\"\" width=\"18\" height=\"15\" \/><strong>Jamstvo vra\u010dila denarja.<\/strong>\u00a0Popolnoma verjamemo v u\u010dinkovitost na\u0161ega gnojila za ro\u017ee. \u010ce kljub pravilni uporabi ne boste opazili vidnega izbolj\u0161anja pri svojih rastlinah, boste prejeli celotno nadomestilo brez vpra\u0161anj.<\/p>\n<p><img decoding=\"async\" style=\"margin-right: 12px;\" src=\"https:\/\/www.ferberpainting.com\/wp-content\/uploads\/2026\/02\/Check.svg\" alt=\"\" width=\"18\" height=\"15\" \/><strong>Zdru\u017eljiv z vsemi vrstami tal in rastnimi substrati.<\/strong>\u00a0To gnojilo je vsestransko in u\u010dinkovito na razli\u010dnih podlagah, vklju\u010dno z ilovnatimi, pe\u0161\u010denimi, apnen\u010dastimi in s humusom bogatimi tlemi. Prilagodi se tudi vrtnarjenju v posodah, sadilnikih, vrtnih gredah, na prostem in celo v hidroponiki. Njegovo delovanje je optimalno pri vseh vrstah cvetja, ne glede na to, ali je v zaprtih prostorih, na prostem ali v rastlinjaku.<\/p>\n<p><img decoding=\"async\" style=\"margin-right: 12px;\" src=\"https:\/\/www.ferberpainting.com\/wp-content\/uploads\/2026\/02\/Check.svg\" alt=\"\" width=\"18\" height=\"15\" \/><strong>Izjemen donos in stro\u0161kovna u\u010dinkovitost.<\/strong>\u00a0Zaradi visoko koncentrirane formule lahko s samo 5 ml gnojila pripravite do 1000 litrov hranilne raztopine, kar zadostuje za oskrbo velikega \u0161tevila rastlin. Samo 5 ml razred\u010denega gnojila na 1 liter vode zadostuje za u\u010dinkovito gnojenje, kar zagotavlja dolgotrajno uporabo in odli\u010dno razmerje med kakovostjo in ceno.<\/p>\n<p><img decoding=\"async\" style=\"margin-right: 12px;\" src=\"https:\/\/www.ferberpainting.com\/wp-content\/uploads\/2026\/02\/Check.svg\" alt=\"\" width=\"18\" height=\"15\" \/><strong>Okolju prijazno in varno gnojilo.<\/strong>\u00a0To gnojilo ne vsebuje \u0161kodljivih dodatkov, je biolo\u0161ko razgradljivo in nestrupeno. Ne onesna\u017euje tal, podtalnice ali zraka, zato je idealna izbira za ekolo\u0161ko ozave\u0161\u010deno in odgovorno kulturo. Spodbuja tudi delovanje koristnih mikroorganizmov v tleh, s \u010dimer izbolj\u0161uje strukturo tal in pove\u010duje sprejemanje hranil s strani rastlin.<\/p>\n<p><img decoding=\"async\" style=\"margin-right: 12px;\" src=\"https:\/\/www.ferberpainting.com\/wp-content\/uploads\/2026\/02\/Check.svg\" alt=\"\" width=\"18\" height=\"15\" \/><strong>Takoj\u0161en u\u010dinek in optimalna asimilacija.<\/strong>\u00a0Ne glede na to, ali va\u0161e rastline te\u017eko absorbirajo hranila zaradi po\u0161kodb korenin ali slabih talnih razmer, se to teko\u010de gnojilo takoj raztopi v vodi, kar zagotavlja enakomerno porazdelitev in hitro absorpcijo v rastlinah. Enostavno ga je meriti, brez nevarnosti prevelikega odmerjanja ali \u0161kode za uporabnika.<\/p>\n<p><img decoding=\"async\" style=\"margin-right: 12px;\" src=\"https:\/\/www.ferberpainting.com\/wp-content\/uploads\/2026\/02\/Check.svg\" alt=\"\" width=\"18\" height=\"15\" \/><strong>Postopno delovanje in trajni u\u010dinki.<\/strong>\u00a0Zaradi uravnote\u017eene sestave to gnojilo postopoma spro\u0161\u010da bistvena hranila, kar zagotavlja neprekinjeno rast in dalj\u0161e cvetenje. Pomaga okrepiti rastline pred boleznimi, \u0161kodljivci in neugodnimi podnebnimi razmerami ter zagotavlja mo\u010dno in \u017eivahno cvetenje skozi vso sezono.<\/p>\n<p><img decoding=\"async\" style=\"margin-right: 12px;\" src=\"https:\/\/www.ferberpainting.com\/wp-content\/uploads\/2026\/02\/Check.svg\" alt=\"\" width=\"18\" height=\"15\" \/><strong>Vidni rezultati \u017ee v nekaj dneh.<\/strong>\u00a0Rastline \u017ee po prvih nanosih ka\u017eejo intenzivnej\u0161e barve, bolj\u0161o mo\u010d in harmoni\u010dno rast. Du\u0161ik spodbuja uravnote\u017eeno rast listov, fosfor spodbuja nastajanje novih cvetnih brstov, kalij pa izbolj\u0161uje odpornost in kakovost cvetov.<\/p>\n<p><img decoding=\"async\" style=\"margin-right: 12px;\" src=\"https:\/\/www.ferberpainting.com\/wp-content\/uploads\/2026\/02\/Check.svg\" alt=\"\" width=\"18\" height=\"15\" \/><strong>Primerno za vse cveto\u010de rastline.<\/strong>\u00a0To gnojilo je idealno za vrtnice, pelargonije, begonije, dalije, petunije, orhideje, sivke, hibiskuse, lilije in vse cveto\u010de rastline, ne glede na to, ali jih gojite v zaprtih prostorih, na balkonu ali na vrtu. Primeren je tudi za tropske rastline, rezano cvetje in dolgo cveto\u010de grmovnice.<\/p>\n<h2><strong>Protokol uporabe<\/strong><\/h2>\n<ul>\n<li><strong>Obdobje prijave <\/strong>: Spomladi gnojite do konca poletja, kar je idealno obdobje za spodbujanje cvetenja. Za sobne rastline in pozimi cveto\u010de rastline je priporo\u010dljivo celoletno prilagojeno gnojenje.<\/li>\n<li><strong>Priprava raztopine <\/strong>: Razred\u010dite 5 ml gnojila v 1 litru vode, da dobite u\u010dinkovito in uravnote\u017eeno hranilno raztopino.<\/li>\n<li><strong>Na\u010dini uporabe <\/strong>:\n<ul>\n<li><strong>Zalivanje tal <\/strong>: Hranilno raztopino vlijte neposredno na zemljo ali podlago, pri \u010demer pazite, da se ne dotaknete cvetov.<\/li>\n<li><strong>\u0160kropljenje listov <\/strong>: Rahlo popr\u0161ite po listih, kar spodbuja hitro absorpcijo hranil.<\/li>\n<\/ul>\n<\/li>\n<li><strong>Pogostost uporabe <\/strong>:\n<ul>\n<li><strong>Cveto\u010de rastline <\/strong>: Uporabljajte vsakih 10 do 15 dni, da ohranite enakomerno cvetenje.<\/li>\n<li><strong>Obrati za vzdr\u017eevanje<\/strong>: Gnojite vsake 3 tedne, da ohranite vitalnost in lepoto cvetov.<\/li>\n<\/ul>\n<\/li>\n<li><strong>Previdnostni ukrepi za uporabo <\/strong>:\n<ul>\n<li>Ne uporabljajte na polnem soncu ali med vro\u010dinskimi valovi, da prepre\u010dite prekomerno izhlapevanje hranil.<\/li>\n<li>Ne pretiravajte z gnojenjem, saj lahko prevelika koli\u010dina gnojila spodbuja pretirano rast listja na ra\u010dun cvetov.<\/li>\n<\/ul>\n<\/li>\n<\/ul>\n<p>Z na\u0161im gnojilom za ro\u017ee zagotovite svojim rastlinam izjemno, dolgotrajno in sijo\u010de cvetenje skozi vse leto.<\/p>","protected":false},"excerpt":{"rendered":"<p>A complete fertilizer for vibrant and long-lasting blooms.\u00a0The flower fertilizer is specially designed to stimulate the growth and blooming of all flowering plants. Thanks to its balanced NPK 15-15-15 formula, it provides your plants with the essential nutrients for optimal development, abundant flowering and vibrant colors. Whether for annuals, perennials, in pots or in open [&hellip;]<\/p>\n","protected":false},"featured_media":25990,"comment_status":"open","ping_status":"closed","template":"","meta":{"_uag_custom_page_level_css":"","site-sidebar-layout":"default","site-content-layout":"","ast-site-content-layout":"default","site-content-style":"default","site-sidebar-style":"default","ast-global-header-display":"","ast-banner-title-visibility":"","ast-main-header-display":"","ast-hfb-above-header-display":"","ast-hfb-below-header-display":"","ast-hfb-mobile-header-display":"","site-post-title":"","ast-breadcrumbs-content":"","ast-featured-img":"","footer-sml-layout":"","ast-disable-related-posts":"","theme-transparent-header-meta":"default","adv-header-id-meta":"","stick-header-meta":"","header-above-stick-meta":"","header-main-stick-meta":"","header-below-stick-meta":"","astra-migrate-meta-layouts":"set","ast-page-background-enabled":"default","ast-page-background-meta":{"desktop":{"background-color":"var(--ast-global-color-4)","background-image":"","background-repeat":"repeat","background-position":"center center","background-size":"auto","background-attachment":"scroll","background-type":"","background-media":"","overlay-type":"","overlay-color":"","overlay-opacity":"","overlay-gradient":""},"tablet":{"background-color":"","background-image":"","background-repeat":"repeat","background-position":"center center","background-size":"auto","background-attachment":"scroll","background-type":"","background-media":"","overlay-type":"","overlay-color":"","overlay-opacity":"","overlay-gradient":""},"mobile":{"background-color":"","background-image":"","background-repeat":"repeat","background-position":"center center","background-size":"auto","background-attachment":"scroll","background-type":"","background-media":"","overlay-type":"","overlay-color":"","overlay-opacity":"","overlay-gradient":""}},"ast-content-background-meta":{"desktop":{"background-color":"var(--ast-global-color-5)","background-image":"","background-repeat":"repeat","background-position":"center center","background-size":"auto","background-attachment":"scroll","background-type":"","background-media":"","overlay-type":"","overlay-color":"","overlay-opacity":"","overlay-gradient":""},"tablet":{"background-color":"var(--ast-global-color-5)","background-image":"","background-repeat":"repeat","background-position":"center center","background-size":"auto","background-attachment":"scroll","background-type":"","background-media":"","overlay-type":"","overlay-color":"","overlay-opacity":"","overlay-gradient":""},"mobile":{"background-color":"var(--ast-global-color-5)","background-image":"","background-repeat":"repeat","background-position":"center center","background-size":"auto","background-attachment":"scroll","background-type":"","background-media":"","overlay-type":"","overlay-color":"","overlay-opacity":"","overlay-gradient":""}}},"product_brand":[],"product_cat":[178],"product_tag":[],"class_list":{"0":"post-23462","1":"product","2":"type-product","3":"status-publish","4":"has-post-thumbnail","6":"product_cat-fertilizers","7":"desktop-align-left","8":"tablet-align-left","9":"mobile-align-left","11":"first","12":"instock","13":"sale","14":"shipping-taxable","15":"purchasable","16":"product-type-variable","17":"has-default-attributes"},"spectra_custom_meta":{"_visibility":["visible"],"_shopify_product_id":["9077333065973"],"_s2w_shopify_domain":["ferberpainting.myshopify.com"],"_shopify_variant_id":["46537953870069"],"_sku":[""],"_manage_stock":["no"],"total_sales":["5"],"_tax_status":["taxable"],"_tax_class":[""],"_backorders":["no"],"_sold_individually":["no"],"_virtual":["no"],"_downloadable":["no"],"_download_limit":["-1"],"_download_expiry":["-1"],"_stock":[null],"_stock_status":["instock"],"_wc_average_rating":["4.71"],"_wc_review_count":["7"],"_product_attributes":["a:1:{s:6:\"volume\";a:6:{s:4:\"name\";s:6:\"Volume\";s:5:\"value\";s:20:\"5 liters | 25 liters\";s:8:\"position\";i:1;s:10:\"is_visible\";i:0;s:12:\"is_variation\";i:1;s:11:\"is_taxonomy\";i:0;}}"],"_product_version":["10.5.1"],"_thumbnail_id":["25990"],"_product_image_gallery":["25991"],"wpse_downloadable_file_names":[""],"wpse_downloadable_file_urls":[""],"_edit_last":["1"],"_default_attributes":["a:1:{s:6:\"volume\";s:8:\"5 liters\";}"],"_edit_lock":["1771161053:1"],"merchant-center-availability":["yes"],"merchant-center-category":["113"],"_price":["29.90","129.90"],"_wp_page_template":["default"],"site-sidebar-layout":["default"],"ast-site-content-layout":["default"],"site-content-style":["default"],"site-sidebar-style":["default"],"theme-transparent-header-meta":["default"],"_wc_rating_count":["a:2:{i:4;i:2;i:5;i:5;}"],"astra-migrate-meta-layouts":["set"],"_uag_css_file_name":["uag-css-23462.css"],"_elementor_page_assets":["a:0:{}"],"_uag_page_assets":["a:9:{s:3:\"css\";s:7133:\".uag-blocks-common-selector{z-index:var(--z-index-desktop) !important}@media(max-width: 976px){.uag-blocks-common-selector{z-index:var(--z-index-tablet) !important}}@media(max-width: 767px){.uag-blocks-common-selector{z-index:var(--z-index-mobile) !important}}.wp-block-uagb-image{display:flex}.wp-block-uagb-image__figure{position:relative;display:flex;flex-direction:column;max-width:100%;height:auto;margin:0}.wp-block-uagb-image__figure img{height:auto;display:flex;max-width:100%;transition:box-shadow .2s ease}.wp-block-uagb-image__figure>a{display:inline-block}.wp-block-uagb-image__figure figcaption{text-align:center;margin-top:.5em;margin-bottom:1em}.wp-block-uagb-image .components-placeholder.block-editor-media-placeholder .components-placeholder__instructions{align-self:center}.wp-block-uagb-image--align-left{text-align:left}.wp-block-uagb-image--align-right{text-align:right}.wp-block-uagb-image--align-center{text-align:center}.wp-block-uagb-image--align-full .wp-block-uagb-image__figure{margin-left:calc(50% - 50vw);margin-right:calc(50% - 50vw);max-width:100vw;width:100vw;height:auto}.wp-block-uagb-image--align-full .wp-block-uagb-image__figure img{height:auto;width:100% !important}.wp-block-uagb-image--align-wide .wp-block-uagb-image__figure img{height:auto;width:100%}.wp-block-uagb-image--layout-overlay__color-wrapper{position:absolute;left:0;top:0;right:0;bottom:0;opacity:.2;background:rgba(0,0,0,.5);transition:opacity .35s ease-in-out}.wp-block-uagb-image--layout-overlay-link{position:absolute;left:0;right:0;bottom:0;top:0}.wp-block-uagb-image--layout-overlay .wp-block-uagb-image__figure:hover .wp-block-uagb-image--layout-overlay__color-wrapper{opacity:1}.wp-block-uagb-image--layout-overlay__inner{position:absolute;left:15px;right:15px;bottom:15px;top:15px;display:flex;align-items:center;justify-content:center;flex-direction:column;border-color:#fff;transition:.35s ease-in-out}.wp-block-uagb-image--layout-overlay__inner.top-left,.wp-block-uagb-image--layout-overlay__inner.top-center,.wp-block-uagb-image--layout-overlay__inner.top-right{justify-content:flex-start}.wp-block-uagb-image--layout-overlay__inner.bottom-left,.wp-block-uagb-image--layout-overlay__inner.bottom-center,.wp-block-uagb-image--layout-overlay__inner.bottom-right{justify-content:flex-end}.wp-block-uagb-image--layout-overlay__inner.top-left,.wp-block-uagb-image--layout-overlay__inner.center-left,.wp-block-uagb-image--layout-overlay__inner.bottom-left{align-items:flex-start}.wp-block-uagb-image--layout-overlay__inner.top-right,.wp-block-uagb-image--layout-overlay__inner.center-right,.wp-block-uagb-image--layout-overlay__inner.bottom-right{align-items:flex-end}.wp-block-uagb-image--layout-overlay__inner .uagb-image-heading{color:#fff;transition:transform .35s,opacity .35s ease-in-out;transform:translate3d(0, 24px, 0);margin:0;line-height:1em}.wp-block-uagb-image--layout-overlay__inner .uagb-image-separator{width:30%;border-top-width:2px;border-top-color:#fff;border-top-style:solid;margin-bottom:10px;opacity:0;transition:transform .4s,opacity .4s ease-in-out;transform:translate3d(0, 30px, 0)}.wp-block-uagb-image--layout-overlay__inner .uagb-image-caption{opacity:0;overflow:visible;color:#fff;transition:transform .45s,opacity .45s ease-in-out;transform:translate3d(0, 35px, 0)}.wp-block-uagb-image--layout-overlay__inner:hover .uagb-image-heading,.wp-block-uagb-image--layout-overlay__inner:hover .uagb-image-separator,.wp-block-uagb-image--layout-overlay__inner:hover .uagb-image-caption{opacity:1;transform:translate3d(0, 0, 0)}.wp-block-uagb-image--effect-zoomin .wp-block-uagb-image__figure img,.wp-block-uagb-image--effect-zoomin .wp-block-uagb-image__figure .wp-block-uagb-image--layout-overlay__color-wrapper{transform:scale(1);transition:transform .35s ease-in-out}.wp-block-uagb-image--effect-zoomin .wp-block-uagb-image__figure:hover img,.wp-block-uagb-image--effect-zoomin .wp-block-uagb-image__figure:hover .wp-block-uagb-image--layout-overlay__color-wrapper{transform:scale(1.05)}.wp-block-uagb-image--effect-slide .wp-block-uagb-image__figure img,.wp-block-uagb-image--effect-slide .wp-block-uagb-image__figure .wp-block-uagb-image--layout-overlay__color-wrapper{width:calc(100% + 40px) !important;max-width:none !important;transform:translate3d(-40px, 0, 0);transition:transform .35s ease-in-out}.wp-block-uagb-image--effect-slide .wp-block-uagb-image__figure:hover img,.wp-block-uagb-image--effect-slide .wp-block-uagb-image__figure:hover .wp-block-uagb-image--layout-overlay__color-wrapper{transform:translate3d(0, 0, 0)}.wp-block-uagb-image--effect-grayscale img{filter:grayscale(0%);transition:.35s ease-in-out}.wp-block-uagb-image--effect-grayscale:hover img{filter:grayscale(100%)}.wp-block-uagb-image--effect-blur img{filter:blur(0);transition:.35s ease-in-out}.wp-block-uagb-image--effect-blur:hover img{filter:blur(3px)}.uagb-block-e6f939b3.wp-block-uagb-image--layout-default figure img{box-shadow: 0px 0px 0 #00000070;}.uagb-block-e6f939b3.wp-block-uagb-image .wp-block-uagb-image__figure figcaption{font-style: normal;align-self: center;}.uagb-block-e6f939b3.wp-block-uagb-image--layout-overlay figure img{box-shadow: 0px 0px 0 #00000070;}.uagb-block-e6f939b3.wp-block-uagb-image--layout-overlay .wp-block-uagb-image--layout-overlay__color-wrapper{opacity: 0.2;}.uagb-block-e6f939b3.wp-block-uagb-image--layout-overlay .wp-block-uagb-image--layout-overlay__inner{left: 15px;right: 15px;top: 15px;bottom: 15px;}.uagb-block-e6f939b3.wp-block-uagb-image--layout-overlay .wp-block-uagb-image--layout-overlay__inner .uagb-image-heading{font-style: normal;color: #fff;opacity: 1;}.uagb-block-e6f939b3.wp-block-uagb-image--layout-overlay .wp-block-uagb-image--layout-overlay__inner .uagb-image-heading a{color: #fff;}.uagb-block-e6f939b3.wp-block-uagb-image--layout-overlay .wp-block-uagb-image--layout-overlay__inner .uagb-image-caption{opacity: 0;}.uagb-block-e6f939b3.wp-block-uagb-image--layout-overlay .wp-block-uagb-image__figure:hover .wp-block-uagb-image--layout-overlay__color-wrapper{opacity: 1;}.uagb-block-e6f939b3.wp-block-uagb-image .wp-block-uagb-image--layout-overlay__inner .uagb-image-separator{width: 30%;border-top-width: 2px;border-top-color: #fff;opacity: 0;}.uagb-block-e6f939b3.wp-block-uagb-image .wp-block-uagb-image__figure img{width: px;height: auto;}.uagb-block-e6f939b3.wp-block-uagb-image .wp-block-uagb-image__figure:hover .wp-block-uagb-image--layout-overlay__inner .uagb-image-caption{opacity: 1;}.uagb-block-e6f939b3.wp-block-uagb-image .wp-block-uagb-image__figure:hover .wp-block-uagb-image--layout-overlay__inner .uagb-image-separator{opacity: 1;}.uagb-block-e6f939b3.wp-block-uagb-image--layout-default figure:hover img{box-shadow: 0px 0px 0 #00000070;}.uagb-block-e6f939b3.wp-block-uagb-image--layout-overlay figure:hover img{box-shadow: 0px 0px 0 #00000070;}@media only screen and (max-width: 976px) {.uagb-block-e6f939b3.wp-block-uagb-image .wp-block-uagb-image__figure img{width: px;height: auto;}}@media only screen and (max-width: 767px) {.uagb-block-e6f939b3.wp-block-uagb-image .wp-block-uagb-image__figure img{width: px;height: auto;}}\";s:2:\"js\";s:0:\"\";s:18:\"current_block_list\";a:13:{i:0;s:11:\"core\/search\";i:1;s:10:\"core\/group\";i:2;s:12:\"core\/heading\";i:3;s:17:\"core\/latest-posts\";i:4;s:20:\"core\/latest-comments\";i:5;s:13:\"core\/archives\";i:6;s:15:\"core\/categories\";i:7;s:14:\"core\/paragraph\";i:8;s:10:\"uagb\/image\";i:9;s:11:\"core\/spacer\";i:10;s:30:\"woocommerce\/product-categories\";i:11;s:10:\"core\/image\";i:12;s:14:\"core\/shortcode\";}s:8:\"uag_flag\";b:1;s:11:\"uag_version\";s:10:\"1777182974\";s:6:\"gfonts\";a:0:{}s:10:\"gfonts_url\";s:0:\"\";s:12:\"gfonts_files\";a:0:{}s:14:\"uag_faq_layout\";b:0;}"]},"uagb_featured_image_src":{"full":["https:\/\/www.ferberpainting.com\/wp-content\/uploads\/2025\/05\/FlowerFertilizer5L.png",2560,2560,false],"thumbnail":["https:\/\/www.ferberpainting.com\/wp-content\/uploads\/2025\/05\/FlowerFertilizer5L-150x150.png",150,150,true],"medium":["https:\/\/www.ferberpainting.com\/wp-content\/uploads\/2025\/05\/FlowerFertilizer5L-300x300.png",300,300,true],"medium_large":["https:\/\/www.ferberpainting.com\/wp-content\/uploads\/2025\/05\/FlowerFertilizer5L-768x768.png",768,768,true],"large":["https:\/\/www.ferberpainting.com\/wp-content\/uploads\/2025\/05\/FlowerFertilizer5L-1024x1024.png",1024,1024,true],"1536x1536":["https:\/\/www.ferberpainting.com\/wp-content\/uploads\/2025\/05\/FlowerFertilizer5L-1536x1536.png",1536,1536,true],"2048x2048":["https:\/\/www.ferberpainting.com\/wp-content\/uploads\/2025\/05\/FlowerFertilizer5L-2048x2048.png",2048,2048,true],"trp-custom-language-flag":["https:\/\/www.ferberpainting.com\/wp-content\/uploads\/2025\/05\/FlowerFertilizer5L-12x12.png",12,12,true],"woocommerce_thumbnail":["https:\/\/www.ferberpainting.com\/wp-content\/uploads\/2025\/05\/FlowerFertilizer5L-300x300.png",300,300,true],"woocommerce_single":["https:\/\/www.ferberpainting.com\/wp-content\/uploads\/2025\/05\/FlowerFertilizer5L-600x600.png",600,600,true],"woocommerce_gallery_thumbnail":["https:\/\/www.ferberpainting.com\/wp-content\/uploads\/2025\/05\/FlowerFertilizer5L-100x100.png",100,100,true]},"uagb_author_info":{"display_name":"admin","author_link":"https:\/\/www.ferberpainting.com\/si\/author\/"},"uagb_comment_info":7,"uagb_excerpt":"A complete fertilizer for vibrant and long-lasting blooms.\u00a0The flower fertilizer is specially designed to stimulate the growth and blooming of all flowering plants. Thanks to its balanced NPK 15-15-15 formula, it provides your plants with the essential nutrients for optimal development, abundant flowering and vibrant colors. Whether for annuals, perennials, in pots or in open&hellip;","_links":{"self":[{"href":"https:\/\/www.ferberpainting.com\/si\/wp-json\/wp\/v2\/product\/23462","targetHints":{"allow":["GET"]}}],"collection":[{"href":"https:\/\/www.ferberpainting.com\/si\/wp-json\/wp\/v2\/product"}],"about":[{"href":"https:\/\/www.ferberpainting.com\/si\/wp-json\/wp\/v2\/types\/product"}],"replies":[{"embeddable":true,"href":"https:\/\/www.ferberpainting.com\/si\/wp-json\/wp\/v2\/comments?post=23462"}],"version-history":[{"count":5,"href":"https:\/\/www.ferberpainting.com\/si\/wp-json\/wp\/v2\/product\/23462\/revisions"}],"predecessor-version":[{"id":166164,"href":"https:\/\/www.ferberpainting.com\/si\/wp-json\/wp\/v2\/product\/23462\/revisions\/166164"}],"wp:featuredmedia":[{"embeddable":true,"href":"https:\/\/www.ferberpainting.com\/si\/wp-json\/wp\/v2\/media\/25990"}],"wp:attachment":[{"href":"https:\/\/www.ferberpainting.com\/si\/wp-json\/wp\/v2\/media?parent=23462"}],"wp:term":[{"taxonomy":"product_brand","embeddable":true,"href":"https:\/\/www.ferberpainting.com\/si\/wp-json\/wp\/v2\/product_brand?post=23462"},{"taxonomy":"product_cat","embeddable":true,"href":"https:\/\/www.ferberpainting.com\/si\/wp-json\/wp\/v2\/product_cat?post=23462"},{"taxonomy":"product_tag","embeddable":true,"href":"https:\/\/www.ferberpainting.com\/si\/wp-json\/wp\/v2\/product_tag?post=23462"}],"curies":[{"name":"wp","href":"https:\/\/api.w.org\/{rel}","templated":true}]}}