{"id":23459,"date":"2025-07-01T13:23:26","date_gmt":"2025-07-01T11:23:26","guid":{"rendered":"https:\/\/www.ferberpainting.com\/?post_type=product&#038;p=23456"},"modified":"2026-02-15T14:12:30","modified_gmt":"2026-02-15T13:12:30","slug":"floor-water-repellent","status":"publish","type":"product","link":"https:\/\/www.ferberpainting.com\/si\/products\/floor-water-repellent\/","title":{"rendered":"Hidrofobno sredstvo za tla"},"content":{"rendered":"<p><img decoding=\"async\" style=\"margin-right: 12px;\" src=\"https:\/\/www.ferberpainting.com\/wp-content\/uploads\/2026\/02\/Check.svg\" alt=\"\" width=\"18\" height=\"15\" \/><strong>Za\u0161\u010dita pred vlago.<\/strong>\u00a0Talni impregnacijski premaz je posebej oblikovan izdelek za za\u0161\u010dito povr\u0161in pred vdorom vode in vlage. Ta obdelava je idealna za zunanja in notranja tla, zlasti tista, ki so izpostavljena te\u017ekim vremenskim razmeram ali visoki vla\u017enosti, kot so terase, balkoni, kleti ali gara\u017ee. Z nanosom impregnacijskega sredstva ustvarite nevidno pregrado, ki prepre\u010duje vdor vode, hkrati pa ohranja zra\u010dnost materiala in tako zagotavlja dolgo \u017eivljenjsko dobo va\u0161ih tal.<\/p>\n<p><img decoding=\"async\" style=\"margin-right: 12px;\" src=\"https:\/\/www.ferberpainting.com\/wp-content\/uploads\/2026\/02\/Check.svg\" alt=\"\" width=\"18\" height=\"15\" \/><strong>Jamstvo vra\u010dila denarja.<\/strong>\u00a0Popolnoma smo prepri\u010dani v u\u010dinkovitost na\u0161ega talne impregnacije. Zato ponujamo jamstvo za zadovoljstvo ali vra\u010dilo denarja. \u010ce z rezultati niste popolnoma zadovoljni, lahko zahtevate vra\u010dilo celotne kupnine. To vam omogo\u010da, da izdelek preizkusite brez tveganja in z gotovostjo, da ne boste izgubili svoje nalo\u017ebe, \u010de rezultati ne bodo izpolnili va\u0161ih pri\u010dakovanj.<\/p>\n<p><img decoding=\"async\" style=\"margin-right: 12px;\" src=\"https:\/\/www.ferberpainting.com\/wp-content\/uploads\/2026\/02\/Check.svg\" alt=\"\" width=\"18\" height=\"15\" \/><strong>Zdru\u017eljiv z razli\u010dnimi vrstami tal.<\/strong>\u00a0Vodoodporno sredstvo za tla je vsestranski izdelek, ki deluje na \u0161tevilnih talnih materialih, kot so beton, cement, plo\u0161\u010dice, tlakovci, malta in celo tla iz naravnega kamna. Ne glede na vrsto tal ta izdelek zagotavlja u\u010dinkovito za\u0161\u010dito pred vlago, vdorom vode in made\u017ei. Zato je idealna re\u0161itev za \u0161tevilne projekte prenove ali gradnje.<\/p>\n<p><img decoding=\"async\" style=\"margin-right: 12px;\" src=\"https:\/\/www.ferberpainting.com\/wp-content\/uploads\/2026\/02\/Check.svg\" alt=\"\" width=\"18\" height=\"15\" \/><strong>Var\u010dno delovanje.<\/strong>\u00a0Ta izdelek ima odli\u010dno ekonomsko vrednost. V povpre\u010dju en liter talne hidroizolacije pokrije od 8 do 12 m\u00b2, odvisno od poroznosti povr\u0161ine, ki jo je treba obdelati. To pomeni, da lahko 5-litrska posoda pokrije od 40 do 60 m\u00b2, kar pomeni, da gre za stro\u0161kovno u\u010dinkovito re\u0161itev za obdelavo velikih povr\u0161in. Obse\u017ene povr\u0161ine lahko obdelate z razmeroma majhno koli\u010dino izdelka, kar zmanj\u0161a dolgoro\u010dne stro\u0161ke.<\/p>\n<p><img decoding=\"async\" style=\"margin-right: 12px;\" src=\"https:\/\/www.ferberpainting.com\/wp-content\/uploads\/2026\/02\/Check.svg\" alt=\"\" width=\"18\" height=\"15\" \/><strong>Nestrupeno.<\/strong>\u00a0Talni impregnacijski premaz je zasnovan tako, da je varen za okolje in zdravje. Ne vsebuje strupenih snovi ali nevarnih kemikalij, zato je \u0161e posebej primeren za uporabo v zaprtih prostorih in na prostem. Izdelek lahko zanesljivo in varno uporabljate, ne da bi vas skrbelo, da bi se v va\u0161em bivalnem ali delovnem prostoru pojavili \u0161kodljivi hlapi.<\/p>\n<p><img decoding=\"async\" style=\"margin-right: 12px;\" src=\"https:\/\/www.ferberpainting.com\/wp-content\/uploads\/2026\/02\/Check.svg\" alt=\"\" width=\"18\" height=\"15\" \/><strong>Enostavna uporaba.<\/strong>\u00a0Ta izdelek je pripravljen za uporabo in ga ni treba red\u010diti. Njegova uporaba je preprosta in hitra. Preprosto ga razpr\u0161ite ali enakomerno razporedite po povr\u0161ini s \u010dopi\u010dem ali valj\u010dkom. Njegova teko\u010da tekstura mu omogo\u010da, da prodre globoko v pore materialov in brez te\u017eav zagotovi u\u010dinkovito za\u0161\u010dito. Za uporabo tega izdelka vam ni treba biti strokovnjak, zato je dostopen vsakomur.<\/p>\n<p><img decoding=\"async\" style=\"margin-right: 12px;\" src=\"https:\/\/www.ferberpainting.com\/wp-content\/uploads\/2026\/02\/Check.svg\" alt=\"\" width=\"18\" height=\"15\" \/><strong>Trajna za\u0161\u010dita.<\/strong>\u00a0Po nanosu hidroizolacijsko sredstvo za tla ustvari za\u0161\u010ditno pregrado, ki se s\u010dasoma upre vdoru vode, made\u017eem in umazaniji. Ta za\u0161\u010dita lahko traja ve\u010d let, odvisno od uporabe in izpostavljenosti povr\u0161ine. Z nanosom na tla podalj\u0161ate njihovo \u017eivljenjsko dobo in zmanj\u0161ate tveganje za degradacijo zaradi vlage. Impregnacijsko sredstvo \u0161\u010diti tudi pred \u0161kodljivimi u\u010dinki ciklov zmrzovanja in odtajanja.<\/p>\n<p><img decoding=\"async\" style=\"margin-right: 12px;\" src=\"https:\/\/www.ferberpainting.com\/wp-content\/uploads\/2026\/02\/Check.svg\" alt=\"\" width=\"18\" height=\"15\" \/><strong>Hitro su\u0161enje.<\/strong>\u00a0Talni vodni premaz odlikujeta hiter nanos in \u010das su\u0161enja. V samo 1 do 2 urah se izdelek posu\u0161i na otip, zato lahko hitro nadaljujete z dejavnostmi. Za optimalno za\u0161\u010dito je priporo\u010dljivo, da se izdelek popolnoma posu\u0161i 24 ur, preden tla izpostavite vlagi ali vremenskim vplivom. To hitro delovanje je idealno za nujne projekte ali dela, pri katerih je potreben minimalen \u010das zastoja.<\/p>\n<h2><strong>Protokol uporabe<\/strong><\/h2>\n<ul>\n<li><strong>Priprava povr\u0161ine <\/strong>: Pred nanosom talne impregnacije se prepri\u010dajte, da je povr\u0161ina \u010dista, suha in brez umazanije, prahu, plesni ali ostankov barve. \u010ce je povr\u0161ina zelo umazana, jo o\u010distite z blagim detergentom in vodo, nato pa pred nanosom izdelka po\u010dakajte, da se popolnoma posu\u0161i. \u010ce so na tleh razpoke ali luknje, je priporo\u010dljivo, da jih pred za\u010detkom nana\u0161anja popravite.<\/li>\n<li><strong>Uporaba izdelka <\/strong>: Vodni premaz za tla je pripravljen za uporabo in ga ni treba red\u010diti. Uporabite ga lahko z razpr\u0161ilnikom, \u010dopi\u010dem ali valj\u010dkom, odvisno od velikosti povr\u0161ine. Prepri\u010dajte se, da je celotna povr\u0161ina enakomerno prekrita, da se izognete neza\u0161\u010ditenim obmo\u010djem. Nanesite lahek prvi sloj, po\u010dakajte, da se posu\u0161i, nato pa nanesite drugi sloj za najve\u010djo za\u0161\u010dito.<\/li>\n<li><strong>Koli\u010dina za uporabo <\/strong>: V povpre\u010dju en liter izdelka pokrije od 8 do 12 m\u00b2, odvisno od poroznosti tal. \u010ce na isto povr\u0161ino nanesete en sloj in drugi sloj, podvojite skupno koli\u010dino potrebnega izdelka. Petlitrska posoda bo pokrila od 40 do 60 m\u00b2, odvisno od debeline nanosa in teksture materiala.<\/li>\n<li><strong>\u010cas su\u0161enja <\/strong>: Po nanosu se talni impregnacijski premaz na otip posu\u0161i v 1 do 2 urah. Vendar je za zagotovitev popolne za\u0161\u010dite priporo\u010dljivo po\u010dakati 24 ur, preden tla izpostavite vlagi ali jih normalno uporabljate. Ta \u010dakalni \u010das omogo\u010da, da se izdelek pravilno strdi in tvori trajno vodotesno pregrado.<\/li>\n<li><strong>Ponovna vloga <\/strong>: Glede na vremenske razmere in obrabo obdelanih povr\u0161in bo morda za ohranitev u\u010dinkovitosti potrebno vsakih 3 do 5 let ponovno nanesti talno impregnacijsko sredstvo. \u010ce se povr\u0161ina uma\u017ee ali za\u010dne izgubljati za\u0161\u010dito, lahko nov sloj enostavno nanesete brez dodatne priprave, \u010de so tla \u010dista in suha.<\/li>\n<li><strong>Vzdr\u017eevanje <\/strong>: Po nanosu impregnacijskega sredstva je priporo\u010dljivo redno \u010di\u0161\u010denje obdelanih tal s \u010disto vodo in mehko metlo ali mopom. Izogibajte se abrazivnim \u010distilnim sredstvom ali topilom, ki bi lahko po\u0161kodovala za\u0161\u010ditni sloj. Enostavno in redno vzdr\u017eevanje bo pripomoglo k podalj\u0161anju u\u010dinkovitosti izdelka in zagotovilo, da bodo va\u0161a tla ostala v odli\u010dnem stanju.<\/li>\n<\/ul>","protected":false},"excerpt":{"rendered":"<p>Humidity protection.\u00a0The floor waterproofer is a specially formulated product to protect surfaces against water and moisture infiltration. This treatment is ideal for both exterior and interior floors, especially those exposed to harsh weather or high humidity, such as terraces, balconies, basements or garages. By applying the waterproofer, you create an invisible barrier that prevents water [&hellip;]<\/p>\n","protected":false},"featured_media":36367,"comment_status":"open","ping_status":"closed","template":"","meta":{"_uag_custom_page_level_css":"","site-sidebar-layout":"default","site-content-layout":"","ast-site-content-layout":"default","site-content-style":"default","site-sidebar-style":"default","ast-global-header-display":"","ast-banner-title-visibility":"","ast-main-header-display":"","ast-hfb-above-header-display":"","ast-hfb-below-header-display":"","ast-hfb-mobile-header-display":"","site-post-title":"","ast-breadcrumbs-content":"","ast-featured-img":"","footer-sml-layout":"","ast-disable-related-posts":"","theme-transparent-header-meta":"default","adv-header-id-meta":"","stick-header-meta":"","header-above-stick-meta":"","header-main-stick-meta":"","header-below-stick-meta":"","astra-migrate-meta-layouts":"set","ast-page-background-enabled":"default","ast-page-background-meta":{"desktop":{"background-color":"var(--ast-global-color-4)","background-image":"","background-repeat":"repeat","background-position":"center center","background-size":"auto","background-attachment":"scroll","background-type":"","background-media":"","overlay-type":"","overlay-color":"","overlay-opacity":"","overlay-gradient":""},"tablet":{"background-color":"","background-image":"","background-repeat":"repeat","background-position":"center center","background-size":"auto","background-attachment":"scroll","background-type":"","background-media":"","overlay-type":"","overlay-color":"","overlay-opacity":"","overlay-gradient":""},"mobile":{"background-color":"","background-image":"","background-repeat":"repeat","background-position":"center center","background-size":"auto","background-attachment":"scroll","background-type":"","background-media":"","overlay-type":"","overlay-color":"","overlay-opacity":"","overlay-gradient":""}},"ast-content-background-meta":{"desktop":{"background-color":"var(--ast-global-color-5)","background-image":"","background-repeat":"repeat","background-position":"center center","background-size":"auto","background-attachment":"scroll","background-type":"","background-media":"","overlay-type":"","overlay-color":"","overlay-opacity":"","overlay-gradient":""},"tablet":{"background-color":"var(--ast-global-color-5)","background-image":"","background-repeat":"repeat","background-position":"center center","background-size":"auto","background-attachment":"scroll","background-type":"","background-media":"","overlay-type":"","overlay-color":"","overlay-opacity":"","overlay-gradient":""},"mobile":{"background-color":"var(--ast-global-color-5)","background-image":"","background-repeat":"repeat","background-position":"center center","background-size":"auto","background-attachment":"scroll","background-type":"","background-media":"","overlay-type":"","overlay-color":"","overlay-opacity":"","overlay-gradient":""}}},"product_brand":[],"product_cat":[191],"product_tag":[],"class_list":{"0":"post-23459","1":"product","2":"type-product","3":"status-publish","4":"has-post-thumbnail","6":"product_cat-water-repellent","7":"desktop-align-left","8":"tablet-align-left","9":"mobile-align-left","11":"first","12":"instock","13":"sale","14":"taxable","15":"shipping-taxable","16":"purchasable","17":"product-type-variable","18":"has-default-attributes"},"spectra_custom_meta":{"_visibility":["visible"],"_shopify_product_id":["9106661114101"],"_s2w_shopify_domain":["ferberpainting.myshopify.com"],"_shopify_variant_id":["46626423603445"],"_sku":[""],"_manage_stock":["no"],"total_sales":["22"],"_tax_status":["taxable"],"_tax_class":[""],"_backorders":["no"],"_sold_individually":["no"],"_virtual":["no"],"_downloadable":["no"],"_download_limit":["-1"],"_download_expiry":["-1"],"_stock":[null],"_stock_status":["instock"],"_wc_average_rating":["5.00"],"_wc_review_count":["40"],"_product_attributes":["a:1:{s:6:\"volume\";a:6:{s:4:\"name\";s:6:\"Volume\";s:5:\"value\";s:20:\"5 liters | 25 liters\";s:8:\"position\";i:1;s:10:\"is_visible\";i:0;s:12:\"is_variation\";i:1;s:11:\"is_taxonomy\";i:0;}}"],"_product_version":["10.5.1"],"wpse_downloadable_file_names":[""],"wpse_downloadable_file_urls":[""],"_edit_last":["1"],"_default_attributes":["a:1:{s:6:\"volume\";s:8:\"5 liters\";}"],"_edit_lock":["1771161013:1"],"merchant-center-availability":["yes"],"merchant-center-category":["503738"],"_price":["29.90","129.90"],"_thumbnail_id":["36367"],"_wp_page_template":["default"],"_wp_old_date":["2025-05-26"],"_product_image_gallery":["36366"],"site-sidebar-layout":["default"],"ast-site-content-layout":["default"],"site-content-style":["default"],"site-sidebar-style":["default"],"theme-transparent-header-meta":["default"],"_wc_rating_count":["a:1:{i:5;i:40;}"],"astra-migrate-meta-layouts":["set"],"_uag_css_file_name":["uag-css-23459.css"],"_elementor_page_assets":["a:0:{}"],"_uag_page_assets":["a:9:{s:3:\"css\";s:6873:\".wp-block-uagb-image{display:flex}.wp-block-uagb-image__figure{position:relative;display:flex;flex-direction:column;max-width:100%;height:auto;margin:0}.wp-block-uagb-image__figure img{height:auto;display:flex;max-width:100%;transition:box-shadow .2s ease}.wp-block-uagb-image__figure>a{display:inline-block}.wp-block-uagb-image__figure figcaption{text-align:center;margin-top:.5em;margin-bottom:1em}.wp-block-uagb-image .components-placeholder.block-editor-media-placeholder .components-placeholder__instructions{align-self:center}.wp-block-uagb-image--align-left{text-align:left}.wp-block-uagb-image--align-right{text-align:right}.wp-block-uagb-image--align-center{text-align:center}.wp-block-uagb-image--align-full .wp-block-uagb-image__figure{margin-left:calc(50% - 50vw);margin-right:calc(50% - 50vw);max-width:100vw;width:100vw;height:auto}.wp-block-uagb-image--align-full .wp-block-uagb-image__figure img{height:auto;width:100% !important}.wp-block-uagb-image--align-wide .wp-block-uagb-image__figure img{height:auto;width:100%}.wp-block-uagb-image--layout-overlay__color-wrapper{position:absolute;left:0;top:0;right:0;bottom:0;opacity:.2;background:rgba(0,0,0,.5);transition:opacity .35s ease-in-out}.wp-block-uagb-image--layout-overlay-link{position:absolute;left:0;right:0;bottom:0;top:0}.wp-block-uagb-image--layout-overlay .wp-block-uagb-image__figure:hover .wp-block-uagb-image--layout-overlay__color-wrapper{opacity:1}.wp-block-uagb-image--layout-overlay__inner{position:absolute;left:15px;right:15px;bottom:15px;top:15px;display:flex;align-items:center;justify-content:center;flex-direction:column;border-color:#fff;transition:.35s ease-in-out}.wp-block-uagb-image--layout-overlay__inner.top-left,.wp-block-uagb-image--layout-overlay__inner.top-center,.wp-block-uagb-image--layout-overlay__inner.top-right{justify-content:flex-start}.wp-block-uagb-image--layout-overlay__inner.bottom-left,.wp-block-uagb-image--layout-overlay__inner.bottom-center,.wp-block-uagb-image--layout-overlay__inner.bottom-right{justify-content:flex-end}.wp-block-uagb-image--layout-overlay__inner.top-left,.wp-block-uagb-image--layout-overlay__inner.center-left,.wp-block-uagb-image--layout-overlay__inner.bottom-left{align-items:flex-start}.wp-block-uagb-image--layout-overlay__inner.top-right,.wp-block-uagb-image--layout-overlay__inner.center-right,.wp-block-uagb-image--layout-overlay__inner.bottom-right{align-items:flex-end}.wp-block-uagb-image--layout-overlay__inner .uagb-image-heading{color:#fff;transition:transform .35s,opacity .35s ease-in-out;transform:translate3d(0, 24px, 0);margin:0;line-height:1em}.wp-block-uagb-image--layout-overlay__inner .uagb-image-separator{width:30%;border-top-width:2px;border-top-color:#fff;border-top-style:solid;margin-bottom:10px;opacity:0;transition:transform .4s,opacity .4s ease-in-out;transform:translate3d(0, 30px, 0)}.wp-block-uagb-image--layout-overlay__inner .uagb-image-caption{opacity:0;overflow:visible;color:#fff;transition:transform .45s,opacity .45s ease-in-out;transform:translate3d(0, 35px, 0)}.wp-block-uagb-image--layout-overlay__inner:hover .uagb-image-heading,.wp-block-uagb-image--layout-overlay__inner:hover .uagb-image-separator,.wp-block-uagb-image--layout-overlay__inner:hover .uagb-image-caption{opacity:1;transform:translate3d(0, 0, 0)}.wp-block-uagb-image--effect-zoomin .wp-block-uagb-image__figure img,.wp-block-uagb-image--effect-zoomin .wp-block-uagb-image__figure .wp-block-uagb-image--layout-overlay__color-wrapper{transform:scale(1);transition:transform .35s ease-in-out}.wp-block-uagb-image--effect-zoomin .wp-block-uagb-image__figure:hover img,.wp-block-uagb-image--effect-zoomin .wp-block-uagb-image__figure:hover .wp-block-uagb-image--layout-overlay__color-wrapper{transform:scale(1.05)}.wp-block-uagb-image--effect-slide .wp-block-uagb-image__figure img,.wp-block-uagb-image--effect-slide .wp-block-uagb-image__figure .wp-block-uagb-image--layout-overlay__color-wrapper{width:calc(100% + 40px) !important;max-width:none !important;transform:translate3d(-40px, 0, 0);transition:transform .35s ease-in-out}.wp-block-uagb-image--effect-slide .wp-block-uagb-image__figure:hover img,.wp-block-uagb-image--effect-slide .wp-block-uagb-image__figure:hover .wp-block-uagb-image--layout-overlay__color-wrapper{transform:translate3d(0, 0, 0)}.wp-block-uagb-image--effect-grayscale img{filter:grayscale(0%);transition:.35s ease-in-out}.wp-block-uagb-image--effect-grayscale:hover img{filter:grayscale(100%)}.wp-block-uagb-image--effect-blur img{filter:blur(0);transition:.35s ease-in-out}.wp-block-uagb-image--effect-blur:hover img{filter:blur(3px)}.uagb-block-e6f939b3.wp-block-uagb-image--layout-default figure img{box-shadow: 0px 0px 0 #00000070;}.uagb-block-e6f939b3.wp-block-uagb-image .wp-block-uagb-image__figure figcaption{font-style: normal;align-self: center;}.uagb-block-e6f939b3.wp-block-uagb-image--layout-overlay figure img{box-shadow: 0px 0px 0 #00000070;}.uagb-block-e6f939b3.wp-block-uagb-image--layout-overlay .wp-block-uagb-image--layout-overlay__color-wrapper{opacity: 0.2;}.uagb-block-e6f939b3.wp-block-uagb-image--layout-overlay .wp-block-uagb-image--layout-overlay__inner{left: 15px;right: 15px;top: 15px;bottom: 15px;}.uagb-block-e6f939b3.wp-block-uagb-image--layout-overlay .wp-block-uagb-image--layout-overlay__inner .uagb-image-heading{font-style: normal;color: #fff;opacity: 1;}.uagb-block-e6f939b3.wp-block-uagb-image--layout-overlay .wp-block-uagb-image--layout-overlay__inner .uagb-image-heading a{color: #fff;}.uagb-block-e6f939b3.wp-block-uagb-image--layout-overlay .wp-block-uagb-image--layout-overlay__inner .uagb-image-caption{opacity: 0;}.uagb-block-e6f939b3.wp-block-uagb-image--layout-overlay .wp-block-uagb-image__figure:hover .wp-block-uagb-image--layout-overlay__color-wrapper{opacity: 1;}.uagb-block-e6f939b3.wp-block-uagb-image .wp-block-uagb-image--layout-overlay__inner .uagb-image-separator{width: 30%;border-top-width: 2px;border-top-color: #fff;opacity: 0;}.uagb-block-e6f939b3.wp-block-uagb-image .wp-block-uagb-image__figure img{width: px;height: auto;}.uagb-block-e6f939b3.wp-block-uagb-image .wp-block-uagb-image__figure:hover .wp-block-uagb-image--layout-overlay__inner .uagb-image-caption{opacity: 1;}.uagb-block-e6f939b3.wp-block-uagb-image .wp-block-uagb-image__figure:hover .wp-block-uagb-image--layout-overlay__inner .uagb-image-separator{opacity: 1;}.uagb-block-e6f939b3.wp-block-uagb-image--layout-default figure:hover img{box-shadow: 0px 0px 0 #00000070;}.uagb-block-e6f939b3.wp-block-uagb-image--layout-overlay figure:hover img{box-shadow: 0px 0px 0 #00000070;}@media only screen and (max-width: 976px) {.uagb-block-e6f939b3.wp-block-uagb-image .wp-block-uagb-image__figure img{width: px;height: auto;}}@media only screen and (max-width: 767px) {.uagb-block-e6f939b3.wp-block-uagb-image .wp-block-uagb-image__figure img{width: px;height: auto;}}\";s:2:\"js\";s:0:\"\";s:18:\"current_block_list\";a:13:{i:0;s:11:\"core\/search\";i:1;s:10:\"core\/group\";i:2;s:12:\"core\/heading\";i:3;s:17:\"core\/latest-posts\";i:4;s:20:\"core\/latest-comments\";i:5;s:13:\"core\/archives\";i:6;s:15:\"core\/categories\";i:7;s:14:\"core\/paragraph\";i:8;s:10:\"uagb\/image\";i:9;s:11:\"core\/spacer\";i:10;s:30:\"woocommerce\/product-categories\";i:11;s:10:\"core\/image\";i:12;s:14:\"core\/shortcode\";}s:8:\"uag_flag\";b:1;s:11:\"uag_version\";s:10:\"1777266507\";s:6:\"gfonts\";a:0:{}s:10:\"gfonts_url\";s:0:\"\";s:12:\"gfonts_files\";a:0:{}s:14:\"uag_faq_layout\";b:0;}"]},"uagb_featured_image_src":{"full":["https:\/\/www.ferberpainting.com\/wp-content\/uploads\/2025\/05\/Floor-Water-Repellent-5L-.png",2560,2560,false],"thumbnail":["https:\/\/www.ferberpainting.com\/wp-content\/uploads\/2025\/05\/Floor-Water-Repellent-5L--150x150.png",150,150,true],"medium":["https:\/\/www.ferberpainting.com\/wp-content\/uploads\/2025\/05\/Floor-Water-Repellent-5L--300x300.png",300,300,true],"medium_large":["https:\/\/www.ferberpainting.com\/wp-content\/uploads\/2025\/05\/Floor-Water-Repellent-5L--768x768.png",768,768,true],"large":["https:\/\/www.ferberpainting.com\/wp-content\/uploads\/2025\/05\/Floor-Water-Repellent-5L--1024x1024.png",1024,1024,true],"1536x1536":["https:\/\/www.ferberpainting.com\/wp-content\/uploads\/2025\/05\/Floor-Water-Repellent-5L--1536x1536.png",1536,1536,true],"2048x2048":["https:\/\/www.ferberpainting.com\/wp-content\/uploads\/2025\/05\/Floor-Water-Repellent-5L--2048x2048.png",2048,2048,true],"trp-custom-language-flag":["https:\/\/www.ferberpainting.com\/wp-content\/uploads\/2025\/05\/Floor-Water-Repellent-5L--12x12.png",12,12,true],"woocommerce_thumbnail":["https:\/\/www.ferberpainting.com\/wp-content\/uploads\/2025\/05\/Floor-Water-Repellent-5L--300x300.png",300,300,true],"woocommerce_single":["https:\/\/www.ferberpainting.com\/wp-content\/uploads\/2025\/05\/Floor-Water-Repellent-5L--600x600.png",600,600,true],"woocommerce_gallery_thumbnail":["https:\/\/www.ferberpainting.com\/wp-content\/uploads\/2025\/05\/Floor-Water-Repellent-5L--100x100.png",100,100,true]},"uagb_author_info":{"display_name":"admin","author_link":"https:\/\/www.ferberpainting.com\/si\/author\/"},"uagb_comment_info":40,"uagb_excerpt":"Humidity protection.\u00a0The floor waterproofer is a specially formulated product to protect surfaces against water and moisture infiltration. This treatment is ideal for both exterior and interior floors, especially those exposed to harsh weather or high humidity, such as terraces, balconies, basements or garages. By applying the waterproofer, you create an invisible barrier that prevents water&hellip;","_links":{"self":[{"href":"https:\/\/www.ferberpainting.com\/si\/wp-json\/wp\/v2\/product\/23459","targetHints":{"allow":["GET"]}}],"collection":[{"href":"https:\/\/www.ferberpainting.com\/si\/wp-json\/wp\/v2\/product"}],"about":[{"href":"https:\/\/www.ferberpainting.com\/si\/wp-json\/wp\/v2\/types\/product"}],"replies":[{"embeddable":true,"href":"https:\/\/www.ferberpainting.com\/si\/wp-json\/wp\/v2\/comments?post=23459"}],"version-history":[{"count":5,"href":"https:\/\/www.ferberpainting.com\/si\/wp-json\/wp\/v2\/product\/23459\/revisions"}],"predecessor-version":[{"id":166162,"href":"https:\/\/www.ferberpainting.com\/si\/wp-json\/wp\/v2\/product\/23459\/revisions\/166162"}],"wp:featuredmedia":[{"embeddable":true,"href":"https:\/\/www.ferberpainting.com\/si\/wp-json\/wp\/v2\/media\/36367"}],"wp:attachment":[{"href":"https:\/\/www.ferberpainting.com\/si\/wp-json\/wp\/v2\/media?parent=23459"}],"wp:term":[{"taxonomy":"product_brand","embeddable":true,"href":"https:\/\/www.ferberpainting.com\/si\/wp-json\/wp\/v2\/product_brand?post=23459"},{"taxonomy":"product_cat","embeddable":true,"href":"https:\/\/www.ferberpainting.com\/si\/wp-json\/wp\/v2\/product_cat?post=23459"},{"taxonomy":"product_tag","embeddable":true,"href":"https:\/\/www.ferberpainting.com\/si\/wp-json\/wp\/v2\/product_tag?post=23459"}],"curies":[{"name":"wp","href":"https:\/\/api.w.org\/{rel}","templated":true}]}}