{"id":23445,"date":"2025-05-26T10:24:09","date_gmt":"2025-05-26T08:24:09","guid":{"rendered":"https:\/\/www.ferberpainting.com\/products\/flame-retardant\/"},"modified":"2026-02-15T16:46:55","modified_gmt":"2026-02-15T15:46:55","slug":"flame-retardant","status":"publish","type":"product","link":"https:\/\/www.ferberpainting.com\/si\/products\/flame-retardant\/","title":{"rendered":"Zaviralec gorenja"},"content":{"rendered":"<p><img decoding=\"async\" style=\"margin-right: 12px;\" src=\"https:\/\/www.ferberpainting.com\/wp-content\/uploads\/2026\/02\/Check.svg\" alt=\"\" width=\"18\" height=\"15\" \/><strong>Zagotavlja napredno protipo\u017earno za\u0161\u010dito za \u0161iroko paleto materialov.<\/strong> Na\u0161 protipo\u017earni premaz je posebej oblikovan tako, da znatno zmanj\u0161a \u0161irjenje plamena in upo\u010dasni gorenje na obdelanih povr\u0161inah. Ustvari za\u0161\u010ditno pregrado, ki reagira, ko je izpostavljena visokim temperaturam, ter tako pomaga omejiti \u0161irjenje po\u017eara in zmanj\u0161ati spro\u0161\u010danje toplote. Zasnovan je za stanovanjska, poslovna in javna okolja ter pove\u010duje varnost z dodajanjem bistvenega sloja pasivne protipo\u017earne za\u0161\u010dite.<\/p>\n<p><strong><img decoding=\"async\" style=\"margin-right: 12px;\" src=\"https:\/\/www.ferberpainting.com\/wp-content\/uploads\/2026\/02\/Check.svg\" alt=\"\" width=\"18\" height=\"15\" \/>V skladu s standardi NFPA 701 in M1 za po\u017earno varnost.<\/strong> Ta negorljiva prevleka izpolnjuje priznane standarde po\u017earne odpornosti, vklju\u010dno z zahtevami NFPA 701 in klasifikacijo M1. Skladnost s temi standardi dokazuje njegovo u\u010dinkovitost pri omejevanju \u0161irjenja plamena in zmanj\u0161evanju nevarnosti po\u017eara v obdelanih materialih, zaradi \u010desar je primeren za regulirana okolja in aplikacije, pri katerih se upo\u0161teva varnost.<\/p>\n<p><strong><img decoding=\"async\" style=\"margin-right: 12px;\" src=\"https:\/\/www.ferberpainting.com\/wp-content\/uploads\/2026\/02\/Check.svg\" alt=\"\" width=\"18\" height=\"15\" \/>Odporen na temperature do 800 \u00b0C (1500 \u00b0F).<\/strong> Premaz je zasnovan za izjemno toplotno odpornost in vzdr\u017ei temperature do 800 \u00b0C (1500 \u00b0F). Ko je izpostavljen intenzivni vro\u010dini, tvori izolacijski za\u0161\u010ditni sloj, ki upo\u010dasni prenos toplote in zavle\u010de v\u017eig, s \u010dimer pomaga za\u0161\u010dititi osnovne materiale in uporabnikom nudi dragocen dodaten odzivni \u010das.<\/p>\n<p><strong><img decoding=\"async\" style=\"margin-right: 12px;\" src=\"https:\/\/www.ferberpainting.com\/wp-content\/uploads\/2026\/02\/Check.svg\" alt=\"\" width=\"18\" height=\"15\" \/>Naju\u010dinkovitej\u0161i protipo\u017earni premaz na trgu.<\/strong> Na\u0161a napredna formulacija zagotavlja bolj\u0161o protipo\u017earno u\u010dinkovitost v primerjavi z obi\u010dajnimi za\u0161\u010ditnimi sredstvi. Prodira v porozne podlage, hkrati pa tvori za\u0161\u010ditno povr\u0161insko pregrado, kar zagotavlja trajne in dosledne ognjevarne lastnosti vseh obdelanih materialov.<\/p>\n<p><strong><img decoding=\"async\" style=\"margin-right: 12px;\" src=\"https:\/\/www.ferberpainting.com\/wp-content\/uploads\/2026\/02\/Check.svg\" alt=\"\" width=\"18\" height=\"15\" \/>Primerno za skoraj vse vrste materialov.<\/strong> Ta vsestranski premaz lahko nanesete na les, karton, papir, sinteti\u010dne tkanine, bomba\u017e, lan, dekorativni tekstil in druge gorljive podlage. Zaradi svoje prilagodljivosti je idealen za gradbene materiale, odrske dekoracije, prireditvene instalacije, razstavne stojnice, skladi\u0161\u010da in stanovanjsko opremo.<\/p>\n<p><strong><img decoding=\"async\" style=\"margin-right: 12px;\" src=\"https:\/\/www.ferberpainting.com\/wp-content\/uploads\/2026\/02\/Check.svg\" alt=\"\" width=\"18\" height=\"15\" \/>Garancija vra\u010dila denarja za popolno varnost.<\/strong> Popolnoma smo prepri\u010dani v u\u010dinkovitost in zanesljivost na\u0161ega protipo\u017earnega premaza. \u010ce z rezultati ne boste popolnoma zadovoljni, vam bomo vrnili kupnino. Na\u0161e jamstvo za vra\u010dilo denarja zagotavlja, da je va\u0161a nalo\u017eba popolnoma brez tveganja, in odra\u017ea na\u0161o zavezanost profesionalnim varnostnim re\u0161itvam.<\/p>\n<p><strong><img decoding=\"async\" style=\"margin-right: 12px;\" src=\"https:\/\/www.ferberpainting.com\/wp-content\/uploads\/2026\/02\/Check.svg\" alt=\"\" width=\"18\" height=\"15\" \/>Najcenej\u0161a razpolo\u017eljiva visoko zmogljiva protipo\u017earna prevleka.<\/strong> U\u010dinkovita po\u017earna za\u0161\u010dita ni nujno povezana s prevelikimi stro\u0161ki. Na\u0161 izdelek zdru\u017euje certificirano zmogljivost in najbolj konkuren\u010dne cene na trgu, kar pomeni izjemno vrednost za izvajalce, upravljavce objektov in lastnike stanovanj.<\/p>\n<p><strong><img decoding=\"async\" style=\"margin-right: 12px;\" src=\"https:\/\/www.ferberpainting.com\/wp-content\/uploads\/2026\/02\/Check.svg\" alt=\"\" width=\"18\" height=\"15\" \/>Hitra 24-urna dostava za nujne potrebe po\u017earne varnosti.<\/strong> Varnostne posodobitve so pogosto \u010dasovno ob\u010dutljive. Zato zagotavljamo zanesljivo 24-urno dostavo, ki zagotavlja, da va\u0161 ognjevarni premaz prispe hitro, tako da lahko nemudoma za\u0161\u010ditite svoje materiale.<\/p>\n<p><strong><img decoding=\"async\" style=\"margin-right: 12px;\" src=\"https:\/\/www.ferberpainting.com\/wp-content\/uploads\/2026\/02\/Check.svg\" alt=\"\" width=\"18\" height=\"15\" \/>Pokritost do 10 m\u00b2 na liter za u\u010dinkovit nanos.<\/strong> En liter obdela do 10 kvadratnih metrov, kar omogo\u010da natan\u010dno na\u010drtovanje in dosledno po\u017earno za\u0161\u010dito. Tako dolo\u010dena pokritost zagotavlja ustrezno nasi\u010denost in u\u010dinkovito protipo\u017earno delovanje na vseh obdelanih povr\u0161inah.<\/p>\n<p><strong><img decoding=\"async\" style=\"margin-right: 12px;\" src=\"https:\/\/www.ferberpainting.com\/wp-content\/uploads\/2026\/02\/Check.svg\" alt=\"\" width=\"18\" height=\"15\" \/>Ohranja videz materiala, hkrati pa zagotavlja dodatno za\u0161\u010dito.<\/strong> Premaz je zasnovan tako, da ob pravilni uporabi ohrani prvotni videz in strukturo obdelanih materialov. Oblikuje diskreten za\u0161\u010ditni sloj, ne da bi bistveno spremenil barvo, pro\u017enost ali povr\u0161insko obdelavo.<\/p>\n<h2><strong>Navodila<\/strong><\/h2>\n<ul>\n<li>Pred nanosom se prepri\u010dajte, da je povr\u0161ina ali material, ki ga \u017eelite obdelati, \u010dist, suh in brez prahu, ma\u0161\u010dob, olj ali onesna\u017eevalcev.<\/li>\n<li>Za tkanine ali tekstil se pred obdelavo prepri\u010dajte, da so \u010diste in popolnoma suhe.<\/li>\n<li>Pred uporabo temeljito pretresite ali preme\u0161ajte protipo\u017earni premaz, da zagotovite enakomerno konsistenco.<\/li>\n<li>Nanesite enakomerno s \u010dopi\u010dem, valj\u010dkom ali nizkotla\u010dnim razpr\u0161ilnim sistemom, odvisno od vrste materiala in velikosti povr\u0161ine.<\/li>\n<li>upo\u0161tevajte priporo\u010deno stopnjo pokritosti do 10 m\u00b2 na liter. To pomeni pribli\u017eno 100 ml na kvadratni meter, da se zagotovi ustrezna po\u017earna odpornost.<\/li>\n<li>Zagotovite popolno in enakomerno prekrivanje celotne povr\u0161ine. Izogibajte se neobdelanim povr\u0161inam.<\/li>\n<li>Pri zelo vpojnih materialih, kot so neobdelan les, karton, bomba\u017e ali platno, bo za doseganje optimalne po\u017earne odpornosti morda potreben drugi sloj.<\/li>\n<li>Po\u010dakajte, da se prvi sloj popolnoma posu\u0161i, nato pa po potrebi nanesite dodatni sloj.<\/li>\n<li>Pred vgradnjo ali uporabo omogo\u010dite, da se obdelani materiali popolnoma posu\u0161ijo v skladu z okoljskimi pogoji.<\/li>\n<li>Izogibajte se nanosu pri ekstremni vla\u017enosti ali zelo nizkih temperaturah, da zagotovite ustrezno absorpcijo in strjevanje.<\/li>\n<li>Za tekstil ali dekorativne materiale, ki se uporabljajo v urejenih okoljih, preverite debelino nanosa in zahteve glede skladnosti v skladu s projektnimi specifikacijami.<\/li>\n<li>Orodje takoj po uporabi o\u010distite z vodo ali ustreznimi \u010distili.<\/li>\n<li>Izdelek shranjujte na hladnem in suhem mestu, stran od neposredne son\u010dne svetlobe, in embala\u017eo tesno zaprite, kadar je ne uporabljate.<\/li>\n<\/ul>\n<h2><strong>Potrdilo<\/strong><\/h2>\n<p>Skupaj z izdelkom vam bomo poslali potrdilo o plamenski odpornosti, ki ustreza standardu NFPA 701, s \u0161tevilko ra\u010duna. Lahko ga predlo\u017eite varnostni komisiji.<\/p>\n<p><img decoding=\"async\" style=\"margin-right: 12px;\" src=\"https:\/\/www.ferberpainting.com\/wp-content\/uploads\/2025\/05\/pdf-icon.png?v=1569188544\" width=\"22\" height=\"22\" \/><a title=\"Potrdilo\" href=\"https:\/\/www.ferberpainting.com\/wp-content\/uploads\/2026\/01\/CERTIFICATE.pdf\" target=\"_blank\" rel=\"nofollow noopener\">Prenesite potrdilo<\/a><\/p>","protected":false},"excerpt":{"rendered":"<p>Provides advanced fire protection for a wide range of materials. Our fire retardant coating is specially formulated to significantly reduce flame spread and slow combustion on treated surfaces. It creates a protective barrier that reacts when exposed to high temperatures, helping to limit fire propagation and reduce heat release. Designed for residential, commercial and public [&hellip;]<\/p>\n","protected":false},"featured_media":25981,"comment_status":"open","ping_status":"closed","template":"","meta":{"_uag_custom_page_level_css":"","site-sidebar-layout":"default","site-content-layout":"","ast-site-content-layout":"default","site-content-style":"default","site-sidebar-style":"default","ast-global-header-display":"","ast-banner-title-visibility":"","ast-main-header-display":"","ast-hfb-above-header-display":"","ast-hfb-below-header-display":"","ast-hfb-mobile-header-display":"","site-post-title":"","ast-breadcrumbs-content":"","ast-featured-img":"","footer-sml-layout":"","ast-disable-related-posts":"","theme-transparent-header-meta":"default","adv-header-id-meta":"","stick-header-meta":"","header-above-stick-meta":"","header-main-stick-meta":"","header-below-stick-meta":"","astra-migrate-meta-layouts":"set","ast-page-background-enabled":"default","ast-page-background-meta":{"desktop":{"background-color":"var(--ast-global-color-4)","background-image":"","background-repeat":"repeat","background-position":"center center","background-size":"auto","background-attachment":"scroll","background-type":"","background-media":"","overlay-type":"","overlay-color":"","overlay-opacity":"","overlay-gradient":""},"tablet":{"background-color":"","background-image":"","background-repeat":"repeat","background-position":"center center","background-size":"auto","background-attachment":"scroll","background-type":"","background-media":"","overlay-type":"","overlay-color":"","overlay-opacity":"","overlay-gradient":""},"mobile":{"background-color":"","background-image":"","background-repeat":"repeat","background-position":"center center","background-size":"auto","background-attachment":"scroll","background-type":"","background-media":"","overlay-type":"","overlay-color":"","overlay-opacity":"","overlay-gradient":""}},"ast-content-background-meta":{"desktop":{"background-color":"var(--ast-global-color-5)","background-image":"","background-repeat":"repeat","background-position":"center center","background-size":"auto","background-attachment":"scroll","background-type":"","background-media":"","overlay-type":"","overlay-color":"","overlay-opacity":"","overlay-gradient":""},"tablet":{"background-color":"var(--ast-global-color-5)","background-image":"","background-repeat":"repeat","background-position":"center center","background-size":"auto","background-attachment":"scroll","background-type":"","background-media":"","overlay-type":"","overlay-color":"","overlay-opacity":"","overlay-gradient":""},"mobile":{"background-color":"var(--ast-global-color-5)","background-image":"","background-repeat":"repeat","background-position":"center center","background-size":"auto","background-attachment":"scroll","background-type":"","background-media":"","overlay-type":"","overlay-color":"","overlay-opacity":"","overlay-gradient":""}}},"product_brand":[],"product_cat":[179],"product_tag":[],"class_list":{"0":"post-23445","1":"product","2":"type-product","3":"status-publish","4":"has-post-thumbnail","6":"product_cat-fire-retardant-coating","7":"desktop-align-left","8":"tablet-align-left","9":"mobile-align-left","11":"first","12":"instock","13":"sale","14":"shipping-taxable","15":"purchasable","16":"product-type-variable","17":"has-default-attributes"},"spectra_custom_meta":{"_visibility":["visible"],"_shopify_product_id":["2026306306118"],"_s2w_shopify_domain":["ferberpainting.myshopify.com"],"_shopify_variant_id":["20553674850374"],"_sku":[""],"_manage_stock":["no"],"total_sales":["829"],"_tax_status":["taxable"],"_tax_class":[""],"_backorders":["no"],"_sold_individually":["no"],"_virtual":["no"],"_downloadable":["no"],"_download_limit":["-1"],"_download_expiry":["-1"],"_stock":[null],"_stock_status":["instock"],"_wc_average_rating":["4.73"],"_wc_review_count":["103"],"_product_attributes":["a:1:{s:6:\"volume\";a:6:{s:4:\"name\";s:6:\"Volume\";s:5:\"value\";s:30:\"1 liter | 5 liters | 25 liters\";s:8:\"position\";i:1;s:10:\"is_visible\";i:0;s:12:\"is_variation\";i:1;s:11:\"is_taxonomy\";i:0;}}"],"_product_version":["10.5.1"],"_thumbnail_id":["25981"],"_product_image_gallery":["25982,25983"],"merchant-center-availability":["yes"],"merchant-center-category":["2058"],"merchant-center-id":["IGN1"],"wpse_downloadable_file_names":[""],"wpse_downloadable_file_urls":[""],"_edit_last":["1"],"_default_attributes":["a:1:{s:6:\"volume\";s:7:\"1 liter\";}"],"_wc_rating_count":["a:3:{i:3;i:7;i:4;i:14;i:5;i:82;}"],"_edit_lock":["1773556507:7131"],"_wp_page_template":["default"],"site-sidebar-layout":["default"],"ast-site-content-layout":["default"],"site-content-style":["default"],"site-sidebar-style":["default"],"theme-transparent-header-meta":["default"],"_upsell_ids":["a:3:{i:0;i:23229;i:1;i:25656;i:2;i:25681;}"],"_crosssell_ids":["a:3:{i:0;i:23229;i:1;i:25656;i:2;i:25681;}"],"_price":["29.90","139.90","699.90"],"astra-migrate-meta-layouts":["set"],"_uag_css_file_name":["uag-css-23445.css"],"_elementor_page_assets":["a:0:{}"],"_uag_page_assets":["a:9:{s:3:\"css\";s:7133:\".uag-blocks-common-selector{z-index:var(--z-index-desktop) !important}@media(max-width: 976px){.uag-blocks-common-selector{z-index:var(--z-index-tablet) !important}}@media(max-width: 767px){.uag-blocks-common-selector{z-index:var(--z-index-mobile) !important}}.wp-block-uagb-image{display:flex}.wp-block-uagb-image__figure{position:relative;display:flex;flex-direction:column;max-width:100%;height:auto;margin:0}.wp-block-uagb-image__figure img{height:auto;display:flex;max-width:100%;transition:box-shadow .2s ease}.wp-block-uagb-image__figure>a{display:inline-block}.wp-block-uagb-image__figure figcaption{text-align:center;margin-top:.5em;margin-bottom:1em}.wp-block-uagb-image .components-placeholder.block-editor-media-placeholder .components-placeholder__instructions{align-self:center}.wp-block-uagb-image--align-left{text-align:left}.wp-block-uagb-image--align-right{text-align:right}.wp-block-uagb-image--align-center{text-align:center}.wp-block-uagb-image--align-full .wp-block-uagb-image__figure{margin-left:calc(50% - 50vw);margin-right:calc(50% - 50vw);max-width:100vw;width:100vw;height:auto}.wp-block-uagb-image--align-full .wp-block-uagb-image__figure img{height:auto;width:100% !important}.wp-block-uagb-image--align-wide .wp-block-uagb-image__figure img{height:auto;width:100%}.wp-block-uagb-image--layout-overlay__color-wrapper{position:absolute;left:0;top:0;right:0;bottom:0;opacity:.2;background:rgba(0,0,0,.5);transition:opacity .35s ease-in-out}.wp-block-uagb-image--layout-overlay-link{position:absolute;left:0;right:0;bottom:0;top:0}.wp-block-uagb-image--layout-overlay .wp-block-uagb-image__figure:hover .wp-block-uagb-image--layout-overlay__color-wrapper{opacity:1}.wp-block-uagb-image--layout-overlay__inner{position:absolute;left:15px;right:15px;bottom:15px;top:15px;display:flex;align-items:center;justify-content:center;flex-direction:column;border-color:#fff;transition:.35s ease-in-out}.wp-block-uagb-image--layout-overlay__inner.top-left,.wp-block-uagb-image--layout-overlay__inner.top-center,.wp-block-uagb-image--layout-overlay__inner.top-right{justify-content:flex-start}.wp-block-uagb-image--layout-overlay__inner.bottom-left,.wp-block-uagb-image--layout-overlay__inner.bottom-center,.wp-block-uagb-image--layout-overlay__inner.bottom-right{justify-content:flex-end}.wp-block-uagb-image--layout-overlay__inner.top-left,.wp-block-uagb-image--layout-overlay__inner.center-left,.wp-block-uagb-image--layout-overlay__inner.bottom-left{align-items:flex-start}.wp-block-uagb-image--layout-overlay__inner.top-right,.wp-block-uagb-image--layout-overlay__inner.center-right,.wp-block-uagb-image--layout-overlay__inner.bottom-right{align-items:flex-end}.wp-block-uagb-image--layout-overlay__inner .uagb-image-heading{color:#fff;transition:transform .35s,opacity .35s ease-in-out;transform:translate3d(0, 24px, 0);margin:0;line-height:1em}.wp-block-uagb-image--layout-overlay__inner .uagb-image-separator{width:30%;border-top-width:2px;border-top-color:#fff;border-top-style:solid;margin-bottom:10px;opacity:0;transition:transform .4s,opacity .4s ease-in-out;transform:translate3d(0, 30px, 0)}.wp-block-uagb-image--layout-overlay__inner .uagb-image-caption{opacity:0;overflow:visible;color:#fff;transition:transform .45s,opacity .45s ease-in-out;transform:translate3d(0, 35px, 0)}.wp-block-uagb-image--layout-overlay__inner:hover .uagb-image-heading,.wp-block-uagb-image--layout-overlay__inner:hover .uagb-image-separator,.wp-block-uagb-image--layout-overlay__inner:hover .uagb-image-caption{opacity:1;transform:translate3d(0, 0, 0)}.wp-block-uagb-image--effect-zoomin .wp-block-uagb-image__figure img,.wp-block-uagb-image--effect-zoomin .wp-block-uagb-image__figure .wp-block-uagb-image--layout-overlay__color-wrapper{transform:scale(1);transition:transform .35s ease-in-out}.wp-block-uagb-image--effect-zoomin .wp-block-uagb-image__figure:hover img,.wp-block-uagb-image--effect-zoomin .wp-block-uagb-image__figure:hover .wp-block-uagb-image--layout-overlay__color-wrapper{transform:scale(1.05)}.wp-block-uagb-image--effect-slide .wp-block-uagb-image__figure img,.wp-block-uagb-image--effect-slide .wp-block-uagb-image__figure .wp-block-uagb-image--layout-overlay__color-wrapper{width:calc(100% + 40px) !important;max-width:none !important;transform:translate3d(-40px, 0, 0);transition:transform .35s ease-in-out}.wp-block-uagb-image--effect-slide .wp-block-uagb-image__figure:hover img,.wp-block-uagb-image--effect-slide .wp-block-uagb-image__figure:hover .wp-block-uagb-image--layout-overlay__color-wrapper{transform:translate3d(0, 0, 0)}.wp-block-uagb-image--effect-grayscale img{filter:grayscale(0%);transition:.35s ease-in-out}.wp-block-uagb-image--effect-grayscale:hover img{filter:grayscale(100%)}.wp-block-uagb-image--effect-blur img{filter:blur(0);transition:.35s ease-in-out}.wp-block-uagb-image--effect-blur:hover img{filter:blur(3px)}.uagb-block-e6f939b3.wp-block-uagb-image--layout-default figure img{box-shadow: 0px 0px 0 #00000070;}.uagb-block-e6f939b3.wp-block-uagb-image .wp-block-uagb-image__figure figcaption{font-style: normal;align-self: center;}.uagb-block-e6f939b3.wp-block-uagb-image--layout-overlay figure img{box-shadow: 0px 0px 0 #00000070;}.uagb-block-e6f939b3.wp-block-uagb-image--layout-overlay .wp-block-uagb-image--layout-overlay__color-wrapper{opacity: 0.2;}.uagb-block-e6f939b3.wp-block-uagb-image--layout-overlay .wp-block-uagb-image--layout-overlay__inner{left: 15px;right: 15px;top: 15px;bottom: 15px;}.uagb-block-e6f939b3.wp-block-uagb-image--layout-overlay .wp-block-uagb-image--layout-overlay__inner .uagb-image-heading{font-style: normal;color: #fff;opacity: 1;}.uagb-block-e6f939b3.wp-block-uagb-image--layout-overlay .wp-block-uagb-image--layout-overlay__inner .uagb-image-heading a{color: #fff;}.uagb-block-e6f939b3.wp-block-uagb-image--layout-overlay .wp-block-uagb-image--layout-overlay__inner .uagb-image-caption{opacity: 0;}.uagb-block-e6f939b3.wp-block-uagb-image--layout-overlay .wp-block-uagb-image__figure:hover .wp-block-uagb-image--layout-overlay__color-wrapper{opacity: 1;}.uagb-block-e6f939b3.wp-block-uagb-image .wp-block-uagb-image--layout-overlay__inner .uagb-image-separator{width: 30%;border-top-width: 2px;border-top-color: #fff;opacity: 0;}.uagb-block-e6f939b3.wp-block-uagb-image .wp-block-uagb-image__figure img{width: px;height: auto;}.uagb-block-e6f939b3.wp-block-uagb-image .wp-block-uagb-image__figure:hover .wp-block-uagb-image--layout-overlay__inner .uagb-image-caption{opacity: 1;}.uagb-block-e6f939b3.wp-block-uagb-image .wp-block-uagb-image__figure:hover .wp-block-uagb-image--layout-overlay__inner .uagb-image-separator{opacity: 1;}.uagb-block-e6f939b3.wp-block-uagb-image--layout-default figure:hover img{box-shadow: 0px 0px 0 #00000070;}.uagb-block-e6f939b3.wp-block-uagb-image--layout-overlay figure:hover img{box-shadow: 0px 0px 0 #00000070;}@media only screen and (max-width: 976px) {.uagb-block-e6f939b3.wp-block-uagb-image .wp-block-uagb-image__figure img{width: px;height: auto;}}@media only screen and (max-width: 767px) {.uagb-block-e6f939b3.wp-block-uagb-image .wp-block-uagb-image__figure img{width: px;height: auto;}}\";s:2:\"js\";s:0:\"\";s:18:\"current_block_list\";a:13:{i:0;s:11:\"core\/search\";i:1;s:10:\"core\/group\";i:2;s:12:\"core\/heading\";i:3;s:17:\"core\/latest-posts\";i:4;s:20:\"core\/latest-comments\";i:5;s:13:\"core\/archives\";i:6;s:15:\"core\/categories\";i:7;s:14:\"core\/paragraph\";i:8;s:10:\"uagb\/image\";i:9;s:11:\"core\/spacer\";i:10;s:30:\"woocommerce\/product-categories\";i:11;s:10:\"core\/image\";i:12;s:14:\"core\/shortcode\";}s:8:\"uag_flag\";b:1;s:11:\"uag_version\";s:10:\"1777019586\";s:6:\"gfonts\";a:0:{}s:10:\"gfonts_url\";s:0:\"\";s:12:\"gfonts_files\";a:0:{}s:14:\"uag_faq_layout\";b:0;}"]},"uagb_featured_image_src":{"full":["https:\/\/www.ferberpainting.com\/wp-content\/uploads\/2025\/05\/FIRE_RETARDANT_COATING_1L.png",2560,2560,false],"thumbnail":["https:\/\/www.ferberpainting.com\/wp-content\/uploads\/2025\/05\/FIRE_RETARDANT_COATING_1L-150x150.png",150,150,true],"medium":["https:\/\/www.ferberpainting.com\/wp-content\/uploads\/2025\/05\/FIRE_RETARDANT_COATING_1L-300x300.png",300,300,true],"medium_large":["https:\/\/www.ferberpainting.com\/wp-content\/uploads\/2025\/05\/FIRE_RETARDANT_COATING_1L-768x768.png",768,768,true],"large":["https:\/\/www.ferberpainting.com\/wp-content\/uploads\/2025\/05\/FIRE_RETARDANT_COATING_1L-1024x1024.png",1024,1024,true],"1536x1536":["https:\/\/www.ferberpainting.com\/wp-content\/uploads\/2025\/05\/FIRE_RETARDANT_COATING_1L-1536x1536.png",1536,1536,true],"2048x2048":["https:\/\/www.ferberpainting.com\/wp-content\/uploads\/2025\/05\/FIRE_RETARDANT_COATING_1L-2048x2048.png",2048,2048,true],"trp-custom-language-flag":["https:\/\/www.ferberpainting.com\/wp-content\/uploads\/2025\/05\/FIRE_RETARDANT_COATING_1L-12x12.png",12,12,true],"woocommerce_thumbnail":["https:\/\/www.ferberpainting.com\/wp-content\/uploads\/2025\/05\/FIRE_RETARDANT_COATING_1L-300x300.png",300,300,true],"woocommerce_single":["https:\/\/www.ferberpainting.com\/wp-content\/uploads\/2025\/05\/FIRE_RETARDANT_COATING_1L-600x600.png",600,600,true],"woocommerce_gallery_thumbnail":["https:\/\/www.ferberpainting.com\/wp-content\/uploads\/2025\/05\/FIRE_RETARDANT_COATING_1L-100x100.png",100,100,true]},"uagb_author_info":{"display_name":"admin","author_link":"https:\/\/www.ferberpainting.com\/si\/author\/"},"uagb_comment_info":103,"uagb_excerpt":"Provides advanced fire protection for a wide range of materials. Our fire retardant coating is specially formulated to significantly reduce flame spread and slow combustion on treated surfaces. It creates a protective barrier that reacts when exposed to high temperatures, helping to limit fire propagation and reduce heat release. Designed for residential, commercial and public&hellip;","_links":{"self":[{"href":"https:\/\/www.ferberpainting.com\/si\/wp-json\/wp\/v2\/product\/23445","targetHints":{"allow":["GET"]}}],"collection":[{"href":"https:\/\/www.ferberpainting.com\/si\/wp-json\/wp\/v2\/product"}],"about":[{"href":"https:\/\/www.ferberpainting.com\/si\/wp-json\/wp\/v2\/types\/product"}],"replies":[{"embeddable":true,"href":"https:\/\/www.ferberpainting.com\/si\/wp-json\/wp\/v2\/comments?post=23445"}],"version-history":[{"count":11,"href":"https:\/\/www.ferberpainting.com\/si\/wp-json\/wp\/v2\/product\/23445\/revisions"}],"predecessor-version":[{"id":166283,"href":"https:\/\/www.ferberpainting.com\/si\/wp-json\/wp\/v2\/product\/23445\/revisions\/166283"}],"wp:featuredmedia":[{"embeddable":true,"href":"https:\/\/www.ferberpainting.com\/si\/wp-json\/wp\/v2\/media\/25981"}],"wp:attachment":[{"href":"https:\/\/www.ferberpainting.com\/si\/wp-json\/wp\/v2\/media?parent=23445"}],"wp:term":[{"taxonomy":"product_brand","embeddable":true,"href":"https:\/\/www.ferberpainting.com\/si\/wp-json\/wp\/v2\/product_brand?post=23445"},{"taxonomy":"product_cat","embeddable":true,"href":"https:\/\/www.ferberpainting.com\/si\/wp-json\/wp\/v2\/product_cat?post=23445"},{"taxonomy":"product_tag","embeddable":true,"href":"https:\/\/www.ferberpainting.com\/si\/wp-json\/wp\/v2\/product_tag?post=23445"}],"curies":[{"name":"wp","href":"https:\/\/api.w.org\/{rel}","templated":true}]}}