{"id":23437,"date":"2025-05-26T10:24:06","date_gmt":"2025-05-26T08:24:06","guid":{"rendered":"https:\/\/www.ferberpainting.com\/products\/facade-water-repellent\/"},"modified":"2026-02-15T14:06:43","modified_gmt":"2026-02-15T13:06:43","slug":"facade-water-repellent","status":"publish","type":"product","link":"https:\/\/www.ferberpainting.com\/si\/products\/facade-water-repellent\/","title":{"rendered":"Hidrofobno sredstvo za fasade"},"content":{"rendered":"<p><img decoding=\"async\" style=\"margin-right: 12px;\" src=\"https:\/\/www.ferberpainting.com\/wp-content\/uploads\/2026\/02\/Check.svg\" alt=\"\" width=\"18\" height=\"15\" \/><strong>Za\u0161\u010ditite fasado pred de\u017ejem in vlago.<\/strong> Na\u0161 fasadni vodoodbojnik je posebej oblikovan tako, da ustvari nevidno hidrofobno pregrado, ki prepre\u010duje prodiranje de\u017eevnice v zunanje stene. Zmanj\u0161uje vpijanje vode in hkrati ohranja naravni videz zidanih povr\u0161in ter pomaga za\u0161\u010dititi stavbe pred dolgoro\u010dnimi po\u0161kodbami zaradi vlage.<\/p>\n<p><strong><img decoding=\"async\" style=\"margin-right: 12px;\" src=\"https:\/\/www.ferberpainting.com\/wp-content\/uploads\/2026\/02\/Check.svg\" alt=\"\" width=\"18\" height=\"15\" \/>Naju\u010dinkovitej\u0161a vodoodbojna obdelava na trgu.<\/strong> Ta formula je zasnovana z napredno penetracijsko tehnologijo, zato globoko prodre v porozne podlage in se kemi\u010dno pove\u017ee z materialom. Za razliko od povr\u0161inskih tesnil, ki ustvarjajo vidne filme, zagotavlja notranjo za\u0161\u010dito, ki u\u010dinkovito odbija vodo in hkrati ohranja zra\u010dnost.<\/p>\n<p><strong><img decoding=\"async\" style=\"margin-right: 12px;\" src=\"https:\/\/www.ferberpainting.com\/wp-content\/uploads\/2026\/02\/Check.svg\" alt=\"\" width=\"18\" height=\"15\" \/>Garancija vra\u010dila denarja za popolno varnost.<\/strong> Popolnoma smo prepri\u010dani v u\u010dinkovitost na\u0161ega fasadnega vodoodbojnega sredstva. \u010ce z rezultati ne boste popolnoma zadovoljni, vam bomo vrnili kupnino. Na\u0161e jamstvo za vra\u010dilo denarja zagotavlja, da je va\u0161a nalo\u017eba popolnoma brez tveganja, in odra\u017ea na\u0161o zavezanost k zanesljivosti na profesionalni ravni.<\/p>\n<p><strong><img decoding=\"async\" style=\"margin-right: 12px;\" src=\"https:\/\/www.ferberpainting.com\/wp-content\/uploads\/2026\/02\/Check.svg\" alt=\"\" width=\"18\" height=\"15\" \/>Najcenej\u0161a visoko zmogljiva fasadna za\u0161\u010dita, ki je na voljo.<\/strong> Za dolgoro\u010dno za\u0161\u010dito pred vlago ni treba uporabljati dragih postopkov. Na\u0161 vodoodbojnik ponuja vrhunsko za\u0161\u010dito po najkonkuren\u010dnej\u0161i ceni na trgu, kar zagotavlja izjemno vrednost za lastnike stanovanj, izvajalce in upravljavce nepremi\u010dnin.<\/p>\n<p><strong><img decoding=\"async\" style=\"margin-right: 12px;\" src=\"https:\/\/www.ferberpainting.com\/wp-content\/uploads\/2026\/02\/Check.svg\" alt=\"\" width=\"18\" height=\"15\" \/>Hitra 24-urna dostava za nujno zunanjo za\u0161\u010dito.<\/strong> Izpostavljenost vremenskim vplivom lahko hitro po\u0161koduje neza\u0161\u010ditene povr\u0161ine. Zato zagotavljamo zanesljivo 24-urno dostavo, ki zagotavlja, da va\u0161 izdelek prispe hitro, tako da lahko nemudoma za\u0161\u010ditite fasado.<\/p>\n<p><strong><img decoding=\"async\" style=\"margin-right: 12px;\" src=\"https:\/\/www.ferberpainting.com\/wp-content\/uploads\/2026\/02\/Check.svg\" alt=\"\" width=\"18\" height=\"15\" \/>Pokritost do 10 m\u00b2 na liter za u\u010dinkovito na\u010drtovanje.<\/strong> En liter obdela do 10 kvadratnih metrov, kar omogo\u010da natan\u010dno oceno projekta in ekonomi\u010dno uporabo. Tako dolo\u010dena pokritost zagotavlja ustrezno nasi\u010denost in optimalno hidrofobno delovanje.<\/p>\n<p><strong><img decoding=\"async\" style=\"margin-right: 12px;\" src=\"https:\/\/www.ferberpainting.com\/wp-content\/uploads\/2026\/02\/Check.svg\" alt=\"\" width=\"18\" height=\"15\" \/>Ohranja naravni videz povr\u0161in.<\/strong> Obdelava prodre v podlago, ne da bi ustvarila viden film. Ob pravilni uporabi ne spremeni bistveno barve ali teksture, saj ohranja prvotno estetiko ope\u010dnih, kamnitih ali betonskih fasad.<\/p>\n<p><strong><img decoding=\"async\" style=\"margin-right: 12px;\" src=\"https:\/\/www.ferberpainting.com\/wp-content\/uploads\/2026\/02\/Check.svg\" alt=\"\" width=\"18\" height=\"15\" \/>Omogo\u010da stenam dihanje, hkrati pa odbija vodo.<\/strong> Formulacija, ki diha, omogo\u010da difuzijo vodne pare iz notranjosti stavbe, hkrati pa prepre\u010duje dostop teko\u010di vodi. To ravnovesje pomaga zmanj\u0161ati te\u017eave s kondenzacijo in notranjo vlago.<\/p>\n<p><strong><img decoding=\"async\" style=\"margin-right: 12px;\" src=\"https:\/\/www.ferberpainting.com\/wp-content\/uploads\/2026\/02\/Check.svg\" alt=\"\" width=\"18\" height=\"15\" \/>Zmanj\u0161uje po\u0161kodbe zaradi zmrzovanja in odtajanja ter izcedne vode.<\/strong> Z omejevanjem vpijanja vode izdelek zmanj\u0161uje tveganje nastanka razpok zaradi ciklov zmrzovanja in odtajanja ter zmanj\u0161uje usedline soli, ki se pogosto pojavljajo na zidanih povr\u0161inah.<\/p>\n<p><strong><img decoding=\"async\" style=\"margin-right: 12px;\" src=\"https:\/\/www.ferberpainting.com\/wp-content\/uploads\/2026\/02\/Check.svg\" alt=\"\" width=\"18\" height=\"15\" \/>Primerno za ve\u010d zunanjih materialov.<\/strong> To vodoodbojno sredstvo je zdru\u017eljivo z opeko, naravnim kamnom, betonom, cementnim ometom in drugimi poroznimi mineralnimi podlagami, zato je idealno za stanovanjske, poslovne in zgodovinske stavbe.<\/p>\n<h2><strong>Navodila<\/strong><\/h2>\n<ul>\n<li>Pred nanosom se prepri\u010dajte, da je povr\u0161ina fasade \u010dista, suha in brez prahu, alg, mahu ali delcev.<\/li>\n<li>Po potrebi povr\u0161ino temeljito o\u010distite in po\u010dakajte, da se pred obdelavo popolnoma posu\u0161i.<\/li>\n<li>Za\u0161\u010ditite bli\u017enja okna, rastline in neporozne povr\u0161ine pred prekomernim \u0161kropljenjem.<\/li>\n<li>Pred uporabo izdelek temeljito pretresite ali preme\u0161ajte, da zagotovite enakomerno konsistenco.<\/li>\n<li>Nanesite enakomerno z nizkotla\u010dnim pr\u0161ilnikom, valj\u010dkom ali \u010dopi\u010dem in zagotovite popolno zasi\u010denost povr\u0161ine.<\/li>\n<li>upo\u0161tevajte priporo\u010deno stopnjo pokritosti do 10 m\u00b2 na liter. To pomeni pribli\u017eno 100 ml na kvadratni meter, odvisno od poroznosti podlage.<\/li>\n<li>Na navpi\u010dne povr\u0161ine nana\u0161ajte od spodaj navzgor, da prepre\u010dite nastanek prog in zagotovite enakomerno penetracijo.<\/li>\n<li>Po\u010dakajte, da izdelek popolnoma prodre v podlago. Ne pu\u0161\u010dajte prevelikih ostankov na povr\u0161ini.<\/li>\n<li>Pri zelo poroznih materialih se lahko drugi nanos opravi, ko je prvi sloj \u0161e rahlo vla\u017een.<\/li>\n<li>Izogibajte se uporabi med de\u017ejem, mo\u010dnim vetrom ali ekstremnimi temperaturami, da zagotovite optimalno absorpcijo in strjevanje.<\/li>\n<li>Preden povr\u0161ino izpostavite mo\u010dnemu de\u017eju, po\u010dakajte, da se popolnoma posu\u0161i.<\/li>\n<li>Orodje o\u010distite takoj po uporabi, posodo pa hranite tesno zaprto na hladnem in suhem mestu, stran od neposredne son\u010dne svetlobe in mraza.<\/li>\n<\/ul>","protected":false},"excerpt":{"rendered":"<p>Protect your facade from rain and moisture penetration. Our facade water repellent is specially formulated to create an invisible hydrophobic barrier that prevents rainwater from penetrating exterior walls. It reduces water absorption while preserving the natural appearance of masonry surfaces, helping to protect buildings from long-term moisture damage. The most effective water-repellent treatment on the [&hellip;]<\/p>\n","protected":false},"featured_media":25973,"comment_status":"open","ping_status":"closed","template":"","meta":{"_uag_custom_page_level_css":"","site-sidebar-layout":"default","site-content-layout":"","ast-site-content-layout":"default","site-content-style":"default","site-sidebar-style":"default","ast-global-header-display":"","ast-banner-title-visibility":"","ast-main-header-display":"","ast-hfb-above-header-display":"","ast-hfb-below-header-display":"","ast-hfb-mobile-header-display":"","site-post-title":"","ast-breadcrumbs-content":"","ast-featured-img":"","footer-sml-layout":"","ast-disable-related-posts":"","theme-transparent-header-meta":"default","adv-header-id-meta":"","stick-header-meta":"","header-above-stick-meta":"","header-main-stick-meta":"","header-below-stick-meta":"","astra-migrate-meta-layouts":"set","ast-page-background-enabled":"default","ast-page-background-meta":{"desktop":{"background-color":"var(--ast-global-color-4)","background-image":"","background-repeat":"repeat","background-position":"center center","background-size":"auto","background-attachment":"scroll","background-type":"","background-media":"","overlay-type":"","overlay-color":"","overlay-opacity":"","overlay-gradient":""},"tablet":{"background-color":"","background-image":"","background-repeat":"repeat","background-position":"center center","background-size":"auto","background-attachment":"scroll","background-type":"","background-media":"","overlay-type":"","overlay-color":"","overlay-opacity":"","overlay-gradient":""},"mobile":{"background-color":"","background-image":"","background-repeat":"repeat","background-position":"center center","background-size":"auto","background-attachment":"scroll","background-type":"","background-media":"","overlay-type":"","overlay-color":"","overlay-opacity":"","overlay-gradient":""}},"ast-content-background-meta":{"desktop":{"background-color":"var(--ast-global-color-5)","background-image":"","background-repeat":"repeat","background-position":"center center","background-size":"auto","background-attachment":"scroll","background-type":"","background-media":"","overlay-type":"","overlay-color":"","overlay-opacity":"","overlay-gradient":""},"tablet":{"background-color":"var(--ast-global-color-5)","background-image":"","background-repeat":"repeat","background-position":"center center","background-size":"auto","background-attachment":"scroll","background-type":"","background-media":"","overlay-type":"","overlay-color":"","overlay-opacity":"","overlay-gradient":""},"mobile":{"background-color":"var(--ast-global-color-5)","background-image":"","background-repeat":"repeat","background-position":"center center","background-size":"auto","background-attachment":"scroll","background-type":"","background-media":"","overlay-type":"","overlay-color":"","overlay-opacity":"","overlay-gradient":""}}},"product_brand":[],"product_cat":[191],"product_tag":[],"class_list":{"0":"post-23437","1":"product","2":"type-product","3":"status-publish","4":"has-post-thumbnail","6":"product_cat-water-repellent","7":"desktop-align-left","8":"tablet-align-left","9":"mobile-align-left","11":"first","12":"instock","13":"sale","14":"taxable","15":"shipping-taxable","16":"purchasable","17":"product-type-variable","18":"has-default-attributes"},"spectra_custom_meta":{"_visibility":["visible"],"_shopify_product_id":["7949644562677"],"_s2w_shopify_domain":["ferberpainting.myshopify.com"],"_shopify_variant_id":["43499404853493"],"_sku":[""],"_manage_stock":["no"],"total_sales":["26"],"_tax_status":["taxable"],"_tax_class":[""],"_backorders":["no"],"_sold_individually":["no"],"_virtual":["no"],"_downloadable":["no"],"_download_limit":["-1"],"_download_expiry":["-1"],"_stock":[null],"_stock_status":["instock"],"_wc_average_rating":["4.90"],"_wc_review_count":["49"],"_product_attributes":["a:1:{s:6:\"volume\";a:6:{s:4:\"name\";s:6:\"Volume\";s:5:\"value\";s:20:\"5 liters | 25 liters\";s:8:\"position\";i:1;s:10:\"is_visible\";i:0;s:12:\"is_variation\";i:1;s:11:\"is_taxonomy\";i:0;}}"],"_product_version":["10.5.1"],"_thumbnail_id":["25973"],"_price":["29.90","99.90"],"_product_image_gallery":["25974"],"merchant-center-availability":["yes"],"merchant-center-category":["503744"],"merchant-center-id":["FWR"],"wpse_downloadable_file_names":[""],"wpse_downloadable_file_urls":[""],"_edit_last":["1"],"_default_attributes":["a:1:{s:6:\"volume\";s:8:\"5 liters\";}"],"_wc_rating_count":["a:2:{i:4;i:5;i:5;i:44;}"],"_edit_lock":["1771160713:1"],"_wp_page_template":["default"],"site-sidebar-layout":["default"],"ast-site-content-layout":["default"],"site-content-style":["default"],"site-sidebar-style":["default"],"theme-transparent-header-meta":["default"],"astra-migrate-meta-layouts":["set"],"_uag_css_file_name":["uag-css-23437.css"],"_elementor_page_assets":["a:0:{}"],"_uag_page_assets":["a:9:{s:3:\"css\";s:6873:\".wp-block-uagb-image{display:flex}.wp-block-uagb-image__figure{position:relative;display:flex;flex-direction:column;max-width:100%;height:auto;margin:0}.wp-block-uagb-image__figure img{height:auto;display:flex;max-width:100%;transition:box-shadow .2s ease}.wp-block-uagb-image__figure>a{display:inline-block}.wp-block-uagb-image__figure figcaption{text-align:center;margin-top:.5em;margin-bottom:1em}.wp-block-uagb-image .components-placeholder.block-editor-media-placeholder .components-placeholder__instructions{align-self:center}.wp-block-uagb-image--align-left{text-align:left}.wp-block-uagb-image--align-right{text-align:right}.wp-block-uagb-image--align-center{text-align:center}.wp-block-uagb-image--align-full .wp-block-uagb-image__figure{margin-left:calc(50% - 50vw);margin-right:calc(50% - 50vw);max-width:100vw;width:100vw;height:auto}.wp-block-uagb-image--align-full .wp-block-uagb-image__figure img{height:auto;width:100% !important}.wp-block-uagb-image--align-wide .wp-block-uagb-image__figure img{height:auto;width:100%}.wp-block-uagb-image--layout-overlay__color-wrapper{position:absolute;left:0;top:0;right:0;bottom:0;opacity:.2;background:rgba(0,0,0,.5);transition:opacity .35s ease-in-out}.wp-block-uagb-image--layout-overlay-link{position:absolute;left:0;right:0;bottom:0;top:0}.wp-block-uagb-image--layout-overlay .wp-block-uagb-image__figure:hover .wp-block-uagb-image--layout-overlay__color-wrapper{opacity:1}.wp-block-uagb-image--layout-overlay__inner{position:absolute;left:15px;right:15px;bottom:15px;top:15px;display:flex;align-items:center;justify-content:center;flex-direction:column;border-color:#fff;transition:.35s ease-in-out}.wp-block-uagb-image--layout-overlay__inner.top-left,.wp-block-uagb-image--layout-overlay__inner.top-center,.wp-block-uagb-image--layout-overlay__inner.top-right{justify-content:flex-start}.wp-block-uagb-image--layout-overlay__inner.bottom-left,.wp-block-uagb-image--layout-overlay__inner.bottom-center,.wp-block-uagb-image--layout-overlay__inner.bottom-right{justify-content:flex-end}.wp-block-uagb-image--layout-overlay__inner.top-left,.wp-block-uagb-image--layout-overlay__inner.center-left,.wp-block-uagb-image--layout-overlay__inner.bottom-left{align-items:flex-start}.wp-block-uagb-image--layout-overlay__inner.top-right,.wp-block-uagb-image--layout-overlay__inner.center-right,.wp-block-uagb-image--layout-overlay__inner.bottom-right{align-items:flex-end}.wp-block-uagb-image--layout-overlay__inner .uagb-image-heading{color:#fff;transition:transform .35s,opacity .35s ease-in-out;transform:translate3d(0, 24px, 0);margin:0;line-height:1em}.wp-block-uagb-image--layout-overlay__inner .uagb-image-separator{width:30%;border-top-width:2px;border-top-color:#fff;border-top-style:solid;margin-bottom:10px;opacity:0;transition:transform .4s,opacity .4s ease-in-out;transform:translate3d(0, 30px, 0)}.wp-block-uagb-image--layout-overlay__inner .uagb-image-caption{opacity:0;overflow:visible;color:#fff;transition:transform .45s,opacity .45s ease-in-out;transform:translate3d(0, 35px, 0)}.wp-block-uagb-image--layout-overlay__inner:hover .uagb-image-heading,.wp-block-uagb-image--layout-overlay__inner:hover .uagb-image-separator,.wp-block-uagb-image--layout-overlay__inner:hover .uagb-image-caption{opacity:1;transform:translate3d(0, 0, 0)}.wp-block-uagb-image--effect-zoomin .wp-block-uagb-image__figure img,.wp-block-uagb-image--effect-zoomin .wp-block-uagb-image__figure .wp-block-uagb-image--layout-overlay__color-wrapper{transform:scale(1);transition:transform .35s ease-in-out}.wp-block-uagb-image--effect-zoomin .wp-block-uagb-image__figure:hover img,.wp-block-uagb-image--effect-zoomin .wp-block-uagb-image__figure:hover .wp-block-uagb-image--layout-overlay__color-wrapper{transform:scale(1.05)}.wp-block-uagb-image--effect-slide .wp-block-uagb-image__figure img,.wp-block-uagb-image--effect-slide .wp-block-uagb-image__figure .wp-block-uagb-image--layout-overlay__color-wrapper{width:calc(100% + 40px) !important;max-width:none !important;transform:translate3d(-40px, 0, 0);transition:transform .35s ease-in-out}.wp-block-uagb-image--effect-slide .wp-block-uagb-image__figure:hover img,.wp-block-uagb-image--effect-slide .wp-block-uagb-image__figure:hover .wp-block-uagb-image--layout-overlay__color-wrapper{transform:translate3d(0, 0, 0)}.wp-block-uagb-image--effect-grayscale img{filter:grayscale(0%);transition:.35s ease-in-out}.wp-block-uagb-image--effect-grayscale:hover img{filter:grayscale(100%)}.wp-block-uagb-image--effect-blur img{filter:blur(0);transition:.35s ease-in-out}.wp-block-uagb-image--effect-blur:hover img{filter:blur(3px)}.uagb-block-e6f939b3.wp-block-uagb-image--layout-default figure img{box-shadow: 0px 0px 0 #00000070;}.uagb-block-e6f939b3.wp-block-uagb-image .wp-block-uagb-image__figure figcaption{font-style: normal;align-self: center;}.uagb-block-e6f939b3.wp-block-uagb-image--layout-overlay figure img{box-shadow: 0px 0px 0 #00000070;}.uagb-block-e6f939b3.wp-block-uagb-image--layout-overlay .wp-block-uagb-image--layout-overlay__color-wrapper{opacity: 0.2;}.uagb-block-e6f939b3.wp-block-uagb-image--layout-overlay .wp-block-uagb-image--layout-overlay__inner{left: 15px;right: 15px;top: 15px;bottom: 15px;}.uagb-block-e6f939b3.wp-block-uagb-image--layout-overlay .wp-block-uagb-image--layout-overlay__inner .uagb-image-heading{font-style: normal;color: #fff;opacity: 1;}.uagb-block-e6f939b3.wp-block-uagb-image--layout-overlay .wp-block-uagb-image--layout-overlay__inner .uagb-image-heading a{color: #fff;}.uagb-block-e6f939b3.wp-block-uagb-image--layout-overlay .wp-block-uagb-image--layout-overlay__inner .uagb-image-caption{opacity: 0;}.uagb-block-e6f939b3.wp-block-uagb-image--layout-overlay .wp-block-uagb-image__figure:hover .wp-block-uagb-image--layout-overlay__color-wrapper{opacity: 1;}.uagb-block-e6f939b3.wp-block-uagb-image .wp-block-uagb-image--layout-overlay__inner .uagb-image-separator{width: 30%;border-top-width: 2px;border-top-color: #fff;opacity: 0;}.uagb-block-e6f939b3.wp-block-uagb-image .wp-block-uagb-image__figure img{width: px;height: auto;}.uagb-block-e6f939b3.wp-block-uagb-image .wp-block-uagb-image__figure:hover .wp-block-uagb-image--layout-overlay__inner .uagb-image-caption{opacity: 1;}.uagb-block-e6f939b3.wp-block-uagb-image .wp-block-uagb-image__figure:hover .wp-block-uagb-image--layout-overlay__inner .uagb-image-separator{opacity: 1;}.uagb-block-e6f939b3.wp-block-uagb-image--layout-default figure:hover img{box-shadow: 0px 0px 0 #00000070;}.uagb-block-e6f939b3.wp-block-uagb-image--layout-overlay figure:hover img{box-shadow: 0px 0px 0 #00000070;}@media only screen and (max-width: 976px) {.uagb-block-e6f939b3.wp-block-uagb-image .wp-block-uagb-image__figure img{width: px;height: auto;}}@media only screen and (max-width: 767px) {.uagb-block-e6f939b3.wp-block-uagb-image .wp-block-uagb-image__figure img{width: px;height: auto;}}\";s:2:\"js\";s:0:\"\";s:18:\"current_block_list\";a:13:{i:0;s:11:\"core\/search\";i:1;s:10:\"core\/group\";i:2;s:12:\"core\/heading\";i:3;s:17:\"core\/latest-posts\";i:4;s:20:\"core\/latest-comments\";i:5;s:13:\"core\/archives\";i:6;s:15:\"core\/categories\";i:7;s:14:\"core\/paragraph\";i:8;s:10:\"uagb\/image\";i:9;s:11:\"core\/spacer\";i:10;s:30:\"woocommerce\/product-categories\";i:11;s:10:\"core\/image\";i:12;s:14:\"core\/shortcode\";}s:8:\"uag_flag\";b:1;s:11:\"uag_version\";s:10:\"1777367197\";s:6:\"gfonts\";a:0:{}s:10:\"gfonts_url\";s:0:\"\";s:12:\"gfonts_files\";a:0:{}s:14:\"uag_faq_layout\";b:0;}"]},"uagb_featured_image_src":{"full":["https:\/\/www.ferberpainting.com\/wp-content\/uploads\/2025\/05\/Facade_Water_Repellent_5L.jpg",2560,2560,false],"thumbnail":["https:\/\/www.ferberpainting.com\/wp-content\/uploads\/2025\/05\/Facade_Water_Repellent_5L-150x150.jpg",150,150,true],"medium":["https:\/\/www.ferberpainting.com\/wp-content\/uploads\/2025\/05\/Facade_Water_Repellent_5L-300x300.jpg",300,300,true],"medium_large":["https:\/\/www.ferberpainting.com\/wp-content\/uploads\/2025\/05\/Facade_Water_Repellent_5L-768x768.jpg",768,768,true],"large":["https:\/\/www.ferberpainting.com\/wp-content\/uploads\/2025\/05\/Facade_Water_Repellent_5L-1024x1024.jpg",1024,1024,true],"1536x1536":["https:\/\/www.ferberpainting.com\/wp-content\/uploads\/2025\/05\/Facade_Water_Repellent_5L-1536x1536.jpg",1536,1536,true],"2048x2048":["https:\/\/www.ferberpainting.com\/wp-content\/uploads\/2025\/05\/Facade_Water_Repellent_5L-2048x2048.jpg",2048,2048,true],"trp-custom-language-flag":["https:\/\/www.ferberpainting.com\/wp-content\/uploads\/2025\/05\/Facade_Water_Repellent_5L-12x12.jpg",12,12,true],"woocommerce_thumbnail":["https:\/\/www.ferberpainting.com\/wp-content\/uploads\/2025\/05\/Facade_Water_Repellent_5L-300x300.jpg",300,300,true],"woocommerce_single":["https:\/\/www.ferberpainting.com\/wp-content\/uploads\/2025\/05\/Facade_Water_Repellent_5L-600x600.jpg",600,600,true],"woocommerce_gallery_thumbnail":["https:\/\/www.ferberpainting.com\/wp-content\/uploads\/2025\/05\/Facade_Water_Repellent_5L-100x100.jpg",100,100,true]},"uagb_author_info":{"display_name":"admin","author_link":"https:\/\/www.ferberpainting.com\/si\/author\/"},"uagb_comment_info":49,"uagb_excerpt":"Protect your facade from rain and moisture penetration. Our facade water repellent is specially formulated to create an invisible hydrophobic barrier that prevents rainwater from penetrating exterior walls. It reduces water absorption while preserving the natural appearance of masonry surfaces, helping to protect buildings from long-term moisture damage. The most effective water-repellent treatment on the&hellip;","_links":{"self":[{"href":"https:\/\/www.ferberpainting.com\/si\/wp-json\/wp\/v2\/product\/23437","targetHints":{"allow":["GET"]}}],"collection":[{"href":"https:\/\/www.ferberpainting.com\/si\/wp-json\/wp\/v2\/product"}],"about":[{"href":"https:\/\/www.ferberpainting.com\/si\/wp-json\/wp\/v2\/types\/product"}],"replies":[{"embeddable":true,"href":"https:\/\/www.ferberpainting.com\/si\/wp-json\/wp\/v2\/comments?post=23437"}],"version-history":[{"count":3,"href":"https:\/\/www.ferberpainting.com\/si\/wp-json\/wp\/v2\/product\/23437\/revisions"}],"predecessor-version":[{"id":166154,"href":"https:\/\/www.ferberpainting.com\/si\/wp-json\/wp\/v2\/product\/23437\/revisions\/166154"}],"wp:featuredmedia":[{"embeddable":true,"href":"https:\/\/www.ferberpainting.com\/si\/wp-json\/wp\/v2\/media\/25973"}],"wp:attachment":[{"href":"https:\/\/www.ferberpainting.com\/si\/wp-json\/wp\/v2\/media?parent=23437"}],"wp:term":[{"taxonomy":"product_brand","embeddable":true,"href":"https:\/\/www.ferberpainting.com\/si\/wp-json\/wp\/v2\/product_brand?post=23437"},{"taxonomy":"product_cat","embeddable":true,"href":"https:\/\/www.ferberpainting.com\/si\/wp-json\/wp\/v2\/product_cat?post=23437"},{"taxonomy":"product_tag","embeddable":true,"href":"https:\/\/www.ferberpainting.com\/si\/wp-json\/wp\/v2\/product_tag?post=23437"}],"curies":[{"name":"wp","href":"https:\/\/api.w.org\/{rel}","templated":true}]}}