{"id":23191,"date":"2025-05-26T10:23:14","date_gmt":"2025-05-26T08:23:14","guid":{"rendered":"https:\/\/www.ferberpainting.com\/products\/damp-wall-and-rising-damp-treatment\/"},"modified":"2026-02-15T13:46:22","modified_gmt":"2026-02-15T12:46:22","slug":"damp-wall-and-rising-damp-treatment","status":"publish","type":"product","link":"https:\/\/www.ferberpainting.com\/si\/products\/damp-wall-and-rising-damp-treatment\/","title":{"rendered":"Tretma za vla\u017ene stene in kapilarno vlago"},"content":{"rendered":"<p><img decoding=\"async\" style=\"margin-right: 12px;\" src=\"https:\/\/www.ferberpainting.com\/wp-content\/uploads\/2026\/02\/Check.svg\" alt=\"\" width=\"18\" height=\"15\" \/><strong>Dolgotrajno odpravljanje vlage.<\/strong>\u00a0Ta posebej zasnovana obdelava vla\u017enih sten u\u010dinkovito blokira dvigajo\u010do se vlago in s kapilarnostjo prepre\u010duje vdor vode v stene. Zaradi visoko zmogljivega hidroizolacijskega delovanja tvori neprepustno pregrado, ki trajno zaustavlja dvigajo\u010do se vlago in \u0161\u010diti strukture pred po\u0161kodbami, povezanimi z vodo.<\/p>\n<p><img decoding=\"async\" style=\"margin-right: 12px;\" src=\"https:\/\/www.ferberpainting.com\/wp-content\/uploads\/2026\/02\/Check.svg\" alt=\"\" width=\"18\" height=\"15\" \/><strong>Garancija vra\u010dila denarja.<\/strong>\u00a0Ker smo popolnoma prepri\u010dani v u\u010dinkovitost na\u0161ega zdravljenja z vlago, vam ponujamo garancijo za vra\u010dilo denarja. \u010ce izdelek po uporabi v skladu s priporo\u010dili ne izpolni va\u0161ih pri\u010dakovanj, lahko zahtevate vra\u010dilo kupnine, kar zagotavlja varen nakup brez tveganja.<\/p>\n<p><img decoding=\"async\" style=\"margin-right: 12px;\" src=\"https:\/\/www.ferberpainting.com\/wp-content\/uploads\/2026\/02\/Check.svg\" alt=\"\" width=\"18\" height=\"15\" \/><strong>Primerno za razli\u010dne materiale.<\/strong>\u00a0Ta za\u0161\u010dita proti vlagi je zdru\u017eljiva s \u0161tevilnimi mineralnimi povr\u0161inami, kot so beton, opeka, naravni kamen, cement in tlakovci. Uporablja se lahko na notranjih in zunanjih stenah ter je idealen za kleti, kleti, fasade ali katera koli druga obmo\u010dja, ki jih prizadene nara\u0161\u010dajo\u010da vlaga.<\/p>\n<p><img decoding=\"async\" style=\"margin-right: 12px;\" src=\"https:\/\/www.ferberpainting.com\/wp-content\/uploads\/2026\/02\/Check.svg\" alt=\"\" width=\"18\" height=\"15\" \/><strong>Stro\u0161kovno u\u010dinkovito in visoko zmogljivo pokrivanje.<\/strong>\u00a0Zaradi optimizirane koncentracije lahko en liter izdelka obdela pribli\u017eno 1 m\u00b2 stene, odvisno od njene poroznosti in debeline. Posoda s prostornino 5 l zagotavlja obse\u017eno pokritost z odli\u010dnim razmerjem med stro\u0161ki in u\u010dinkovitostjo. Njegovo dolgotrajno delovanje odpravlja potrebo po ponavljajo\u010dih se obdelavah, zato je dolgoro\u010dno ekonomi\u010dna re\u0161itev.<\/p>\n<p><img decoding=\"async\" style=\"margin-right: 12px;\" src=\"https:\/\/www.ferberpainting.com\/wp-content\/uploads\/2026\/02\/Check.svg\" alt=\"\" width=\"18\" height=\"15\" \/><strong>Varnost in netoksi\u010dnost.<\/strong>\u00a0Ta hidroizolacijski pripravek je oblikovan brez agresivnih strupenih sestavin in ne spro\u0161\u010da nevarnih hlapov, kar zagotavlja varno uporabo tako za uporabnike kot za stanovalce. Je v skladu z veljavnimi okoljskimi predpisi in ne predstavlja tveganja za obdelane povr\u0161ine.<\/p>\n<p><img decoding=\"async\" style=\"margin-right: 12px;\" src=\"https:\/\/www.ferberpainting.com\/wp-content\/uploads\/2026\/02\/Check.svg\" alt=\"\" width=\"18\" height=\"15\" \/><strong>Enostavna uporaba.<\/strong>\u00a0Ta postopek, ki je namenjen tako strokovnjakom kot posameznikom, se uporablja z vbrizgavanjem v stene po preprostem vrtanju v rednih \u010dasovnih presledkih. Ne zahteva naprednega tehni\u010dnega znanja in omogo\u010da hitro izvedbo s standardnimi orodji, kar zagotavlja takoj\u0161njo in dolgotrajno u\u010dinkovitost.<\/p>\n<p><img decoding=\"async\" style=\"margin-right: 12px;\" src=\"https:\/\/www.ferberpainting.com\/wp-content\/uploads\/2026\/02\/Check.svg\" alt=\"\" width=\"18\" height=\"15\" \/><strong>Izjemna vzdr\u017eljivost.<\/strong>\u00a0V nasprotju z za\u010dasnimi re\u0161itvami, kot so barve proti vlagi ali vodoodporni premazi, ta obdelava prodre globoko v strukturo in ostane u\u010dinkovita ve\u010d desetletij. Po nanosu neprekinjeno \u0161\u010diti steno in prepre\u010duje nadaljnje nara\u0161\u010danje vlage ter prepre\u010duje propadanje premazov in barv.<\/p>\n<p><img decoding=\"async\" style=\"margin-right: 12px;\" src=\"https:\/\/www.ferberpainting.com\/wp-content\/uploads\/2026\/02\/Check.svg\" alt=\"\" width=\"18\" height=\"15\" \/><strong>Hitro delovanje in vidni rezultati.<\/strong>\u00a0Ta izdelek deluje hitro, u\u010dinki so vidni v nekaj dneh do nekaj tednih, odvisno od stopnje vla\u017enosti stene. Od trenutka nanosa za\u010dne blokirati vodo in postopoma izsu\u0161evati stene, kar v kratkem \u010dasu privede do ob\u010dutnega izbolj\u0161anja njihovega stanja.<\/p>\n<h2><strong>Protokol uporabe<\/strong><\/h2>\n<ul>\n<li><strong>Priprava sten :<\/strong> Preverite stanje povr\u0161in in ugotovite, na katerih obmo\u010djih je prisotna dvigajo\u010da se vlaga. \u010ce so na povr\u0161ini prisotne solne usedline (eflorescenca) ali plesen, jo pred nanosom o\u010distite.<\/li>\n<li><strong>Vrtanje injekcijskih lukenj :<\/strong> Izvrtajte luknje s premerom pribli\u017eno 10 do 14 mm na vi\u0161ini 15 cm od tal, med posameznimi luknjami pa naj bo razmik 10 do 15 cm. Luknje morajo biti rahlo nagnjene navzdol, da se zagotovi bolj\u0161a razpr\u0161itev proizvoda.<\/li>\n<li><strong>Vbrizgavanje zdravljenja :<\/strong> Z injektorjem ali ustrezno brizgalko vnesite izdelek v vsako luknjo in poskrbite, da je stena globoko prepojena. Po\u010dakajte, da sredstvo prodre, in postopek po potrebi ponovite, da zagotovite optimalno za\u0161\u010dito.<\/li>\n<li><strong>Su\u0161enje in izhlapevanje vlage :<\/strong> Pustite izdelek delovati in spremljajte proces zmanj\u0161evanja vlage. Popolno su\u0161enje sten lahko traja od nekaj tednov do ve\u010d mesecev, odvisno od za\u010detne ravni vlage in debeline sten.<\/li>\n<li><strong>Zatesnitev lukenj :<\/strong> Ko se stena stabilizira, luknje zatesnite z ustrezno malto ali zaklju\u010dnim ometom, da povr\u0161ina postane enotna in estetska.<\/li>\n<li><strong>Zadnji dotiki :<\/strong> Ko je vlaga popolnoma odstranjena, po potrebi nanesite zdru\u017eljivo barvo ali premaz, da za\u0161\u010ditite in izbolj\u0161ate obdelano povr\u0161ino.<\/li>\n<\/ul>","protected":false},"excerpt":{"rendered":"<p>Long-lasting Moisture Elimination.\u00a0This specially designed treatment for damp walls effectively blocks rising damp and prevents water from infiltrating the walls through capillarity. Thanks to its high-performance waterproofing action, it forms an impermeable barrier that permanently stops ascending moisture and protects structures from water-related damage. Money-back Guarantee.\u00a0Because we have complete confidence in the effectiveness of our [&hellip;]<\/p>\n","protected":false},"featured_media":25750,"comment_status":"open","ping_status":"closed","template":"","meta":{"_uag_custom_page_level_css":"","site-sidebar-layout":"default","site-content-layout":"","ast-site-content-layout":"default","site-content-style":"default","site-sidebar-style":"default","ast-global-header-display":"","ast-banner-title-visibility":"","ast-main-header-display":"","ast-hfb-above-header-display":"","ast-hfb-below-header-display":"","ast-hfb-mobile-header-display":"","site-post-title":"","ast-breadcrumbs-content":"","ast-featured-img":"","footer-sml-layout":"","ast-disable-related-posts":"","theme-transparent-header-meta":"default","adv-header-id-meta":"","stick-header-meta":"","header-above-stick-meta":"","header-main-stick-meta":"","header-below-stick-meta":"","astra-migrate-meta-layouts":"set","ast-page-background-enabled":"default","ast-page-background-meta":{"desktop":{"background-color":"var(--ast-global-color-4)","background-image":"","background-repeat":"repeat","background-position":"center center","background-size":"auto","background-attachment":"scroll","background-type":"","background-media":"","overlay-type":"","overlay-color":"","overlay-opacity":"","overlay-gradient":""},"tablet":{"background-color":"","background-image":"","background-repeat":"repeat","background-position":"center center","background-size":"auto","background-attachment":"scroll","background-type":"","background-media":"","overlay-type":"","overlay-color":"","overlay-opacity":"","overlay-gradient":""},"mobile":{"background-color":"","background-image":"","background-repeat":"repeat","background-position":"center center","background-size":"auto","background-attachment":"scroll","background-type":"","background-media":"","overlay-type":"","overlay-color":"","overlay-opacity":"","overlay-gradient":""}},"ast-content-background-meta":{"desktop":{"background-color":"var(--ast-global-color-5)","background-image":"","background-repeat":"repeat","background-position":"center center","background-size":"auto","background-attachment":"scroll","background-type":"","background-media":"","overlay-type":"","overlay-color":"","overlay-opacity":"","overlay-gradient":""},"tablet":{"background-color":"var(--ast-global-color-5)","background-image":"","background-repeat":"repeat","background-position":"center center","background-size":"auto","background-attachment":"scroll","background-type":"","background-media":"","overlay-type":"","overlay-color":"","overlay-opacity":"","overlay-gradient":""},"mobile":{"background-color":"var(--ast-global-color-5)","background-image":"","background-repeat":"repeat","background-position":"center center","background-size":"auto","background-attachment":"scroll","background-type":"","background-media":"","overlay-type":"","overlay-color":"","overlay-opacity":"","overlay-gradient":""}}},"product_brand":[],"product_cat":[176],"product_tag":[],"class_list":{"0":"post-23191","1":"product","2":"type-product","3":"status-publish","4":"has-post-thumbnail","6":"product_cat-concrete-treatment","7":"desktop-align-left","8":"tablet-align-left","9":"mobile-align-left","11":"first","12":"instock","13":"sale","14":"shipping-taxable","15":"purchasable","16":"product-type-variable","17":"has-default-attributes"},"spectra_custom_meta":{"_visibility":["visible"],"_shopify_product_id":["9058928328949"],"_s2w_shopify_domain":["ferberpainting.myshopify.com"],"_shopify_variant_id":["46479679586549"],"_sku":[""],"_manage_stock":["no"],"total_sales":["208"],"_tax_status":["taxable"],"_tax_class":[""],"_backorders":["no"],"_sold_individually":["no"],"_virtual":["no"],"_downloadable":["no"],"_download_limit":["-1"],"_download_expiry":["-1"],"_stock":[null],"_stock_status":["instock"],"_wc_average_rating":["4.67"],"_wc_review_count":["6"],"_product_attributes":["a:1:{s:6:\"volume\";a:6:{s:4:\"name\";s:6:\"Volume\";s:5:\"value\";s:20:\"5 liters | 25 liters\";s:8:\"position\";i:1;s:10:\"is_visible\";i:0;s:12:\"is_variation\";i:1;s:11:\"is_taxonomy\";i:0;}}"],"_product_version":["10.5.1"],"_thumbnail_id":["25750"],"_product_image_gallery":["25751"],"wpse_downloadable_file_names":[""],"wpse_downloadable_file_urls":[""],"_edit_last":["1"],"_default_attributes":["a:1:{s:6:\"volume\";s:8:\"5 liters\";}"],"_edit_lock":["1771159457:1"],"merchant-center-availability":["yes"],"merchant-center-category":["2277"],"_price":["29.90","129.90"],"_wp_page_template":["default"],"site-sidebar-layout":["default"],"ast-site-content-layout":["default"],"site-content-style":["default"],"site-sidebar-style":["default"],"theme-transparent-header-meta":["default"],"_wc_rating_count":["a:2:{i:4;i:2;i:5;i:4;}"],"astra-migrate-meta-layouts":["set"],"_uag_css_file_name":["uag-css-23191.css"],"_elementor_page_assets":["a:0:{}"]},"uagb_featured_image_src":{"full":["https:\/\/www.ferberpainting.com\/wp-content\/uploads\/2025\/05\/DampWallandRisingDampTreatment5L.png",2560,2560,false],"thumbnail":["https:\/\/www.ferberpainting.com\/wp-content\/uploads\/2025\/05\/DampWallandRisingDampTreatment5L-150x150.png",150,150,true],"medium":["https:\/\/www.ferberpainting.com\/wp-content\/uploads\/2025\/05\/DampWallandRisingDampTreatment5L-300x300.png",300,300,true],"medium_large":["https:\/\/www.ferberpainting.com\/wp-content\/uploads\/2025\/05\/DampWallandRisingDampTreatment5L-768x768.png",768,768,true],"large":["https:\/\/www.ferberpainting.com\/wp-content\/uploads\/2025\/05\/DampWallandRisingDampTreatment5L-1024x1024.png",1024,1024,true],"1536x1536":["https:\/\/www.ferberpainting.com\/wp-content\/uploads\/2025\/05\/DampWallandRisingDampTreatment5L-1536x1536.png",1536,1536,true],"2048x2048":["https:\/\/www.ferberpainting.com\/wp-content\/uploads\/2025\/05\/DampWallandRisingDampTreatment5L-2048x2048.png",2048,2048,true],"trp-custom-language-flag":["https:\/\/www.ferberpainting.com\/wp-content\/uploads\/2025\/05\/DampWallandRisingDampTreatment5L-12x12.png",12,12,true],"woocommerce_thumbnail":["https:\/\/www.ferberpainting.com\/wp-content\/uploads\/2025\/05\/DampWallandRisingDampTreatment5L-300x300.png",300,300,true],"woocommerce_single":["https:\/\/www.ferberpainting.com\/wp-content\/uploads\/2025\/05\/DampWallandRisingDampTreatment5L-600x600.png",600,600,true],"woocommerce_gallery_thumbnail":["https:\/\/www.ferberpainting.com\/wp-content\/uploads\/2025\/05\/DampWallandRisingDampTreatment5L-100x100.png",100,100,true]},"uagb_author_info":{"display_name":"admin","author_link":"https:\/\/www.ferberpainting.com\/si\/author\/"},"uagb_comment_info":6,"uagb_excerpt":"Long-lasting Moisture Elimination.\u00a0This specially designed treatment for damp walls effectively blocks rising damp and prevents water from infiltrating the walls through capillarity. Thanks to its high-performance waterproofing action, it forms an impermeable barrier that permanently stops ascending moisture and protects structures from water-related damage. Money-back Guarantee.\u00a0Because we have complete confidence in the effectiveness of our&hellip;","_links":{"self":[{"href":"https:\/\/www.ferberpainting.com\/si\/wp-json\/wp\/v2\/product\/23191","targetHints":{"allow":["GET"]}}],"collection":[{"href":"https:\/\/www.ferberpainting.com\/si\/wp-json\/wp\/v2\/product"}],"about":[{"href":"https:\/\/www.ferberpainting.com\/si\/wp-json\/wp\/v2\/types\/product"}],"replies":[{"embeddable":true,"href":"https:\/\/www.ferberpainting.com\/si\/wp-json\/wp\/v2\/comments?post=23191"}],"version-history":[{"count":4,"href":"https:\/\/www.ferberpainting.com\/si\/wp-json\/wp\/v2\/product\/23191\/revisions"}],"predecessor-version":[{"id":166093,"href":"https:\/\/www.ferberpainting.com\/si\/wp-json\/wp\/v2\/product\/23191\/revisions\/166093"}],"wp:featuredmedia":[{"embeddable":true,"href":"https:\/\/www.ferberpainting.com\/si\/wp-json\/wp\/v2\/media\/25750"}],"wp:attachment":[{"href":"https:\/\/www.ferberpainting.com\/si\/wp-json\/wp\/v2\/media?parent=23191"}],"wp:term":[{"taxonomy":"product_brand","embeddable":true,"href":"https:\/\/www.ferberpainting.com\/si\/wp-json\/wp\/v2\/product_brand?post=23191"},{"taxonomy":"product_cat","embeddable":true,"href":"https:\/\/www.ferberpainting.com\/si\/wp-json\/wp\/v2\/product_cat?post=23191"},{"taxonomy":"product_tag","embeddable":true,"href":"https:\/\/www.ferberpainting.com\/si\/wp-json\/wp\/v2\/product_tag?post=23191"}],"curies":[{"name":"wp","href":"https:\/\/api.w.org\/{rel}","templated":true}]}}