{"id":23140,"date":"2025-07-01T17:37:04","date_gmt":"2025-07-01T15:37:04","guid":{"rendered":"https:\/\/www.ferberpainting.com\/?post_type=product&#038;p=23136"},"modified":"2026-02-15T13:28:47","modified_gmt":"2026-02-15T12:28:47","slug":"clay-water-repellent","status":"publish","type":"product","link":"https:\/\/www.ferberpainting.com\/si\/products\/clay-water-repellent\/","title":{"rendered":"Glineni vodoodbojnik"},"content":{"rendered":"<p><img decoding=\"async\" style=\"margin-right: 12px;\" src=\"https:\/\/www.ferberpainting.com\/wp-content\/uploads\/2026\/02\/Check.svg\" alt=\"\" width=\"18\" height=\"15\" \/><strong>Optimalna za\u0161\u010dita pred vlago.<\/strong>\u00a0To glineno sredstvo za za\u0161\u010dito pred vodo je posebej oblikovano za ustvarjanje u\u010dinkovite hidrofobne pregrade, ki prepre\u010duje prodiranje vode in vlage v porozne povr\u0161ine. Za\u0161\u010diti glino pred vdorom vode, teko\u010dimi made\u017ei in po\u0161kodbami zaradi zmrzali. Pri nanosu na okrasne ali funkcionalne glinene predmete zagotavlja njihovo trajnost in odpornost na zunanje vplive.<\/p>\n<p><img decoding=\"async\" style=\"margin-right: 12px;\" src=\"https:\/\/www.ferberpainting.com\/wp-content\/uploads\/2026\/02\/Check.svg\" alt=\"\" width=\"18\" height=\"15\" \/><strong>Jamstvo vra\u010dila denarja.<\/strong>\u00a0Popolnoma zaupamo v u\u010dinkovitost na\u0161ega glinenega impregnacijskega sredstva. \u010ce po uporabi niste popolnoma zadovoljni z rezultati, ste upravi\u010deni do celotnega vra\u010dila denarja. Na\u0161 izdelek lahko torej preizkusite brez tveganja in u\u017eivate v dolgotrajni za\u0161\u010diti svojih glinenih stvaritev.<\/p>\n<p><img decoding=\"async\" style=\"margin-right: 12px;\" src=\"https:\/\/www.ferberpainting.com\/wp-content\/uploads\/2026\/02\/Check.svg\" alt=\"\" width=\"18\" height=\"15\" \/><strong>Izjemna vsestranskost.<\/strong>\u00a0To sredstvo za za\u0161\u010dito pred vodo ni omejeno na glino! Zelo u\u010dinkovito je tudi na drugih poroznih materialih, kot so terakota, omet, naravni kamen in nekatera neglazirana keramika. Idealen je za hidroizolacijo ro\u010dno izdelanih predmetov, keramike, terakotnih plo\u0161\u010dic, skulptur in celo sten ali tal iz poroznih materialov. Zaradi svoje vsestranskosti je nepogre\u0161ljiv pripomo\u010dek tako za strokovnjake kot za ljubitelje doma\u010de obrti.<\/p>\n<p><img decoding=\"async\" style=\"margin-right: 12px;\" src=\"https:\/\/www.ferberpainting.com\/wp-content\/uploads\/2026\/02\/Check.svg\" alt=\"\" width=\"18\" height=\"15\" \/><strong>Stro\u0161kovno u\u010dinkovita zmogljivost.<\/strong>\u00a0Zaradi visoke koncentracije je za impregnacijo velike povr\u0161ine potrebna le majhna koli\u010dina izdelka. Z enim litrom hidroizolacijskega sredstva lahko obdelate pribli\u017eno 10 do 15 m\u00b2, odvisno od poroznosti materiala. S 5-litrskim formatom ta izdelek zagotavlja dolgotrajno za\u0161\u010dito za \u0161tevilne predmete in povr\u0161ine, kar zmanj\u0161uje stro\u0161ke vzdr\u017eevanja in pogostost uporabe.<\/p>\n<p><img decoding=\"async\" style=\"margin-right: 12px;\" src=\"https:\/\/www.ferberpainting.com\/wp-content\/uploads\/2026\/02\/Check.svg\" alt=\"\" width=\"18\" height=\"15\" \/><strong>Varna uporaba.<\/strong>\u00a0Za razliko od obi\u010dajnih hidroizolacijskih sredstev, ki vsebujejo agresivna topila, ki lahko po\u0161kodujejo povr\u0161ine ali spro\u0161\u010dajo strupene hlape, je ta izdelek zasnovan tako, da so tveganja pri uporabi \u010dim manj\u0161a. Ne spreminja videza ali barve gline, s\u010dasoma ne porumeni in spo\u0161tuje naravne zna\u010dilnosti obdelanih povr\u0161in. Priporo\u010dljivo je, da ga uporabljate v prezra\u010devanem prostoru in se izogibate stiku s ko\u017eo.<\/p>\n<p><img decoding=\"async\" style=\"margin-right: 12px;\" src=\"https:\/\/www.ferberpainting.com\/wp-content\/uploads\/2026\/02\/Check.svg\" alt=\"\" width=\"18\" height=\"15\" \/><strong>Enostavnost uporabe.<\/strong>\u00a0Ta izdelek je pripravljen za uporabo in ne potrebuje red\u010denja ali zapletene priprave. S \u010dopi\u010dem, valj\u010dkom ali mehko krpo ga nanesite neposredno na \u010disto, suho glino. Globoko prodre in se hitro posu\u0161i, tako da zagotavlja u\u010dinkovito za\u0161\u010dito v enem samem prehodu. Zaradi enostavne uporabe je dostopen vsem, ne glede na to, ali ste lon\u010dar, obrtnik, restavrator ali doma\u010di mojster.<\/p>\n<p><img decoding=\"async\" style=\"margin-right: 12px;\" src=\"https:\/\/www.ferberpainting.com\/wp-content\/uploads\/2026\/02\/Check.svg\" alt=\"\" width=\"18\" height=\"15\" \/><strong>Podalj\u0161ana vzdr\u017eljivost.<\/strong>\u00a0Z enim samim nanosom tega impregnacijskega sredstva zagotovite dolgotrajno za\u0161\u010dito pred vodo in vlago. Krepi celovitost glinenih predmetov, saj zmanj\u0161uje njihovo poroznost in prepre\u010duje prezgodnje propadanje. Zaradi odpornosti na vremenske in temperaturne spremembe je bistvena re\u0161itev za zunanje predmete, kot so lonci iz terakote, plo\u0161\u010dice in kipi.<\/p>\n<p><img decoding=\"async\" style=\"margin-right: 12px;\" src=\"https:\/\/www.ferberpainting.com\/wp-content\/uploads\/2026\/02\/Check.svg\" alt=\"\" width=\"18\" height=\"15\" \/><strong>Hitro ukrepanje.<\/strong>\u00a0Njegova u\u010dinkovitost je takoj po nanosu. V le nekaj minutah prodre globoko in ustvari nevidno pregrado, ki prepre\u010duje, da bi se voda oprijela povr\u0161ine. Hitro se posu\u0161i, kar omogo\u010da hitro in u\u010dinkovito hidroizolacijo obdelanih predmetov. Za razliko od drugih hidroizolacijskih sredstev, ki se su\u0161ijo ve\u010d ur, ta izdelek zagotavlja optimalno za\u0161\u010dito v kraj\u0161em \u010dasu.<\/p>\n<h2><strong>Protokol uporabe<\/strong><\/h2>\n<ul>\n<li><strong>Priprava <\/strong>: Prepri\u010dajte se, da je glina ali porozni material pred nanosom \u010dist in popolnoma suh. S suho krpo ali mehko krta\u010do odstranite ves prah, umazanijo ali ma\u0161\u010dobo, da zagotovite optimalen oprijem.<\/li>\n<li><strong>Uporaba s krta\u010do ali krpo <\/strong>: Z mehkim \u010dopi\u010dem ali krpo s kro\u017enimi gibi nanesite tanek sloj izdelka, da se izdelek globoko vpije. Poskrbite, da enakomerno prekrijete celoten predmet ali povr\u0161ino.<\/li>\n<li><strong>Uporaba velike povr\u0161ine <\/strong>: Za plo\u0161\u010dice, terakoto ali velike skulpture uporabite valj\u010dek ali nizkotla\u010dni razpr\u0161ilec za hiter in enakomeren nanos. Prepri\u010dajte se, da izdelek dose\u017ee vsa obmo\u010dja, zlasti robove in reliefe.<\/li>\n<li><strong>\u010cas su\u0161enja <\/strong>: Na prostem se su\u0161ite od 30 minut do 1 ure, odvisno od okoli\u0161kih pogojev. Za najve\u010djo za\u0161\u010dito se prvih 24 ur po nanosu izogibajte stiku z vodo.<\/li>\n<li><strong>Izbolj\u0161ana za\u0161\u010dita <\/strong>: Pri zelo poroznih ali vlagi izpostavljenih povr\u0161inah nanesite drugi sloj, ko se prvi posu\u0161i. Ta drugi sloj izbolj\u0161a vodotesnost in trajnost.<\/li>\n<li><strong>Preverjanje u\u010dinkovitosti <\/strong>: Ko se posu\u0161i, preizkusite vodotesnost tako, da na obdelano povr\u0161ino nanesete nekaj kapljic vode. \u010ce se voda zbistri in odte\u010de, je hidroizolacija uspe\u0161na. V nasprotnem primeru nanesite drugi sloj, da okrepite za\u0161\u010dito.<\/li>\n<li><strong>Pogostost uporabe <\/strong>: Za dolgotrajno za\u0161\u010dito nanesite enkrat ali dvakrat na leto, odvisno od vremenske izpostavljenosti in uporabe. Zunanje povr\u0161ine bodo zaradi neposredne izpostavljenosti podnebnim razmeram morda zahtevale pogostej\u0161e vzdr\u017eevanje.<\/li>\n<li><strong>Shranjevanje <\/strong>: Posodo shranjujte na hladnem in suhem mestu, stran od vro\u010dine in son\u010dne svetlobe. Po vsaki uporabi tesno zaprite, da prepre\u010dite izhlapevanje in ohranite dolgoro\u010dno u\u010dinkovitost.<\/li>\n<\/ul>\n<p>Z na\u0161im impregnacijskim sredstvom za glino zagotovite svojim stvaritvam dolgotrajno za\u0161\u010dito in odli\u010dno odpornost na vlago. Idealna re\u0161itev za ohranjanje lepote in trdnosti va\u0161ih predmetov iz gline, terakote ali naravnega kamna.<\/p>","protected":false},"excerpt":{"rendered":"<p>Optimal Moisture Protection.\u00a0This clay waterproofer is specially formulated to create an effective hydrophobic barrier that prevents water and moisture from penetrating porous surfaces. It protects clay from water infiltration, liquid stains, and frost damage. When applied to decorative or functional clay objects, it ensures their durability and resistance to outdoor elements. Money-back guarantee.\u00a0We have full [&hellip;]<\/p>\n","protected":false},"featured_media":36508,"comment_status":"open","ping_status":"closed","template":"","meta":{"_uag_custom_page_level_css":"","site-sidebar-layout":"default","site-content-layout":"","ast-site-content-layout":"default","site-content-style":"default","site-sidebar-style":"default","ast-global-header-display":"","ast-banner-title-visibility":"","ast-main-header-display":"","ast-hfb-above-header-display":"","ast-hfb-below-header-display":"","ast-hfb-mobile-header-display":"","site-post-title":"","ast-breadcrumbs-content":"","ast-featured-img":"","footer-sml-layout":"","ast-disable-related-posts":"","theme-transparent-header-meta":"default","adv-header-id-meta":"","stick-header-meta":"","header-above-stick-meta":"","header-main-stick-meta":"","header-below-stick-meta":"","astra-migrate-meta-layouts":"set","ast-page-background-enabled":"default","ast-page-background-meta":{"desktop":{"background-color":"var(--ast-global-color-4)","background-image":"","background-repeat":"repeat","background-position":"center center","background-size":"auto","background-attachment":"scroll","background-type":"","background-media":"","overlay-type":"","overlay-color":"","overlay-opacity":"","overlay-gradient":""},"tablet":{"background-color":"","background-image":"","background-repeat":"repeat","background-position":"center center","background-size":"auto","background-attachment":"scroll","background-type":"","background-media":"","overlay-type":"","overlay-color":"","overlay-opacity":"","overlay-gradient":""},"mobile":{"background-color":"","background-image":"","background-repeat":"repeat","background-position":"center center","background-size":"auto","background-attachment":"scroll","background-type":"","background-media":"","overlay-type":"","overlay-color":"","overlay-opacity":"","overlay-gradient":""}},"ast-content-background-meta":{"desktop":{"background-color":"var(--ast-global-color-5)","background-image":"","background-repeat":"repeat","background-position":"center center","background-size":"auto","background-attachment":"scroll","background-type":"","background-media":"","overlay-type":"","overlay-color":"","overlay-opacity":"","overlay-gradient":""},"tablet":{"background-color":"var(--ast-global-color-5)","background-image":"","background-repeat":"repeat","background-position":"center center","background-size":"auto","background-attachment":"scroll","background-type":"","background-media":"","overlay-type":"","overlay-color":"","overlay-opacity":"","overlay-gradient":""},"mobile":{"background-color":"var(--ast-global-color-5)","background-image":"","background-repeat":"repeat","background-position":"center center","background-size":"auto","background-attachment":"scroll","background-type":"","background-media":"","overlay-type":"","overlay-color":"","overlay-opacity":"","overlay-gradient":""}}},"product_brand":[],"product_cat":[191],"product_tag":[],"class_list":{"0":"post-23140","1":"product","2":"type-product","3":"status-publish","4":"has-post-thumbnail","6":"product_cat-water-repellent","7":"desktop-align-left","8":"tablet-align-left","9":"mobile-align-left","11":"first","12":"instock","13":"sale","14":"shipping-taxable","15":"purchasable","16":"product-type-variable","17":"has-default-attributes"},"spectra_custom_meta":{"_visibility":["visible"],"_shopify_product_id":["9106550259957"],"_s2w_shopify_domain":["ferberpainting.myshopify.com"],"_shopify_variant_id":["46626258321653"],"_sku":[""],"_manage_stock":["no"],"total_sales":["8"],"_tax_status":["taxable"],"_tax_class":[""],"_backorders":["no"],"_sold_individually":["no"],"_virtual":["no"],"_downloadable":["no"],"_download_limit":["-1"],"_download_expiry":["-1"],"_stock":[null],"_stock_status":["instock"],"_wc_average_rating":["5.00"],"_wc_review_count":["18"],"_product_attributes":["a:1:{s:6:\"volume\";a:6:{s:4:\"name\";s:6:\"Volume\";s:5:\"value\";s:20:\"5 liters | 25 liters\";s:8:\"position\";i:1;s:10:\"is_visible\";i:0;s:12:\"is_variation\";i:1;s:11:\"is_taxonomy\";i:0;}}"],"_product_version":["10.5.1"],"wpse_downloadable_file_names":[""],"wpse_downloadable_file_urls":[""],"_edit_last":["1"],"_default_attributes":["a:1:{s:6:\"volume\";s:8:\"5 liters\";}"],"_edit_lock":["1771158388:1"],"_price":["29.90","129.90"],"merchant-center-availability":["yes"],"merchant-center-category":["503744"],"_thumbnail_id":["36508"],"_wp_page_template":["default"],"_wp_old_date":["2025-05-26"],"_product_image_gallery":["36509"],"site-sidebar-layout":["default"],"ast-site-content-layout":["default"],"site-content-style":["default"],"site-sidebar-style":["default"],"theme-transparent-header-meta":["default"],"_wc_rating_count":["a:1:{i:5;i:18;}"],"astra-migrate-meta-layouts":["set"],"_uag_css_file_name":["uag-css-23140.css"],"_elementor_page_assets":["a:0:{}"],"_uag_page_assets":["a:9:{s:3:\"css\";s:6873:\".wp-block-uagb-image{display:flex}.wp-block-uagb-image__figure{position:relative;display:flex;flex-direction:column;max-width:100%;height:auto;margin:0}.wp-block-uagb-image__figure img{height:auto;display:flex;max-width:100%;transition:box-shadow .2s ease}.wp-block-uagb-image__figure>a{display:inline-block}.wp-block-uagb-image__figure figcaption{text-align:center;margin-top:.5em;margin-bottom:1em}.wp-block-uagb-image .components-placeholder.block-editor-media-placeholder .components-placeholder__instructions{align-self:center}.wp-block-uagb-image--align-left{text-align:left}.wp-block-uagb-image--align-right{text-align:right}.wp-block-uagb-image--align-center{text-align:center}.wp-block-uagb-image--align-full .wp-block-uagb-image__figure{margin-left:calc(50% - 50vw);margin-right:calc(50% - 50vw);max-width:100vw;width:100vw;height:auto}.wp-block-uagb-image--align-full .wp-block-uagb-image__figure img{height:auto;width:100% !important}.wp-block-uagb-image--align-wide .wp-block-uagb-image__figure img{height:auto;width:100%}.wp-block-uagb-image--layout-overlay__color-wrapper{position:absolute;left:0;top:0;right:0;bottom:0;opacity:.2;background:rgba(0,0,0,.5);transition:opacity .35s ease-in-out}.wp-block-uagb-image--layout-overlay-link{position:absolute;left:0;right:0;bottom:0;top:0}.wp-block-uagb-image--layout-overlay .wp-block-uagb-image__figure:hover .wp-block-uagb-image--layout-overlay__color-wrapper{opacity:1}.wp-block-uagb-image--layout-overlay__inner{position:absolute;left:15px;right:15px;bottom:15px;top:15px;display:flex;align-items:center;justify-content:center;flex-direction:column;border-color:#fff;transition:.35s ease-in-out}.wp-block-uagb-image--layout-overlay__inner.top-left,.wp-block-uagb-image--layout-overlay__inner.top-center,.wp-block-uagb-image--layout-overlay__inner.top-right{justify-content:flex-start}.wp-block-uagb-image--layout-overlay__inner.bottom-left,.wp-block-uagb-image--layout-overlay__inner.bottom-center,.wp-block-uagb-image--layout-overlay__inner.bottom-right{justify-content:flex-end}.wp-block-uagb-image--layout-overlay__inner.top-left,.wp-block-uagb-image--layout-overlay__inner.center-left,.wp-block-uagb-image--layout-overlay__inner.bottom-left{align-items:flex-start}.wp-block-uagb-image--layout-overlay__inner.top-right,.wp-block-uagb-image--layout-overlay__inner.center-right,.wp-block-uagb-image--layout-overlay__inner.bottom-right{align-items:flex-end}.wp-block-uagb-image--layout-overlay__inner .uagb-image-heading{color:#fff;transition:transform .35s,opacity .35s ease-in-out;transform:translate3d(0, 24px, 0);margin:0;line-height:1em}.wp-block-uagb-image--layout-overlay__inner .uagb-image-separator{width:30%;border-top-width:2px;border-top-color:#fff;border-top-style:solid;margin-bottom:10px;opacity:0;transition:transform .4s,opacity .4s ease-in-out;transform:translate3d(0, 30px, 0)}.wp-block-uagb-image--layout-overlay__inner .uagb-image-caption{opacity:0;overflow:visible;color:#fff;transition:transform .45s,opacity .45s ease-in-out;transform:translate3d(0, 35px, 0)}.wp-block-uagb-image--layout-overlay__inner:hover .uagb-image-heading,.wp-block-uagb-image--layout-overlay__inner:hover .uagb-image-separator,.wp-block-uagb-image--layout-overlay__inner:hover .uagb-image-caption{opacity:1;transform:translate3d(0, 0, 0)}.wp-block-uagb-image--effect-zoomin .wp-block-uagb-image__figure img,.wp-block-uagb-image--effect-zoomin .wp-block-uagb-image__figure .wp-block-uagb-image--layout-overlay__color-wrapper{transform:scale(1);transition:transform .35s ease-in-out}.wp-block-uagb-image--effect-zoomin .wp-block-uagb-image__figure:hover img,.wp-block-uagb-image--effect-zoomin .wp-block-uagb-image__figure:hover .wp-block-uagb-image--layout-overlay__color-wrapper{transform:scale(1.05)}.wp-block-uagb-image--effect-slide .wp-block-uagb-image__figure img,.wp-block-uagb-image--effect-slide .wp-block-uagb-image__figure .wp-block-uagb-image--layout-overlay__color-wrapper{width:calc(100% + 40px) !important;max-width:none !important;transform:translate3d(-40px, 0, 0);transition:transform .35s ease-in-out}.wp-block-uagb-image--effect-slide .wp-block-uagb-image__figure:hover img,.wp-block-uagb-image--effect-slide .wp-block-uagb-image__figure:hover .wp-block-uagb-image--layout-overlay__color-wrapper{transform:translate3d(0, 0, 0)}.wp-block-uagb-image--effect-grayscale img{filter:grayscale(0%);transition:.35s ease-in-out}.wp-block-uagb-image--effect-grayscale:hover img{filter:grayscale(100%)}.wp-block-uagb-image--effect-blur img{filter:blur(0);transition:.35s ease-in-out}.wp-block-uagb-image--effect-blur:hover img{filter:blur(3px)}.uagb-block-e6f939b3.wp-block-uagb-image--layout-default figure img{box-shadow: 0px 0px 0 #00000070;}.uagb-block-e6f939b3.wp-block-uagb-image .wp-block-uagb-image__figure figcaption{font-style: normal;align-self: center;}.uagb-block-e6f939b3.wp-block-uagb-image--layout-overlay figure img{box-shadow: 0px 0px 0 #00000070;}.uagb-block-e6f939b3.wp-block-uagb-image--layout-overlay .wp-block-uagb-image--layout-overlay__color-wrapper{opacity: 0.2;}.uagb-block-e6f939b3.wp-block-uagb-image--layout-overlay .wp-block-uagb-image--layout-overlay__inner{left: 15px;right: 15px;top: 15px;bottom: 15px;}.uagb-block-e6f939b3.wp-block-uagb-image--layout-overlay .wp-block-uagb-image--layout-overlay__inner .uagb-image-heading{font-style: normal;color: #fff;opacity: 1;}.uagb-block-e6f939b3.wp-block-uagb-image--layout-overlay .wp-block-uagb-image--layout-overlay__inner .uagb-image-heading a{color: #fff;}.uagb-block-e6f939b3.wp-block-uagb-image--layout-overlay .wp-block-uagb-image--layout-overlay__inner .uagb-image-caption{opacity: 0;}.uagb-block-e6f939b3.wp-block-uagb-image--layout-overlay .wp-block-uagb-image__figure:hover .wp-block-uagb-image--layout-overlay__color-wrapper{opacity: 1;}.uagb-block-e6f939b3.wp-block-uagb-image .wp-block-uagb-image--layout-overlay__inner .uagb-image-separator{width: 30%;border-top-width: 2px;border-top-color: #fff;opacity: 0;}.uagb-block-e6f939b3.wp-block-uagb-image .wp-block-uagb-image__figure img{width: px;height: auto;}.uagb-block-e6f939b3.wp-block-uagb-image .wp-block-uagb-image__figure:hover .wp-block-uagb-image--layout-overlay__inner .uagb-image-caption{opacity: 1;}.uagb-block-e6f939b3.wp-block-uagb-image .wp-block-uagb-image__figure:hover .wp-block-uagb-image--layout-overlay__inner .uagb-image-separator{opacity: 1;}.uagb-block-e6f939b3.wp-block-uagb-image--layout-default figure:hover img{box-shadow: 0px 0px 0 #00000070;}.uagb-block-e6f939b3.wp-block-uagb-image--layout-overlay figure:hover img{box-shadow: 0px 0px 0 #00000070;}@media only screen and (max-width: 976px) {.uagb-block-e6f939b3.wp-block-uagb-image .wp-block-uagb-image__figure img{width: px;height: auto;}}@media only screen and (max-width: 767px) {.uagb-block-e6f939b3.wp-block-uagb-image .wp-block-uagb-image__figure img{width: px;height: auto;}}\";s:2:\"js\";s:0:\"\";s:18:\"current_block_list\";a:13:{i:0;s:11:\"core\/search\";i:1;s:10:\"core\/group\";i:2;s:12:\"core\/heading\";i:3;s:17:\"core\/latest-posts\";i:4;s:20:\"core\/latest-comments\";i:5;s:13:\"core\/archives\";i:6;s:15:\"core\/categories\";i:7;s:14:\"core\/paragraph\";i:8;s:10:\"uagb\/image\";i:9;s:11:\"core\/spacer\";i:10;s:30:\"woocommerce\/product-categories\";i:11;s:10:\"core\/image\";i:12;s:14:\"core\/shortcode\";}s:8:\"uag_flag\";b:1;s:11:\"uag_version\";s:10:\"1777101418\";s:6:\"gfonts\";a:0:{}s:10:\"gfonts_url\";s:0:\"\";s:12:\"gfonts_files\";a:0:{}s:14:\"uag_faq_layout\";b:0;}"]},"uagb_featured_image_src":{"full":["https:\/\/www.ferberpainting.com\/wp-content\/uploads\/2025\/05\/Clay-Water-Repellent-5L.png",2560,2560,false],"thumbnail":["https:\/\/www.ferberpainting.com\/wp-content\/uploads\/2025\/05\/Clay-Water-Repellent-5L-150x150.png",150,150,true],"medium":["https:\/\/www.ferberpainting.com\/wp-content\/uploads\/2025\/05\/Clay-Water-Repellent-5L-300x300.png",300,300,true],"medium_large":["https:\/\/www.ferberpainting.com\/wp-content\/uploads\/2025\/05\/Clay-Water-Repellent-5L-768x768.png",768,768,true],"large":["https:\/\/www.ferberpainting.com\/wp-content\/uploads\/2025\/05\/Clay-Water-Repellent-5L-1024x1024.png",1024,1024,true],"1536x1536":["https:\/\/www.ferberpainting.com\/wp-content\/uploads\/2025\/05\/Clay-Water-Repellent-5L-1536x1536.png",1536,1536,true],"2048x2048":["https:\/\/www.ferberpainting.com\/wp-content\/uploads\/2025\/05\/Clay-Water-Repellent-5L-2048x2048.png",2048,2048,true],"trp-custom-language-flag":["https:\/\/www.ferberpainting.com\/wp-content\/uploads\/2025\/05\/Clay-Water-Repellent-5L-12x12.png",12,12,true],"woocommerce_thumbnail":["https:\/\/www.ferberpainting.com\/wp-content\/uploads\/2025\/05\/Clay-Water-Repellent-5L-300x300.png",300,300,true],"woocommerce_single":["https:\/\/www.ferberpainting.com\/wp-content\/uploads\/2025\/05\/Clay-Water-Repellent-5L-600x600.png",600,600,true],"woocommerce_gallery_thumbnail":["https:\/\/www.ferberpainting.com\/wp-content\/uploads\/2025\/05\/Clay-Water-Repellent-5L-100x100.png",100,100,true]},"uagb_author_info":{"display_name":"admin","author_link":"https:\/\/www.ferberpainting.com\/si\/author\/"},"uagb_comment_info":18,"uagb_excerpt":"Optimal Moisture Protection.\u00a0This clay waterproofer is specially formulated to create an effective hydrophobic barrier that prevents water and moisture from penetrating porous surfaces. It protects clay from water infiltration, liquid stains, and frost damage. When applied to decorative or functional clay objects, it ensures their durability and resistance to outdoor elements. Money-back guarantee.\u00a0We have full&hellip;","_links":{"self":[{"href":"https:\/\/www.ferberpainting.com\/si\/wp-json\/wp\/v2\/product\/23140","targetHints":{"allow":["GET"]}}],"collection":[{"href":"https:\/\/www.ferberpainting.com\/si\/wp-json\/wp\/v2\/product"}],"about":[{"href":"https:\/\/www.ferberpainting.com\/si\/wp-json\/wp\/v2\/types\/product"}],"replies":[{"embeddable":true,"href":"https:\/\/www.ferberpainting.com\/si\/wp-json\/wp\/v2\/comments?post=23140"}],"version-history":[{"count":5,"href":"https:\/\/www.ferberpainting.com\/si\/wp-json\/wp\/v2\/product\/23140\/revisions"}],"predecessor-version":[{"id":166068,"href":"https:\/\/www.ferberpainting.com\/si\/wp-json\/wp\/v2\/product\/23140\/revisions\/166068"}],"wp:featuredmedia":[{"embeddable":true,"href":"https:\/\/www.ferberpainting.com\/si\/wp-json\/wp\/v2\/media\/36508"}],"wp:attachment":[{"href":"https:\/\/www.ferberpainting.com\/si\/wp-json\/wp\/v2\/media?parent=23140"}],"wp:term":[{"taxonomy":"product_brand","embeddable":true,"href":"https:\/\/www.ferberpainting.com\/si\/wp-json\/wp\/v2\/product_brand?post=23140"},{"taxonomy":"product_cat","embeddable":true,"href":"https:\/\/www.ferberpainting.com\/si\/wp-json\/wp\/v2\/product_cat?post=23140"},{"taxonomy":"product_tag","embeddable":true,"href":"https:\/\/www.ferberpainting.com\/si\/wp-json\/wp\/v2\/product_tag?post=23140"}],"curies":[{"name":"wp","href":"https:\/\/api.w.org\/{rel}","templated":true}]}}