{"id":23086,"date":"2025-05-26T10:22:37","date_gmt":"2025-05-26T08:22:37","guid":{"rendered":"https:\/\/www.ferberpainting.com\/products\/basement-garage-waterproof-sealant\/"},"modified":"2026-02-24T17:55:19","modified_gmt":"2026-02-24T16:55:19","slug":"basement-garage-waterproof-sealant","status":"publish","type":"product","link":"https:\/\/www.ferberpainting.com\/si\/products\/basement-garage-waterproof-sealant\/","title":{"rendered":"Hidroizolacijski premaz za klet in gara\u017eo"},"content":{"rendered":"<p><img decoding=\"async\" style=\"margin-right: 12px;\" src=\"https:\/\/www.ferberpainting.com\/wp-content\/uploads\/2026\/02\/Check.svg\" alt=\"\" width=\"18\" height=\"15\" \/><strong>Trajno zaustavite pronicanje vode v kleteh in gara\u017eah.<\/strong> Na\u0161a vodotesna tesnilna masa za kleti in gara\u017ee je posebej oblikovana za prepre\u010devanje prodiranja vode skozi beton, zidove in temeljne povr\u0161ine. Ustvari neprekinjeno vodotesno pregrado, ki prepre\u010duje pronicanje vlage skozi stene in tla ter \u0161\u010diti va\u0161o nepremi\u010dnino pred pu\u0161\u010danjem, vlago in strukturnimi po\u0161kodbami. Ta tesnilna masa zagotavlja zanesljivo in dolgotrajno za\u0161\u010dito, ne glede na to, ali imate te\u017eave z manj\u0161im pronicanjem ali ponavljajo\u010dimi se te\u017eavami z vlago.<\/p>\n<p><strong><img decoding=\"async\" style=\"margin-right: 12px;\" src=\"https:\/\/www.ferberpainting.com\/wp-content\/uploads\/2026\/02\/Check.svg\" alt=\"\" width=\"18\" height=\"15\" \/>Naju\u010dinkovitej\u0161a razpolo\u017eljiva re\u0161itev za hidroizolacijo.<\/strong> Ta izdelek je zasnovan z napredno tehnologijo tesnjenja, prodre v porozne podlage in po strjevanju tvori mo\u010dno, vodoodporno membrano. Aktivno blokira kapilarno gibanje vode in se upira hidrostati\u010dnemu tlaku, zato je veliko u\u010dinkovitej\u0161i od standardnih povr\u0161inskih premazov ali za\u010dasnih ovir proti vlagi. Rezultat je trajna hidroizolacija na strukturni ravni.<\/p>\n<p><strong><img decoding=\"async\" style=\"margin-right: 12px;\" src=\"https:\/\/www.ferberpainting.com\/wp-content\/uploads\/2026\/02\/Check.svg\" alt=\"\" width=\"18\" height=\"15\" \/>Garancija vra\u010dila denarja za popolno zaupanje.<\/strong> Stojimo za kakovostjo in zmogljivostjo na\u0161e vodotesne tesnilne mase. \u010ce z rezultati niste popolnoma zadovoljni, vam v celoti povrnemo denar. Na\u0161e jamstvo za vra\u010dilo denarja zagotavlja, da je va\u0161 nakup popolnoma brez tveganja, in odra\u017ea na\u0161o samozavest pri zagotavljanju profesionalne za\u0161\u010dite.<\/p>\n<p><strong><img decoding=\"async\" style=\"margin-right: 12px;\" src=\"https:\/\/www.ferberpainting.com\/wp-content\/uploads\/2026\/02\/Check.svg\" alt=\"\" width=\"18\" height=\"15\" \/>Najcenej\u0161a profesionalna re\u0161itev za hidroizolacijo kleti na trgu.<\/strong> Za hidroizolacijo ni treba vklju\u010devati dragih izvajalcev ali zapletenih sistemov. Na\u0161a tesnilna masa ponuja visoko zmogljivo za\u0161\u010dito po najbolj konkuren\u010dni ceni. Zagotavlja izjemno vrednost v primerjavi z dragimi namestitvami membran ali ponavljajo\u010dimi se popravili.<\/p>\n<p><strong><img decoding=\"async\" style=\"margin-right: 12px;\" src=\"https:\/\/www.ferberpainting.com\/wp-content\/uploads\/2026\/02\/Check.svg\" alt=\"\" width=\"18\" height=\"15\" \/>Hitra 24-urna dostava za nujne te\u017eave z vlago.<\/strong> Vdor vode lahko hitro povzro\u010di nastanek plesni, oslabitev strukture in materialno \u0161kodo. Zato zagotavljamo zanesljivo 24-urno dostavo, ki vam omogo\u010da takoj\u0161nje re\u0161evanje te\u017eav z vlago in prepre\u010devanje nadaljnjega propadanja.<\/p>\n<p><strong><img decoding=\"async\" style=\"margin-right: 12px;\" src=\"https:\/\/www.ferberpainting.com\/wp-content\/uploads\/2026\/02\/Check.svg\" alt=\"\" width=\"18\" height=\"15\" \/>Kontroliran odmerek 10 kg na m\u00b2 za optimalno pokritost.<\/strong> Priporo\u010dena poraba 1 kilogram na kvadratni meter zagotavlja enakomerno debelino in u\u010dinkovito hidroizolacijo. Natan\u010dno odmerjanje omogo\u010da natan\u010dno na\u010drtovanje projekta in zagotavlja enakomerno za\u0161\u010ditno pregrado na obdelanih povr\u0161inah.<\/p>\n<p><strong><img decoding=\"async\" style=\"margin-right: 12px;\" src=\"https:\/\/www.ferberpainting.com\/wp-content\/uploads\/2026\/02\/Check.svg\" alt=\"\" width=\"18\" height=\"15\" \/>Ustvari brez\u0161ivno vodotesno membrano.<\/strong> Po nanosu in strjevanju tesnilna masa tvori neprekinjeno plast brez stikov ali \u0161ibkih to\u010dk. Ta brez\u0161ivna pregrada prepre\u010duje migracijo vode skozi razpoke, pore in povr\u0161inske nepravilnosti ter znatno zmanj\u0161a tveganje pu\u0161\u010danja in vla\u017enih mest.<\/p>\n<p><strong><img decoding=\"async\" style=\"margin-right: 12px;\" src=\"https:\/\/www.ferberpainting.com\/wp-content\/uploads\/2026\/02\/Check.svg\" alt=\"\" width=\"18\" height=\"15\" \/>Primerno za betonske, zidne in temeljne povr\u0161ine.<\/strong> Ta vodoodporna tesnilna masa se mo\u010dno oprime betonskih sten, cementnih tal, opeke in temeljev. Idealen je za kleti, gara\u017ee, kleti, skladi\u0161\u010da, oporne zidove in druge konstrukcije pod tlemi, ki so izpostavljene vlagi.<\/p>\n<p><strong><img decoding=\"async\" style=\"margin-right: 12px;\" src=\"https:\/\/www.ferberpainting.com\/wp-content\/uploads\/2026\/02\/Check.svg\" alt=\"\" width=\"18\" height=\"15\" \/>Izbolj\u0161a vzdr\u017eljivost in trajnost konstrukcije.<\/strong> Tesnilna masa prepre\u010duje prodiranje vode, s \u010dimer \u0161\u010diti armaturno jeklo pred korozijo in zmanj\u0161uje po\u0161kodbe zaradi zmrzovanja in odtajanja v hladnem podnebju. To pomaga podalj\u0161ati \u017eivljenjsko dobo va\u0161e gradbene konstrukcije in zmanj\u0161uje stro\u0161ke prihodnjih popravil.<\/p>\n<p><strong><img decoding=\"async\" style=\"margin-right: 12px;\" src=\"https:\/\/www.ferberpainting.com\/wp-content\/uploads\/2026\/02\/Check.svg\" alt=\"\" width=\"18\" height=\"15\" \/>Enostavna uporaba za strokovnjake in lastnike stanovanj.<\/strong> Tesnilno maso, ki je zasnovana za enostavno uporabo, lahko nanesete s \u010dopi\u010dem, valj\u010dkom ali gladilko, odvisno od vrste povr\u0161ine. Njegova uporabna konsistenca omogo\u010da enakomerno nana\u0161anje in mo\u010dan oprijem ter zagotavlja hidroizolacijo profesionalne kakovosti brez specializirane opreme.<\/p>\n<h2><strong>Navodila<\/strong><\/h2>\n<ul>\n<li>Pred nanosom se prepri\u010dajte, da je povr\u0161ina \u010dista, trdna in brez prahu, ma\u0161\u010dob, delcev, ostankov barve ali prej\u0161njih nestabilnih premazov.<\/li>\n<li>Pred nanosom tesnilne mase popravite ve\u010dje razpoke ali strukturne napake, da zagotovite stabilno podlago.<\/li>\n<li>Zelo porozne povr\u0161ine rahlo navla\u017eite s \u010disto vodo, vendar ne pu\u0161\u010dajte stoje\u010de vode.<\/li>\n<li>Po potrebi izdelek pred nanosom temeljito preme\u0161ajte, da dose\u017eete enakomerno konsistenco.<\/li>\n<li>Tesnilno maso enakomerno nanesite s \u010dopi\u010dem, valj\u010dkom ali gladilko.<\/li>\n<li>Upo\u0161tevajte priporo\u010deni odmerek pribli\u017eno 10 kg na kvadratni meter, da zagotovite ustrezno debelino membrane in hidroizolacijo.<\/li>\n<li>Izdelek enakomerno razporedite, da ustvarite neprekinjen, brezhiben premaz po celotni povr\u0161ini.<\/li>\n<li>Za bolj\u0161o za\u0161\u010dito nanesite drugi sloj po tem, ko se prvi sloj strdi, zlasti na obmo\u010djih, ki so izpostavljena ve\u010djemu pritisku vlage.<\/li>\n<li>Preden obdelano povr\u0161ino izpostavite vodi ali intenzivni uporabi, po\u010dakajte dovolj \u010dasa za strjevanje glede na okoljske razmere.<\/li>\n<li>Izogibajte se uporabi med mo\u010dnim de\u017ejem, temperaturami pod ledi\u0161\u010dem ali izjemno vro\u010dino, da zagotovite ustrezen oprijem in strjevanje.<\/li>\n<li>Orodje takoj po uporabi o\u010distite z vodo ali ustreznimi \u010distilnimi sredstvi in izdelek shranite v hladnem in suhem prostoru s tesno zaprto posodo.<\/li>\n<\/ul>\n<p>&nbsp;<\/p>","protected":false},"excerpt":{"rendered":"<p>Stop water infiltration permanently in basements and garages. Our basement and garage waterproof sealant is specially formulated to block water penetration through concrete, masonry, and foundation surfaces. It creates a continuous waterproof barrier that prevents moisture from seeping through walls and floors, protecting your property from leaks, dampness, and structural damage. Whether you are dealing [&hellip;]<\/p>\n","protected":false},"featured_media":164723,"comment_status":"open","ping_status":"closed","template":"","meta":{"_uag_custom_page_level_css":"","site-sidebar-layout":"default","site-content-layout":"","ast-site-content-layout":"default","site-content-style":"default","site-sidebar-style":"default","ast-global-header-display":"","ast-banner-title-visibility":"","ast-main-header-display":"","ast-hfb-above-header-display":"","ast-hfb-below-header-display":"","ast-hfb-mobile-header-display":"","site-post-title":"","ast-breadcrumbs-content":"","ast-featured-img":"","footer-sml-layout":"","ast-disable-related-posts":"","theme-transparent-header-meta":"default","adv-header-id-meta":"","stick-header-meta":"","header-above-stick-meta":"","header-main-stick-meta":"","header-below-stick-meta":"","astra-migrate-meta-layouts":"set","ast-page-background-enabled":"default","ast-page-background-meta":{"desktop":{"background-color":"var(--ast-global-color-4)","background-image":"","background-repeat":"repeat","background-position":"center center","background-size":"auto","background-attachment":"scroll","background-type":"","background-media":"","overlay-type":"","overlay-color":"","overlay-opacity":"","overlay-gradient":""},"tablet":{"background-color":"","background-image":"","background-repeat":"repeat","background-position":"center center","background-size":"auto","background-attachment":"scroll","background-type":"","background-media":"","overlay-type":"","overlay-color":"","overlay-opacity":"","overlay-gradient":""},"mobile":{"background-color":"","background-image":"","background-repeat":"repeat","background-position":"center center","background-size":"auto","background-attachment":"scroll","background-type":"","background-media":"","overlay-type":"","overlay-color":"","overlay-opacity":"","overlay-gradient":""}},"ast-content-background-meta":{"desktop":{"background-color":"var(--ast-global-color-5)","background-image":"","background-repeat":"repeat","background-position":"center center","background-size":"auto","background-attachment":"scroll","background-type":"","background-media":"","overlay-type":"","overlay-color":"","overlay-opacity":"","overlay-gradient":""},"tablet":{"background-color":"var(--ast-global-color-5)","background-image":"","background-repeat":"repeat","background-position":"center center","background-size":"auto","background-attachment":"scroll","background-type":"","background-media":"","overlay-type":"","overlay-color":"","overlay-opacity":"","overlay-gradient":""},"mobile":{"background-color":"var(--ast-global-color-5)","background-image":"","background-repeat":"repeat","background-position":"center center","background-size":"auto","background-attachment":"scroll","background-type":"","background-media":"","overlay-type":"","overlay-color":"","overlay-opacity":"","overlay-gradient":""}}},"product_brand":[],"product_cat":[192],"product_tag":[],"class_list":{"0":"post-23086","1":"product","2":"type-product","3":"status-publish","4":"has-post-thumbnail","6":"product_cat-waterproof-sealant","7":"desktop-align-left","8":"tablet-align-left","9":"mobile-align-left","11":"first","12":"instock","13":"sale","14":"shipping-taxable","15":"purchasable","16":"product-type-variable","17":"has-default-attributes"},"spectra_custom_meta":{"_visibility":["visible"],"_shopify_product_id":["7947346313461"],"_s2w_shopify_domain":["ferberpainting.myshopify.com"],"_shopify_variant_id":["43490357018869"],"_manage_stock":["no"],"total_sales":["19"],"_tax_status":["taxable"],"_tax_class":[""],"_backorders":["no"],"_sold_individually":["no"],"_virtual":["no"],"_downloadable":["no"],"_download_limit":["-1"],"_download_expiry":["-1"],"_stock":[null],"_stock_status":["instock"],"_wc_average_rating":["4.82"],"_wc_review_count":["65"],"_product_attributes":["a:1:{s:6:\"volume\";a:6:{s:4:\"name\";s:6:\"Volume\";s:5:\"value\";s:13:\"10 kg | 40 kg\";s:8:\"position\";i:1;s:10:\"is_visible\";i:0;s:12:\"is_variation\";i:1;s:11:\"is_taxonomy\";i:0;}}"],"_product_version":["10.5.2"],"_thumbnail_id":["164723"],"_edit_lock":["1771952028:1"],"_default_attributes":["a:1:{s:6:\"volume\";s:5:\"10 kg\";}"],"merchant-center-availability":["yes"],"merchant-center-category":["503744"],"merchant-center-id":["BGWS"],"_edit_last":["1"],"_wp_page_template":["default"],"site-sidebar-layout":["default"],"ast-site-content-layout":["default"],"site-content-style":["default"],"site-sidebar-style":["default"],"theme-transparent-header-meta":["default"],"_wc_rating_count":["a:2:{i:4;i:12;i:5;i:53;}"],"_product_image_gallery":["164724"],"_price":["49.90","129.90"],"_sku":["FPBASEMENTGARAGEWATERPROOFSEALANT"],"astra-migrate-meta-layouts":["set"],"_uag_css_file_name":["uag-css-23086.css"],"_elementor_page_assets":["a:0:{}"],"_uag_page_assets":["a:9:{s:3:\"css\";s:6873:\".wp-block-uagb-image{display:flex}.wp-block-uagb-image__figure{position:relative;display:flex;flex-direction:column;max-width:100%;height:auto;margin:0}.wp-block-uagb-image__figure img{height:auto;display:flex;max-width:100%;transition:box-shadow .2s ease}.wp-block-uagb-image__figure>a{display:inline-block}.wp-block-uagb-image__figure figcaption{text-align:center;margin-top:.5em;margin-bottom:1em}.wp-block-uagb-image .components-placeholder.block-editor-media-placeholder .components-placeholder__instructions{align-self:center}.wp-block-uagb-image--align-left{text-align:left}.wp-block-uagb-image--align-right{text-align:right}.wp-block-uagb-image--align-center{text-align:center}.wp-block-uagb-image--align-full .wp-block-uagb-image__figure{margin-left:calc(50% - 50vw);margin-right:calc(50% - 50vw);max-width:100vw;width:100vw;height:auto}.wp-block-uagb-image--align-full .wp-block-uagb-image__figure img{height:auto;width:100% !important}.wp-block-uagb-image--align-wide .wp-block-uagb-image__figure img{height:auto;width:100%}.wp-block-uagb-image--layout-overlay__color-wrapper{position:absolute;left:0;top:0;right:0;bottom:0;opacity:.2;background:rgba(0,0,0,.5);transition:opacity .35s ease-in-out}.wp-block-uagb-image--layout-overlay-link{position:absolute;left:0;right:0;bottom:0;top:0}.wp-block-uagb-image--layout-overlay .wp-block-uagb-image__figure:hover .wp-block-uagb-image--layout-overlay__color-wrapper{opacity:1}.wp-block-uagb-image--layout-overlay__inner{position:absolute;left:15px;right:15px;bottom:15px;top:15px;display:flex;align-items:center;justify-content:center;flex-direction:column;border-color:#fff;transition:.35s ease-in-out}.wp-block-uagb-image--layout-overlay__inner.top-left,.wp-block-uagb-image--layout-overlay__inner.top-center,.wp-block-uagb-image--layout-overlay__inner.top-right{justify-content:flex-start}.wp-block-uagb-image--layout-overlay__inner.bottom-left,.wp-block-uagb-image--layout-overlay__inner.bottom-center,.wp-block-uagb-image--layout-overlay__inner.bottom-right{justify-content:flex-end}.wp-block-uagb-image--layout-overlay__inner.top-left,.wp-block-uagb-image--layout-overlay__inner.center-left,.wp-block-uagb-image--layout-overlay__inner.bottom-left{align-items:flex-start}.wp-block-uagb-image--layout-overlay__inner.top-right,.wp-block-uagb-image--layout-overlay__inner.center-right,.wp-block-uagb-image--layout-overlay__inner.bottom-right{align-items:flex-end}.wp-block-uagb-image--layout-overlay__inner .uagb-image-heading{color:#fff;transition:transform .35s,opacity .35s ease-in-out;transform:translate3d(0, 24px, 0);margin:0;line-height:1em}.wp-block-uagb-image--layout-overlay__inner .uagb-image-separator{width:30%;border-top-width:2px;border-top-color:#fff;border-top-style:solid;margin-bottom:10px;opacity:0;transition:transform .4s,opacity .4s ease-in-out;transform:translate3d(0, 30px, 0)}.wp-block-uagb-image--layout-overlay__inner .uagb-image-caption{opacity:0;overflow:visible;color:#fff;transition:transform .45s,opacity .45s ease-in-out;transform:translate3d(0, 35px, 0)}.wp-block-uagb-image--layout-overlay__inner:hover .uagb-image-heading,.wp-block-uagb-image--layout-overlay__inner:hover .uagb-image-separator,.wp-block-uagb-image--layout-overlay__inner:hover .uagb-image-caption{opacity:1;transform:translate3d(0, 0, 0)}.wp-block-uagb-image--effect-zoomin .wp-block-uagb-image__figure img,.wp-block-uagb-image--effect-zoomin .wp-block-uagb-image__figure .wp-block-uagb-image--layout-overlay__color-wrapper{transform:scale(1);transition:transform .35s ease-in-out}.wp-block-uagb-image--effect-zoomin .wp-block-uagb-image__figure:hover img,.wp-block-uagb-image--effect-zoomin .wp-block-uagb-image__figure:hover .wp-block-uagb-image--layout-overlay__color-wrapper{transform:scale(1.05)}.wp-block-uagb-image--effect-slide .wp-block-uagb-image__figure img,.wp-block-uagb-image--effect-slide .wp-block-uagb-image__figure .wp-block-uagb-image--layout-overlay__color-wrapper{width:calc(100% + 40px) !important;max-width:none !important;transform:translate3d(-40px, 0, 0);transition:transform .35s ease-in-out}.wp-block-uagb-image--effect-slide .wp-block-uagb-image__figure:hover img,.wp-block-uagb-image--effect-slide .wp-block-uagb-image__figure:hover .wp-block-uagb-image--layout-overlay__color-wrapper{transform:translate3d(0, 0, 0)}.wp-block-uagb-image--effect-grayscale img{filter:grayscale(0%);transition:.35s ease-in-out}.wp-block-uagb-image--effect-grayscale:hover img{filter:grayscale(100%)}.wp-block-uagb-image--effect-blur img{filter:blur(0);transition:.35s ease-in-out}.wp-block-uagb-image--effect-blur:hover img{filter:blur(3px)}.uagb-block-e6f939b3.wp-block-uagb-image--layout-default figure img{box-shadow: 0px 0px 0 #00000070;}.uagb-block-e6f939b3.wp-block-uagb-image .wp-block-uagb-image__figure figcaption{font-style: normal;align-self: center;}.uagb-block-e6f939b3.wp-block-uagb-image--layout-overlay figure img{box-shadow: 0px 0px 0 #00000070;}.uagb-block-e6f939b3.wp-block-uagb-image--layout-overlay .wp-block-uagb-image--layout-overlay__color-wrapper{opacity: 0.2;}.uagb-block-e6f939b3.wp-block-uagb-image--layout-overlay .wp-block-uagb-image--layout-overlay__inner{left: 15px;right: 15px;top: 15px;bottom: 15px;}.uagb-block-e6f939b3.wp-block-uagb-image--layout-overlay .wp-block-uagb-image--layout-overlay__inner .uagb-image-heading{font-style: normal;color: #fff;opacity: 1;}.uagb-block-e6f939b3.wp-block-uagb-image--layout-overlay .wp-block-uagb-image--layout-overlay__inner .uagb-image-heading a{color: #fff;}.uagb-block-e6f939b3.wp-block-uagb-image--layout-overlay .wp-block-uagb-image--layout-overlay__inner .uagb-image-caption{opacity: 0;}.uagb-block-e6f939b3.wp-block-uagb-image--layout-overlay .wp-block-uagb-image__figure:hover .wp-block-uagb-image--layout-overlay__color-wrapper{opacity: 1;}.uagb-block-e6f939b3.wp-block-uagb-image .wp-block-uagb-image--layout-overlay__inner .uagb-image-separator{width: 30%;border-top-width: 2px;border-top-color: #fff;opacity: 0;}.uagb-block-e6f939b3.wp-block-uagb-image .wp-block-uagb-image__figure img{width: px;height: auto;}.uagb-block-e6f939b3.wp-block-uagb-image .wp-block-uagb-image__figure:hover .wp-block-uagb-image--layout-overlay__inner .uagb-image-caption{opacity: 1;}.uagb-block-e6f939b3.wp-block-uagb-image .wp-block-uagb-image__figure:hover .wp-block-uagb-image--layout-overlay__inner .uagb-image-separator{opacity: 1;}.uagb-block-e6f939b3.wp-block-uagb-image--layout-default figure:hover img{box-shadow: 0px 0px 0 #00000070;}.uagb-block-e6f939b3.wp-block-uagb-image--layout-overlay figure:hover img{box-shadow: 0px 0px 0 #00000070;}@media only screen and (max-width: 976px) {.uagb-block-e6f939b3.wp-block-uagb-image .wp-block-uagb-image__figure img{width: px;height: auto;}}@media only screen and (max-width: 767px) {.uagb-block-e6f939b3.wp-block-uagb-image .wp-block-uagb-image__figure img{width: px;height: auto;}}\";s:2:\"js\";s:0:\"\";s:18:\"current_block_list\";a:13:{i:0;s:11:\"core\/search\";i:1;s:10:\"core\/group\";i:2;s:12:\"core\/heading\";i:3;s:17:\"core\/latest-posts\";i:4;s:20:\"core\/latest-comments\";i:5;s:13:\"core\/archives\";i:6;s:15:\"core\/categories\";i:7;s:14:\"core\/paragraph\";i:8;s:10:\"uagb\/image\";i:9;s:11:\"core\/spacer\";i:10;s:30:\"woocommerce\/product-categories\";i:11;s:10:\"core\/image\";i:12;s:14:\"core\/shortcode\";}s:8:\"uag_flag\";b:1;s:11:\"uag_version\";s:10:\"1777037274\";s:6:\"gfonts\";a:0:{}s:10:\"gfonts_url\";s:0:\"\";s:12:\"gfonts_files\";a:0:{}s:14:\"uag_faq_layout\";b:0;}"]},"uagb_featured_image_src":{"full":["https:\/\/www.ferberpainting.com\/wp-content\/uploads\/2025\/05\/Basement-Waterproof-Sealant-10-KG-mockups.png",2560,2560,false],"thumbnail":["https:\/\/www.ferberpainting.com\/wp-content\/uploads\/2025\/05\/Basement-Waterproof-Sealant-10-KG-mockups-150x150.png",150,150,true],"medium":["https:\/\/www.ferberpainting.com\/wp-content\/uploads\/2025\/05\/Basement-Waterproof-Sealant-10-KG-mockups-300x300.png",300,300,true],"medium_large":["https:\/\/www.ferberpainting.com\/wp-content\/uploads\/2025\/05\/Basement-Waterproof-Sealant-10-KG-mockups-768x768.png",768,768,true],"large":["https:\/\/www.ferberpainting.com\/wp-content\/uploads\/2025\/05\/Basement-Waterproof-Sealant-10-KG-mockups-1024x1024.png",1024,1024,true],"1536x1536":["https:\/\/www.ferberpainting.com\/wp-content\/uploads\/2025\/05\/Basement-Waterproof-Sealant-10-KG-mockups-1536x1536.png",1536,1536,true],"2048x2048":["https:\/\/www.ferberpainting.com\/wp-content\/uploads\/2025\/05\/Basement-Waterproof-Sealant-10-KG-mockups-2048x2048.png",2048,2048,true],"trp-custom-language-flag":["https:\/\/www.ferberpainting.com\/wp-content\/uploads\/2025\/05\/Basement-Waterproof-Sealant-10-KG-mockups-12x12.png",12,12,true],"woocommerce_thumbnail":["https:\/\/www.ferberpainting.com\/wp-content\/uploads\/2025\/05\/Basement-Waterproof-Sealant-10-KG-mockups-300x300.png",300,300,true],"woocommerce_single":["https:\/\/www.ferberpainting.com\/wp-content\/uploads\/2025\/05\/Basement-Waterproof-Sealant-10-KG-mockups-600x600.png",600,600,true],"woocommerce_gallery_thumbnail":["https:\/\/www.ferberpainting.com\/wp-content\/uploads\/2025\/05\/Basement-Waterproof-Sealant-10-KG-mockups-100x100.png",100,100,true]},"uagb_author_info":{"display_name":"admin","author_link":"https:\/\/www.ferberpainting.com\/si\/author\/"},"uagb_comment_info":65,"uagb_excerpt":"Stop water infiltration permanently in basements and garages. Our basement and garage waterproof sealant is specially formulated to block water penetration through concrete, masonry, and foundation surfaces. It creates a continuous waterproof barrier that prevents moisture from seeping through walls and floors, protecting your property from leaks, dampness, and structural damage. Whether you are dealing&hellip;","_links":{"self":[{"href":"https:\/\/www.ferberpainting.com\/si\/wp-json\/wp\/v2\/product\/23086","targetHints":{"allow":["GET"]}}],"collection":[{"href":"https:\/\/www.ferberpainting.com\/si\/wp-json\/wp\/v2\/product"}],"about":[{"href":"https:\/\/www.ferberpainting.com\/si\/wp-json\/wp\/v2\/types\/product"}],"replies":[{"embeddable":true,"href":"https:\/\/www.ferberpainting.com\/si\/wp-json\/wp\/v2\/comments?post=23086"}],"version-history":[{"count":6,"href":"https:\/\/www.ferberpainting.com\/si\/wp-json\/wp\/v2\/product\/23086\/revisions"}],"predecessor-version":[{"id":166036,"href":"https:\/\/www.ferberpainting.com\/si\/wp-json\/wp\/v2\/product\/23086\/revisions\/166036"}],"wp:featuredmedia":[{"embeddable":true,"href":"https:\/\/www.ferberpainting.com\/si\/wp-json\/wp\/v2\/media\/164723"}],"wp:attachment":[{"href":"https:\/\/www.ferberpainting.com\/si\/wp-json\/wp\/v2\/media?parent=23086"}],"wp:term":[{"taxonomy":"product_brand","embeddable":true,"href":"https:\/\/www.ferberpainting.com\/si\/wp-json\/wp\/v2\/product_brand?post=23086"},{"taxonomy":"product_cat","embeddable":true,"href":"https:\/\/www.ferberpainting.com\/si\/wp-json\/wp\/v2\/product_cat?post=23086"},{"taxonomy":"product_tag","embeddable":true,"href":"https:\/\/www.ferberpainting.com\/si\/wp-json\/wp\/v2\/product_tag?post=23086"}],"curies":[{"name":"wp","href":"https:\/\/api.w.org\/{rel}","templated":true}]}}