{"id":25678,"date":"2025-06-30T17:12:54","date_gmt":"2025-06-30T15:12:54","guid":{"rendered":"https:\/\/www.ferberpainting.com\/?post_type=product&#038;p=25678"},"modified":"2026-02-18T10:02:57","modified_gmt":"2026-02-18T09:02:57","slug":"wood-stove-chimney-and-fireplace-glass-cleaner","status":"publish","type":"product","link":"https:\/\/www.ferberpainting.com\/se\/products\/wood-stove-chimney-and-fireplace-glass-cleaner\/","title":{"rendered":"Reng\u00f6ringsmedel f\u00f6r glas i insatskaminer, vedugnar och \u00f6ppna spisar"},"content":{"rendered":"<p><strong><img decoding=\"async\" style=\"margin-right: 12px;\" src=\"https:\/\/www.ferberpainting.com\/wp-content\/uploads\/2026\/02\/Check.svg\" alt=\"\" width=\"18\" height=\"15\" \/>Avl\u00e4gsnar envis sot, r\u00f6krester och inbr\u00e4nda fl\u00e4ckar med kraftfull precision.<\/strong> V\u00e5r glasreng\u00f6ring f\u00f6r vedspisar, skorstenar och \u00f6ppna spisar \u00e4r speciellt framtagen f\u00f6r att l\u00f6sa upp och avl\u00e4gsna tunga kolavlagringar, svart sot, tj\u00e4ra och r\u00f6kfilm som ansamlas p\u00e5 glasytor som uts\u00e4tts f\u00f6r h\u00f6ga temperaturer. Med tiden blir glaset i eldst\u00e4der och kaminer m\u00f6rkare och grumligare p\u00e5 grund av f\u00f6rbr\u00e4nningsrester. Denna avancerade reng\u00f6ringsformel tr\u00e4nger in och bryter snabbt ner h\u00e4rdade avlagringar, \u00e5terst\u00e4ller klarheten och g\u00f6r att du kan njuta fullt ut av v\u00e4rmen och atmosf\u00e4ren fr\u00e5n din eld igen.<\/p>\n<p><strong><img decoding=\"async\" style=\"margin-right: 12px;\" src=\"https:\/\/www.ferberpainting.com\/wp-content\/uploads\/2026\/02\/Check.svg\" alt=\"\" width=\"18\" height=\"15\" \/>Vi erbjuder en pengarna-tillbaka-garanti f\u00f6r fullst\u00e4ndig tillfredsst\u00e4llelse.<\/strong> Vi \u00e4r helt \u00f6vertygade om att v\u00e5r glasreng\u00f6ring \u00e4r effektiv. Om du inte \u00e4r helt n\u00f6jd med resultatet \u00e5terbetalar vi ditt k\u00f6p. Med denna pengarna-tillbaka-garanti kan du reng\u00f6ra glaset p\u00e5 din kamin eller \u00f6ppna spis med total sinnesfrid, eftersom du vet att din investering \u00e4r skyddad.<\/p>\n<p><strong><img decoding=\"async\" style=\"margin-right: 12px;\" src=\"https:\/\/www.ferberpainting.com\/wp-content\/uploads\/2026\/02\/Check.svg\" alt=\"\" width=\"18\" height=\"15\" \/>Marknadens mest effektiva reng\u00f6ringsmedel f\u00f6r glas till eldst\u00e4der och kaminer.<\/strong> V\u00e5r h\u00f6gpresterande formula \u00e4r speciellt framtagen f\u00f6r v\u00e4rmebest\u00e4ndiga glasytor som uts\u00e4tts f\u00f6r intensiva f\u00f6rbr\u00e4nningsbiprodukter. Till skillnad fr\u00e5n vanliga hush\u00e5llsreng\u00f6ringsmedel riktar den in sig p\u00e5 den kemiska sammans\u00e4ttningen av sot och tj\u00e4ra, vilket s\u00e4kerst\u00e4ller snabb uppl\u00f6sning och enklare borttagning. Den ger \u00f6verl\u00e4gsen reng\u00f6ringseffekt j\u00e4mf\u00f6rt med konventionella glassprayer, vilket g\u00f6r den till den mest effektiva l\u00f6sningen f\u00f6r att \u00e5terst\u00e4lla kristallklar sikt.<\/p>\n<p><strong><img decoding=\"async\" style=\"margin-right: 12px;\" src=\"https:\/\/www.ferberpainting.com\/wp-content\/uploads\/2026\/02\/Check.svg\" alt=\"\" width=\"18\" height=\"15\" \/>Den billigaste reng\u00f6ringsmedlet f\u00f6r eldstadsglas i professionell kvalitet p\u00e5 marknaden.<\/strong> Premium reng\u00f6ringsprestanda beh\u00f6ver inte vara dyrt. Vi erbjuder de mest konkurrenskraftiga priserna samtidigt som vi uppr\u00e4tth\u00e5ller h\u00f6ga kvalitetsstandarder. Genom att optimera produktionen och logistiken kan vi erbjuda ett reng\u00f6ringsmedel med professionell styrka till det l\u00e4gsta priset j\u00e4mf\u00f6rt med liknande produkter, vilket ger ett utm\u00e4rkt v\u00e4rde f\u00f6r b\u00e5de hus\u00e4gare och yrkesverksamma.<\/p>\n<p><strong><img decoding=\"async\" style=\"margin-right: 12px;\" src=\"https:\/\/www.ferberpainting.com\/wp-content\/uploads\/2026\/02\/Check.svg\" alt=\"\" width=\"18\" height=\"15\" \/>Garanterad leverans dygnet runt f\u00f6r omedelbara reng\u00f6ringsbehov.<\/strong> N\u00e4r glaset i din kamin eller \u00f6ppna spis blir kraftigt nedsmutsat kan en snabb reng\u00f6ring \u00e5terst\u00e4lla b\u00e5de utseende och njutning. Det \u00e4r d\u00e4rf\u00f6r vi erbjuder p\u00e5litlig 24-timmarsleverans, vilket s\u00e4kerst\u00e4ller att din reng\u00f6ringsmedel kommer fram snabbt och \u00e4r redo att anv\u00e4ndas utan dr\u00f6jsm\u00e5l.<\/p>\n<p><strong><img decoding=\"async\" style=\"margin-right: 12px;\" src=\"https:\/\/www.ferberpainting.com\/wp-content\/uploads\/2026\/02\/Check.svg\" alt=\"\" width=\"18\" height=\"15\" \/>H\u00f6gkoncentrerad formula f\u00f6r ekonomisk anv\u00e4ndning.<\/strong> En liten m\u00e4ngd produkt behandlar effektivt stora glasytor. Den koncentrerade formulan s\u00e4kerst\u00e4ller minimal produktanv\u00e4ndning per reng\u00f6ringssession, vilket ger utm\u00e4rkt kostnadseffektivitet samtidigt som den kraftfulla reng\u00f6ringsprestandan bibeh\u00e5lls.<\/p>\n<p><strong><img decoding=\"async\" style=\"margin-right: 12px;\" src=\"https:\/\/www.ferberpainting.com\/wp-content\/uploads\/2026\/02\/Check.svg\" alt=\"\" width=\"18\" height=\"15\" \/>\u00c5terst\u00e4ller full transparens och f\u00f6rb\u00e4ttrar synligheten f\u00f6r brand.<\/strong> Genom att eliminera m\u00f6rka fl\u00e4ckar och r\u00f6kdimma \u00e5terst\u00e4ller reng\u00f6ringsmedlet den naturliga transparensen i v\u00e4rmebest\u00e4ndigt glas. Det g\u00f6r din eldstad eller braskamin mer tilltalande och f\u00f6rb\u00e4ttrar den allm\u00e4nna atmosf\u00e4ren i ditt vardagsrum.<\/p>\n<p><strong><img decoding=\"async\" style=\"margin-right: 12px;\" src=\"https:\/\/www.ferberpainting.com\/wp-content\/uploads\/2026\/02\/Check.svg\" alt=\"\" width=\"18\" height=\"15\" \/>S\u00e4ker f\u00f6r v\u00e4rmebest\u00e4ndig keramik och h\u00e4rdat glas.<\/strong> Formulan \u00e4r speciellt utvecklad f\u00f6r anv\u00e4ndning p\u00e5 eldstadsinsatser, vedspisd\u00f6rrar och skorstensglaspaneler. N\u00e4r den appliceras enligt anvisningarna reng\u00f6r den effektivt utan att repa eller skada glasytan.<\/p>\n<p><strong><img decoding=\"async\" style=\"margin-right: 12px;\" src=\"https:\/\/www.ferberpainting.com\/wp-content\/uploads\/2026\/02\/Check.svg\" alt=\"\" width=\"18\" height=\"15\" \/>Minskar framtida uppbyggnad n\u00e4r den anv\u00e4nds regelbundet.<\/strong> Rutinm\u00e4ssig reng\u00f6ring med v\u00e5r produkt hj\u00e4lper till att f\u00f6rhindra \u00f6verdriven ansamling av sot och tj\u00e4ra. Rent glas ger b\u00e4ttre sikt vid f\u00f6rbr\u00e4nning och f\u00f6renklar det l\u00f6pande underh\u00e5llet.<\/p>\n<p><strong><img decoding=\"async\" style=\"margin-right: 12px;\" src=\"https:\/\/www.ferberpainting.com\/wp-content\/uploads\/2026\/02\/Check.svg\" alt=\"\" width=\"18\" height=\"15\" \/>Enkel och snabb applicering f\u00f6r hus\u00e4gare och proffs.<\/strong> Reng\u00f6ringsmedlet \u00e4r utformat f\u00f6r att vara bekv\u00e4mt och kan sprutas direkt p\u00e5 glaset och torkas bort med en trasa eller svamp. Den l\u00e4tthanterliga konsistensen ger j\u00e4mn t\u00e4ckning och kontrollerad applicering utan komplicerade procedurer.<\/p>\n<h2><strong>Instruktioner<\/strong><\/h2>\n<ul>\n<li>Se till att glaset i spisen eller den \u00f6ppna spisen \u00e4r helt kallt innan du applicerar reng\u00f6ringsmedlet.<\/li>\n<li>Skaka flaskan noggrant f\u00f6re anv\u00e4ndning.<\/li>\n<li>Spraya produkten j\u00e4mnt p\u00e5 den nedsmutsade glasytan.<\/li>\n<li>L\u00e5t reng\u00f6ringsmedlet verka i 2 till 5 minuter, beroende p\u00e5 hur mycket sot och rester som samlats.<\/li>\n<li>Torka av ytan med en fuktig svamp eller trasa f\u00f6r att lossa och avl\u00e4gsna uppl\u00f6sta bel\u00e4ggningar.<\/li>\n<li>F\u00f6r envisa eller tjocka kolbel\u00e4ggningar, skrubba f\u00f6rsiktigt med en icke-slipande rondell eller svamp.<\/li>\n<li>Ta bort rester med en ren, fuktig trasa.<\/li>\n<li>Torka glaset med en mjuk, luddfri trasa f\u00f6r att uppn\u00e5 en klar, randfri yta.<\/li>\n<li>Upprepa processen om det beh\u00f6vs f\u00f6r kraftigt nedsmutsade omr\u00e5den.<\/li>\n<li>Undvik kontakt med m\u00e5lade eller \u00f6mt\u00e5liga omgivande ytor. Torka omedelbart bort om oavsiktlig kontakt uppst\u00e5r.<\/li>\n<li>Anv\u00e4nd inte p\u00e5 hett glas eller under aktiv f\u00f6rbr\u00e4nning.<\/li>\n<li>Reng\u00f6r verktyg och trasor med vatten efter anv\u00e4ndning.<\/li>\n<li>F\u00f6rvara produkten v\u00e4l tillsluten p\u00e5 en sval och torr plats, skyddad fr\u00e5n direkt solljus.<\/li>\n<li>F\u00f6rvaras o\u00e5tkomligt f\u00f6r barn och f\u00f6lj normala s\u00e4kerhets\u00e5tg\u00e4rder vid hantering och applicering.<\/li>\n<\/ul>","protected":false},"excerpt":{"rendered":"<p>Removes stubborn soot, smoke residue, and burned-on stains with powerful precision. Our wood stove, chimney and fireplace glass cleaner is specially formulated to dissolve and lift heavy carbon deposits, black soot, tar buildup, and smoke film that accumulate on high-temperature glass surfaces. Over time, fireplace and stove glass becomes darkened and cloudy due to combustion [&hellip;]<\/p>\n","protected":false},"featured_media":35749,"comment_status":"open","ping_status":"closed","template":"","meta":{"_uag_custom_page_level_css":"","site-sidebar-layout":"default","site-content-layout":"","ast-site-content-layout":"default","site-content-style":"default","site-sidebar-style":"default","ast-global-header-display":"","ast-banner-title-visibility":"","ast-main-header-display":"","ast-hfb-above-header-display":"","ast-hfb-below-header-display":"","ast-hfb-mobile-header-display":"","site-post-title":"","ast-breadcrumbs-content":"","ast-featured-img":"","footer-sml-layout":"","ast-disable-related-posts":"","theme-transparent-header-meta":"default","adv-header-id-meta":"","stick-header-meta":"","header-above-stick-meta":"","header-main-stick-meta":"","header-below-stick-meta":"","astra-migrate-meta-layouts":"set","ast-page-background-enabled":"default","ast-page-background-meta":{"desktop":{"background-color":"var(--ast-global-color-4)","background-image":"","background-repeat":"repeat","background-position":"center center","background-size":"auto","background-attachment":"scroll","background-type":"","background-media":"","overlay-type":"","overlay-color":"","overlay-opacity":"","overlay-gradient":""},"tablet":{"background-color":"","background-image":"","background-repeat":"repeat","background-position":"center center","background-size":"auto","background-attachment":"scroll","background-type":"","background-media":"","overlay-type":"","overlay-color":"","overlay-opacity":"","overlay-gradient":""},"mobile":{"background-color":"","background-image":"","background-repeat":"repeat","background-position":"center center","background-size":"auto","background-attachment":"scroll","background-type":"","background-media":"","overlay-type":"","overlay-color":"","overlay-opacity":"","overlay-gradient":""}},"ast-content-background-meta":{"desktop":{"background-color":"var(--ast-global-color-5)","background-image":"","background-repeat":"repeat","background-position":"center center","background-size":"auto","background-attachment":"scroll","background-type":"","background-media":"","overlay-type":"","overlay-color":"","overlay-opacity":"","overlay-gradient":""},"tablet":{"background-color":"var(--ast-global-color-5)","background-image":"","background-repeat":"repeat","background-position":"center center","background-size":"auto","background-attachment":"scroll","background-type":"","background-media":"","overlay-type":"","overlay-color":"","overlay-opacity":"","overlay-gradient":""},"mobile":{"background-color":"var(--ast-global-color-5)","background-image":"","background-repeat":"repeat","background-position":"center center","background-size":"auto","background-attachment":"scroll","background-type":"","background-media":"","overlay-type":"","overlay-color":"","overlay-opacity":"","overlay-gradient":""}}},"product_brand":[],"product_cat":[175],"product_tag":[],"class_list":{"0":"post-25678","1":"product","2":"type-product","3":"status-publish","4":"has-post-thumbnail","6":"product_cat-cleaning-products","7":"desktop-align-left","8":"tablet-align-left","9":"mobile-align-left","11":"first","12":"instock","13":"sale","14":"taxable","15":"shipping-taxable","16":"purchasable","17":"product-type-variable","18":"has-default-attributes"},"spectra_custom_meta":{"_visibility":["visible"],"_shopify_product_id":["9101785235701"],"_s2w_shopify_domain":["ferberpainting.myshopify.com"],"_shopify_variant_id":["46613424242933"],"_sku":[""],"_manage_stock":["no"],"total_sales":["31"],"_tax_status":["taxable"],"_tax_class":[""],"_backorders":["no"],"_sold_individually":["no"],"_virtual":["no"],"_downloadable":["no"],"_download_limit":["-1"],"_download_expiry":["-1"],"_stock":[null],"_stock_status":["instock"],"_wc_average_rating":["5.00"],"_wc_review_count":["12"],"_product_attributes":["a:1:{s:6:\"volume\";a:6:{s:4:\"name\";s:6:\"Volume\";s:5:\"value\";s:20:\"5 liters | 25 liters\";s:8:\"position\";i:1;s:10:\"is_visible\";i:0;s:12:\"is_variation\";i:1;s:11:\"is_taxonomy\";i:0;}}"],"_product_version":["10.5.2"],"wpse_downloadable_file_names":[""],"wpse_downloadable_file_urls":[""],"_edit_last":["1"],"_default_attributes":["a:1:{s:6:\"volume\";s:8:\"5 liters\";}"],"_edit_lock":["1771405238:1"],"merchant-center-availability":["yes"],"merchant-center-category":["1479"],"_thumbnail_id":["35749"],"_wp_page_template":["default"],"_wp_old_date":["2025-05-26"],"site-sidebar-layout":["default"],"ast-site-content-layout":["default"],"site-content-style":["default"],"site-sidebar-style":["default"],"theme-transparent-header-meta":["default"],"_product_image_gallery":["35750"],"_price":["29.90","129.90"],"_wc_rating_count":["a:1:{i:5;i:12;}"],"astra-migrate-meta-layouts":["set"],"_uag_css_file_name":["uag-css-25678.css"],"_elementor_page_assets":["a:0:{}"],"_uag_page_assets":["a:9:{s:3:\"css\";s:7133:\".uag-blocks-common-selector{z-index:var(--z-index-desktop) !important}@media(max-width: 976px){.uag-blocks-common-selector{z-index:var(--z-index-tablet) !important}}@media(max-width: 767px){.uag-blocks-common-selector{z-index:var(--z-index-mobile) !important}}.wp-block-uagb-image{display:flex}.wp-block-uagb-image__figure{position:relative;display:flex;flex-direction:column;max-width:100%;height:auto;margin:0}.wp-block-uagb-image__figure img{height:auto;display:flex;max-width:100%;transition:box-shadow .2s ease}.wp-block-uagb-image__figure>a{display:inline-block}.wp-block-uagb-image__figure figcaption{text-align:center;margin-top:.5em;margin-bottom:1em}.wp-block-uagb-image .components-placeholder.block-editor-media-placeholder .components-placeholder__instructions{align-self:center}.wp-block-uagb-image--align-left{text-align:left}.wp-block-uagb-image--align-right{text-align:right}.wp-block-uagb-image--align-center{text-align:center}.wp-block-uagb-image--align-full .wp-block-uagb-image__figure{margin-left:calc(50% - 50vw);margin-right:calc(50% - 50vw);max-width:100vw;width:100vw;height:auto}.wp-block-uagb-image--align-full .wp-block-uagb-image__figure img{height:auto;width:100% !important}.wp-block-uagb-image--align-wide .wp-block-uagb-image__figure img{height:auto;width:100%}.wp-block-uagb-image--layout-overlay__color-wrapper{position:absolute;left:0;top:0;right:0;bottom:0;opacity:.2;background:rgba(0,0,0,.5);transition:opacity .35s ease-in-out}.wp-block-uagb-image--layout-overlay-link{position:absolute;left:0;right:0;bottom:0;top:0}.wp-block-uagb-image--layout-overlay .wp-block-uagb-image__figure:hover .wp-block-uagb-image--layout-overlay__color-wrapper{opacity:1}.wp-block-uagb-image--layout-overlay__inner{position:absolute;left:15px;right:15px;bottom:15px;top:15px;display:flex;align-items:center;justify-content:center;flex-direction:column;border-color:#fff;transition:.35s ease-in-out}.wp-block-uagb-image--layout-overlay__inner.top-left,.wp-block-uagb-image--layout-overlay__inner.top-center,.wp-block-uagb-image--layout-overlay__inner.top-right{justify-content:flex-start}.wp-block-uagb-image--layout-overlay__inner.bottom-left,.wp-block-uagb-image--layout-overlay__inner.bottom-center,.wp-block-uagb-image--layout-overlay__inner.bottom-right{justify-content:flex-end}.wp-block-uagb-image--layout-overlay__inner.top-left,.wp-block-uagb-image--layout-overlay__inner.center-left,.wp-block-uagb-image--layout-overlay__inner.bottom-left{align-items:flex-start}.wp-block-uagb-image--layout-overlay__inner.top-right,.wp-block-uagb-image--layout-overlay__inner.center-right,.wp-block-uagb-image--layout-overlay__inner.bottom-right{align-items:flex-end}.wp-block-uagb-image--layout-overlay__inner .uagb-image-heading{color:#fff;transition:transform .35s,opacity .35s ease-in-out;transform:translate3d(0, 24px, 0);margin:0;line-height:1em}.wp-block-uagb-image--layout-overlay__inner .uagb-image-separator{width:30%;border-top-width:2px;border-top-color:#fff;border-top-style:solid;margin-bottom:10px;opacity:0;transition:transform .4s,opacity .4s ease-in-out;transform:translate3d(0, 30px, 0)}.wp-block-uagb-image--layout-overlay__inner .uagb-image-caption{opacity:0;overflow:visible;color:#fff;transition:transform .45s,opacity .45s ease-in-out;transform:translate3d(0, 35px, 0)}.wp-block-uagb-image--layout-overlay__inner:hover .uagb-image-heading,.wp-block-uagb-image--layout-overlay__inner:hover .uagb-image-separator,.wp-block-uagb-image--layout-overlay__inner:hover .uagb-image-caption{opacity:1;transform:translate3d(0, 0, 0)}.wp-block-uagb-image--effect-zoomin .wp-block-uagb-image__figure img,.wp-block-uagb-image--effect-zoomin .wp-block-uagb-image__figure .wp-block-uagb-image--layout-overlay__color-wrapper{transform:scale(1);transition:transform .35s ease-in-out}.wp-block-uagb-image--effect-zoomin .wp-block-uagb-image__figure:hover img,.wp-block-uagb-image--effect-zoomin .wp-block-uagb-image__figure:hover .wp-block-uagb-image--layout-overlay__color-wrapper{transform:scale(1.05)}.wp-block-uagb-image--effect-slide .wp-block-uagb-image__figure img,.wp-block-uagb-image--effect-slide .wp-block-uagb-image__figure .wp-block-uagb-image--layout-overlay__color-wrapper{width:calc(100% + 40px) !important;max-width:none !important;transform:translate3d(-40px, 0, 0);transition:transform .35s ease-in-out}.wp-block-uagb-image--effect-slide .wp-block-uagb-image__figure:hover img,.wp-block-uagb-image--effect-slide .wp-block-uagb-image__figure:hover .wp-block-uagb-image--layout-overlay__color-wrapper{transform:translate3d(0, 0, 0)}.wp-block-uagb-image--effect-grayscale img{filter:grayscale(0%);transition:.35s ease-in-out}.wp-block-uagb-image--effect-grayscale:hover img{filter:grayscale(100%)}.wp-block-uagb-image--effect-blur img{filter:blur(0);transition:.35s ease-in-out}.wp-block-uagb-image--effect-blur:hover img{filter:blur(3px)}.uagb-block-e6f939b3.wp-block-uagb-image--layout-default figure img{box-shadow: 0px 0px 0 #00000070;}.uagb-block-e6f939b3.wp-block-uagb-image .wp-block-uagb-image__figure figcaption{font-style: normal;align-self: center;}.uagb-block-e6f939b3.wp-block-uagb-image--layout-overlay figure img{box-shadow: 0px 0px 0 #00000070;}.uagb-block-e6f939b3.wp-block-uagb-image--layout-overlay .wp-block-uagb-image--layout-overlay__color-wrapper{opacity: 0.2;}.uagb-block-e6f939b3.wp-block-uagb-image--layout-overlay .wp-block-uagb-image--layout-overlay__inner{left: 15px;right: 15px;top: 15px;bottom: 15px;}.uagb-block-e6f939b3.wp-block-uagb-image--layout-overlay .wp-block-uagb-image--layout-overlay__inner .uagb-image-heading{font-style: normal;color: #fff;opacity: 1;}.uagb-block-e6f939b3.wp-block-uagb-image--layout-overlay .wp-block-uagb-image--layout-overlay__inner .uagb-image-heading a{color: #fff;}.uagb-block-e6f939b3.wp-block-uagb-image--layout-overlay .wp-block-uagb-image--layout-overlay__inner .uagb-image-caption{opacity: 0;}.uagb-block-e6f939b3.wp-block-uagb-image--layout-overlay .wp-block-uagb-image__figure:hover .wp-block-uagb-image--layout-overlay__color-wrapper{opacity: 1;}.uagb-block-e6f939b3.wp-block-uagb-image .wp-block-uagb-image--layout-overlay__inner .uagb-image-separator{width: 30%;border-top-width: 2px;border-top-color: #fff;opacity: 0;}.uagb-block-e6f939b3.wp-block-uagb-image .wp-block-uagb-image__figure img{width: px;height: auto;}.uagb-block-e6f939b3.wp-block-uagb-image .wp-block-uagb-image__figure:hover .wp-block-uagb-image--layout-overlay__inner .uagb-image-caption{opacity: 1;}.uagb-block-e6f939b3.wp-block-uagb-image .wp-block-uagb-image__figure:hover .wp-block-uagb-image--layout-overlay__inner .uagb-image-separator{opacity: 1;}.uagb-block-e6f939b3.wp-block-uagb-image--layout-default figure:hover img{box-shadow: 0px 0px 0 #00000070;}.uagb-block-e6f939b3.wp-block-uagb-image--layout-overlay figure:hover img{box-shadow: 0px 0px 0 #00000070;}@media only screen and (max-width: 976px) {.uagb-block-e6f939b3.wp-block-uagb-image .wp-block-uagb-image__figure img{width: px;height: auto;}}@media only screen and (max-width: 767px) {.uagb-block-e6f939b3.wp-block-uagb-image .wp-block-uagb-image__figure img{width: px;height: auto;}}\";s:2:\"js\";s:0:\"\";s:18:\"current_block_list\";a:13:{i:0;s:11:\"core\/search\";i:1;s:10:\"core\/group\";i:2;s:12:\"core\/heading\";i:3;s:17:\"core\/latest-posts\";i:4;s:20:\"core\/latest-comments\";i:5;s:13:\"core\/archives\";i:6;s:15:\"core\/categories\";i:7;s:14:\"core\/paragraph\";i:8;s:10:\"uagb\/image\";i:9;s:11:\"core\/spacer\";i:10;s:30:\"woocommerce\/product-categories\";i:11;s:10:\"core\/image\";i:12;s:14:\"core\/shortcode\";}s:8:\"uag_flag\";b:1;s:11:\"uag_version\";s:10:\"1777221826\";s:6:\"gfonts\";a:0:{}s:10:\"gfonts_url\";s:0:\"\";s:12:\"gfonts_files\";a:0:{}s:14:\"uag_faq_layout\";b:0;}"]},"uagb_featured_image_src":{"full":["https:\/\/www.ferberpainting.com\/wp-content\/uploads\/2025\/05\/Wood-Stove-Chimney-and-Fireplace-Glass-Cleaner-5L-Mockup-.png",2560,2560,false],"thumbnail":["https:\/\/www.ferberpainting.com\/wp-content\/uploads\/2025\/05\/Wood-Stove-Chimney-and-Fireplace-Glass-Cleaner-5L-Mockup--150x150.png",150,150,true],"medium":["https:\/\/www.ferberpainting.com\/wp-content\/uploads\/2025\/05\/Wood-Stove-Chimney-and-Fireplace-Glass-Cleaner-5L-Mockup--300x300.png",300,300,true],"medium_large":["https:\/\/www.ferberpainting.com\/wp-content\/uploads\/2025\/05\/Wood-Stove-Chimney-and-Fireplace-Glass-Cleaner-5L-Mockup--768x768.png",768,768,true],"large":["https:\/\/www.ferberpainting.com\/wp-content\/uploads\/2025\/05\/Wood-Stove-Chimney-and-Fireplace-Glass-Cleaner-5L-Mockup--1024x1024.png",1024,1024,true],"1536x1536":["https:\/\/www.ferberpainting.com\/wp-content\/uploads\/2025\/05\/Wood-Stove-Chimney-and-Fireplace-Glass-Cleaner-5L-Mockup--1536x1536.png",1536,1536,true],"2048x2048":["https:\/\/www.ferberpainting.com\/wp-content\/uploads\/2025\/05\/Wood-Stove-Chimney-and-Fireplace-Glass-Cleaner-5L-Mockup--2048x2048.png",2048,2048,true],"trp-custom-language-flag":["https:\/\/www.ferberpainting.com\/wp-content\/uploads\/2025\/05\/Wood-Stove-Chimney-and-Fireplace-Glass-Cleaner-5L-Mockup--12x12.png",12,12,true],"woocommerce_thumbnail":["https:\/\/www.ferberpainting.com\/wp-content\/uploads\/2025\/05\/Wood-Stove-Chimney-and-Fireplace-Glass-Cleaner-5L-Mockup--300x300.png",300,300,true],"woocommerce_single":["https:\/\/www.ferberpainting.com\/wp-content\/uploads\/2025\/05\/Wood-Stove-Chimney-and-Fireplace-Glass-Cleaner-5L-Mockup--600x600.png",600,600,true],"woocommerce_gallery_thumbnail":["https:\/\/www.ferberpainting.com\/wp-content\/uploads\/2025\/05\/Wood-Stove-Chimney-and-Fireplace-Glass-Cleaner-5L-Mockup--100x100.png",100,100,true]},"uagb_author_info":{"display_name":"admin","author_link":"https:\/\/www.ferberpainting.com\/se\/author\/"},"uagb_comment_info":12,"uagb_excerpt":"Removes stubborn soot, smoke residue, and burned-on stains with powerful precision. Our wood stove, chimney and fireplace glass cleaner is specially formulated to dissolve and lift heavy carbon deposits, black soot, tar buildup, and smoke film that accumulate on high-temperature glass surfaces. Over time, fireplace and stove glass becomes darkened and cloudy due to combustion&hellip;","_links":{"self":[{"href":"https:\/\/www.ferberpainting.com\/se\/wp-json\/wp\/v2\/product\/25678","targetHints":{"allow":["GET"]}}],"collection":[{"href":"https:\/\/www.ferberpainting.com\/se\/wp-json\/wp\/v2\/product"}],"about":[{"href":"https:\/\/www.ferberpainting.com\/se\/wp-json\/wp\/v2\/types\/product"}],"replies":[{"embeddable":true,"href":"https:\/\/www.ferberpainting.com\/se\/wp-json\/wp\/v2\/comments?post=25678"}],"version-history":[{"count":5,"href":"https:\/\/www.ferberpainting.com\/se\/wp-json\/wp\/v2\/product\/25678\/revisions"}],"predecessor-version":[{"id":169173,"href":"https:\/\/www.ferberpainting.com\/se\/wp-json\/wp\/v2\/product\/25678\/revisions\/169173"}],"wp:featuredmedia":[{"embeddable":true,"href":"https:\/\/www.ferberpainting.com\/se\/wp-json\/wp\/v2\/media\/35749"}],"wp:attachment":[{"href":"https:\/\/www.ferberpainting.com\/se\/wp-json\/wp\/v2\/media?parent=25678"}],"wp:term":[{"taxonomy":"product_brand","embeddable":true,"href":"https:\/\/www.ferberpainting.com\/se\/wp-json\/wp\/v2\/product_brand?post=25678"},{"taxonomy":"product_cat","embeddable":true,"href":"https:\/\/www.ferberpainting.com\/se\/wp-json\/wp\/v2\/product_cat?post=25678"},{"taxonomy":"product_tag","embeddable":true,"href":"https:\/\/www.ferberpainting.com\/se\/wp-json\/wp\/v2\/product_tag?post=25678"}],"curies":[{"name":"wp","href":"https:\/\/api.w.org\/{rel}","templated":true}]}}