{"id":25672,"date":"2025-05-26T10:33:26","date_gmt":"2025-05-26T08:33:26","guid":{"rendered":"https:\/\/www.ferberpainting.com\/products\/wood-renovator\/"},"modified":"2026-02-18T09:58:42","modified_gmt":"2026-02-18T08:58:42","slug":"wood-renovator","status":"publish","type":"product","link":"https:\/\/www.ferberpainting.com\/se\/products\/wood-renovator\/","title":{"rendered":"Tr\u00e4renoverare"},"content":{"rendered":"<p><strong><img decoding=\"async\" style=\"margin-right: 12px;\" src=\"https:\/\/www.ferberpainting.com\/wp-content\/uploads\/2026\/02\/Check.svg\" alt=\"\" width=\"18\" height=\"15\" \/>Ge gammalt, tr\u00e5kigt och tr\u00f6tt tr\u00e4 nytt liv med en komplett renoveringseffekt.<\/strong> V\u00e5r tr\u00e4renoverare \u00e4r speciellt framtagen f\u00f6r att \u00e5teruppliva v\u00e4derbitna, blekta och slitna tr\u00e4ytor och \u00e5terge dem deras naturliga v\u00e4rme, rikedom och f\u00e4rgdjup. Med tiden g\u00f6r exponering f\u00f6r solljus, regn, temperaturf\u00f6r\u00e4ndringar och f\u00f6roreningar att tr\u00e4et f\u00f6rlorar sin livfullhet och sina skyddande egenskaper. Denna avancerade renoveringsbehandling tr\u00e4nger djupt in i fibrerna och ger n\u00e4ring och liv \u00e5t materialet inifr\u00e5n. Den framh\u00e4ver tr\u00e4ets naturliga \u00e5dring och \u00e5terst\u00e4ller ett fr\u00e4scht och v\u00e4lsk\u00f6tt utseende utan att det beh\u00f6ver bytas ut helt och h\u00e5llet.<\/p>\n<p><strong><img decoding=\"async\" style=\"margin-right: 12px;\" src=\"https:\/\/www.ferberpainting.com\/wp-content\/uploads\/2026\/02\/Check.svg\" alt=\"\" width=\"18\" height=\"15\" \/>Vi erbjuder en pengarna-tillbaka-garanti f\u00f6r total sinnesfrid.<\/strong> Vi st\u00e5r helt bakom kvaliteten och prestandan hos v\u00e5r tr\u00e4renoverare. Om du inte \u00e4r helt n\u00f6jd med resultatet \u00e5terbetalar vi ditt k\u00f6p. Denna pengarna-tillbaka-garanti s\u00e4kerst\u00e4ller att du kan \u00e5terst\u00e4lla dina tr\u00e4ytor utan risk, i vetskap om att din tillfredsst\u00e4llelse \u00e4r v\u00e5r prioritet och att din investering \u00e4r fullt skyddad.<\/p>\n<p><strong><img decoding=\"async\" style=\"margin-right: 12px;\" src=\"https:\/\/www.ferberpainting.com\/wp-content\/uploads\/2026\/02\/Check.svg\" alt=\"\" width=\"18\" height=\"15\" \/>Den mest effektiva l\u00f6sningen f\u00f6r renovering av tr\u00e4 p\u00e5 marknaden.<\/strong> V\u00e5r h\u00f6gpresterande formula \u00e4r framtagen f\u00f6r att \u00f6vertr\u00e4ffa konventionella oljor och ytbehandlingar. Ist\u00e4llet f\u00f6r att bara bel\u00e4gga tr\u00e4et tr\u00e4nger den djupt in f\u00f6r att \u00e5terst\u00e4lla flexibiliteten, f\u00f6rb\u00e4ttra motst\u00e5ndskraften och f\u00f6rb\u00e4ttra den l\u00e5ngsiktiga h\u00e5llbarheten. Den fungerar p\u00e5 b\u00e5de l\u00e4tt v\u00e4derbitet och kraftigt exponerat tr\u00e4 och ger en synlig f\u00f6r\u00e4ndring och l\u00e5ngvariga resultat som skiljer den fr\u00e5n vanliga underh\u00e5llsprodukter.<\/p>\n<p><strong><img decoding=\"async\" style=\"margin-right: 12px;\" src=\"https:\/\/www.ferberpainting.com\/wp-content\/uploads\/2026\/02\/Check.svg\" alt=\"\" width=\"18\" height=\"15\" \/>Den billigaste professionella tr\u00e4renoveraren p\u00e5 marknaden.<\/strong> F\u00f6rstklassig tr\u00e4restaurering beh\u00f6ver inte vara dyrt. Vi erbjuder de mest konkurrenskraftiga priserna utan att kompromissa med kvalitet eller prestanda. Genom att optimera produktions- och distributionsprocesserna levererar vi en tr\u00e4renoverare med professionell styrka till det l\u00e4gsta priset j\u00e4mf\u00f6rt med liknande produkter, vilket ger ett exceptionellt v\u00e4rde f\u00f6r b\u00e5de hus\u00e4gare och yrkesverksamma.<\/p>\n<p><strong><img decoding=\"async\" style=\"margin-right: 12px;\" src=\"https:\/\/www.ferberpainting.com\/wp-content\/uploads\/2026\/02\/Check.svg\" alt=\"\" width=\"18\" height=\"15\" \/>Garanterad leverans inom 24 timmar f\u00f6r snabb \u00e5terst\u00e4llning.<\/strong> N\u00e4r ditt tr\u00e4d\u00e4ck, staket eller dina m\u00f6bler beh\u00f6ver omedelbar uppm\u00e4rksamhet \u00e4r det inte ett alternativ att v\u00e4nta. D\u00e4rf\u00f6r erbjuder vi p\u00e5litlig leverans dygnet runt, s\u00e5 att din tr\u00e4renoverare kommer fram snabbt och \u00e4r redo f\u00f6r omedelbar anv\u00e4ndning. Snabb leverans hj\u00e4lper dig att slutf\u00f6ra ditt renoveringsprojekt effektivt och utan dr\u00f6jsm\u00e5l.<\/p>\n<p><strong><img decoding=\"async\" style=\"margin-right: 12px;\" src=\"https:\/\/www.ferberpainting.com\/wp-content\/uploads\/2026\/02\/Check.svg\" alt=\"\" width=\"18\" height=\"15\" \/>Effektiv t\u00e4ckning p\u00e5 upp till 10 m\u00b2 per liter f\u00f6r exakt planering.<\/strong> En liter av v\u00e5r tr\u00e4renoverare behandlar upp till 10 kvadratmeter, beroende p\u00e5 tr\u00e4slag och absorptionsniv\u00e5. Denna tydliga t\u00e4ckningsgrad m\u00f6jligg\u00f6r exakt ber\u00e4kning av materialbehov och effektiv budgetkontroll samtidigt som den s\u00e4kerst\u00e4ller tillr\u00e4cklig penetration och optimala resultat.<\/p>\n<p><strong><img decoding=\"async\" style=\"margin-right: 12px;\" src=\"https:\/\/www.ferberpainting.com\/wp-content\/uploads\/2026\/02\/Check.svg\" alt=\"\" width=\"18\" height=\"15\" \/>F\u00f6rb\u00e4ttrar naturlig f\u00e4rg- och korndefinition.<\/strong> Renoveraren f\u00f6rst\u00e4rker tr\u00e4ets naturliga toner och texturer utan att skapa ett konstgjort eller glansigt utseende. Den lyfter fram materialets autentiska sk\u00f6nhet och framh\u00e4ver dess unika m\u00f6nster samtidigt som den bibeh\u00e5ller en naturlig, elegant finish.<\/p>\n<p><strong><img decoding=\"async\" style=\"margin-right: 12px;\" src=\"https:\/\/www.ferberpainting.com\/wp-content\/uploads\/2026\/02\/Check.svg\" alt=\"\" width=\"18\" height=\"15\" \/>F\u00f6rb\u00e4ttrar motst\u00e5ndskraften mot milj\u00f6exponering.<\/strong> Genom att ge n\u00e4ring \u00e5t och skydda tr\u00e4fibrerna bidrar produkten till att minska effekterna av UV-str\u00e5lning, fuktabsorption och ytsprickor. Den bidrar till att f\u00f6rl\u00e4nga tr\u00e4konstruktioners livsl\u00e4ngd och minska underh\u00e5llsfrekvensen.<\/p>\n<p><strong><img decoding=\"async\" style=\"margin-right: 12px;\" src=\"https:\/\/www.ferberpainting.com\/wp-content\/uploads\/2026\/02\/Check.svg\" alt=\"\" width=\"18\" height=\"15\" \/>L\u00e4mplig f\u00f6r en m\u00e4ngd olika tr\u00e4ytor.<\/strong> Tr\u00e4renoveraren kan anv\u00e4ndas p\u00e5 trall, staket, pergolor, bekl\u00e4dnad, tr\u00e4dg\u00e5rdsm\u00f6bler, d\u00f6rrar, f\u00f6nsterluckor och andra tr\u00e4element som uts\u00e4tts f\u00f6r inomhus- eller utomhusf\u00f6rh\u00e5llanden. Den \u00e4r kompatibel med b\u00e5de l\u00f6v- och barrtr\u00e4 n\u00e4r den appliceras enligt anvisningarna.<\/p>\n<p><strong><img decoding=\"async\" style=\"margin-right: 12px;\" src=\"https:\/\/www.ferberpainting.com\/wp-content\/uploads\/2026\/02\/Check.svg\" alt=\"\" width=\"18\" height=\"15\" \/>Enkel applicering f\u00f6r proffs och g\u00f6r-det-sj\u00e4lv-anv\u00e4ndare.<\/strong> Tr\u00e4renoveraren \u00e4r utformad f\u00f6r att vara bekv\u00e4m och kan appliceras med pensel, roller eller trasa. Den mjuka konsistensen s\u00e4kerst\u00e4ller j\u00e4mn f\u00f6rdelning och djup penetration, vilket g\u00f6r den l\u00e4mplig f\u00f6r b\u00e5de sm\u00e5 bostadsprojekt och st\u00f6rre kommersiella renoveringar.<\/p>\n<h2><strong>Instruktioner<\/strong><\/h2>\n<ul>\n<li>Se till att tr\u00e4ytan \u00e4r ren, torr och fri fr\u00e5n damm, fett, m\u00f6gel eller gamla skalande bel\u00e4ggningar f\u00f6re applicering.<\/li>\n<li>Slipa ytan l\u00e4tt vid behov f\u00f6r att avl\u00e4gsna grova fibrer och f\u00f6rb\u00e4ttra absorptionen.<\/li>\n<li>Skaka eller r\u00f6r om tr\u00e4renoveringsmedlet ordentligt f\u00f6re anv\u00e4ndning.<\/li>\n<li>Applicera produkten j\u00e4mnt med pensel, roller eller trasa i tr\u00e4ets \u00e5dringsriktning.<\/li>\n<li>Rekommenderad dosering \u00e4r ca 100 ml per kvadratmeter, eftersom en liter behandlar upp till 10 m\u00b2. Mycket por\u00f6st eller kraftigt v\u00e4derutsatt tr\u00e4 kan kr\u00e4va ytterligare produkt.<\/li>\n<li>L\u00e5t tr\u00e4et absorbera renoveringsmedlet i 15 till 30 minuter.<\/li>\n<li>Ta bort \u00f6verfl\u00f6dig produkt som inte har tr\u00e4ngt in med en ren trasa f\u00f6r att undvika ytansamlingar.<\/li>\n<li>F\u00f6r djupare restaurering, applicera ett andra lager efter att det f\u00f6rsta har absorberats.<\/li>\n<li>L\u00e5t ytan torka helt, vanligtvis 24 timmar beroende p\u00e5 milj\u00f6f\u00f6rh\u00e5llandena.<\/li>\n<li>Undvik att uts\u00e4ttas f\u00f6r regn eller kraftig fukt under torkperioden.<\/li>\n<li>F\u00f6r l\u00e5ngsiktigt underh\u00e5ll, \u00e5terapplicera med j\u00e4mna mellanrum beroende p\u00e5 v\u00e4derexponering och slitage p\u00e5 ytan.<\/li>\n<li>Reng\u00f6r verktygen omedelbart efter anv\u00e4ndning i enlighet med produktens rekommendationer.<\/li>\n<li>F\u00f6rvara beh\u00e5llaren t\u00e4tt tillsluten p\u00e5 en sval, torr plats, skyddad fr\u00e5n frost och direkt solljus.<\/li>\n<li>F\u00f6rvaras o\u00e5tkomligt f\u00f6r barn och f\u00f6lj normala s\u00e4kerhets\u00e5tg\u00e4rder vid hantering och applicering.<\/li>\n<\/ul>","protected":false},"excerpt":{"rendered":"<p>Bring old, dull, and tired wood back to life with a complete renovation effect. Our wood renovator is specially formulated to revive weathered, faded, and worn wooden surfaces, restoring their natural warmth, richness, and depth of color. Over time, exposure to sunlight, rain, temperature changes, and pollution causes wood to lose its vibrancy and protective [&hellip;]<\/p>\n","protected":false},"featured_media":27471,"comment_status":"open","ping_status":"closed","template":"","meta":{"_uag_custom_page_level_css":"","site-sidebar-layout":"default","site-content-layout":"","ast-site-content-layout":"default","site-content-style":"default","site-sidebar-style":"default","ast-global-header-display":"","ast-banner-title-visibility":"","ast-main-header-display":"","ast-hfb-above-header-display":"","ast-hfb-below-header-display":"","ast-hfb-mobile-header-display":"","site-post-title":"","ast-breadcrumbs-content":"","ast-featured-img":"","footer-sml-layout":"","ast-disable-related-posts":"","theme-transparent-header-meta":"default","adv-header-id-meta":"","stick-header-meta":"","header-above-stick-meta":"","header-main-stick-meta":"","header-below-stick-meta":"","astra-migrate-meta-layouts":"set","ast-page-background-enabled":"default","ast-page-background-meta":{"desktop":{"background-color":"var(--ast-global-color-4)","background-image":"","background-repeat":"repeat","background-position":"center center","background-size":"auto","background-attachment":"scroll","background-type":"","background-media":"","overlay-type":"","overlay-color":"","overlay-opacity":"","overlay-gradient":""},"tablet":{"background-color":"","background-image":"","background-repeat":"repeat","background-position":"center center","background-size":"auto","background-attachment":"scroll","background-type":"","background-media":"","overlay-type":"","overlay-color":"","overlay-opacity":"","overlay-gradient":""},"mobile":{"background-color":"","background-image":"","background-repeat":"repeat","background-position":"center center","background-size":"auto","background-attachment":"scroll","background-type":"","background-media":"","overlay-type":"","overlay-color":"","overlay-opacity":"","overlay-gradient":""}},"ast-content-background-meta":{"desktop":{"background-color":"var(--ast-global-color-5)","background-image":"","background-repeat":"repeat","background-position":"center center","background-size":"auto","background-attachment":"scroll","background-type":"","background-media":"","overlay-type":"","overlay-color":"","overlay-opacity":"","overlay-gradient":""},"tablet":{"background-color":"var(--ast-global-color-5)","background-image":"","background-repeat":"repeat","background-position":"center center","background-size":"auto","background-attachment":"scroll","background-type":"","background-media":"","overlay-type":"","overlay-color":"","overlay-opacity":"","overlay-gradient":""},"mobile":{"background-color":"var(--ast-global-color-5)","background-image":"","background-repeat":"repeat","background-position":"center center","background-size":"auto","background-attachment":"scroll","background-type":"","background-media":"","overlay-type":"","overlay-color":"","overlay-opacity":"","overlay-gradient":""}}},"product_brand":[],"product_cat":[175,193],"product_tag":[],"class_list":{"0":"post-25672","1":"product","2":"type-product","3":"status-publish","4":"has-post-thumbnail","6":"product_cat-cleaning-products","7":"product_cat-wood-treatment","8":"desktop-align-left","9":"tablet-align-left","10":"mobile-align-left","12":"first","13":"instock","14":"sale","15":"shipping-taxable","16":"purchasable","17":"product-type-variable","18":"has-default-attributes"},"spectra_custom_meta":{"_visibility":["visible"],"_shopify_product_id":["8051371409653"],"_s2w_shopify_domain":["ferberpainting.myshopify.com"],"_shopify_variant_id":["43849085878517"],"_sku":[""],"_manage_stock":["no"],"total_sales":["24"],"_tax_status":["taxable"],"_tax_class":[""],"_backorders":["no"],"_sold_individually":["no"],"_virtual":["no"],"_downloadable":["no"],"_download_limit":["-1"],"_download_expiry":["-1"],"_stock":[null],"_stock_status":["instock"],"_wc_average_rating":["4.99"],"_wc_review_count":["68"],"_product_attributes":["a:1:{s:6:\"volume\";a:6:{s:4:\"name\";s:6:\"Volume\";s:5:\"value\";s:20:\"5 liters | 25 liters\";s:8:\"position\";i:1;s:10:\"is_visible\";i:0;s:12:\"is_variation\";i:1;s:11:\"is_taxonomy\";i:0;}}"],"_product_version":["10.5.2"],"_thumbnail_id":["27471"],"_price":["29.90","129.90"],"_product_image_gallery":["27472"],"merchant-center-availability":["yes"],"merchant-center-category":["5825"],"merchant-center-id":["RB"],"wpse_downloadable_file_names":[""],"wpse_downloadable_file_urls":[""],"_edit_last":["1"],"_default_attributes":["a:1:{s:6:\"volume\";s:8:\"5 liters\";}"],"_wc_rating_count":["a:2:{i:4;i:1;i:5;i:67;}"],"_edit_lock":["1771405244:1"],"_wp_page_template":["default"],"site-sidebar-layout":["default"],"ast-site-content-layout":["default"],"site-content-style":["default"],"site-sidebar-style":["default"],"theme-transparent-header-meta":["default"],"astra-migrate-meta-layouts":["set"],"_uag_css_file_name":["uag-css-25672.css"],"_elementor_page_assets":["a:0:{}"],"_uag_page_assets":["a:9:{s:3:\"css\";s:7133:\".uag-blocks-common-selector{z-index:var(--z-index-desktop) !important}@media(max-width: 976px){.uag-blocks-common-selector{z-index:var(--z-index-tablet) !important}}@media(max-width: 767px){.uag-blocks-common-selector{z-index:var(--z-index-mobile) !important}}.wp-block-uagb-image{display:flex}.wp-block-uagb-image__figure{position:relative;display:flex;flex-direction:column;max-width:100%;height:auto;margin:0}.wp-block-uagb-image__figure img{height:auto;display:flex;max-width:100%;transition:box-shadow .2s ease}.wp-block-uagb-image__figure>a{display:inline-block}.wp-block-uagb-image__figure figcaption{text-align:center;margin-top:.5em;margin-bottom:1em}.wp-block-uagb-image .components-placeholder.block-editor-media-placeholder .components-placeholder__instructions{align-self:center}.wp-block-uagb-image--align-left{text-align:left}.wp-block-uagb-image--align-right{text-align:right}.wp-block-uagb-image--align-center{text-align:center}.wp-block-uagb-image--align-full .wp-block-uagb-image__figure{margin-left:calc(50% - 50vw);margin-right:calc(50% - 50vw);max-width:100vw;width:100vw;height:auto}.wp-block-uagb-image--align-full .wp-block-uagb-image__figure img{height:auto;width:100% !important}.wp-block-uagb-image--align-wide .wp-block-uagb-image__figure img{height:auto;width:100%}.wp-block-uagb-image--layout-overlay__color-wrapper{position:absolute;left:0;top:0;right:0;bottom:0;opacity:.2;background:rgba(0,0,0,.5);transition:opacity .35s ease-in-out}.wp-block-uagb-image--layout-overlay-link{position:absolute;left:0;right:0;bottom:0;top:0}.wp-block-uagb-image--layout-overlay .wp-block-uagb-image__figure:hover .wp-block-uagb-image--layout-overlay__color-wrapper{opacity:1}.wp-block-uagb-image--layout-overlay__inner{position:absolute;left:15px;right:15px;bottom:15px;top:15px;display:flex;align-items:center;justify-content:center;flex-direction:column;border-color:#fff;transition:.35s ease-in-out}.wp-block-uagb-image--layout-overlay__inner.top-left,.wp-block-uagb-image--layout-overlay__inner.top-center,.wp-block-uagb-image--layout-overlay__inner.top-right{justify-content:flex-start}.wp-block-uagb-image--layout-overlay__inner.bottom-left,.wp-block-uagb-image--layout-overlay__inner.bottom-center,.wp-block-uagb-image--layout-overlay__inner.bottom-right{justify-content:flex-end}.wp-block-uagb-image--layout-overlay__inner.top-left,.wp-block-uagb-image--layout-overlay__inner.center-left,.wp-block-uagb-image--layout-overlay__inner.bottom-left{align-items:flex-start}.wp-block-uagb-image--layout-overlay__inner.top-right,.wp-block-uagb-image--layout-overlay__inner.center-right,.wp-block-uagb-image--layout-overlay__inner.bottom-right{align-items:flex-end}.wp-block-uagb-image--layout-overlay__inner .uagb-image-heading{color:#fff;transition:transform .35s,opacity .35s ease-in-out;transform:translate3d(0, 24px, 0);margin:0;line-height:1em}.wp-block-uagb-image--layout-overlay__inner .uagb-image-separator{width:30%;border-top-width:2px;border-top-color:#fff;border-top-style:solid;margin-bottom:10px;opacity:0;transition:transform .4s,opacity .4s ease-in-out;transform:translate3d(0, 30px, 0)}.wp-block-uagb-image--layout-overlay__inner .uagb-image-caption{opacity:0;overflow:visible;color:#fff;transition:transform .45s,opacity .45s ease-in-out;transform:translate3d(0, 35px, 0)}.wp-block-uagb-image--layout-overlay__inner:hover .uagb-image-heading,.wp-block-uagb-image--layout-overlay__inner:hover .uagb-image-separator,.wp-block-uagb-image--layout-overlay__inner:hover .uagb-image-caption{opacity:1;transform:translate3d(0, 0, 0)}.wp-block-uagb-image--effect-zoomin .wp-block-uagb-image__figure img,.wp-block-uagb-image--effect-zoomin .wp-block-uagb-image__figure .wp-block-uagb-image--layout-overlay__color-wrapper{transform:scale(1);transition:transform .35s ease-in-out}.wp-block-uagb-image--effect-zoomin .wp-block-uagb-image__figure:hover img,.wp-block-uagb-image--effect-zoomin .wp-block-uagb-image__figure:hover .wp-block-uagb-image--layout-overlay__color-wrapper{transform:scale(1.05)}.wp-block-uagb-image--effect-slide .wp-block-uagb-image__figure img,.wp-block-uagb-image--effect-slide .wp-block-uagb-image__figure .wp-block-uagb-image--layout-overlay__color-wrapper{width:calc(100% + 40px) !important;max-width:none !important;transform:translate3d(-40px, 0, 0);transition:transform .35s ease-in-out}.wp-block-uagb-image--effect-slide .wp-block-uagb-image__figure:hover img,.wp-block-uagb-image--effect-slide .wp-block-uagb-image__figure:hover .wp-block-uagb-image--layout-overlay__color-wrapper{transform:translate3d(0, 0, 0)}.wp-block-uagb-image--effect-grayscale img{filter:grayscale(0%);transition:.35s ease-in-out}.wp-block-uagb-image--effect-grayscale:hover img{filter:grayscale(100%)}.wp-block-uagb-image--effect-blur img{filter:blur(0);transition:.35s ease-in-out}.wp-block-uagb-image--effect-blur:hover img{filter:blur(3px)}.uagb-block-e6f939b3.wp-block-uagb-image--layout-default figure img{box-shadow: 0px 0px 0 #00000070;}.uagb-block-e6f939b3.wp-block-uagb-image .wp-block-uagb-image__figure figcaption{font-style: normal;align-self: center;}.uagb-block-e6f939b3.wp-block-uagb-image--layout-overlay figure img{box-shadow: 0px 0px 0 #00000070;}.uagb-block-e6f939b3.wp-block-uagb-image--layout-overlay .wp-block-uagb-image--layout-overlay__color-wrapper{opacity: 0.2;}.uagb-block-e6f939b3.wp-block-uagb-image--layout-overlay .wp-block-uagb-image--layout-overlay__inner{left: 15px;right: 15px;top: 15px;bottom: 15px;}.uagb-block-e6f939b3.wp-block-uagb-image--layout-overlay .wp-block-uagb-image--layout-overlay__inner .uagb-image-heading{font-style: normal;color: #fff;opacity: 1;}.uagb-block-e6f939b3.wp-block-uagb-image--layout-overlay .wp-block-uagb-image--layout-overlay__inner .uagb-image-heading a{color: #fff;}.uagb-block-e6f939b3.wp-block-uagb-image--layout-overlay .wp-block-uagb-image--layout-overlay__inner .uagb-image-caption{opacity: 0;}.uagb-block-e6f939b3.wp-block-uagb-image--layout-overlay .wp-block-uagb-image__figure:hover .wp-block-uagb-image--layout-overlay__color-wrapper{opacity: 1;}.uagb-block-e6f939b3.wp-block-uagb-image .wp-block-uagb-image--layout-overlay__inner .uagb-image-separator{width: 30%;border-top-width: 2px;border-top-color: #fff;opacity: 0;}.uagb-block-e6f939b3.wp-block-uagb-image .wp-block-uagb-image__figure img{width: px;height: auto;}.uagb-block-e6f939b3.wp-block-uagb-image .wp-block-uagb-image__figure:hover .wp-block-uagb-image--layout-overlay__inner .uagb-image-caption{opacity: 1;}.uagb-block-e6f939b3.wp-block-uagb-image .wp-block-uagb-image__figure:hover .wp-block-uagb-image--layout-overlay__inner .uagb-image-separator{opacity: 1;}.uagb-block-e6f939b3.wp-block-uagb-image--layout-default figure:hover img{box-shadow: 0px 0px 0 #00000070;}.uagb-block-e6f939b3.wp-block-uagb-image--layout-overlay figure:hover img{box-shadow: 0px 0px 0 #00000070;}@media only screen and (max-width: 976px) {.uagb-block-e6f939b3.wp-block-uagb-image .wp-block-uagb-image__figure img{width: px;height: auto;}}@media only screen and (max-width: 767px) {.uagb-block-e6f939b3.wp-block-uagb-image .wp-block-uagb-image__figure img{width: px;height: auto;}}\";s:2:\"js\";s:0:\"\";s:18:\"current_block_list\";a:13:{i:0;s:11:\"core\/search\";i:1;s:10:\"core\/group\";i:2;s:12:\"core\/heading\";i:3;s:17:\"core\/latest-posts\";i:4;s:20:\"core\/latest-comments\";i:5;s:13:\"core\/archives\";i:6;s:15:\"core\/categories\";i:7;s:14:\"core\/paragraph\";i:8;s:10:\"uagb\/image\";i:9;s:11:\"core\/spacer\";i:10;s:30:\"woocommerce\/product-categories\";i:11;s:10:\"core\/image\";i:12;s:14:\"core\/shortcode\";}s:8:\"uag_flag\";b:1;s:11:\"uag_version\";s:10:\"1777069828\";s:6:\"gfonts\";a:0:{}s:10:\"gfonts_url\";s:0:\"\";s:12:\"gfonts_files\";a:0:{}s:14:\"uag_faq_layout\";b:0;}"]},"uagb_featured_image_src":{"full":["https:\/\/www.ferberpainting.com\/wp-content\/uploads\/2025\/05\/Renovateurbois5L.jpg",2560,2560,false],"thumbnail":["https:\/\/www.ferberpainting.com\/wp-content\/uploads\/2025\/05\/Renovateurbois5L-150x150.jpg",150,150,true],"medium":["https:\/\/www.ferberpainting.com\/wp-content\/uploads\/2025\/05\/Renovateurbois5L-300x300.jpg",300,300,true],"medium_large":["https:\/\/www.ferberpainting.com\/wp-content\/uploads\/2025\/05\/Renovateurbois5L-768x768.jpg",768,768,true],"large":["https:\/\/www.ferberpainting.com\/wp-content\/uploads\/2025\/05\/Renovateurbois5L-1024x1024.jpg",1024,1024,true],"1536x1536":["https:\/\/www.ferberpainting.com\/wp-content\/uploads\/2025\/05\/Renovateurbois5L-1536x1536.jpg",1536,1536,true],"2048x2048":["https:\/\/www.ferberpainting.com\/wp-content\/uploads\/2025\/05\/Renovateurbois5L-2048x2048.jpg",2048,2048,true],"trp-custom-language-flag":["https:\/\/www.ferberpainting.com\/wp-content\/uploads\/2025\/05\/Renovateurbois5L-12x12.jpg",12,12,true],"woocommerce_thumbnail":["https:\/\/www.ferberpainting.com\/wp-content\/uploads\/2025\/05\/Renovateurbois5L-300x300.jpg",300,300,true],"woocommerce_single":["https:\/\/www.ferberpainting.com\/wp-content\/uploads\/2025\/05\/Renovateurbois5L-600x600.jpg",600,600,true],"woocommerce_gallery_thumbnail":["https:\/\/www.ferberpainting.com\/wp-content\/uploads\/2025\/05\/Renovateurbois5L-100x100.jpg",100,100,true]},"uagb_author_info":{"display_name":"admin","author_link":"https:\/\/www.ferberpainting.com\/se\/author\/"},"uagb_comment_info":68,"uagb_excerpt":"Bring old, dull, and tired wood back to life with a complete renovation effect. Our wood renovator is specially formulated to revive weathered, faded, and worn wooden surfaces, restoring their natural warmth, richness, and depth of color. Over time, exposure to sunlight, rain, temperature changes, and pollution causes wood to lose its vibrancy and protective&hellip;","_links":{"self":[{"href":"https:\/\/www.ferberpainting.com\/se\/wp-json\/wp\/v2\/product\/25672","targetHints":{"allow":["GET"]}}],"collection":[{"href":"https:\/\/www.ferberpainting.com\/se\/wp-json\/wp\/v2\/product"}],"about":[{"href":"https:\/\/www.ferberpainting.com\/se\/wp-json\/wp\/v2\/types\/product"}],"replies":[{"embeddable":true,"href":"https:\/\/www.ferberpainting.com\/se\/wp-json\/wp\/v2\/comments?post=25672"}],"version-history":[{"count":3,"href":"https:\/\/www.ferberpainting.com\/se\/wp-json\/wp\/v2\/product\/25672\/revisions"}],"predecessor-version":[{"id":169164,"href":"https:\/\/www.ferberpainting.com\/se\/wp-json\/wp\/v2\/product\/25672\/revisions\/169164"}],"wp:featuredmedia":[{"embeddable":true,"href":"https:\/\/www.ferberpainting.com\/se\/wp-json\/wp\/v2\/media\/27471"}],"wp:attachment":[{"href":"https:\/\/www.ferberpainting.com\/se\/wp-json\/wp\/v2\/media?parent=25672"}],"wp:term":[{"taxonomy":"product_brand","embeddable":true,"href":"https:\/\/www.ferberpainting.com\/se\/wp-json\/wp\/v2\/product_brand?post=25672"},{"taxonomy":"product_cat","embeddable":true,"href":"https:\/\/www.ferberpainting.com\/se\/wp-json\/wp\/v2\/product_cat?post=25672"},{"taxonomy":"product_tag","embeddable":true,"href":"https:\/\/www.ferberpainting.com\/se\/wp-json\/wp\/v2\/product_tag?post=25672"}],"curies":[{"name":"wp","href":"https:\/\/api.w.org\/{rel}","templated":true}]}}