{"id":25604,"date":"2025-05-26T10:32:43","date_gmt":"2025-05-26T08:32:43","guid":{"rendered":"https:\/\/www.ferberpainting.com\/products\/truffle-tree-fertilizer\/"},"modified":"2026-02-16T13:50:18","modified_gmt":"2026-02-16T12:50:18","slug":"truffle-tree-fertilizer","status":"publish","type":"product","link":"https:\/\/www.ferberpainting.com\/se\/products\/truffle-tree-fertilizer\/","title":{"rendered":"G\u00f6dselmedel f\u00f6r tryffeltr\u00e4d 25 kg"},"content":{"rendered":"<p><strong><img decoding=\"async\" style=\"margin-right: 12px;\" src=\"https:\/\/www.ferberpainting.com\/wp-content\/uploads\/2026\/02\/Check.svg\" alt=\"\" width=\"18\" height=\"15\" \/>Ett g\u00f6dselmedel som \u00e4r speciellt utformat f\u00f6r att fr\u00e4mja mykorrhization av tryffel.<\/strong>\u00a0Detta granulerade g\u00f6dselmedel har formulerats speciellt f\u00f6r att tillgodose tryffeltr\u00e4dens behov genom att tillhandah\u00e5lla de v\u00e4sentliga n\u00e4rings\u00e4mnen som beh\u00f6vs f\u00f6r deras utveckling. Det fr\u00e4mjar en balanserad och progressiv n\u00e4ring, vilket stimulerar rottillv\u00e4xt och implantation av tryffelmycelium. Tack vare sin balanserade sammans\u00e4ttning av kv\u00e4ve, fosfor och kalium (NPK 10-10-10) st\u00f6der detta g\u00f6dselmedel symbiosen mellan tr\u00e4det och tryffeln samtidigt som tryffeltr\u00e4dets livskraft och dess motst\u00e5ndskraft mot milj\u00f6stress f\u00f6rst\u00e4rks.<\/p>\n<p><strong><img decoding=\"async\" style=\"margin-right: 12px;\" src=\"https:\/\/www.ferberpainting.com\/wp-content\/uploads\/2026\/02\/Check.svg\" alt=\"\" width=\"18\" height=\"15\" \/>Pengar-tillbaka-garanti.<\/strong>\u00a0Vi \u00e4r \u00f6vertygade om effektiviteten i v\u00e5rt tryffelg\u00f6dselmedel och vi erbjuder d\u00e4rf\u00f6r full \u00e5terbetalning om du inte \u00e4r helt n\u00f6jd med resultaten. Om du efter anv\u00e4ndning inte m\u00e4rker n\u00e5gon f\u00f6rb\u00e4ttring i tillv\u00e4xten av dina tr\u00e4d eller i bildandet av mycorrhizae, \u00e5tar vi oss att \u00e5terbetala dig utan villkor.<\/p>\n<p><strong><img decoding=\"async\" style=\"margin-right: 12px;\" src=\"https:\/\/www.ferberpainting.com\/wp-content\/uploads\/2026\/02\/Check.svg\" alt=\"\" width=\"18\" height=\"15\" \/>Ett m\u00e5ngsidigt g\u00f6dningsmedel som passar f\u00f6r olika jordar och tryffelarter.<\/strong>\u00a0Detta g\u00f6dselmedel \u00e4r kompatibelt med alla arter av tryffelekar, inklusive pubescent ek, gr\u00f6n ek och vit ek, liksom med hasseltr\u00e4d f\u00f6r tryffelodling. Den \u00e4r ocks\u00e5 anpassad till kalkhaltiga, lera-kalksten och leriga jordar, vilket fr\u00e4mjar b\u00e4ttre n\u00e4ringsassimilering och optimal mykorrhization.<\/p>\n<p><strong><img decoding=\"async\" style=\"margin-right: 12px;\" src=\"https:\/\/www.ferberpainting.com\/wp-content\/uploads\/2026\/02\/Check.svg\" alt=\"\" width=\"18\" height=\"15\" \/>Exceptionell ekonomisk avkastning f\u00f6r l\u00e5ngvarig befruktning.<\/strong>\u00a0Tack vare sin h\u00f6ga koncentration av n\u00e4rings\u00e4mnen s\u00e4kerst\u00e4ller detta g\u00f6dselmedel effektiv g\u00f6dsling med en liten m\u00e4ngd produkt per tr\u00e4d. Med en 25 kg p\u00e5se kan du behandla ett stort plantageomr\u00e5de. Dess avkastning p\u00e5 200 gram per tr\u00e4d g\u00f6r det till ett kostnadseffektivt och effektivt val f\u00f6r alla tryffelodlare.<\/p>\n<p><strong><img decoding=\"async\" style=\"margin-right: 12px;\" src=\"https:\/\/www.ferberpainting.com\/wp-content\/uploads\/2026\/02\/Check.svg\" alt=\"\" width=\"18\" height=\"15\" \/>Ett milj\u00f6v\u00e4nligt g\u00f6dselmedel som \u00e4r s\u00e4kert f\u00f6r djur och v\u00e4xter.<\/strong>\u00a0Detta g\u00f6dselmedel \u00e4r formulerat utan giftiga produkter och f\u00f6r\u00e4ndrar inte markens biologiska m\u00e5ngfald, sl\u00e4pper inte ut n\u00e5gra skadliga kemiska rester och hj\u00e4lper till att bevara mikroorganismer som \u00e4r f\u00f6rdelaktiga f\u00f6r tryffelproduktion. Det \u00e4r ofarligt f\u00f6r djur, insekter och organismer som finns i jorden, vilket s\u00e4kerst\u00e4ller en harmonisk utveckling av tryffeltr\u00e4det och mykorrhizan\u00e4tverket.<\/p>\n<p><strong><img decoding=\"async\" style=\"margin-right: 12px;\" src=\"https:\/\/www.ferberpainting.com\/wp-content\/uploads\/2026\/02\/Check.svg\" alt=\"\" width=\"18\" height=\"15\" \/>En enkel och snabb applikation utan risk f\u00f6r \u00f6verdosering.<\/strong>\u00a0Detta g\u00f6dselmedel anv\u00e4nds i fast form, vilket g\u00f6r det enkelt att applicera utan behov av f\u00f6reg\u00e5ende utsp\u00e4dning. Sprid helt enkelt den rekommenderade m\u00e4ngden runt tr\u00e4det och inf\u00f6rliva den l\u00e4tt i jorden f\u00f6r att s\u00e4kerst\u00e4lla progressiv n\u00e4ringsfris\u00e4ttning.<\/p>\n<p><strong><img decoding=\"async\" style=\"margin-right: 12px;\" src=\"https:\/\/www.ferberpainting.com\/wp-content\/uploads\/2026\/02\/Check.svg\" alt=\"\" width=\"18\" height=\"15\" \/>L\u00e5ngvarig effekt f\u00f6r h\u00e5llbar tillv\u00e4xt av tryffeltr\u00e4d.<\/strong>\u00a0Tack vare sin l\u00e5ngsamma fris\u00e4ttning s\u00e4kerst\u00e4ller detta g\u00f6dselmedel en stadig fris\u00e4ttning av n\u00e4rings\u00e4mnen under hela s\u00e4songen. Det fr\u00e4mjar rotutveckling, stimulerar mykorrhizal aktivitet och f\u00f6rb\u00e4ttrar tryffeltr\u00e4dets allm\u00e4nna h\u00e4lsa, vilket \u00f6kar chanserna f\u00f6r en riklig och h\u00e5llbar tryffelproduktion.<\/p>\n<p><strong><img decoding=\"async\" style=\"margin-right: 12px;\" src=\"https:\/\/www.ferberpainting.com\/wp-content\/uploads\/2026\/02\/Check.svg\" alt=\"\" width=\"18\" height=\"15\" \/>Synliga resultat fr\u00e5n den f\u00f6rsta s\u00e4songen.<\/strong>\u00a0Fr\u00e5n de allra f\u00f6rsta veckorna efter appliceringen kommer du att se en mer dynamisk tr\u00e4dtillv\u00e4xt, b\u00e4ttre rotdensitet och en \u00f6vergripande f\u00f6rb\u00e4ttring av tryffeltr\u00e4dets h\u00e4lsostatus. Detta g\u00f6dselmedel stimulerar rotbildning och sekund\u00e4ra r\u00f6tter, vilket fr\u00e4mjar mykorrhization och tryffelproduktion.<\/p>\n<h2><strong>Anv\u00e4ndningsprotokoll<\/strong><\/h2>\n<p><strong>Rekommenderad dosering <\/strong>:<\/p>\n<ul>\n<li>200 gram g\u00f6dningsmedel per tr\u00e4d, som ska appliceras en eller tv\u00e5 g\u00e5nger om \u00e5ret, helst p\u00e5 v\u00e5ren och h\u00f6sten.<\/li>\n<li>F\u00f6r unga plantager r\u00e4cker det med en reducerad dos p\u00e5 100 gram per tr\u00e4d f\u00f6r att fr\u00e4mja snabb etablering och j\u00e4mn tillv\u00e4xt.<\/li>\n<\/ul>\n<p><strong>Till\u00e4mpningsmetod <\/strong>:<\/p>\n<ul>\n<li>Sprid ut g\u00f6dselmedlet i en cirkel runt tr\u00e4dets bas och se till att det inte placeras direkt p\u00e5 stammen.<\/li>\n<li>Inf\u00f6rliva g\u00f6dselmedlet l\u00e4tt i jorden med en kratta eller klo f\u00f6r att s\u00e4kerst\u00e4lla b\u00e4ttre n\u00e4ringsassimilering.<\/li>\n<li>Vattna efter applicering f\u00f6r att fr\u00e4mja fris\u00e4ttningen av mineral\u00e4mnen och aktivera markens mikrobiella aktivitet.<\/li>\n<\/ul>\n<p><strong>Anv\u00e4ndningsfrekvens <\/strong>:<\/p>\n<ul>\n<li><strong>P\u00e5 v\u00e5ren (mars-april) <\/strong>: F\u00f6r att fr\u00e4mja rotutvecklingen och stimulera tryffelmycelium.<\/li>\n<li><strong>P\u00e5 h\u00f6sten (september-oktober) <\/strong>: F\u00f6r att f\u00f6rbereda tryffeltr\u00e4den f\u00f6r den kalla \u00e5rstiden och st\u00f6dja deras n\u00e4ring f\u00f6r n\u00e4sta \u00e5r.<\/li>\n<\/ul>\n<p><strong>F\u00f6rsiktighets\u00e5tg\u00e4rder vid anv\u00e4ndning <\/strong>:<\/p>\n<ul>\n<li>Undvik \u00f6verdosering, eftersom f\u00f6r mycket g\u00f6dsling kan rubba balansen i jorden och bromsa tryffelbildningen.<\/li>\n<li>Anv\u00e4nd inte p\u00e5 sommaren under perioder med h\u00f6g v\u00e4rme, eftersom n\u00e4ringsupptaget \u00e4r l\u00e4gre och avdunstningen \u00f6kar.<\/li>\n<li>F\u00f6rvara p\u00e5 en torr, ventilerad plats, skyddad fr\u00e5n fukt f\u00f6r att bevara produktens kvalitet och effektivitet.<\/li>\n<\/ul>\n<p>Detta tryffelg\u00f6dselmedel \u00e4r den perfekta l\u00f6sningen f\u00f6r alla tryffelodlingsentusiaster som vill maximera tr\u00e4dtillv\u00e4xten och optimera tryffelproduktionen.<br \/>\nDen \u00e4r enkel att anv\u00e4nda, kostnadseffektiv och milj\u00f6v\u00e4nlig och erbjuder en komplett och h\u00e5llbar g\u00f6dsling f\u00f6r en rik och produktiv jord.<\/p>","protected":false},"excerpt":{"rendered":"<p>A fertilizer specially designed to promote truffle mycorrhization.\u00a0This granular fertilizer has been specially formulated to meet the needs of truffle trees, by providing the essential nutrients needed for their development. It promotes a balanced and progressive nutrition, which stimulates root growth and the implantation of the truffle mycelium. Thanks to its balanced formulation in nitrogen, [&hellip;]<\/p>\n","protected":false},"featured_media":27436,"comment_status":"open","ping_status":"closed","template":"","meta":{"_uag_custom_page_level_css":"","site-sidebar-layout":"default","site-content-layout":"","ast-site-content-layout":"default","site-content-style":"default","site-sidebar-style":"default","ast-global-header-display":"","ast-banner-title-visibility":"","ast-main-header-display":"","ast-hfb-above-header-display":"","ast-hfb-below-header-display":"","ast-hfb-mobile-header-display":"","site-post-title":"","ast-breadcrumbs-content":"","ast-featured-img":"","footer-sml-layout":"","ast-disable-related-posts":"","theme-transparent-header-meta":"default","adv-header-id-meta":"","stick-header-meta":"","header-above-stick-meta":"","header-main-stick-meta":"","header-below-stick-meta":"","astra-migrate-meta-layouts":"set","ast-page-background-enabled":"default","ast-page-background-meta":{"desktop":{"background-color":"var(--ast-global-color-4)","background-image":"","background-repeat":"repeat","background-position":"center center","background-size":"auto","background-attachment":"scroll","background-type":"","background-media":"","overlay-type":"","overlay-color":"","overlay-opacity":"","overlay-gradient":""},"tablet":{"background-color":"","background-image":"","background-repeat":"repeat","background-position":"center center","background-size":"auto","background-attachment":"scroll","background-type":"","background-media":"","overlay-type":"","overlay-color":"","overlay-opacity":"","overlay-gradient":""},"mobile":{"background-color":"","background-image":"","background-repeat":"repeat","background-position":"center center","background-size":"auto","background-attachment":"scroll","background-type":"","background-media":"","overlay-type":"","overlay-color":"","overlay-opacity":"","overlay-gradient":""}},"ast-content-background-meta":{"desktop":{"background-color":"var(--ast-global-color-5)","background-image":"","background-repeat":"repeat","background-position":"center center","background-size":"auto","background-attachment":"scroll","background-type":"","background-media":"","overlay-type":"","overlay-color":"","overlay-opacity":"","overlay-gradient":""},"tablet":{"background-color":"var(--ast-global-color-5)","background-image":"","background-repeat":"repeat","background-position":"center center","background-size":"auto","background-attachment":"scroll","background-type":"","background-media":"","overlay-type":"","overlay-color":"","overlay-opacity":"","overlay-gradient":""},"mobile":{"background-color":"var(--ast-global-color-5)","background-image":"","background-repeat":"repeat","background-position":"center center","background-size":"auto","background-attachment":"scroll","background-type":"","background-media":"","overlay-type":"","overlay-color":"","overlay-opacity":"","overlay-gradient":""}}},"product_brand":[],"product_cat":[178],"product_tag":[],"class_list":{"0":"post-25604","1":"product","2":"type-product","3":"status-publish","4":"has-post-thumbnail","6":"product_cat-fertilizers","7":"desktop-align-left","8":"tablet-align-left","9":"mobile-align-left","11":"first","12":"instock","13":"taxable","14":"shipping-taxable","15":"purchasable","16":"product-type-simple"},"spectra_custom_meta":{"_visibility":["visible"],"_shopify_product_id":["9073230774517"],"_s2w_shopify_domain":["ferberpainting.myshopify.com"],"_shopify_variant_id":["46524447981813"],"_sku":["FPTRUFFLETREEFERTILIZER25KG"],"_regular_price":["39.90"],"_price":["39.90"],"_sale_price":[""],"_weight":["18.7"],"_thumbnail_id":["27436"],"_global_unique_id":["5056773817920"],"total_sales":["14"],"_tax_status":["taxable"],"_tax_class":[""],"_manage_stock":["no"],"_backorders":["no"],"_sold_individually":["no"],"_virtual":["no"],"_downloadable":["no"],"_download_limit":["-1"],"_download_expiry":["-1"],"_stock":[null],"_stock_status":["instock"],"_wc_average_rating":["5.00"],"_wc_review_count":["33"],"_product_version":["10.5.1"],"_wc_rating_count":["a:1:{i:5;i:33;}"],"_edit_lock":["1771246083:1"],"merchant-center-availability":["yes"],"merchant-center-category":["113"],"_edit_last":["1"],"_wp_page_template":["default"],"site-sidebar-layout":["default"],"ast-site-content-layout":["default"],"site-content-style":["default"],"site-sidebar-style":["default"],"theme-transparent-header-meta":["default"],"astra-migrate-meta-layouts":["set"],"_uag_css_file_name":["uag-css-25604.css"],"_elementor_page_assets":["a:0:{}"]},"uagb_featured_image_src":{"full":["https:\/\/www.ferberpainting.com\/wp-content\/uploads\/2025\/05\/TruffleTreeFertilizer.png",2560,2560,false],"thumbnail":["https:\/\/www.ferberpainting.com\/wp-content\/uploads\/2025\/05\/TruffleTreeFertilizer-150x150.png",150,150,true],"medium":["https:\/\/www.ferberpainting.com\/wp-content\/uploads\/2025\/05\/TruffleTreeFertilizer-300x300.png",300,300,true],"medium_large":["https:\/\/www.ferberpainting.com\/wp-content\/uploads\/2025\/05\/TruffleTreeFertilizer-768x768.png",768,768,true],"large":["https:\/\/www.ferberpainting.com\/wp-content\/uploads\/2025\/05\/TruffleTreeFertilizer-1024x1024.png",1024,1024,true],"1536x1536":["https:\/\/www.ferberpainting.com\/wp-content\/uploads\/2025\/05\/TruffleTreeFertilizer-1536x1536.png",1536,1536,true],"2048x2048":["https:\/\/www.ferberpainting.com\/wp-content\/uploads\/2025\/05\/TruffleTreeFertilizer-2048x2048.png",2048,2048,true],"trp-custom-language-flag":["https:\/\/www.ferberpainting.com\/wp-content\/uploads\/2025\/05\/TruffleTreeFertilizer-12x12.png",12,12,true],"woocommerce_thumbnail":["https:\/\/www.ferberpainting.com\/wp-content\/uploads\/2025\/05\/TruffleTreeFertilizer-300x300.png",300,300,true],"woocommerce_single":["https:\/\/www.ferberpainting.com\/wp-content\/uploads\/2025\/05\/TruffleTreeFertilizer-600x600.png",600,600,true],"woocommerce_gallery_thumbnail":["https:\/\/www.ferberpainting.com\/wp-content\/uploads\/2025\/05\/TruffleTreeFertilizer-100x100.png",100,100,true]},"uagb_author_info":{"display_name":"admin","author_link":"https:\/\/www.ferberpainting.com\/se\/author\/"},"uagb_comment_info":33,"uagb_excerpt":"A fertilizer specially designed to promote truffle mycorrhization.\u00a0This granular fertilizer has been specially formulated to meet the needs of truffle trees, by providing the essential nutrients needed for their development. It promotes a balanced and progressive nutrition, which stimulates root growth and the implantation of the truffle mycelium. Thanks to its balanced formulation in nitrogen,&hellip;","_links":{"self":[{"href":"https:\/\/www.ferberpainting.com\/se\/wp-json\/wp\/v2\/product\/25604","targetHints":{"allow":["GET"]}}],"collection":[{"href":"https:\/\/www.ferberpainting.com\/se\/wp-json\/wp\/v2\/product"}],"about":[{"href":"https:\/\/www.ferberpainting.com\/se\/wp-json\/wp\/v2\/types\/product"}],"replies":[{"embeddable":true,"href":"https:\/\/www.ferberpainting.com\/se\/wp-json\/wp\/v2\/comments?post=25604"}],"version-history":[{"count":5,"href":"https:\/\/www.ferberpainting.com\/se\/wp-json\/wp\/v2\/product\/25604\/revisions"}],"predecessor-version":[{"id":167495,"href":"https:\/\/www.ferberpainting.com\/se\/wp-json\/wp\/v2\/product\/25604\/revisions\/167495"}],"wp:featuredmedia":[{"embeddable":true,"href":"https:\/\/www.ferberpainting.com\/se\/wp-json\/wp\/v2\/media\/27436"}],"wp:attachment":[{"href":"https:\/\/www.ferberpainting.com\/se\/wp-json\/wp\/v2\/media?parent=25604"}],"wp:term":[{"taxonomy":"product_brand","embeddable":true,"href":"https:\/\/www.ferberpainting.com\/se\/wp-json\/wp\/v2\/product_brand?post=25604"},{"taxonomy":"product_cat","embeddable":true,"href":"https:\/\/www.ferberpainting.com\/se\/wp-json\/wp\/v2\/product_cat?post=25604"},{"taxonomy":"product_tag","embeddable":true,"href":"https:\/\/www.ferberpainting.com\/se\/wp-json\/wp\/v2\/product_tag?post=25604"}],"curies":[{"name":"wp","href":"https:\/\/api.w.org\/{rel}","templated":true}]}}