{"id":25599,"date":"2025-05-26T10:32:34","date_gmt":"2025-05-26T08:32:34","guid":{"rendered":"https:\/\/www.ferberpainting.com\/products\/tree-and-shrub-fertilizer\/"},"modified":"2026-02-16T13:24:25","modified_gmt":"2026-02-16T12:24:25","slug":"tree-and-shrub-fertilizer","status":"publish","type":"product","link":"https:\/\/www.ferberpainting.com\/se\/products\/tree-and-shrub-fertilizer\/","title":{"rendered":"G\u00f6dselmedel f\u00f6r tr\u00e4d och buskar 25 kg"},"content":{"rendered":"<p><strong><img decoding=\"async\" style=\"margin-right: 12px;\" src=\"https:\/\/www.ferberpainting.com\/wp-content\/uploads\/2026\/02\/Check.svg\" alt=\"\" width=\"18\" height=\"15\" \/>Ett balanserat g\u00f6dningsmedel f\u00f6r kraftig tillv\u00e4xt.<\/strong>\u00a0Detta g\u00f6dselmedel f\u00f6r tr\u00e4d och buskar \u00e4r speciellt formulerat f\u00f6r att tillgodose n\u00e4ringsbehoven hos tr\u00e4d, buskar och h\u00e4ckar, vilket fr\u00e4mjar en sund och balanserad tillv\u00e4xt. Tack vare sin NPK 10-10-10-sammans\u00e4ttning ger den en optimal tillf\u00f6rsel av kv\u00e4ve (N) f\u00f6r bladutveckling, fosfor (P) f\u00f6r stark rotning och kalium (K) f\u00f6r att f\u00f6rb\u00e4ttra motst\u00e5ndskraften mot sjukdomar och klimatvariationer. Den \u00e4r idealisk f\u00f6r att s\u00e4kerst\u00e4lla harmonisk tillv\u00e4xt och gener\u00f6s blomning av utomhusplantager.<\/p>\n<p><strong><img decoding=\"async\" style=\"margin-right: 12px;\" src=\"https:\/\/www.ferberpainting.com\/wp-content\/uploads\/2026\/02\/Check.svg\" alt=\"\" width=\"18\" height=\"15\" \/>Pengar-tillbaka-garanti.<\/strong>\u00a0Vi har absolut f\u00f6rtroende f\u00f6r effektiviteten hos v\u00e5rt g\u00f6dselmedel f\u00f6r tr\u00e4d och buskar. Det \u00e4r d\u00e4rf\u00f6r vi erbjuder en pengarna-tillbaka-garanti. Om du, efter att ha anv\u00e4nt det enligt rekommendationerna, inte m\u00e4rker en betydande f\u00f6rb\u00e4ttring av tillv\u00e4xten och kraften hos dina v\u00e4xter, kan du beg\u00e4ra \u00e5terbetalning utan n\u00e5gra villkor, vilket garanterar ett bekymmersfritt k\u00f6p.<\/p>\n<p><strong><img decoding=\"async\" style=\"margin-right: 12px;\" src=\"https:\/\/www.ferberpainting.com\/wp-content\/uploads\/2026\/02\/Check.svg\" alt=\"\" width=\"18\" height=\"15\" \/>L\u00e4mplig f\u00f6r alla typer av tr\u00e4d och buskar.<\/strong>\u00a0Detta g\u00f6dselmedel \u00e4r l\u00e4mpligt f\u00f6r frukttr\u00e4d, prydnadstr\u00e4d, barrtr\u00e4d, h\u00e4ckar och blommande buskar. Det kan anv\u00e4ndas f\u00f6r b\u00e5de planteringar p\u00e5 friland och krukv\u00e4xter. Dess l\u00e5ngsamma fris\u00e4ttning s\u00e4kerst\u00e4ller kontinuerlig befruktning, vilket gynnar alla v\u00e4xtarter, oavsett om det \u00e4r unga v\u00e4xter eller mogna tr\u00e4d som kr\u00e4ver regelbunden n\u00e4ringstillf\u00f6rsel.<\/p>\n<p><strong><img decoding=\"async\" style=\"margin-right: 12px;\" src=\"https:\/\/www.ferberpainting.com\/wp-content\/uploads\/2026\/02\/Check.svg\" alt=\"\" width=\"18\" height=\"15\" \/>Kostnadseffektivt utbyte och l\u00e5ngvarig g\u00f6dsling.<\/strong>\u00a0Tack vare sin sammans\u00e4ttning frig\u00f6r detta g\u00f6dselmedel gradvis n\u00e4rings\u00e4mnen i jorden under en l\u00e4ngre period. En p\u00e5se p\u00e5 25 kg r\u00e4cker till upp till 125 tr\u00e4d, med en rekommenderad dosering p\u00e5 200 g per tr\u00e4d. Dess koncentration bidrar till att minimera behovet av frekvent p\u00e5fyllning samtidigt som den s\u00e4kerst\u00e4ller effektiv och l\u00e5ngvarig befruktning.<\/p>\n<p><strong><img decoding=\"async\" style=\"margin-right: 12px;\" src=\"https:\/\/www.ferberpainting.com\/wp-content\/uploads\/2026\/02\/Check.svg\" alt=\"\" width=\"18\" height=\"15\" \/>En s\u00e4ker produkt som tar h\u00e4nsyn till milj\u00f6n.<\/strong>\u00a0Detta g\u00f6dselmedel \u00e4r giftfritt och s\u00e4kert f\u00f6r jordar, v\u00e4xter och milj\u00f6n. Det inneh\u00e5ller inte aggressiva kemikalier som kan skada markens mikrofauna. Den gradvisa fris\u00e4ttningen begr\u00e4nsar f\u00f6roreningsriskerna fr\u00e5n urlakning och s\u00e4kerst\u00e4ller optimal n\u00e4ringsabsorption av r\u00f6tterna, vilket minskar avfallet.<\/p>\n<p><strong><img decoding=\"async\" style=\"margin-right: 12px;\" src=\"https:\/\/www.ferberpainting.com\/wp-content\/uploads\/2026\/02\/Check.svg\" alt=\"\" width=\"18\" height=\"15\" \/>Enkel applicering och problemfri g\u00f6dsling.<\/strong>\u00a0Till skillnad fr\u00e5n flytande g\u00f6dselmedel som kr\u00e4ver f\u00f6rsp\u00e4dning appliceras detta g\u00f6dselmedel direkt vid basen av tr\u00e4d och buskar, utan komplexa f\u00f6rberedelser. Det \u00e4r bara att sprida det runt v\u00e4xten och l\u00e4tt inf\u00f6rliva det i jorden f\u00f6r att s\u00e4kerst\u00e4lla en gradvis fris\u00e4ttning av n\u00e4rings\u00e4mnen. Denna anv\u00e4ndarv\u00e4nlighet g\u00f6r det till ett idealiskt val f\u00f6r b\u00e5de amat\u00f6rtr\u00e4dg\u00e5rdsm\u00e4stare och professionella landskapsarkitekter.<\/p>\n<p><strong><img decoding=\"async\" style=\"margin-right: 12px;\" src=\"https:\/\/www.ferberpainting.com\/wp-content\/uploads\/2026\/02\/Check.svg\" alt=\"\" width=\"18\" height=\"15\" \/>L\u00e5ngvarig verkan f\u00f6r optimal tillv\u00e4xt och motst\u00e5ndskraft.<\/strong>\u00a0Tack vare sin l\u00e5ngvariga effekt ger detta g\u00f6dselmedel kontinuerlig n\u00e4ring till planteringar, vilket fr\u00e4mjar t\u00e4tare l\u00f6vverk, mer livfulla blommor och b\u00e4ttre frukt f\u00f6r frukttr\u00e4d. Det st\u00e4rker ocks\u00e5 tr\u00e4dens motst\u00e5ndskraft mot sjukdomar, skadedjur och h\u00e5rda klimatf\u00f6rh\u00e5llanden, vilket s\u00e4kerst\u00e4ller deras goda h\u00e4lsa under hela \u00e5ret.<\/p>\n<p><strong><img decoding=\"async\" style=\"margin-right: 12px;\" src=\"https:\/\/www.ferberpainting.com\/wp-content\/uploads\/2026\/02\/Check.svg\" alt=\"\" width=\"18\" height=\"15\" \/>Synliga resultat p\u00e5 bara n\u00e5gra veckor.<\/strong>\u00a0Fr\u00e5n de allra f\u00f6rsta applikationerna stimulerar detta g\u00f6dselmedel tillv\u00e4xten av unga skott och f\u00f6rb\u00e4ttrar l\u00f6vverkets f\u00e4rg. Inom n\u00e5gra veckor uppvisar tr\u00e4d och buskar st\u00f6rre kraft och deras rotsystem blir starkare, vilket g\u00f6r att de b\u00e4ttre kan absorbera vatten och markn\u00e4rings\u00e4mnen.<\/p>\n<h2><strong>Anv\u00e4ndning Protokoll<\/strong><\/h2>\n<ul>\n<li><strong>Ans\u00f6kningsperiod <\/strong>: Applicera tv\u00e5 g\u00e5nger per \u00e5r, p\u00e5 v\u00e5ren (mars-april) och h\u00f6sten (september-oktober), f\u00f6r att s\u00e4kerst\u00e4lla en n\u00e4ringstillf\u00f6rsel som \u00e4r anpassad till tr\u00e4dens och buskarnas tillv\u00e4xt- och vilocykler.<\/li>\n<li><strong>Rekommenderad dosering <\/strong>: F\u00f6rdela 200 g g\u00f6dningsmedel per tr\u00e4d eller buske, vilket \u00e4r ungef\u00e4r en hel handfull. F\u00f6r kruk- eller containerv\u00e4xter, justera dosen till 100 g per beh\u00e5llare, beroende p\u00e5 v\u00e4xtstorlek.<\/li>\n<li><strong>Till\u00e4mpningsmetod <\/strong>: Sprid g\u00f6dselmedlet i en cirkel runt stammen och se till att f\u00f6rdela det cirka 30 cm fr\u00e5n basen s\u00e5 att r\u00f6tterna gradvis kan absorbera det. Placera inte g\u00f6dselmedlet direkt mot stammen f\u00f6r att undvika \u00f6verdriven koncentration av n\u00e4rings\u00e4mnen vid tr\u00e4dets botten.<\/li>\n<li><strong>Inkorporering i jorden <\/strong>: Kratta jordytan l\u00e4tt med en kratta eller hacka f\u00f6r att fr\u00e4mja infiltrationen av n\u00e4rings\u00e4mnen och s\u00e4kerst\u00e4lla god kontakt med underlaget.<\/li>\n<li><strong>Bevattning efter applicering <\/strong>: Efter spridning, vattna rikligt f\u00f6r att aktivera n\u00e4ringsdiffusion och underl\u00e4tta rotabsorption. Regelbunden vattning under de f\u00f6ljande veckorna bidrar till b\u00e4ttre absorption och effektivare g\u00f6dsling.<\/li>\n<li><strong>Underh\u00e5ll och \u00f6vervakning <\/strong>: F\u00f6r unga tr\u00e4d och buskar i full tillv\u00e4xt kan en extra applicering p\u00e5 sommaren (juli-augusti) utf\u00f6ras f\u00f6r att stimulera deras utveckling och f\u00f6rb\u00e4ttra deras motst\u00e5ndskraft mot torkperioder.<\/li>\n<li><strong>F\u00f6rsiktighets\u00e5tg\u00e4rder vid anv\u00e4ndning <\/strong>: \u00d6verskrid inte de rekommenderade doserna f\u00f6r att f\u00f6rhindra att \u00f6verskott av n\u00e4rings\u00e4mnen orsakar obalanserad tillv\u00e4xt. Applicera inte p\u00e5 frusen mark eller under perioder av intensiv torka utan extra vattning.<\/li>\n<li><strong>F\u00f6rvaring och konservering <\/strong>: F\u00f6rvara g\u00f6dselmedelsp\u00e5sen p\u00e5 en torr plats, borta fr\u00e5n fukt och ljus. St\u00e4ng alltid p\u00e5sen t\u00e4tt efter varje anv\u00e4ndning f\u00f6r att bevara produktkvaliteten och f\u00f6rhindra fuktabsorption.<\/li>\n<\/ul>\n<p>Med detta g\u00f6dningsmedel f\u00f6r tr\u00e4d och buskar f\u00f6rser du dina v\u00e4xter med fullst\u00e4ndig och balanserad n\u00e4ring, vilket fr\u00e4mjar kraftig tillv\u00e4xt, b\u00e4ttre motst\u00e5ndskraft mot yttre aggressioner och mer intensiv blomning. Det \u00e4r den perfekta l\u00f6sningen f\u00f6r gr\u00f6nomr\u00e5den som lyser av h\u00e4lsa och f\u00f6r starka, produktiva tr\u00e4d.<\/p>","protected":false},"excerpt":{"rendered":"<p>A balanced fertilizer for vigorous growth.\u00a0This tree and shrub fertilizer is specially formulated to meet the nutritional needs of trees, shrubs, and hedges, promoting healthy and balanced growth. Thanks to its NPK 10-10-10 composition, it provides an optimal supply of nitrogen (N) for foliage development, phosphorus (P) for strong rooting, and potassium (K) to enhance [&hellip;]<\/p>\n","protected":false},"featured_media":27431,"comment_status":"open","ping_status":"closed","template":"","meta":{"_uag_custom_page_level_css":"","site-sidebar-layout":"default","site-content-layout":"","ast-site-content-layout":"default","site-content-style":"default","site-sidebar-style":"default","ast-global-header-display":"","ast-banner-title-visibility":"","ast-main-header-display":"","ast-hfb-above-header-display":"","ast-hfb-below-header-display":"","ast-hfb-mobile-header-display":"","site-post-title":"","ast-breadcrumbs-content":"","ast-featured-img":"","footer-sml-layout":"","ast-disable-related-posts":"","theme-transparent-header-meta":"default","adv-header-id-meta":"","stick-header-meta":"","header-above-stick-meta":"","header-main-stick-meta":"","header-below-stick-meta":"","astra-migrate-meta-layouts":"set","ast-page-background-enabled":"default","ast-page-background-meta":{"desktop":{"background-color":"var(--ast-global-color-4)","background-image":"","background-repeat":"repeat","background-position":"center center","background-size":"auto","background-attachment":"scroll","background-type":"","background-media":"","overlay-type":"","overlay-color":"","overlay-opacity":"","overlay-gradient":""},"tablet":{"background-color":"","background-image":"","background-repeat":"repeat","background-position":"center center","background-size":"auto","background-attachment":"scroll","background-type":"","background-media":"","overlay-type":"","overlay-color":"","overlay-opacity":"","overlay-gradient":""},"mobile":{"background-color":"","background-image":"","background-repeat":"repeat","background-position":"center center","background-size":"auto","background-attachment":"scroll","background-type":"","background-media":"","overlay-type":"","overlay-color":"","overlay-opacity":"","overlay-gradient":""}},"ast-content-background-meta":{"desktop":{"background-color":"var(--ast-global-color-5)","background-image":"","background-repeat":"repeat","background-position":"center center","background-size":"auto","background-attachment":"scroll","background-type":"","background-media":"","overlay-type":"","overlay-color":"","overlay-opacity":"","overlay-gradient":""},"tablet":{"background-color":"var(--ast-global-color-5)","background-image":"","background-repeat":"repeat","background-position":"center center","background-size":"auto","background-attachment":"scroll","background-type":"","background-media":"","overlay-type":"","overlay-color":"","overlay-opacity":"","overlay-gradient":""},"mobile":{"background-color":"var(--ast-global-color-5)","background-image":"","background-repeat":"repeat","background-position":"center center","background-size":"auto","background-attachment":"scroll","background-type":"","background-media":"","overlay-type":"","overlay-color":"","overlay-opacity":"","overlay-gradient":""}}},"product_brand":[],"product_cat":[178],"product_tag":[],"class_list":{"0":"post-25599","1":"product","2":"type-product","3":"status-publish","4":"has-post-thumbnail","6":"product_cat-fertilizers","7":"desktop-align-left","8":"tablet-align-left","9":"mobile-align-left","11":"first","12":"instock","13":"taxable","14":"shipping-taxable","15":"purchasable","16":"product-type-simple"},"spectra_custom_meta":{"_visibility":["visible"],"_shopify_product_id":["9062388728053"],"_s2w_shopify_domain":["ferberpainting.myshopify.com"],"_shopify_variant_id":["46488683741429"],"_sku":["FPTREEANDSHRUBFERTILIZER25KG"],"_regular_price":["39.90"],"_price":["39.90"],"_sale_price":[""],"_weight":["18.5"],"_thumbnail_id":["27431"],"_global_unique_id":["5056773816916"],"total_sales":["12"],"_tax_status":["taxable"],"_tax_class":[""],"_manage_stock":["no"],"_backorders":["no"],"_sold_individually":["no"],"_virtual":["no"],"_downloadable":["no"],"_download_limit":["-1"],"_download_expiry":["-1"],"_stock":[null],"_stock_status":["instock"],"_wc_average_rating":["5.00"],"_wc_review_count":["33"],"_product_version":["10.5.1"],"_edit_lock":["1771244545:1"],"_edit_last":["1"],"_wp_page_template":["default"],"site-sidebar-layout":["default"],"ast-site-content-layout":["default"],"site-content-style":["default"],"site-sidebar-style":["default"],"theme-transparent-header-meta":["default"],"_wc_rating_count":["a:1:{i:5;i:33;}"],"merchant-center-availability":["yes"],"merchant-center-category":["113"],"astra-migrate-meta-layouts":["set"],"_uag_css_file_name":["uag-css-25599.css"],"_elementor_page_assets":["a:0:{}"],"_uag_page_assets":["a:9:{s:3:\"css\";s:7133:\".uag-blocks-common-selector{z-index:var(--z-index-desktop) !important}@media(max-width: 976px){.uag-blocks-common-selector{z-index:var(--z-index-tablet) !important}}@media(max-width: 767px){.uag-blocks-common-selector{z-index:var(--z-index-mobile) !important}}.wp-block-uagb-image{display:flex}.wp-block-uagb-image__figure{position:relative;display:flex;flex-direction:column;max-width:100%;height:auto;margin:0}.wp-block-uagb-image__figure img{height:auto;display:flex;max-width:100%;transition:box-shadow .2s ease}.wp-block-uagb-image__figure>a{display:inline-block}.wp-block-uagb-image__figure figcaption{text-align:center;margin-top:.5em;margin-bottom:1em}.wp-block-uagb-image .components-placeholder.block-editor-media-placeholder .components-placeholder__instructions{align-self:center}.wp-block-uagb-image--align-left{text-align:left}.wp-block-uagb-image--align-right{text-align:right}.wp-block-uagb-image--align-center{text-align:center}.wp-block-uagb-image--align-full .wp-block-uagb-image__figure{margin-left:calc(50% - 50vw);margin-right:calc(50% - 50vw);max-width:100vw;width:100vw;height:auto}.wp-block-uagb-image--align-full .wp-block-uagb-image__figure img{height:auto;width:100% !important}.wp-block-uagb-image--align-wide .wp-block-uagb-image__figure img{height:auto;width:100%}.wp-block-uagb-image--layout-overlay__color-wrapper{position:absolute;left:0;top:0;right:0;bottom:0;opacity:.2;background:rgba(0,0,0,.5);transition:opacity .35s ease-in-out}.wp-block-uagb-image--layout-overlay-link{position:absolute;left:0;right:0;bottom:0;top:0}.wp-block-uagb-image--layout-overlay .wp-block-uagb-image__figure:hover .wp-block-uagb-image--layout-overlay__color-wrapper{opacity:1}.wp-block-uagb-image--layout-overlay__inner{position:absolute;left:15px;right:15px;bottom:15px;top:15px;display:flex;align-items:center;justify-content:center;flex-direction:column;border-color:#fff;transition:.35s ease-in-out}.wp-block-uagb-image--layout-overlay__inner.top-left,.wp-block-uagb-image--layout-overlay__inner.top-center,.wp-block-uagb-image--layout-overlay__inner.top-right{justify-content:flex-start}.wp-block-uagb-image--layout-overlay__inner.bottom-left,.wp-block-uagb-image--layout-overlay__inner.bottom-center,.wp-block-uagb-image--layout-overlay__inner.bottom-right{justify-content:flex-end}.wp-block-uagb-image--layout-overlay__inner.top-left,.wp-block-uagb-image--layout-overlay__inner.center-left,.wp-block-uagb-image--layout-overlay__inner.bottom-left{align-items:flex-start}.wp-block-uagb-image--layout-overlay__inner.top-right,.wp-block-uagb-image--layout-overlay__inner.center-right,.wp-block-uagb-image--layout-overlay__inner.bottom-right{align-items:flex-end}.wp-block-uagb-image--layout-overlay__inner .uagb-image-heading{color:#fff;transition:transform .35s,opacity .35s ease-in-out;transform:translate3d(0, 24px, 0);margin:0;line-height:1em}.wp-block-uagb-image--layout-overlay__inner .uagb-image-separator{width:30%;border-top-width:2px;border-top-color:#fff;border-top-style:solid;margin-bottom:10px;opacity:0;transition:transform .4s,opacity .4s ease-in-out;transform:translate3d(0, 30px, 0)}.wp-block-uagb-image--layout-overlay__inner .uagb-image-caption{opacity:0;overflow:visible;color:#fff;transition:transform .45s,opacity .45s ease-in-out;transform:translate3d(0, 35px, 0)}.wp-block-uagb-image--layout-overlay__inner:hover .uagb-image-heading,.wp-block-uagb-image--layout-overlay__inner:hover .uagb-image-separator,.wp-block-uagb-image--layout-overlay__inner:hover .uagb-image-caption{opacity:1;transform:translate3d(0, 0, 0)}.wp-block-uagb-image--effect-zoomin .wp-block-uagb-image__figure img,.wp-block-uagb-image--effect-zoomin .wp-block-uagb-image__figure .wp-block-uagb-image--layout-overlay__color-wrapper{transform:scale(1);transition:transform .35s ease-in-out}.wp-block-uagb-image--effect-zoomin .wp-block-uagb-image__figure:hover img,.wp-block-uagb-image--effect-zoomin .wp-block-uagb-image__figure:hover .wp-block-uagb-image--layout-overlay__color-wrapper{transform:scale(1.05)}.wp-block-uagb-image--effect-slide .wp-block-uagb-image__figure img,.wp-block-uagb-image--effect-slide .wp-block-uagb-image__figure .wp-block-uagb-image--layout-overlay__color-wrapper{width:calc(100% + 40px) !important;max-width:none !important;transform:translate3d(-40px, 0, 0);transition:transform .35s ease-in-out}.wp-block-uagb-image--effect-slide .wp-block-uagb-image__figure:hover img,.wp-block-uagb-image--effect-slide .wp-block-uagb-image__figure:hover .wp-block-uagb-image--layout-overlay__color-wrapper{transform:translate3d(0, 0, 0)}.wp-block-uagb-image--effect-grayscale img{filter:grayscale(0%);transition:.35s ease-in-out}.wp-block-uagb-image--effect-grayscale:hover img{filter:grayscale(100%)}.wp-block-uagb-image--effect-blur img{filter:blur(0);transition:.35s ease-in-out}.wp-block-uagb-image--effect-blur:hover img{filter:blur(3px)}.uagb-block-e6f939b3.wp-block-uagb-image--layout-default figure img{box-shadow: 0px 0px 0 #00000070;}.uagb-block-e6f939b3.wp-block-uagb-image .wp-block-uagb-image__figure figcaption{font-style: normal;align-self: center;}.uagb-block-e6f939b3.wp-block-uagb-image--layout-overlay figure img{box-shadow: 0px 0px 0 #00000070;}.uagb-block-e6f939b3.wp-block-uagb-image--layout-overlay .wp-block-uagb-image--layout-overlay__color-wrapper{opacity: 0.2;}.uagb-block-e6f939b3.wp-block-uagb-image--layout-overlay .wp-block-uagb-image--layout-overlay__inner{left: 15px;right: 15px;top: 15px;bottom: 15px;}.uagb-block-e6f939b3.wp-block-uagb-image--layout-overlay .wp-block-uagb-image--layout-overlay__inner .uagb-image-heading{font-style: normal;color: #fff;opacity: 1;}.uagb-block-e6f939b3.wp-block-uagb-image--layout-overlay .wp-block-uagb-image--layout-overlay__inner .uagb-image-heading a{color: #fff;}.uagb-block-e6f939b3.wp-block-uagb-image--layout-overlay .wp-block-uagb-image--layout-overlay__inner .uagb-image-caption{opacity: 0;}.uagb-block-e6f939b3.wp-block-uagb-image--layout-overlay .wp-block-uagb-image__figure:hover .wp-block-uagb-image--layout-overlay__color-wrapper{opacity: 1;}.uagb-block-e6f939b3.wp-block-uagb-image .wp-block-uagb-image--layout-overlay__inner .uagb-image-separator{width: 30%;border-top-width: 2px;border-top-color: #fff;opacity: 0;}.uagb-block-e6f939b3.wp-block-uagb-image .wp-block-uagb-image__figure img{width: px;height: auto;}.uagb-block-e6f939b3.wp-block-uagb-image .wp-block-uagb-image__figure:hover .wp-block-uagb-image--layout-overlay__inner .uagb-image-caption{opacity: 1;}.uagb-block-e6f939b3.wp-block-uagb-image .wp-block-uagb-image__figure:hover .wp-block-uagb-image--layout-overlay__inner .uagb-image-separator{opacity: 1;}.uagb-block-e6f939b3.wp-block-uagb-image--layout-default figure:hover img{box-shadow: 0px 0px 0 #00000070;}.uagb-block-e6f939b3.wp-block-uagb-image--layout-overlay figure:hover img{box-shadow: 0px 0px 0 #00000070;}@media only screen and (max-width: 976px) {.uagb-block-e6f939b3.wp-block-uagb-image .wp-block-uagb-image__figure img{width: px;height: auto;}}@media only screen and (max-width: 767px) {.uagb-block-e6f939b3.wp-block-uagb-image .wp-block-uagb-image__figure img{width: px;height: auto;}}\";s:2:\"js\";s:0:\"\";s:18:\"current_block_list\";a:13:{i:0;s:11:\"core\/search\";i:1;s:10:\"core\/group\";i:2;s:12:\"core\/heading\";i:3;s:17:\"core\/latest-posts\";i:4;s:20:\"core\/latest-comments\";i:5;s:13:\"core\/archives\";i:6;s:15:\"core\/categories\";i:7;s:14:\"core\/paragraph\";i:8;s:10:\"uagb\/image\";i:9;s:11:\"core\/spacer\";i:10;s:30:\"woocommerce\/product-categories\";i:11;s:10:\"core\/image\";i:12;s:14:\"core\/shortcode\";}s:8:\"uag_flag\";b:1;s:11:\"uag_version\";s:10:\"1777330274\";s:6:\"gfonts\";a:0:{}s:10:\"gfonts_url\";s:0:\"\";s:12:\"gfonts_files\";a:0:{}s:14:\"uag_faq_layout\";b:0;}"]},"uagb_featured_image_src":{"full":["https:\/\/www.ferberpainting.com\/wp-content\/uploads\/2025\/05\/TreeandShrubFertilizer25kg.png",2560,2560,false],"thumbnail":["https:\/\/www.ferberpainting.com\/wp-content\/uploads\/2025\/05\/TreeandShrubFertilizer25kg-150x150.png",150,150,true],"medium":["https:\/\/www.ferberpainting.com\/wp-content\/uploads\/2025\/05\/TreeandShrubFertilizer25kg-300x300.png",300,300,true],"medium_large":["https:\/\/www.ferberpainting.com\/wp-content\/uploads\/2025\/05\/TreeandShrubFertilizer25kg-768x768.png",768,768,true],"large":["https:\/\/www.ferberpainting.com\/wp-content\/uploads\/2025\/05\/TreeandShrubFertilizer25kg-1024x1024.png",1024,1024,true],"1536x1536":["https:\/\/www.ferberpainting.com\/wp-content\/uploads\/2025\/05\/TreeandShrubFertilizer25kg-1536x1536.png",1536,1536,true],"2048x2048":["https:\/\/www.ferberpainting.com\/wp-content\/uploads\/2025\/05\/TreeandShrubFertilizer25kg-2048x2048.png",2048,2048,true],"trp-custom-language-flag":["https:\/\/www.ferberpainting.com\/wp-content\/uploads\/2025\/05\/TreeandShrubFertilizer25kg-12x12.png",12,12,true],"woocommerce_thumbnail":["https:\/\/www.ferberpainting.com\/wp-content\/uploads\/2025\/05\/TreeandShrubFertilizer25kg-300x300.png",300,300,true],"woocommerce_single":["https:\/\/www.ferberpainting.com\/wp-content\/uploads\/2025\/05\/TreeandShrubFertilizer25kg-600x600.png",600,600,true],"woocommerce_gallery_thumbnail":["https:\/\/www.ferberpainting.com\/wp-content\/uploads\/2025\/05\/TreeandShrubFertilizer25kg-100x100.png",100,100,true]},"uagb_author_info":{"display_name":"admin","author_link":"https:\/\/www.ferberpainting.com\/se\/author\/"},"uagb_comment_info":33,"uagb_excerpt":"A balanced fertilizer for vigorous growth.\u00a0This tree and shrub fertilizer is specially formulated to meet the nutritional needs of trees, shrubs, and hedges, promoting healthy and balanced growth. Thanks to its NPK 10-10-10 composition, it provides an optimal supply of nitrogen (N) for foliage development, phosphorus (P) for strong rooting, and potassium (K) to enhance&hellip;","_links":{"self":[{"href":"https:\/\/www.ferberpainting.com\/se\/wp-json\/wp\/v2\/product\/25599","targetHints":{"allow":["GET"]}}],"collection":[{"href":"https:\/\/www.ferberpainting.com\/se\/wp-json\/wp\/v2\/product"}],"about":[{"href":"https:\/\/www.ferberpainting.com\/se\/wp-json\/wp\/v2\/types\/product"}],"replies":[{"embeddable":true,"href":"https:\/\/www.ferberpainting.com\/se\/wp-json\/wp\/v2\/comments?post=25599"}],"version-history":[{"count":5,"href":"https:\/\/www.ferberpainting.com\/se\/wp-json\/wp\/v2\/product\/25599\/revisions"}],"predecessor-version":[{"id":167462,"href":"https:\/\/www.ferberpainting.com\/se\/wp-json\/wp\/v2\/product\/25599\/revisions\/167462"}],"wp:featuredmedia":[{"embeddable":true,"href":"https:\/\/www.ferberpainting.com\/se\/wp-json\/wp\/v2\/media\/27431"}],"wp:attachment":[{"href":"https:\/\/www.ferberpainting.com\/se\/wp-json\/wp\/v2\/media?parent=25599"}],"wp:term":[{"taxonomy":"product_brand","embeddable":true,"href":"https:\/\/www.ferberpainting.com\/se\/wp-json\/wp\/v2\/product_brand?post=25599"},{"taxonomy":"product_cat","embeddable":true,"href":"https:\/\/www.ferberpainting.com\/se\/wp-json\/wp\/v2\/product_cat?post=25599"},{"taxonomy":"product_tag","embeddable":true,"href":"https:\/\/www.ferberpainting.com\/se\/wp-json\/wp\/v2\/product_tag?post=25599"}],"curies":[{"name":"wp","href":"https:\/\/api.w.org\/{rel}","templated":true}]}}