{"id":25596,"date":"2025-06-30T19:41:23","date_gmt":"2025-06-30T17:41:23","guid":{"rendered":"https:\/\/www.ferberpainting.com\/?post_type=product&#038;p=25593"},"modified":"2026-02-16T13:22:02","modified_gmt":"2026-02-16T12:22:02","slug":"travertine-water-repellent","status":"publish","type":"product","link":"https:\/\/www.ferberpainting.com\/se\/products\/travertine-water-repellent\/","title":{"rendered":"Vattenavvisande f\u00f6r travertin"},"content":{"rendered":"<p><strong><img decoding=\"async\" style=\"margin-right: 12px;\" src=\"https:\/\/www.ferberpainting.com\/wp-content\/uploads\/2026\/02\/Check.svg\" alt=\"\" width=\"18\" height=\"15\" \/>L\u00e5ngvarigt skydd.<\/strong>\u00a0Vattent\u00e4tningsmedlet f\u00f6r travertin \u00e4r den perfekta l\u00f6sningen f\u00f6r att bevara sk\u00f6nheten i dina travertinytor. Denna produkt \u00e4r speciellt framtagen f\u00f6r att skapa en osynlig barri\u00e4r som effektivt skyddar mot fukt, fl\u00e4ckar och smuts. Den hindrar vattenst\u00e4nk, fett och andra \u00e4mnen fr\u00e5n att tr\u00e4nga in i stenen, samtidigt som den bibeh\u00e5ller sitt naturliga utseende och sin struktur.<\/p>\n<p><strong><img decoding=\"async\" style=\"margin-right: 12px;\" src=\"https:\/\/www.ferberpainting.com\/wp-content\/uploads\/2026\/02\/Check.svg\" alt=\"\" width=\"18\" height=\"15\" \/>Pengar-tillbaka-garanti.<\/strong> Vi \u00e4r \u00f6vertygade om att v\u00e5r produkt \u00e4r effektiv och erbjuder en n\u00f6jdhets- eller \u00e5terbetalningsgaranti. Om du inte \u00e4r n\u00f6jd med resultatet kan du beg\u00e4ra full \u00e5terbetalning. Din tillfredsst\u00e4llelse \u00e4r v\u00e5r prioritet, det \u00e4r d\u00e4rf\u00f6r vi l\u00e5ter dig prova v\u00e5r produkt med total sinnesfrid.<\/p>\n<p><strong><img decoding=\"async\" style=\"margin-right: 12px;\" src=\"https:\/\/www.ferberpainting.com\/wp-content\/uploads\/2026\/02\/Check.svg\" alt=\"\" width=\"18\" height=\"15\" \/>M\u00e5ngsidig.<\/strong>\u00a0Vattent\u00e4tningsmedlet f\u00f6r travertin \u00e4r inte begr\u00e4nsat till travertinytor. Det \u00e4r ocks\u00e5 l\u00e4mpligt f\u00f6r m\u00e5nga andra material, t.ex. betong, cement, murbruk och andra por\u00f6sa stenar. Oavsett om det g\u00e4ller v\u00e4ggar utomhus, golv eller arkitektoniska element inomhus, erbjuder denna produkt ett universellt skydd.<\/p>\n<p><strong><img decoding=\"async\" style=\"margin-right: 12px;\" src=\"https:\/\/www.ferberpainting.com\/wp-content\/uploads\/2026\/02\/Check.svg\" alt=\"\" width=\"18\" height=\"15\" \/>Ekonomisk.<\/strong>\u00a0Denna produkt \u00e4r optimerad f\u00f6r att ge utm\u00e4rkt valuta f\u00f6r pengarna. En liter impregneringsmedel t\u00e4cker cirka 5 till 8 m\u00b2 beroende p\u00e5 stenens porositet. Med en 5-litersbeh\u00e5llare kan du allts\u00e5 behandla upp till 40 m\u00b2. Det \u00e4r en ekonomisk l\u00f6sning f\u00f6r att skydda dina ytor och samtidigt minimera kostnaden per kvadratmeter.<\/p>\n<p><strong><img decoding=\"async\" style=\"margin-right: 12px;\" src=\"https:\/\/www.ferberpainting.com\/wp-content\/uploads\/2026\/02\/Check.svg\" alt=\"\" width=\"18\" height=\"15\" \/>Icke-toxisk.<\/strong>\u00a0Denna produkt \u00e4r utformad f\u00f6r att vara s\u00e4ker att anv\u00e4nda, samtidigt som den uppfyller strikta s\u00e4kerhetsstandarder. Den medf\u00f6r inga h\u00e4lsorisker n\u00e4r den anv\u00e4nds enligt anvisningarna. Till skillnad fr\u00e5n andra skyddsbehandlingar inneh\u00e5ller den inga starka kemikalier och kan anv\u00e4ndas utan problem, s\u00e5 l\u00e4nge grundl\u00e4ggande f\u00f6rsiktighets\u00e5tg\u00e4rder (handskar, ventilation) vidtas.<\/p>\n<p><strong><img decoding=\"async\" style=\"margin-right: 12px;\" src=\"https:\/\/www.ferberpainting.com\/wp-content\/uploads\/2026\/02\/Check.svg\" alt=\"\" width=\"18\" height=\"15\" \/>L\u00e4tt att applicera.<\/strong>\u00a0Vattent\u00e4tningsmedlet f\u00f6r travertin \u00e4r extremt l\u00e4tt att anv\u00e4nda. Den \u00e4r klar att anv\u00e4nda och kr\u00e4ver ingen utsp\u00e4dning eller f\u00f6rberedelse. Du kan applicera det direkt p\u00e5 dina ytor med en pensel, rulle eller spruta, beroende p\u00e5 vad du f\u00f6redrar. Denna anv\u00e4ndarv\u00e4nlighet sparar tid och kr\u00e4ver inga speciella f\u00e4rdigheter.<\/p>\n<p><strong><img decoding=\"async\" style=\"margin-right: 12px;\" src=\"https:\/\/www.ferberpainting.com\/wp-content\/uploads\/2026\/02\/Check.svg\" alt=\"\" width=\"18\" height=\"15\" \/>H\u00e5llbarhet.<\/strong>\u00a0Denna behandling ger ett l\u00e5ngsiktigt skydd med \u00f6kad motst\u00e5ndskraft mot utomhusf\u00f6rh\u00e5llanden. Vattenskyddet f\u00f6r travertin \u00e4r utformat f\u00f6r att h\u00e5lla \u00f6ver tid, \u00e4ven i h\u00e5rt v\u00e4der, och kommer att h\u00e5lla dina ytor i utm\u00e4rkt skick under m\u00e5nga \u00e5r. Du f\u00e5r ett tillf\u00f6rlitligt, varaktigt skydd utan att beh\u00f6va applicera det ofta igen.<\/p>\n<p><strong><img decoding=\"async\" style=\"margin-right: 12px;\" src=\"https:\/\/www.ferberpainting.com\/wp-content\/uploads\/2026\/02\/Check.svg\" alt=\"\" width=\"18\" height=\"15\" \/>Snabb \u00e5tg\u00e4rd.<\/strong>\u00a0Impregneringsmedlet f\u00f6r travertin verkar snabbt och kr\u00e4ver inga l\u00e5nga torktider. P\u00e5 bara n\u00e5gra timmar \u00e4r dina ytor skyddade och redo f\u00f6r normal anv\u00e4ndning. Det \u00e4r en produkt som kombinerar effektivitet och snabbhet, vilket g\u00f6r att du snabbt kan dra nytta av ditt skyddsarbete.<\/p>\n<h2><strong>Anv\u00e4ndning Protokoll<\/strong><\/h2>\n<ul>\n<li><strong>Ytbehandling <\/strong>: Innan du applicerar impregneringsmedlet ska du se till att ytan \u00e4r ren, torr och fri fr\u00e5n damm, smuts eller andra f\u00f6roreningar. Om det beh\u00f6vs, reng\u00f6r ytan med ett milt reng\u00f6ringsmedel och l\u00e5t den torka helt.<\/li>\n<li><strong>Till\u00e4mpning <\/strong>: Produkten \u00e4r klar att anv\u00e4nda och kr\u00e4ver ingen utsp\u00e4dning. Anv\u00e4nd en pensel, roller eller spruta f\u00f6r att applicera impregneringsmedlet j\u00e4mnt \u00f6ver ytan. Vi rekommenderar att du arbetar i sektioner och applicerar ett j\u00e4mnt lager \u00f6ver hela ytan.<\/li>\n<li><strong>Belopp att till\u00e4mpa <\/strong>: Beroende p\u00e5 travertinens porositet rekommenderas att man applicerar ca 150 till 200 ml produkt per m\u00b2 f\u00f6r optimal t\u00e4ckning. Mer por\u00f6sa material kan kr\u00e4va n\u00e5got mer produkt. Applicera ett f\u00f6rsta skikt, l\u00e5t torka i 15 till 30 minuter och applicera sedan ett andra skikt vid behov.<\/li>\n<li><strong>Torktid <\/strong>: Torktiden beror p\u00e5 omgivningsf\u00f6rh\u00e5llandena, men i allm\u00e4nhet torkar produkten vid ber\u00f6ring p\u00e5 1 till 2 timmar. Ytorna kan \u00e5teranv\u00e4ndas efter 4 till 6 timmars fullst\u00e4ndig torkning, men detta kan variera beroende p\u00e5 luftfuktighet och temperatur.<\/li>\n<li><strong>Reng\u00f6ring av verktyg <\/strong>: Reng\u00f6r verktygen efter anv\u00e4ndning med lacknafta eller annat l\u00e4mpligt l\u00f6sningsmedel. Det \u00e4r viktigt att reng\u00f6ra verktygen omedelbart efter applicering f\u00f6r att f\u00f6rhindra att produkten h\u00e4rdar p\u00e5 dem.<\/li>\n<li><strong>F\u00f6rvaring <\/strong>: F\u00f6rvara produkten i dess f\u00f6rslutna originalf\u00f6rpackning p\u00e5 en sval och torr plats. Det \u00e4r l\u00e4mpligt att inte f\u00f6rvara produkten i temperaturer under 5\u00b0C eller \u00f6ver 35\u00b0C.<\/li>\n<\/ul>","protected":false},"excerpt":{"rendered":"<p>Long-lasting protection.\u00a0The travertine waterproofer is the ideal solution to preserve the beauty of your travertine surfaces. This product is specifically formulated to create an invisible barrier that effectively protects against moisture, stains and dirt. It prevents water splashes, grease and other substances from penetrating the stone, while maintaining its natural appearance and texture. Money-back guarantee. [&hellip;]<\/p>\n","protected":false},"featured_media":35862,"comment_status":"open","ping_status":"closed","template":"","meta":{"_uag_custom_page_level_css":"","site-sidebar-layout":"default","site-content-layout":"","ast-site-content-layout":"default","site-content-style":"default","site-sidebar-style":"default","ast-global-header-display":"","ast-banner-title-visibility":"","ast-main-header-display":"","ast-hfb-above-header-display":"","ast-hfb-below-header-display":"","ast-hfb-mobile-header-display":"","site-post-title":"","ast-breadcrumbs-content":"","ast-featured-img":"","footer-sml-layout":"","ast-disable-related-posts":"","theme-transparent-header-meta":"default","adv-header-id-meta":"","stick-header-meta":"","header-above-stick-meta":"","header-main-stick-meta":"","header-below-stick-meta":"","astra-migrate-meta-layouts":"set","ast-page-background-enabled":"default","ast-page-background-meta":{"desktop":{"background-color":"var(--ast-global-color-4)","background-image":"","background-repeat":"repeat","background-position":"center center","background-size":"auto","background-attachment":"scroll","background-type":"","background-media":"","overlay-type":"","overlay-color":"","overlay-opacity":"","overlay-gradient":""},"tablet":{"background-color":"","background-image":"","background-repeat":"repeat","background-position":"center center","background-size":"auto","background-attachment":"scroll","background-type":"","background-media":"","overlay-type":"","overlay-color":"","overlay-opacity":"","overlay-gradient":""},"mobile":{"background-color":"","background-image":"","background-repeat":"repeat","background-position":"center center","background-size":"auto","background-attachment":"scroll","background-type":"","background-media":"","overlay-type":"","overlay-color":"","overlay-opacity":"","overlay-gradient":""}},"ast-content-background-meta":{"desktop":{"background-color":"var(--ast-global-color-5)","background-image":"","background-repeat":"repeat","background-position":"center center","background-size":"auto","background-attachment":"scroll","background-type":"","background-media":"","overlay-type":"","overlay-color":"","overlay-opacity":"","overlay-gradient":""},"tablet":{"background-color":"var(--ast-global-color-5)","background-image":"","background-repeat":"repeat","background-position":"center center","background-size":"auto","background-attachment":"scroll","background-type":"","background-media":"","overlay-type":"","overlay-color":"","overlay-opacity":"","overlay-gradient":""},"mobile":{"background-color":"var(--ast-global-color-5)","background-image":"","background-repeat":"repeat","background-position":"center center","background-size":"auto","background-attachment":"scroll","background-type":"","background-media":"","overlay-type":"","overlay-color":"","overlay-opacity":"","overlay-gradient":""}}},"product_brand":[],"product_cat":[191],"product_tag":[],"class_list":{"0":"post-25596","1":"product","2":"type-product","3":"status-publish","4":"has-post-thumbnail","6":"product_cat-water-repellent","7":"desktop-align-left","8":"tablet-align-left","9":"mobile-align-left","11":"first","12":"instock","13":"sale","14":"shipping-taxable","15":"purchasable","16":"product-type-variable","17":"has-default-attributes"},"spectra_custom_meta":{"_visibility":["visible"],"_shopify_product_id":["9106661376245"],"_s2w_shopify_domain":["ferberpainting.myshopify.com"],"_shopify_variant_id":["46626425503989"],"_sku":[""],"_manage_stock":["no"],"total_sales":["260"],"_tax_status":["taxable"],"_tax_class":[""],"_backorders":["no"],"_sold_individually":["no"],"_virtual":["no"],"_downloadable":["no"],"_download_limit":["-1"],"_download_expiry":["-1"],"_stock":[null],"_stock_status":["instock"],"_wc_average_rating":["5.00"],"_wc_review_count":["30"],"_product_attributes":["a:1:{s:6:\"volume\";a:6:{s:4:\"name\";s:6:\"Volume\";s:5:\"value\";s:20:\"5 liters | 25 liters\";s:8:\"position\";i:1;s:10:\"is_visible\";i:0;s:12:\"is_variation\";i:1;s:11:\"is_taxonomy\";i:0;}}"],"_product_version":["10.5.1"],"wpse_downloadable_file_names":[""],"wpse_downloadable_file_urls":[""],"_edit_last":["1"],"_default_attributes":["a:1:{s:6:\"volume\";s:8:\"5 liters\";}"],"_edit_lock":["1771244383:1"],"merchant-center-availability":["yes"],"merchant-center-category":["503738"],"_thumbnail_id":["35862"],"_wp_page_template":["default"],"_wp_old_date":["2025-05-26"],"_product_image_gallery":["35863"],"site-sidebar-layout":["default"],"ast-site-content-layout":["default"],"site-content-style":["default"],"site-sidebar-style":["default"],"theme-transparent-header-meta":["default"],"_price":["29.90","129.90"],"_wc_rating_count":["a:1:{i:5;i:30;}"],"astra-migrate-meta-layouts":["set"],"_uag_css_file_name":["uag-css-25596.css"],"_elementor_page_assets":["a:0:{}"],"_uag_page_assets":["a:9:{s:3:\"css\";s:6873:\".wp-block-uagb-image{display:flex}.wp-block-uagb-image__figure{position:relative;display:flex;flex-direction:column;max-width:100%;height:auto;margin:0}.wp-block-uagb-image__figure img{height:auto;display:flex;max-width:100%;transition:box-shadow .2s ease}.wp-block-uagb-image__figure>a{display:inline-block}.wp-block-uagb-image__figure figcaption{text-align:center;margin-top:.5em;margin-bottom:1em}.wp-block-uagb-image .components-placeholder.block-editor-media-placeholder .components-placeholder__instructions{align-self:center}.wp-block-uagb-image--align-left{text-align:left}.wp-block-uagb-image--align-right{text-align:right}.wp-block-uagb-image--align-center{text-align:center}.wp-block-uagb-image--align-full .wp-block-uagb-image__figure{margin-left:calc(50% - 50vw);margin-right:calc(50% - 50vw);max-width:100vw;width:100vw;height:auto}.wp-block-uagb-image--align-full .wp-block-uagb-image__figure img{height:auto;width:100% !important}.wp-block-uagb-image--align-wide .wp-block-uagb-image__figure img{height:auto;width:100%}.wp-block-uagb-image--layout-overlay__color-wrapper{position:absolute;left:0;top:0;right:0;bottom:0;opacity:.2;background:rgba(0,0,0,.5);transition:opacity .35s ease-in-out}.wp-block-uagb-image--layout-overlay-link{position:absolute;left:0;right:0;bottom:0;top:0}.wp-block-uagb-image--layout-overlay .wp-block-uagb-image__figure:hover .wp-block-uagb-image--layout-overlay__color-wrapper{opacity:1}.wp-block-uagb-image--layout-overlay__inner{position:absolute;left:15px;right:15px;bottom:15px;top:15px;display:flex;align-items:center;justify-content:center;flex-direction:column;border-color:#fff;transition:.35s ease-in-out}.wp-block-uagb-image--layout-overlay__inner.top-left,.wp-block-uagb-image--layout-overlay__inner.top-center,.wp-block-uagb-image--layout-overlay__inner.top-right{justify-content:flex-start}.wp-block-uagb-image--layout-overlay__inner.bottom-left,.wp-block-uagb-image--layout-overlay__inner.bottom-center,.wp-block-uagb-image--layout-overlay__inner.bottom-right{justify-content:flex-end}.wp-block-uagb-image--layout-overlay__inner.top-left,.wp-block-uagb-image--layout-overlay__inner.center-left,.wp-block-uagb-image--layout-overlay__inner.bottom-left{align-items:flex-start}.wp-block-uagb-image--layout-overlay__inner.top-right,.wp-block-uagb-image--layout-overlay__inner.center-right,.wp-block-uagb-image--layout-overlay__inner.bottom-right{align-items:flex-end}.wp-block-uagb-image--layout-overlay__inner .uagb-image-heading{color:#fff;transition:transform .35s,opacity .35s ease-in-out;transform:translate3d(0, 24px, 0);margin:0;line-height:1em}.wp-block-uagb-image--layout-overlay__inner .uagb-image-separator{width:30%;border-top-width:2px;border-top-color:#fff;border-top-style:solid;margin-bottom:10px;opacity:0;transition:transform .4s,opacity .4s ease-in-out;transform:translate3d(0, 30px, 0)}.wp-block-uagb-image--layout-overlay__inner .uagb-image-caption{opacity:0;overflow:visible;color:#fff;transition:transform .45s,opacity .45s ease-in-out;transform:translate3d(0, 35px, 0)}.wp-block-uagb-image--layout-overlay__inner:hover .uagb-image-heading,.wp-block-uagb-image--layout-overlay__inner:hover .uagb-image-separator,.wp-block-uagb-image--layout-overlay__inner:hover .uagb-image-caption{opacity:1;transform:translate3d(0, 0, 0)}.wp-block-uagb-image--effect-zoomin .wp-block-uagb-image__figure img,.wp-block-uagb-image--effect-zoomin .wp-block-uagb-image__figure .wp-block-uagb-image--layout-overlay__color-wrapper{transform:scale(1);transition:transform .35s ease-in-out}.wp-block-uagb-image--effect-zoomin .wp-block-uagb-image__figure:hover img,.wp-block-uagb-image--effect-zoomin .wp-block-uagb-image__figure:hover .wp-block-uagb-image--layout-overlay__color-wrapper{transform:scale(1.05)}.wp-block-uagb-image--effect-slide .wp-block-uagb-image__figure img,.wp-block-uagb-image--effect-slide .wp-block-uagb-image__figure .wp-block-uagb-image--layout-overlay__color-wrapper{width:calc(100% + 40px) !important;max-width:none !important;transform:translate3d(-40px, 0, 0);transition:transform .35s ease-in-out}.wp-block-uagb-image--effect-slide .wp-block-uagb-image__figure:hover img,.wp-block-uagb-image--effect-slide .wp-block-uagb-image__figure:hover .wp-block-uagb-image--layout-overlay__color-wrapper{transform:translate3d(0, 0, 0)}.wp-block-uagb-image--effect-grayscale img{filter:grayscale(0%);transition:.35s ease-in-out}.wp-block-uagb-image--effect-grayscale:hover img{filter:grayscale(100%)}.wp-block-uagb-image--effect-blur img{filter:blur(0);transition:.35s ease-in-out}.wp-block-uagb-image--effect-blur:hover img{filter:blur(3px)}.uagb-block-e6f939b3.wp-block-uagb-image--layout-default figure img{box-shadow: 0px 0px 0 #00000070;}.uagb-block-e6f939b3.wp-block-uagb-image .wp-block-uagb-image__figure figcaption{font-style: normal;align-self: center;}.uagb-block-e6f939b3.wp-block-uagb-image--layout-overlay figure img{box-shadow: 0px 0px 0 #00000070;}.uagb-block-e6f939b3.wp-block-uagb-image--layout-overlay .wp-block-uagb-image--layout-overlay__color-wrapper{opacity: 0.2;}.uagb-block-e6f939b3.wp-block-uagb-image--layout-overlay .wp-block-uagb-image--layout-overlay__inner{left: 15px;right: 15px;top: 15px;bottom: 15px;}.uagb-block-e6f939b3.wp-block-uagb-image--layout-overlay .wp-block-uagb-image--layout-overlay__inner .uagb-image-heading{font-style: normal;color: #fff;opacity: 1;}.uagb-block-e6f939b3.wp-block-uagb-image--layout-overlay .wp-block-uagb-image--layout-overlay__inner .uagb-image-heading a{color: #fff;}.uagb-block-e6f939b3.wp-block-uagb-image--layout-overlay .wp-block-uagb-image--layout-overlay__inner .uagb-image-caption{opacity: 0;}.uagb-block-e6f939b3.wp-block-uagb-image--layout-overlay .wp-block-uagb-image__figure:hover .wp-block-uagb-image--layout-overlay__color-wrapper{opacity: 1;}.uagb-block-e6f939b3.wp-block-uagb-image .wp-block-uagb-image--layout-overlay__inner .uagb-image-separator{width: 30%;border-top-width: 2px;border-top-color: #fff;opacity: 0;}.uagb-block-e6f939b3.wp-block-uagb-image .wp-block-uagb-image__figure img{width: px;height: auto;}.uagb-block-e6f939b3.wp-block-uagb-image .wp-block-uagb-image__figure:hover .wp-block-uagb-image--layout-overlay__inner .uagb-image-caption{opacity: 1;}.uagb-block-e6f939b3.wp-block-uagb-image .wp-block-uagb-image__figure:hover .wp-block-uagb-image--layout-overlay__inner .uagb-image-separator{opacity: 1;}.uagb-block-e6f939b3.wp-block-uagb-image--layout-default figure:hover img{box-shadow: 0px 0px 0 #00000070;}.uagb-block-e6f939b3.wp-block-uagb-image--layout-overlay figure:hover img{box-shadow: 0px 0px 0 #00000070;}@media only screen and (max-width: 976px) {.uagb-block-e6f939b3.wp-block-uagb-image .wp-block-uagb-image__figure img{width: px;height: auto;}}@media only screen and (max-width: 767px) {.uagb-block-e6f939b3.wp-block-uagb-image .wp-block-uagb-image__figure img{width: px;height: auto;}}\";s:2:\"js\";s:0:\"\";s:18:\"current_block_list\";a:13:{i:0;s:11:\"core\/search\";i:1;s:10:\"core\/group\";i:2;s:12:\"core\/heading\";i:3;s:17:\"core\/latest-posts\";i:4;s:20:\"core\/latest-comments\";i:5;s:13:\"core\/archives\";i:6;s:15:\"core\/categories\";i:7;s:14:\"core\/paragraph\";i:8;s:10:\"uagb\/image\";i:9;s:11:\"core\/spacer\";i:10;s:30:\"woocommerce\/product-categories\";i:11;s:10:\"core\/image\";i:12;s:14:\"core\/shortcode\";}s:8:\"uag_flag\";b:1;s:11:\"uag_version\";s:10:\"1777093182\";s:6:\"gfonts\";a:0:{}s:10:\"gfonts_url\";s:0:\"\";s:12:\"gfonts_files\";a:0:{}s:14:\"uag_faq_layout\";b:0;}"]},"uagb_featured_image_src":{"full":["https:\/\/www.ferberpainting.com\/wp-content\/uploads\/2025\/05\/Travertine-Water-Repellent-5L.png",2560,2560,false],"thumbnail":["https:\/\/www.ferberpainting.com\/wp-content\/uploads\/2025\/05\/Travertine-Water-Repellent-5L-150x150.png",150,150,true],"medium":["https:\/\/www.ferberpainting.com\/wp-content\/uploads\/2025\/05\/Travertine-Water-Repellent-5L-300x300.png",300,300,true],"medium_large":["https:\/\/www.ferberpainting.com\/wp-content\/uploads\/2025\/05\/Travertine-Water-Repellent-5L-768x768.png",768,768,true],"large":["https:\/\/www.ferberpainting.com\/wp-content\/uploads\/2025\/05\/Travertine-Water-Repellent-5L-1024x1024.png",1024,1024,true],"1536x1536":["https:\/\/www.ferberpainting.com\/wp-content\/uploads\/2025\/05\/Travertine-Water-Repellent-5L-1536x1536.png",1536,1536,true],"2048x2048":["https:\/\/www.ferberpainting.com\/wp-content\/uploads\/2025\/05\/Travertine-Water-Repellent-5L-2048x2048.png",2048,2048,true],"trp-custom-language-flag":["https:\/\/www.ferberpainting.com\/wp-content\/uploads\/2025\/05\/Travertine-Water-Repellent-5L-12x12.png",12,12,true],"woocommerce_thumbnail":["https:\/\/www.ferberpainting.com\/wp-content\/uploads\/2025\/05\/Travertine-Water-Repellent-5L-300x300.png",300,300,true],"woocommerce_single":["https:\/\/www.ferberpainting.com\/wp-content\/uploads\/2025\/05\/Travertine-Water-Repellent-5L-600x600.png",600,600,true],"woocommerce_gallery_thumbnail":["https:\/\/www.ferberpainting.com\/wp-content\/uploads\/2025\/05\/Travertine-Water-Repellent-5L-100x100.png",100,100,true]},"uagb_author_info":{"display_name":"admin","author_link":"https:\/\/www.ferberpainting.com\/se\/author\/"},"uagb_comment_info":30,"uagb_excerpt":"Long-lasting protection.\u00a0The travertine waterproofer is the ideal solution to preserve the beauty of your travertine surfaces. This product is specifically formulated to create an invisible barrier that effectively protects against moisture, stains and dirt. It prevents water splashes, grease and other substances from penetrating the stone, while maintaining its natural appearance and texture. Money-back guarantee.&hellip;","_links":{"self":[{"href":"https:\/\/www.ferberpainting.com\/se\/wp-json\/wp\/v2\/product\/25596","targetHints":{"allow":["GET"]}}],"collection":[{"href":"https:\/\/www.ferberpainting.com\/se\/wp-json\/wp\/v2\/product"}],"about":[{"href":"https:\/\/www.ferberpainting.com\/se\/wp-json\/wp\/v2\/types\/product"}],"replies":[{"embeddable":true,"href":"https:\/\/www.ferberpainting.com\/se\/wp-json\/wp\/v2\/comments?post=25596"}],"version-history":[{"count":3,"href":"https:\/\/www.ferberpainting.com\/se\/wp-json\/wp\/v2\/product\/25596\/revisions"}],"predecessor-version":[{"id":167460,"href":"https:\/\/www.ferberpainting.com\/se\/wp-json\/wp\/v2\/product\/25596\/revisions\/167460"}],"wp:featuredmedia":[{"embeddable":true,"href":"https:\/\/www.ferberpainting.com\/se\/wp-json\/wp\/v2\/media\/35862"}],"wp:attachment":[{"href":"https:\/\/www.ferberpainting.com\/se\/wp-json\/wp\/v2\/media?parent=25596"}],"wp:term":[{"taxonomy":"product_brand","embeddable":true,"href":"https:\/\/www.ferberpainting.com\/se\/wp-json\/wp\/v2\/product_brand?post=25596"},{"taxonomy":"product_cat","embeddable":true,"href":"https:\/\/www.ferberpainting.com\/se\/wp-json\/wp\/v2\/product_cat?post=25596"},{"taxonomy":"product_tag","embeddable":true,"href":"https:\/\/www.ferberpainting.com\/se\/wp-json\/wp\/v2\/product_tag?post=25596"}],"curies":[{"name":"wp","href":"https:\/\/api.w.org\/{rel}","templated":true}]}}