{"id":25593,"date":"2025-06-30T19:36:48","date_gmt":"2025-06-30T17:36:48","guid":{"rendered":"https:\/\/www.ferberpainting.com\/?post_type=product&#038;p=25593"},"modified":"2026-02-16T13:20:41","modified_gmt":"2026-02-16T12:20:41","slug":"travertine-cleaner","status":"publish","type":"product","link":"https:\/\/www.ferberpainting.com\/se\/products\/travertine-cleaner\/","title":{"rendered":"Reng\u00f6ringsmedel f\u00f6r travertin"},"content":{"rendered":"<p><strong><img decoding=\"async\" style=\"margin-right: 12px;\" src=\"https:\/\/www.ferberpainting.com\/wp-content\/uploads\/2026\/02\/Check.svg\" alt=\"\" width=\"18\" height=\"15\" \/>Optimal effektivitet.<\/strong>\u00a0Detta reng\u00f6ringsmedel f\u00f6r travertin \u00e4r speciellt utformat f\u00f6r att effektivt ta bort fl\u00e4ckar, inb\u00e4ddad smuts, kalkavlagringar och andra f\u00f6roreningar som d\u00e4mpar travertinens naturliga glans. Den kraftfulla formulan tr\u00e4nger in p\u00e5 djupet samtidigt som den respekterar stenens porositet, vilket garanterar skonsam reng\u00f6ring utan risk f\u00f6r skador. Den \u00e5terst\u00e4ller ett fr\u00e4scht, str\u00e5lande utseende p\u00e5 dina travertinytor utan att l\u00e4mna m\u00e4rken eller rester.<\/p>\n<p><strong><img decoding=\"async\" style=\"margin-right: 12px;\" src=\"https:\/\/www.ferberpainting.com\/wp-content\/uploads\/2026\/02\/Check.svg\" alt=\"\" width=\"18\" height=\"15\" \/>Pengar-tillbaka-garanti.<\/strong>\u00a0Vi har fullt f\u00f6rtroende f\u00f6r effektiviteten hos v\u00e5rt reng\u00f6ringsmedel f\u00f6r travertin. Om du efter anv\u00e4ndning inte \u00e4r helt n\u00f6jd med resultatet \u00e4r du ber\u00e4ttigad till full \u00e5terbetalning. Prova v\u00e5r produkt riskfritt och njut av perfekt rena travertinytor.<\/p>\n<p><strong><img decoding=\"async\" style=\"margin-right: 12px;\" src=\"https:\/\/www.ferberpainting.com\/wp-content\/uploads\/2026\/02\/Check.svg\" alt=\"\" width=\"18\" height=\"15\" \/>Exceptionell m\u00e5ngsidighet.<\/strong>\u00a0Detta reng\u00f6ringsmedel \u00e4r inte begr\u00e4nsat till travertin! Den \u00e4r ocks\u00e5 effektiv p\u00e5 andra naturstenar som kalksten, marmor, bl\u00e5sten och vissa icke-por\u00f6sa stenar. Den kan anv\u00e4ndas p\u00e5 golv, v\u00e4ggar, b\u00e4nkskivor, uteplatser, trappor, badrum och till och med duschar. Dess m\u00e5ngsidighet g\u00f6r den l\u00e4mplig f\u00f6r b\u00e5de privata anv\u00e4ndare och yrkesverksamma som vill ta hand om sina naturstensinstallationer med en p\u00e5litlig och effektiv produkt.<\/p>\n<p><strong><img decoding=\"async\" style=\"margin-right: 12px;\" src=\"https:\/\/www.ferberpainting.com\/wp-content\/uploads\/2026\/02\/Check.svg\" alt=\"\" width=\"18\" height=\"15\" \/>Kostnadseffektivt utf\u00f6rande.<\/strong>\u00a0Tack vare sin 5-litersbeh\u00e5llare och h\u00f6ga koncentration ger den h\u00e4r reng\u00f6ringsmedlet ett utm\u00e4rkt v\u00e4rde. En liten m\u00e4ngd r\u00e4cker f\u00f6r att reng\u00f6ra en stor yta, vilket ger en ekonomisk och effektiv l\u00f6sning. I genomsnitt kan en liter produkt behandla upp till 60 m\u00b2 travertin, vilket minskar underh\u00e5llskostnaderna samtidigt som anv\u00e4ndningen optimeras.<\/p>\n<p><strong><img decoding=\"async\" style=\"margin-right: 12px;\" src=\"https:\/\/www.ferberpainting.com\/wp-content\/uploads\/2026\/02\/Check.svg\" alt=\"\" width=\"18\" height=\"15\" \/>S\u00e4ker att anv\u00e4nda.<\/strong>\u00a0Till skillnad fr\u00e5n traditionella reng\u00f6ringsmedel som inneh\u00e5ller fr\u00e4tande \u00e4mnen som kan skada travertin \u00e4r den h\u00e4r produkten syrafri och respekterar stenens k\u00e4nsliga natur. Den orsakar inga kemiska reaktioner, missf\u00e4rgar inte ytor och f\u00f6rsvagar inte heller fogmassan. Dessutom avger den inga giftiga \u00e5ngor, vilket g\u00f6r den s\u00e4ker att anv\u00e4nda \u00e4ven i slutna utrymmen.<\/p>\n<p><strong><img decoding=\"async\" style=\"margin-right: 12px;\" src=\"https:\/\/www.ferberpainting.com\/wp-content\/uploads\/2026\/02\/Check.svg\" alt=\"\" width=\"18\" height=\"15\" \/>Anv\u00e4ndarv\u00e4nlighet.<\/strong>\u00a0Produkten \u00e4r klar att anv\u00e4nda och kr\u00e4ver ingen utsp\u00e4dning eller komplicerade f\u00f6rberedelser. Den appliceras direkt p\u00e5 ytan med en mjuk trasa, svamp, borste eller mopp. Den snabba effekten avl\u00e4gsnar smuts p\u00e5 bara n\u00e5gra minuter utan att man beh\u00f6ver sk\u00f6lja eller skrubba. Den enkla och l\u00e4ttillg\u00e4ngliga appliceringen g\u00f6r underh\u00e5llet av travertin l\u00e4tt f\u00f6r alla.<\/p>\n<p><strong><img decoding=\"async\" style=\"margin-right: 12px;\" src=\"https:\/\/www.ferberpainting.com\/wp-content\/uploads\/2026\/02\/Check.svg\" alt=\"\" width=\"18\" height=\"15\" \/>F\u00f6rl\u00e4ngd h\u00e5llbarhet.<\/strong>\u00a0Genom att regelbundet reng\u00f6ra travertin med den h\u00e4r produkten f\u00f6rl\u00e4nger du livsl\u00e4ngden p\u00e5 dina ytor och bevarar deras naturliga sk\u00f6nhet. Det f\u00f6rhindrar uppbyggnad av rester som s\u00e5 sm\u00e5ningom kan missf\u00e4rga eller f\u00f6rsvaga stenen. Regelbundet underh\u00e5ll med detta reng\u00f6ringsmedel hj\u00e4lper till att f\u00f6rhindra fl\u00e4ckar och bibeh\u00e5ller stenens integritet och utseende under m\u00e5nga \u00e5r.<\/p>\n<p><strong><img decoding=\"async\" style=\"margin-right: 12px;\" src=\"https:\/\/www.ferberpainting.com\/wp-content\/uploads\/2026\/02\/Check.svg\" alt=\"\" width=\"18\" height=\"15\" \/>Snabb \u00e5tg\u00e4rd.<\/strong>\u00a0Tack vare sin h\u00f6gaktiva formula verkar reng\u00f6ringsmedlet omedelbart mot smuts och kalkavlagringar. P\u00e5 bara n\u00e5gra minuter l\u00f6ser den upp rester och g\u00f6r dem l\u00e4tta att avl\u00e4gsna utan intensiv skrubbning. Det m\u00f6jligg\u00f6r ett snabbt och effektivt underh\u00e5ll, perfekt f\u00f6r regelbunden sk\u00f6tsel eller behandling av de sv\u00e5raste fl\u00e4ckarna.<\/p>\n<h2><strong>Anv\u00e4ndning Protokoll<\/strong><\/h2>\n<ul>\n<li><strong>F\u00f6rberedelser <\/strong>: Se till att travertinytan \u00e4r torr och fri fr\u00e5n damm eller fast skr\u00e4p. F\u00f6r optimal reng\u00f6ring, sopa eller dammsug ytan innan du applicerar produkten.<\/li>\n<li><strong>Manuell till\u00e4mpning <\/strong>: H\u00e4ll en liten m\u00e4ngd reng\u00f6ringsmedel p\u00e5 en mjuk trasa, svamp eller mopp och applicera sedan j\u00e4mnt \u00f6ver ytan med cirkul\u00e4ra r\u00f6relser s\u00e5 att produkten tr\u00e4nger in och l\u00f6ser upp smutsen.<\/li>\n<li><strong>Anv\u00e4ndning p\u00e5 stora ytor <\/strong>: F\u00f6r att reng\u00f6ra travertingolv eller v\u00e4ggar, anv\u00e4nd en borstkvast eller mopp och applicera produkten medan du f\u00f6rsiktigt skrubbar. L\u00e5t verka i n\u00e5gra minuter f\u00f6r att optimera effekten innan du torkar av med en ren trasa eller sk\u00f6ljer l\u00e4tt.<\/li>\n<li><strong>Behandling av envisa fl\u00e4ckar <\/strong>: F\u00f6r inb\u00e4ddade fl\u00e4ckar eller kalkavlagringar, applicera produkten direkt p\u00e5 det drabbade omr\u00e5det och l\u00e5t sitta i 5 till 10 minuter. Anv\u00e4nd en mjuk borste eller en milt slipande svamp f\u00f6r att skrubba f\u00f6rsiktigt innan du sk\u00f6ljer. Upprepa vid behov f\u00f6r b\u00e4sta resultat.<\/li>\n<li><strong>Sk\u00f6ljning och avtorkning <\/strong>: Torka av ytan med en torr eller l\u00e4tt fuktad trasa f\u00f6r att avl\u00e4gsna \u00f6verfl\u00f6dig produkt. F\u00f6r utomhusomr\u00e5den kan en snabb sk\u00f6ljning med en vattenstr\u00e5le anv\u00e4ndas f\u00f6r att slutf\u00f6ra reng\u00f6ringen.<\/li>\n<li><strong>Polering och skydd <\/strong>: F\u00f6r att bibeh\u00e5lla det fr\u00e4scha, str\u00e5lande utseendet p\u00e5 travertin, avsluta med att torka av med en ren, torr trasa f\u00f6r att sl\u00e4ta ut och ta bort eventuella rester. Regelbunden reng\u00f6ring med denna produkt hj\u00e4lper till att minska uppbyggnad och h\u00e5lla stenen i perfekt skick.<\/li>\n<li><strong>Frekvens av anv\u00e4ndning <\/strong>: Applicera en eller tv\u00e5 g\u00e5nger i veckan f\u00f6r regelbundet underh\u00e5ll och f\u00f6r att f\u00f6rhindra att smuts ansamlas. F\u00f6r omr\u00e5den som anv\u00e4nds ofta eller utomhus kan mer frekvent reng\u00f6ring rekommenderas f\u00f6r att s\u00e4kerst\u00e4lla optimalt skydd.<\/li>\n<li><strong>F\u00f6rvaring <\/strong>: F\u00f6rslut beh\u00e5llaren ordentligt efter varje anv\u00e4ndning och f\u00f6rvara den p\u00e5 en sval och torr plats, skyddad fr\u00e5n ljus och extrema temperaturer, f\u00f6r att bibeh\u00e5lla produktens l\u00e5ngsiktiga effektivitet.<\/li>\n<\/ul>\n<p>Med v\u00e5r travertinreng\u00f6ring kan du njuta av effektivt och enkelt underh\u00e5ll samtidigt som du bevarar dina ytors sk\u00f6nhet och livsl\u00e4ngd. En idealisk l\u00f6sning f\u00f6r travertin som f\u00f6rblir ren, skyddad och str\u00e5lande under alla omst\u00e4ndigheter.<\/p>","protected":false},"excerpt":{"rendered":"<p>Optimal Efficiency.\u00a0This travertine cleaner is specially designed to effectively remove stains, embedded dirt, limescale deposits, and other impurities that dull the natural shine of travertine. Its powerful formula penetrates deeply while respecting the porosity of the stone, ensuring gentle cleaning without risk of damage. It restores a fresh, radiant look to your travertine surfaces without [&hellip;]<\/p>\n","protected":false},"featured_media":35857,"comment_status":"open","ping_status":"closed","template":"","meta":{"_uag_custom_page_level_css":"","site-sidebar-layout":"default","site-content-layout":"","ast-site-content-layout":"default","site-content-style":"default","site-sidebar-style":"default","ast-global-header-display":"","ast-banner-title-visibility":"","ast-main-header-display":"","ast-hfb-above-header-display":"","ast-hfb-below-header-display":"","ast-hfb-mobile-header-display":"","site-post-title":"","ast-breadcrumbs-content":"","ast-featured-img":"","footer-sml-layout":"","ast-disable-related-posts":"","theme-transparent-header-meta":"default","adv-header-id-meta":"","stick-header-meta":"","header-above-stick-meta":"","header-main-stick-meta":"","header-below-stick-meta":"","astra-migrate-meta-layouts":"set","ast-page-background-enabled":"default","ast-page-background-meta":{"desktop":{"background-color":"var(--ast-global-color-4)","background-image":"","background-repeat":"repeat","background-position":"center center","background-size":"auto","background-attachment":"scroll","background-type":"","background-media":"","overlay-type":"","overlay-color":"","overlay-opacity":"","overlay-gradient":""},"tablet":{"background-color":"","background-image":"","background-repeat":"repeat","background-position":"center center","background-size":"auto","background-attachment":"scroll","background-type":"","background-media":"","overlay-type":"","overlay-color":"","overlay-opacity":"","overlay-gradient":""},"mobile":{"background-color":"","background-image":"","background-repeat":"repeat","background-position":"center center","background-size":"auto","background-attachment":"scroll","background-type":"","background-media":"","overlay-type":"","overlay-color":"","overlay-opacity":"","overlay-gradient":""}},"ast-content-background-meta":{"desktop":{"background-color":"var(--ast-global-color-5)","background-image":"","background-repeat":"repeat","background-position":"center center","background-size":"auto","background-attachment":"scroll","background-type":"","background-media":"","overlay-type":"","overlay-color":"","overlay-opacity":"","overlay-gradient":""},"tablet":{"background-color":"var(--ast-global-color-5)","background-image":"","background-repeat":"repeat","background-position":"center center","background-size":"auto","background-attachment":"scroll","background-type":"","background-media":"","overlay-type":"","overlay-color":"","overlay-opacity":"","overlay-gradient":""},"mobile":{"background-color":"var(--ast-global-color-5)","background-image":"","background-repeat":"repeat","background-position":"center center","background-size":"auto","background-attachment":"scroll","background-type":"","background-media":"","overlay-type":"","overlay-color":"","overlay-opacity":"","overlay-gradient":""}}},"product_brand":[],"product_cat":[175],"product_tag":[],"class_list":{"0":"post-25593","1":"product","2":"type-product","3":"status-publish","4":"has-post-thumbnail","6":"product_cat-cleaning-products","7":"desktop-align-left","8":"tablet-align-left","9":"mobile-align-left","11":"first","12":"instock","13":"sale","14":"shipping-taxable","15":"purchasable","16":"product-type-variable","17":"has-default-attributes"},"spectra_custom_meta":{"_visibility":["visible"],"_shopify_product_id":["9106523357429"],"_s2w_shopify_domain":["ferberpainting.myshopify.com"],"_shopify_variant_id":["46626224963829"],"_sku":[""],"_manage_stock":["no"],"total_sales":["312"],"_tax_status":["taxable"],"_tax_class":[""],"_backorders":["no"],"_sold_individually":["no"],"_virtual":["no"],"_downloadable":["no"],"_download_limit":["-1"],"_download_expiry":["-1"],"_stock":[null],"_stock_status":["instock"],"_wc_average_rating":["5.00"],"_wc_review_count":["9"],"_product_attributes":["a:1:{s:6:\"volume\";a:6:{s:4:\"name\";s:6:\"Volume\";s:5:\"value\";s:20:\"5 liters | 25 liters\";s:8:\"position\";i:1;s:10:\"is_visible\";i:0;s:12:\"is_variation\";i:1;s:11:\"is_taxonomy\";i:0;}}"],"_product_version":["10.5.1"],"wpse_downloadable_file_names":[""],"wpse_downloadable_file_urls":[""],"_edit_last":["1"],"_default_attributes":["a:1:{s:6:\"volume\";s:8:\"5 liters\";}"],"_edit_lock":["1776339121:7773"],"merchant-center-availability":["yes"],"merchant-center-category":["4977"],"_thumbnail_id":["35857"],"_wp_page_template":["default"],"_wp_old_date":["2025-05-26"],"_product_image_gallery":["35858"],"site-sidebar-layout":["default"],"ast-site-content-layout":["default"],"site-content-style":["default"],"site-sidebar-style":["default"],"theme-transparent-header-meta":["default"],"_price":["29.90","129.90"],"_wc_rating_count":["a:1:{i:5;i:9;}"],"astra-migrate-meta-layouts":["set"],"_uag_css_file_name":["uag-css-25593.css"],"_elementor_page_assets":["a:0:{}"],"_uag_page_assets":["a:9:{s:3:\"css\";s:6873:\".wp-block-uagb-image{display:flex}.wp-block-uagb-image__figure{position:relative;display:flex;flex-direction:column;max-width:100%;height:auto;margin:0}.wp-block-uagb-image__figure img{height:auto;display:flex;max-width:100%;transition:box-shadow .2s ease}.wp-block-uagb-image__figure>a{display:inline-block}.wp-block-uagb-image__figure figcaption{text-align:center;margin-top:.5em;margin-bottom:1em}.wp-block-uagb-image .components-placeholder.block-editor-media-placeholder .components-placeholder__instructions{align-self:center}.wp-block-uagb-image--align-left{text-align:left}.wp-block-uagb-image--align-right{text-align:right}.wp-block-uagb-image--align-center{text-align:center}.wp-block-uagb-image--align-full .wp-block-uagb-image__figure{margin-left:calc(50% - 50vw);margin-right:calc(50% - 50vw);max-width:100vw;width:100vw;height:auto}.wp-block-uagb-image--align-full .wp-block-uagb-image__figure img{height:auto;width:100% !important}.wp-block-uagb-image--align-wide .wp-block-uagb-image__figure img{height:auto;width:100%}.wp-block-uagb-image--layout-overlay__color-wrapper{position:absolute;left:0;top:0;right:0;bottom:0;opacity:.2;background:rgba(0,0,0,.5);transition:opacity .35s ease-in-out}.wp-block-uagb-image--layout-overlay-link{position:absolute;left:0;right:0;bottom:0;top:0}.wp-block-uagb-image--layout-overlay .wp-block-uagb-image__figure:hover .wp-block-uagb-image--layout-overlay__color-wrapper{opacity:1}.wp-block-uagb-image--layout-overlay__inner{position:absolute;left:15px;right:15px;bottom:15px;top:15px;display:flex;align-items:center;justify-content:center;flex-direction:column;border-color:#fff;transition:.35s ease-in-out}.wp-block-uagb-image--layout-overlay__inner.top-left,.wp-block-uagb-image--layout-overlay__inner.top-center,.wp-block-uagb-image--layout-overlay__inner.top-right{justify-content:flex-start}.wp-block-uagb-image--layout-overlay__inner.bottom-left,.wp-block-uagb-image--layout-overlay__inner.bottom-center,.wp-block-uagb-image--layout-overlay__inner.bottom-right{justify-content:flex-end}.wp-block-uagb-image--layout-overlay__inner.top-left,.wp-block-uagb-image--layout-overlay__inner.center-left,.wp-block-uagb-image--layout-overlay__inner.bottom-left{align-items:flex-start}.wp-block-uagb-image--layout-overlay__inner.top-right,.wp-block-uagb-image--layout-overlay__inner.center-right,.wp-block-uagb-image--layout-overlay__inner.bottom-right{align-items:flex-end}.wp-block-uagb-image--layout-overlay__inner .uagb-image-heading{color:#fff;transition:transform .35s,opacity .35s ease-in-out;transform:translate3d(0, 24px, 0);margin:0;line-height:1em}.wp-block-uagb-image--layout-overlay__inner .uagb-image-separator{width:30%;border-top-width:2px;border-top-color:#fff;border-top-style:solid;margin-bottom:10px;opacity:0;transition:transform .4s,opacity .4s ease-in-out;transform:translate3d(0, 30px, 0)}.wp-block-uagb-image--layout-overlay__inner .uagb-image-caption{opacity:0;overflow:visible;color:#fff;transition:transform .45s,opacity .45s ease-in-out;transform:translate3d(0, 35px, 0)}.wp-block-uagb-image--layout-overlay__inner:hover .uagb-image-heading,.wp-block-uagb-image--layout-overlay__inner:hover .uagb-image-separator,.wp-block-uagb-image--layout-overlay__inner:hover .uagb-image-caption{opacity:1;transform:translate3d(0, 0, 0)}.wp-block-uagb-image--effect-zoomin .wp-block-uagb-image__figure img,.wp-block-uagb-image--effect-zoomin .wp-block-uagb-image__figure .wp-block-uagb-image--layout-overlay__color-wrapper{transform:scale(1);transition:transform .35s ease-in-out}.wp-block-uagb-image--effect-zoomin .wp-block-uagb-image__figure:hover img,.wp-block-uagb-image--effect-zoomin .wp-block-uagb-image__figure:hover .wp-block-uagb-image--layout-overlay__color-wrapper{transform:scale(1.05)}.wp-block-uagb-image--effect-slide .wp-block-uagb-image__figure img,.wp-block-uagb-image--effect-slide .wp-block-uagb-image__figure .wp-block-uagb-image--layout-overlay__color-wrapper{width:calc(100% + 40px) !important;max-width:none !important;transform:translate3d(-40px, 0, 0);transition:transform .35s ease-in-out}.wp-block-uagb-image--effect-slide .wp-block-uagb-image__figure:hover img,.wp-block-uagb-image--effect-slide .wp-block-uagb-image__figure:hover .wp-block-uagb-image--layout-overlay__color-wrapper{transform:translate3d(0, 0, 0)}.wp-block-uagb-image--effect-grayscale img{filter:grayscale(0%);transition:.35s ease-in-out}.wp-block-uagb-image--effect-grayscale:hover img{filter:grayscale(100%)}.wp-block-uagb-image--effect-blur img{filter:blur(0);transition:.35s ease-in-out}.wp-block-uagb-image--effect-blur:hover img{filter:blur(3px)}.uagb-block-e6f939b3.wp-block-uagb-image--layout-default figure img{box-shadow: 0px 0px 0 #00000070;}.uagb-block-e6f939b3.wp-block-uagb-image .wp-block-uagb-image__figure figcaption{font-style: normal;align-self: center;}.uagb-block-e6f939b3.wp-block-uagb-image--layout-overlay figure img{box-shadow: 0px 0px 0 #00000070;}.uagb-block-e6f939b3.wp-block-uagb-image--layout-overlay .wp-block-uagb-image--layout-overlay__color-wrapper{opacity: 0.2;}.uagb-block-e6f939b3.wp-block-uagb-image--layout-overlay .wp-block-uagb-image--layout-overlay__inner{left: 15px;right: 15px;top: 15px;bottom: 15px;}.uagb-block-e6f939b3.wp-block-uagb-image--layout-overlay .wp-block-uagb-image--layout-overlay__inner .uagb-image-heading{font-style: normal;color: #fff;opacity: 1;}.uagb-block-e6f939b3.wp-block-uagb-image--layout-overlay .wp-block-uagb-image--layout-overlay__inner .uagb-image-heading a{color: #fff;}.uagb-block-e6f939b3.wp-block-uagb-image--layout-overlay .wp-block-uagb-image--layout-overlay__inner .uagb-image-caption{opacity: 0;}.uagb-block-e6f939b3.wp-block-uagb-image--layout-overlay .wp-block-uagb-image__figure:hover .wp-block-uagb-image--layout-overlay__color-wrapper{opacity: 1;}.uagb-block-e6f939b3.wp-block-uagb-image .wp-block-uagb-image--layout-overlay__inner .uagb-image-separator{width: 30%;border-top-width: 2px;border-top-color: #fff;opacity: 0;}.uagb-block-e6f939b3.wp-block-uagb-image .wp-block-uagb-image__figure img{width: px;height: auto;}.uagb-block-e6f939b3.wp-block-uagb-image .wp-block-uagb-image__figure:hover .wp-block-uagb-image--layout-overlay__inner .uagb-image-caption{opacity: 1;}.uagb-block-e6f939b3.wp-block-uagb-image .wp-block-uagb-image__figure:hover .wp-block-uagb-image--layout-overlay__inner .uagb-image-separator{opacity: 1;}.uagb-block-e6f939b3.wp-block-uagb-image--layout-default figure:hover img{box-shadow: 0px 0px 0 #00000070;}.uagb-block-e6f939b3.wp-block-uagb-image--layout-overlay figure:hover img{box-shadow: 0px 0px 0 #00000070;}@media only screen and (max-width: 976px) {.uagb-block-e6f939b3.wp-block-uagb-image .wp-block-uagb-image__figure img{width: px;height: auto;}}@media only screen and (max-width: 767px) {.uagb-block-e6f939b3.wp-block-uagb-image .wp-block-uagb-image__figure img{width: px;height: auto;}}\";s:2:\"js\";s:0:\"\";s:18:\"current_block_list\";a:13:{i:0;s:11:\"core\/search\";i:1;s:10:\"core\/group\";i:2;s:12:\"core\/heading\";i:3;s:17:\"core\/latest-posts\";i:4;s:20:\"core\/latest-comments\";i:5;s:13:\"core\/archives\";i:6;s:15:\"core\/categories\";i:7;s:14:\"core\/paragraph\";i:8;s:10:\"uagb\/image\";i:9;s:11:\"core\/spacer\";i:10;s:30:\"woocommerce\/product-categories\";i:11;s:10:\"core\/image\";i:12;s:14:\"core\/shortcode\";}s:8:\"uag_flag\";b:1;s:11:\"uag_version\";s:10:\"1777093182\";s:6:\"gfonts\";a:0:{}s:10:\"gfonts_url\";s:0:\"\";s:12:\"gfonts_files\";a:0:{}s:14:\"uag_faq_layout\";b:0;}"]},"uagb_featured_image_src":{"full":["https:\/\/www.ferberpainting.com\/wp-content\/uploads\/2025\/05\/Travertine-Cleaner-5L-.png",2560,2560,false],"thumbnail":["https:\/\/www.ferberpainting.com\/wp-content\/uploads\/2025\/05\/Travertine-Cleaner-5L--150x150.png",150,150,true],"medium":["https:\/\/www.ferberpainting.com\/wp-content\/uploads\/2025\/05\/Travertine-Cleaner-5L--300x300.png",300,300,true],"medium_large":["https:\/\/www.ferberpainting.com\/wp-content\/uploads\/2025\/05\/Travertine-Cleaner-5L--768x768.png",768,768,true],"large":["https:\/\/www.ferberpainting.com\/wp-content\/uploads\/2025\/05\/Travertine-Cleaner-5L--1024x1024.png",1024,1024,true],"1536x1536":["https:\/\/www.ferberpainting.com\/wp-content\/uploads\/2025\/05\/Travertine-Cleaner-5L--1536x1536.png",1536,1536,true],"2048x2048":["https:\/\/www.ferberpainting.com\/wp-content\/uploads\/2025\/05\/Travertine-Cleaner-5L--2048x2048.png",2048,2048,true],"trp-custom-language-flag":["https:\/\/www.ferberpainting.com\/wp-content\/uploads\/2025\/05\/Travertine-Cleaner-5L--12x12.png",12,12,true],"woocommerce_thumbnail":["https:\/\/www.ferberpainting.com\/wp-content\/uploads\/2025\/05\/Travertine-Cleaner-5L--300x300.png",300,300,true],"woocommerce_single":["https:\/\/www.ferberpainting.com\/wp-content\/uploads\/2025\/05\/Travertine-Cleaner-5L--600x600.png",600,600,true],"woocommerce_gallery_thumbnail":["https:\/\/www.ferberpainting.com\/wp-content\/uploads\/2025\/05\/Travertine-Cleaner-5L--100x100.png",100,100,true]},"uagb_author_info":{"display_name":"admin","author_link":"https:\/\/www.ferberpainting.com\/se\/author\/"},"uagb_comment_info":9,"uagb_excerpt":"Optimal Efficiency.\u00a0This travertine cleaner is specially designed to effectively remove stains, embedded dirt, limescale deposits, and other impurities that dull the natural shine of travertine. Its powerful formula penetrates deeply while respecting the porosity of the stone, ensuring gentle cleaning without risk of damage. It restores a fresh, radiant look to your travertine surfaces without&hellip;","_links":{"self":[{"href":"https:\/\/www.ferberpainting.com\/se\/wp-json\/wp\/v2\/product\/25593","targetHints":{"allow":["GET"]}}],"collection":[{"href":"https:\/\/www.ferberpainting.com\/se\/wp-json\/wp\/v2\/product"}],"about":[{"href":"https:\/\/www.ferberpainting.com\/se\/wp-json\/wp\/v2\/types\/product"}],"replies":[{"embeddable":true,"href":"https:\/\/www.ferberpainting.com\/se\/wp-json\/wp\/v2\/comments?post=25593"}],"version-history":[{"count":3,"href":"https:\/\/www.ferberpainting.com\/se\/wp-json\/wp\/v2\/product\/25593\/revisions"}],"predecessor-version":[{"id":167457,"href":"https:\/\/www.ferberpainting.com\/se\/wp-json\/wp\/v2\/product\/25593\/revisions\/167457"}],"wp:featuredmedia":[{"embeddable":true,"href":"https:\/\/www.ferberpainting.com\/se\/wp-json\/wp\/v2\/media\/35857"}],"wp:attachment":[{"href":"https:\/\/www.ferberpainting.com\/se\/wp-json\/wp\/v2\/media?parent=25593"}],"wp:term":[{"taxonomy":"product_brand","embeddable":true,"href":"https:\/\/www.ferberpainting.com\/se\/wp-json\/wp\/v2\/product_brand?post=25593"},{"taxonomy":"product_cat","embeddable":true,"href":"https:\/\/www.ferberpainting.com\/se\/wp-json\/wp\/v2\/product_cat?post=25593"},{"taxonomy":"product_tag","embeddable":true,"href":"https:\/\/www.ferberpainting.com\/se\/wp-json\/wp\/v2\/product_tag?post=25593"}],"curies":[{"name":"wp","href":"https:\/\/api.w.org\/{rel}","templated":true}]}}