{"id":25592,"date":"2025-05-26T10:32:32","date_gmt":"2025-05-26T08:32:32","guid":{"rendered":"https:\/\/www.ferberpainting.com\/products\/tomato-fertilizer\/"},"modified":"2026-02-16T13:19:18","modified_gmt":"2026-02-16T12:19:18","slug":"tomato-fertilizer","status":"publish","type":"product","link":"https:\/\/www.ferberpainting.com\/se\/products\/tomato-fertilizer\/","title":{"rendered":"Tomatg\u00f6dselmedel 25 kg"},"content":{"rendered":"<p><strong><img decoding=\"async\" style=\"margin-right: 12px;\" src=\"https:\/\/www.ferberpainting.com\/wp-content\/uploads\/2026\/02\/Check.svg\" alt=\"\" width=\"18\" height=\"15\" \/>Ett g\u00f6dselmedel som \u00e4r speciellt utformat f\u00f6r tomater.<\/strong>\u00a0Detta granulerade g\u00f6dselmedel \u00e4r formulerat f\u00f6r att optimera tillv\u00e4xten av tomatplantor genom att tillhandah\u00e5lla de viktigaste n\u00e4rings\u00e4mnena i varje utvecklingsstadium. Tack vare en balanserad sammans\u00e4ttning av kv\u00e4ve, fosfor och kalium (NPK 10-10-10) fr\u00e4mjar den t\u00e4ta bladverk, riklig blomning och gener\u00f6s frukts\u00e4ttning, vilket s\u00e4kerst\u00e4ller en sk\u00f6rd av v\u00e4lsmakande tomater av h\u00f6g kvalitet.<\/p>\n<p><strong><img decoding=\"async\" style=\"margin-right: 12px;\" src=\"https:\/\/www.ferberpainting.com\/wp-content\/uploads\/2026\/02\/Check.svg\" alt=\"\" width=\"18\" height=\"15\" \/>Pengar-tillbaka-garanti.<\/strong>\u00a0V\u00e5rt g\u00f6dningsmedel har testats noggrant f\u00f6r att garantera synliga resultat fr\u00e5n de f\u00f6rsta veckorna efter applicering. Om du inte m\u00e4rker n\u00e5gon f\u00f6rb\u00e4ttring i tillv\u00e4xten av dina v\u00e4xter eller i produktionen av frukt, erbjuder vi en fullst\u00e4ndig \u00e5terbetalning av ditt k\u00f6p.<\/p>\n<p><strong><img decoding=\"async\" style=\"margin-right: 12px;\" src=\"https:\/\/www.ferberpainting.com\/wp-content\/uploads\/2026\/02\/Check.svg\" alt=\"\" width=\"18\" height=\"15\" \/>L\u00e4mplig f\u00f6r alla typer av tomater och andra fruktgr\u00f6nsaker.<\/strong>\u00a0Detta m\u00e5ngsidiga g\u00f6dselmedel \u00e4r utformat f\u00f6r att anv\u00e4ndas p\u00e5 alla tomatsorter, oavsett om de \u00e4r k\u00f6rsb\u00e4r, biffstek, roma, l\u00e5ngstr\u00e4ckta eller cocktail. Det \u00e4r ocks\u00e5 l\u00e4mpligt f\u00f6r \u00e4ggplantor, paprika, zucchinis och kalebasser, vilket garanterar optimal n\u00e4ring f\u00f6r alla fruktgr\u00f6nsaker som odlas i tr\u00e4dg\u00e5rdar, v\u00e4xthus eller krukor.<\/p>\n<p><strong><img decoding=\"async\" style=\"margin-right: 12px;\" src=\"https:\/\/www.ferberpainting.com\/wp-content\/uploads\/2026\/02\/Check.svg\" alt=\"\" width=\"18\" height=\"15\" \/>Optimal ekonomisk avkastning.<\/strong>\u00a0Detta g\u00f6dselmedel \u00e4r h\u00f6gkoncentrerat, vilket ger maximal avkastning. Med en 25 kg p\u00e5se kan du g\u00f6dsla ett stort odlingsomr\u00e5de. Det rekommenderas att applicera 200 gram per tomatplanta, vilket garanterar l\u00e5ngvarig anv\u00e4ndning och en l\u00e5g kostnad per odlad kvadratmeter.<\/p>\n<p><strong><img decoding=\"async\" style=\"margin-right: 12px;\" src=\"https:\/\/www.ferberpainting.com\/wp-content\/uploads\/2026\/02\/Check.svg\" alt=\"\" width=\"18\" height=\"15\" \/>Ett g\u00f6dselmedel som \u00e4r s\u00e4kert f\u00f6r milj\u00f6 och h\u00e4lsa.<\/strong>\u00a0Detta g\u00f6dselmedel \u00e4r tillverkat utan aggressiva kemiska produkter och respekterar markstrukturen och den biologiska m\u00e5ngfalden. Det f\u00f6r\u00e4ndrar inte fruktens kvalitet, sl\u00e4pper inte ut n\u00e5gra skadliga rester och kan anv\u00e4ndas p\u00e5 ett s\u00e4kert s\u00e4tt \u00e4ven i hemtr\u00e4dg\u00e5rdar som odlar gr\u00f6nsaker avsedda f\u00f6r konsumtion.<\/p>\n<p><strong><img decoding=\"async\" style=\"margin-right: 12px;\" src=\"https:\/\/www.ferberpainting.com\/wp-content\/uploads\/2026\/02\/Check.svg\" alt=\"\" width=\"18\" height=\"15\" \/>L\u00e4tt att applicera f\u00f6r optimalt resultat.<\/strong>\u00a0Till skillnad fr\u00e5n flytande g\u00f6dselmedel som kr\u00e4ver exakt utsp\u00e4dning och regelbunden vattning sprids detta fasta g\u00f6dselmedel direkt i jorden, vilket f\u00f6renklar appliceringen. Det frig\u00f6rs gradvis och f\u00f6rser v\u00e4xterna med n\u00f6dv\u00e4ndiga n\u00e4rings\u00e4mnen vid r\u00e4tt tidpunkt utan risk f\u00f6r \u00f6verdosering.<\/p>\n<p><strong><img decoding=\"async\" style=\"margin-right: 12px;\" src=\"https:\/\/www.ferberpainting.com\/wp-content\/uploads\/2026\/02\/Check.svg\" alt=\"\" width=\"18\" height=\"15\" \/>En l\u00e5ngvarig verkan f\u00f6r starkare och mer produktiva v\u00e4xter.<\/strong>\u00a0Tack vare sin balanserade formel s\u00e4kerst\u00e4ller detta g\u00f6dselmedel gradvis n\u00e4ring, vilket garanterar enhetlig tillv\u00e4xt, kontinuerlig blomning och regelbunden frukts\u00e4ttning. Det hj\u00e4lper v\u00e4xter att utveckla starka r\u00f6tter, motst\u00e5 sjukdomar och producera k\u00f6ttiga och v\u00e4lsmakande frukter.<\/p>\n<p><strong><img decoding=\"async\" style=\"margin-right: 12px;\" src=\"https:\/\/www.ferberpainting.com\/wp-content\/uploads\/2026\/02\/Check.svg\" alt=\"\" width=\"18\" height=\"15\" \/>Synliga resultat p\u00e5 bara n\u00e5gra veckor.<\/strong>\u00a0Fr\u00e5n de f\u00f6rsta veckorna efter applicering kommer du att m\u00e4rka t\u00e4tare bladverk, starkare stj\u00e4lkar och rikligare blomning. Denna intensiva n\u00e4ring stimulerar bildandet av blomknoppar och frukts\u00e4ttning, vilket g\u00f6r att v\u00e4xterna kan producera rikliga och smakrika sk\u00f6rdar.<\/p>\n<h2><strong>Anv\u00e4ndning Protokoll<\/strong><\/h2>\n<p><strong>Rekommenderad dosering <\/strong>:<\/p>\n<ul>\n<li>200 gram g\u00f6dselmedel per tomatplanta, som ska appliceras en g\u00e5ng i m\u00e5naden under tillv\u00e4xt- och fruktperioden.<\/li>\n<li>F\u00f6r krukv\u00e4xter, anv\u00e4nd en liten handfull g\u00f6dselmedel (ca 50 gram) per 10-liters kruka med jord.<\/li>\n<\/ul>\n<p><strong>Till\u00e4mpningsmetod <\/strong>:<\/p>\n<ul>\n<li>Sprid g\u00f6dselmedlet runt basen p\u00e5 varje tomatplanta och se till att inte applicera det direkt p\u00e5 stammen.<\/li>\n<li>Inf\u00f6rliva g\u00f6dselmedlet l\u00e4tt i jorden med en kratta eller klo f\u00f6r att hj\u00e4lpa till med dess spridning.<\/li>\n<li>Vattna ordentligt efter applicering f\u00f6r att aktivera fris\u00e4ttningen av n\u00e4rings\u00e4mnen.<\/li>\n<\/ul>\n<p><strong>Anv\u00e4ndningsfrekvens <\/strong>:<\/p>\n<ul>\n<li><strong>F\u00f6re plantering <\/strong>: Blanda g\u00f6dselmedlet med jorden f\u00f6r att berika den innan du placerar ut v\u00e4xterna.<\/li>\n<li><strong>Under tillv\u00e4xt <\/strong>: Applicera var 4:e vecka f\u00f6r att s\u00e4kerst\u00e4lla en j\u00e4mn n\u00e4ringstillf\u00f6rsel.<\/li>\n<li><strong>Under frukts\u00e4ttning <\/strong>: Beh\u00e5ll m\u00e5natlig applicering f\u00f6r att uppmuntra fruktf\u00f6rstoring och tomatmognad.<\/li>\n<\/ul>\n<p><strong>F\u00f6rsiktighets\u00e5tg\u00e4rder vid anv\u00e4ndning <\/strong>:<\/p>\n<ul>\n<li>\u00d6verdosera inte, eftersom \u00f6verskott av kv\u00e4ve kan fr\u00e4mja bladtillv\u00e4xt p\u00e5 bekostnad av fruktproduktionen.<\/li>\n<li>Undvik att applicera g\u00f6dselmedlet under intensiv v\u00e4rme f\u00f6r att begr\u00e4nsa vattenavdunstningen och maximera effektiviteten.<\/li>\n<li>F\u00f6rvara p\u00e5 en sval, torr plats, borta fr\u00e5n fukt f\u00f6r att bevara produktens egenskaper.<\/li>\n<\/ul>\n<p>Med detta tomatg\u00f6dselmedel optimerar du utvecklingen av dina v\u00e4xter, vilket s\u00e4kerst\u00e4ller rikliga sk\u00f6rdar, v\u00e4lsmakande frukter och \u00f6kad motst\u00e5ndskraft mot sjukdomar.<br \/>\nDen \u00e4r enkel att anv\u00e4nda, ekonomisk och milj\u00f6v\u00e4nlig och \u00e4r den perfekta partnern f\u00f6r en blomstrande tr\u00e4dg\u00e5rd under hela s\u00e4songen.<\/p>","protected":false},"excerpt":{"rendered":"<p>A fertilizer specially designed for tomatoes.\u00a0This granular fertilizer is formulated to optimize the growth of tomato plants, by providing the essential nutrients at each stage of development. Thanks to a balanced composition of nitrogen, phosphorus, and potassium (NPK 10-10-10), it promotes dense foliage, abundant flowering and generous fruiting, thus ensuring a harvest of tasty, high-quality [&hellip;]<\/p>\n","protected":false},"featured_media":27430,"comment_status":"open","ping_status":"closed","template":"","meta":{"_uag_custom_page_level_css":"","site-sidebar-layout":"default","site-content-layout":"","ast-site-content-layout":"default","site-content-style":"default","site-sidebar-style":"default","ast-global-header-display":"","ast-banner-title-visibility":"","ast-main-header-display":"","ast-hfb-above-header-display":"","ast-hfb-below-header-display":"","ast-hfb-mobile-header-display":"","site-post-title":"","ast-breadcrumbs-content":"","ast-featured-img":"","footer-sml-layout":"","ast-disable-related-posts":"","theme-transparent-header-meta":"default","adv-header-id-meta":"","stick-header-meta":"","header-above-stick-meta":"","header-main-stick-meta":"","header-below-stick-meta":"","astra-migrate-meta-layouts":"set","ast-page-background-enabled":"default","ast-page-background-meta":{"desktop":{"background-color":"var(--ast-global-color-4)","background-image":"","background-repeat":"repeat","background-position":"center center","background-size":"auto","background-attachment":"scroll","background-type":"","background-media":"","overlay-type":"","overlay-color":"","overlay-opacity":"","overlay-gradient":""},"tablet":{"background-color":"","background-image":"","background-repeat":"repeat","background-position":"center center","background-size":"auto","background-attachment":"scroll","background-type":"","background-media":"","overlay-type":"","overlay-color":"","overlay-opacity":"","overlay-gradient":""},"mobile":{"background-color":"","background-image":"","background-repeat":"repeat","background-position":"center center","background-size":"auto","background-attachment":"scroll","background-type":"","background-media":"","overlay-type":"","overlay-color":"","overlay-opacity":"","overlay-gradient":""}},"ast-content-background-meta":{"desktop":{"background-color":"var(--ast-global-color-5)","background-image":"","background-repeat":"repeat","background-position":"center center","background-size":"auto","background-attachment":"scroll","background-type":"","background-media":"","overlay-type":"","overlay-color":"","overlay-opacity":"","overlay-gradient":""},"tablet":{"background-color":"var(--ast-global-color-5)","background-image":"","background-repeat":"repeat","background-position":"center center","background-size":"auto","background-attachment":"scroll","background-type":"","background-media":"","overlay-type":"","overlay-color":"","overlay-opacity":"","overlay-gradient":""},"mobile":{"background-color":"var(--ast-global-color-5)","background-image":"","background-repeat":"repeat","background-position":"center center","background-size":"auto","background-attachment":"scroll","background-type":"","background-media":"","overlay-type":"","overlay-color":"","overlay-opacity":"","overlay-gradient":""}}},"product_brand":[],"product_cat":[178],"product_tag":[],"class_list":{"0":"post-25592","1":"product","2":"type-product","3":"status-publish","4":"has-post-thumbnail","6":"product_cat-fertilizers","7":"desktop-align-left","8":"tablet-align-left","9":"mobile-align-left","11":"first","12":"instock","13":"taxable","14":"shipping-taxable","15":"purchasable","16":"product-type-simple"},"spectra_custom_meta":{"_visibility":["visible"],"_shopify_product_id":["9072697475317"],"_s2w_shopify_domain":["ferberpainting.myshopify.com"],"_shopify_variant_id":["46522258292981"],"_sku":["FPTOMATOFERTILIZER25KG"],"_regular_price":["39.90"],"_price":["39.90"],"_sale_price":[""],"_weight":["18.7"],"_thumbnail_id":["27430"],"_global_unique_id":["5056773817913"],"total_sales":["3"],"_tax_status":["taxable"],"_tax_class":[""],"_manage_stock":["no"],"_backorders":["no"],"_sold_individually":["no"],"_virtual":["no"],"_downloadable":["no"],"_download_limit":["-1"],"_download_expiry":["-1"],"_stock":[null],"_stock_status":["instock"],"_wc_average_rating":["5.00"],"_wc_review_count":["31"],"_product_version":["10.5.1"],"_wc_rating_count":["a:1:{i:5;i:31;}"],"_edit_lock":["1771244221:1"],"merchant-center-availability":["yes"],"merchant-center-category":["113"],"_edit_last":["1"],"_wp_page_template":["default"],"site-sidebar-layout":["default"],"ast-site-content-layout":["default"],"site-content-style":["default"],"site-sidebar-style":["default"],"theme-transparent-header-meta":["default"],"astra-migrate-meta-layouts":["set"],"_uag_css_file_name":["uag-css-25592.css"],"_elementor_page_assets":["a:0:{}"],"_uag_page_assets":["a:9:{s:3:\"css\";s:7133:\".uag-blocks-common-selector{z-index:var(--z-index-desktop) !important}@media(max-width: 976px){.uag-blocks-common-selector{z-index:var(--z-index-tablet) !important}}@media(max-width: 767px){.uag-blocks-common-selector{z-index:var(--z-index-mobile) !important}}.wp-block-uagb-image{display:flex}.wp-block-uagb-image__figure{position:relative;display:flex;flex-direction:column;max-width:100%;height:auto;margin:0}.wp-block-uagb-image__figure img{height:auto;display:flex;max-width:100%;transition:box-shadow .2s ease}.wp-block-uagb-image__figure>a{display:inline-block}.wp-block-uagb-image__figure figcaption{text-align:center;margin-top:.5em;margin-bottom:1em}.wp-block-uagb-image .components-placeholder.block-editor-media-placeholder .components-placeholder__instructions{align-self:center}.wp-block-uagb-image--align-left{text-align:left}.wp-block-uagb-image--align-right{text-align:right}.wp-block-uagb-image--align-center{text-align:center}.wp-block-uagb-image--align-full .wp-block-uagb-image__figure{margin-left:calc(50% - 50vw);margin-right:calc(50% - 50vw);max-width:100vw;width:100vw;height:auto}.wp-block-uagb-image--align-full .wp-block-uagb-image__figure img{height:auto;width:100% !important}.wp-block-uagb-image--align-wide .wp-block-uagb-image__figure img{height:auto;width:100%}.wp-block-uagb-image--layout-overlay__color-wrapper{position:absolute;left:0;top:0;right:0;bottom:0;opacity:.2;background:rgba(0,0,0,.5);transition:opacity .35s ease-in-out}.wp-block-uagb-image--layout-overlay-link{position:absolute;left:0;right:0;bottom:0;top:0}.wp-block-uagb-image--layout-overlay .wp-block-uagb-image__figure:hover .wp-block-uagb-image--layout-overlay__color-wrapper{opacity:1}.wp-block-uagb-image--layout-overlay__inner{position:absolute;left:15px;right:15px;bottom:15px;top:15px;display:flex;align-items:center;justify-content:center;flex-direction:column;border-color:#fff;transition:.35s ease-in-out}.wp-block-uagb-image--layout-overlay__inner.top-left,.wp-block-uagb-image--layout-overlay__inner.top-center,.wp-block-uagb-image--layout-overlay__inner.top-right{justify-content:flex-start}.wp-block-uagb-image--layout-overlay__inner.bottom-left,.wp-block-uagb-image--layout-overlay__inner.bottom-center,.wp-block-uagb-image--layout-overlay__inner.bottom-right{justify-content:flex-end}.wp-block-uagb-image--layout-overlay__inner.top-left,.wp-block-uagb-image--layout-overlay__inner.center-left,.wp-block-uagb-image--layout-overlay__inner.bottom-left{align-items:flex-start}.wp-block-uagb-image--layout-overlay__inner.top-right,.wp-block-uagb-image--layout-overlay__inner.center-right,.wp-block-uagb-image--layout-overlay__inner.bottom-right{align-items:flex-end}.wp-block-uagb-image--layout-overlay__inner .uagb-image-heading{color:#fff;transition:transform .35s,opacity .35s ease-in-out;transform:translate3d(0, 24px, 0);margin:0;line-height:1em}.wp-block-uagb-image--layout-overlay__inner .uagb-image-separator{width:30%;border-top-width:2px;border-top-color:#fff;border-top-style:solid;margin-bottom:10px;opacity:0;transition:transform .4s,opacity .4s ease-in-out;transform:translate3d(0, 30px, 0)}.wp-block-uagb-image--layout-overlay__inner .uagb-image-caption{opacity:0;overflow:visible;color:#fff;transition:transform .45s,opacity .45s ease-in-out;transform:translate3d(0, 35px, 0)}.wp-block-uagb-image--layout-overlay__inner:hover .uagb-image-heading,.wp-block-uagb-image--layout-overlay__inner:hover .uagb-image-separator,.wp-block-uagb-image--layout-overlay__inner:hover .uagb-image-caption{opacity:1;transform:translate3d(0, 0, 0)}.wp-block-uagb-image--effect-zoomin .wp-block-uagb-image__figure img,.wp-block-uagb-image--effect-zoomin .wp-block-uagb-image__figure .wp-block-uagb-image--layout-overlay__color-wrapper{transform:scale(1);transition:transform .35s ease-in-out}.wp-block-uagb-image--effect-zoomin .wp-block-uagb-image__figure:hover img,.wp-block-uagb-image--effect-zoomin .wp-block-uagb-image__figure:hover .wp-block-uagb-image--layout-overlay__color-wrapper{transform:scale(1.05)}.wp-block-uagb-image--effect-slide .wp-block-uagb-image__figure img,.wp-block-uagb-image--effect-slide .wp-block-uagb-image__figure .wp-block-uagb-image--layout-overlay__color-wrapper{width:calc(100% + 40px) !important;max-width:none !important;transform:translate3d(-40px, 0, 0);transition:transform .35s ease-in-out}.wp-block-uagb-image--effect-slide .wp-block-uagb-image__figure:hover img,.wp-block-uagb-image--effect-slide .wp-block-uagb-image__figure:hover .wp-block-uagb-image--layout-overlay__color-wrapper{transform:translate3d(0, 0, 0)}.wp-block-uagb-image--effect-grayscale img{filter:grayscale(0%);transition:.35s ease-in-out}.wp-block-uagb-image--effect-grayscale:hover img{filter:grayscale(100%)}.wp-block-uagb-image--effect-blur img{filter:blur(0);transition:.35s ease-in-out}.wp-block-uagb-image--effect-blur:hover img{filter:blur(3px)}.uagb-block-e6f939b3.wp-block-uagb-image--layout-default figure img{box-shadow: 0px 0px 0 #00000070;}.uagb-block-e6f939b3.wp-block-uagb-image .wp-block-uagb-image__figure figcaption{font-style: normal;align-self: center;}.uagb-block-e6f939b3.wp-block-uagb-image--layout-overlay figure img{box-shadow: 0px 0px 0 #00000070;}.uagb-block-e6f939b3.wp-block-uagb-image--layout-overlay .wp-block-uagb-image--layout-overlay__color-wrapper{opacity: 0.2;}.uagb-block-e6f939b3.wp-block-uagb-image--layout-overlay .wp-block-uagb-image--layout-overlay__inner{left: 15px;right: 15px;top: 15px;bottom: 15px;}.uagb-block-e6f939b3.wp-block-uagb-image--layout-overlay .wp-block-uagb-image--layout-overlay__inner .uagb-image-heading{font-style: normal;color: #fff;opacity: 1;}.uagb-block-e6f939b3.wp-block-uagb-image--layout-overlay .wp-block-uagb-image--layout-overlay__inner .uagb-image-heading a{color: #fff;}.uagb-block-e6f939b3.wp-block-uagb-image--layout-overlay .wp-block-uagb-image--layout-overlay__inner .uagb-image-caption{opacity: 0;}.uagb-block-e6f939b3.wp-block-uagb-image--layout-overlay .wp-block-uagb-image__figure:hover .wp-block-uagb-image--layout-overlay__color-wrapper{opacity: 1;}.uagb-block-e6f939b3.wp-block-uagb-image .wp-block-uagb-image--layout-overlay__inner .uagb-image-separator{width: 30%;border-top-width: 2px;border-top-color: #fff;opacity: 0;}.uagb-block-e6f939b3.wp-block-uagb-image .wp-block-uagb-image__figure img{width: px;height: auto;}.uagb-block-e6f939b3.wp-block-uagb-image .wp-block-uagb-image__figure:hover .wp-block-uagb-image--layout-overlay__inner .uagb-image-caption{opacity: 1;}.uagb-block-e6f939b3.wp-block-uagb-image .wp-block-uagb-image__figure:hover .wp-block-uagb-image--layout-overlay__inner .uagb-image-separator{opacity: 1;}.uagb-block-e6f939b3.wp-block-uagb-image--layout-default figure:hover img{box-shadow: 0px 0px 0 #00000070;}.uagb-block-e6f939b3.wp-block-uagb-image--layout-overlay figure:hover img{box-shadow: 0px 0px 0 #00000070;}@media only screen and (max-width: 976px) {.uagb-block-e6f939b3.wp-block-uagb-image .wp-block-uagb-image__figure img{width: px;height: auto;}}@media only screen and (max-width: 767px) {.uagb-block-e6f939b3.wp-block-uagb-image .wp-block-uagb-image__figure img{width: px;height: auto;}}\";s:2:\"js\";s:0:\"\";s:18:\"current_block_list\";a:13:{i:0;s:11:\"core\/search\";i:1;s:10:\"core\/group\";i:2;s:12:\"core\/heading\";i:3;s:17:\"core\/latest-posts\";i:4;s:20:\"core\/latest-comments\";i:5;s:13:\"core\/archives\";i:6;s:15:\"core\/categories\";i:7;s:14:\"core\/paragraph\";i:8;s:10:\"uagb\/image\";i:9;s:11:\"core\/spacer\";i:10;s:30:\"woocommerce\/product-categories\";i:11;s:10:\"core\/image\";i:12;s:14:\"core\/shortcode\";}s:8:\"uag_flag\";b:1;s:11:\"uag_version\";s:10:\"1777336359\";s:6:\"gfonts\";a:0:{}s:10:\"gfonts_url\";s:0:\"\";s:12:\"gfonts_files\";a:0:{}s:14:\"uag_faq_layout\";b:0;}"]},"uagb_featured_image_src":{"full":["https:\/\/www.ferberpainting.com\/wp-content\/uploads\/2025\/05\/TomatoFertilizerensac.png",2560,2560,false],"thumbnail":["https:\/\/www.ferberpainting.com\/wp-content\/uploads\/2025\/05\/TomatoFertilizerensac-150x150.png",150,150,true],"medium":["https:\/\/www.ferberpainting.com\/wp-content\/uploads\/2025\/05\/TomatoFertilizerensac-300x300.png",300,300,true],"medium_large":["https:\/\/www.ferberpainting.com\/wp-content\/uploads\/2025\/05\/TomatoFertilizerensac-768x768.png",768,768,true],"large":["https:\/\/www.ferberpainting.com\/wp-content\/uploads\/2025\/05\/TomatoFertilizerensac-1024x1024.png",1024,1024,true],"1536x1536":["https:\/\/www.ferberpainting.com\/wp-content\/uploads\/2025\/05\/TomatoFertilizerensac-1536x1536.png",1536,1536,true],"2048x2048":["https:\/\/www.ferberpainting.com\/wp-content\/uploads\/2025\/05\/TomatoFertilizerensac-2048x2048.png",2048,2048,true],"trp-custom-language-flag":["https:\/\/www.ferberpainting.com\/wp-content\/uploads\/2025\/05\/TomatoFertilizerensac-12x12.png",12,12,true],"woocommerce_thumbnail":["https:\/\/www.ferberpainting.com\/wp-content\/uploads\/2025\/05\/TomatoFertilizerensac-300x300.png",300,300,true],"woocommerce_single":["https:\/\/www.ferberpainting.com\/wp-content\/uploads\/2025\/05\/TomatoFertilizerensac-600x600.png",600,600,true],"woocommerce_gallery_thumbnail":["https:\/\/www.ferberpainting.com\/wp-content\/uploads\/2025\/05\/TomatoFertilizerensac-100x100.png",100,100,true]},"uagb_author_info":{"display_name":"admin","author_link":"https:\/\/www.ferberpainting.com\/se\/author\/"},"uagb_comment_info":31,"uagb_excerpt":"A fertilizer specially designed for tomatoes.\u00a0This granular fertilizer is formulated to optimize the growth of tomato plants, by providing the essential nutrients at each stage of development. Thanks to a balanced composition of nitrogen, phosphorus, and potassium (NPK 10-10-10), it promotes dense foliage, abundant flowering and generous fruiting, thus ensuring a harvest of tasty, high-quality&hellip;","_links":{"self":[{"href":"https:\/\/www.ferberpainting.com\/se\/wp-json\/wp\/v2\/product\/25592","targetHints":{"allow":["GET"]}}],"collection":[{"href":"https:\/\/www.ferberpainting.com\/se\/wp-json\/wp\/v2\/product"}],"about":[{"href":"https:\/\/www.ferberpainting.com\/se\/wp-json\/wp\/v2\/types\/product"}],"replies":[{"embeddable":true,"href":"https:\/\/www.ferberpainting.com\/se\/wp-json\/wp\/v2\/comments?post=25592"}],"version-history":[{"count":5,"href":"https:\/\/www.ferberpainting.com\/se\/wp-json\/wp\/v2\/product\/25592\/revisions"}],"predecessor-version":[{"id":167453,"href":"https:\/\/www.ferberpainting.com\/se\/wp-json\/wp\/v2\/product\/25592\/revisions\/167453"}],"wp:featuredmedia":[{"embeddable":true,"href":"https:\/\/www.ferberpainting.com\/se\/wp-json\/wp\/v2\/media\/27430"}],"wp:attachment":[{"href":"https:\/\/www.ferberpainting.com\/se\/wp-json\/wp\/v2\/media?parent=25592"}],"wp:term":[{"taxonomy":"product_brand","embeddable":true,"href":"https:\/\/www.ferberpainting.com\/se\/wp-json\/wp\/v2\/product_brand?post=25592"},{"taxonomy":"product_cat","embeddable":true,"href":"https:\/\/www.ferberpainting.com\/se\/wp-json\/wp\/v2\/product_cat?post=25592"},{"taxonomy":"product_tag","embeddable":true,"href":"https:\/\/www.ferberpainting.com\/se\/wp-json\/wp\/v2\/product_tag?post=25592"}],"curies":[{"name":"wp","href":"https:\/\/api.w.org\/{rel}","templated":true}]}}