{"id":25345,"date":"2025-06-30T20:02:34","date_gmt":"2025-06-30T18:02:34","guid":{"rendered":"https:\/\/www.ferberpainting.com\/?post_type=product&#038;p=25336"},"modified":"2026-02-16T12:25:28","modified_gmt":"2026-02-16T11:25:28","slug":"tar-bitumen-and-asphalt-cleaner","status":"publish","type":"product","link":"https:\/\/www.ferberpainting.com\/se\/products\/tar-bitumen-and-asphalt-cleaner\/","title":{"rendered":"Reng\u00f6ringsmedel f\u00f6r tj\u00e4ra, bitumen och asfalt"},"content":{"rendered":"<p><strong><img decoding=\"async\" style=\"margin-right: 12px;\" src=\"https:\/\/www.ferberpainting.com\/wp-content\/uploads\/2026\/02\/Check.svg\" alt=\"\" width=\"18\" height=\"15\" \/>Optimal effektivitet.<\/strong>\u00a0Denna tj\u00e4r- och bitumenreng\u00f6ring \u00e4r speciellt framtagen f\u00f6r att effektivt avl\u00e4gsna tj\u00e4rrester, bitumenfl\u00e4ckar, fettavlagringar och inb\u00e4ddade f\u00f6roreningar p\u00e5 olika ytor. Tack vare sin kraftfulla formula l\u00f6ser den snabbt upp sv\u00e5r smuts samtidigt som den bevarar behandlade material. Den reng\u00f6r p\u00e5 djupet och l\u00e4mnar ytorna rena och fria fr\u00e5n alla sp\u00e5r av tj\u00e4ra utan att man beh\u00f6ver skrubba dem intensivt.<\/p>\n<p><strong><img decoding=\"async\" style=\"margin-right: 12px;\" src=\"https:\/\/www.ferberpainting.com\/wp-content\/uploads\/2026\/02\/Check.svg\" alt=\"\" width=\"18\" height=\"15\" \/>Pengar-tillbaka-garanti.<\/strong>\u00a0Vi har fullt f\u00f6rtroende f\u00f6r att v\u00e5rt reng\u00f6ringsmedel \u00e4r effektivt. Om du inte \u00e4r helt n\u00f6jd efter anv\u00e4ndning \u00e4r du ber\u00e4ttigad till full \u00e5terbetalning. Prova v\u00e5r produkt riskfritt och njut av enkel, restfri reng\u00f6ring.<\/p>\n<p><strong><img decoding=\"async\" style=\"margin-right: 12px;\" src=\"https:\/\/www.ferberpainting.com\/wp-content\/uploads\/2026\/02\/Check.svg\" alt=\"\" width=\"18\" height=\"15\" \/>Exceptionell m\u00e5ngsidighet.<\/strong>\u00a0Detta reng\u00f6ringsmedel \u00e4r inte begr\u00e4nsat till bitumin\u00f6sa ytor, utan \u00e4r ocks\u00e5 idealiskt f\u00f6r att avl\u00e4gsna tj\u00e4ra fr\u00e5n fordonskarosser, byggutrustning, byggnadsfasader, industriell utrustning, hjul och ytor som uts\u00e4tts f\u00f6r tj\u00e4rst\u00e4nk, oavsett om det \u00e4r betong, sten, metall, plast, keramik eller natursten. Den garanterar en djupg\u00e5ende och effektiv reng\u00f6ring utan att skada ytan.<\/p>\n<p><strong><img decoding=\"async\" style=\"margin-right: 12px;\" src=\"https:\/\/www.ferberpainting.com\/wp-content\/uploads\/2026\/02\/Check.svg\" alt=\"\" width=\"18\" height=\"15\" \/>Kostnadseffektivt.<\/strong>\u00a0Med sin 5-litersbeh\u00e5llare och h\u00f6ga effektivitet ger den h\u00e4r reng\u00f6ringsmedlet ett utm\u00e4rkt utbyte. En liten m\u00e4ngd r\u00e4cker f\u00f6r att l\u00f6sa upp tj\u00e4r- och bitumenrester p\u00e5 stora ytor. I genomsnitt kan en liter reng\u00f6ra upp till 40 m\u00b2 tj\u00e4rad eller bitumin\u00f6s yta, vilket g\u00f6r det till en kostnadseffektiv l\u00f6sning f\u00f6r b\u00e5de rutinm\u00e4ssigt och intensivt underh\u00e5ll.<\/p>\n<p><strong><img decoding=\"async\" style=\"margin-right: 12px;\" src=\"https:\/\/www.ferberpainting.com\/wp-content\/uploads\/2026\/02\/Check.svg\" alt=\"\" width=\"18\" height=\"15\" \/>S\u00e4ker att anv\u00e4nda.<\/strong>\u00a0Till skillnad fr\u00e5n starka l\u00f6sningsmedel och fr\u00e4tande kemikalier som kan skada ytor \u00e4r detta reng\u00f6ringsmedel formulerat f\u00f6r att vara b\u00e5de effektivt och materials\u00e4kert. Den inneh\u00e5ller inga giftiga eller farliga ingredienser, avger inga skadliga \u00e5ngor och \u00e4r s\u00e4ker f\u00f6r b\u00e5de yrkesm\u00e4ssig och privat anv\u00e4ndning. Det skyddar b\u00e5de anv\u00e4ndaren och milj\u00f6n.<\/p>\n<p><strong><img decoding=\"async\" style=\"margin-right: 12px;\" src=\"https:\/\/www.ferberpainting.com\/wp-content\/uploads\/2026\/02\/Check.svg\" alt=\"\" width=\"18\" height=\"15\" \/>Anv\u00e4ndarv\u00e4nlighet.<\/strong>\u00a0Denna produkt \u00e4r klar att anv\u00e4nda och kr\u00e4ver ingen utsp\u00e4dning eller komplicerad beredning. Applicera den bara direkt p\u00e5 ytan med en trasa, svamp eller spruta. Den snabbverkande formulan och anv\u00e4ndarv\u00e4nligheten g\u00f6r det enkelt att ta bort tj\u00e4rfl\u00e4ckar utan specialutrustning eller komplicerade steg.<\/p>\n<p><strong><img decoding=\"async\" style=\"margin-right: 12px;\" src=\"https:\/\/www.ferberpainting.com\/wp-content\/uploads\/2026\/02\/Check.svg\" alt=\"\" width=\"18\" height=\"15\" \/>F\u00f6rb\u00e4ttrad h\u00e5llbarhet.<\/strong>\u00a0Genom att effektivt avl\u00e4gsna rester av tj\u00e4ra och bitumen skyddar detta reng\u00f6ringsmedel behandlade material och f\u00f6rl\u00e4nger deras livsl\u00e4ngd. Det f\u00f6rhindrar uppbyggnad av avlagringar som kan orsaka ytskador \u00f6ver tid, vilket bidrar till att h\u00e5lla utrustning och strukturer i utm\u00e4rkt skick med f\u00f6rb\u00e4ttrad motst\u00e5ndskraft mot yttre p\u00e5frestningar.<\/p>\n<p><strong><img decoding=\"async\" style=\"margin-right: 12px;\" src=\"https:\/\/www.ferberpainting.com\/wp-content\/uploads\/2026\/02\/Check.svg\" alt=\"\" width=\"18\" height=\"15\" \/>Snabb \u00e5tg\u00e4rd.<\/strong>\u00a0Tack vare sin h\u00f6gaktiva formula verkar detta reng\u00f6ringsmedel omedelbart p\u00e5 tj\u00e4rfl\u00e4ckar och bitumenrester. P\u00e5 bara n\u00e5gra minuter l\u00f6ser det upp smutsen och g\u00f6r det m\u00f6jligt att avl\u00e4gsna den utan kraftig skrubbning. Den omedelbara effekten g\u00f6r den idealisk f\u00f6r anv\u00e4ndning p\u00e5 plats eller i milj\u00f6er som kr\u00e4ver snabb respons.<\/p>\n<h2><strong>Instruktioner f\u00f6r anv\u00e4ndning<\/strong><\/h2>\n<ul>\n<li><strong>F\u00f6rberedelser <\/strong>: Se till att ytan \u00e4r torr och tillg\u00e4nglig innan du applicerar produkten. Ta bort synligt skr\u00e4p eller ansamlingar f\u00f6r att maximera produktens verkan.<\/li>\n<li><strong>Manuell till\u00e4mpning <\/strong>: H\u00e4ll en liten m\u00e4ngd reng\u00f6ringsmedel p\u00e5 en ren trasa, svamp eller mjuk borste och applicera sedan j\u00e4mnt p\u00e5 tj\u00e4rfl\u00e4ckarna och skrubba f\u00f6rsiktigt omr\u00e5det.<\/li>\n<li><strong>Anv\u00e4ndning p\u00e5 stora ytor <\/strong>: F\u00f6r st\u00f6rre omr\u00e5den, anv\u00e4nd en spruta f\u00f6r att direkt applicera produkten p\u00e5 den drabbade zonen. L\u00e5t sitta i n\u00e5gra minuter s\u00e5 att produkten effektivt kan l\u00f6sa upp resterna.<\/li>\n<li><strong>Reng\u00f6ring och \u00e5tg\u00e4rder <\/strong>: L\u00e5t produkten verka i 3 till 5 minuter p\u00e5 envisa fl\u00e4ckar och torka sedan av med en ren trasa eller mjuk borste. F\u00f6r kraftigt nedsmutsade omr\u00e5den, upprepa processen om det beh\u00f6vs.<\/li>\n<li><strong>Sk\u00f6ljning <\/strong>: Torka av med en ren, fuktig trasa f\u00f6r att avl\u00e4gsna kvarvarande produkt och uppn\u00e5 en perfekt finish. Vid anv\u00e4ndning p\u00e5 por\u00f6sa ytor, sk\u00f6lj noggrant med rent vatten.<\/li>\n<li><strong>Torkning och efterbehandling <\/strong>: L\u00e5t lufttorka eller torka av med en torr mikrofiberduk f\u00f6r ett fl\u00e4ckfritt resultat. P\u00e5 metalliska eller m\u00e5lade ytor kan ett l\u00e4tt polermedel anv\u00e4ndas f\u00f6r att \u00e5terst\u00e4lla glansen.<\/li>\n<li><strong>Frekvens av anv\u00e4ndning <\/strong>: Applicera s\u00e5 snart tj\u00e4rfl\u00e4ckar upptr\u00e4der f\u00f6r enkel borttagning. F\u00f6r professionell anv\u00e4ndning rekommenderas m\u00e5natlig reng\u00f6ring f\u00f6r att bevara utrustning och infrastruktur.<\/li>\n<li><strong>F\u00f6rvaring <\/strong>: \u00c5terf\u00f6rslut beh\u00e5llaren ordentligt efter varje anv\u00e4ndning och f\u00f6rvara den p\u00e5 en sval, torr plats, skyddad fr\u00e5n ljus och extrema temperaturer, f\u00f6r att bevara produktens effektivitet \u00f6ver tid.<\/li>\n<\/ul>\n<p>Med v\u00e5rt reng\u00f6ringsmedel f\u00f6r tj\u00e4ra och bitumen kan du enkelt ta bort \u00e4ven de tuffaste fl\u00e4ckarna och f\u00e5 fl\u00e4ckfria ytor p\u00e5 ett \u00f6gonblick. En effektiv, snabb och s\u00e4ker l\u00f6sning f\u00f6r enkelt underh\u00e5ll med professionella resultat.<\/p>","protected":false},"excerpt":{"rendered":"<p>Optimal Effectiveness.\u00a0This tar and bitumen cleaner is specially formulated to effectively remove tar residues, bitumen stains, grease deposits, and embedded impurities on various surfaces. Thanks to its powerful formula, it quickly dissolves tough grime while preserving treated materials. It ensures deep cleaning, leaving surfaces clean and free from any trace of tar without the need [&hellip;]<\/p>\n","protected":false},"featured_media":35877,"comment_status":"open","ping_status":"closed","template":"","meta":{"_uag_custom_page_level_css":"","site-sidebar-layout":"default","site-content-layout":"","ast-site-content-layout":"default","site-content-style":"default","site-sidebar-style":"default","ast-global-header-display":"","ast-banner-title-visibility":"","ast-main-header-display":"","ast-hfb-above-header-display":"","ast-hfb-below-header-display":"","ast-hfb-mobile-header-display":"","site-post-title":"","ast-breadcrumbs-content":"","ast-featured-img":"","footer-sml-layout":"","ast-disable-related-posts":"","theme-transparent-header-meta":"default","adv-header-id-meta":"","stick-header-meta":"","header-above-stick-meta":"","header-main-stick-meta":"","header-below-stick-meta":"","astra-migrate-meta-layouts":"set","ast-page-background-enabled":"default","ast-page-background-meta":{"desktop":{"background-color":"var(--ast-global-color-4)","background-image":"","background-repeat":"repeat","background-position":"center center","background-size":"auto","background-attachment":"scroll","background-type":"","background-media":"","overlay-type":"","overlay-color":"","overlay-opacity":"","overlay-gradient":""},"tablet":{"background-color":"","background-image":"","background-repeat":"repeat","background-position":"center center","background-size":"auto","background-attachment":"scroll","background-type":"","background-media":"","overlay-type":"","overlay-color":"","overlay-opacity":"","overlay-gradient":""},"mobile":{"background-color":"","background-image":"","background-repeat":"repeat","background-position":"center center","background-size":"auto","background-attachment":"scroll","background-type":"","background-media":"","overlay-type":"","overlay-color":"","overlay-opacity":"","overlay-gradient":""}},"ast-content-background-meta":{"desktop":{"background-color":"var(--ast-global-color-5)","background-image":"","background-repeat":"repeat","background-position":"center center","background-size":"auto","background-attachment":"scroll","background-type":"","background-media":"","overlay-type":"","overlay-color":"","overlay-opacity":"","overlay-gradient":""},"tablet":{"background-color":"var(--ast-global-color-5)","background-image":"","background-repeat":"repeat","background-position":"center center","background-size":"auto","background-attachment":"scroll","background-type":"","background-media":"","overlay-type":"","overlay-color":"","overlay-opacity":"","overlay-gradient":""},"mobile":{"background-color":"var(--ast-global-color-5)","background-image":"","background-repeat":"repeat","background-position":"center center","background-size":"auto","background-attachment":"scroll","background-type":"","background-media":"","overlay-type":"","overlay-color":"","overlay-opacity":"","overlay-gradient":""}}},"product_brand":[],"product_cat":[175,176],"product_tag":[],"class_list":{"0":"post-25345","1":"product","2":"type-product","3":"status-publish","4":"has-post-thumbnail","6":"product_cat-cleaning-products","7":"product_cat-concrete-treatment","8":"desktop-align-left","9":"tablet-align-left","10":"mobile-align-left","12":"first","13":"instock","14":"sale","15":"shipping-taxable","16":"purchasable","17":"product-type-variable","18":"has-default-attributes"},"spectra_custom_meta":{"_visibility":["visible"],"_shopify_product_id":["9102463402229"],"_s2w_shopify_domain":["ferberpainting.myshopify.com"],"_shopify_variant_id":["46616313331957"],"_sku":[""],"_manage_stock":["no"],"total_sales":["85"],"_tax_status":["taxable"],"_tax_class":[""],"_backorders":["no"],"_sold_individually":["no"],"_virtual":["no"],"_downloadable":["no"],"_download_limit":["-1"],"_download_expiry":["-1"],"_stock":[null],"_stock_status":["instock"],"_wc_average_rating":["5.00"],"_wc_review_count":["10"],"_product_attributes":["a:1:{s:6:\"volume\";a:6:{s:4:\"name\";s:6:\"Volume\";s:5:\"value\";s:20:\"5 liters | 25 liters\";s:8:\"position\";i:1;s:10:\"is_visible\";i:0;s:12:\"is_variation\";i:1;s:11:\"is_taxonomy\";i:0;}}"],"_product_version":["10.5.1"],"wpse_downloadable_file_names":[""],"wpse_downloadable_file_urls":[""],"_edit_last":["1"],"_default_attributes":["a:1:{s:6:\"volume\";s:8:\"5 liters\";}"],"_edit_lock":["1771241003:1"],"merchant-center-availability":["yes"],"merchant-center-category":["7504"],"_thumbnail_id":["35877"],"_wp_page_template":["default"],"_wp_old_date":["2025-05-26"],"_product_image_gallery":["35879"],"site-sidebar-layout":["default"],"ast-site-content-layout":["default"],"site-content-style":["default"],"site-sidebar-style":["default"],"theme-transparent-header-meta":["default"],"_price":["29.90","129.90"],"_wc_rating_count":["a:1:{i:5;i:10;}"],"astra-migrate-meta-layouts":["set"],"_uag_css_file_name":["uag-css-25345.css"],"_elementor_page_assets":["a:0:{}"],"_uag_page_assets":["a:9:{s:3:\"css\";s:6873:\".wp-block-uagb-image{display:flex}.wp-block-uagb-image__figure{position:relative;display:flex;flex-direction:column;max-width:100%;height:auto;margin:0}.wp-block-uagb-image__figure img{height:auto;display:flex;max-width:100%;transition:box-shadow .2s ease}.wp-block-uagb-image__figure>a{display:inline-block}.wp-block-uagb-image__figure figcaption{text-align:center;margin-top:.5em;margin-bottom:1em}.wp-block-uagb-image .components-placeholder.block-editor-media-placeholder .components-placeholder__instructions{align-self:center}.wp-block-uagb-image--align-left{text-align:left}.wp-block-uagb-image--align-right{text-align:right}.wp-block-uagb-image--align-center{text-align:center}.wp-block-uagb-image--align-full .wp-block-uagb-image__figure{margin-left:calc(50% - 50vw);margin-right:calc(50% - 50vw);max-width:100vw;width:100vw;height:auto}.wp-block-uagb-image--align-full .wp-block-uagb-image__figure img{height:auto;width:100% !important}.wp-block-uagb-image--align-wide .wp-block-uagb-image__figure img{height:auto;width:100%}.wp-block-uagb-image--layout-overlay__color-wrapper{position:absolute;left:0;top:0;right:0;bottom:0;opacity:.2;background:rgba(0,0,0,.5);transition:opacity .35s ease-in-out}.wp-block-uagb-image--layout-overlay-link{position:absolute;left:0;right:0;bottom:0;top:0}.wp-block-uagb-image--layout-overlay .wp-block-uagb-image__figure:hover .wp-block-uagb-image--layout-overlay__color-wrapper{opacity:1}.wp-block-uagb-image--layout-overlay__inner{position:absolute;left:15px;right:15px;bottom:15px;top:15px;display:flex;align-items:center;justify-content:center;flex-direction:column;border-color:#fff;transition:.35s ease-in-out}.wp-block-uagb-image--layout-overlay__inner.top-left,.wp-block-uagb-image--layout-overlay__inner.top-center,.wp-block-uagb-image--layout-overlay__inner.top-right{justify-content:flex-start}.wp-block-uagb-image--layout-overlay__inner.bottom-left,.wp-block-uagb-image--layout-overlay__inner.bottom-center,.wp-block-uagb-image--layout-overlay__inner.bottom-right{justify-content:flex-end}.wp-block-uagb-image--layout-overlay__inner.top-left,.wp-block-uagb-image--layout-overlay__inner.center-left,.wp-block-uagb-image--layout-overlay__inner.bottom-left{align-items:flex-start}.wp-block-uagb-image--layout-overlay__inner.top-right,.wp-block-uagb-image--layout-overlay__inner.center-right,.wp-block-uagb-image--layout-overlay__inner.bottom-right{align-items:flex-end}.wp-block-uagb-image--layout-overlay__inner .uagb-image-heading{color:#fff;transition:transform .35s,opacity .35s ease-in-out;transform:translate3d(0, 24px, 0);margin:0;line-height:1em}.wp-block-uagb-image--layout-overlay__inner .uagb-image-separator{width:30%;border-top-width:2px;border-top-color:#fff;border-top-style:solid;margin-bottom:10px;opacity:0;transition:transform .4s,opacity .4s ease-in-out;transform:translate3d(0, 30px, 0)}.wp-block-uagb-image--layout-overlay__inner .uagb-image-caption{opacity:0;overflow:visible;color:#fff;transition:transform .45s,opacity .45s ease-in-out;transform:translate3d(0, 35px, 0)}.wp-block-uagb-image--layout-overlay__inner:hover .uagb-image-heading,.wp-block-uagb-image--layout-overlay__inner:hover .uagb-image-separator,.wp-block-uagb-image--layout-overlay__inner:hover .uagb-image-caption{opacity:1;transform:translate3d(0, 0, 0)}.wp-block-uagb-image--effect-zoomin .wp-block-uagb-image__figure img,.wp-block-uagb-image--effect-zoomin .wp-block-uagb-image__figure .wp-block-uagb-image--layout-overlay__color-wrapper{transform:scale(1);transition:transform .35s ease-in-out}.wp-block-uagb-image--effect-zoomin .wp-block-uagb-image__figure:hover img,.wp-block-uagb-image--effect-zoomin .wp-block-uagb-image__figure:hover .wp-block-uagb-image--layout-overlay__color-wrapper{transform:scale(1.05)}.wp-block-uagb-image--effect-slide .wp-block-uagb-image__figure img,.wp-block-uagb-image--effect-slide .wp-block-uagb-image__figure .wp-block-uagb-image--layout-overlay__color-wrapper{width:calc(100% + 40px) !important;max-width:none !important;transform:translate3d(-40px, 0, 0);transition:transform .35s ease-in-out}.wp-block-uagb-image--effect-slide .wp-block-uagb-image__figure:hover img,.wp-block-uagb-image--effect-slide .wp-block-uagb-image__figure:hover .wp-block-uagb-image--layout-overlay__color-wrapper{transform:translate3d(0, 0, 0)}.wp-block-uagb-image--effect-grayscale img{filter:grayscale(0%);transition:.35s ease-in-out}.wp-block-uagb-image--effect-grayscale:hover img{filter:grayscale(100%)}.wp-block-uagb-image--effect-blur img{filter:blur(0);transition:.35s ease-in-out}.wp-block-uagb-image--effect-blur:hover img{filter:blur(3px)}.uagb-block-e6f939b3.wp-block-uagb-image--layout-default figure img{box-shadow: 0px 0px 0 #00000070;}.uagb-block-e6f939b3.wp-block-uagb-image .wp-block-uagb-image__figure figcaption{font-style: normal;align-self: center;}.uagb-block-e6f939b3.wp-block-uagb-image--layout-overlay figure img{box-shadow: 0px 0px 0 #00000070;}.uagb-block-e6f939b3.wp-block-uagb-image--layout-overlay .wp-block-uagb-image--layout-overlay__color-wrapper{opacity: 0.2;}.uagb-block-e6f939b3.wp-block-uagb-image--layout-overlay .wp-block-uagb-image--layout-overlay__inner{left: 15px;right: 15px;top: 15px;bottom: 15px;}.uagb-block-e6f939b3.wp-block-uagb-image--layout-overlay .wp-block-uagb-image--layout-overlay__inner .uagb-image-heading{font-style: normal;color: #fff;opacity: 1;}.uagb-block-e6f939b3.wp-block-uagb-image--layout-overlay .wp-block-uagb-image--layout-overlay__inner .uagb-image-heading a{color: #fff;}.uagb-block-e6f939b3.wp-block-uagb-image--layout-overlay .wp-block-uagb-image--layout-overlay__inner .uagb-image-caption{opacity: 0;}.uagb-block-e6f939b3.wp-block-uagb-image--layout-overlay .wp-block-uagb-image__figure:hover .wp-block-uagb-image--layout-overlay__color-wrapper{opacity: 1;}.uagb-block-e6f939b3.wp-block-uagb-image .wp-block-uagb-image--layout-overlay__inner .uagb-image-separator{width: 30%;border-top-width: 2px;border-top-color: #fff;opacity: 0;}.uagb-block-e6f939b3.wp-block-uagb-image .wp-block-uagb-image__figure img{width: px;height: auto;}.uagb-block-e6f939b3.wp-block-uagb-image .wp-block-uagb-image__figure:hover .wp-block-uagb-image--layout-overlay__inner .uagb-image-caption{opacity: 1;}.uagb-block-e6f939b3.wp-block-uagb-image .wp-block-uagb-image__figure:hover .wp-block-uagb-image--layout-overlay__inner .uagb-image-separator{opacity: 1;}.uagb-block-e6f939b3.wp-block-uagb-image--layout-default figure:hover img{box-shadow: 0px 0px 0 #00000070;}.uagb-block-e6f939b3.wp-block-uagb-image--layout-overlay figure:hover img{box-shadow: 0px 0px 0 #00000070;}@media only screen and (max-width: 976px) {.uagb-block-e6f939b3.wp-block-uagb-image .wp-block-uagb-image__figure img{width: px;height: auto;}}@media only screen and (max-width: 767px) {.uagb-block-e6f939b3.wp-block-uagb-image .wp-block-uagb-image__figure img{width: px;height: auto;}}\";s:2:\"js\";s:0:\"\";s:18:\"current_block_list\";a:13:{i:0;s:11:\"core\/search\";i:1;s:10:\"core\/group\";i:2;s:12:\"core\/heading\";i:3;s:17:\"core\/latest-posts\";i:4;s:20:\"core\/latest-comments\";i:5;s:13:\"core\/archives\";i:6;s:15:\"core\/categories\";i:7;s:14:\"core\/paragraph\";i:8;s:10:\"uagb\/image\";i:9;s:11:\"core\/spacer\";i:10;s:30:\"woocommerce\/product-categories\";i:11;s:10:\"core\/image\";i:12;s:14:\"core\/shortcode\";}s:8:\"uag_flag\";b:1;s:11:\"uag_version\";s:10:\"1777096629\";s:6:\"gfonts\";a:0:{}s:10:\"gfonts_url\";s:0:\"\";s:12:\"gfonts_files\";a:0:{}s:14:\"uag_faq_layout\";b:0;}"]},"uagb_featured_image_src":{"full":["https:\/\/www.ferberpainting.com\/wp-content\/uploads\/2025\/05\/Tar-Bitumen-and-Asphalt-Cleaner-5L-.png",2560,2560,false],"thumbnail":["https:\/\/www.ferberpainting.com\/wp-content\/uploads\/2025\/05\/Tar-Bitumen-and-Asphalt-Cleaner-5L--150x150.png",150,150,true],"medium":["https:\/\/www.ferberpainting.com\/wp-content\/uploads\/2025\/05\/Tar-Bitumen-and-Asphalt-Cleaner-5L--300x300.png",300,300,true],"medium_large":["https:\/\/www.ferberpainting.com\/wp-content\/uploads\/2025\/05\/Tar-Bitumen-and-Asphalt-Cleaner-5L--768x768.png",768,768,true],"large":["https:\/\/www.ferberpainting.com\/wp-content\/uploads\/2025\/05\/Tar-Bitumen-and-Asphalt-Cleaner-5L--1024x1024.png",1024,1024,true],"1536x1536":["https:\/\/www.ferberpainting.com\/wp-content\/uploads\/2025\/05\/Tar-Bitumen-and-Asphalt-Cleaner-5L--1536x1536.png",1536,1536,true],"2048x2048":["https:\/\/www.ferberpainting.com\/wp-content\/uploads\/2025\/05\/Tar-Bitumen-and-Asphalt-Cleaner-5L--2048x2048.png",2048,2048,true],"trp-custom-language-flag":["https:\/\/www.ferberpainting.com\/wp-content\/uploads\/2025\/05\/Tar-Bitumen-and-Asphalt-Cleaner-5L--12x12.png",12,12,true],"woocommerce_thumbnail":["https:\/\/www.ferberpainting.com\/wp-content\/uploads\/2025\/05\/Tar-Bitumen-and-Asphalt-Cleaner-5L--300x300.png",300,300,true],"woocommerce_single":["https:\/\/www.ferberpainting.com\/wp-content\/uploads\/2025\/05\/Tar-Bitumen-and-Asphalt-Cleaner-5L--600x600.png",600,600,true],"woocommerce_gallery_thumbnail":["https:\/\/www.ferberpainting.com\/wp-content\/uploads\/2025\/05\/Tar-Bitumen-and-Asphalt-Cleaner-5L--100x100.png",100,100,true]},"uagb_author_info":{"display_name":"admin","author_link":"https:\/\/www.ferberpainting.com\/se\/author\/"},"uagb_comment_info":10,"uagb_excerpt":"Optimal Effectiveness.\u00a0This tar and bitumen cleaner is specially formulated to effectively remove tar residues, bitumen stains, grease deposits, and embedded impurities on various surfaces. Thanks to its powerful formula, it quickly dissolves tough grime while preserving treated materials. It ensures deep cleaning, leaving surfaces clean and free from any trace of tar without the need&hellip;","_links":{"self":[{"href":"https:\/\/www.ferberpainting.com\/se\/wp-json\/wp\/v2\/product\/25345","targetHints":{"allow":["GET"]}}],"collection":[{"href":"https:\/\/www.ferberpainting.com\/se\/wp-json\/wp\/v2\/product"}],"about":[{"href":"https:\/\/www.ferberpainting.com\/se\/wp-json\/wp\/v2\/types\/product"}],"replies":[{"embeddable":true,"href":"https:\/\/www.ferberpainting.com\/se\/wp-json\/wp\/v2\/comments?post=25345"}],"version-history":[{"count":3,"href":"https:\/\/www.ferberpainting.com\/se\/wp-json\/wp\/v2\/product\/25345\/revisions"}],"predecessor-version":[{"id":167370,"href":"https:\/\/www.ferberpainting.com\/se\/wp-json\/wp\/v2\/product\/25345\/revisions\/167370"}],"wp:featuredmedia":[{"embeddable":true,"href":"https:\/\/www.ferberpainting.com\/se\/wp-json\/wp\/v2\/media\/35877"}],"wp:attachment":[{"href":"https:\/\/www.ferberpainting.com\/se\/wp-json\/wp\/v2\/media?parent=25345"}],"wp:term":[{"taxonomy":"product_brand","embeddable":true,"href":"https:\/\/www.ferberpainting.com\/se\/wp-json\/wp\/v2\/product_brand?post=25345"},{"taxonomy":"product_cat","embeddable":true,"href":"https:\/\/www.ferberpainting.com\/se\/wp-json\/wp\/v2\/product_cat?post=25345"},{"taxonomy":"product_tag","embeddable":true,"href":"https:\/\/www.ferberpainting.com\/se\/wp-json\/wp\/v2\/product_tag?post=25345"}],"curies":[{"name":"wp","href":"https:\/\/api.w.org\/{rel}","templated":true}]}}