{"id":25332,"date":"2025-05-26T10:30:54","date_gmt":"2025-05-26T08:30:54","guid":{"rendered":"https:\/\/www.ferberpainting.com\/products\/succulent-fertilizer\/"},"modified":"2026-02-16T12:11:29","modified_gmt":"2026-02-16T11:11:29","slug":"succulent-fertilizer","status":"publish","type":"product","link":"https:\/\/www.ferberpainting.com\/se\/products\/succulent-fertilizer\/","title":{"rendered":"G\u00f6dselmedel f\u00f6r suckulenter"},"content":{"rendered":"<p><strong><img decoding=\"async\" style=\"margin-right: 12px;\" src=\"https:\/\/www.ferberpainting.com\/wp-content\/uploads\/2026\/02\/Check.svg\" alt=\"\" width=\"18\" height=\"15\" \/>Ett g\u00f6dselmedel som \u00e4r speciellt framtaget f\u00f6r kaktusar och suckulenter.<\/strong>\u00a0Suckulenta v\u00e4xter, som kaktusar, agaves, aloes och echeverias, har specifika n\u00e4ringsbehov som skiljer sig fr\u00e5n de gr\u00f6na v\u00e4xterna inomhus eller utomhus. V\u00e5rt NPK 15-15-15-g\u00f6dselmedel har utformats f\u00f6r att ge en optimal balans mellan kv\u00e4ve, fosfor och kalium, vilket fr\u00e4mjar robust tillv\u00e4xt, frodigt bladverk och riklig blomning. Tack vare sin flytande formulering \u00e4r den l\u00e4tt att assimilera och tr\u00e4nger snabbt in i substratet f\u00f6r synliga resultat p\u00e5 kort tid.<\/p>\n<p><strong><img decoding=\"async\" style=\"margin-right: 12px;\" src=\"https:\/\/www.ferberpainting.com\/wp-content\/uploads\/2026\/02\/Check.svg\" alt=\"\" width=\"18\" height=\"15\" \/>Pengar-tillbaka-garanti.<\/strong>\u00a0Vi \u00e4r \u00f6vertygade om att v\u00e5rt g\u00f6dningsmedel \u00e4r effektivt och d\u00e4rf\u00f6r erbjuder vi en pengarna-tillbaka-garanti. Om dina kaktusar och suckulenter, efter anv\u00e4ndning i enlighet med rekommendationerna, inte visar n\u00e5gon f\u00f6rb\u00e4ttring av tillv\u00e4xt eller vitalitet, \u00e5tar vi oss att \u00e5terbetala dig fullt ut.<\/p>\n<p><strong><img decoding=\"async\" style=\"margin-right: 12px;\" src=\"https:\/\/www.ferberpainting.com\/wp-content\/uploads\/2026\/02\/Check.svg\" alt=\"\" width=\"18\" height=\"15\" \/>Kompatibel med alla typer av kaktusar och suckulenter.<\/strong>\u00a0Detta g\u00f6dselmedel har utformats f\u00f6r alla sorters kaktusar och suckulenter, inklusive kaktusar, euphorbias, crassulas, sedum, aloes, agaves och lithops. Oavsett om du odlar dina v\u00e4xter inomhus eller utomhus, i krukor eller p\u00e5 \u00f6ppen mark, kommer detta g\u00f6dningsmedel att ge dem alla viktiga n\u00e4rings\u00e4mnen f\u00f6r deras utveckling och blomning.<\/p>\n<p><strong><img decoding=\"async\" style=\"margin-right: 12px;\" src=\"https:\/\/www.ferberpainting.com\/wp-content\/uploads\/2026\/02\/Check.svg\" alt=\"\" width=\"18\" height=\"15\" \/>Utm\u00e4rkt ekonomisk avkastning.<\/strong>\u00a0Tack vare sin h\u00f6ga koncentration sp\u00e4ds detta g\u00f6dselmedel ut med 5 ml per liter vatten, vilket m\u00f6jligg\u00f6r l\u00e5ngvarig anv\u00e4ndning. En 5-litersbeh\u00e5llare g\u00f6r det m\u00f6jligt att f\u00f6rbereda upp till 1000 liter g\u00f6dsell\u00f6sning, vilket s\u00e4kerst\u00e4ller ett utm\u00e4rkt kvalitets- \/ prisf\u00f6rh\u00e5llande genom att minska ink\u00f6psfrekvensen.<\/p>\n<p><strong><img decoding=\"async\" style=\"margin-right: 12px;\" src=\"https:\/\/www.ferberpainting.com\/wp-content\/uploads\/2026\/02\/Check.svg\" alt=\"\" width=\"18\" height=\"15\" \/>S\u00e4kert f\u00f6r v\u00e4xter och milj\u00f6.<\/strong>\u00a0Detta g\u00f6dselmedel inneh\u00e5ller inga aggressiva kemikalier som kan skada suckulenternas r\u00f6tter eller k\u00e4nsliga bladverk. Dess formulering respekterar balansen i substratet, undviker skadliga ansamlingar av salter och mineraler och s\u00e4kerst\u00e4ller en sund, naturlig tillv\u00e4xt utan o\u00f6nskade biverkningar.<\/p>\n<p><strong><img decoding=\"async\" style=\"margin-right: 12px;\" src=\"https:\/\/www.ferberpainting.com\/wp-content\/uploads\/2026\/02\/Check.svg\" alt=\"\" width=\"18\" height=\"15\" \/>L\u00e4tt att anv\u00e4nda och snabb att applicera.<\/strong>\u00a0Till skillnad fr\u00e5n fasta g\u00f6dningsmedel som m\u00e5ste gr\u00e4vas ner eller m\u00e4tas exakt, blandas v\u00e5rt flytande g\u00f6dningsmedel helt enkelt med vatten och appliceras direkt p\u00e5 substratet under vattning. Du beh\u00f6ver inga specialverktyg eller komplicerade tekniker: en enkel utsp\u00e4dning r\u00e4cker f\u00f6r att ge dina kaktusar och suckulenter effektiv n\u00e4ring.<\/p>\n<p><strong><img decoding=\"async\" style=\"margin-right: 12px;\" src=\"https:\/\/www.ferberpainting.com\/wp-content\/uploads\/2026\/02\/Check.svg\" alt=\"\" width=\"18\" height=\"15\" \/>Ett l\u00e5ngtidsverkande g\u00f6dselmedel som st\u00f6der tillv\u00e4xt \u00f6ver tid.<\/strong>\u00a0Genom att ge en perfekt balans av n\u00e4rings\u00e4mnen st\u00e4rker detta g\u00f6dselmedel r\u00f6tter, l\u00f6v och cellstrukturen hos suckulenter, s\u00e5 att de b\u00e4ttre kan motst\u00e5 torka, sjukdomar och brister. Tack vare sin gradvisa fris\u00e4ttning garanterar den kontinuerlig befruktning utan risk f\u00f6r \u00f6verbefruktning.<\/p>\n<p><strong><img decoding=\"async\" style=\"margin-right: 12px;\" src=\"https:\/\/www.ferberpainting.com\/wp-content\/uploads\/2026\/02\/Check.svg\" alt=\"\" width=\"18\" height=\"15\" \/>Synliga resultat snabbt.<\/strong>\u00a0Fr\u00e5n de f\u00f6rsta applikationerna kommer du att m\u00e4rka snabbare tillv\u00e4xt, tjockare l\u00f6v och f\u00f6r blommande arter, en f\u00f6rb\u00e4ttring av blomningen med mer levande och livfulla f\u00e4rger. Detta g\u00f6dselmedel hj\u00e4lper ocks\u00e5 v\u00e4xter att utveckla sina vattenreserver, vilket g\u00f6r dem mer motst\u00e5ndskraftiga mot sv\u00e5ra f\u00f6rh\u00e5llanden.<\/p>\n<h2><strong>Anv\u00e4ndning Protokoll <\/strong><\/h2>\n<p><strong>Rekommenderad utsp\u00e4dning :<\/strong><\/p>\n<ul>\n<li><strong>F\u00f6r regelbundet underh\u00e5ll <\/strong>: Sp\u00e4d ut 5 ml g\u00f6dselmedel per liter vatten och vattna substratet direkt.<\/li>\n<li><strong>F\u00f6r en v\u00e4xt under en period av intensiv tillv\u00e4xt (v\u00e5r\/sommar)<\/strong> : Anv\u00e4nd en n\u00e5got starkare utsp\u00e4dning p\u00e5 7 ml per liter vatten f\u00f6r en f\u00f6rst\u00e4rkt n\u00e4ringstillf\u00f6rsel.<\/li>\n<li><strong>F\u00f6r en v\u00e4xt under en viloperiod (h\u00f6st\/vinter)<\/strong> : Minska koncentrationen till 2 ml per liter vatten och f\u00f6rdela appliceringarna.<\/li>\n<\/ul>\n<p><strong>Ans\u00f6kningsfrekvens <\/strong>:<\/p>\n<ul>\n<li><strong>V\u00e4xter i aktiv tillv\u00e4xt <\/strong>: Applicera varannan vecka.<\/li>\n<li><strong>V\u00e4xter i vegetativ vila <\/strong>: Applicera en g\u00e5ng i m\u00e5naden f\u00f6r att uppr\u00e4tth\u00e5lla en god n\u00e4ringsniv\u00e5.<\/li>\n<\/ul>\n<p><strong>Till\u00e4mpningsmetod <\/strong>:<\/p>\n<ul>\n<li><strong>Bevattning vid basen <\/strong>: H\u00e4ll l\u00f6sningen direkt p\u00e5 substratet och undvik att fukta bladen f\u00f6r att f\u00f6rhindra risken f\u00f6r r\u00f6ta.<\/li>\n<li><strong>Bladspray (valfritt) <\/strong>: F\u00f6r suckulenter som absorberar fukt genom sina l\u00f6v kan en l\u00e4tt spray appliceras var 4: e till 6: e vecka.<\/li>\n<li><strong>F\u00f6r krukv\u00e4xter <\/strong>: Vattna tills vattnet b\u00f6rjar rinna ur h\u00e5len, vilket s\u00e4kerst\u00e4ller en bra f\u00f6rdelning av n\u00e4rings\u00e4mnen.<\/li>\n<li><strong>F\u00f6r utomhusv\u00e4xter <\/strong>: Applicera runt basen och se till att g\u00f6dselmedlet inte stagnerar p\u00e5 jorden f\u00f6r att undvika \u00f6verdosering.<\/li>\n<\/ul>\n<p><strong>F\u00f6rsiktighets\u00e5tg\u00e4rder vid anv\u00e4ndning <\/strong>:<\/p>\n<ul>\n<li><strong>\u00d6verdosera inte <\/strong>: Suckulenter \u00e4r l\u00e5ngsamt v\u00e4xande v\u00e4xter; \u00f6verskott av g\u00f6dselmedel kan stressa r\u00f6tterna och br\u00e4nna bladen.<\/li>\n<li><strong>Undvik applicering i direkt solljus <\/strong>: Det rekommenderas att applicera g\u00f6dselmedlet tidigt p\u00e5 morgonen eller sent p\u00e5 dagen f\u00f6r b\u00e4ttre absorption.<\/li>\n<li><strong>G\u00f6dsla inte en sjuk eller f\u00f6rsvagad v\u00e4xt <\/strong>: V\u00e4nta tills den har \u00e5terh\u00e4mtat sig innan du tillf\u00f6r ytterligare n\u00e4rings\u00e4mnen.<\/li>\n<\/ul>\n<p><strong>F\u00f6rvaring och konservering <\/strong>:<\/p>\n<ul>\n<li>F\u00f6rvara p\u00e5 en torr plats och borta fr\u00e5n ljus.<\/li>\n<li>St\u00e4ng flaskan ordentligt efter varje anv\u00e4ndning f\u00f6r att f\u00f6rhindra avdunstning eller kontaminering.<\/li>\n<\/ul>\n<p>Tack vare detta g\u00f6dningsmedel f\u00f6r suckulenta och feta v\u00e4xter ger du dina v\u00e4xter alla resurser de beh\u00f6ver f\u00f6r att v\u00e4xa harmoniskt, vilket s\u00e4kerst\u00e4ller balanserad tillv\u00e4xt och \u00f6kad motst\u00e5ndskraft mot extrema f\u00f6rh\u00e5llanden. Oavsett om du \u00e4r en suckulententusiast eller en kaktussamlare \u00e4r detta g\u00f6dselmedel den perfekta allierade f\u00f6r starka, blommande och friska v\u00e4xter.<\/p>","protected":false},"excerpt":{"rendered":"<p>A fertilizer specially formulated for cacti and succulents.\u00a0Succulent plants, such as cacti, agaves, aloes, and echeverias, have specific nutritional needs that differ from those of indoor or outdoor green plants. Our NPK 15-15-15 fertilizer has been designed to provide an optimal balance of nitrogen, phosphorus, and potassium, promoting robust growth, lush foliage, and abundant flowering. [&hellip;]<\/p>\n","protected":false},"featured_media":27195,"comment_status":"open","ping_status":"closed","template":"","meta":{"_uag_custom_page_level_css":"","site-sidebar-layout":"default","site-content-layout":"","ast-site-content-layout":"default","site-content-style":"default","site-sidebar-style":"default","ast-global-header-display":"","ast-banner-title-visibility":"","ast-main-header-display":"","ast-hfb-above-header-display":"","ast-hfb-below-header-display":"","ast-hfb-mobile-header-display":"","site-post-title":"","ast-breadcrumbs-content":"","ast-featured-img":"","footer-sml-layout":"","ast-disable-related-posts":"","theme-transparent-header-meta":"default","adv-header-id-meta":"","stick-header-meta":"","header-above-stick-meta":"","header-main-stick-meta":"","header-below-stick-meta":"","astra-migrate-meta-layouts":"set","ast-page-background-enabled":"default","ast-page-background-meta":{"desktop":{"background-color":"var(--ast-global-color-4)","background-image":"","background-repeat":"repeat","background-position":"center center","background-size":"auto","background-attachment":"scroll","background-type":"","background-media":"","overlay-type":"","overlay-color":"","overlay-opacity":"","overlay-gradient":""},"tablet":{"background-color":"","background-image":"","background-repeat":"repeat","background-position":"center center","background-size":"auto","background-attachment":"scroll","background-type":"","background-media":"","overlay-type":"","overlay-color":"","overlay-opacity":"","overlay-gradient":""},"mobile":{"background-color":"","background-image":"","background-repeat":"repeat","background-position":"center center","background-size":"auto","background-attachment":"scroll","background-type":"","background-media":"","overlay-type":"","overlay-color":"","overlay-opacity":"","overlay-gradient":""}},"ast-content-background-meta":{"desktop":{"background-color":"var(--ast-global-color-5)","background-image":"","background-repeat":"repeat","background-position":"center center","background-size":"auto","background-attachment":"scroll","background-type":"","background-media":"","overlay-type":"","overlay-color":"","overlay-opacity":"","overlay-gradient":""},"tablet":{"background-color":"var(--ast-global-color-5)","background-image":"","background-repeat":"repeat","background-position":"center center","background-size":"auto","background-attachment":"scroll","background-type":"","background-media":"","overlay-type":"","overlay-color":"","overlay-opacity":"","overlay-gradient":""},"mobile":{"background-color":"var(--ast-global-color-5)","background-image":"","background-repeat":"repeat","background-position":"center center","background-size":"auto","background-attachment":"scroll","background-type":"","background-media":"","overlay-type":"","overlay-color":"","overlay-opacity":"","overlay-gradient":""}}},"product_brand":[],"product_cat":[178],"product_tag":[],"class_list":{"0":"post-25332","1":"product","2":"type-product","3":"status-publish","4":"has-post-thumbnail","6":"product_cat-fertilizers","7":"desktop-align-left","8":"tablet-align-left","9":"mobile-align-left","11":"first","12":"instock","13":"sale","14":"taxable","15":"shipping-taxable","16":"purchasable","17":"product-type-variable","18":"has-default-attributes"},"spectra_custom_meta":{"_visibility":["visible"],"_shopify_product_id":["9071223570677"],"_s2w_shopify_domain":["ferberpainting.myshopify.com"],"_shopify_variant_id":["46516075790581"],"_sku":[""],"_manage_stock":["no"],"total_sales":["7"],"_tax_status":["taxable"],"_tax_class":[""],"_backorders":["no"],"_sold_individually":["no"],"_virtual":["no"],"_downloadable":["no"],"_download_limit":["-1"],"_download_expiry":["-1"],"_stock":[null],"_stock_status":["instock"],"_wc_average_rating":["4.63"],"_wc_review_count":["8"],"_product_attributes":["a:1:{s:6:\"volume\";a:6:{s:4:\"name\";s:6:\"Volume\";s:5:\"value\";s:20:\"5 liters | 25 liters\";s:8:\"position\";i:1;s:10:\"is_visible\";i:0;s:12:\"is_variation\";i:1;s:11:\"is_taxonomy\";i:0;}}"],"_product_version":["10.5.1"],"_thumbnail_id":["27195"],"_product_image_gallery":["27196"],"wpse_downloadable_file_names":[""],"wpse_downloadable_file_urls":[""],"_edit_last":["1"],"_default_attributes":["a:1:{s:6:\"volume\";s:8:\"5 liters\";}"],"_edit_lock":["1771240150:1"],"_price":["29.90","129.90"],"merchant-center-availability":["yes"],"merchant-center-category":["113"],"_wp_page_template":["default"],"site-sidebar-layout":["default"],"ast-site-content-layout":["default"],"site-content-style":["default"],"site-sidebar-style":["default"],"theme-transparent-header-meta":["default"],"_wc_rating_count":["a:2:{i:4;i:3;i:5;i:5;}"],"astra-migrate-meta-layouts":["set"],"_uag_css_file_name":["uag-css-25332.css"],"_elementor_page_assets":["a:0:{}"],"_uag_page_assets":["a:9:{s:3:\"css\";s:6873:\".wp-block-uagb-image{display:flex}.wp-block-uagb-image__figure{position:relative;display:flex;flex-direction:column;max-width:100%;height:auto;margin:0}.wp-block-uagb-image__figure img{height:auto;display:flex;max-width:100%;transition:box-shadow .2s ease}.wp-block-uagb-image__figure>a{display:inline-block}.wp-block-uagb-image__figure figcaption{text-align:center;margin-top:.5em;margin-bottom:1em}.wp-block-uagb-image .components-placeholder.block-editor-media-placeholder .components-placeholder__instructions{align-self:center}.wp-block-uagb-image--align-left{text-align:left}.wp-block-uagb-image--align-right{text-align:right}.wp-block-uagb-image--align-center{text-align:center}.wp-block-uagb-image--align-full .wp-block-uagb-image__figure{margin-left:calc(50% - 50vw);margin-right:calc(50% - 50vw);max-width:100vw;width:100vw;height:auto}.wp-block-uagb-image--align-full .wp-block-uagb-image__figure img{height:auto;width:100% !important}.wp-block-uagb-image--align-wide .wp-block-uagb-image__figure img{height:auto;width:100%}.wp-block-uagb-image--layout-overlay__color-wrapper{position:absolute;left:0;top:0;right:0;bottom:0;opacity:.2;background:rgba(0,0,0,.5);transition:opacity .35s ease-in-out}.wp-block-uagb-image--layout-overlay-link{position:absolute;left:0;right:0;bottom:0;top:0}.wp-block-uagb-image--layout-overlay .wp-block-uagb-image__figure:hover .wp-block-uagb-image--layout-overlay__color-wrapper{opacity:1}.wp-block-uagb-image--layout-overlay__inner{position:absolute;left:15px;right:15px;bottom:15px;top:15px;display:flex;align-items:center;justify-content:center;flex-direction:column;border-color:#fff;transition:.35s ease-in-out}.wp-block-uagb-image--layout-overlay__inner.top-left,.wp-block-uagb-image--layout-overlay__inner.top-center,.wp-block-uagb-image--layout-overlay__inner.top-right{justify-content:flex-start}.wp-block-uagb-image--layout-overlay__inner.bottom-left,.wp-block-uagb-image--layout-overlay__inner.bottom-center,.wp-block-uagb-image--layout-overlay__inner.bottom-right{justify-content:flex-end}.wp-block-uagb-image--layout-overlay__inner.top-left,.wp-block-uagb-image--layout-overlay__inner.center-left,.wp-block-uagb-image--layout-overlay__inner.bottom-left{align-items:flex-start}.wp-block-uagb-image--layout-overlay__inner.top-right,.wp-block-uagb-image--layout-overlay__inner.center-right,.wp-block-uagb-image--layout-overlay__inner.bottom-right{align-items:flex-end}.wp-block-uagb-image--layout-overlay__inner .uagb-image-heading{color:#fff;transition:transform .35s,opacity .35s ease-in-out;transform:translate3d(0, 24px, 0);margin:0;line-height:1em}.wp-block-uagb-image--layout-overlay__inner .uagb-image-separator{width:30%;border-top-width:2px;border-top-color:#fff;border-top-style:solid;margin-bottom:10px;opacity:0;transition:transform .4s,opacity .4s ease-in-out;transform:translate3d(0, 30px, 0)}.wp-block-uagb-image--layout-overlay__inner .uagb-image-caption{opacity:0;overflow:visible;color:#fff;transition:transform .45s,opacity .45s ease-in-out;transform:translate3d(0, 35px, 0)}.wp-block-uagb-image--layout-overlay__inner:hover .uagb-image-heading,.wp-block-uagb-image--layout-overlay__inner:hover .uagb-image-separator,.wp-block-uagb-image--layout-overlay__inner:hover .uagb-image-caption{opacity:1;transform:translate3d(0, 0, 0)}.wp-block-uagb-image--effect-zoomin .wp-block-uagb-image__figure img,.wp-block-uagb-image--effect-zoomin .wp-block-uagb-image__figure .wp-block-uagb-image--layout-overlay__color-wrapper{transform:scale(1);transition:transform .35s ease-in-out}.wp-block-uagb-image--effect-zoomin .wp-block-uagb-image__figure:hover img,.wp-block-uagb-image--effect-zoomin .wp-block-uagb-image__figure:hover .wp-block-uagb-image--layout-overlay__color-wrapper{transform:scale(1.05)}.wp-block-uagb-image--effect-slide .wp-block-uagb-image__figure img,.wp-block-uagb-image--effect-slide .wp-block-uagb-image__figure .wp-block-uagb-image--layout-overlay__color-wrapper{width:calc(100% + 40px) !important;max-width:none !important;transform:translate3d(-40px, 0, 0);transition:transform .35s ease-in-out}.wp-block-uagb-image--effect-slide .wp-block-uagb-image__figure:hover img,.wp-block-uagb-image--effect-slide .wp-block-uagb-image__figure:hover .wp-block-uagb-image--layout-overlay__color-wrapper{transform:translate3d(0, 0, 0)}.wp-block-uagb-image--effect-grayscale img{filter:grayscale(0%);transition:.35s ease-in-out}.wp-block-uagb-image--effect-grayscale:hover img{filter:grayscale(100%)}.wp-block-uagb-image--effect-blur img{filter:blur(0);transition:.35s ease-in-out}.wp-block-uagb-image--effect-blur:hover img{filter:blur(3px)}.uagb-block-e6f939b3.wp-block-uagb-image--layout-default figure img{box-shadow: 0px 0px 0 #00000070;}.uagb-block-e6f939b3.wp-block-uagb-image .wp-block-uagb-image__figure figcaption{font-style: normal;align-self: center;}.uagb-block-e6f939b3.wp-block-uagb-image--layout-overlay figure img{box-shadow: 0px 0px 0 #00000070;}.uagb-block-e6f939b3.wp-block-uagb-image--layout-overlay .wp-block-uagb-image--layout-overlay__color-wrapper{opacity: 0.2;}.uagb-block-e6f939b3.wp-block-uagb-image--layout-overlay .wp-block-uagb-image--layout-overlay__inner{left: 15px;right: 15px;top: 15px;bottom: 15px;}.uagb-block-e6f939b3.wp-block-uagb-image--layout-overlay .wp-block-uagb-image--layout-overlay__inner .uagb-image-heading{font-style: normal;color: #fff;opacity: 1;}.uagb-block-e6f939b3.wp-block-uagb-image--layout-overlay .wp-block-uagb-image--layout-overlay__inner .uagb-image-heading a{color: #fff;}.uagb-block-e6f939b3.wp-block-uagb-image--layout-overlay .wp-block-uagb-image--layout-overlay__inner .uagb-image-caption{opacity: 0;}.uagb-block-e6f939b3.wp-block-uagb-image--layout-overlay .wp-block-uagb-image__figure:hover .wp-block-uagb-image--layout-overlay__color-wrapper{opacity: 1;}.uagb-block-e6f939b3.wp-block-uagb-image .wp-block-uagb-image--layout-overlay__inner .uagb-image-separator{width: 30%;border-top-width: 2px;border-top-color: #fff;opacity: 0;}.uagb-block-e6f939b3.wp-block-uagb-image .wp-block-uagb-image__figure img{width: px;height: auto;}.uagb-block-e6f939b3.wp-block-uagb-image .wp-block-uagb-image__figure:hover .wp-block-uagb-image--layout-overlay__inner .uagb-image-caption{opacity: 1;}.uagb-block-e6f939b3.wp-block-uagb-image .wp-block-uagb-image__figure:hover .wp-block-uagb-image--layout-overlay__inner .uagb-image-separator{opacity: 1;}.uagb-block-e6f939b3.wp-block-uagb-image--layout-default figure:hover img{box-shadow: 0px 0px 0 #00000070;}.uagb-block-e6f939b3.wp-block-uagb-image--layout-overlay figure:hover img{box-shadow: 0px 0px 0 #00000070;}@media only screen and (max-width: 976px) {.uagb-block-e6f939b3.wp-block-uagb-image .wp-block-uagb-image__figure img{width: px;height: auto;}}@media only screen and (max-width: 767px) {.uagb-block-e6f939b3.wp-block-uagb-image .wp-block-uagb-image__figure img{width: px;height: auto;}}\";s:2:\"js\";s:0:\"\";s:18:\"current_block_list\";a:13:{i:0;s:11:\"core\/search\";i:1;s:10:\"core\/group\";i:2;s:12:\"core\/heading\";i:3;s:17:\"core\/latest-posts\";i:4;s:20:\"core\/latest-comments\";i:5;s:13:\"core\/archives\";i:6;s:15:\"core\/categories\";i:7;s:14:\"core\/paragraph\";i:8;s:10:\"uagb\/image\";i:9;s:11:\"core\/spacer\";i:10;s:30:\"woocommerce\/product-categories\";i:11;s:10:\"core\/image\";i:12;s:14:\"core\/shortcode\";}s:8:\"uag_flag\";b:1;s:11:\"uag_version\";s:10:\"1777350958\";s:6:\"gfonts\";a:0:{}s:10:\"gfonts_url\";s:0:\"\";s:12:\"gfonts_files\";a:0:{}s:14:\"uag_faq_layout\";b:0;}"]},"uagb_featured_image_src":{"full":["https:\/\/www.ferberpainting.com\/wp-content\/uploads\/2025\/05\/SucculentFertilizer5L.png",2560,2560,false],"thumbnail":["https:\/\/www.ferberpainting.com\/wp-content\/uploads\/2025\/05\/SucculentFertilizer5L-150x150.png",150,150,true],"medium":["https:\/\/www.ferberpainting.com\/wp-content\/uploads\/2025\/05\/SucculentFertilizer5L-300x300.png",300,300,true],"medium_large":["https:\/\/www.ferberpainting.com\/wp-content\/uploads\/2025\/05\/SucculentFertilizer5L-768x768.png",768,768,true],"large":["https:\/\/www.ferberpainting.com\/wp-content\/uploads\/2025\/05\/SucculentFertilizer5L-1024x1024.png",1024,1024,true],"1536x1536":["https:\/\/www.ferberpainting.com\/wp-content\/uploads\/2025\/05\/SucculentFertilizer5L-1536x1536.png",1536,1536,true],"2048x2048":["https:\/\/www.ferberpainting.com\/wp-content\/uploads\/2025\/05\/SucculentFertilizer5L-2048x2048.png",2048,2048,true],"trp-custom-language-flag":["https:\/\/www.ferberpainting.com\/wp-content\/uploads\/2025\/05\/SucculentFertilizer5L-12x12.png",12,12,true],"woocommerce_thumbnail":["https:\/\/www.ferberpainting.com\/wp-content\/uploads\/2025\/05\/SucculentFertilizer5L-300x300.png",300,300,true],"woocommerce_single":["https:\/\/www.ferberpainting.com\/wp-content\/uploads\/2025\/05\/SucculentFertilizer5L-600x600.png",600,600,true],"woocommerce_gallery_thumbnail":["https:\/\/www.ferberpainting.com\/wp-content\/uploads\/2025\/05\/SucculentFertilizer5L-100x100.png",100,100,true]},"uagb_author_info":{"display_name":"admin","author_link":"https:\/\/www.ferberpainting.com\/se\/author\/"},"uagb_comment_info":8,"uagb_excerpt":"A fertilizer specially formulated for cacti and succulents.\u00a0Succulent plants, such as cacti, agaves, aloes, and echeverias, have specific nutritional needs that differ from those of indoor or outdoor green plants. Our NPK 15-15-15 fertilizer has been designed to provide an optimal balance of nitrogen, phosphorus, and potassium, promoting robust growth, lush foliage, and abundant flowering.&hellip;","_links":{"self":[{"href":"https:\/\/www.ferberpainting.com\/se\/wp-json\/wp\/v2\/product\/25332","targetHints":{"allow":["GET"]}}],"collection":[{"href":"https:\/\/www.ferberpainting.com\/se\/wp-json\/wp\/v2\/product"}],"about":[{"href":"https:\/\/www.ferberpainting.com\/se\/wp-json\/wp\/v2\/types\/product"}],"replies":[{"embeddable":true,"href":"https:\/\/www.ferberpainting.com\/se\/wp-json\/wp\/v2\/comments?post=25332"}],"version-history":[{"count":4,"href":"https:\/\/www.ferberpainting.com\/se\/wp-json\/wp\/v2\/product\/25332\/revisions"}],"predecessor-version":[{"id":167355,"href":"https:\/\/www.ferberpainting.com\/se\/wp-json\/wp\/v2\/product\/25332\/revisions\/167355"}],"wp:featuredmedia":[{"embeddable":true,"href":"https:\/\/www.ferberpainting.com\/se\/wp-json\/wp\/v2\/media\/27195"}],"wp:attachment":[{"href":"https:\/\/www.ferberpainting.com\/se\/wp-json\/wp\/v2\/media?parent=25332"}],"wp:term":[{"taxonomy":"product_brand","embeddable":true,"href":"https:\/\/www.ferberpainting.com\/se\/wp-json\/wp\/v2\/product_brand?post=25332"},{"taxonomy":"product_cat","embeddable":true,"href":"https:\/\/www.ferberpainting.com\/se\/wp-json\/wp\/v2\/product_cat?post=25332"},{"taxonomy":"product_tag","embeddable":true,"href":"https:\/\/www.ferberpainting.com\/se\/wp-json\/wp\/v2\/product_tag?post=25332"}],"curies":[{"name":"wp","href":"https:\/\/api.w.org\/{rel}","templated":true}]}}