{"id":25321,"date":"2025-06-30T21:02:36","date_gmt":"2025-06-30T19:02:36","guid":{"rendered":"https:\/\/www.ferberpainting.com\/?post_type=product&#038;p=25321"},"modified":"2026-02-16T11:58:11","modified_gmt":"2026-02-16T10:58:11","slug":"stone-and-marble-water-repellent","status":"publish","type":"product","link":"https:\/\/www.ferberpainting.com\/se\/products\/stone-and-marble-water-repellent\/","title":{"rendered":"Vattenavvisande f\u00f6r sten och marmor"},"content":{"rendered":"<p><strong><img decoding=\"async\" style=\"margin-right: 12px;\" src=\"https:\/\/www.ferberpainting.com\/wp-content\/uploads\/2026\/02\/Check.svg\" alt=\"\" width=\"18\" height=\"15\" \/>Optimalt fuktskydd.<\/strong>\u00a0Impregneringsmedlet f\u00f6r sten och marmor \u00e4r speciellt utformat f\u00f6r att ge ett l\u00e5ngvarigt skydd mot fukt, vatteninfiltration och fl\u00e4ckar, samtidigt som det bevarar den naturliga sk\u00f6nheten hos dina sten- eller marmorytor. Det bildar en osynlig barri\u00e4r som hindrar vatten och v\u00e4tskor fr\u00e5n att tr\u00e4nga in samtidigt som materialet kan andas. Den h\u00e4r produkten \u00e4r idealisk f\u00f6r b\u00e5de utomhus- och inomhusbruk och bevarar ytornas integritet och utseende.<\/p>\n<p><strong><img decoding=\"async\" style=\"margin-right: 12px;\" src=\"https:\/\/www.ferberpainting.com\/wp-content\/uploads\/2026\/02\/Check.svg\" alt=\"\" width=\"18\" height=\"15\" \/>Pengar-tillbaka-garanti.<\/strong>\u00a0Vi \u00e4r \u00f6vertygade om v\u00e5r produkts prestanda, och d\u00e4rf\u00f6r erbjuder vi en n\u00f6jdhets- eller \u00e5terbetalningsgaranti. Om du av n\u00e5gon anledning inte \u00e4r helt n\u00f6jd med impregneringsmedlet f\u00f6r sten och marmor, \u00e4r du ber\u00e4ttigad till full \u00e5terbetalning. Denna garanti g\u00f6r att du kan k\u00f6pa v\u00e5r produkt med tillf\u00f6rsikt och testa den riskfritt.<\/p>\n<p><strong><img decoding=\"async\" style=\"margin-right: 12px;\" src=\"https:\/\/www.ferberpainting.com\/wp-content\/uploads\/2026\/02\/Check.svg\" alt=\"\" width=\"18\" height=\"15\" \/>Kompatibel med flera ytor.<\/strong>\u00a0\u00c4ven om impregneringen fr\u00e4mst \u00e4r avsedd f\u00f6r sten- och marmorytor \u00e4r den ocks\u00e5 kompatibel med andra material som betong, cement, murbruk och andra typer av murverk. Oavsett om du skyddar ett marmorgolv i badrummet eller en fasad av natursten, anpassar sig produkten till olika typer av ytor samtidigt som den garanterar maximal effektivitet.<\/p>\n<p><strong><img decoding=\"async\" style=\"margin-right: 12px;\" src=\"https:\/\/www.ferberpainting.com\/wp-content\/uploads\/2026\/02\/Check.svg\" alt=\"\" width=\"18\" height=\"15\" \/>Ekonomisk prestanda.<\/strong>\u00a0Med en t\u00e4ckningsgrad p\u00e5 6 till 10 m\u00b2 per liter \u00e4r impregneringsmedlet f\u00f6r sten och marmor mycket ekonomiskt. En 5-litersbeh\u00e5llare kan behandla en yta p\u00e5 30 till 50 m\u00b2, vilket g\u00f6r det till en idealisk l\u00f6sning f\u00f6r storskaliga projekt. Du f\u00e5r inte bara ett l\u00e5ngvarigt skydd, utan ocks\u00e5 ett utm\u00e4rkt v\u00e4rde f\u00f6r pengarna.<\/p>\n<p><strong><img decoding=\"async\" style=\"margin-right: 12px;\" src=\"https:\/\/www.ferberpainting.com\/wp-content\/uploads\/2026\/02\/Check.svg\" alt=\"\" width=\"18\" height=\"15\" \/>S\u00e4ker att anv\u00e4nda.<\/strong>\u00a0Impregneringsmedlet f\u00f6r sten och marmor \u00e4r utformat f\u00f6r att vara s\u00e4kert vid anv\u00e4ndning. Den specialutvecklade formulan inneh\u00e5ller inga giftiga eller aggressiva \u00e4mnen. Det kan d\u00e4rf\u00f6r anv\u00e4ndas med tillf\u00f6rsikt i b\u00e5de inomhus- och utomhusmilj\u00f6er, inklusive slutna utrymmen som vardagsrum, k\u00f6k eller badrum. Den avger inga skadliga \u00e5ngor och utg\u00f6r ingen fara f\u00f6r h\u00e4lsan n\u00e4r den appliceras enligt anvisningarna.<\/p>\n<p><strong><img decoding=\"async\" style=\"margin-right: 12px;\" src=\"https:\/\/www.ferberpainting.com\/wp-content\/uploads\/2026\/02\/Check.svg\" alt=\"\" width=\"18\" height=\"15\" \/>L\u00e4tt att anv\u00e4nda.<\/strong>\u00a0Denna produkt \u00e4r f\u00e4rdig att anv\u00e4nda och mycket l\u00e4tt att applicera. Ingen komplicerad beredning eller utsp\u00e4dning kr\u00e4vs. Du kan applicera impregneringsmedlet f\u00f6r sten och marmor direkt p\u00e5 ytan med hj\u00e4lp av en spruta, pensel eller roller beroende p\u00e5 ytans storlek och dina preferenser. Den flytande och l\u00e4tta konsistensen s\u00e4kerst\u00e4ller en j\u00e4mn och enkel applicering, vilket g\u00f6r den idealisk f\u00f6r b\u00e5de hemmafixare och proffs.<\/p>\n<p><strong><img decoding=\"async\" style=\"margin-right: 12px;\" src=\"https:\/\/www.ferberpainting.com\/wp-content\/uploads\/2026\/02\/Check.svg\" alt=\"\" width=\"18\" height=\"15\" \/>Exceptionell h\u00e5llbarhet.<\/strong>\u00a0Impregneringsmedlet f\u00f6r sten och marmor \u00e4r utformat f\u00f6r att ge ett l\u00e5ngsiktigt skydd. Efter applicering bildas ett skyddande skikt som st\u00e5r emot v\u00e4der, temperaturvariationer, fl\u00e4ckar och fukt. Detta skydd varar i flera \u00e5r beroende p\u00e5 exponeringsf\u00f6rh\u00e5llandena. Produkten tr\u00e4nger djupt in och skyddar effektivt utan att f\u00f6r\u00e4ndra marmorens eller stenens naturliga utseende.<\/p>\n<p><strong><img decoding=\"async\" style=\"margin-right: 12px;\" src=\"https:\/\/www.ferberpainting.com\/wp-content\/uploads\/2026\/02\/Check.svg\" alt=\"\" width=\"18\" height=\"15\" \/>Snabb applicering och torkning.<\/strong>\u00a0Denna produkt \u00e4r inte bara snabb att applicera utan torkar ocks\u00e5 ganska snabbt. Vattent\u00e4tningsmedlet f\u00f6r sten och marmor torkar vid ber\u00f6ring p\u00e5 1 till 2 timmar, och det rekommenderas att l\u00e5ta det torka helt i ca 24 timmar innan de behandlade ytorna tas i bruk igen. Den snabba torktiden g\u00f6r att du kan arbeta effektivt och minskar stillest\u00e5ndstiden mellan applicering och anv\u00e4ndning av de behandlade ytorna.<\/p>\n<h2><strong>Anv\u00e4ndning Protokoll<\/strong><\/h2>\n<ul>\n<li><strong>Ytbehandling <\/strong>: Innan du applicerar vattent\u00e4taren f\u00f6r sten och marmor, se till att ytan \u00e4r ren, torr och fri fr\u00e5n damm, smuts, m\u00f6gel eller andra f\u00f6roreningar. Om ytan \u00e4r smutsig, reng\u00f6r den med ett l\u00e4mpligt reng\u00f6ringsmedel och l\u00e5t den torka innan du applicerar vattent\u00e4taren. Vid sv\u00e5ra fl\u00e4ckar kan du anv\u00e4nda ett milt reng\u00f6ringsmedel f\u00f6r att ta bort dem.<\/li>\n<li><strong>Produkttill\u00e4mpning <\/strong>: Impregneringsmedlet f\u00f6r sten och marmor \u00e4r f\u00e4rdigt att anv\u00e4nda, s\u00e5 du beh\u00f6ver inte sp\u00e4da ut det. Applicera det direkt p\u00e5 ytan med hj\u00e4lp av en spruta, pensel eller roller. F\u00f6r optimalt resultat, se till att t\u00e4cka hela ytan. Om du arbetar p\u00e5 en stor yta kan det vara klokt att behandla den i sektioner f\u00f6r att f\u00f6rhindra att produkten torkar f\u00f6r snabbt innan den sprids j\u00e4mnt.<\/li>\n<li><strong>Antal att anv\u00e4nda <\/strong>: Det genomsnittliga utbytet \u00e4r cirka 6 till 10 m\u00b2 per liter, beroende p\u00e5 materialets porositet. En 5-litersbeh\u00e5llare r\u00e4cker f\u00f6r att behandla ca 30 till 50 m\u00b2. Detta g\u00f6r det till en mycket ekonomisk produkt f\u00f6r storskaliga projekt.<\/li>\n<li><strong>Torktid <\/strong>: Efter applicering torkar produkten vid ber\u00f6ring p\u00e5 cirka 1 till 2 timmar. F\u00f6r att s\u00e4kerst\u00e4lla optimalt skydd rekommenderas dock att du l\u00e5ter den torka helt i 24 timmar. Under denna torkperiod ska du undvika att uts\u00e4tta ytan f\u00f6r fukt eller vatten s\u00e5 att den hydrofoba barri\u00e4ren kan bildas ordentligt.<\/li>\n<li><strong>\u00c5terans\u00f6kan <\/strong>: F\u00f6r ytor som \u00e4r mycket utsatta eller i omr\u00e5den med h\u00f6g luftfuktighet kan \u00e5terapplicering \u00f6verv\u00e4gas efter n\u00e5gra \u00e5r. F\u00f6re en ny applicering ska du reng\u00f6ra ytan noggrant f\u00f6r att avl\u00e4gsna smuts och rester som kan hindra produkten fr\u00e5n att f\u00e4sta. Applicera sedan ett nytt lager av impregneringsmedlet f\u00f6r att s\u00e4kerst\u00e4lla fortsatt skydd.<\/li>\n<li><strong>Underh\u00e5ll av behandlad yta <\/strong>: N\u00e4r produkten har applicerats blir ytan motst\u00e5ndskraftig mot fukt, fl\u00e4ckar och vatteninfiltration. F\u00f6r att underh\u00e5lla dina sten- eller marmorytor reng\u00f6r du dem bara regelbundet med rent vatten och en mjuk trasa. Det \u00e4r inte rekommenderat att anv\u00e4nda sura eller slipande produkter, eftersom dessa kan skada det skyddande skiktet och p\u00e5verka materialets utseende.<\/li>\n<\/ul>","protected":false},"excerpt":{"rendered":"<p>Optimal moisture protection.\u00a0The stone and marble waterproofer is specially designed to provide long-lasting protection against moisture, water infiltration, and stains, while preserving the natural beauty of your stone or marble surfaces. It forms an invisible barrier that prevents water and liquids from penetrating while allowing the material to breathe. Ideal for both outdoor and indoor [&hellip;]<\/p>\n","protected":false},"featured_media":35938,"comment_status":"open","ping_status":"closed","template":"","meta":{"_uag_custom_page_level_css":"","site-sidebar-layout":"default","site-content-layout":"","ast-site-content-layout":"default","site-content-style":"default","site-sidebar-style":"default","ast-global-header-display":"","ast-banner-title-visibility":"","ast-main-header-display":"","ast-hfb-above-header-display":"","ast-hfb-below-header-display":"","ast-hfb-mobile-header-display":"","site-post-title":"","ast-breadcrumbs-content":"","ast-featured-img":"","footer-sml-layout":"","ast-disable-related-posts":"","theme-transparent-header-meta":"default","adv-header-id-meta":"","stick-header-meta":"","header-above-stick-meta":"","header-main-stick-meta":"","header-below-stick-meta":"","astra-migrate-meta-layouts":"set","ast-page-background-enabled":"default","ast-page-background-meta":{"desktop":{"background-color":"var(--ast-global-color-4)","background-image":"","background-repeat":"repeat","background-position":"center center","background-size":"auto","background-attachment":"scroll","background-type":"","background-media":"","overlay-type":"","overlay-color":"","overlay-opacity":"","overlay-gradient":""},"tablet":{"background-color":"","background-image":"","background-repeat":"repeat","background-position":"center center","background-size":"auto","background-attachment":"scroll","background-type":"","background-media":"","overlay-type":"","overlay-color":"","overlay-opacity":"","overlay-gradient":""},"mobile":{"background-color":"","background-image":"","background-repeat":"repeat","background-position":"center center","background-size":"auto","background-attachment":"scroll","background-type":"","background-media":"","overlay-type":"","overlay-color":"","overlay-opacity":"","overlay-gradient":""}},"ast-content-background-meta":{"desktop":{"background-color":"var(--ast-global-color-5)","background-image":"","background-repeat":"repeat","background-position":"center center","background-size":"auto","background-attachment":"scroll","background-type":"","background-media":"","overlay-type":"","overlay-color":"","overlay-opacity":"","overlay-gradient":""},"tablet":{"background-color":"var(--ast-global-color-5)","background-image":"","background-repeat":"repeat","background-position":"center center","background-size":"auto","background-attachment":"scroll","background-type":"","background-media":"","overlay-type":"","overlay-color":"","overlay-opacity":"","overlay-gradient":""},"mobile":{"background-color":"var(--ast-global-color-5)","background-image":"","background-repeat":"repeat","background-position":"center center","background-size":"auto","background-attachment":"scroll","background-type":"","background-media":"","overlay-type":"","overlay-color":"","overlay-opacity":"","overlay-gradient":""}}},"product_brand":[],"product_cat":[191],"product_tag":[],"class_list":{"0":"post-25321","1":"product","2":"type-product","3":"status-publish","4":"has-post-thumbnail","6":"product_cat-water-repellent","7":"desktop-align-left","8":"tablet-align-left","9":"mobile-align-left","11":"first","12":"instock","13":"sale","14":"shipping-taxable","15":"purchasable","16":"product-type-variable","17":"has-default-attributes"},"spectra_custom_meta":{"_visibility":["visible"],"_shopify_product_id":["9106658263285"],"_s2w_shopify_domain":["ferberpainting.myshopify.com"],"_shopify_variant_id":["46626416394485"],"_sku":[""],"_manage_stock":["no"],"total_sales":["107"],"_tax_status":["taxable"],"_tax_class":[""],"_backorders":["no"],"_sold_individually":["no"],"_virtual":["no"],"_downloadable":["no"],"_download_limit":["-1"],"_download_expiry":["-1"],"_stock":[null],"_stock_status":["instock"],"_wc_average_rating":["5.00"],"_wc_review_count":["29"],"_product_attributes":["a:1:{s:6:\"volume\";a:6:{s:4:\"name\";s:6:\"Volume\";s:5:\"value\";s:20:\"5 liters | 25 liters\";s:8:\"position\";i:1;s:10:\"is_visible\";i:0;s:12:\"is_variation\";i:1;s:11:\"is_taxonomy\";i:0;}}"],"_product_version":["10.5.1"],"wpse_downloadable_file_names":[""],"wpse_downloadable_file_urls":[""],"_edit_last":["1"],"_default_attributes":["a:1:{s:6:\"volume\";s:8:\"5 liters\";}"],"_edit_lock":["1771239352:1"],"_price":["29.90","129.90"],"merchant-center-availability":["yes"],"merchant-center-category":["503738"],"_thumbnail_id":["35938"],"_wp_page_template":["default"],"_wp_old_date":["2025-05-26"],"_product_image_gallery":["35939"],"site-sidebar-layout":["default"],"ast-site-content-layout":["default"],"site-content-style":["default"],"site-sidebar-style":["default"],"theme-transparent-header-meta":["default"],"_wc_rating_count":["a:1:{i:5;i:29;}"],"astra-migrate-meta-layouts":["set"],"_uag_css_file_name":["uag-css-25321.css"],"_elementor_page_assets":["a:0:{}"],"_uag_page_assets":["a:9:{s:3:\"css\";s:6873:\".wp-block-uagb-image{display:flex}.wp-block-uagb-image__figure{position:relative;display:flex;flex-direction:column;max-width:100%;height:auto;margin:0}.wp-block-uagb-image__figure img{height:auto;display:flex;max-width:100%;transition:box-shadow .2s ease}.wp-block-uagb-image__figure>a{display:inline-block}.wp-block-uagb-image__figure figcaption{text-align:center;margin-top:.5em;margin-bottom:1em}.wp-block-uagb-image .components-placeholder.block-editor-media-placeholder .components-placeholder__instructions{align-self:center}.wp-block-uagb-image--align-left{text-align:left}.wp-block-uagb-image--align-right{text-align:right}.wp-block-uagb-image--align-center{text-align:center}.wp-block-uagb-image--align-full .wp-block-uagb-image__figure{margin-left:calc(50% - 50vw);margin-right:calc(50% - 50vw);max-width:100vw;width:100vw;height:auto}.wp-block-uagb-image--align-full .wp-block-uagb-image__figure img{height:auto;width:100% !important}.wp-block-uagb-image--align-wide .wp-block-uagb-image__figure img{height:auto;width:100%}.wp-block-uagb-image--layout-overlay__color-wrapper{position:absolute;left:0;top:0;right:0;bottom:0;opacity:.2;background:rgba(0,0,0,.5);transition:opacity .35s ease-in-out}.wp-block-uagb-image--layout-overlay-link{position:absolute;left:0;right:0;bottom:0;top:0}.wp-block-uagb-image--layout-overlay .wp-block-uagb-image__figure:hover .wp-block-uagb-image--layout-overlay__color-wrapper{opacity:1}.wp-block-uagb-image--layout-overlay__inner{position:absolute;left:15px;right:15px;bottom:15px;top:15px;display:flex;align-items:center;justify-content:center;flex-direction:column;border-color:#fff;transition:.35s ease-in-out}.wp-block-uagb-image--layout-overlay__inner.top-left,.wp-block-uagb-image--layout-overlay__inner.top-center,.wp-block-uagb-image--layout-overlay__inner.top-right{justify-content:flex-start}.wp-block-uagb-image--layout-overlay__inner.bottom-left,.wp-block-uagb-image--layout-overlay__inner.bottom-center,.wp-block-uagb-image--layout-overlay__inner.bottom-right{justify-content:flex-end}.wp-block-uagb-image--layout-overlay__inner.top-left,.wp-block-uagb-image--layout-overlay__inner.center-left,.wp-block-uagb-image--layout-overlay__inner.bottom-left{align-items:flex-start}.wp-block-uagb-image--layout-overlay__inner.top-right,.wp-block-uagb-image--layout-overlay__inner.center-right,.wp-block-uagb-image--layout-overlay__inner.bottom-right{align-items:flex-end}.wp-block-uagb-image--layout-overlay__inner .uagb-image-heading{color:#fff;transition:transform .35s,opacity .35s ease-in-out;transform:translate3d(0, 24px, 0);margin:0;line-height:1em}.wp-block-uagb-image--layout-overlay__inner .uagb-image-separator{width:30%;border-top-width:2px;border-top-color:#fff;border-top-style:solid;margin-bottom:10px;opacity:0;transition:transform .4s,opacity .4s ease-in-out;transform:translate3d(0, 30px, 0)}.wp-block-uagb-image--layout-overlay__inner .uagb-image-caption{opacity:0;overflow:visible;color:#fff;transition:transform .45s,opacity .45s ease-in-out;transform:translate3d(0, 35px, 0)}.wp-block-uagb-image--layout-overlay__inner:hover .uagb-image-heading,.wp-block-uagb-image--layout-overlay__inner:hover .uagb-image-separator,.wp-block-uagb-image--layout-overlay__inner:hover .uagb-image-caption{opacity:1;transform:translate3d(0, 0, 0)}.wp-block-uagb-image--effect-zoomin .wp-block-uagb-image__figure img,.wp-block-uagb-image--effect-zoomin .wp-block-uagb-image__figure .wp-block-uagb-image--layout-overlay__color-wrapper{transform:scale(1);transition:transform .35s ease-in-out}.wp-block-uagb-image--effect-zoomin .wp-block-uagb-image__figure:hover img,.wp-block-uagb-image--effect-zoomin .wp-block-uagb-image__figure:hover .wp-block-uagb-image--layout-overlay__color-wrapper{transform:scale(1.05)}.wp-block-uagb-image--effect-slide .wp-block-uagb-image__figure img,.wp-block-uagb-image--effect-slide .wp-block-uagb-image__figure .wp-block-uagb-image--layout-overlay__color-wrapper{width:calc(100% + 40px) !important;max-width:none !important;transform:translate3d(-40px, 0, 0);transition:transform .35s ease-in-out}.wp-block-uagb-image--effect-slide .wp-block-uagb-image__figure:hover img,.wp-block-uagb-image--effect-slide .wp-block-uagb-image__figure:hover .wp-block-uagb-image--layout-overlay__color-wrapper{transform:translate3d(0, 0, 0)}.wp-block-uagb-image--effect-grayscale img{filter:grayscale(0%);transition:.35s ease-in-out}.wp-block-uagb-image--effect-grayscale:hover img{filter:grayscale(100%)}.wp-block-uagb-image--effect-blur img{filter:blur(0);transition:.35s ease-in-out}.wp-block-uagb-image--effect-blur:hover img{filter:blur(3px)}.uagb-block-e6f939b3.wp-block-uagb-image--layout-default figure img{box-shadow: 0px 0px 0 #00000070;}.uagb-block-e6f939b3.wp-block-uagb-image .wp-block-uagb-image__figure figcaption{font-style: normal;align-self: center;}.uagb-block-e6f939b3.wp-block-uagb-image--layout-overlay figure img{box-shadow: 0px 0px 0 #00000070;}.uagb-block-e6f939b3.wp-block-uagb-image--layout-overlay .wp-block-uagb-image--layout-overlay__color-wrapper{opacity: 0.2;}.uagb-block-e6f939b3.wp-block-uagb-image--layout-overlay .wp-block-uagb-image--layout-overlay__inner{left: 15px;right: 15px;top: 15px;bottom: 15px;}.uagb-block-e6f939b3.wp-block-uagb-image--layout-overlay .wp-block-uagb-image--layout-overlay__inner .uagb-image-heading{font-style: normal;color: #fff;opacity: 1;}.uagb-block-e6f939b3.wp-block-uagb-image--layout-overlay .wp-block-uagb-image--layout-overlay__inner .uagb-image-heading a{color: #fff;}.uagb-block-e6f939b3.wp-block-uagb-image--layout-overlay .wp-block-uagb-image--layout-overlay__inner .uagb-image-caption{opacity: 0;}.uagb-block-e6f939b3.wp-block-uagb-image--layout-overlay .wp-block-uagb-image__figure:hover .wp-block-uagb-image--layout-overlay__color-wrapper{opacity: 1;}.uagb-block-e6f939b3.wp-block-uagb-image .wp-block-uagb-image--layout-overlay__inner .uagb-image-separator{width: 30%;border-top-width: 2px;border-top-color: #fff;opacity: 0;}.uagb-block-e6f939b3.wp-block-uagb-image .wp-block-uagb-image__figure img{width: px;height: auto;}.uagb-block-e6f939b3.wp-block-uagb-image .wp-block-uagb-image__figure:hover .wp-block-uagb-image--layout-overlay__inner .uagb-image-caption{opacity: 1;}.uagb-block-e6f939b3.wp-block-uagb-image .wp-block-uagb-image__figure:hover .wp-block-uagb-image--layout-overlay__inner .uagb-image-separator{opacity: 1;}.uagb-block-e6f939b3.wp-block-uagb-image--layout-default figure:hover img{box-shadow: 0px 0px 0 #00000070;}.uagb-block-e6f939b3.wp-block-uagb-image--layout-overlay figure:hover img{box-shadow: 0px 0px 0 #00000070;}@media only screen and (max-width: 976px) {.uagb-block-e6f939b3.wp-block-uagb-image .wp-block-uagb-image__figure img{width: px;height: auto;}}@media only screen and (max-width: 767px) {.uagb-block-e6f939b3.wp-block-uagb-image .wp-block-uagb-image__figure img{width: px;height: auto;}}\";s:2:\"js\";s:0:\"\";s:18:\"current_block_list\";a:13:{i:0;s:11:\"core\/search\";i:1;s:10:\"core\/group\";i:2;s:12:\"core\/heading\";i:3;s:17:\"core\/latest-posts\";i:4;s:20:\"core\/latest-comments\";i:5;s:13:\"core\/archives\";i:6;s:15:\"core\/categories\";i:7;s:14:\"core\/paragraph\";i:8;s:10:\"uagb\/image\";i:9;s:11:\"core\/spacer\";i:10;s:30:\"woocommerce\/product-categories\";i:11;s:10:\"core\/image\";i:12;s:14:\"core\/shortcode\";}s:8:\"uag_flag\";b:1;s:11:\"uag_version\";s:10:\"1777095665\";s:6:\"gfonts\";a:0:{}s:10:\"gfonts_url\";s:0:\"\";s:12:\"gfonts_files\";a:0:{}s:14:\"uag_faq_layout\";b:0;}"]},"uagb_featured_image_src":{"full":["https:\/\/www.ferberpainting.com\/wp-content\/uploads\/2025\/05\/Stone-and-Marble-Water-Repellent-5L-.png",2560,2560,false],"thumbnail":["https:\/\/www.ferberpainting.com\/wp-content\/uploads\/2025\/05\/Stone-and-Marble-Water-Repellent-5L--150x150.png",150,150,true],"medium":["https:\/\/www.ferberpainting.com\/wp-content\/uploads\/2025\/05\/Stone-and-Marble-Water-Repellent-5L--300x300.png",300,300,true],"medium_large":["https:\/\/www.ferberpainting.com\/wp-content\/uploads\/2025\/05\/Stone-and-Marble-Water-Repellent-5L--768x768.png",768,768,true],"large":["https:\/\/www.ferberpainting.com\/wp-content\/uploads\/2025\/05\/Stone-and-Marble-Water-Repellent-5L--1024x1024.png",1024,1024,true],"1536x1536":["https:\/\/www.ferberpainting.com\/wp-content\/uploads\/2025\/05\/Stone-and-Marble-Water-Repellent-5L--1536x1536.png",1536,1536,true],"2048x2048":["https:\/\/www.ferberpainting.com\/wp-content\/uploads\/2025\/05\/Stone-and-Marble-Water-Repellent-5L--2048x2048.png",2048,2048,true],"trp-custom-language-flag":["https:\/\/www.ferberpainting.com\/wp-content\/uploads\/2025\/05\/Stone-and-Marble-Water-Repellent-5L--12x12.png",12,12,true],"woocommerce_thumbnail":["https:\/\/www.ferberpainting.com\/wp-content\/uploads\/2025\/05\/Stone-and-Marble-Water-Repellent-5L--300x300.png",300,300,true],"woocommerce_single":["https:\/\/www.ferberpainting.com\/wp-content\/uploads\/2025\/05\/Stone-and-Marble-Water-Repellent-5L--600x600.png",600,600,true],"woocommerce_gallery_thumbnail":["https:\/\/www.ferberpainting.com\/wp-content\/uploads\/2025\/05\/Stone-and-Marble-Water-Repellent-5L--100x100.png",100,100,true]},"uagb_author_info":{"display_name":"admin","author_link":"https:\/\/www.ferberpainting.com\/se\/author\/"},"uagb_comment_info":29,"uagb_excerpt":"Optimal moisture protection.\u00a0The stone and marble waterproofer is specially designed to provide long-lasting protection against moisture, water infiltration, and stains, while preserving the natural beauty of your stone or marble surfaces. It forms an invisible barrier that prevents water and liquids from penetrating while allowing the material to breathe. Ideal for both outdoor and indoor&hellip;","_links":{"self":[{"href":"https:\/\/www.ferberpainting.com\/se\/wp-json\/wp\/v2\/product\/25321","targetHints":{"allow":["GET"]}}],"collection":[{"href":"https:\/\/www.ferberpainting.com\/se\/wp-json\/wp\/v2\/product"}],"about":[{"href":"https:\/\/www.ferberpainting.com\/se\/wp-json\/wp\/v2\/types\/product"}],"replies":[{"embeddable":true,"href":"https:\/\/www.ferberpainting.com\/se\/wp-json\/wp\/v2\/comments?post=25321"}],"version-history":[{"count":3,"href":"https:\/\/www.ferberpainting.com\/se\/wp-json\/wp\/v2\/product\/25321\/revisions"}],"predecessor-version":[{"id":167345,"href":"https:\/\/www.ferberpainting.com\/se\/wp-json\/wp\/v2\/product\/25321\/revisions\/167345"}],"wp:featuredmedia":[{"embeddable":true,"href":"https:\/\/www.ferberpainting.com\/se\/wp-json\/wp\/v2\/media\/35938"}],"wp:attachment":[{"href":"https:\/\/www.ferberpainting.com\/se\/wp-json\/wp\/v2\/media?parent=25321"}],"wp:term":[{"taxonomy":"product_brand","embeddable":true,"href":"https:\/\/www.ferberpainting.com\/se\/wp-json\/wp\/v2\/product_brand?post=25321"},{"taxonomy":"product_cat","embeddable":true,"href":"https:\/\/www.ferberpainting.com\/se\/wp-json\/wp\/v2\/product_cat?post=25321"},{"taxonomy":"product_tag","embeddable":true,"href":"https:\/\/www.ferberpainting.com\/se\/wp-json\/wp\/v2\/product_tag?post=25321"}],"curies":[{"name":"wp","href":"https:\/\/api.w.org\/{rel}","templated":true}]}}