{"id":25314,"date":"2025-06-30T20:52:26","date_gmt":"2025-06-30T18:52:26","guid":{"rendered":"https:\/\/www.ferberpainting.com\/?post_type=product&#038;p=25314"},"modified":"2026-02-16T10:51:53","modified_gmt":"2026-02-16T09:51:53","slug":"sofa-water-repellent","status":"publish","type":"product","link":"https:\/\/www.ferberpainting.com\/se\/products\/sofa-water-repellent\/","title":{"rendered":"Impregnering f\u00f6r soffa"},"content":{"rendered":"<p><strong><img decoding=\"async\" style=\"margin-right: 12px;\" src=\"https:\/\/www.ferberpainting.com\/wp-content\/uploads\/2026\/02\/Check.svg\" alt=\"\" width=\"18\" height=\"15\" \/>Effektivt skydd mot fukt och fl\u00e4ckar.<\/strong>\u00a0Detta impregneringsmedel f\u00f6r soffa \u00e4r speciellt utformat f\u00f6r att ge ett l\u00e5ngvarigt skydd mot fukt, fl\u00e4ckar och spill p\u00e5 dina tyg- eller l\u00e4derm\u00f6bler. Den bildar en osynlig barri\u00e4r som st\u00f6ter bort v\u00e4tskor och hindrar smuts fr\u00e5n att s\u00e4tta sig, vilket bidrar till att bevara soffans utseende och struktur l\u00e4ngre. Oavsett om det g\u00e4ller dryck, mat eller till och med lerst\u00e4nk blockerar den h\u00e4r produkten v\u00e4tskeintr\u00e4ngning och g\u00f6r reng\u00f6ringen enklare.<\/p>\n<p><strong><img decoding=\"async\" style=\"margin-right: 12px;\" src=\"https:\/\/www.ferberpainting.com\/wp-content\/uploads\/2026\/02\/Check.svg\" alt=\"\" width=\"18\" height=\"15\" \/>Pengar-tillbaka-garanti.<\/strong>\u00a0Vi \u00e4r \u00f6vertygade om att v\u00e5rt impregneringsmedel f\u00f6r soffan \u00e4r effektivt, och d\u00e4rf\u00f6r erbjuder vi en n\u00f6jdhetsgaranti. Om produkten inte uppfyller dina f\u00f6rv\u00e4ntningar efter anv\u00e4ndning kan du beg\u00e4ra full \u00e5terbetalning. Denna garanti g\u00f6r att du kan k\u00f6pa med tillf\u00f6rsikt, eftersom du vet att du inte har n\u00e5got att f\u00f6rlora. Om du inte upplever ett optimalt skydd \u00e5terbetalar vi dig utan problem.<\/p>\n<p><strong><img decoding=\"async\" style=\"margin-right: 12px;\" src=\"https:\/\/www.ferberpainting.com\/wp-content\/uploads\/2026\/02\/Check.svg\" alt=\"\" width=\"18\" height=\"15\" \/>L\u00e4mplig f\u00f6r olika material.<\/strong>\u00a0Detta impregneringsmedel \u00e4r idealiskt f\u00f6r en m\u00e4ngd olika material. Det \u00e4r effektivt p\u00e5 tyger som bomull, linne, sammet och \u00e4ven p\u00e5 l\u00e4der- och mikrofiberytor. Du kan s\u00e4kert applicera det p\u00e5 soffor, f\u00e5t\u00f6ljer, kuddar och andra textil- eller l\u00e4derm\u00f6bler. Den f\u00f6r\u00e4ndrar inte utseendet eller texturen och beh\u00e5ller en mjuk och behaglig k\u00e4nsla och erbjuder ett osynligt och h\u00e5llbart skydd.<\/p>\n<p><strong><img decoding=\"async\" style=\"margin-right: 12px;\" src=\"https:\/\/www.ferberpainting.com\/wp-content\/uploads\/2026\/02\/Check.svg\" alt=\"\" width=\"18\" height=\"15\" \/>Kostnadseffektivt.<\/strong>\u00a0Tack vare den koncentrerade formulan ger detta vattenskyddsmedel ett utm\u00e4rkt f\u00f6rh\u00e5llande mellan kvalitet och t\u00e4ckning. I genomsnitt r\u00e4cker en liter f\u00f6r att behandla ca 25-30 m\u00b2 beroende p\u00e5 tygets tjocklek och antalet applicerade lager. Dess effektivitet inneb\u00e4r att en enda behandling ger ett l\u00e5ngvarigt skydd, s\u00e5 du beh\u00f6ver inte \u00e5terapplicera ofta, vilket g\u00f6r det till en ekonomisk l\u00f6sning f\u00f6r l\u00e5ngsiktigt skydd av m\u00f6bler.<\/p>\n<p><strong><img decoding=\"async\" style=\"margin-right: 12px;\" src=\"https:\/\/www.ferberpainting.com\/wp-content\/uploads\/2026\/02\/Check.svg\" alt=\"\" width=\"18\" height=\"15\" \/>S\u00e4ker och materialv\u00e4nlig.<\/strong>\u00a0Detta impregneringsmedel f\u00f6r soffan \u00e4r tillverkat av s\u00e4kra ingredienser som \u00e4r skonsamma mot dina tyger. Det inneh\u00e5ller inga aggressiva kemikalier, vilket g\u00f6r det s\u00e4kert f\u00f6r hemmabruk. Det f\u00f6r\u00e4ndrar inte f\u00e4rgen eller strukturen p\u00e5 tyget eller l\u00e4dret. Genom att applicera det p\u00e5 din soffa f\u00e5r du ett effektivt skydd utan att skada dina m\u00f6bler eller uts\u00e4tta din familj f\u00f6r giftiga \u00e4mnen.<\/p>\n<p><strong><img decoding=\"async\" style=\"margin-right: 12px;\" src=\"https:\/\/www.ferberpainting.com\/wp-content\/uploads\/2026\/02\/Check.svg\" alt=\"\" width=\"18\" height=\"15\" \/>Anv\u00e4ndarv\u00e4nlighet.<\/strong>\u00a0Det \u00e4r mycket enkelt att applicera impregneringsmedlet f\u00f6r soffan. Det \u00e4r f\u00e4rdigt att anv\u00e4nda och kr\u00e4ver ingen utsp\u00e4dning. Spraya helt enkelt ett tunt, j\u00e4mnt lager \u00f6ver soffytan och l\u00e5t det torka. Det finns inget behov av komplexa f\u00f6rberedelser, blandning eller v\u00e4ntan. Denna produkt \u00e4r utformad f\u00f6r att spara tid samtidigt som den ger ett h\u00f6gkvalitativt skydd. Du kan anv\u00e4nda en spruta eller en mjuk trasa f\u00f6r att applicera produkten j\u00e4mnt.<\/p>\n<p><strong><img decoding=\"async\" style=\"margin-right: 12px;\" src=\"https:\/\/www.ferberpainting.com\/wp-content\/uploads\/2026\/02\/Check.svg\" alt=\"\" width=\"18\" height=\"15\" \/>H\u00e5llbart skydd.<\/strong>\u00a0N\u00e4r impregneringsmedlet har applicerats bildar det en h\u00e5llbar barri\u00e4r som f\u00f6rblir effektiv \u00e4ven efter flera reng\u00f6ringar. Du beh\u00f6ver inte \u00e5terapplicera ofta. Det skyddar dina soffor i flera m\u00e5nader och st\u00e5r emot v\u00e4tskest\u00e4nk och dagliga fl\u00e4ckar. Du kommer att kunna njuta av dina m\u00f6bler utan att beh\u00f6va oroa dig f\u00f6r slitage som orsakas av fukt eller daglig smuts. Den h\u00e4r produkten hj\u00e4lper dig att h\u00e5lla dina soffor i utm\u00e4rkt skick \u00f6ver tid.<\/p>\n<p><strong><img decoding=\"async\" style=\"margin-right: 12px;\" src=\"https:\/\/www.ferberpainting.com\/wp-content\/uploads\/2026\/02\/Check.svg\" alt=\"\" width=\"18\" height=\"15\" \/>Snabbverkande.<\/strong>\u00a0Detta impregneringsmedel f\u00f6r soffan torkar p\u00e5 ca 1 timme i rumstemperatur, beroende p\u00e5 tyget. Detta g\u00f6r att du kan njuta av skyddet snabbt utan timmar av v\u00e4ntan. Till skillnad fr\u00e5n andra behandlingar som kr\u00e4ver l\u00e5nga torktider kan du med denna produkt \u00e5teruppta normal soffanv\u00e4ndning direkt efter applicering, i vetskap om att dina m\u00f6bler nu \u00e4r skyddade.<\/p>\n<h2><strong>Anv\u00e4ndning Protokoll<\/strong><\/h2>\n<ul>\n<li><strong>F\u00f6rberedelse av ytan <\/strong>: Innan du applicerar vattent\u00e4taren, se till att soffan eller m\u00f6blerna \u00e4r rena och torra. Dammsug vid behov f\u00f6r att avl\u00e4gsna damm och l\u00e4tt smuts. Om tyget \u00e4r s\u00e4rskilt smutsigt rekommenderas att du tv\u00e4ttar eller torkar av det innan du applicerar produkten. Applicera inte impregneringsmedlet p\u00e5 en smutsig eller fuktig yta.<\/li>\n<li><strong>Produkttill\u00e4mpning <\/strong>: Skaka flaskan v\u00e4l f\u00f6re anv\u00e4ndning. Spraya ett tunt, j\u00e4mnt lager av soffans impregneringsmedel \u00f6ver hela f\u00f6rem\u00e5lets yta och se till att alla omr\u00e5den t\u00e4cks. F\u00f6r stora ytor kan du anv\u00e4nda en spruta, och f\u00f6r mindre eller sv\u00e5r\u00e5tkomliga omr\u00e5den kan du anv\u00e4nda en mjuk trasa. Se till att inte \u00f6verm\u00e4tta tyget, utan att applicera ett l\u00e4tt och effektivt skikt.<\/li>\n<li><strong>J\u00e4mn t\u00e4ckning <\/strong>: Om du anv\u00e4nder en trasa, gnugga f\u00f6rsiktigt produkten \u00f6ver ytan f\u00f6r att s\u00e4kerst\u00e4lla en j\u00e4mn f\u00f6rdelning. Gnugga inte f\u00f6r h\u00e5rt f\u00f6r att undvika att deformera tyg- eller l\u00e4derfibrer. M\u00e5let \u00e4r att skapa ett fint men effektivt skyddsskikt.<\/li>\n<li><strong>Torktid <\/strong>: L\u00e5t soffan eller m\u00f6beln torka i ca 1 timme i rumstemperatur. Det \u00e4r viktigt att inte anv\u00e4nda m\u00f6beln under torktiden f\u00f6r att undvika att produkten f\u00f6r\u00e4ndras eller l\u00e4mnar synliga m\u00e4rken. Placera inte dina m\u00f6bler n\u00e4ra en direkt v\u00e4rmek\u00e4lla.<\/li>\n<li><strong>\u00c5terans\u00f6kan <\/strong>: Beroende p\u00e5 hur soffan anv\u00e4nds kan en andra applicering rekommenderas f\u00f6r att f\u00f6rst\u00e4rka skyddet. Detta kan vara s\u00e4rskilt anv\u00e4ndbart om din soffa ofta uts\u00e4tts f\u00f6r st\u00e4nk eller fl\u00e4ckar. L\u00e5t alltid det f\u00f6rsta skiktet torka helt innan du applicerar det andra.<\/li>\n<li><strong>Sk\u00f6tsel efter applicering <\/strong>: Du kan reng\u00f6ra din soffa som vanligt efter applicering utan att ta bort skyddet. F\u00f6r att bibeh\u00e5lla effektiviteten b\u00f6r du dock undvika att skrubba ytan f\u00f6r h\u00e5rt. Du kan \u00e5terapplicera impregneringsmedlet var 6:e m\u00e5nad eller oftare vid behov.<\/li>\n<\/ul>\n<p>V\u00e5rt impregneringsmedel f\u00f6r soffor erbjuder en enkel, snabb och effektiv l\u00f6sning f\u00f6r att skydda dina m\u00f6bler fr\u00e5n yttre p\u00e5frestningar och s\u00e4kerst\u00e4lla l\u00e5ngvarig sk\u00f6nhet och h\u00e5llbarhet. Med sin innovativa formel och enkla applicering blir det din b\u00e4sta l\u00f6sning f\u00f6r att underh\u00e5lla soffor och andra f\u00f6rem\u00e5l av tyg eller l\u00e4der.<\/p>","protected":false},"excerpt":{"rendered":"<p>Effective Protection Against Moisture and Stains.\u00a0This sofa waterproofer is specially designed to provide long-lasting protection against humidity, stains, and spills on your fabric or leather furniture. It forms an invisible barrier that repels liquids and prevents dirt from settling, helping to preserve the appearance and texture of your sofa for longer. Whether it&#8217;s beverage, food, [&hellip;]<\/p>\n","protected":false},"featured_media":35924,"comment_status":"open","ping_status":"closed","template":"","meta":{"_uag_custom_page_level_css":"","site-sidebar-layout":"default","site-content-layout":"","ast-site-content-layout":"default","site-content-style":"default","site-sidebar-style":"default","ast-global-header-display":"","ast-banner-title-visibility":"","ast-main-header-display":"","ast-hfb-above-header-display":"","ast-hfb-below-header-display":"","ast-hfb-mobile-header-display":"","site-post-title":"","ast-breadcrumbs-content":"","ast-featured-img":"","footer-sml-layout":"","ast-disable-related-posts":"","theme-transparent-header-meta":"default","adv-header-id-meta":"","stick-header-meta":"","header-above-stick-meta":"","header-main-stick-meta":"","header-below-stick-meta":"","astra-migrate-meta-layouts":"set","ast-page-background-enabled":"default","ast-page-background-meta":{"desktop":{"background-color":"var(--ast-global-color-4)","background-image":"","background-repeat":"repeat","background-position":"center center","background-size":"auto","background-attachment":"scroll","background-type":"","background-media":"","overlay-type":"","overlay-color":"","overlay-opacity":"","overlay-gradient":""},"tablet":{"background-color":"","background-image":"","background-repeat":"repeat","background-position":"center center","background-size":"auto","background-attachment":"scroll","background-type":"","background-media":"","overlay-type":"","overlay-color":"","overlay-opacity":"","overlay-gradient":""},"mobile":{"background-color":"","background-image":"","background-repeat":"repeat","background-position":"center center","background-size":"auto","background-attachment":"scroll","background-type":"","background-media":"","overlay-type":"","overlay-color":"","overlay-opacity":"","overlay-gradient":""}},"ast-content-background-meta":{"desktop":{"background-color":"var(--ast-global-color-5)","background-image":"","background-repeat":"repeat","background-position":"center center","background-size":"auto","background-attachment":"scroll","background-type":"","background-media":"","overlay-type":"","overlay-color":"","overlay-opacity":"","overlay-gradient":""},"tablet":{"background-color":"var(--ast-global-color-5)","background-image":"","background-repeat":"repeat","background-position":"center center","background-size":"auto","background-attachment":"scroll","background-type":"","background-media":"","overlay-type":"","overlay-color":"","overlay-opacity":"","overlay-gradient":""},"mobile":{"background-color":"var(--ast-global-color-5)","background-image":"","background-repeat":"repeat","background-position":"center center","background-size":"auto","background-attachment":"scroll","background-type":"","background-media":"","overlay-type":"","overlay-color":"","overlay-opacity":"","overlay-gradient":""}}},"product_brand":[],"product_cat":[191],"product_tag":[],"class_list":{"0":"post-25314","1":"product","2":"type-product","3":"status-publish","4":"has-post-thumbnail","6":"product_cat-water-repellent","7":"desktop-align-left","8":"tablet-align-left","9":"mobile-align-left","11":"first","12":"instock","13":"sale","14":"shipping-taxable","15":"purchasable","16":"product-type-variable","17":"has-default-attributes"},"spectra_custom_meta":{"_visibility":["visible"],"_shopify_product_id":["9106565857525"],"_s2w_shopify_domain":["ferberpainting.myshopify.com"],"_shopify_variant_id":["46626275492085"],"_sku":[""],"_manage_stock":["no"],"total_sales":["326"],"_tax_status":["taxable"],"_tax_class":[""],"_backorders":["no"],"_sold_individually":["no"],"_virtual":["no"],"_downloadable":["no"],"_download_limit":["-1"],"_download_expiry":["-1"],"_stock":[null],"_stock_status":["instock"],"_wc_average_rating":["5.00"],"_wc_review_count":["11"],"_product_attributes":["a:1:{s:6:\"volume\";a:6:{s:4:\"name\";s:6:\"Volume\";s:5:\"value\";s:20:\"5 liters | 25 liters\";s:8:\"position\";i:1;s:10:\"is_visible\";i:0;s:12:\"is_variation\";i:1;s:11:\"is_taxonomy\";i:0;}}"],"_product_version":["10.5.1"],"wpse_downloadable_file_names":[""],"wpse_downloadable_file_urls":[""],"_edit_last":["1"],"_default_attributes":["a:1:{s:6:\"volume\";s:8:\"5 liters\";}"],"_edit_lock":["1771235377:1"],"merchant-center-availability":["yes"],"merchant-center-category":["8043"],"_thumbnail_id":["35924"],"_wp_page_template":["default"],"_wp_old_date":["2025-05-26"],"_product_image_gallery":["35925"],"site-sidebar-layout":["default"],"ast-site-content-layout":["default"],"site-content-style":["default"],"site-sidebar-style":["default"],"theme-transparent-header-meta":["default"],"_wc_rating_count":["a:1:{i:5;i:11;}"],"_price":["29.90","129.90"],"astra-migrate-meta-layouts":["set"],"_uag_css_file_name":["uag-css-25314.css"],"_elementor_page_assets":["a:0:{}"],"_uag_page_assets":["a:9:{s:3:\"css\";s:6873:\".wp-block-uagb-image{display:flex}.wp-block-uagb-image__figure{position:relative;display:flex;flex-direction:column;max-width:100%;height:auto;margin:0}.wp-block-uagb-image__figure img{height:auto;display:flex;max-width:100%;transition:box-shadow .2s ease}.wp-block-uagb-image__figure>a{display:inline-block}.wp-block-uagb-image__figure figcaption{text-align:center;margin-top:.5em;margin-bottom:1em}.wp-block-uagb-image .components-placeholder.block-editor-media-placeholder .components-placeholder__instructions{align-self:center}.wp-block-uagb-image--align-left{text-align:left}.wp-block-uagb-image--align-right{text-align:right}.wp-block-uagb-image--align-center{text-align:center}.wp-block-uagb-image--align-full .wp-block-uagb-image__figure{margin-left:calc(50% - 50vw);margin-right:calc(50% - 50vw);max-width:100vw;width:100vw;height:auto}.wp-block-uagb-image--align-full .wp-block-uagb-image__figure img{height:auto;width:100% !important}.wp-block-uagb-image--align-wide .wp-block-uagb-image__figure img{height:auto;width:100%}.wp-block-uagb-image--layout-overlay__color-wrapper{position:absolute;left:0;top:0;right:0;bottom:0;opacity:.2;background:rgba(0,0,0,.5);transition:opacity .35s ease-in-out}.wp-block-uagb-image--layout-overlay-link{position:absolute;left:0;right:0;bottom:0;top:0}.wp-block-uagb-image--layout-overlay .wp-block-uagb-image__figure:hover .wp-block-uagb-image--layout-overlay__color-wrapper{opacity:1}.wp-block-uagb-image--layout-overlay__inner{position:absolute;left:15px;right:15px;bottom:15px;top:15px;display:flex;align-items:center;justify-content:center;flex-direction:column;border-color:#fff;transition:.35s ease-in-out}.wp-block-uagb-image--layout-overlay__inner.top-left,.wp-block-uagb-image--layout-overlay__inner.top-center,.wp-block-uagb-image--layout-overlay__inner.top-right{justify-content:flex-start}.wp-block-uagb-image--layout-overlay__inner.bottom-left,.wp-block-uagb-image--layout-overlay__inner.bottom-center,.wp-block-uagb-image--layout-overlay__inner.bottom-right{justify-content:flex-end}.wp-block-uagb-image--layout-overlay__inner.top-left,.wp-block-uagb-image--layout-overlay__inner.center-left,.wp-block-uagb-image--layout-overlay__inner.bottom-left{align-items:flex-start}.wp-block-uagb-image--layout-overlay__inner.top-right,.wp-block-uagb-image--layout-overlay__inner.center-right,.wp-block-uagb-image--layout-overlay__inner.bottom-right{align-items:flex-end}.wp-block-uagb-image--layout-overlay__inner .uagb-image-heading{color:#fff;transition:transform .35s,opacity .35s ease-in-out;transform:translate3d(0, 24px, 0);margin:0;line-height:1em}.wp-block-uagb-image--layout-overlay__inner .uagb-image-separator{width:30%;border-top-width:2px;border-top-color:#fff;border-top-style:solid;margin-bottom:10px;opacity:0;transition:transform .4s,opacity .4s ease-in-out;transform:translate3d(0, 30px, 0)}.wp-block-uagb-image--layout-overlay__inner .uagb-image-caption{opacity:0;overflow:visible;color:#fff;transition:transform .45s,opacity .45s ease-in-out;transform:translate3d(0, 35px, 0)}.wp-block-uagb-image--layout-overlay__inner:hover .uagb-image-heading,.wp-block-uagb-image--layout-overlay__inner:hover .uagb-image-separator,.wp-block-uagb-image--layout-overlay__inner:hover .uagb-image-caption{opacity:1;transform:translate3d(0, 0, 0)}.wp-block-uagb-image--effect-zoomin .wp-block-uagb-image__figure img,.wp-block-uagb-image--effect-zoomin .wp-block-uagb-image__figure .wp-block-uagb-image--layout-overlay__color-wrapper{transform:scale(1);transition:transform .35s ease-in-out}.wp-block-uagb-image--effect-zoomin .wp-block-uagb-image__figure:hover img,.wp-block-uagb-image--effect-zoomin .wp-block-uagb-image__figure:hover .wp-block-uagb-image--layout-overlay__color-wrapper{transform:scale(1.05)}.wp-block-uagb-image--effect-slide .wp-block-uagb-image__figure img,.wp-block-uagb-image--effect-slide .wp-block-uagb-image__figure .wp-block-uagb-image--layout-overlay__color-wrapper{width:calc(100% + 40px) !important;max-width:none !important;transform:translate3d(-40px, 0, 0);transition:transform .35s ease-in-out}.wp-block-uagb-image--effect-slide .wp-block-uagb-image__figure:hover img,.wp-block-uagb-image--effect-slide .wp-block-uagb-image__figure:hover .wp-block-uagb-image--layout-overlay__color-wrapper{transform:translate3d(0, 0, 0)}.wp-block-uagb-image--effect-grayscale img{filter:grayscale(0%);transition:.35s ease-in-out}.wp-block-uagb-image--effect-grayscale:hover img{filter:grayscale(100%)}.wp-block-uagb-image--effect-blur img{filter:blur(0);transition:.35s ease-in-out}.wp-block-uagb-image--effect-blur:hover img{filter:blur(3px)}.uagb-block-e6f939b3.wp-block-uagb-image--layout-default figure img{box-shadow: 0px 0px 0 #00000070;}.uagb-block-e6f939b3.wp-block-uagb-image .wp-block-uagb-image__figure figcaption{font-style: normal;align-self: center;}.uagb-block-e6f939b3.wp-block-uagb-image--layout-overlay figure img{box-shadow: 0px 0px 0 #00000070;}.uagb-block-e6f939b3.wp-block-uagb-image--layout-overlay .wp-block-uagb-image--layout-overlay__color-wrapper{opacity: 0.2;}.uagb-block-e6f939b3.wp-block-uagb-image--layout-overlay .wp-block-uagb-image--layout-overlay__inner{left: 15px;right: 15px;top: 15px;bottom: 15px;}.uagb-block-e6f939b3.wp-block-uagb-image--layout-overlay .wp-block-uagb-image--layout-overlay__inner .uagb-image-heading{font-style: normal;color: #fff;opacity: 1;}.uagb-block-e6f939b3.wp-block-uagb-image--layout-overlay .wp-block-uagb-image--layout-overlay__inner .uagb-image-heading a{color: #fff;}.uagb-block-e6f939b3.wp-block-uagb-image--layout-overlay .wp-block-uagb-image--layout-overlay__inner .uagb-image-caption{opacity: 0;}.uagb-block-e6f939b3.wp-block-uagb-image--layout-overlay .wp-block-uagb-image__figure:hover .wp-block-uagb-image--layout-overlay__color-wrapper{opacity: 1;}.uagb-block-e6f939b3.wp-block-uagb-image .wp-block-uagb-image--layout-overlay__inner .uagb-image-separator{width: 30%;border-top-width: 2px;border-top-color: #fff;opacity: 0;}.uagb-block-e6f939b3.wp-block-uagb-image .wp-block-uagb-image__figure img{width: px;height: auto;}.uagb-block-e6f939b3.wp-block-uagb-image .wp-block-uagb-image__figure:hover .wp-block-uagb-image--layout-overlay__inner .uagb-image-caption{opacity: 1;}.uagb-block-e6f939b3.wp-block-uagb-image .wp-block-uagb-image__figure:hover .wp-block-uagb-image--layout-overlay__inner .uagb-image-separator{opacity: 1;}.uagb-block-e6f939b3.wp-block-uagb-image--layout-default figure:hover img{box-shadow: 0px 0px 0 #00000070;}.uagb-block-e6f939b3.wp-block-uagb-image--layout-overlay figure:hover img{box-shadow: 0px 0px 0 #00000070;}@media only screen and (max-width: 976px) {.uagb-block-e6f939b3.wp-block-uagb-image .wp-block-uagb-image__figure img{width: px;height: auto;}}@media only screen and (max-width: 767px) {.uagb-block-e6f939b3.wp-block-uagb-image .wp-block-uagb-image__figure img{width: px;height: auto;}}\";s:2:\"js\";s:0:\"\";s:18:\"current_block_list\";a:13:{i:0;s:11:\"core\/search\";i:1;s:10:\"core\/group\";i:2;s:12:\"core\/heading\";i:3;s:17:\"core\/latest-posts\";i:4;s:20:\"core\/latest-comments\";i:5;s:13:\"core\/archives\";i:6;s:15:\"core\/categories\";i:7;s:14:\"core\/paragraph\";i:8;s:10:\"uagb\/image\";i:9;s:11:\"core\/spacer\";i:10;s:30:\"woocommerce\/product-categories\";i:11;s:10:\"core\/image\";i:12;s:14:\"core\/shortcode\";}s:8:\"uag_flag\";b:1;s:11:\"uag_version\";s:10:\"1777095573\";s:6:\"gfonts\";a:0:{}s:10:\"gfonts_url\";s:0:\"\";s:12:\"gfonts_files\";a:0:{}s:14:\"uag_faq_layout\";b:0;}"]},"uagb_featured_image_src":{"full":["https:\/\/www.ferberpainting.com\/wp-content\/uploads\/2025\/05\/Sofa-Water-Repellent-5L.png",2560,2560,false],"thumbnail":["https:\/\/www.ferberpainting.com\/wp-content\/uploads\/2025\/05\/Sofa-Water-Repellent-5L-150x150.png",150,150,true],"medium":["https:\/\/www.ferberpainting.com\/wp-content\/uploads\/2025\/05\/Sofa-Water-Repellent-5L-300x300.png",300,300,true],"medium_large":["https:\/\/www.ferberpainting.com\/wp-content\/uploads\/2025\/05\/Sofa-Water-Repellent-5L-768x768.png",768,768,true],"large":["https:\/\/www.ferberpainting.com\/wp-content\/uploads\/2025\/05\/Sofa-Water-Repellent-5L-1024x1024.png",1024,1024,true],"1536x1536":["https:\/\/www.ferberpainting.com\/wp-content\/uploads\/2025\/05\/Sofa-Water-Repellent-5L-1536x1536.png",1536,1536,true],"2048x2048":["https:\/\/www.ferberpainting.com\/wp-content\/uploads\/2025\/05\/Sofa-Water-Repellent-5L-2048x2048.png",2048,2048,true],"trp-custom-language-flag":["https:\/\/www.ferberpainting.com\/wp-content\/uploads\/2025\/05\/Sofa-Water-Repellent-5L-12x12.png",12,12,true],"woocommerce_thumbnail":["https:\/\/www.ferberpainting.com\/wp-content\/uploads\/2025\/05\/Sofa-Water-Repellent-5L-300x300.png",300,300,true],"woocommerce_single":["https:\/\/www.ferberpainting.com\/wp-content\/uploads\/2025\/05\/Sofa-Water-Repellent-5L-600x600.png",600,600,true],"woocommerce_gallery_thumbnail":["https:\/\/www.ferberpainting.com\/wp-content\/uploads\/2025\/05\/Sofa-Water-Repellent-5L-100x100.png",100,100,true]},"uagb_author_info":{"display_name":"admin","author_link":"https:\/\/www.ferberpainting.com\/se\/author\/"},"uagb_comment_info":11,"uagb_excerpt":"Effective Protection Against Moisture and Stains.\u00a0This sofa waterproofer is specially designed to provide long-lasting protection against humidity, stains, and spills on your fabric or leather furniture. It forms an invisible barrier that repels liquids and prevents dirt from settling, helping to preserve the appearance and texture of your sofa for longer. Whether it&#8217;s beverage, food,&hellip;","_links":{"self":[{"href":"https:\/\/www.ferberpainting.com\/se\/wp-json\/wp\/v2\/product\/25314","targetHints":{"allow":["GET"]}}],"collection":[{"href":"https:\/\/www.ferberpainting.com\/se\/wp-json\/wp\/v2\/product"}],"about":[{"href":"https:\/\/www.ferberpainting.com\/se\/wp-json\/wp\/v2\/types\/product"}],"replies":[{"embeddable":true,"href":"https:\/\/www.ferberpainting.com\/se\/wp-json\/wp\/v2\/comments?post=25314"}],"version-history":[{"count":3,"href":"https:\/\/www.ferberpainting.com\/se\/wp-json\/wp\/v2\/product\/25314\/revisions"}],"predecessor-version":[{"id":167300,"href":"https:\/\/www.ferberpainting.com\/se\/wp-json\/wp\/v2\/product\/25314\/revisions\/167300"}],"wp:featuredmedia":[{"embeddable":true,"href":"https:\/\/www.ferberpainting.com\/se\/wp-json\/wp\/v2\/media\/35924"}],"wp:attachment":[{"href":"https:\/\/www.ferberpainting.com\/se\/wp-json\/wp\/v2\/media?parent=25314"}],"wp:term":[{"taxonomy":"product_brand","embeddable":true,"href":"https:\/\/www.ferberpainting.com\/se\/wp-json\/wp\/v2\/product_brand?post=25314"},{"taxonomy":"product_cat","embeddable":true,"href":"https:\/\/www.ferberpainting.com\/se\/wp-json\/wp\/v2\/product_cat?post=25314"},{"taxonomy":"product_tag","embeddable":true,"href":"https:\/\/www.ferberpainting.com\/se\/wp-json\/wp\/v2\/product_tag?post=25314"}],"curies":[{"name":"wp","href":"https:\/\/api.w.org\/{rel}","templated":true}]}}