{"id":25309,"date":"2025-06-30T21:51:25","date_gmt":"2025-06-30T19:51:25","guid":{"rendered":"https:\/\/www.ferberpainting.com\/?post_type=product&#038;p=25296"},"modified":"2026-02-16T10:50:30","modified_gmt":"2026-02-16T09:50:30","slug":"slate-roof-water-repellent","status":"publish","type":"product","link":"https:\/\/www.ferberpainting.com\/se\/products\/slate-roof-water-repellent\/","title":{"rendered":"Vattenavvisande behandling f\u00f6r skiffertak"},"content":{"rendered":"<p><strong><img decoding=\"async\" style=\"margin-right: 12px;\" src=\"https:\/\/www.ferberpainting.com\/wp-content\/uploads\/2026\/02\/Check.svg\" alt=\"\" width=\"18\" height=\"15\" \/>Optimalt skydd mot v\u00e4der och vind.<\/strong>\u00a0Detta t\u00e4tskikt f\u00f6r skiffertak \u00e4r speciellt framtaget f\u00f6r att ge ett l\u00e5ngvarigt skydd mot vatteninfiltration och fukt. Tack vare sin avancerade formula tr\u00e4nger produkten djupt in i skifferytan och bildar en osynlig barri\u00e4r som hindrar vatten fr\u00e5n att tr\u00e4nga in samtidigt som taket kan andas. Den hj\u00e4lper till att bevara skifferplattornas integritet och f\u00f6rhindrar skador fr\u00e5n d\u00e5ligt v\u00e4der som frost, l\u00e4ckage och m\u00f6gel.<\/p>\n<p><strong><img decoding=\"async\" style=\"margin-right: 12px;\" src=\"https:\/\/www.ferberpainting.com\/wp-content\/uploads\/2026\/02\/Check.svg\" alt=\"\" width=\"18\" height=\"15\" \/>Pengar-tillbaka-garanti.<\/strong>\u00a0Vi \u00e4r \u00f6vertygade om effektiviteten hos v\u00e5rt vattent\u00e4tningsmedel f\u00f6r skiffertak. Om du inte \u00e4r helt n\u00f6jd efter anv\u00e4ndning erbjuder vi full \u00e5terbetalning. Du kan testa produkten riskfritt och k\u00f6pa den med sinnesfrid, eftersom du vet att du f\u00e5r ers\u00e4ttning om resultatet inte uppfyller dina f\u00f6rv\u00e4ntningar.<\/p>\n<p><strong><img decoding=\"async\" style=\"margin-right: 12px;\" src=\"https:\/\/www.ferberpainting.com\/wp-content\/uploads\/2026\/02\/Check.svg\" alt=\"\" width=\"18\" height=\"15\" \/>M\u00e5ngsidigt anv\u00e4ndbar.<\/strong>\u00a0Denna produkt \u00e4r mycket m\u00e5ngsidig och kan anv\u00e4ndas inte bara p\u00e5 skiffertak utan \u00e4ven p\u00e5 andra material som betong, cement, tegel, murbruk och andra por\u00f6sa ytor. Dess effektivitet \u00e4r inte begr\u00e4nsad till skifferplattor, vilket g\u00f6r den till ett utm\u00e4rkt val f\u00f6r m\u00e5ngsidigt skydd och s\u00e4kerst\u00e4ller konsekvent vattent\u00e4tning \u00f6ver hela ditt tak.<\/p>\n<p><strong><img decoding=\"async\" style=\"margin-right: 12px;\" src=\"https:\/\/www.ferberpainting.com\/wp-content\/uploads\/2026\/02\/Check.svg\" alt=\"\" width=\"18\" height=\"15\" \/>Kostnadseffektivt.<\/strong>\u00a0Detta t\u00e4tskikt f\u00f6r skiffertak ger utm\u00e4rkt t\u00e4ckning. I genomsnitt t\u00e4cker 1 liter av produkten mellan 6 och 8 m\u00b2 beroende p\u00e5 takpannornas porositet. En 5-litersbeh\u00e5llare kan behandla ca 30-40 m\u00b2 tak. Det h\u00f6ga utbytet g\u00f6r det m\u00f6jligt att behandla stora ytor utan frekventa \u00e5terk\u00f6p, vilket g\u00f6r det till en kostnadseffektiv och h\u00e5llbar l\u00f6sning f\u00f6r att bevara ditt tak.<\/p>\n<p><strong><img decoding=\"async\" style=\"margin-right: 12px;\" src=\"https:\/\/www.ferberpainting.com\/wp-content\/uploads\/2026\/02\/Check.svg\" alt=\"\" width=\"18\" height=\"15\" \/>S\u00e4ker att anv\u00e4nda.<\/strong>\u00a0Skiffertakets impregneringsmedel \u00e4r utformat f\u00f6r att vara s\u00e4kert. Det inneh\u00e5ller inga starka kemikalier och \u00e4r milj\u00f6v\u00e4nligt. Du kan applicera det p\u00e5 ett s\u00e4kert s\u00e4tt utan risk f\u00f6r din eller andras h\u00e4lsa. Som en f\u00f6rsiktighets\u00e5tg\u00e4rd rekommenderar vi att du anv\u00e4nder handskar och skyddsglas\u00f6gon under appliceringen, men det finns ingen betydande risk n\u00e4r det anv\u00e4nds enligt anvisningarna.<\/p>\n<p><strong><img decoding=\"async\" style=\"margin-right: 12px;\" src=\"https:\/\/www.ferberpainting.com\/wp-content\/uploads\/2026\/02\/Check.svg\" alt=\"\" width=\"18\" height=\"15\" \/>L\u00e4tt att applicera.<\/strong>\u00a0Denna produkt \u00e4r klar att anv\u00e4nda, vilket g\u00f6r processen snabb och enkel. Ingen utsp\u00e4dning eller f\u00f6rberedelse kr\u00e4vs - bara spraya, borsta eller rulla den direkt p\u00e5 taket. Detta ger en snabb och enkel applicering som passar b\u00e5de proffs och hemmafixare. Appliceringen \u00e4r j\u00e4mn och l\u00e4mnar inga synliga sp\u00e5r, vilket ger en ren och estetisk finish.<\/p>\n<p><strong><img decoding=\"async\" style=\"margin-right: 12px;\" src=\"https:\/\/www.ferberpainting.com\/wp-content\/uploads\/2026\/02\/Check.svg\" alt=\"\" width=\"18\" height=\"15\" \/>H\u00e5llbarhet.<\/strong>\u00a0Impregneringen f\u00f6r skiffertak ger ett l\u00e5ngvarigt skydd. N\u00e4r det applicerats bildar det en osynlig barri\u00e4r som motst\u00e5r fukt och h\u00e5ller taket skyddat i flera \u00e5r. Beroende p\u00e5 v\u00e4derf\u00f6rh\u00e5llanden och exponering kan skyddet vara mellan 2 och 5 \u00e5r. Denna h\u00e5llbarhet bidrar till att minska underh\u00e5llet och s\u00e4kerst\u00e4ller att ditt tak f\u00f6rblir i utm\u00e4rkt skick.<\/p>\n<p><strong><img decoding=\"async\" style=\"margin-right: 12px;\" src=\"https:\/\/www.ferberpainting.com\/wp-content\/uploads\/2026\/02\/Check.svg\" alt=\"\" width=\"18\" height=\"15\" \/>Snabbtorkande och snabbverkande.<\/strong>\u00a0Vattent\u00e4tningsmedlet torkar snabbt och tr\u00e4nger snabbt in i skifferplattorna. I allm\u00e4nhet torkar ytorna vid ber\u00f6ring inom 1 till 2 timmar, men f\u00f6r optimal prestanda rekommenderas att man v\u00e4ntar 24 timmar innan taket uts\u00e4tts f\u00f6r regn eller fukt. Den snabba torkningen g\u00f6r att du snabbt kan b\u00f6rja anv\u00e4nda den behandlade ytan igen och s\u00e4kerst\u00e4ller l\u00e5ngsiktig vattent\u00e4tning.<\/p>\n<h2><strong>Anv\u00e4ndning Protokoll<\/strong><\/h2>\n<ul>\n<li><strong>Ytbehandling <\/strong>: Innan du applicerar t\u00e4tskiktet, se till att ytan \u00e4r ren och torr. Vi rekommenderar att du reng\u00f6r taket f\u00f6r att avl\u00e4gsna smuts, mossa och skr\u00e4p. Anv\u00e4nd en kvast, h\u00f6gtryckstv\u00e4tt eller borste f\u00f6r att avl\u00e4gsna alla orenheter. Om det finns mossa eller lav b\u00f6r du f\u00f6rst anv\u00e4nda en s\u00e4rskild antimossbehandling. N\u00e4r taket \u00e4r rengjort ska det vara helt torrt innan du applicerar produkten.<\/li>\n<li><strong>Produkttill\u00e4mpning <\/strong>: Vattent\u00e4tningsmedlet f\u00f6r skiffertak \u00e4r klart att anv\u00e4nda, du beh\u00f6ver inte sp\u00e4da ut det. Anv\u00e4nd en spruta, roller eller pensel f\u00f6r att applicera det j\u00e4mnt p\u00e5 ytan. Om du anv\u00e4nder en spruta ska du h\u00e5lla ett avst\u00e5nd p\u00e5 ca 30 cm och spruta j\u00e4mnt. Vid applicering med roller eller pensel ska du se till att alla omr\u00e5den som ska behandlas blir j\u00e4mnt belagda utan att plattorna blir \u00f6verm\u00e4ttade. Applicera l\u00e4tta, j\u00e4mna lager f\u00f6r att f\u00f6rhindra avrinning.<\/li>\n<li><strong>Antal att anv\u00e4nda <\/strong>: Beroende p\u00e5 skifferplattornas porositet t\u00e4cker 1 liter produkt i allm\u00e4nhet mellan 6 och 8 m\u00b2. Detta inneb\u00e4r att en 5-litersbeh\u00e5llare kan behandla 30 till 40 m\u00b2 yta. Om plattorna \u00e4r mycket por\u00f6sa eller om du vill applicera ett andra lager, justera m\u00e4ngden efter behov. Som en allm\u00e4n regel r\u00e4cker det med ett lager f\u00f6r ett effektivt skydd, men en andra applicering kan vara n\u00f6dv\u00e4ndig i mycket utsatta omr\u00e5den.<\/li>\n<li><strong>Torktid <\/strong>: Efter applicering torkar produkten snabbt. Ytorna blir normalt torra vid ber\u00f6ring inom 1 till 2 timmar. F\u00f6r full effekt b\u00f6r produkten torka helt i 24 timmar innan taket uts\u00e4tts f\u00f6r regn eller fukt. Detta s\u00e4kerst\u00e4ller att det bildas en effektiv barri\u00e4r som f\u00f6rhindrar vatteninfiltration.<\/li>\n<li><strong>\u00c5terans\u00f6kan <\/strong>: Beroende p\u00e5 klimatf\u00f6rh\u00e5llanden och naturligt slitage kan ny applicering beh\u00f6vas vart 2:a till 5:e \u00e5r. Vi rekommenderar att du regelbundet inspekterar taket och applicerar produkten p\u00e5 nytt om det finns tecken p\u00e5 slitage eller minskad effektivitet. En andra applicering hj\u00e4lper till att uppr\u00e4tth\u00e5lla ett l\u00e5ngvarigt skydd.<\/li>\n<li><strong>Underh\u00e5ll <\/strong>: Efter applicering \u00e4r det enkelt att underh\u00e5lla ditt tak. Reng\u00f6r det med tv\u00e5lvatten och en mjuk kvast eller trasa f\u00f6r att ta bort rester. Undvik att anv\u00e4nda h\u00f6gtryckstv\u00e4tt eller starka kemiska reng\u00f6ringsmedel som kan skada den skyddande bel\u00e4ggningen. Varsamt och regelbundet underh\u00e5ll bidrar till att bevara t\u00e4tskiktets prestanda under m\u00e5nga \u00e5r.<\/li>\n<\/ul>","protected":false},"excerpt":{"rendered":"<p>Optimal protection against weather.\u00a0This slate roof waterproofer is specially formulated to provide long-lasting protection against water infiltration and humidity. Thanks to its advanced formula, this product deeply penetrates the surface of the slate, forming an invisible barrier that prevents water from seeping in while allowing the roof to breathe. It helps preserve the integrity of [&hellip;]<\/p>\n","protected":false},"featured_media":35987,"comment_status":"open","ping_status":"closed","template":"","meta":{"_uag_custom_page_level_css":"","site-sidebar-layout":"default","site-content-layout":"","ast-site-content-layout":"default","site-content-style":"default","site-sidebar-style":"default","ast-global-header-display":"","ast-banner-title-visibility":"","ast-main-header-display":"","ast-hfb-above-header-display":"","ast-hfb-below-header-display":"","ast-hfb-mobile-header-display":"","site-post-title":"","ast-breadcrumbs-content":"","ast-featured-img":"","footer-sml-layout":"","ast-disable-related-posts":"","theme-transparent-header-meta":"default","adv-header-id-meta":"","stick-header-meta":"","header-above-stick-meta":"","header-main-stick-meta":"","header-below-stick-meta":"","astra-migrate-meta-layouts":"set","ast-page-background-enabled":"default","ast-page-background-meta":{"desktop":{"background-color":"var(--ast-global-color-4)","background-image":"","background-repeat":"repeat","background-position":"center center","background-size":"auto","background-attachment":"scroll","background-type":"","background-media":"","overlay-type":"","overlay-color":"","overlay-opacity":"","overlay-gradient":""},"tablet":{"background-color":"","background-image":"","background-repeat":"repeat","background-position":"center center","background-size":"auto","background-attachment":"scroll","background-type":"","background-media":"","overlay-type":"","overlay-color":"","overlay-opacity":"","overlay-gradient":""},"mobile":{"background-color":"","background-image":"","background-repeat":"repeat","background-position":"center center","background-size":"auto","background-attachment":"scroll","background-type":"","background-media":"","overlay-type":"","overlay-color":"","overlay-opacity":"","overlay-gradient":""}},"ast-content-background-meta":{"desktop":{"background-color":"var(--ast-global-color-5)","background-image":"","background-repeat":"repeat","background-position":"center center","background-size":"auto","background-attachment":"scroll","background-type":"","background-media":"","overlay-type":"","overlay-color":"","overlay-opacity":"","overlay-gradient":""},"tablet":{"background-color":"var(--ast-global-color-5)","background-image":"","background-repeat":"repeat","background-position":"center center","background-size":"auto","background-attachment":"scroll","background-type":"","background-media":"","overlay-type":"","overlay-color":"","overlay-opacity":"","overlay-gradient":""},"mobile":{"background-color":"var(--ast-global-color-5)","background-image":"","background-repeat":"repeat","background-position":"center center","background-size":"auto","background-attachment":"scroll","background-type":"","background-media":"","overlay-type":"","overlay-color":"","overlay-opacity":"","overlay-gradient":""}}},"product_brand":[],"product_cat":[191],"product_tag":[],"class_list":{"0":"post-25309","1":"product","2":"type-product","3":"status-publish","4":"has-post-thumbnail","6":"product_cat-water-repellent","7":"desktop-align-left","8":"tablet-align-left","9":"mobile-align-left","11":"first","12":"instock","13":"sale","14":"shipping-taxable","15":"purchasable","16":"product-type-variable","17":"has-default-attributes"},"spectra_custom_meta":{"_visibility":["visible"],"_shopify_product_id":["9106642239733"],"_s2w_shopify_domain":["ferberpainting.myshopify.com"],"_shopify_variant_id":["46626378711285"],"_sku":[""],"_manage_stock":["no"],"total_sales":["5"],"_tax_status":["taxable"],"_tax_class":[""],"_backorders":["no"],"_sold_individually":["no"],"_virtual":["no"],"_downloadable":["no"],"_download_limit":["-1"],"_download_expiry":["-1"],"_stock":[null],"_stock_status":["instock"],"_wc_average_rating":["5.00"],"_wc_review_count":["10"],"_product_attributes":["a:1:{s:6:\"volume\";a:6:{s:4:\"name\";s:6:\"Volume\";s:5:\"value\";s:20:\"5 liters | 25 liters\";s:8:\"position\";i:1;s:10:\"is_visible\";i:0;s:12:\"is_variation\";i:1;s:11:\"is_taxonomy\";i:0;}}"],"_product_version":["10.5.1"],"wpse_downloadable_file_names":[""],"wpse_downloadable_file_urls":[""],"_edit_last":["1"],"_default_attributes":["a:1:{s:6:\"volume\";s:8:\"5 liters\";}"],"_edit_lock":["1771235292:1"],"_price":["29.90","129.90"],"merchant-center-availability":["yes"],"merchant-center-category":["503744"],"_thumbnail_id":["35987"],"_wp_page_template":["default"],"_product_image_gallery":["35989"],"site-sidebar-layout":["default"],"ast-site-content-layout":["default"],"site-content-style":["default"],"site-sidebar-style":["default"],"theme-transparent-header-meta":["default"],"_wc_rating_count":["a:1:{i:5;i:10;}"],"astra-migrate-meta-layouts":["set"],"_uag_css_file_name":["uag-css-25309.css"],"_elementor_page_assets":["a:0:{}"],"_uag_page_assets":["a:9:{s:3:\"css\";s:7133:\".uag-blocks-common-selector{z-index:var(--z-index-desktop) !important}@media(max-width: 976px){.uag-blocks-common-selector{z-index:var(--z-index-tablet) !important}}@media(max-width: 767px){.uag-blocks-common-selector{z-index:var(--z-index-mobile) !important}}.wp-block-uagb-image{display:flex}.wp-block-uagb-image__figure{position:relative;display:flex;flex-direction:column;max-width:100%;height:auto;margin:0}.wp-block-uagb-image__figure img{height:auto;display:flex;max-width:100%;transition:box-shadow .2s ease}.wp-block-uagb-image__figure>a{display:inline-block}.wp-block-uagb-image__figure figcaption{text-align:center;margin-top:.5em;margin-bottom:1em}.wp-block-uagb-image .components-placeholder.block-editor-media-placeholder .components-placeholder__instructions{align-self:center}.wp-block-uagb-image--align-left{text-align:left}.wp-block-uagb-image--align-right{text-align:right}.wp-block-uagb-image--align-center{text-align:center}.wp-block-uagb-image--align-full .wp-block-uagb-image__figure{margin-left:calc(50% - 50vw);margin-right:calc(50% - 50vw);max-width:100vw;width:100vw;height:auto}.wp-block-uagb-image--align-full .wp-block-uagb-image__figure img{height:auto;width:100% !important}.wp-block-uagb-image--align-wide .wp-block-uagb-image__figure img{height:auto;width:100%}.wp-block-uagb-image--layout-overlay__color-wrapper{position:absolute;left:0;top:0;right:0;bottom:0;opacity:.2;background:rgba(0,0,0,.5);transition:opacity .35s ease-in-out}.wp-block-uagb-image--layout-overlay-link{position:absolute;left:0;right:0;bottom:0;top:0}.wp-block-uagb-image--layout-overlay .wp-block-uagb-image__figure:hover .wp-block-uagb-image--layout-overlay__color-wrapper{opacity:1}.wp-block-uagb-image--layout-overlay__inner{position:absolute;left:15px;right:15px;bottom:15px;top:15px;display:flex;align-items:center;justify-content:center;flex-direction:column;border-color:#fff;transition:.35s ease-in-out}.wp-block-uagb-image--layout-overlay__inner.top-left,.wp-block-uagb-image--layout-overlay__inner.top-center,.wp-block-uagb-image--layout-overlay__inner.top-right{justify-content:flex-start}.wp-block-uagb-image--layout-overlay__inner.bottom-left,.wp-block-uagb-image--layout-overlay__inner.bottom-center,.wp-block-uagb-image--layout-overlay__inner.bottom-right{justify-content:flex-end}.wp-block-uagb-image--layout-overlay__inner.top-left,.wp-block-uagb-image--layout-overlay__inner.center-left,.wp-block-uagb-image--layout-overlay__inner.bottom-left{align-items:flex-start}.wp-block-uagb-image--layout-overlay__inner.top-right,.wp-block-uagb-image--layout-overlay__inner.center-right,.wp-block-uagb-image--layout-overlay__inner.bottom-right{align-items:flex-end}.wp-block-uagb-image--layout-overlay__inner .uagb-image-heading{color:#fff;transition:transform .35s,opacity .35s ease-in-out;transform:translate3d(0, 24px, 0);margin:0;line-height:1em}.wp-block-uagb-image--layout-overlay__inner .uagb-image-separator{width:30%;border-top-width:2px;border-top-color:#fff;border-top-style:solid;margin-bottom:10px;opacity:0;transition:transform .4s,opacity .4s ease-in-out;transform:translate3d(0, 30px, 0)}.wp-block-uagb-image--layout-overlay__inner .uagb-image-caption{opacity:0;overflow:visible;color:#fff;transition:transform .45s,opacity .45s ease-in-out;transform:translate3d(0, 35px, 0)}.wp-block-uagb-image--layout-overlay__inner:hover .uagb-image-heading,.wp-block-uagb-image--layout-overlay__inner:hover .uagb-image-separator,.wp-block-uagb-image--layout-overlay__inner:hover .uagb-image-caption{opacity:1;transform:translate3d(0, 0, 0)}.wp-block-uagb-image--effect-zoomin .wp-block-uagb-image__figure img,.wp-block-uagb-image--effect-zoomin .wp-block-uagb-image__figure .wp-block-uagb-image--layout-overlay__color-wrapper{transform:scale(1);transition:transform .35s ease-in-out}.wp-block-uagb-image--effect-zoomin .wp-block-uagb-image__figure:hover img,.wp-block-uagb-image--effect-zoomin .wp-block-uagb-image__figure:hover .wp-block-uagb-image--layout-overlay__color-wrapper{transform:scale(1.05)}.wp-block-uagb-image--effect-slide .wp-block-uagb-image__figure img,.wp-block-uagb-image--effect-slide .wp-block-uagb-image__figure .wp-block-uagb-image--layout-overlay__color-wrapper{width:calc(100% + 40px) !important;max-width:none !important;transform:translate3d(-40px, 0, 0);transition:transform .35s ease-in-out}.wp-block-uagb-image--effect-slide .wp-block-uagb-image__figure:hover img,.wp-block-uagb-image--effect-slide .wp-block-uagb-image__figure:hover .wp-block-uagb-image--layout-overlay__color-wrapper{transform:translate3d(0, 0, 0)}.wp-block-uagb-image--effect-grayscale img{filter:grayscale(0%);transition:.35s ease-in-out}.wp-block-uagb-image--effect-grayscale:hover img{filter:grayscale(100%)}.wp-block-uagb-image--effect-blur img{filter:blur(0);transition:.35s ease-in-out}.wp-block-uagb-image--effect-blur:hover img{filter:blur(3px)}.uagb-block-e6f939b3.wp-block-uagb-image--layout-default figure img{box-shadow: 0px 0px 0 #00000070;}.uagb-block-e6f939b3.wp-block-uagb-image .wp-block-uagb-image__figure figcaption{font-style: normal;align-self: center;}.uagb-block-e6f939b3.wp-block-uagb-image--layout-overlay figure img{box-shadow: 0px 0px 0 #00000070;}.uagb-block-e6f939b3.wp-block-uagb-image--layout-overlay .wp-block-uagb-image--layout-overlay__color-wrapper{opacity: 0.2;}.uagb-block-e6f939b3.wp-block-uagb-image--layout-overlay .wp-block-uagb-image--layout-overlay__inner{left: 15px;right: 15px;top: 15px;bottom: 15px;}.uagb-block-e6f939b3.wp-block-uagb-image--layout-overlay .wp-block-uagb-image--layout-overlay__inner .uagb-image-heading{font-style: normal;color: #fff;opacity: 1;}.uagb-block-e6f939b3.wp-block-uagb-image--layout-overlay .wp-block-uagb-image--layout-overlay__inner .uagb-image-heading a{color: #fff;}.uagb-block-e6f939b3.wp-block-uagb-image--layout-overlay .wp-block-uagb-image--layout-overlay__inner .uagb-image-caption{opacity: 0;}.uagb-block-e6f939b3.wp-block-uagb-image--layout-overlay .wp-block-uagb-image__figure:hover .wp-block-uagb-image--layout-overlay__color-wrapper{opacity: 1;}.uagb-block-e6f939b3.wp-block-uagb-image .wp-block-uagb-image--layout-overlay__inner .uagb-image-separator{width: 30%;border-top-width: 2px;border-top-color: #fff;opacity: 0;}.uagb-block-e6f939b3.wp-block-uagb-image .wp-block-uagb-image__figure img{width: px;height: auto;}.uagb-block-e6f939b3.wp-block-uagb-image .wp-block-uagb-image__figure:hover .wp-block-uagb-image--layout-overlay__inner .uagb-image-caption{opacity: 1;}.uagb-block-e6f939b3.wp-block-uagb-image .wp-block-uagb-image__figure:hover .wp-block-uagb-image--layout-overlay__inner .uagb-image-separator{opacity: 1;}.uagb-block-e6f939b3.wp-block-uagb-image--layout-default figure:hover img{box-shadow: 0px 0px 0 #00000070;}.uagb-block-e6f939b3.wp-block-uagb-image--layout-overlay figure:hover img{box-shadow: 0px 0px 0 #00000070;}@media only screen and (max-width: 976px) {.uagb-block-e6f939b3.wp-block-uagb-image .wp-block-uagb-image__figure img{width: px;height: auto;}}@media only screen and (max-width: 767px) {.uagb-block-e6f939b3.wp-block-uagb-image .wp-block-uagb-image__figure img{width: px;height: auto;}}\";s:2:\"js\";s:0:\"\";s:18:\"current_block_list\";a:13:{i:0;s:11:\"core\/search\";i:1;s:10:\"core\/group\";i:2;s:12:\"core\/heading\";i:3;s:17:\"core\/latest-posts\";i:4;s:20:\"core\/latest-comments\";i:5;s:13:\"core\/archives\";i:6;s:15:\"core\/categories\";i:7;s:14:\"core\/paragraph\";i:8;s:10:\"uagb\/image\";i:9;s:11:\"core\/spacer\";i:10;s:30:\"woocommerce\/product-categories\";i:11;s:10:\"core\/image\";i:12;s:14:\"core\/shortcode\";}s:8:\"uag_flag\";b:1;s:11:\"uag_version\";s:10:\"1777115777\";s:6:\"gfonts\";a:0:{}s:10:\"gfonts_url\";s:0:\"\";s:12:\"gfonts_files\";a:0:{}s:14:\"uag_faq_layout\";b:0;}"]},"uagb_featured_image_src":{"full":["https:\/\/www.ferberpainting.com\/wp-content\/uploads\/2025\/06\/Slate-Roof-Water-Repellent-5L.png",2560,2560,false],"thumbnail":["https:\/\/www.ferberpainting.com\/wp-content\/uploads\/2025\/06\/Slate-Roof-Water-Repellent-5L-150x150.png",150,150,true],"medium":["https:\/\/www.ferberpainting.com\/wp-content\/uploads\/2025\/06\/Slate-Roof-Water-Repellent-5L-300x300.png",300,300,true],"medium_large":["https:\/\/www.ferberpainting.com\/wp-content\/uploads\/2025\/06\/Slate-Roof-Water-Repellent-5L-768x768.png",768,768,true],"large":["https:\/\/www.ferberpainting.com\/wp-content\/uploads\/2025\/06\/Slate-Roof-Water-Repellent-5L-1024x1024.png",1024,1024,true],"1536x1536":["https:\/\/www.ferberpainting.com\/wp-content\/uploads\/2025\/06\/Slate-Roof-Water-Repellent-5L-1536x1536.png",1536,1536,true],"2048x2048":["https:\/\/www.ferberpainting.com\/wp-content\/uploads\/2025\/06\/Slate-Roof-Water-Repellent-5L-2048x2048.png",2048,2048,true],"trp-custom-language-flag":["https:\/\/www.ferberpainting.com\/wp-content\/uploads\/2025\/06\/Slate-Roof-Water-Repellent-5L-12x12.png",12,12,true],"woocommerce_thumbnail":["https:\/\/www.ferberpainting.com\/wp-content\/uploads\/2025\/06\/Slate-Roof-Water-Repellent-5L-300x300.png",300,300,true],"woocommerce_single":["https:\/\/www.ferberpainting.com\/wp-content\/uploads\/2025\/06\/Slate-Roof-Water-Repellent-5L-600x600.png",600,600,true],"woocommerce_gallery_thumbnail":["https:\/\/www.ferberpainting.com\/wp-content\/uploads\/2025\/06\/Slate-Roof-Water-Repellent-5L-100x100.png",100,100,true]},"uagb_author_info":{"display_name":"admin","author_link":"https:\/\/www.ferberpainting.com\/se\/author\/"},"uagb_comment_info":10,"uagb_excerpt":"Optimal protection against weather.\u00a0This slate roof waterproofer is specially formulated to provide long-lasting protection against water infiltration and humidity. Thanks to its advanced formula, this product deeply penetrates the surface of the slate, forming an invisible barrier that prevents water from seeping in while allowing the roof to breathe. It helps preserve the integrity of&hellip;","_links":{"self":[{"href":"https:\/\/www.ferberpainting.com\/se\/wp-json\/wp\/v2\/product\/25309","targetHints":{"allow":["GET"]}}],"collection":[{"href":"https:\/\/www.ferberpainting.com\/se\/wp-json\/wp\/v2\/product"}],"about":[{"href":"https:\/\/www.ferberpainting.com\/se\/wp-json\/wp\/v2\/types\/product"}],"replies":[{"embeddable":true,"href":"https:\/\/www.ferberpainting.com\/se\/wp-json\/wp\/v2\/comments?post=25309"}],"version-history":[{"count":3,"href":"https:\/\/www.ferberpainting.com\/se\/wp-json\/wp\/v2\/product\/25309\/revisions"}],"predecessor-version":[{"id":167299,"href":"https:\/\/www.ferberpainting.com\/se\/wp-json\/wp\/v2\/product\/25309\/revisions\/167299"}],"wp:featuredmedia":[{"embeddable":true,"href":"https:\/\/www.ferberpainting.com\/se\/wp-json\/wp\/v2\/media\/35987"}],"wp:attachment":[{"href":"https:\/\/www.ferberpainting.com\/se\/wp-json\/wp\/v2\/media?parent=25309"}],"wp:term":[{"taxonomy":"product_brand","embeddable":true,"href":"https:\/\/www.ferberpainting.com\/se\/wp-json\/wp\/v2\/product_brand?post=25309"},{"taxonomy":"product_cat","embeddable":true,"href":"https:\/\/www.ferberpainting.com\/se\/wp-json\/wp\/v2\/product_cat?post=25309"},{"taxonomy":"product_tag","embeddable":true,"href":"https:\/\/www.ferberpainting.com\/se\/wp-json\/wp\/v2\/product_tag?post=25309"}],"curies":[{"name":"wp","href":"https:\/\/api.w.org\/{rel}","templated":true}]}}