{"id":25306,"date":"2025-06-30T21:44:16","date_gmt":"2025-06-30T19:44:16","guid":{"rendered":"https:\/\/www.ferberpainting.com\/?post_type=product&#038;p=25296"},"modified":"2026-02-16T10:48:37","modified_gmt":"2026-02-16T09:48:37","slug":"slab-water-repellent","status":"publish","type":"product","link":"https:\/\/www.ferberpainting.com\/se\/products\/slab-water-repellent\/","title":{"rendered":"Vattenavvisande f\u00f6r betongplatta"},"content":{"rendered":"<p><strong><img decoding=\"async\" style=\"margin-right: 12px;\" src=\"https:\/\/www.ferberpainting.com\/wp-content\/uploads\/2026\/02\/Check.svg\" alt=\"\" width=\"18\" height=\"15\" \/>Effektivt skydd mot fukt.<\/strong>\u00a0Plattans t\u00e4tskikt \u00e4r speciellt utformat f\u00f6r att skydda utv\u00e4ndiga plattor (i betong, cement eller andra material) mot fukt, regn och infiltration. Produkten tr\u00e4nger djupt in och skapar en osynlig barri\u00e4r som hindrar vatten fr\u00e5n att tr\u00e4nga in samtidigt som ytan kan andas. Denna behandling \u00e4r n\u00f6dv\u00e4ndig f\u00f6r att bevara plattornas integritet, s\u00e4rskilt de som uts\u00e4tts f\u00f6r h\u00e5rda v\u00e4derf\u00f6rh\u00e5llanden, t.ex. terrasser, g\u00e5ngv\u00e4gar eller uteplatser.<\/p>\n<p><strong><img decoding=\"async\" style=\"margin-right: 12px;\" src=\"https:\/\/www.ferberpainting.com\/wp-content\/uploads\/2026\/02\/Check.svg\" alt=\"\" width=\"18\" height=\"15\" \/>Pengar-tillbaka-garanti.<\/strong>\u00a0F\u00f6r att s\u00e4kerst\u00e4lla att du \u00e4r helt n\u00f6jd erbjuder vi en n\u00f6jdhets- eller \u00e5terbetalningsgaranti. Om du inte \u00e4r helt n\u00f6jd med resultatet efter att ha anv\u00e4nt impregneringsmedlet f\u00f6r plattor kan du beg\u00e4ra full \u00e5terbetalning. Detta l\u00f6fte g\u00f6r att du kan testa produkten med fullst\u00e4ndig sinnesfrid.<\/p>\n<p><strong><img decoding=\"async\" style=\"margin-right: 12px;\" src=\"https:\/\/www.ferberpainting.com\/wp-content\/uploads\/2026\/02\/Check.svg\" alt=\"\" width=\"18\" height=\"15\" \/>Kompatibel med flera ytor.<\/strong>\u00a0Plattans t\u00e4tskikt \u00e4r inte bara l\u00e4mpligt f\u00f6r betongplattor, utan \u00e4ven f\u00f6r ytor av cement, sten, murbruk, tegel och andra liknande material. Oavsett om det g\u00e4ller en betongterrass, ett stengolv utomhus eller en uteplats ger den h\u00e4r produkten ett fullgott skydd mot fukt och v\u00e4der och vind. Den \u00e4r d\u00e4rf\u00f6r idealisk f\u00f6r en m\u00e4ngd olika utomhusapplikationer och s\u00e4kerst\u00e4ller att dina golv och plattor bevaras.<\/p>\n<p><strong><img decoding=\"async\" style=\"margin-right: 12px;\" src=\"https:\/\/www.ferberpainting.com\/wp-content\/uploads\/2026\/02\/Check.svg\" alt=\"\" width=\"18\" height=\"15\" \/>Ekonomisk.<\/strong>\u00a0Denna produkt \u00e4r s\u00e4rskilt ekonomisk tack vare sin h\u00f6ga t\u00e4ckningsgrad. Beroende p\u00e5 ytans porositet t\u00e4cker 1 liter t\u00e4tskiktsmedel f\u00f6r plattor cirka 6 till 8 m\u00b2. Med en 5-litersbeh\u00e5llare kan du d\u00e4rf\u00f6r behandla mellan 30 och 40 m\u00b2 yta, beroende p\u00e5 plattornas skick och porositet. Med en s\u00e5dan t\u00e4ckning kan du skydda en stor yta samtidigt som du uppr\u00e4tth\u00e5ller en effektiv och rimlig anv\u00e4ndning av produkten.<\/p>\n<p><strong><img decoding=\"async\" style=\"margin-right: 12px;\" src=\"https:\/\/www.ferberpainting.com\/wp-content\/uploads\/2026\/02\/Check.svg\" alt=\"\" width=\"18\" height=\"15\" \/>S\u00e4kert.<\/strong>\u00a0Vattent\u00e4tningsmedlet f\u00f6r plattor \u00e4r formulerat med s\u00e4kra, giftfria ingredienser f\u00f6r anv\u00e4ndare. Det inneh\u00e5ller inga starka kemikalier, aggressiva l\u00f6sningsmedel eller h\u00e4lsofarliga komponenter. Det \u00e4r d\u00e4rf\u00f6r s\u00e4kert f\u00f6r hush\u00e5llsbruk och kan anv\u00e4ndas med sinnesfrid, f\u00f6rutsatt att normala f\u00f6rsiktighets\u00e5tg\u00e4rder f\u00f6ljs (handskar, ventilation av omr\u00e5det).<\/p>\n<p><strong><img decoding=\"async\" style=\"margin-right: 12px;\" src=\"https:\/\/www.ferberpainting.com\/wp-content\/uploads\/2026\/02\/Check.svg\" alt=\"\" width=\"18\" height=\"15\" \/>L\u00e4tt att anv\u00e4nda.<\/strong>\u00a0Denna produkt \u00e4r klar att anv\u00e4nda, vilket f\u00f6renklar appliceringen avsev\u00e4rt. Den kr\u00e4ver ingen utsp\u00e4dning, vilket g\u00f6r att du kan anv\u00e4nda den omedelbart efter \u00f6ppnandet. Applicera helt enkelt impregneringsmedlet med en spruta, pensel eller rulle, s\u00e5 tr\u00e4nger det snabbt in i ytan. Appliceringen \u00e4r snabb och kr\u00e4ver inga s\u00e4rskilda f\u00e4rdigheter, vilket g\u00f6r processen tillg\u00e4nglig f\u00f6r alla, \u00e4ven DIY-nyb\u00f6rjare.<\/p>\n<p><strong><img decoding=\"async\" style=\"margin-right: 12px;\" src=\"https:\/\/www.ferberpainting.com\/wp-content\/uploads\/2026\/02\/Check.svg\" alt=\"\" width=\"18\" height=\"15\" \/>H\u00e5llbar.<\/strong>\u00a0N\u00e4r impregneringsmedlet f\u00f6r plattor har applicerats ger det ett l\u00e5ngvarigt skydd. Den bildar en vattent\u00e4t, h\u00e5llbar och motst\u00e5ndskraftig barri\u00e4r mot olika v\u00e4derf\u00f6rh\u00e5llanden. Produkten skyddar plattor mot fukt, vattenst\u00e4nk, fl\u00e4ckar och m\u00f6gel. Skyddet kan vara i flera \u00e5r beroende p\u00e5 anv\u00e4ndning och v\u00e4derf\u00f6rh\u00e5llanden, vilket g\u00f6r att du kan h\u00e5lla dina yttre ytor i utm\u00e4rkt skick \u00f6ver tid.<\/p>\n<p><strong><img decoding=\"async\" style=\"margin-right: 12px;\" src=\"https:\/\/www.ferberpainting.com\/wp-content\/uploads\/2026\/02\/Check.svg\" alt=\"\" width=\"18\" height=\"15\" \/>Snabbtorkande.<\/strong>\u00a0Impregneringsmedlet f\u00f6r plattor \u00e4r ocks\u00e5 k\u00e4nt f\u00f6r sin snabbtorkande verkan. N\u00e4r produkten har applicerats torkar den vid ber\u00f6ring p\u00e5 cirka 1 till 2 timmar, vilket g\u00f6r att du kan anv\u00e4nda ytan snabbare. F\u00f6r fullst\u00e4ndig torkning och maximalt skydd rekommenderas dock att produkten f\u00e5r torka i 24 timmar. Den snabba torkningen g\u00f6r att de behandlade ytorna kan anv\u00e4ndas snabbare, vilket \u00e4r perfekt f\u00f6r utomhusmilj\u00f6er.<\/p>\n<h2><strong>Anv\u00e4ndning Protokoll<\/strong><\/h2>\n<ul>\n<li><strong>Ytbehandling <\/strong>: Innan du applicerar t\u00e4tskiktet \u00e4r det viktigt att plattorna \u00e4r rena, torra och fria fr\u00e5n smuts, damm, olja eller fett. Anv\u00e4nd en kvast, borste eller h\u00f6gtryckstv\u00e4tt f\u00f6r att avl\u00e4gsna all ansamlad smuts. Om det finns m\u00f6gel- eller rostfl\u00e4ckar ska du reng\u00f6ra dem innan du applicerar produkten. L\u00e5t ytan torka helt n\u00e4r den \u00e4r ren.<\/li>\n<li><strong>Produkttill\u00e4mpning <\/strong>: Impregneringsmedlet f\u00f6r plattor \u00e4r klart att anv\u00e4nda och kr\u00e4ver ingen utsp\u00e4dning. Du kan applicera den med en spruta f\u00f6r j\u00e4mn t\u00e4ckning eller med en borste eller rulle f\u00f6r mindre ytor. Se till att sprida produkten v\u00e4l \u00f6ver ytan och arbeta in den i fogar och sprickor f\u00f6r optimalt skydd. Det \u00e4r viktigt att inte l\u00e4mna obehandlade zoner.<\/li>\n<li><strong>Belopp att anv\u00e4nda <\/strong>: Beroende p\u00e5 plattornas porositet t\u00e4cker 1 liter t\u00e4tskikt f\u00f6r plattor cirka 6 till 8 m\u00b2. En 5-litersbeh\u00e5llare kan behandla mellan 30 och 40 m\u00b2. Om dina plattor \u00e4r s\u00e4rskilt por\u00f6sa kan du beh\u00f6va applicera ett andra lager f\u00f6r optimalt skydd. Var i s\u00e5 fall noga med att respektera torktiderna mellan skikten.<\/li>\n<li><strong>Torktid <\/strong>: Efter applicering torkar vattent\u00e4taren vid ber\u00f6ring p\u00e5 1 till 2 timmar. F\u00f6r maximal effektivitet rekommenderas det dock att l\u00e5ta det torka helt i 24 timmar innan ytan uts\u00e4tts f\u00f6r fukt eller vatten. Detta s\u00e4kerst\u00e4ller att skyddet \u00e4r helt p\u00e5 plats och redo att leverera l\u00e5ngsiktiga f\u00f6rdelar.<\/li>\n<li><strong>\u00c5terans\u00f6kan <\/strong>: Beroende p\u00e5 exponering f\u00f6r v\u00e4der och vind och normalt slitage kan en ny applicering beh\u00f6vas vart 2:a till 5:e \u00e5r. Reng\u00f6r d\u00e5 ytan noggrant och applicera ett nytt lager av t\u00e4tskiktet genom att f\u00f6lja samma steg som vid den f\u00f6rsta appliceringen. Genom att applicera p\u00e5 nytt n\u00e4r det beh\u00f6vs bibeh\u00e5lls fuktskyddet.<\/li>\n<li><strong>Underh\u00e5ll av behandlade ytor <\/strong>: N\u00e4r t\u00e4tskiktet \u00e4r applicerat blir det mycket enkelt att underh\u00e5lla dina plattor. Reng\u00f6r dem helt enkelt med en fuktig trasa eller svamp f\u00f6r att ta bort smuts utan att skada skyddsskiktet. Undvik slipande reng\u00f6ringsmedel som kan minska vattent\u00e4tningens effektivitet.<\/li>\n<\/ul>","protected":false},"excerpt":{"rendered":"<p>Effective protection against moisture.\u00a0The slab waterproofer is specially designed to protect exterior slabs (in concrete, cement or other materials) against moisture, rain, and infiltration. This product penetrates deeply, creating an invisible barrier that prevents water from entering while allowing the surface to breathe. This treatment is essential to preserve the integrity of slabs, especially those [&hellip;]<\/p>\n","protected":false},"featured_media":35981,"comment_status":"open","ping_status":"closed","template":"","meta":{"_uag_custom_page_level_css":"","site-sidebar-layout":"default","site-content-layout":"","ast-site-content-layout":"default","site-content-style":"default","site-sidebar-style":"default","ast-global-header-display":"","ast-banner-title-visibility":"","ast-main-header-display":"","ast-hfb-above-header-display":"","ast-hfb-below-header-display":"","ast-hfb-mobile-header-display":"","site-post-title":"","ast-breadcrumbs-content":"","ast-featured-img":"","footer-sml-layout":"","ast-disable-related-posts":"","theme-transparent-header-meta":"default","adv-header-id-meta":"","stick-header-meta":"","header-above-stick-meta":"","header-main-stick-meta":"","header-below-stick-meta":"","astra-migrate-meta-layouts":"set","ast-page-background-enabled":"default","ast-page-background-meta":{"desktop":{"background-color":"var(--ast-global-color-4)","background-image":"","background-repeat":"repeat","background-position":"center center","background-size":"auto","background-attachment":"scroll","background-type":"","background-media":"","overlay-type":"","overlay-color":"","overlay-opacity":"","overlay-gradient":""},"tablet":{"background-color":"","background-image":"","background-repeat":"repeat","background-position":"center center","background-size":"auto","background-attachment":"scroll","background-type":"","background-media":"","overlay-type":"","overlay-color":"","overlay-opacity":"","overlay-gradient":""},"mobile":{"background-color":"","background-image":"","background-repeat":"repeat","background-position":"center center","background-size":"auto","background-attachment":"scroll","background-type":"","background-media":"","overlay-type":"","overlay-color":"","overlay-opacity":"","overlay-gradient":""}},"ast-content-background-meta":{"desktop":{"background-color":"var(--ast-global-color-5)","background-image":"","background-repeat":"repeat","background-position":"center center","background-size":"auto","background-attachment":"scroll","background-type":"","background-media":"","overlay-type":"","overlay-color":"","overlay-opacity":"","overlay-gradient":""},"tablet":{"background-color":"var(--ast-global-color-5)","background-image":"","background-repeat":"repeat","background-position":"center center","background-size":"auto","background-attachment":"scroll","background-type":"","background-media":"","overlay-type":"","overlay-color":"","overlay-opacity":"","overlay-gradient":""},"mobile":{"background-color":"var(--ast-global-color-5)","background-image":"","background-repeat":"repeat","background-position":"center center","background-size":"auto","background-attachment":"scroll","background-type":"","background-media":"","overlay-type":"","overlay-color":"","overlay-opacity":"","overlay-gradient":""}}},"product_brand":[],"product_cat":[191],"product_tag":[],"class_list":{"0":"post-25306","1":"product","2":"type-product","3":"status-publish","4":"has-post-thumbnail","6":"product_cat-water-repellent","7":"desktop-align-left","8":"tablet-align-left","9":"mobile-align-left","11":"first","12":"instock","13":"sale","14":"taxable","15":"shipping-taxable","16":"purchasable","17":"product-type-variable","18":"has-default-attributes"},"spectra_custom_meta":{"_visibility":["visible"],"_shopify_product_id":["9106655379701"],"_s2w_shopify_domain":["ferberpainting.myshopify.com"],"_shopify_variant_id":["46626400698613"],"_sku":[""],"_manage_stock":["no"],"total_sales":["8"],"_tax_status":["taxable"],"_tax_class":[""],"_backorders":["no"],"_sold_individually":["no"],"_virtual":["no"],"_downloadable":["no"],"_download_limit":["-1"],"_download_expiry":["-1"],"_stock":[null],"_stock_status":["instock"],"_wc_average_rating":["5.00"],"_wc_review_count":["27"],"_product_attributes":["a:1:{s:6:\"volume\";a:6:{s:4:\"name\";s:6:\"Volume\";s:5:\"value\";s:20:\"5 liters | 25 liters\";s:8:\"position\";i:1;s:10:\"is_visible\";i:0;s:12:\"is_variation\";i:1;s:11:\"is_taxonomy\";i:0;}}"],"_product_version":["10.5.1"],"wpse_downloadable_file_names":[""],"wpse_downloadable_file_urls":[""],"_edit_last":["1"],"_default_attributes":["a:1:{s:6:\"volume\";s:8:\"5 liters\";}"],"_edit_lock":["1774074564:7773"],"_price":["29.90","129.90"],"merchant-center-availability":["yes"],"merchant-center-category":["503744"],"_thumbnail_id":["35981"],"_wp_page_template":["default"],"_wp_old_date":["2025-05-26"],"_product_image_gallery":["35982"],"site-sidebar-layout":["default"],"ast-site-content-layout":["default"],"site-content-style":["default"],"site-sidebar-style":["default"],"theme-transparent-header-meta":["default"],"_wc_rating_count":["a:1:{i:5;i:27;}"],"astra-migrate-meta-layouts":["set"],"_uag_css_file_name":["uag-css-25306.css"],"_elementor_page_assets":["a:0:{}"],"_uag_page_assets":["a:9:{s:3:\"css\";s:7133:\".uag-blocks-common-selector{z-index:var(--z-index-desktop) !important}@media(max-width: 976px){.uag-blocks-common-selector{z-index:var(--z-index-tablet) !important}}@media(max-width: 767px){.uag-blocks-common-selector{z-index:var(--z-index-mobile) !important}}.wp-block-uagb-image{display:flex}.wp-block-uagb-image__figure{position:relative;display:flex;flex-direction:column;max-width:100%;height:auto;margin:0}.wp-block-uagb-image__figure img{height:auto;display:flex;max-width:100%;transition:box-shadow .2s ease}.wp-block-uagb-image__figure>a{display:inline-block}.wp-block-uagb-image__figure figcaption{text-align:center;margin-top:.5em;margin-bottom:1em}.wp-block-uagb-image .components-placeholder.block-editor-media-placeholder .components-placeholder__instructions{align-self:center}.wp-block-uagb-image--align-left{text-align:left}.wp-block-uagb-image--align-right{text-align:right}.wp-block-uagb-image--align-center{text-align:center}.wp-block-uagb-image--align-full .wp-block-uagb-image__figure{margin-left:calc(50% - 50vw);margin-right:calc(50% - 50vw);max-width:100vw;width:100vw;height:auto}.wp-block-uagb-image--align-full .wp-block-uagb-image__figure img{height:auto;width:100% !important}.wp-block-uagb-image--align-wide .wp-block-uagb-image__figure img{height:auto;width:100%}.wp-block-uagb-image--layout-overlay__color-wrapper{position:absolute;left:0;top:0;right:0;bottom:0;opacity:.2;background:rgba(0,0,0,.5);transition:opacity .35s ease-in-out}.wp-block-uagb-image--layout-overlay-link{position:absolute;left:0;right:0;bottom:0;top:0}.wp-block-uagb-image--layout-overlay .wp-block-uagb-image__figure:hover .wp-block-uagb-image--layout-overlay__color-wrapper{opacity:1}.wp-block-uagb-image--layout-overlay__inner{position:absolute;left:15px;right:15px;bottom:15px;top:15px;display:flex;align-items:center;justify-content:center;flex-direction:column;border-color:#fff;transition:.35s ease-in-out}.wp-block-uagb-image--layout-overlay__inner.top-left,.wp-block-uagb-image--layout-overlay__inner.top-center,.wp-block-uagb-image--layout-overlay__inner.top-right{justify-content:flex-start}.wp-block-uagb-image--layout-overlay__inner.bottom-left,.wp-block-uagb-image--layout-overlay__inner.bottom-center,.wp-block-uagb-image--layout-overlay__inner.bottom-right{justify-content:flex-end}.wp-block-uagb-image--layout-overlay__inner.top-left,.wp-block-uagb-image--layout-overlay__inner.center-left,.wp-block-uagb-image--layout-overlay__inner.bottom-left{align-items:flex-start}.wp-block-uagb-image--layout-overlay__inner.top-right,.wp-block-uagb-image--layout-overlay__inner.center-right,.wp-block-uagb-image--layout-overlay__inner.bottom-right{align-items:flex-end}.wp-block-uagb-image--layout-overlay__inner .uagb-image-heading{color:#fff;transition:transform .35s,opacity .35s ease-in-out;transform:translate3d(0, 24px, 0);margin:0;line-height:1em}.wp-block-uagb-image--layout-overlay__inner .uagb-image-separator{width:30%;border-top-width:2px;border-top-color:#fff;border-top-style:solid;margin-bottom:10px;opacity:0;transition:transform .4s,opacity .4s ease-in-out;transform:translate3d(0, 30px, 0)}.wp-block-uagb-image--layout-overlay__inner .uagb-image-caption{opacity:0;overflow:visible;color:#fff;transition:transform .45s,opacity .45s ease-in-out;transform:translate3d(0, 35px, 0)}.wp-block-uagb-image--layout-overlay__inner:hover .uagb-image-heading,.wp-block-uagb-image--layout-overlay__inner:hover .uagb-image-separator,.wp-block-uagb-image--layout-overlay__inner:hover .uagb-image-caption{opacity:1;transform:translate3d(0, 0, 0)}.wp-block-uagb-image--effect-zoomin .wp-block-uagb-image__figure img,.wp-block-uagb-image--effect-zoomin .wp-block-uagb-image__figure .wp-block-uagb-image--layout-overlay__color-wrapper{transform:scale(1);transition:transform .35s ease-in-out}.wp-block-uagb-image--effect-zoomin .wp-block-uagb-image__figure:hover img,.wp-block-uagb-image--effect-zoomin .wp-block-uagb-image__figure:hover .wp-block-uagb-image--layout-overlay__color-wrapper{transform:scale(1.05)}.wp-block-uagb-image--effect-slide .wp-block-uagb-image__figure img,.wp-block-uagb-image--effect-slide .wp-block-uagb-image__figure .wp-block-uagb-image--layout-overlay__color-wrapper{width:calc(100% + 40px) !important;max-width:none !important;transform:translate3d(-40px, 0, 0);transition:transform .35s ease-in-out}.wp-block-uagb-image--effect-slide .wp-block-uagb-image__figure:hover img,.wp-block-uagb-image--effect-slide .wp-block-uagb-image__figure:hover .wp-block-uagb-image--layout-overlay__color-wrapper{transform:translate3d(0, 0, 0)}.wp-block-uagb-image--effect-grayscale img{filter:grayscale(0%);transition:.35s ease-in-out}.wp-block-uagb-image--effect-grayscale:hover img{filter:grayscale(100%)}.wp-block-uagb-image--effect-blur img{filter:blur(0);transition:.35s ease-in-out}.wp-block-uagb-image--effect-blur:hover img{filter:blur(3px)}.uagb-block-e6f939b3.wp-block-uagb-image--layout-default figure img{box-shadow: 0px 0px 0 #00000070;}.uagb-block-e6f939b3.wp-block-uagb-image .wp-block-uagb-image__figure figcaption{font-style: normal;align-self: center;}.uagb-block-e6f939b3.wp-block-uagb-image--layout-overlay figure img{box-shadow: 0px 0px 0 #00000070;}.uagb-block-e6f939b3.wp-block-uagb-image--layout-overlay .wp-block-uagb-image--layout-overlay__color-wrapper{opacity: 0.2;}.uagb-block-e6f939b3.wp-block-uagb-image--layout-overlay .wp-block-uagb-image--layout-overlay__inner{left: 15px;right: 15px;top: 15px;bottom: 15px;}.uagb-block-e6f939b3.wp-block-uagb-image--layout-overlay .wp-block-uagb-image--layout-overlay__inner .uagb-image-heading{font-style: normal;color: #fff;opacity: 1;}.uagb-block-e6f939b3.wp-block-uagb-image--layout-overlay .wp-block-uagb-image--layout-overlay__inner .uagb-image-heading a{color: #fff;}.uagb-block-e6f939b3.wp-block-uagb-image--layout-overlay .wp-block-uagb-image--layout-overlay__inner .uagb-image-caption{opacity: 0;}.uagb-block-e6f939b3.wp-block-uagb-image--layout-overlay .wp-block-uagb-image__figure:hover .wp-block-uagb-image--layout-overlay__color-wrapper{opacity: 1;}.uagb-block-e6f939b3.wp-block-uagb-image .wp-block-uagb-image--layout-overlay__inner .uagb-image-separator{width: 30%;border-top-width: 2px;border-top-color: #fff;opacity: 0;}.uagb-block-e6f939b3.wp-block-uagb-image .wp-block-uagb-image__figure img{width: px;height: auto;}.uagb-block-e6f939b3.wp-block-uagb-image .wp-block-uagb-image__figure:hover .wp-block-uagb-image--layout-overlay__inner .uagb-image-caption{opacity: 1;}.uagb-block-e6f939b3.wp-block-uagb-image .wp-block-uagb-image__figure:hover .wp-block-uagb-image--layout-overlay__inner .uagb-image-separator{opacity: 1;}.uagb-block-e6f939b3.wp-block-uagb-image--layout-default figure:hover img{box-shadow: 0px 0px 0 #00000070;}.uagb-block-e6f939b3.wp-block-uagb-image--layout-overlay figure:hover img{box-shadow: 0px 0px 0 #00000070;}@media only screen and (max-width: 976px) {.uagb-block-e6f939b3.wp-block-uagb-image .wp-block-uagb-image__figure img{width: px;height: auto;}}@media only screen and (max-width: 767px) {.uagb-block-e6f939b3.wp-block-uagb-image .wp-block-uagb-image__figure img{width: px;height: auto;}}\";s:2:\"js\";s:0:\"\";s:18:\"current_block_list\";a:13:{i:0;s:11:\"core\/search\";i:1;s:10:\"core\/group\";i:2;s:12:\"core\/heading\";i:3;s:17:\"core\/latest-posts\";i:4;s:20:\"core\/latest-comments\";i:5;s:13:\"core\/archives\";i:6;s:15:\"core\/categories\";i:7;s:14:\"core\/paragraph\";i:8;s:10:\"uagb\/image\";i:9;s:11:\"core\/spacer\";i:10;s:30:\"woocommerce\/product-categories\";i:11;s:10:\"core\/image\";i:12;s:14:\"core\/shortcode\";}s:8:\"uag_flag\";b:1;s:11:\"uag_version\";s:10:\"1777259774\";s:6:\"gfonts\";a:0:{}s:10:\"gfonts_url\";s:0:\"\";s:12:\"gfonts_files\";a:0:{}s:14:\"uag_faq_layout\";b:0;}"]},"uagb_featured_image_src":{"full":["https:\/\/www.ferberpainting.com\/wp-content\/uploads\/2025\/05\/Slab-Water-Repellent-5L.png",2560,2560,false],"thumbnail":["https:\/\/www.ferberpainting.com\/wp-content\/uploads\/2025\/05\/Slab-Water-Repellent-5L-150x150.png",150,150,true],"medium":["https:\/\/www.ferberpainting.com\/wp-content\/uploads\/2025\/05\/Slab-Water-Repellent-5L-300x300.png",300,300,true],"medium_large":["https:\/\/www.ferberpainting.com\/wp-content\/uploads\/2025\/05\/Slab-Water-Repellent-5L-768x768.png",768,768,true],"large":["https:\/\/www.ferberpainting.com\/wp-content\/uploads\/2025\/05\/Slab-Water-Repellent-5L-1024x1024.png",1024,1024,true],"1536x1536":["https:\/\/www.ferberpainting.com\/wp-content\/uploads\/2025\/05\/Slab-Water-Repellent-5L-1536x1536.png",1536,1536,true],"2048x2048":["https:\/\/www.ferberpainting.com\/wp-content\/uploads\/2025\/05\/Slab-Water-Repellent-5L-2048x2048.png",2048,2048,true],"trp-custom-language-flag":["https:\/\/www.ferberpainting.com\/wp-content\/uploads\/2025\/05\/Slab-Water-Repellent-5L-12x12.png",12,12,true],"woocommerce_thumbnail":["https:\/\/www.ferberpainting.com\/wp-content\/uploads\/2025\/05\/Slab-Water-Repellent-5L-300x300.png",300,300,true],"woocommerce_single":["https:\/\/www.ferberpainting.com\/wp-content\/uploads\/2025\/05\/Slab-Water-Repellent-5L-600x600.png",600,600,true],"woocommerce_gallery_thumbnail":["https:\/\/www.ferberpainting.com\/wp-content\/uploads\/2025\/05\/Slab-Water-Repellent-5L-100x100.png",100,100,true]},"uagb_author_info":{"display_name":"admin","author_link":"https:\/\/www.ferberpainting.com\/se\/author\/"},"uagb_comment_info":27,"uagb_excerpt":"Effective protection against moisture.\u00a0The slab waterproofer is specially designed to protect exterior slabs (in concrete, cement or other materials) against moisture, rain, and infiltration. This product penetrates deeply, creating an invisible barrier that prevents water from entering while allowing the surface to breathe. This treatment is essential to preserve the integrity of slabs, especially those&hellip;","_links":{"self":[{"href":"https:\/\/www.ferberpainting.com\/se\/wp-json\/wp\/v2\/product\/25306","targetHints":{"allow":["GET"]}}],"collection":[{"href":"https:\/\/www.ferberpainting.com\/se\/wp-json\/wp\/v2\/product"}],"about":[{"href":"https:\/\/www.ferberpainting.com\/se\/wp-json\/wp\/v2\/types\/product"}],"replies":[{"embeddable":true,"href":"https:\/\/www.ferberpainting.com\/se\/wp-json\/wp\/v2\/comments?post=25306"}],"version-history":[{"count":3,"href":"https:\/\/www.ferberpainting.com\/se\/wp-json\/wp\/v2\/product\/25306\/revisions"}],"predecessor-version":[{"id":167294,"href":"https:\/\/www.ferberpainting.com\/se\/wp-json\/wp\/v2\/product\/25306\/revisions\/167294"}],"wp:featuredmedia":[{"embeddable":true,"href":"https:\/\/www.ferberpainting.com\/se\/wp-json\/wp\/v2\/media\/35981"}],"wp:attachment":[{"href":"https:\/\/www.ferberpainting.com\/se\/wp-json\/wp\/v2\/media?parent=25306"}],"wp:term":[{"taxonomy":"product_brand","embeddable":true,"href":"https:\/\/www.ferberpainting.com\/se\/wp-json\/wp\/v2\/product_brand?post=25306"},{"taxonomy":"product_cat","embeddable":true,"href":"https:\/\/www.ferberpainting.com\/se\/wp-json\/wp\/v2\/product_cat?post=25306"},{"taxonomy":"product_tag","embeddable":true,"href":"https:\/\/www.ferberpainting.com\/se\/wp-json\/wp\/v2\/product_tag?post=25306"}],"curies":[{"name":"wp","href":"https:\/\/api.w.org\/{rel}","templated":true}]}}