{"id":25302,"date":"2025-05-26T10:30:36","date_gmt":"2025-05-26T08:30:36","guid":{"rendered":"https:\/\/www.ferberpainting.com\/products\/sink-and-basin-unblocker\/"},"modified":"2026-02-16T10:47:07","modified_gmt":"2026-02-16T09:47:07","slug":"sink-and-basin-unblocker","status":"publish","type":"product","link":"https:\/\/www.ferberpainting.com\/se\/products\/sink-and-basin-unblocker\/","title":{"rendered":"Avloppsrensare f\u00f6r diskhoar och handfat"},"content":{"rendered":"<p><strong><img decoding=\"async\" style=\"margin-right: 12px;\" src=\"https:\/\/www.ferberpainting.com\/wp-content\/uploads\/2026\/02\/Check.svg\" alt=\"\" width=\"18\" height=\"15\" \/>Snabb och effektiv borttagning av tr\u00e4skor i hush\u00e5llet.<\/strong>\u00a0Denna diskb\u00e4nks- och tv\u00e4ttst\u00e4llsrensare \u00e4r speciellt framtagen f\u00f6r att snabbt l\u00f6sa upp igens\u00e4ttningar som orsakas av matrester, fett, tv\u00e5l, h\u00e5r och andra f\u00f6roreningar som blockerar r\u00f6ren. Det verkar p\u00e5 djupet f\u00f6r att \u00e5terst\u00e4lla ett j\u00e4mnt fl\u00f6de och f\u00f6rhindra d\u00e5lig lukt som orsakas av ansamling av organiskt material i avloppet.<\/p>\n<p><strong><img decoding=\"async\" style=\"margin-right: 12px;\" src=\"https:\/\/www.ferberpainting.com\/wp-content\/uploads\/2026\/02\/Check.svg\" alt=\"\" width=\"18\" height=\"15\" \/>Pengar-tillbaka-garanti.<\/strong>\u00a0Vi har fullt f\u00f6rtroende f\u00f6r effektiviteten hos v\u00e5r diskb\u00e4nks- och tv\u00e4ttst\u00e4llsavblockerare, och det \u00e4r d\u00e4rf\u00f6r vi erbjuder en pengarna-tillbaka-garanti. Om produkten inte l\u00f6ser ditt problem efter applicering enligt rekommendationerna kan du beg\u00e4ra \u00e5terbetalning utan villkor, vilket garanterar ett s\u00e4kert och riskfritt k\u00f6p.<\/p>\n<p><strong><img decoding=\"async\" style=\"margin-right: 12px;\" src=\"https:\/\/www.ferberpainting.com\/wp-content\/uploads\/2026\/02\/Check.svg\" alt=\"\" width=\"18\" height=\"15\" \/>Kompatibel med olika typer av r\u00f6r och material.<\/strong>\u00a0Detta blockeringsmedel \u00e4r l\u00e4mpligt f\u00f6r r\u00f6r av PVC, gjutj\u00e4rn, koppar, rostfritt st\u00e5l och betong, vilket m\u00f6jligg\u00f6r anv\u00e4ndning i de flesta moderna och traditionella installationer. Den \u00e4r ocks\u00e5 kompatibel med septiktankar n\u00e4r den anv\u00e4nds i de rekommenderade doserna, vilket s\u00e4kerst\u00e4ller optimal effektivitet utan att skada den biologiska balansen i sanitetssystemet.<\/p>\n<p><strong><img decoding=\"async\" style=\"margin-right: 12px;\" src=\"https:\/\/www.ferberpainting.com\/wp-content\/uploads\/2026\/02\/Check.svg\" alt=\"\" width=\"18\" height=\"15\" \/>Ekonomisk effektivitet och optimerad dosering.<\/strong>\u00a0Tack vare den koncentrerade formeln kan 1 liter produkt behandla upp till 4 igens\u00e4ttningar, vilket ger en effektiv och ekonomisk l\u00f6sning f\u00f6r l\u00e5ngsiktigt underh\u00e5ll av r\u00f6r. Denna optimerade effektivitet minskar behovet av stora m\u00e4ngder produkt, vilket f\u00f6rl\u00e4nger anv\u00e4ndningstiden och minimerar underh\u00e5llskostnaderna.<\/p>\n<p><strong><img decoding=\"async\" style=\"margin-right: 12px;\" src=\"https:\/\/www.ferberpainting.com\/wp-content\/uploads\/2026\/02\/Check.svg\" alt=\"\" width=\"18\" height=\"15\" \/>En s\u00e4ker produkt som respekterar sanit\u00e4ra installationer.<\/strong>\u00a0Till skillnad fr\u00e5n aggressiva traditionella blockerare skadar den h\u00e4r produkten inte r\u00f6r eller t\u00e4tningar, vilket f\u00f6rhindrar risken f\u00f6r korrosion eller f\u00f6rs\u00e4mring av r\u00f6ren. Den s\u00e4kerst\u00e4ller effektiv men skonsam reng\u00f6ring av r\u00f6ren utan att orsaka f\u00f6rtida slitage p\u00e5 installationerna.<\/p>\n<p><strong><img decoding=\"async\" style=\"margin-right: 12px;\" src=\"https:\/\/www.ferberpainting.com\/wp-content\/uploads\/2026\/02\/Check.svg\" alt=\"\" width=\"18\" height=\"15\" \/>Anv\u00e4ndarv\u00e4nlighet och omedelbar effektivitet.<\/strong>\u00a0Denna avblockerare \u00e4r klar att anv\u00e4nda och kr\u00e4ver inga s\u00e4rskilda f\u00f6rberedelser. H\u00e4ll det bara direkt i det igensatta handfatet eller diskhon och l\u00e5t det verka i n\u00e5gra minuter innan du sk\u00f6ljer noggrant. Dess ultrasnabba verkan l\u00f6ser effektivt upp igens\u00e4ttningar p\u00e5 15 till 30 minuter, vilket g\u00f6r att man inte beh\u00f6ver anv\u00e4nda mekaniska metoder som en kolv eller avloppsslang.<\/p>\n<p><strong><img decoding=\"async\" style=\"margin-right: 12px;\" src=\"https:\/\/www.ferberpainting.com\/wp-content\/uploads\/2026\/02\/Check.svg\" alt=\"\" width=\"18\" height=\"15\" \/>L\u00e5ngvarig effekt och f\u00f6rebyggande av framtida tr\u00e4skor.<\/strong>\u00a0F\u00f6rutom att eliminera befintliga igens\u00e4ttningar f\u00f6rhindrar denna produkt att nya igens\u00e4ttningar bildas genom att gradvis l\u00f6sa upp ackumulerade rester. Regelbunden anv\u00e4ndning bidrar till att minska uppkomsten av nya stopp och s\u00e4kerst\u00e4ller en optimal l\u00e5ngsiktig r\u00f6rfunktion.<\/p>\n<p><strong><img decoding=\"async\" style=\"margin-right: 12px;\" src=\"https:\/\/www.ferberpainting.com\/wp-content\/uploads\/2026\/02\/Check.svg\" alt=\"\" width=\"18\" height=\"15\" \/>Omedelbar \u00e5tg\u00e4rd f\u00f6r snabbt \u00e5terst\u00e4lld komfort.<\/strong>\u00a0Vid applicering b\u00f6rjar detta blockeringsmedel l\u00f6sa upp de avlagringar som \u00e4r ansvariga f\u00f6r blockeringar, vilket m\u00f6jligg\u00f6r smidig dr\u00e4nering utan vattenstagnation. Efter en enkel sk\u00f6ljning kan diskb\u00e4nken eller tv\u00e4ttst\u00e4llet \u00e5ter anv\u00e4ndas normalt, utan obehaglig lukt och stillast\u00e5ende vatten.<\/p>\n<h2><strong>Anv\u00e4ndning Protokoll<\/strong><\/h2>\n<ul>\n<li><strong>F\u00f6rberedelse av r\u00f6r <\/strong>: F\u00f6re applicering, kontrollera att stillast\u00e5ende vatten reduceras s\u00e5 mycket som m\u00f6jligt f\u00f6r att maximera produktens effektivitet. Om n\u00f6dv\u00e4ndigt, avl\u00e4gsna manuellt synligt skr\u00e4p som h\u00e5rklumpar eller fett.<\/li>\n<li><strong>Rekommenderad dosering <\/strong>: H\u00e4ll 250 ml produkt direkt i det igensatta avloppet f\u00f6r att behandla en blockering. 1 liter kan behandla upp till 4 blockeringar. Vid sv\u00e5rare blockeringar kan en andra applicering beh\u00f6vas efter den f\u00f6rsta \u00e5tg\u00e4rden.<\/li>\n<li><strong>Till\u00e4mpning av avblockeringen <\/strong>: H\u00e4ll produkten l\u00e5ngsamt i avloppet och undvik att tills\u00e4tta vatten omedelbart efter f\u00f6r att m\u00f6jligg\u00f6ra optimal verkan.<\/li>\n<li><strong>\u00c5tg\u00e4rdstid <\/strong>: L\u00e5t verka i 15 till 30 minuter, beroende p\u00e5 hur sv\u00e5r blockeringen \u00e4r. F\u00f6r s\u00e4rskilt envisa blockeringar, l\u00e5t det sitta i upp till 1 timme innan du sk\u00f6ljer.<\/li>\n<li><strong>Sk\u00f6ljning och fl\u00f6desverifiering <\/strong>: Efter v\u00e4ntetiden, sk\u00f6lj noggrant med varmt vatten f\u00f6r att avl\u00e4gsna uppl\u00f6sta rester och s\u00e4kerst\u00e4lla optimalt fl\u00f6de. Upprepa vid behov processen vid ih\u00e5llande blockeringar.<\/li>\n<li><strong>F\u00f6rebyggande underh\u00e5ll <\/strong>: F\u00f6r att f\u00f6rhindra nya blockeringar, anv\u00e4nd en liten m\u00e4ngd produkt en g\u00e5ng i m\u00e5naden f\u00f6r att gradvis l\u00f6sa upp avlagringar och uppr\u00e4tth\u00e5lla r\u00f6rens korrekta funktion.<\/li>\n<li><strong>F\u00f6rsiktighets\u00e5tg\u00e4rder vid anv\u00e4ndning <\/strong>: Blanda inte med andra kemiska produkter, s\u00e4rskilt inte med avblockerare som inneh\u00e5ller kaustiksoda eller svavelsyra. Undvik kontakt med hud och \u00f6gon. Vid oavsiktlig kontakt, sk\u00f6lj omedelbart med rent vatten och kontakta l\u00e4kare vid behov.<\/li>\n<li><strong>F\u00f6rvaring och konservering <\/strong>: F\u00f6rvara produkten p\u00e5 en torr och tempererad plats, skyddad fr\u00e5n ljus och utom r\u00e4ckh\u00e5ll f\u00f6r barn. St\u00e4ng alltid flaskan ordentligt efter anv\u00e4ndning f\u00f6r att f\u00f6rhindra avdunstning eller f\u00f6r\u00e4ndring av l\u00f6sningen.<\/li>\n<\/ul>\n<p>Med denna avblockerare f\u00f6r diskhoar och tv\u00e4ttst\u00e4ll kan du snabbt och effektivt avl\u00e4gsna igens\u00e4ttningar och samtidigt s\u00e4kerst\u00e4lla optimalt underh\u00e5ll av dina sanit\u00e4ra installationer. Njut av l\u00e5ngvarig komfort genom att uppr\u00e4tth\u00e5lla ett j\u00e4mnt vattenfl\u00f6de och f\u00f6rebygga problem med blockeringar.<\/p>","protected":false},"excerpt":{"rendered":"<p>Fast and effective removal of household clogs.\u00a0This sink and washbasin unblocker is specially formulated to quickly dissolve clogs caused by food residues, grease, soap, hair, and other impurities that obstruct pipes. It works deeply to restore a smooth flow and prevent bad odors caused by the accumulation of organic matter in the drains. Money-back guarantee.\u00a0We [&hellip;]<\/p>\n","protected":false},"featured_media":27180,"comment_status":"open","ping_status":"closed","template":"","meta":{"_uag_custom_page_level_css":"","site-sidebar-layout":"default","site-content-layout":"","ast-site-content-layout":"default","site-content-style":"default","site-sidebar-style":"default","ast-global-header-display":"","ast-banner-title-visibility":"","ast-main-header-display":"","ast-hfb-above-header-display":"","ast-hfb-below-header-display":"","ast-hfb-mobile-header-display":"","site-post-title":"","ast-breadcrumbs-content":"","ast-featured-img":"","footer-sml-layout":"","ast-disable-related-posts":"","theme-transparent-header-meta":"default","adv-header-id-meta":"","stick-header-meta":"","header-above-stick-meta":"","header-main-stick-meta":"","header-below-stick-meta":"","astra-migrate-meta-layouts":"set","ast-page-background-enabled":"default","ast-page-background-meta":{"desktop":{"background-color":"var(--ast-global-color-4)","background-image":"","background-repeat":"repeat","background-position":"center center","background-size":"auto","background-attachment":"scroll","background-type":"","background-media":"","overlay-type":"","overlay-color":"","overlay-opacity":"","overlay-gradient":""},"tablet":{"background-color":"","background-image":"","background-repeat":"repeat","background-position":"center center","background-size":"auto","background-attachment":"scroll","background-type":"","background-media":"","overlay-type":"","overlay-color":"","overlay-opacity":"","overlay-gradient":""},"mobile":{"background-color":"","background-image":"","background-repeat":"repeat","background-position":"center center","background-size":"auto","background-attachment":"scroll","background-type":"","background-media":"","overlay-type":"","overlay-color":"","overlay-opacity":"","overlay-gradient":""}},"ast-content-background-meta":{"desktop":{"background-color":"var(--ast-global-color-5)","background-image":"","background-repeat":"repeat","background-position":"center center","background-size":"auto","background-attachment":"scroll","background-type":"","background-media":"","overlay-type":"","overlay-color":"","overlay-opacity":"","overlay-gradient":""},"tablet":{"background-color":"var(--ast-global-color-5)","background-image":"","background-repeat":"repeat","background-position":"center center","background-size":"auto","background-attachment":"scroll","background-type":"","background-media":"","overlay-type":"","overlay-color":"","overlay-opacity":"","overlay-gradient":""},"mobile":{"background-color":"var(--ast-global-color-5)","background-image":"","background-repeat":"repeat","background-position":"center center","background-size":"auto","background-attachment":"scroll","background-type":"","background-media":"","overlay-type":"","overlay-color":"","overlay-opacity":"","overlay-gradient":""}}},"product_brand":[],"product_cat":[175],"product_tag":[],"class_list":{"0":"post-25302","1":"product","2":"type-product","3":"status-publish","4":"has-post-thumbnail","6":"product_cat-cleaning-products","7":"desktop-align-left","8":"tablet-align-left","9":"mobile-align-left","11":"first","12":"instock","13":"sale","14":"taxable","15":"shipping-taxable","16":"purchasable","17":"product-type-variable","18":"has-default-attributes"},"spectra_custom_meta":{"_visibility":["visible"],"_shopify_product_id":["9062247071989"],"_s2w_shopify_domain":["ferberpainting.myshopify.com"],"_shopify_variant_id":["46488605524213"],"_sku":[""],"_manage_stock":["no"],"total_sales":["3"],"_tax_status":["taxable"],"_tax_class":[""],"_backorders":["no"],"_sold_individually":["no"],"_virtual":["no"],"_downloadable":["no"],"_download_limit":["-1"],"_download_expiry":["-1"],"_stock":[null],"_stock_status":["instock"],"_wc_average_rating":["4.71"],"_wc_review_count":["7"],"_product_attributes":["a:1:{s:6:\"volume\";a:6:{s:4:\"name\";s:6:\"Volume\";s:5:\"value\";s:20:\"5 liters | 25 liters\";s:8:\"position\";i:1;s:10:\"is_visible\";i:0;s:12:\"is_variation\";i:1;s:11:\"is_taxonomy\";i:0;}}"],"_product_version":["10.5.1"],"_thumbnail_id":["27180"],"_product_image_gallery":["27181"],"wpse_downloadable_file_names":[""],"wpse_downloadable_file_urls":[""],"_edit_last":["1"],"_default_attributes":["a:1:{s:6:\"volume\";s:8:\"5 liters\";}"],"_edit_lock":["1771235089:1"],"_price":["29.90","129.90"],"merchant-center-availability":["yes"],"merchant-center-category":["1749"],"_wp_page_template":["default"],"site-sidebar-layout":["default"],"ast-site-content-layout":["default"],"site-content-style":["default"],"site-sidebar-style":["default"],"theme-transparent-header-meta":["default"],"_wc_rating_count":["a:2:{i:4;i:2;i:5;i:5;}"],"astra-migrate-meta-layouts":["set"],"_uag_css_file_name":["uag-css-25302.css"],"_elementor_page_assets":["a:0:{}"],"_uag_page_assets":["a:9:{s:3:\"css\";s:6873:\".wp-block-uagb-image{display:flex}.wp-block-uagb-image__figure{position:relative;display:flex;flex-direction:column;max-width:100%;height:auto;margin:0}.wp-block-uagb-image__figure img{height:auto;display:flex;max-width:100%;transition:box-shadow .2s ease}.wp-block-uagb-image__figure>a{display:inline-block}.wp-block-uagb-image__figure figcaption{text-align:center;margin-top:.5em;margin-bottom:1em}.wp-block-uagb-image .components-placeholder.block-editor-media-placeholder .components-placeholder__instructions{align-self:center}.wp-block-uagb-image--align-left{text-align:left}.wp-block-uagb-image--align-right{text-align:right}.wp-block-uagb-image--align-center{text-align:center}.wp-block-uagb-image--align-full .wp-block-uagb-image__figure{margin-left:calc(50% - 50vw);margin-right:calc(50% - 50vw);max-width:100vw;width:100vw;height:auto}.wp-block-uagb-image--align-full .wp-block-uagb-image__figure img{height:auto;width:100% !important}.wp-block-uagb-image--align-wide .wp-block-uagb-image__figure img{height:auto;width:100%}.wp-block-uagb-image--layout-overlay__color-wrapper{position:absolute;left:0;top:0;right:0;bottom:0;opacity:.2;background:rgba(0,0,0,.5);transition:opacity .35s ease-in-out}.wp-block-uagb-image--layout-overlay-link{position:absolute;left:0;right:0;bottom:0;top:0}.wp-block-uagb-image--layout-overlay .wp-block-uagb-image__figure:hover .wp-block-uagb-image--layout-overlay__color-wrapper{opacity:1}.wp-block-uagb-image--layout-overlay__inner{position:absolute;left:15px;right:15px;bottom:15px;top:15px;display:flex;align-items:center;justify-content:center;flex-direction:column;border-color:#fff;transition:.35s ease-in-out}.wp-block-uagb-image--layout-overlay__inner.top-left,.wp-block-uagb-image--layout-overlay__inner.top-center,.wp-block-uagb-image--layout-overlay__inner.top-right{justify-content:flex-start}.wp-block-uagb-image--layout-overlay__inner.bottom-left,.wp-block-uagb-image--layout-overlay__inner.bottom-center,.wp-block-uagb-image--layout-overlay__inner.bottom-right{justify-content:flex-end}.wp-block-uagb-image--layout-overlay__inner.top-left,.wp-block-uagb-image--layout-overlay__inner.center-left,.wp-block-uagb-image--layout-overlay__inner.bottom-left{align-items:flex-start}.wp-block-uagb-image--layout-overlay__inner.top-right,.wp-block-uagb-image--layout-overlay__inner.center-right,.wp-block-uagb-image--layout-overlay__inner.bottom-right{align-items:flex-end}.wp-block-uagb-image--layout-overlay__inner .uagb-image-heading{color:#fff;transition:transform .35s,opacity .35s ease-in-out;transform:translate3d(0, 24px, 0);margin:0;line-height:1em}.wp-block-uagb-image--layout-overlay__inner .uagb-image-separator{width:30%;border-top-width:2px;border-top-color:#fff;border-top-style:solid;margin-bottom:10px;opacity:0;transition:transform .4s,opacity .4s ease-in-out;transform:translate3d(0, 30px, 0)}.wp-block-uagb-image--layout-overlay__inner .uagb-image-caption{opacity:0;overflow:visible;color:#fff;transition:transform .45s,opacity .45s ease-in-out;transform:translate3d(0, 35px, 0)}.wp-block-uagb-image--layout-overlay__inner:hover .uagb-image-heading,.wp-block-uagb-image--layout-overlay__inner:hover .uagb-image-separator,.wp-block-uagb-image--layout-overlay__inner:hover .uagb-image-caption{opacity:1;transform:translate3d(0, 0, 0)}.wp-block-uagb-image--effect-zoomin .wp-block-uagb-image__figure img,.wp-block-uagb-image--effect-zoomin .wp-block-uagb-image__figure .wp-block-uagb-image--layout-overlay__color-wrapper{transform:scale(1);transition:transform .35s ease-in-out}.wp-block-uagb-image--effect-zoomin .wp-block-uagb-image__figure:hover img,.wp-block-uagb-image--effect-zoomin .wp-block-uagb-image__figure:hover .wp-block-uagb-image--layout-overlay__color-wrapper{transform:scale(1.05)}.wp-block-uagb-image--effect-slide .wp-block-uagb-image__figure img,.wp-block-uagb-image--effect-slide .wp-block-uagb-image__figure .wp-block-uagb-image--layout-overlay__color-wrapper{width:calc(100% + 40px) !important;max-width:none !important;transform:translate3d(-40px, 0, 0);transition:transform .35s ease-in-out}.wp-block-uagb-image--effect-slide .wp-block-uagb-image__figure:hover img,.wp-block-uagb-image--effect-slide .wp-block-uagb-image__figure:hover .wp-block-uagb-image--layout-overlay__color-wrapper{transform:translate3d(0, 0, 0)}.wp-block-uagb-image--effect-grayscale img{filter:grayscale(0%);transition:.35s ease-in-out}.wp-block-uagb-image--effect-grayscale:hover img{filter:grayscale(100%)}.wp-block-uagb-image--effect-blur img{filter:blur(0);transition:.35s ease-in-out}.wp-block-uagb-image--effect-blur:hover img{filter:blur(3px)}.uagb-block-e6f939b3.wp-block-uagb-image--layout-default figure img{box-shadow: 0px 0px 0 #00000070;}.uagb-block-e6f939b3.wp-block-uagb-image .wp-block-uagb-image__figure figcaption{font-style: normal;align-self: center;}.uagb-block-e6f939b3.wp-block-uagb-image--layout-overlay figure img{box-shadow: 0px 0px 0 #00000070;}.uagb-block-e6f939b3.wp-block-uagb-image--layout-overlay .wp-block-uagb-image--layout-overlay__color-wrapper{opacity: 0.2;}.uagb-block-e6f939b3.wp-block-uagb-image--layout-overlay .wp-block-uagb-image--layout-overlay__inner{left: 15px;right: 15px;top: 15px;bottom: 15px;}.uagb-block-e6f939b3.wp-block-uagb-image--layout-overlay .wp-block-uagb-image--layout-overlay__inner .uagb-image-heading{font-style: normal;color: #fff;opacity: 1;}.uagb-block-e6f939b3.wp-block-uagb-image--layout-overlay .wp-block-uagb-image--layout-overlay__inner .uagb-image-heading a{color: #fff;}.uagb-block-e6f939b3.wp-block-uagb-image--layout-overlay .wp-block-uagb-image--layout-overlay__inner .uagb-image-caption{opacity: 0;}.uagb-block-e6f939b3.wp-block-uagb-image--layout-overlay .wp-block-uagb-image__figure:hover .wp-block-uagb-image--layout-overlay__color-wrapper{opacity: 1;}.uagb-block-e6f939b3.wp-block-uagb-image .wp-block-uagb-image--layout-overlay__inner .uagb-image-separator{width: 30%;border-top-width: 2px;border-top-color: #fff;opacity: 0;}.uagb-block-e6f939b3.wp-block-uagb-image .wp-block-uagb-image__figure img{width: px;height: auto;}.uagb-block-e6f939b3.wp-block-uagb-image .wp-block-uagb-image__figure:hover .wp-block-uagb-image--layout-overlay__inner .uagb-image-caption{opacity: 1;}.uagb-block-e6f939b3.wp-block-uagb-image .wp-block-uagb-image__figure:hover .wp-block-uagb-image--layout-overlay__inner .uagb-image-separator{opacity: 1;}.uagb-block-e6f939b3.wp-block-uagb-image--layout-default figure:hover img{box-shadow: 0px 0px 0 #00000070;}.uagb-block-e6f939b3.wp-block-uagb-image--layout-overlay figure:hover img{box-shadow: 0px 0px 0 #00000070;}@media only screen and (max-width: 976px) {.uagb-block-e6f939b3.wp-block-uagb-image .wp-block-uagb-image__figure img{width: px;height: auto;}}@media only screen and (max-width: 767px) {.uagb-block-e6f939b3.wp-block-uagb-image .wp-block-uagb-image__figure img{width: px;height: auto;}}\";s:2:\"js\";s:0:\"\";s:18:\"current_block_list\";a:13:{i:0;s:11:\"core\/search\";i:1;s:10:\"core\/group\";i:2;s:12:\"core\/heading\";i:3;s:17:\"core\/latest-posts\";i:4;s:20:\"core\/latest-comments\";i:5;s:13:\"core\/archives\";i:6;s:15:\"core\/categories\";i:7;s:14:\"core\/paragraph\";i:8;s:10:\"uagb\/image\";i:9;s:11:\"core\/spacer\";i:10;s:30:\"woocommerce\/product-categories\";i:11;s:10:\"core\/image\";i:12;s:14:\"core\/shortcode\";}s:8:\"uag_flag\";b:1;s:11:\"uag_version\";s:10:\"1777235755\";s:6:\"gfonts\";a:0:{}s:10:\"gfonts_url\";s:0:\"\";s:12:\"gfonts_files\";a:0:{}s:14:\"uag_faq_layout\";b:0;}"]},"uagb_featured_image_src":{"full":["https:\/\/www.ferberpainting.com\/wp-content\/uploads\/2025\/05\/SinkandBasinUnblocker5L.png",2560,2560,false],"thumbnail":["https:\/\/www.ferberpainting.com\/wp-content\/uploads\/2025\/05\/SinkandBasinUnblocker5L-150x150.png",150,150,true],"medium":["https:\/\/www.ferberpainting.com\/wp-content\/uploads\/2025\/05\/SinkandBasinUnblocker5L-300x300.png",300,300,true],"medium_large":["https:\/\/www.ferberpainting.com\/wp-content\/uploads\/2025\/05\/SinkandBasinUnblocker5L-768x768.png",768,768,true],"large":["https:\/\/www.ferberpainting.com\/wp-content\/uploads\/2025\/05\/SinkandBasinUnblocker5L-1024x1024.png",1024,1024,true],"1536x1536":["https:\/\/www.ferberpainting.com\/wp-content\/uploads\/2025\/05\/SinkandBasinUnblocker5L-1536x1536.png",1536,1536,true],"2048x2048":["https:\/\/www.ferberpainting.com\/wp-content\/uploads\/2025\/05\/SinkandBasinUnblocker5L-2048x2048.png",2048,2048,true],"trp-custom-language-flag":["https:\/\/www.ferberpainting.com\/wp-content\/uploads\/2025\/05\/SinkandBasinUnblocker5L-12x12.png",12,12,true],"woocommerce_thumbnail":["https:\/\/www.ferberpainting.com\/wp-content\/uploads\/2025\/05\/SinkandBasinUnblocker5L-300x300.png",300,300,true],"woocommerce_single":["https:\/\/www.ferberpainting.com\/wp-content\/uploads\/2025\/05\/SinkandBasinUnblocker5L-600x600.png",600,600,true],"woocommerce_gallery_thumbnail":["https:\/\/www.ferberpainting.com\/wp-content\/uploads\/2025\/05\/SinkandBasinUnblocker5L-100x100.png",100,100,true]},"uagb_author_info":{"display_name":"admin","author_link":"https:\/\/www.ferberpainting.com\/se\/author\/"},"uagb_comment_info":7,"uagb_excerpt":"Fast and effective removal of household clogs.\u00a0This sink and washbasin unblocker is specially formulated to quickly dissolve clogs caused by food residues, grease, soap, hair, and other impurities that obstruct pipes. It works deeply to restore a smooth flow and prevent bad odors caused by the accumulation of organic matter in the drains. Money-back guarantee.\u00a0We&hellip;","_links":{"self":[{"href":"https:\/\/www.ferberpainting.com\/se\/wp-json\/wp\/v2\/product\/25302","targetHints":{"allow":["GET"]}}],"collection":[{"href":"https:\/\/www.ferberpainting.com\/se\/wp-json\/wp\/v2\/product"}],"about":[{"href":"https:\/\/www.ferberpainting.com\/se\/wp-json\/wp\/v2\/types\/product"}],"replies":[{"embeddable":true,"href":"https:\/\/www.ferberpainting.com\/se\/wp-json\/wp\/v2\/comments?post=25302"}],"version-history":[{"count":3,"href":"https:\/\/www.ferberpainting.com\/se\/wp-json\/wp\/v2\/product\/25302\/revisions"}],"predecessor-version":[{"id":167291,"href":"https:\/\/www.ferberpainting.com\/se\/wp-json\/wp\/v2\/product\/25302\/revisions\/167291"}],"wp:featuredmedia":[{"embeddable":true,"href":"https:\/\/www.ferberpainting.com\/se\/wp-json\/wp\/v2\/media\/27180"}],"wp:attachment":[{"href":"https:\/\/www.ferberpainting.com\/se\/wp-json\/wp\/v2\/media?parent=25302"}],"wp:term":[{"taxonomy":"product_brand","embeddable":true,"href":"https:\/\/www.ferberpainting.com\/se\/wp-json\/wp\/v2\/product_brand?post=25302"},{"taxonomy":"product_cat","embeddable":true,"href":"https:\/\/www.ferberpainting.com\/se\/wp-json\/wp\/v2\/product_cat?post=25302"},{"taxonomy":"product_tag","embeddable":true,"href":"https:\/\/www.ferberpainting.com\/se\/wp-json\/wp\/v2\/product_tag?post=25302"}],"curies":[{"name":"wp","href":"https:\/\/api.w.org\/{rel}","templated":true}]}}