{"id":25262,"date":"2025-06-30T21:59:06","date_gmt":"2025-06-30T19:59:06","guid":{"rendered":"https:\/\/www.ferberpainting.com\/?post_type=product&#038;p=25262"},"modified":"2026-02-16T08:30:23","modified_gmt":"2026-02-16T07:30:23","slug":"roof-tile-water-repellent","status":"publish","type":"product","link":"https:\/\/www.ferberpainting.com\/se\/products\/roof-tile-water-repellent\/","title":{"rendered":"Vattenavvisande medel f\u00f6r takpannor"},"content":{"rendered":"<p><strong><img decoding=\"async\" style=\"margin-right: 12px;\" src=\"https:\/\/www.ferberpainting.com\/wp-content\/uploads\/2026\/02\/Check.svg\" alt=\"\" width=\"18\" height=\"15\" \/>Optimalt fuktskydd.<\/strong>\u00a0Detta t\u00e4tskikt f\u00f6r kakel \u00e4r speciellt formulerat f\u00f6r att ge ett f\u00f6rb\u00e4ttrat skydd mot fukt och vatteninfiltration. Det tr\u00e4nger djupt in i kakelplattorna och bildar en osynlig barri\u00e4r som \u00e4r mycket effektiv. Tack vare detta f\u00f6rhindras vatten fr\u00e5n att tr\u00e4nga in i takpannorna och taket skyddas fr\u00e5n skador som orsakas av v\u00e4der och vind - s\u00e4rskilt m\u00f6gel, fl\u00e4ckar och materialnedbrytning.<\/p>\n<p><strong><img decoding=\"async\" style=\"margin-right: 12px;\" src=\"https:\/\/www.ferberpainting.com\/wp-content\/uploads\/2026\/02\/Check.svg\" alt=\"\" width=\"18\" height=\"15\" \/>Pengar-tillbaka-garanti.<\/strong>\u00a0F\u00f6r att s\u00e4kerst\u00e4lla att du \u00e4r helt n\u00f6jd erbjuder vi en n\u00f6jdhets- eller pengarna-tillbaka-garanti. Om du inte \u00e4r helt n\u00f6jd med detta t\u00e4tskikt f\u00f6r kakel efter att ha anv\u00e4nt det, kan du beg\u00e4ra full \u00e5terbetalning. Denna returpolicy g\u00f6r att du kan k\u00f6pa produkten med tillf\u00f6rsikt, eftersom du vet att du \u00e4r t\u00e4ckt vid missn\u00f6je.<\/p>\n<p><strong><img decoding=\"async\" style=\"margin-right: 12px;\" src=\"https:\/\/www.ferberpainting.com\/wp-content\/uploads\/2026\/02\/Check.svg\" alt=\"\" width=\"18\" height=\"15\" \/>Allt-i-ett-skydd.<\/strong>\u00a0Detta t\u00e4tskikt \u00e4r inte begr\u00e4nsat till lertegel. Det kan ocks\u00e5 anv\u00e4ndas p\u00e5 andra takmaterial som betong, cement, murbruk, por\u00f6sa naturstenar och andra absorberande ytor som uts\u00e4tts f\u00f6r v\u00e4der och vind, vilket ger ett fullst\u00e4ndigt skydd f\u00f6r ditt tak.<\/p>\n<p><strong><img decoding=\"async\" style=\"margin-right: 12px;\" src=\"https:\/\/www.ferberpainting.com\/wp-content\/uploads\/2026\/02\/Check.svg\" alt=\"\" width=\"18\" height=\"15\" \/>Kostnadseffektivt.<\/strong>\u00a0Detta t\u00e4tskikt f\u00f6r kakel och klinker \u00e4r extremt ekonomiskt n\u00e4r det g\u00e4ller t\u00e4ckning. En liter t\u00e4cker i genomsnitt 6 till 8 m\u00b2 behandlad yta, beroende p\u00e5 porositet. Med en 5-litersbeh\u00e5llare kan du behandla upp till 40 m\u00b2, vilket g\u00f6r det till en prisv\u00e4rd l\u00f6sning f\u00f6r att skydda en stor takyta. Den h\u00f6ga effektiviteten inneb\u00e4r ocks\u00e5 att du inte beh\u00f6ver \u00e5terapplicera produkten ofta, samtidigt som du f\u00e5r ett l\u00e5ngvarigt skydd.<\/p>\n<p><strong><img decoding=\"async\" style=\"margin-right: 12px;\" src=\"https:\/\/www.ferberpainting.com\/wp-content\/uploads\/2026\/02\/Check.svg\" alt=\"\" width=\"18\" height=\"15\" \/>S\u00e4ker att anv\u00e4nda.<\/strong>\u00a0Detta t\u00e4tskikt f\u00f6r kakel \u00e4r utformat f\u00f6r att vara helt s\u00e4kert. Det inneh\u00e5ller inga starka kemikalier och \u00e4r milj\u00f6v\u00e4nligt. Du kan applicera det s\u00e4kert b\u00e5de inomhus och utomhus, utan risk f\u00f6r din eller dina n\u00e4ra och k\u00e4ras h\u00e4lsa. Som med alla behandlingsprodukter rekommenderas dock att du b\u00e4r handskar och skyddsglas\u00f6gon, s\u00e4rskilt om du arbetar i slutna utrymmen.<\/p>\n<p><strong><img decoding=\"async\" style=\"margin-right: 12px;\" src=\"https:\/\/www.ferberpainting.com\/wp-content\/uploads\/2026\/02\/Check.svg\" alt=\"\" width=\"18\" height=\"15\" \/>L\u00e4tt att applicera.<\/strong>\u00a0Produkten \u00e4r klar att anv\u00e4nda, vilket g\u00f6r den extremt enkel att applicera. Ingen utsp\u00e4dning kr\u00e4vs - applicera den bara direkt p\u00e5 kakelytan med hj\u00e4lp av en spruta, pensel eller roller. Appliceringen g\u00e5r snabbt och kr\u00e4ver ingen specialutrustning, vilket g\u00f6r den enkel att anv\u00e4nda f\u00f6r b\u00e5de hemmafixare och proffs. Dessutom l\u00e4mnar den inga synliga rester, vilket garanterar ett rent och estetiskt resultat.<\/p>\n<p><strong><img decoding=\"async\" style=\"margin-right: 12px;\" src=\"https:\/\/www.ferberpainting.com\/wp-content\/uploads\/2026\/02\/Check.svg\" alt=\"\" width=\"18\" height=\"15\" \/>L\u00e5ngsiktig h\u00e5llbarhet.<\/strong>\u00a0Detta t\u00e4tskikt \u00e4r utformat f\u00f6r att ge ett l\u00e5ngvarigt skydd. N\u00e4r det applicerats bildar det en osynlig men mycket motst\u00e5ndskraftig barri\u00e4r mot fukt. Beroende p\u00e5 v\u00e4derf\u00f6rh\u00e5llanden och exponering kan dess skyddande effekt vara mellan 2 och 5 \u00e5r. Denna h\u00e5llbarhet minskar behovet av frekvent underh\u00e5ll och s\u00e4kerst\u00e4ller ett konstant skydd mot vatteninfiltration.<\/p>\n<p><strong><img decoding=\"async\" style=\"margin-right: 12px;\" src=\"https:\/\/www.ferberpainting.com\/wp-content\/uploads\/2026\/02\/Check.svg\" alt=\"\" width=\"18\" height=\"15\" \/>Snabb applicering och torkning.<\/strong>\u00a0Detta t\u00e4tskikt f\u00f6r kakel \u00e4r k\u00e4nt f\u00f6r sin snabba verkan. N\u00e4r det har sprayats eller applicerats tr\u00e4nger det snabbt in i kakelplattornas porer och ger skydd p\u00e5 mycket kort tid. Torktiden \u00e4r ocks\u00e5 snabb. Efter applicering kan du i allm\u00e4nhet r\u00f6ra ytan efter 1 till 2 timmar. F\u00f6r att s\u00e4kerst\u00e4lla full effektivitet rekommenderas dock att produkten f\u00e5r torka helt i 24 timmar innan den uts\u00e4tts f\u00f6r fukt.<\/p>\n<h2><strong>Anv\u00e4ndning Protokoll<\/strong><\/h2>\n<ul>\n<li><strong>F\u00f6rberedelse av ytan <\/strong>: Innan du applicerar t\u00e4tskiktet ska du se till att ytan \u00e4r ren, torr och fri fr\u00e5n smuts, mossa eller skr\u00e4p. Reng\u00f6r vid behov taket med h\u00f6gtryckstv\u00e4tt eller kvast. Om det finns mossa eller lav rekommenderas en antimossbehandling f\u00f6re appliceringen. Se till att taket \u00e4r helt torrt innan du applicerar impregneringsmedlet.<\/li>\n<li><strong>Produkttill\u00e4mpning <\/strong>: Detta vattenskyddsmedel \u00e4r f\u00e4rdigt att anv\u00e4nda och kr\u00e4ver ingen utsp\u00e4dning. Applicera det med spruta, roller eller pensel. Om du anv\u00e4nder en spruta ska du h\u00e5lla ett avst\u00e5nd p\u00e5 ca 30 cm fr\u00e5n ytan och applicera ett j\u00e4mnt lager. Om du anv\u00e4nder en roller eller pensel, se till att applicera en gener\u00f6s m\u00e4ngd utan att m\u00e4tta plattorna. Arbeta j\u00e4mnt f\u00f6r att s\u00e4kerst\u00e4lla fullst\u00e4ndig t\u00e4ckning.<\/li>\n<li><strong>Antal att anv\u00e4nda <\/strong>: I genomsnitt t\u00e4cker en liter t\u00e4tskikt f\u00f6r kakel 6 till 8 m\u00b2, beroende p\u00e5 porositet. F\u00f6r s\u00e4rskilt por\u00f6sa plattor kan ett andra lager beh\u00f6vas f\u00f6r maximalt skydd. En 5-litersbeh\u00e5llare r\u00e4cker f\u00f6r att t\u00e4cka ca 40 m\u00b2 kakelyta.<\/li>\n<li><strong>Torktid <\/strong>: Efter applicering \u00e4r torktiden i allm\u00e4nhet 1 till 2 timmar. I allm\u00e4nhet kan du r\u00f6ra vid ytan efter denna period. F\u00f6r optimalt skydd rekommenderas dock att man v\u00e4ntar 24 timmar innan taket uts\u00e4tts f\u00f6r fukt. Denna torktid g\u00f6r att produkten kan tr\u00e4nga in helt och bilda en vattenavvisande barri\u00e4r.<\/li>\n<li><strong>\u00c5terans\u00f6kan <\/strong>: Beroende p\u00e5 v\u00e4derexponering och naturligt slitage kan du beh\u00f6va \u00e5terapplicera impregneringsmedlet vart 2:a till 5:e \u00e5r f\u00f6r att bibeh\u00e5lla optimalt skydd. F\u00f6r b\u00e4sta resultat, applicera efter reng\u00f6ring av ytan f\u00f6r att ta bort eventuell ansamlad smuts.<\/li>\n<li><strong>Underh\u00e5ll <\/strong>: Denna vattent\u00e4tare f\u00f6r kakel kr\u00e4ver inte komplicerat underh\u00e5ll. Vi rekommenderar att du reng\u00f6r ytan med tv\u00e5lvatten och en mjuk borste eller kvast. Undvik att anv\u00e4nda h\u00f6gtryckstv\u00e4tt eller starka kemikalier, som kan skada det skyddande skiktet. Regelbundet takunderh\u00e5ll kan f\u00f6rl\u00e4nga livsl\u00e4ngden p\u00e5 dina plattor och t\u00e4tskiktet.<\/li>\n<\/ul>\n<p>Sammanfattningsvis \u00e4r detta t\u00e4tskikt f\u00f6r takpannor en effektiv och praktisk l\u00f6sning f\u00f6r att skydda ditt tak mot vatteninfiltration och fukt. Tack vare den enkla appliceringen, den l\u00e5nga h\u00e5llbarheten och den h\u00f6ga prestandan \u00e4r det en utm\u00e4rkt investering f\u00f6r att bevara kvaliteten och integriteten hos dina takpannor samtidigt som du minskar underh\u00e5llsbehovet.<\/p>","protected":false},"excerpt":{"rendered":"<p>Optimal Moisture Protection.\u00a0This tile waterproofer is specially formulated to provide enhanced protection against moisture and water infiltration. It penetrates deep into the tile surface to form an invisible barrier that is highly effective. Thanks to this action, it prevents water from seeping into your tiles and protects your roof from damage caused by weather\u2014especially mold, [&hellip;]<\/p>\n","protected":false},"featured_media":35996,"comment_status":"open","ping_status":"closed","template":"","meta":{"_uag_custom_page_level_css":"","site-sidebar-layout":"default","site-content-layout":"","ast-site-content-layout":"default","site-content-style":"default","site-sidebar-style":"default","ast-global-header-display":"","ast-banner-title-visibility":"","ast-main-header-display":"","ast-hfb-above-header-display":"","ast-hfb-below-header-display":"","ast-hfb-mobile-header-display":"","site-post-title":"","ast-breadcrumbs-content":"","ast-featured-img":"","footer-sml-layout":"","ast-disable-related-posts":"","theme-transparent-header-meta":"default","adv-header-id-meta":"","stick-header-meta":"","header-above-stick-meta":"","header-main-stick-meta":"","header-below-stick-meta":"","astra-migrate-meta-layouts":"set","ast-page-background-enabled":"default","ast-page-background-meta":{"desktop":{"background-color":"var(--ast-global-color-4)","background-image":"","background-repeat":"repeat","background-position":"center center","background-size":"auto","background-attachment":"scroll","background-type":"","background-media":"","overlay-type":"","overlay-color":"","overlay-opacity":"","overlay-gradient":""},"tablet":{"background-color":"","background-image":"","background-repeat":"repeat","background-position":"center center","background-size":"auto","background-attachment":"scroll","background-type":"","background-media":"","overlay-type":"","overlay-color":"","overlay-opacity":"","overlay-gradient":""},"mobile":{"background-color":"","background-image":"","background-repeat":"repeat","background-position":"center center","background-size":"auto","background-attachment":"scroll","background-type":"","background-media":"","overlay-type":"","overlay-color":"","overlay-opacity":"","overlay-gradient":""}},"ast-content-background-meta":{"desktop":{"background-color":"var(--ast-global-color-5)","background-image":"","background-repeat":"repeat","background-position":"center center","background-size":"auto","background-attachment":"scroll","background-type":"","background-media":"","overlay-type":"","overlay-color":"","overlay-opacity":"","overlay-gradient":""},"tablet":{"background-color":"var(--ast-global-color-5)","background-image":"","background-repeat":"repeat","background-position":"center center","background-size":"auto","background-attachment":"scroll","background-type":"","background-media":"","overlay-type":"","overlay-color":"","overlay-opacity":"","overlay-gradient":""},"mobile":{"background-color":"var(--ast-global-color-5)","background-image":"","background-repeat":"repeat","background-position":"center center","background-size":"auto","background-attachment":"scroll","background-type":"","background-media":"","overlay-type":"","overlay-color":"","overlay-opacity":"","overlay-gradient":""}}},"product_brand":[],"product_cat":[191],"product_tag":[],"class_list":{"0":"post-25262","1":"product","2":"type-product","3":"status-publish","4":"has-post-thumbnail","6":"product_cat-water-repellent","7":"desktop-align-left","8":"tablet-align-left","9":"mobile-align-left","11":"first","12":"instock","13":"sale","14":"taxable","15":"shipping-taxable","16":"purchasable","17":"product-type-variable","18":"has-default-attributes"},"spectra_custom_meta":{"_visibility":["visible"],"_shopify_product_id":["9106633851125"],"_s2w_shopify_domain":["ferberpainting.myshopify.com"],"_shopify_variant_id":["46626370879733"],"_sku":[""],"_manage_stock":["no"],"total_sales":["31"],"_tax_status":["taxable"],"_tax_class":[""],"_backorders":["no"],"_sold_individually":["no"],"_virtual":["no"],"_downloadable":["no"],"_download_limit":["-1"],"_download_expiry":["-1"],"_stock":[null],"_stock_status":["instock"],"_wc_average_rating":["5.00"],"_wc_review_count":["36"],"_product_attributes":["a:1:{s:6:\"volume\";a:6:{s:4:\"name\";s:6:\"Volume\";s:5:\"value\";s:20:\"5 liters | 25 liters\";s:8:\"position\";i:1;s:10:\"is_visible\";i:0;s:12:\"is_variation\";i:1;s:11:\"is_taxonomy\";i:0;}}"],"_product_version":["10.5.1"],"wpse_downloadable_file_names":[""],"wpse_downloadable_file_urls":[""],"_edit_last":["1"],"_default_attributes":["a:1:{s:6:\"volume\";s:8:\"5 liters\";}"],"_edit_lock":["1771226885:1"],"_price":["29.90","129.90"],"merchant-center-availability":["yes"],"merchant-center-category":["503744"],"_thumbnail_id":["35996"],"_wp_page_template":["default"],"_wp_old_date":["2025-05-26"],"_product_image_gallery":["35997"],"site-sidebar-layout":["default"],"ast-site-content-layout":["default"],"site-content-style":["default"],"site-sidebar-style":["default"],"theme-transparent-header-meta":["default"],"_wc_rating_count":["a:1:{i:5;i:36;}"],"astra-migrate-meta-layouts":["set"],"_uag_css_file_name":["uag-css-25262.css"],"_elementor_page_assets":["a:0:{}"],"_uag_page_assets":["a:9:{s:3:\"css\";s:6873:\".wp-block-uagb-image{display:flex}.wp-block-uagb-image__figure{position:relative;display:flex;flex-direction:column;max-width:100%;height:auto;margin:0}.wp-block-uagb-image__figure img{height:auto;display:flex;max-width:100%;transition:box-shadow .2s ease}.wp-block-uagb-image__figure>a{display:inline-block}.wp-block-uagb-image__figure figcaption{text-align:center;margin-top:.5em;margin-bottom:1em}.wp-block-uagb-image .components-placeholder.block-editor-media-placeholder .components-placeholder__instructions{align-self:center}.wp-block-uagb-image--align-left{text-align:left}.wp-block-uagb-image--align-right{text-align:right}.wp-block-uagb-image--align-center{text-align:center}.wp-block-uagb-image--align-full .wp-block-uagb-image__figure{margin-left:calc(50% - 50vw);margin-right:calc(50% - 50vw);max-width:100vw;width:100vw;height:auto}.wp-block-uagb-image--align-full .wp-block-uagb-image__figure img{height:auto;width:100% !important}.wp-block-uagb-image--align-wide .wp-block-uagb-image__figure img{height:auto;width:100%}.wp-block-uagb-image--layout-overlay__color-wrapper{position:absolute;left:0;top:0;right:0;bottom:0;opacity:.2;background:rgba(0,0,0,.5);transition:opacity .35s ease-in-out}.wp-block-uagb-image--layout-overlay-link{position:absolute;left:0;right:0;bottom:0;top:0}.wp-block-uagb-image--layout-overlay .wp-block-uagb-image__figure:hover .wp-block-uagb-image--layout-overlay__color-wrapper{opacity:1}.wp-block-uagb-image--layout-overlay__inner{position:absolute;left:15px;right:15px;bottom:15px;top:15px;display:flex;align-items:center;justify-content:center;flex-direction:column;border-color:#fff;transition:.35s ease-in-out}.wp-block-uagb-image--layout-overlay__inner.top-left,.wp-block-uagb-image--layout-overlay__inner.top-center,.wp-block-uagb-image--layout-overlay__inner.top-right{justify-content:flex-start}.wp-block-uagb-image--layout-overlay__inner.bottom-left,.wp-block-uagb-image--layout-overlay__inner.bottom-center,.wp-block-uagb-image--layout-overlay__inner.bottom-right{justify-content:flex-end}.wp-block-uagb-image--layout-overlay__inner.top-left,.wp-block-uagb-image--layout-overlay__inner.center-left,.wp-block-uagb-image--layout-overlay__inner.bottom-left{align-items:flex-start}.wp-block-uagb-image--layout-overlay__inner.top-right,.wp-block-uagb-image--layout-overlay__inner.center-right,.wp-block-uagb-image--layout-overlay__inner.bottom-right{align-items:flex-end}.wp-block-uagb-image--layout-overlay__inner .uagb-image-heading{color:#fff;transition:transform .35s,opacity .35s ease-in-out;transform:translate3d(0, 24px, 0);margin:0;line-height:1em}.wp-block-uagb-image--layout-overlay__inner .uagb-image-separator{width:30%;border-top-width:2px;border-top-color:#fff;border-top-style:solid;margin-bottom:10px;opacity:0;transition:transform .4s,opacity .4s ease-in-out;transform:translate3d(0, 30px, 0)}.wp-block-uagb-image--layout-overlay__inner .uagb-image-caption{opacity:0;overflow:visible;color:#fff;transition:transform .45s,opacity .45s ease-in-out;transform:translate3d(0, 35px, 0)}.wp-block-uagb-image--layout-overlay__inner:hover .uagb-image-heading,.wp-block-uagb-image--layout-overlay__inner:hover .uagb-image-separator,.wp-block-uagb-image--layout-overlay__inner:hover .uagb-image-caption{opacity:1;transform:translate3d(0, 0, 0)}.wp-block-uagb-image--effect-zoomin .wp-block-uagb-image__figure img,.wp-block-uagb-image--effect-zoomin .wp-block-uagb-image__figure .wp-block-uagb-image--layout-overlay__color-wrapper{transform:scale(1);transition:transform .35s ease-in-out}.wp-block-uagb-image--effect-zoomin .wp-block-uagb-image__figure:hover img,.wp-block-uagb-image--effect-zoomin .wp-block-uagb-image__figure:hover .wp-block-uagb-image--layout-overlay__color-wrapper{transform:scale(1.05)}.wp-block-uagb-image--effect-slide .wp-block-uagb-image__figure img,.wp-block-uagb-image--effect-slide .wp-block-uagb-image__figure .wp-block-uagb-image--layout-overlay__color-wrapper{width:calc(100% + 40px) !important;max-width:none !important;transform:translate3d(-40px, 0, 0);transition:transform .35s ease-in-out}.wp-block-uagb-image--effect-slide .wp-block-uagb-image__figure:hover img,.wp-block-uagb-image--effect-slide .wp-block-uagb-image__figure:hover .wp-block-uagb-image--layout-overlay__color-wrapper{transform:translate3d(0, 0, 0)}.wp-block-uagb-image--effect-grayscale img{filter:grayscale(0%);transition:.35s ease-in-out}.wp-block-uagb-image--effect-grayscale:hover img{filter:grayscale(100%)}.wp-block-uagb-image--effect-blur img{filter:blur(0);transition:.35s ease-in-out}.wp-block-uagb-image--effect-blur:hover img{filter:blur(3px)}.uagb-block-e6f939b3.wp-block-uagb-image--layout-default figure img{box-shadow: 0px 0px 0 #00000070;}.uagb-block-e6f939b3.wp-block-uagb-image .wp-block-uagb-image__figure figcaption{font-style: normal;align-self: center;}.uagb-block-e6f939b3.wp-block-uagb-image--layout-overlay figure img{box-shadow: 0px 0px 0 #00000070;}.uagb-block-e6f939b3.wp-block-uagb-image--layout-overlay .wp-block-uagb-image--layout-overlay__color-wrapper{opacity: 0.2;}.uagb-block-e6f939b3.wp-block-uagb-image--layout-overlay .wp-block-uagb-image--layout-overlay__inner{left: 15px;right: 15px;top: 15px;bottom: 15px;}.uagb-block-e6f939b3.wp-block-uagb-image--layout-overlay .wp-block-uagb-image--layout-overlay__inner .uagb-image-heading{font-style: normal;color: #fff;opacity: 1;}.uagb-block-e6f939b3.wp-block-uagb-image--layout-overlay .wp-block-uagb-image--layout-overlay__inner .uagb-image-heading a{color: #fff;}.uagb-block-e6f939b3.wp-block-uagb-image--layout-overlay .wp-block-uagb-image--layout-overlay__inner .uagb-image-caption{opacity: 0;}.uagb-block-e6f939b3.wp-block-uagb-image--layout-overlay .wp-block-uagb-image__figure:hover .wp-block-uagb-image--layout-overlay__color-wrapper{opacity: 1;}.uagb-block-e6f939b3.wp-block-uagb-image .wp-block-uagb-image--layout-overlay__inner .uagb-image-separator{width: 30%;border-top-width: 2px;border-top-color: #fff;opacity: 0;}.uagb-block-e6f939b3.wp-block-uagb-image .wp-block-uagb-image__figure img{width: px;height: auto;}.uagb-block-e6f939b3.wp-block-uagb-image .wp-block-uagb-image__figure:hover .wp-block-uagb-image--layout-overlay__inner .uagb-image-caption{opacity: 1;}.uagb-block-e6f939b3.wp-block-uagb-image .wp-block-uagb-image__figure:hover .wp-block-uagb-image--layout-overlay__inner .uagb-image-separator{opacity: 1;}.uagb-block-e6f939b3.wp-block-uagb-image--layout-default figure:hover img{box-shadow: 0px 0px 0 #00000070;}.uagb-block-e6f939b3.wp-block-uagb-image--layout-overlay figure:hover img{box-shadow: 0px 0px 0 #00000070;}@media only screen and (max-width: 976px) {.uagb-block-e6f939b3.wp-block-uagb-image .wp-block-uagb-image__figure img{width: px;height: auto;}}@media only screen and (max-width: 767px) {.uagb-block-e6f939b3.wp-block-uagb-image .wp-block-uagb-image__figure img{width: px;height: auto;}}\";s:2:\"js\";s:0:\"\";s:18:\"current_block_list\";a:13:{i:0;s:11:\"core\/search\";i:1;s:10:\"core\/group\";i:2;s:12:\"core\/heading\";i:3;s:17:\"core\/latest-posts\";i:4;s:20:\"core\/latest-comments\";i:5;s:13:\"core\/archives\";i:6;s:15:\"core\/categories\";i:7;s:14:\"core\/paragraph\";i:8;s:10:\"uagb\/image\";i:9;s:11:\"core\/spacer\";i:10;s:30:\"woocommerce\/product-categories\";i:11;s:10:\"core\/image\";i:12;s:14:\"core\/shortcode\";}s:8:\"uag_flag\";b:1;s:11:\"uag_version\";s:10:\"1777262865\";s:6:\"gfonts\";a:0:{}s:10:\"gfonts_url\";s:0:\"\";s:12:\"gfonts_files\";a:0:{}s:14:\"uag_faq_layout\";b:0;}"]},"uagb_featured_image_src":{"full":["https:\/\/www.ferberpainting.com\/wp-content\/uploads\/2025\/05\/Roof-Tile-Water-Repellent-5L-.png",2560,2560,false],"thumbnail":["https:\/\/www.ferberpainting.com\/wp-content\/uploads\/2025\/05\/Roof-Tile-Water-Repellent-5L--150x150.png",150,150,true],"medium":["https:\/\/www.ferberpainting.com\/wp-content\/uploads\/2025\/05\/Roof-Tile-Water-Repellent-5L--300x300.png",300,300,true],"medium_large":["https:\/\/www.ferberpainting.com\/wp-content\/uploads\/2025\/05\/Roof-Tile-Water-Repellent-5L--768x768.png",768,768,true],"large":["https:\/\/www.ferberpainting.com\/wp-content\/uploads\/2025\/05\/Roof-Tile-Water-Repellent-5L--1024x1024.png",1024,1024,true],"1536x1536":["https:\/\/www.ferberpainting.com\/wp-content\/uploads\/2025\/05\/Roof-Tile-Water-Repellent-5L--1536x1536.png",1536,1536,true],"2048x2048":["https:\/\/www.ferberpainting.com\/wp-content\/uploads\/2025\/05\/Roof-Tile-Water-Repellent-5L--2048x2048.png",2048,2048,true],"trp-custom-language-flag":["https:\/\/www.ferberpainting.com\/wp-content\/uploads\/2025\/05\/Roof-Tile-Water-Repellent-5L--12x12.png",12,12,true],"woocommerce_thumbnail":["https:\/\/www.ferberpainting.com\/wp-content\/uploads\/2025\/05\/Roof-Tile-Water-Repellent-5L--300x300.png",300,300,true],"woocommerce_single":["https:\/\/www.ferberpainting.com\/wp-content\/uploads\/2025\/05\/Roof-Tile-Water-Repellent-5L--600x600.png",600,600,true],"woocommerce_gallery_thumbnail":["https:\/\/www.ferberpainting.com\/wp-content\/uploads\/2025\/05\/Roof-Tile-Water-Repellent-5L--100x100.png",100,100,true]},"uagb_author_info":{"display_name":"admin","author_link":"https:\/\/www.ferberpainting.com\/se\/author\/"},"uagb_comment_info":36,"uagb_excerpt":"Optimal Moisture Protection.\u00a0This tile waterproofer is specially formulated to provide enhanced protection against moisture and water infiltration. It penetrates deep into the tile surface to form an invisible barrier that is highly effective. Thanks to this action, it prevents water from seeping into your tiles and protects your roof from damage caused by weather\u2014especially mold,&hellip;","_links":{"self":[{"href":"https:\/\/www.ferberpainting.com\/se\/wp-json\/wp\/v2\/product\/25262","targetHints":{"allow":["GET"]}}],"collection":[{"href":"https:\/\/www.ferberpainting.com\/se\/wp-json\/wp\/v2\/product"}],"about":[{"href":"https:\/\/www.ferberpainting.com\/se\/wp-json\/wp\/v2\/types\/product"}],"replies":[{"embeddable":true,"href":"https:\/\/www.ferberpainting.com\/se\/wp-json\/wp\/v2\/comments?post=25262"}],"version-history":[{"count":3,"href":"https:\/\/www.ferberpainting.com\/se\/wp-json\/wp\/v2\/product\/25262\/revisions"}],"predecessor-version":[{"id":167142,"href":"https:\/\/www.ferberpainting.com\/se\/wp-json\/wp\/v2\/product\/25262\/revisions\/167142"}],"wp:featuredmedia":[{"embeddable":true,"href":"https:\/\/www.ferberpainting.com\/se\/wp-json\/wp\/v2\/media\/35996"}],"wp:attachment":[{"href":"https:\/\/www.ferberpainting.com\/se\/wp-json\/wp\/v2\/media?parent=25262"}],"wp:term":[{"taxonomy":"product_brand","embeddable":true,"href":"https:\/\/www.ferberpainting.com\/se\/wp-json\/wp\/v2\/product_brand?post=25262"},{"taxonomy":"product_cat","embeddable":true,"href":"https:\/\/www.ferberpainting.com\/se\/wp-json\/wp\/v2\/product_cat?post=25262"},{"taxonomy":"product_tag","embeddable":true,"href":"https:\/\/www.ferberpainting.com\/se\/wp-json\/wp\/v2\/product_tag?post=25262"}],"curies":[{"name":"wp","href":"https:\/\/api.w.org\/{rel}","templated":true}]}}