{"id":25023,"date":"2025-06-30T22:15:48","date_gmt":"2025-06-30T20:15:48","guid":{"rendered":"https:\/\/www.ferberpainting.com\/?post_type=product&#038;p=25023"},"modified":"2026-02-16T07:58:09","modified_gmt":"2026-02-16T06:58:09","slug":"render-water-repellent","status":"publish","type":"product","link":"https:\/\/www.ferberpainting.com\/se\/products\/render-water-repellent\/","title":{"rendered":"Vattenavvisande medel f\u00f6r puts"},"content":{"rendered":"<p><strong><img decoding=\"async\" style=\"margin-right: 12px;\" src=\"https:\/\/www.ferberpainting.com\/wp-content\/uploads\/2026\/02\/Check.svg\" alt=\"\" width=\"18\" height=\"15\" \/>Maximalt skydd mot fukt.<\/strong>\u00a0Putsens impregneringsmedel \u00e4r speciellt utformat f\u00f6r att skydda putsade ytor mot fukt, vattenintr\u00e4ngning och v\u00e4der. Den bildar en osynlig och h\u00e5llbar barri\u00e4r som hindrar vatten fr\u00e5n att tr\u00e4nga in samtidigt som ytan kan andas. Produkten \u00e4r idealisk f\u00f6r utv\u00e4ndiga fasader, s\u00e4rskilt f\u00f6r att bibeh\u00e5lla utseendet och strukturen p\u00e5 putsade v\u00e4ggar som uts\u00e4tts f\u00f6r v\u00e4der och vind.<\/p>\n<p><strong><img decoding=\"async\" style=\"margin-right: 12px;\" src=\"https:\/\/www.ferberpainting.com\/wp-content\/uploads\/2026\/02\/Check.svg\" alt=\"\" width=\"18\" height=\"15\" \/>Pengar-tillbaka-garanti.<\/strong>\u00a0Vi \u00e4r helt engagerade i kvaliteten p\u00e5 v\u00e5rt putsvattenskyddsmedel. Om du inte \u00e4r n\u00f6jd med resultatet har du r\u00e4tt till full \u00e5terbetalning. Detta g\u00f6r att du kan prova produkten riskfritt, med f\u00f6rs\u00e4kran om att om resultatet inte uppfyller dina f\u00f6rv\u00e4ntningar kan du f\u00e5 pengarna tillbaka utan kr\u00e5ngel.<\/p>\n<p><strong><img decoding=\"async\" style=\"margin-right: 12px;\" src=\"https:\/\/www.ferberpainting.com\/wp-content\/uploads\/2026\/02\/Check.svg\" alt=\"\" width=\"18\" height=\"15\" \/>Kompatibel med flera ytor.<\/strong>\u00a0Denna produkt \u00e4r m\u00e5ngsidig och l\u00e4mplig f\u00f6r en m\u00e4ngd olika putsade material. Oavsett om det \u00e4r v\u00e4ggar av cement, murbruk eller andra typer av puts tr\u00e4nger t\u00e4tskiktet in och skyddar effektivt alla dessa ytor. Det \u00e4r d\u00e4rf\u00f6r perfekt f\u00f6r m\u00e5nga yttre till\u00e4mpningar, t.ex. fasader, avgr\u00e4nsande v\u00e4ggar, tr\u00e4dg\u00e5rdsmurar eller till och med fuktiga innerv\u00e4ggar som kr\u00e4ver extra skydd.<\/p>\n<p><strong><img decoding=\"async\" style=\"margin-right: 12px;\" src=\"https:\/\/www.ferberpainting.com\/wp-content\/uploads\/2026\/02\/Check.svg\" alt=\"\" width=\"18\" height=\"15\" \/>Ekonomisk prestanda.<\/strong>\u00a0Putsv\u00e4ttemedlet \u00e4r en ekonomisk produkt tack vare sin h\u00f6ga t\u00e4ckf\u00f6rm\u00e5ga. Beroende p\u00e5 materialets porositet t\u00e4cker 1 liter mellan 6 och 8 m\u00b2. En 5-litersbeh\u00e5llare r\u00e4cker f\u00f6r att behandla en yta p\u00e5 30-40 m\u00b2, vilket inneb\u00e4r att endast en rimlig m\u00e4ngd beh\u00f6vs, vilket ger en effektiv och ekonomisk l\u00f6sning.<\/p>\n<p><strong><img decoding=\"async\" style=\"margin-right: 12px;\" src=\"https:\/\/www.ferberpainting.com\/wp-content\/uploads\/2026\/02\/Check.svg\" alt=\"\" width=\"18\" height=\"15\" \/>S\u00e4kert.<\/strong>\u00a0Rendering Waterproofer \u00e4r tillverkad av komponenter som \u00e4r s\u00e4kra f\u00f6r b\u00e5de h\u00e4lsa och milj\u00f6. Det inneh\u00e5ller inga aggressiva eller giftiga kemikalier, vilket g\u00f6r det helt s\u00e4kert f\u00f6r anv\u00e4ndarna n\u00e4r det appliceras enligt anvisningarna. Du kan applicera den p\u00e5 b\u00e5de inv\u00e4ndiga och utv\u00e4ndiga ytor utan risk f\u00f6r exponering av skadliga \u00e4mnen.<\/p>\n<p><strong><img decoding=\"async\" style=\"margin-right: 12px;\" src=\"https:\/\/www.ferberpainting.com\/wp-content\/uploads\/2026\/02\/Check.svg\" alt=\"\" width=\"18\" height=\"15\" \/>L\u00e4tt att anv\u00e4nda.<\/strong>\u00a0Produkten \u00e4r klar att anv\u00e4nda och kr\u00e4ver ingen f\u00f6rberedelse eller utsp\u00e4dning. Applicera den helt enkelt direkt p\u00e5 den rena och torra ytan. Du kan anv\u00e4nda en spruta, pensel eller roller f\u00f6r att applicera t\u00e4tskiktet, beroende p\u00e5 vad du f\u00f6redrar. Den enkla appliceringen s\u00e4kerst\u00e4ller snabb anv\u00e4ndning, \u00e4ven av anv\u00e4ndare utan tidigare erfarenhet av att applicera skyddande behandlingar.<\/p>\n<p><strong><img decoding=\"async\" style=\"margin-right: 12px;\" src=\"https:\/\/www.ferberpainting.com\/wp-content\/uploads\/2026\/02\/Check.svg\" alt=\"\" width=\"18\" height=\"15\" \/>H\u00e5llbar.<\/strong>\u00a0Vattent\u00e4tningsmedlet f\u00f6r puts \u00e4r s\u00e4rskilt l\u00e5ngvarigt. N\u00e4r det applicerats bildar det en motst\u00e5ndskraftig och h\u00e5llbar barri\u00e4r som effektivt skyddar mot fukt, m\u00f6gel och vattenst\u00e4nk. Tack vare sin h\u00e5llbarhet ger den ett l\u00e5ngvarigt skydd, vilket inneb\u00e4r att du inte beh\u00f6ver applicera den ofta. Beroende p\u00e5 klimatf\u00f6rh\u00e5llanden och naturligt slitage kan en enda applicering h\u00e5lla i flera \u00e5r.<\/p>\n<p><strong><img decoding=\"async\" style=\"margin-right: 12px;\" src=\"https:\/\/www.ferberpainting.com\/wp-content\/uploads\/2026\/02\/Check.svg\" alt=\"\" width=\"18\" height=\"15\" \/>Snabbtorkande.<\/strong>\u00a0Denna produkt \u00e4r inte bara effektiv, den torkar ocks\u00e5 snabbt. N\u00e4r impregneringen har applicerats p\u00e5 putsen torkar den inom 1 till 2 timmar. \u00c4ven om den torkar snabbt vid ber\u00f6ring rekommenderar vi att du r\u00e4knar med 24 timmars torktid f\u00f6r att s\u00e4kerst\u00e4lla optimalt skydd mot fukt och vatteninfiltration.<\/p>\n<h2><strong>Anv\u00e4ndning Protokoll<\/strong><\/h2>\n<ul>\n<li><strong>Ytbehandling <\/strong>: Innan du applicerar impregneringsmedlet m\u00e5ste du se till att den putsade ytan \u00e4r ren och torr. Om ytan \u00e4r smutsig \u00e4r det viktigt att reng\u00f6ra den med en styv borste, en h\u00f6gtryckstv\u00e4tt eller ett milt reng\u00f6ringsmedel f\u00f6r att avl\u00e4gsna all smuts, mossa, m\u00f6gel eller fl\u00e4ckar. L\u00e5t ytan torka helt efter reng\u00f6ringen innan du applicerar impregneringsmedlet.<\/li>\n<li><strong>Produkttill\u00e4mpning <\/strong>: Renderingst\u00e4tskiktet \u00e4r klart att anv\u00e4nda och kr\u00e4ver ingen utsp\u00e4dning. Applicera produkten med spruta, pensel eller roller beroende p\u00e5 ytans storlek och vad du f\u00f6redrar. Se till att applicera den j\u00e4mnt \u00f6ver hela ytan och var s\u00e4rskilt uppm\u00e4rksam p\u00e5 omr\u00e5den som \u00e4r s\u00e4rskilt utsatta, t.ex. fogar och kanter. Om ytan \u00e4r mycket por\u00f6s kan det beh\u00f6vas ett andra lager f\u00f6r maximalt skydd.<\/li>\n<li><strong>Belopp att anv\u00e4nda <\/strong>: Beroende p\u00e5 ytans porositet t\u00e4cker 1 liter impregneringsmedel cirka 6 till 8 m\u00b2. D\u00e4rf\u00f6r r\u00e4cker en 5-litersbeh\u00e5llare f\u00f6r att behandla 30 till 40 m\u00b2. Det \u00e4r l\u00e4mpligt att justera m\u00e4ngden som anv\u00e4nds baserat p\u00e5 ytans porositet f\u00f6r att s\u00e4kerst\u00e4lla full och j\u00e4mn t\u00e4ckning.<\/li>\n<li><strong>Torktid <\/strong>: Efter applicering torkar produkten vid ber\u00f6ring inom 1 till 2 timmar. F\u00f6r att s\u00e4kerst\u00e4lla optimalt skydd rekommenderas dock att du v\u00e4ntar 24 timmar innan du s\u00e4tter ytan i kontakt med vatten eller uts\u00e4tter den f\u00f6r fuktiga f\u00f6rh\u00e5llanden. Detta g\u00f6r att produkten kan tr\u00e4nga in helt och bilda en l\u00e5ngvarig vattent\u00e4t barri\u00e4r.<\/li>\n<li><strong>\u00c5terans\u00f6kan <\/strong>: Beroende p\u00e5 klimatf\u00f6rh\u00e5llanden och naturligt slitage kan t\u00e4tskiktet beh\u00f6va appliceras p\u00e5 nytt vart 2:a till 5:e \u00e5r. F\u00f6r att g\u00f6ra det, reng\u00f6r ytan igen och applicera ett nytt lager av vattent\u00e4tare. Detta hj\u00e4lper till att uppr\u00e4tth\u00e5lla ett effektivt fuktskydd p\u00e5 l\u00e5ng sikt.<\/li>\n<li><strong>Underh\u00e5ll av ytor <\/strong>: Putsens impregneringsmedel g\u00f6r det l\u00e4ttare att underh\u00e5lla behandlade ytor. Efter applicering blir ytan mer motst\u00e5ndskraftig mot fl\u00e4ckar och smuts. F\u00f6r att reng\u00f6ra ytan, tv\u00e4tta helt enkelt med vatten och en mjuk svamp eller trasa. Undvik slipande reng\u00f6ringsmedel som kan minska t\u00e4tskiktets effektivitet.<\/li>\n<\/ul>","protected":false},"excerpt":{"rendered":"<p>Maximum protection against moisture.\u00a0The render waterproofer is specially designed to protect rendered surfaces against moisture, water penetration, and weather. It forms an invisible and durable barrier that prevents water from seeping in while allowing the surface to breathe. This product is ideal for exterior facades, especially for maintaining the appearance and structure of rendered walls [&hellip;]<\/p>\n","protected":false},"featured_media":36011,"comment_status":"open","ping_status":"closed","template":"","meta":{"_uag_custom_page_level_css":"","site-sidebar-layout":"default","site-content-layout":"","ast-site-content-layout":"default","site-content-style":"default","site-sidebar-style":"default","ast-global-header-display":"","ast-banner-title-visibility":"","ast-main-header-display":"","ast-hfb-above-header-display":"","ast-hfb-below-header-display":"","ast-hfb-mobile-header-display":"","site-post-title":"","ast-breadcrumbs-content":"","ast-featured-img":"","footer-sml-layout":"","ast-disable-related-posts":"","theme-transparent-header-meta":"default","adv-header-id-meta":"","stick-header-meta":"","header-above-stick-meta":"","header-main-stick-meta":"","header-below-stick-meta":"","astra-migrate-meta-layouts":"set","ast-page-background-enabled":"default","ast-page-background-meta":{"desktop":{"background-color":"var(--ast-global-color-4)","background-image":"","background-repeat":"repeat","background-position":"center center","background-size":"auto","background-attachment":"scroll","background-type":"","background-media":"","overlay-type":"","overlay-color":"","overlay-opacity":"","overlay-gradient":""},"tablet":{"background-color":"","background-image":"","background-repeat":"repeat","background-position":"center center","background-size":"auto","background-attachment":"scroll","background-type":"","background-media":"","overlay-type":"","overlay-color":"","overlay-opacity":"","overlay-gradient":""},"mobile":{"background-color":"","background-image":"","background-repeat":"repeat","background-position":"center center","background-size":"auto","background-attachment":"scroll","background-type":"","background-media":"","overlay-type":"","overlay-color":"","overlay-opacity":"","overlay-gradient":""}},"ast-content-background-meta":{"desktop":{"background-color":"var(--ast-global-color-5)","background-image":"","background-repeat":"repeat","background-position":"center center","background-size":"auto","background-attachment":"scroll","background-type":"","background-media":"","overlay-type":"","overlay-color":"","overlay-opacity":"","overlay-gradient":""},"tablet":{"background-color":"var(--ast-global-color-5)","background-image":"","background-repeat":"repeat","background-position":"center center","background-size":"auto","background-attachment":"scroll","background-type":"","background-media":"","overlay-type":"","overlay-color":"","overlay-opacity":"","overlay-gradient":""},"mobile":{"background-color":"var(--ast-global-color-5)","background-image":"","background-repeat":"repeat","background-position":"center center","background-size":"auto","background-attachment":"scroll","background-type":"","background-media":"","overlay-type":"","overlay-color":"","overlay-opacity":"","overlay-gradient":""}}},"product_brand":[],"product_cat":[191],"product_tag":[],"class_list":{"0":"post-25023","1":"product","2":"type-product","3":"status-publish","4":"has-post-thumbnail","6":"product_cat-water-repellent","7":"desktop-align-left","8":"tablet-align-left","9":"mobile-align-left","11":"first","12":"instock","13":"sale","14":"shipping-taxable","15":"purchasable","16":"product-type-variable","17":"has-default-attributes"},"spectra_custom_meta":{"_visibility":["visible"],"_shopify_product_id":["9106656788725"],"_s2w_shopify_domain":["ferberpainting.myshopify.com"],"_shopify_variant_id":["46626408562933"],"_sku":[""],"_manage_stock":["no"],"total_sales":["1"],"_tax_status":["taxable"],"_tax_class":[""],"_backorders":["no"],"_sold_individually":["no"],"_virtual":["no"],"_downloadable":["no"],"_download_limit":["-1"],"_download_expiry":["-1"],"_stock":[null],"_stock_status":["instock"],"_wc_average_rating":["5.00"],"_wc_review_count":["31"],"_product_attributes":["a:1:{s:6:\"volume\";a:6:{s:4:\"name\";s:6:\"Volume\";s:5:\"value\";s:20:\"5 liters | 25 liters\";s:8:\"position\";i:1;s:10:\"is_visible\";i:0;s:12:\"is_variation\";i:1;s:11:\"is_taxonomy\";i:0;}}"],"_product_version":["10.5.1"],"wpse_downloadable_file_names":[""],"wpse_downloadable_file_urls":[""],"_edit_last":["1"],"_default_attributes":["a:1:{s:6:\"volume\";s:8:\"5 liters\";}"],"_edit_lock":["1771224956:1"],"_price":["29.90","129.90"],"merchant-center-availability":["yes"],"merchant-center-category":["503744"],"_thumbnail_id":["36011"],"_wp_page_template":["default"],"_wp_old_date":["2025-05-26"],"_product_image_gallery":["36012"],"site-sidebar-layout":["default"],"ast-site-content-layout":["default"],"site-content-style":["default"],"site-sidebar-style":["default"],"theme-transparent-header-meta":["default"],"_wc_rating_count":["a:1:{i:5;i:31;}"],"astra-migrate-meta-layouts":["set"],"_uag_css_file_name":["uag-css-25023.css"],"_elementor_page_assets":["a:0:{}"],"_uag_page_assets":["a:9:{s:3:\"css\";s:6873:\".wp-block-uagb-image{display:flex}.wp-block-uagb-image__figure{position:relative;display:flex;flex-direction:column;max-width:100%;height:auto;margin:0}.wp-block-uagb-image__figure img{height:auto;display:flex;max-width:100%;transition:box-shadow .2s ease}.wp-block-uagb-image__figure>a{display:inline-block}.wp-block-uagb-image__figure figcaption{text-align:center;margin-top:.5em;margin-bottom:1em}.wp-block-uagb-image .components-placeholder.block-editor-media-placeholder .components-placeholder__instructions{align-self:center}.wp-block-uagb-image--align-left{text-align:left}.wp-block-uagb-image--align-right{text-align:right}.wp-block-uagb-image--align-center{text-align:center}.wp-block-uagb-image--align-full .wp-block-uagb-image__figure{margin-left:calc(50% - 50vw);margin-right:calc(50% - 50vw);max-width:100vw;width:100vw;height:auto}.wp-block-uagb-image--align-full .wp-block-uagb-image__figure img{height:auto;width:100% !important}.wp-block-uagb-image--align-wide .wp-block-uagb-image__figure img{height:auto;width:100%}.wp-block-uagb-image--layout-overlay__color-wrapper{position:absolute;left:0;top:0;right:0;bottom:0;opacity:.2;background:rgba(0,0,0,.5);transition:opacity .35s ease-in-out}.wp-block-uagb-image--layout-overlay-link{position:absolute;left:0;right:0;bottom:0;top:0}.wp-block-uagb-image--layout-overlay .wp-block-uagb-image__figure:hover .wp-block-uagb-image--layout-overlay__color-wrapper{opacity:1}.wp-block-uagb-image--layout-overlay__inner{position:absolute;left:15px;right:15px;bottom:15px;top:15px;display:flex;align-items:center;justify-content:center;flex-direction:column;border-color:#fff;transition:.35s ease-in-out}.wp-block-uagb-image--layout-overlay__inner.top-left,.wp-block-uagb-image--layout-overlay__inner.top-center,.wp-block-uagb-image--layout-overlay__inner.top-right{justify-content:flex-start}.wp-block-uagb-image--layout-overlay__inner.bottom-left,.wp-block-uagb-image--layout-overlay__inner.bottom-center,.wp-block-uagb-image--layout-overlay__inner.bottom-right{justify-content:flex-end}.wp-block-uagb-image--layout-overlay__inner.top-left,.wp-block-uagb-image--layout-overlay__inner.center-left,.wp-block-uagb-image--layout-overlay__inner.bottom-left{align-items:flex-start}.wp-block-uagb-image--layout-overlay__inner.top-right,.wp-block-uagb-image--layout-overlay__inner.center-right,.wp-block-uagb-image--layout-overlay__inner.bottom-right{align-items:flex-end}.wp-block-uagb-image--layout-overlay__inner .uagb-image-heading{color:#fff;transition:transform .35s,opacity .35s ease-in-out;transform:translate3d(0, 24px, 0);margin:0;line-height:1em}.wp-block-uagb-image--layout-overlay__inner .uagb-image-separator{width:30%;border-top-width:2px;border-top-color:#fff;border-top-style:solid;margin-bottom:10px;opacity:0;transition:transform .4s,opacity .4s ease-in-out;transform:translate3d(0, 30px, 0)}.wp-block-uagb-image--layout-overlay__inner .uagb-image-caption{opacity:0;overflow:visible;color:#fff;transition:transform .45s,opacity .45s ease-in-out;transform:translate3d(0, 35px, 0)}.wp-block-uagb-image--layout-overlay__inner:hover .uagb-image-heading,.wp-block-uagb-image--layout-overlay__inner:hover .uagb-image-separator,.wp-block-uagb-image--layout-overlay__inner:hover .uagb-image-caption{opacity:1;transform:translate3d(0, 0, 0)}.wp-block-uagb-image--effect-zoomin .wp-block-uagb-image__figure img,.wp-block-uagb-image--effect-zoomin .wp-block-uagb-image__figure .wp-block-uagb-image--layout-overlay__color-wrapper{transform:scale(1);transition:transform .35s ease-in-out}.wp-block-uagb-image--effect-zoomin .wp-block-uagb-image__figure:hover img,.wp-block-uagb-image--effect-zoomin .wp-block-uagb-image__figure:hover .wp-block-uagb-image--layout-overlay__color-wrapper{transform:scale(1.05)}.wp-block-uagb-image--effect-slide .wp-block-uagb-image__figure img,.wp-block-uagb-image--effect-slide .wp-block-uagb-image__figure .wp-block-uagb-image--layout-overlay__color-wrapper{width:calc(100% + 40px) !important;max-width:none !important;transform:translate3d(-40px, 0, 0);transition:transform .35s ease-in-out}.wp-block-uagb-image--effect-slide .wp-block-uagb-image__figure:hover img,.wp-block-uagb-image--effect-slide .wp-block-uagb-image__figure:hover .wp-block-uagb-image--layout-overlay__color-wrapper{transform:translate3d(0, 0, 0)}.wp-block-uagb-image--effect-grayscale img{filter:grayscale(0%);transition:.35s ease-in-out}.wp-block-uagb-image--effect-grayscale:hover img{filter:grayscale(100%)}.wp-block-uagb-image--effect-blur img{filter:blur(0);transition:.35s ease-in-out}.wp-block-uagb-image--effect-blur:hover img{filter:blur(3px)}.uagb-block-e6f939b3.wp-block-uagb-image--layout-default figure img{box-shadow: 0px 0px 0 #00000070;}.uagb-block-e6f939b3.wp-block-uagb-image .wp-block-uagb-image__figure figcaption{font-style: normal;align-self: center;}.uagb-block-e6f939b3.wp-block-uagb-image--layout-overlay figure img{box-shadow: 0px 0px 0 #00000070;}.uagb-block-e6f939b3.wp-block-uagb-image--layout-overlay .wp-block-uagb-image--layout-overlay__color-wrapper{opacity: 0.2;}.uagb-block-e6f939b3.wp-block-uagb-image--layout-overlay .wp-block-uagb-image--layout-overlay__inner{left: 15px;right: 15px;top: 15px;bottom: 15px;}.uagb-block-e6f939b3.wp-block-uagb-image--layout-overlay .wp-block-uagb-image--layout-overlay__inner .uagb-image-heading{font-style: normal;color: #fff;opacity: 1;}.uagb-block-e6f939b3.wp-block-uagb-image--layout-overlay .wp-block-uagb-image--layout-overlay__inner .uagb-image-heading a{color: #fff;}.uagb-block-e6f939b3.wp-block-uagb-image--layout-overlay .wp-block-uagb-image--layout-overlay__inner .uagb-image-caption{opacity: 0;}.uagb-block-e6f939b3.wp-block-uagb-image--layout-overlay .wp-block-uagb-image__figure:hover .wp-block-uagb-image--layout-overlay__color-wrapper{opacity: 1;}.uagb-block-e6f939b3.wp-block-uagb-image .wp-block-uagb-image--layout-overlay__inner .uagb-image-separator{width: 30%;border-top-width: 2px;border-top-color: #fff;opacity: 0;}.uagb-block-e6f939b3.wp-block-uagb-image .wp-block-uagb-image__figure img{width: px;height: auto;}.uagb-block-e6f939b3.wp-block-uagb-image .wp-block-uagb-image__figure:hover .wp-block-uagb-image--layout-overlay__inner .uagb-image-caption{opacity: 1;}.uagb-block-e6f939b3.wp-block-uagb-image .wp-block-uagb-image__figure:hover .wp-block-uagb-image--layout-overlay__inner .uagb-image-separator{opacity: 1;}.uagb-block-e6f939b3.wp-block-uagb-image--layout-default figure:hover img{box-shadow: 0px 0px 0 #00000070;}.uagb-block-e6f939b3.wp-block-uagb-image--layout-overlay figure:hover img{box-shadow: 0px 0px 0 #00000070;}@media only screen and (max-width: 976px) {.uagb-block-e6f939b3.wp-block-uagb-image .wp-block-uagb-image__figure img{width: px;height: auto;}}@media only screen and (max-width: 767px) {.uagb-block-e6f939b3.wp-block-uagb-image .wp-block-uagb-image__figure img{width: px;height: auto;}}\";s:2:\"js\";s:0:\"\";s:18:\"current_block_list\";a:13:{i:0;s:11:\"core\/search\";i:1;s:10:\"core\/group\";i:2;s:12:\"core\/heading\";i:3;s:17:\"core\/latest-posts\";i:4;s:20:\"core\/latest-comments\";i:5;s:13:\"core\/archives\";i:6;s:15:\"core\/categories\";i:7;s:14:\"core\/paragraph\";i:8;s:10:\"uagb\/image\";i:9;s:11:\"core\/spacer\";i:10;s:30:\"woocommerce\/product-categories\";i:11;s:10:\"core\/image\";i:12;s:14:\"core\/shortcode\";}s:8:\"uag_flag\";b:1;s:11:\"uag_version\";s:10:\"1777101788\";s:6:\"gfonts\";a:0:{}s:10:\"gfonts_url\";s:0:\"\";s:12:\"gfonts_files\";a:0:{}s:14:\"uag_faq_layout\";b:0;}"]},"uagb_featured_image_src":{"full":["https:\/\/www.ferberpainting.com\/wp-content\/uploads\/2025\/05\/Render-Water-Repellent-5L-.png",2560,2560,false],"thumbnail":["https:\/\/www.ferberpainting.com\/wp-content\/uploads\/2025\/05\/Render-Water-Repellent-5L--150x150.png",150,150,true],"medium":["https:\/\/www.ferberpainting.com\/wp-content\/uploads\/2025\/05\/Render-Water-Repellent-5L--300x300.png",300,300,true],"medium_large":["https:\/\/www.ferberpainting.com\/wp-content\/uploads\/2025\/05\/Render-Water-Repellent-5L--768x768.png",768,768,true],"large":["https:\/\/www.ferberpainting.com\/wp-content\/uploads\/2025\/05\/Render-Water-Repellent-5L--1024x1024.png",1024,1024,true],"1536x1536":["https:\/\/www.ferberpainting.com\/wp-content\/uploads\/2025\/05\/Render-Water-Repellent-5L--1536x1536.png",1536,1536,true],"2048x2048":["https:\/\/www.ferberpainting.com\/wp-content\/uploads\/2025\/05\/Render-Water-Repellent-5L--2048x2048.png",2048,2048,true],"trp-custom-language-flag":["https:\/\/www.ferberpainting.com\/wp-content\/uploads\/2025\/05\/Render-Water-Repellent-5L--12x12.png",12,12,true],"woocommerce_thumbnail":["https:\/\/www.ferberpainting.com\/wp-content\/uploads\/2025\/05\/Render-Water-Repellent-5L--300x300.png",300,300,true],"woocommerce_single":["https:\/\/www.ferberpainting.com\/wp-content\/uploads\/2025\/05\/Render-Water-Repellent-5L--600x600.png",600,600,true],"woocommerce_gallery_thumbnail":["https:\/\/www.ferberpainting.com\/wp-content\/uploads\/2025\/05\/Render-Water-Repellent-5L--100x100.png",100,100,true]},"uagb_author_info":{"display_name":"admin","author_link":"https:\/\/www.ferberpainting.com\/se\/author\/"},"uagb_comment_info":31,"uagb_excerpt":"Maximum protection against moisture.\u00a0The render waterproofer is specially designed to protect rendered surfaces against moisture, water penetration, and weather. It forms an invisible and durable barrier that prevents water from seeping in while allowing the surface to breathe. This product is ideal for exterior facades, especially for maintaining the appearance and structure of rendered walls&hellip;","_links":{"self":[{"href":"https:\/\/www.ferberpainting.com\/se\/wp-json\/wp\/v2\/product\/25023","targetHints":{"allow":["GET"]}}],"collection":[{"href":"https:\/\/www.ferberpainting.com\/se\/wp-json\/wp\/v2\/product"}],"about":[{"href":"https:\/\/www.ferberpainting.com\/se\/wp-json\/wp\/v2\/types\/product"}],"replies":[{"embeddable":true,"href":"https:\/\/www.ferberpainting.com\/se\/wp-json\/wp\/v2\/comments?post=25023"}],"version-history":[{"count":4,"href":"https:\/\/www.ferberpainting.com\/se\/wp-json\/wp\/v2\/product\/25023\/revisions"}],"predecessor-version":[{"id":167076,"href":"https:\/\/www.ferberpainting.com\/se\/wp-json\/wp\/v2\/product\/25023\/revisions\/167076"}],"wp:featuredmedia":[{"embeddable":true,"href":"https:\/\/www.ferberpainting.com\/se\/wp-json\/wp\/v2\/media\/36011"}],"wp:attachment":[{"href":"https:\/\/www.ferberpainting.com\/se\/wp-json\/wp\/v2\/media?parent=25023"}],"wp:term":[{"taxonomy":"product_brand","embeddable":true,"href":"https:\/\/www.ferberpainting.com\/se\/wp-json\/wp\/v2\/product_brand?post=25023"},{"taxonomy":"product_cat","embeddable":true,"href":"https:\/\/www.ferberpainting.com\/se\/wp-json\/wp\/v2\/product_cat?post=25023"},{"taxonomy":"product_tag","embeddable":true,"href":"https:\/\/www.ferberpainting.com\/se\/wp-json\/wp\/v2\/product_tag?post=25023"}],"curies":[{"name":"wp","href":"https:\/\/api.w.org\/{rel}","templated":true}]}}