{"id":24787,"date":"2025-05-26T10:27:09","date_gmt":"2025-05-26T08:27:09","guid":{"rendered":"https:\/\/www.ferberpainting.com\/products\/poinsettia-fertilizer\/"},"modified":"2026-02-16T07:26:36","modified_gmt":"2026-02-16T06:26:36","slug":"poinsettia-fertilizer","status":"publish","type":"product","link":"https:\/\/www.ferberpainting.com\/se\/products\/poinsettia-fertilizer\/","title":{"rendered":"G\u00f6dselmedel f\u00f6r julstj\u00e4rna"},"content":{"rendered":"<p><strong><img decoding=\"async\" style=\"margin-right: 12px;\" src=\"https:\/\/www.ferberpainting.com\/wp-content\/uploads\/2026\/02\/Check.svg\" alt=\"\" width=\"18\" height=\"15\" \/>Ett g\u00f6dselmedel som \u00e4r speciellt utformat f\u00f6r att fr\u00e4mja tillv\u00e4xt och blomning av julstj\u00e4rnor.<\/strong>\u00a0Detta balanserade g\u00f6dselmedel i kv\u00e4ve (N), fosfor (P) och kalium (K), med en NPK 15-15-15-formulering, s\u00e4kerst\u00e4ller optimal bladutveckling och livlig blomning. Det fr\u00e4mjar robusta blad, intensivt r\u00f6da skottblad och en frisk v\u00e4xt under hela dess v\u00e4xtcykel.<\/p>\n<p><strong><img decoding=\"async\" style=\"margin-right: 12px;\" src=\"https:\/\/www.ferberpainting.com\/wp-content\/uploads\/2026\/02\/Check.svg\" alt=\"\" width=\"18\" height=\"15\" \/>N\u00f6jdhetsgaranti eller pengarna tillbaka.<\/strong>\u00a0Vi \u00e4r \u00f6vertygade om kvaliteten p\u00e5 v\u00e5r produkt och erbjuder d\u00e4rf\u00f6r en n\u00f6jdhetsgaranti eller pengarna tillbaka-garanti. Om du efter anv\u00e4ndning i enlighet med rekommendationerna inte ser n\u00e5gon f\u00f6rb\u00e4ttring av tillv\u00e4xten och blomningen av din julstj\u00e4rna, lovar vi att \u00e5terbetala dig helt och h\u00e5llet.<\/p>\n<p><strong><img decoding=\"async\" style=\"margin-right: 12px;\" src=\"https:\/\/www.ferberpainting.com\/wp-content\/uploads\/2026\/02\/Check.svg\" alt=\"\" width=\"18\" height=\"15\" \/>L\u00e4mplig f\u00f6r flera typer av inomhus- och utomhusv\u00e4xter.<\/strong>\u00a0Detta g\u00f6dselmedel \u00e4r idealiskt f\u00f6r alla sorters julstj\u00e4rnor, men ocks\u00e5 f\u00f6r andra blommande inomhusv\u00e4xter som begonier, gloxinias och kalanchoes. Det fungerar ocks\u00e5 bra p\u00e5 vissa gr\u00f6na v\u00e4xter och ger dem viktiga n\u00e4rings\u00e4mnen f\u00f6r en sund tillv\u00e4xt.<\/p>\n<p><strong><img decoding=\"async\" style=\"margin-right: 12px;\" src=\"https:\/\/www.ferberpainting.com\/wp-content\/uploads\/2026\/02\/Check.svg\" alt=\"\" width=\"18\" height=\"15\" \/>Utm\u00e4rkt kostnadseffektivitet.<\/strong>\u00a0Med en dosering p\u00e5 5 ml per liter vatten kan du med en 5-litersbeh\u00e5llare bereda 1000 liter f\u00e4rdigt g\u00f6dselmedel som t\u00e4cker en l\u00e5ng befruktningsperiod. Det \u00e4r en ekonomisk och h\u00e5llbar l\u00f6sning f\u00f6r v\u00e4xtv\u00e5rd.<\/p>\n<p><strong><img decoding=\"async\" style=\"margin-right: 12px;\" src=\"https:\/\/www.ferberpainting.com\/wp-content\/uploads\/2026\/02\/Check.svg\" alt=\"\" width=\"18\" height=\"15\" \/>En produkt som \u00e4r s\u00e4ker f\u00f6r v\u00e4xter och milj\u00f6v\u00e4nlig.<\/strong>\u00a0Den balanserade n\u00e4ringsformeln f\u00f6rhindrar \u00f6verdosering och skyddar julstj\u00e4rnornas r\u00f6tter fr\u00e5n br\u00e4nnskador orsakade av \u00f6verdosering. Den har ingen negativ inverkan p\u00e5 jord eller milj\u00f6, vilket g\u00f6r den idealisk f\u00f6r frekvent inomhusanv\u00e4ndning.<\/p>\n<p><strong><img decoding=\"async\" style=\"margin-right: 12px;\" src=\"https:\/\/www.ferberpainting.com\/wp-content\/uploads\/2026\/02\/Check.svg\" alt=\"\" width=\"18\" height=\"15\" \/>L\u00e4tt att anv\u00e4nda med snabb och enkel utsp\u00e4dning.<\/strong>\u00a0Till skillnad fr\u00e5n fasta g\u00f6dselmedel som kr\u00e4ver uppl\u00f6sningstid blandas detta flytande g\u00f6dselmedel omedelbart med vatten f\u00f6r omedelbar applicering. H\u00e4ll helt enkelt den angivna dosen i bevattningsvattnet och applicera direkt vid plantans bas.<\/p>\n<p><strong><img decoding=\"async\" style=\"margin-right: 12px;\" src=\"https:\/\/www.ferberpainting.com\/wp-content\/uploads\/2026\/02\/Check.svg\" alt=\"\" width=\"18\" height=\"15\" \/>L\u00e5ngvarig effekt f\u00f6r ut\u00f6kad blomning.<\/strong>\u00a0Tack vare sin gradvisa fris\u00e4ttning s\u00e4kerst\u00e4ller detta g\u00f6dselmedel kontinuerlig n\u00e4ring till v\u00e4xten och st\u00e4rker dess motst\u00e5ndskraft mot sjukdomar och milj\u00f6stress. Det garanterar l\u00e4ngre blomning och ljusare f\u00e4rger, som varar flera m\u00e5nader efter appliceringen.<\/p>\n<p><strong><img decoding=\"async\" style=\"margin-right: 12px;\" src=\"https:\/\/www.ferberpainting.com\/wp-content\/uploads\/2026\/02\/Check.svg\" alt=\"\" width=\"18\" height=\"15\" \/>Synliga resultat redan fr\u00e5n de f\u00f6rsta veckorna.<\/strong>\u00a0Redan vid f\u00f6rsta appliceringen kommer du att se t\u00e4tare bladverk, ljusare skottblad och b\u00e4ttre motst\u00e5ndskraft mot uttorkning. Den balanserade n\u00e4ringsformeln bidrar till att \u00f6ka blomningsintensiteten och f\u00f6rb\u00e4ttra det \u00f6vergripande utseendet p\u00e5 din julstj\u00e4rna.<\/p>\n<h2>Anv\u00e4ndning Protokoll<\/h2>\n<p><strong>Rekommenderad dosering :<\/strong><\/p>\n<ul>\n<li><strong>Sm\u00e5 krukv\u00e4xter (mindre \u00e4n 30 cm) :<\/strong> Sp\u00e4d ut 5 ml g\u00f6dselmedel i 1 liter vatten och vattna en g\u00e5ng varannan vecka.<\/li>\n<li><strong>Medelstora plantor (30 till 60 cm) :<\/strong> Anv\u00e4nd 10 ml per liter vatten och vattna varannan vecka.<\/li>\n<li><strong>Stora julstj\u00e4rnor (&gt; 60 cm) :<\/strong> Applicera 15 ml per liter vatten f\u00f6r att fr\u00e4mja optimal tillv\u00e4xt och riklig blomning.<\/li>\n<\/ul>\n<p><strong>Anv\u00e4ndningsfrekvens :<\/strong><\/p>\n<ul>\n<li><strong>Spring och sommar :<\/strong> Applicera varannan vecka f\u00f6r att fr\u00e4mja en sund tillv\u00e4xt och st\u00e4rka r\u00f6tterna.<\/li>\n<li><strong>H\u00f6st och vinter (blomningsperiod) :<\/strong> \u00d6ka frekvensen till en g\u00e5ng i veckan f\u00f6r att stimulera bildandet av f\u00e4rgade h\u00f6gblad och f\u00f6rl\u00e4nga blomningen.<\/li>\n<li><strong>Vilande period (efter blomning) :<\/strong> Minska antalet appliceringar till en g\u00e5ng i m\u00e5naden och s\u00e4nk dosen f\u00f6r att undvika \u00f6verdriven bladtillv\u00e4xt.<\/li>\n<\/ul>\n<p><strong>Ans\u00f6kningsmetod :<\/strong><\/p>\n<ul>\n<li>Vattna direkt vid plantans bas och se till att inte bl\u00f6ta ner blad eller st\u00f6dblad f\u00f6r att undvika risken f\u00f6r m\u00f6gel.<\/li>\n<li>Anv\u00e4nd vatten i rumstemperatur f\u00f6r att undvika termisk chock, som kan stressa v\u00e4xten.<\/li>\n<li>Vattna inte f\u00f6r mycket f\u00f6r att undvika rotm\u00e4ttnad, vilket kan orsaka gulf\u00e4rgning av bladverket.<\/li>\n<\/ul>\n<p><strong>Anv\u00e4ndning F\u00f6rsiktighets\u00e5tg\u00e4rder :<\/strong><\/p>\n<ul>\n<li><strong>\u00d6verdosera inte<\/strong> f\u00f6r att undvika \u00f6verskott av kv\u00e4ve, vilket skulle kunna fr\u00e4mja bladtillv\u00e4xten p\u00e5 bekostnad av de r\u00f6da skaftbladen.<\/li>\n<li><strong>Applicera inte p\u00e5 ett vattendr\u00e4nkt underlag:<\/strong> V\u00e4nta tills jorden \u00e4r n\u00e5got torr innan du vattnar med utsp\u00e4dd g\u00f6dselmedel.<\/li>\n<li>Undvik att uts\u00e4tta julstj\u00e4rnan f\u00f6r direkt solljus efter befruktning f\u00f6r att f\u00f6rhindra f\u00f6r tidig torkning av bladen.<\/li>\n<\/ul>\n<p><strong>F\u00f6rvaring och konservering :<\/strong><\/p>\n<ul>\n<li>F\u00f6rvara g\u00f6dningsmedlet p\u00e5 en sval, torr plats, borta fr\u00e5n direkt ljus.<\/li>\n<li>St\u00e4ng beh\u00e5llaren ordentligt efter varje anv\u00e4ndning f\u00f6r att bevara dess g\u00f6dslande egenskaper.<\/li>\n<\/ul>\n<p>Med detta g\u00f6dselmedel f\u00f6r julstj\u00e4rnor kan du se till att din v\u00e4xt har kraftig tillv\u00e4xt, ljus blomning och l\u00e5ngvarig sk\u00f6nhet. G\u00f6dselmedlet \u00e4r idealiskt f\u00f6r firande i slutet av \u00e5ret och f\u00f6r dekorativ anv\u00e4ndning inomhus och hj\u00e4lper till att f\u00f6rh\u00f6ja din julstj\u00e4rna med bl\u00e4ndande f\u00e4rger och frodigt bladverk.<\/p>","protected":false},"excerpt":{"rendered":"<p>A fertilizer specially designed to promote the growth and blooming of poinsettias.\u00a0This balanced fertilizer in nitrogen (N), phosphorus (P), and potassium (K), with an NPK 15-15-15 formulation, ensures optimal leaf development and vibrant flowering. It promotes robust leaves, intense red bracts, and a healthy plant throughout its growing cycle. Satisfaction guaranteed or your money back.\u00a0Confident [&hellip;]<\/p>\n","protected":false},"featured_media":26635,"comment_status":"open","ping_status":"closed","template":"","meta":{"_uag_custom_page_level_css":"","site-sidebar-layout":"default","site-content-layout":"","ast-site-content-layout":"default","site-content-style":"default","site-sidebar-style":"default","ast-global-header-display":"","ast-banner-title-visibility":"","ast-main-header-display":"","ast-hfb-above-header-display":"","ast-hfb-below-header-display":"","ast-hfb-mobile-header-display":"","site-post-title":"","ast-breadcrumbs-content":"","ast-featured-img":"","footer-sml-layout":"","ast-disable-related-posts":"","theme-transparent-header-meta":"default","adv-header-id-meta":"","stick-header-meta":"","header-above-stick-meta":"","header-main-stick-meta":"","header-below-stick-meta":"","astra-migrate-meta-layouts":"set","ast-page-background-enabled":"default","ast-page-background-meta":{"desktop":{"background-color":"var(--ast-global-color-4)","background-image":"","background-repeat":"repeat","background-position":"center center","background-size":"auto","background-attachment":"scroll","background-type":"","background-media":"","overlay-type":"","overlay-color":"","overlay-opacity":"","overlay-gradient":""},"tablet":{"background-color":"","background-image":"","background-repeat":"repeat","background-position":"center center","background-size":"auto","background-attachment":"scroll","background-type":"","background-media":"","overlay-type":"","overlay-color":"","overlay-opacity":"","overlay-gradient":""},"mobile":{"background-color":"","background-image":"","background-repeat":"repeat","background-position":"center center","background-size":"auto","background-attachment":"scroll","background-type":"","background-media":"","overlay-type":"","overlay-color":"","overlay-opacity":"","overlay-gradient":""}},"ast-content-background-meta":{"desktop":{"background-color":"var(--ast-global-color-5)","background-image":"","background-repeat":"repeat","background-position":"center center","background-size":"auto","background-attachment":"scroll","background-type":"","background-media":"","overlay-type":"","overlay-color":"","overlay-opacity":"","overlay-gradient":""},"tablet":{"background-color":"var(--ast-global-color-5)","background-image":"","background-repeat":"repeat","background-position":"center center","background-size":"auto","background-attachment":"scroll","background-type":"","background-media":"","overlay-type":"","overlay-color":"","overlay-opacity":"","overlay-gradient":""},"mobile":{"background-color":"var(--ast-global-color-5)","background-image":"","background-repeat":"repeat","background-position":"center center","background-size":"auto","background-attachment":"scroll","background-type":"","background-media":"","overlay-type":"","overlay-color":"","overlay-opacity":"","overlay-gradient":""}}},"product_brand":[],"product_cat":[178],"product_tag":[],"class_list":{"0":"post-24787","1":"product","2":"type-product","3":"status-publish","4":"has-post-thumbnail","6":"product_cat-fertilizers","7":"desktop-align-left","8":"tablet-align-left","9":"mobile-align-left","11":"first","12":"instock","13":"sale","14":"taxable","15":"shipping-taxable","16":"purchasable","17":"product-type-variable","18":"has-default-attributes"},"spectra_custom_meta":{"_visibility":["visible"],"_shopify_product_id":["9071372730613"],"_s2w_shopify_domain":["ferberpainting.myshopify.com"],"_shopify_variant_id":["46516185759989"],"_sku":[""],"_manage_stock":["no"],"total_sales":["3"],"_tax_status":["taxable"],"_tax_class":[""],"_backorders":["no"],"_sold_individually":["no"],"_virtual":["no"],"_downloadable":["no"],"_download_limit":["-1"],"_download_expiry":["-1"],"_stock":[null],"_stock_status":["instock"],"_wc_average_rating":["4.86"],"_wc_review_count":["7"],"_product_attributes":["a:1:{s:6:\"volume\";a:6:{s:4:\"name\";s:6:\"Volume\";s:5:\"value\";s:20:\"5 liters | 25 liters\";s:8:\"position\";i:1;s:10:\"is_visible\";i:0;s:12:\"is_variation\";i:1;s:11:\"is_taxonomy\";i:0;}}"],"_product_version":["10.5.1"],"_thumbnail_id":["26635"],"_product_image_gallery":["26636"],"wpse_downloadable_file_names":[""],"wpse_downloadable_file_urls":[""],"_edit_last":["1"],"_default_attributes":["a:1:{s:6:\"volume\";s:8:\"5 liters\";}"],"_edit_lock":["1771223061:1"],"_price":["29.90","129.90"],"merchant-center-availability":["yes"],"merchant-center-category":["113"],"_wp_page_template":["default"],"site-sidebar-layout":["default"],"ast-site-content-layout":["default"],"site-content-style":["default"],"site-sidebar-style":["default"],"theme-transparent-header-meta":["default"],"_wc_rating_count":["a:2:{i:4;i:1;i:5;i:6;}"],"astra-migrate-meta-layouts":["set"],"_uag_css_file_name":["uag-css-24787.css"],"_elementor_page_assets":["a:0:{}"],"_uag_page_assets":["a:9:{s:3:\"css\";s:6873:\".wp-block-uagb-image{display:flex}.wp-block-uagb-image__figure{position:relative;display:flex;flex-direction:column;max-width:100%;height:auto;margin:0}.wp-block-uagb-image__figure img{height:auto;display:flex;max-width:100%;transition:box-shadow .2s ease}.wp-block-uagb-image__figure>a{display:inline-block}.wp-block-uagb-image__figure figcaption{text-align:center;margin-top:.5em;margin-bottom:1em}.wp-block-uagb-image .components-placeholder.block-editor-media-placeholder .components-placeholder__instructions{align-self:center}.wp-block-uagb-image--align-left{text-align:left}.wp-block-uagb-image--align-right{text-align:right}.wp-block-uagb-image--align-center{text-align:center}.wp-block-uagb-image--align-full .wp-block-uagb-image__figure{margin-left:calc(50% - 50vw);margin-right:calc(50% - 50vw);max-width:100vw;width:100vw;height:auto}.wp-block-uagb-image--align-full .wp-block-uagb-image__figure img{height:auto;width:100% !important}.wp-block-uagb-image--align-wide .wp-block-uagb-image__figure img{height:auto;width:100%}.wp-block-uagb-image--layout-overlay__color-wrapper{position:absolute;left:0;top:0;right:0;bottom:0;opacity:.2;background:rgba(0,0,0,.5);transition:opacity .35s ease-in-out}.wp-block-uagb-image--layout-overlay-link{position:absolute;left:0;right:0;bottom:0;top:0}.wp-block-uagb-image--layout-overlay .wp-block-uagb-image__figure:hover .wp-block-uagb-image--layout-overlay__color-wrapper{opacity:1}.wp-block-uagb-image--layout-overlay__inner{position:absolute;left:15px;right:15px;bottom:15px;top:15px;display:flex;align-items:center;justify-content:center;flex-direction:column;border-color:#fff;transition:.35s ease-in-out}.wp-block-uagb-image--layout-overlay__inner.top-left,.wp-block-uagb-image--layout-overlay__inner.top-center,.wp-block-uagb-image--layout-overlay__inner.top-right{justify-content:flex-start}.wp-block-uagb-image--layout-overlay__inner.bottom-left,.wp-block-uagb-image--layout-overlay__inner.bottom-center,.wp-block-uagb-image--layout-overlay__inner.bottom-right{justify-content:flex-end}.wp-block-uagb-image--layout-overlay__inner.top-left,.wp-block-uagb-image--layout-overlay__inner.center-left,.wp-block-uagb-image--layout-overlay__inner.bottom-left{align-items:flex-start}.wp-block-uagb-image--layout-overlay__inner.top-right,.wp-block-uagb-image--layout-overlay__inner.center-right,.wp-block-uagb-image--layout-overlay__inner.bottom-right{align-items:flex-end}.wp-block-uagb-image--layout-overlay__inner .uagb-image-heading{color:#fff;transition:transform .35s,opacity .35s ease-in-out;transform:translate3d(0, 24px, 0);margin:0;line-height:1em}.wp-block-uagb-image--layout-overlay__inner .uagb-image-separator{width:30%;border-top-width:2px;border-top-color:#fff;border-top-style:solid;margin-bottom:10px;opacity:0;transition:transform .4s,opacity .4s ease-in-out;transform:translate3d(0, 30px, 0)}.wp-block-uagb-image--layout-overlay__inner .uagb-image-caption{opacity:0;overflow:visible;color:#fff;transition:transform .45s,opacity .45s ease-in-out;transform:translate3d(0, 35px, 0)}.wp-block-uagb-image--layout-overlay__inner:hover .uagb-image-heading,.wp-block-uagb-image--layout-overlay__inner:hover .uagb-image-separator,.wp-block-uagb-image--layout-overlay__inner:hover .uagb-image-caption{opacity:1;transform:translate3d(0, 0, 0)}.wp-block-uagb-image--effect-zoomin .wp-block-uagb-image__figure img,.wp-block-uagb-image--effect-zoomin .wp-block-uagb-image__figure .wp-block-uagb-image--layout-overlay__color-wrapper{transform:scale(1);transition:transform .35s ease-in-out}.wp-block-uagb-image--effect-zoomin .wp-block-uagb-image__figure:hover img,.wp-block-uagb-image--effect-zoomin .wp-block-uagb-image__figure:hover .wp-block-uagb-image--layout-overlay__color-wrapper{transform:scale(1.05)}.wp-block-uagb-image--effect-slide .wp-block-uagb-image__figure img,.wp-block-uagb-image--effect-slide .wp-block-uagb-image__figure .wp-block-uagb-image--layout-overlay__color-wrapper{width:calc(100% + 40px) !important;max-width:none !important;transform:translate3d(-40px, 0, 0);transition:transform .35s ease-in-out}.wp-block-uagb-image--effect-slide .wp-block-uagb-image__figure:hover img,.wp-block-uagb-image--effect-slide .wp-block-uagb-image__figure:hover .wp-block-uagb-image--layout-overlay__color-wrapper{transform:translate3d(0, 0, 0)}.wp-block-uagb-image--effect-grayscale img{filter:grayscale(0%);transition:.35s ease-in-out}.wp-block-uagb-image--effect-grayscale:hover img{filter:grayscale(100%)}.wp-block-uagb-image--effect-blur img{filter:blur(0);transition:.35s ease-in-out}.wp-block-uagb-image--effect-blur:hover img{filter:blur(3px)}.uagb-block-e6f939b3.wp-block-uagb-image--layout-default figure img{box-shadow: 0px 0px 0 #00000070;}.uagb-block-e6f939b3.wp-block-uagb-image .wp-block-uagb-image__figure figcaption{font-style: normal;align-self: center;}.uagb-block-e6f939b3.wp-block-uagb-image--layout-overlay figure img{box-shadow: 0px 0px 0 #00000070;}.uagb-block-e6f939b3.wp-block-uagb-image--layout-overlay .wp-block-uagb-image--layout-overlay__color-wrapper{opacity: 0.2;}.uagb-block-e6f939b3.wp-block-uagb-image--layout-overlay .wp-block-uagb-image--layout-overlay__inner{left: 15px;right: 15px;top: 15px;bottom: 15px;}.uagb-block-e6f939b3.wp-block-uagb-image--layout-overlay .wp-block-uagb-image--layout-overlay__inner .uagb-image-heading{font-style: normal;color: #fff;opacity: 1;}.uagb-block-e6f939b3.wp-block-uagb-image--layout-overlay .wp-block-uagb-image--layout-overlay__inner .uagb-image-heading a{color: #fff;}.uagb-block-e6f939b3.wp-block-uagb-image--layout-overlay .wp-block-uagb-image--layout-overlay__inner .uagb-image-caption{opacity: 0;}.uagb-block-e6f939b3.wp-block-uagb-image--layout-overlay .wp-block-uagb-image__figure:hover .wp-block-uagb-image--layout-overlay__color-wrapper{opacity: 1;}.uagb-block-e6f939b3.wp-block-uagb-image .wp-block-uagb-image--layout-overlay__inner .uagb-image-separator{width: 30%;border-top-width: 2px;border-top-color: #fff;opacity: 0;}.uagb-block-e6f939b3.wp-block-uagb-image .wp-block-uagb-image__figure img{width: px;height: auto;}.uagb-block-e6f939b3.wp-block-uagb-image .wp-block-uagb-image__figure:hover .wp-block-uagb-image--layout-overlay__inner .uagb-image-caption{opacity: 1;}.uagb-block-e6f939b3.wp-block-uagb-image .wp-block-uagb-image__figure:hover .wp-block-uagb-image--layout-overlay__inner .uagb-image-separator{opacity: 1;}.uagb-block-e6f939b3.wp-block-uagb-image--layout-default figure:hover img{box-shadow: 0px 0px 0 #00000070;}.uagb-block-e6f939b3.wp-block-uagb-image--layout-overlay figure:hover img{box-shadow: 0px 0px 0 #00000070;}@media only screen and (max-width: 976px) {.uagb-block-e6f939b3.wp-block-uagb-image .wp-block-uagb-image__figure img{width: px;height: auto;}}@media only screen and (max-width: 767px) {.uagb-block-e6f939b3.wp-block-uagb-image .wp-block-uagb-image__figure img{width: px;height: auto;}}\";s:2:\"js\";s:0:\"\";s:18:\"current_block_list\";a:13:{i:0;s:11:\"core\/search\";i:1;s:10:\"core\/group\";i:2;s:12:\"core\/heading\";i:3;s:17:\"core\/latest-posts\";i:4;s:20:\"core\/latest-comments\";i:5;s:13:\"core\/archives\";i:6;s:15:\"core\/categories\";i:7;s:14:\"core\/paragraph\";i:8;s:10:\"uagb\/image\";i:9;s:11:\"core\/spacer\";i:10;s:30:\"woocommerce\/product-categories\";i:11;s:10:\"core\/image\";i:12;s:14:\"core\/shortcode\";}s:8:\"uag_flag\";b:1;s:11:\"uag_version\";s:10:\"1777376325\";s:6:\"gfonts\";a:0:{}s:10:\"gfonts_url\";s:0:\"\";s:12:\"gfonts_files\";a:0:{}s:14:\"uag_faq_layout\";b:0;}"]},"uagb_featured_image_src":{"full":["https:\/\/www.ferberpainting.com\/wp-content\/uploads\/2025\/05\/PoinsettiaFertilizer5L.png",2560,2560,false],"thumbnail":["https:\/\/www.ferberpainting.com\/wp-content\/uploads\/2025\/05\/PoinsettiaFertilizer5L-150x150.png",150,150,true],"medium":["https:\/\/www.ferberpainting.com\/wp-content\/uploads\/2025\/05\/PoinsettiaFertilizer5L-300x300.png",300,300,true],"medium_large":["https:\/\/www.ferberpainting.com\/wp-content\/uploads\/2025\/05\/PoinsettiaFertilizer5L-768x768.png",768,768,true],"large":["https:\/\/www.ferberpainting.com\/wp-content\/uploads\/2025\/05\/PoinsettiaFertilizer5L-1024x1024.png",1024,1024,true],"1536x1536":["https:\/\/www.ferberpainting.com\/wp-content\/uploads\/2025\/05\/PoinsettiaFertilizer5L-1536x1536.png",1536,1536,true],"2048x2048":["https:\/\/www.ferberpainting.com\/wp-content\/uploads\/2025\/05\/PoinsettiaFertilizer5L-2048x2048.png",2048,2048,true],"trp-custom-language-flag":["https:\/\/www.ferberpainting.com\/wp-content\/uploads\/2025\/05\/PoinsettiaFertilizer5L-12x12.png",12,12,true],"woocommerce_thumbnail":["https:\/\/www.ferberpainting.com\/wp-content\/uploads\/2025\/05\/PoinsettiaFertilizer5L-300x300.png",300,300,true],"woocommerce_single":["https:\/\/www.ferberpainting.com\/wp-content\/uploads\/2025\/05\/PoinsettiaFertilizer5L-600x600.png",600,600,true],"woocommerce_gallery_thumbnail":["https:\/\/www.ferberpainting.com\/wp-content\/uploads\/2025\/05\/PoinsettiaFertilizer5L-100x100.png",100,100,true]},"uagb_author_info":{"display_name":"admin","author_link":"https:\/\/www.ferberpainting.com\/se\/author\/"},"uagb_comment_info":7,"uagb_excerpt":"A fertilizer specially designed to promote the growth and blooming of poinsettias.\u00a0This balanced fertilizer in nitrogen (N), phosphorus (P), and potassium (K), with an NPK 15-15-15 formulation, ensures optimal leaf development and vibrant flowering. It promotes robust leaves, intense red bracts, and a healthy plant throughout its growing cycle. Satisfaction guaranteed or your money back.\u00a0Confident&hellip;","_links":{"self":[{"href":"https:\/\/www.ferberpainting.com\/se\/wp-json\/wp\/v2\/product\/24787","targetHints":{"allow":["GET"]}}],"collection":[{"href":"https:\/\/www.ferberpainting.com\/se\/wp-json\/wp\/v2\/product"}],"about":[{"href":"https:\/\/www.ferberpainting.com\/se\/wp-json\/wp\/v2\/types\/product"}],"replies":[{"embeddable":true,"href":"https:\/\/www.ferberpainting.com\/se\/wp-json\/wp\/v2\/comments?post=24787"}],"version-history":[{"count":4,"href":"https:\/\/www.ferberpainting.com\/se\/wp-json\/wp\/v2\/product\/24787\/revisions"}],"predecessor-version":[{"id":166985,"href":"https:\/\/www.ferberpainting.com\/se\/wp-json\/wp\/v2\/product\/24787\/revisions\/166985"}],"wp:featuredmedia":[{"embeddable":true,"href":"https:\/\/www.ferberpainting.com\/se\/wp-json\/wp\/v2\/media\/26635"}],"wp:attachment":[{"href":"https:\/\/www.ferberpainting.com\/se\/wp-json\/wp\/v2\/media?parent=24787"}],"wp:term":[{"taxonomy":"product_brand","embeddable":true,"href":"https:\/\/www.ferberpainting.com\/se\/wp-json\/wp\/v2\/product_brand?post=24787"},{"taxonomy":"product_cat","embeddable":true,"href":"https:\/\/www.ferberpainting.com\/se\/wp-json\/wp\/v2\/product_cat?post=24787"},{"taxonomy":"product_tag","embeddable":true,"href":"https:\/\/www.ferberpainting.com\/se\/wp-json\/wp\/v2\/product_tag?post=24787"}],"curies":[{"name":"wp","href":"https:\/\/api.w.org\/{rel}","templated":true}]}}