{"id":24781,"date":"2025-06-30T22:38:22","date_gmt":"2025-06-30T20:38:22","guid":{"rendered":"https:\/\/www.ferberpainting.com\/?post_type=product&#038;p=24781"},"modified":"2026-02-16T07:15:22","modified_gmt":"2026-02-16T06:15:22","slug":"plaster-water-repellent","status":"publish","type":"product","link":"https:\/\/www.ferberpainting.com\/se\/products\/plaster-water-repellent\/","title":{"rendered":"Impregnering f\u00f6r puts"},"content":{"rendered":"<p><strong><img decoding=\"async\" style=\"margin-right: 12px;\" src=\"https:\/\/www.ferberpainting.com\/wp-content\/uploads\/2026\/02\/Check.svg\" alt=\"\" width=\"18\" height=\"15\" \/>Effektivt skydd mot fukt. <\/strong>Detta impregneringsmedel f\u00f6r puts \u00e4r speciellt formulerat f\u00f6r att ge optimalt skydd mot fukt. Det bildar en osynlig barri\u00e4r som hindrar vatten fr\u00e5n att tr\u00e4nga in i putsen samtidigt som ytan kan andas. Detta bidrar till att bevara putsens kvalitet p\u00e5 l\u00e5ng sikt och f\u00f6rhindrar skador som orsakas av fukt, t.ex. m\u00f6gel, utblomstring eller materialnedbrytning. Produkten \u00e4r idealisk f\u00f6r behandling av b\u00e5de ytter- och innerv\u00e4ggar som uts\u00e4tts f\u00f6r fukt.<\/p>\n<p><strong><img decoding=\"async\" style=\"margin-right: 12px;\" src=\"https:\/\/www.ferberpainting.com\/wp-content\/uploads\/2026\/02\/Check.svg\" alt=\"\" width=\"18\" height=\"15\" \/>Pengar-tillbaka-garanti.<\/strong>\u00a0Vi \u00e4r \u00f6vertygade om att v\u00e5rt impregneringsmedel f\u00f6r gips \u00e4r effektivt. Om du efter anv\u00e4ndning inte \u00e4r n\u00f6jd med resultatet erbjuder vi en n\u00f6jdhetsgaranti eller full \u00e5terbetalning. Detta g\u00f6r att du kan testa produkten med sinnesfrid, eftersom du vet att om resultaten inte uppfyller dina f\u00f6rv\u00e4ntningar f\u00e5r du pengarna tillbaka.<\/p>\n<p><strong><img decoding=\"async\" style=\"margin-right: 12px;\" src=\"https:\/\/www.ferberpainting.com\/wp-content\/uploads\/2026\/02\/Check.svg\" alt=\"\" width=\"18\" height=\"15\" \/>Kompatibel med flera ytor.<\/strong>\u00a0Detta impregneringsmedel \u00e4r inte begr\u00e4nsat till gips. Det \u00e4r ocks\u00e5 kompatibelt med andra ytor som betong, cement, murbruk och vissa naturstenar. Denna m\u00e5ngsidighet g\u00f6r det till ett p\u00e5litligt och effektivt val f\u00f6r att skydda en m\u00e4ngd olika material fr\u00e5n fukt.<\/p>\n<p><strong><img decoding=\"async\" style=\"margin-right: 12px;\" src=\"https:\/\/www.ferberpainting.com\/wp-content\/uploads\/2026\/02\/Check.svg\" alt=\"\" width=\"18\" height=\"15\" \/>Kostnadseffektivt.<\/strong>\u00a0Detta impregneringsmedel f\u00f6r gips \u00e4r mycket ekonomiskt. I genomsnitt t\u00e4cker 1 liter cirka 6 till 8 m\u00b2 beroende p\u00e5 putsens porositet. Det inneb\u00e4r att en 5-litersbeh\u00e5llare kan behandla cirka 30-40 m\u00b2, vilket g\u00f6r det till ett utm\u00e4rkt alternativ f\u00f6r storskaliga projekt eller till\u00e4mpningar som kr\u00e4ver flera lager.<\/p>\n<p><strong><img decoding=\"async\" style=\"margin-right: 12px;\" src=\"https:\/\/www.ferberpainting.com\/wp-content\/uploads\/2026\/02\/Check.svg\" alt=\"\" width=\"18\" height=\"15\" \/>S\u00e4ker att anv\u00e4nda.<\/strong>\u00a0Denna produkt \u00e4r utformad f\u00f6r att vara s\u00e4ker och milj\u00f6v\u00e4nlig. Den inneh\u00e5ller inga giftiga eller fr\u00e4tande \u00e4mnen som kan skada din h\u00e4lsa eller milj\u00f6n. Som med all kemisk behandling \u00e4r det dock l\u00e4mpligt att anv\u00e4nda handskar och skyddsglas\u00f6gon vid applicering av produkten f\u00f6r att garantera optimal s\u00e4kerhet.<\/p>\n<p><strong><img decoding=\"async\" style=\"margin-right: 12px;\" src=\"https:\/\/www.ferberpainting.com\/wp-content\/uploads\/2026\/02\/Check.svg\" alt=\"\" width=\"18\" height=\"15\" \/>L\u00e4tt att applicera.<\/strong>\u00a0Denna produkt \u00e4r f\u00e4rdig att anv\u00e4nda och kr\u00e4ver ingen utsp\u00e4dning. Du kan applicera den direkt p\u00e5 ytan med hj\u00e4lp av en spruta, pensel eller roller. Appliceringen \u00e4r enkel och snabb, vilket sparar tid och anstr\u00e4ngning. Den kr\u00e4ver ingen s\u00e4rskild expertis och \u00e4r l\u00e4ttillg\u00e4nglig \u00e4ven f\u00f6r amat\u00f6rbyggare.<\/p>\n<p><strong><img decoding=\"async\" style=\"margin-right: 12px;\" src=\"https:\/\/www.ferberpainting.com\/wp-content\/uploads\/2026\/02\/Check.svg\" alt=\"\" width=\"18\" height=\"15\" \/>H\u00e5llbar.<\/strong>\u00a0Efter applicering bildar detta vattenskyddsmedel en stark och l\u00e5ngvarig barri\u00e4r mot fukt. Det skyddar behandlade ytor under m\u00e5nga \u00e5r. Beroende p\u00e5 klimatf\u00f6rh\u00e5llanden och naturligt slitage kan produktens effektivitet vara mellan 2 och 5 \u00e5r, vilket bidrar till att minska underh\u00e5llsbehovet och h\u00e5lla ytorna i utm\u00e4rkt skick.<\/p>\n<p><strong><img decoding=\"async\" style=\"margin-right: 12px;\" src=\"https:\/\/www.ferberpainting.com\/wp-content\/uploads\/2026\/02\/Check.svg\" alt=\"\" width=\"18\" height=\"15\" \/>Snabbtorkande.<\/strong>\u00a0Gipsvattent\u00e4tningsmedlet torkar snabbt efter applicering. Du kommer att m\u00e4rka att det blir torrt vid ber\u00f6ring efter cirka 1 till 2 timmar. F\u00f6r maximal effektivitet rekommenderas dock att ytan f\u00e5r torka helt i 24 timmar innan den uts\u00e4tts f\u00f6r fukt. Denna snabba \u00e5tg\u00e4rd hj\u00e4lper till att spara tid mellan projektstegen.<\/p>\n<h2><strong>Anv\u00e4ndning Protokoll<\/strong><\/h2>\n<ul>\n<li><strong>Ytbehandling <\/strong>: Innan du applicerar impregneringsmedlet ska du se till att putsytan \u00e4r ren, torr och fri fr\u00e5n smuts, damm eller m\u00f6gel. Om det beh\u00f6vs, reng\u00f6r ytan med en fuktig trasa och l\u00e5t den torka helt f\u00f6re applicering. Om det finns m\u00f6gel ska du anv\u00e4nda en s\u00e4rskild behandling f\u00f6r att ta bort det innan du applicerar produkten.<\/li>\n<li><strong>Produkttill\u00e4mpning <\/strong>: Gipsvattent\u00e4tningsmedlet \u00e4r klart att anv\u00e4nda. Du kan applicera det med en spruta, pensel eller rulle beroende p\u00e5 ytan och dina \u00f6nskem\u00e5l. Om du anv\u00e4nder en spruta ska du h\u00e5lla den ca 30 cm fr\u00e5n ytan och spruta j\u00e4mnt f\u00f6r att undvika r\u00e4nder. Vid applicering med pensel eller roller ska du se till att produkten f\u00f6rdelas v\u00e4l \u00f6ver putsytan, med fokus p\u00e5 s\u00e4rskilt por\u00f6sa omr\u00e5den.<\/li>\n<li><strong>Belopp att anv\u00e4nda <\/strong>: Beroende p\u00e5 gipsets porositet t\u00e4cker 1 liter produkt cirka 6 till 8 m\u00b2. En 5-litersbeh\u00e5llare r\u00e4cker vanligtvis f\u00f6r att behandla mellan 30 och 40 m\u00b2. Om putsen \u00e4r mycket por\u00f6s kan det beh\u00f6vas ett andra lager f\u00f6r att s\u00e4kerst\u00e4lla optimalt skydd. Se till att f\u00f6lja den rekommenderade t\u00e4ckningen f\u00f6r att undvika sl\u00f6seri med produkten.<\/li>\n<li><strong>Torktid <\/strong>: Efter applicering torkar impregneringsmedlet snabbt. Ytan blir vanligtvis ber\u00f6ringstorr inom 1 till 2 timmar, men f\u00f6r fullt skydd b\u00f6r du l\u00e5ta produkten torka i 24 timmar innan du uts\u00e4tter ytan f\u00f6r fukt eller vatten. Detta s\u00e4kerst\u00e4ller att produkten tr\u00e4nger in helt och bildar en l\u00e5ngvarig vattent\u00e4t barri\u00e4r.<\/li>\n<li><strong>\u00c5terans\u00f6kan <\/strong>: Beroende p\u00e5 fuktf\u00f6rh\u00e5llanden och slitage kan det vara n\u00f6dv\u00e4ndigt med en ny applicering vart 2:a till 5:e \u00e5r. F\u00f6r optimalt resultat, f\u00f6lj samma steg som vid den f\u00f6rsta appliceringen och se till att ytan \u00e4r ren och torr innan du applicerar ett nytt j\u00e4mnt lager av produkten.<\/li>\n<li><strong>Underh\u00e5ll <\/strong>: Efter applicering \u00e4r underh\u00e5llet av putsytan enkelt. Reng\u00f6r med en fuktig trasa f\u00f6r att avl\u00e4gsna damm utan att skada t\u00e4tskiktet. Undvik att anv\u00e4nda slipande produkter eller h\u00f6gtryckstv\u00e4ttar som kan skada ytan eller skyddsbarri\u00e4ren. L\u00e4tt och regelbundet underh\u00e5ll f\u00f6rl\u00e4nger produktens effektivitet.<\/li>\n<\/ul>","protected":false},"excerpt":{"rendered":"<p>Effective protection against humidity. This plaster waterproofer is specially formulated to provide optimal protection against humidity. It forms an invisible barrier that prevents water from penetrating the plaster while allowing the surface to breathe. This helps preserve the quality of the plaster over the long term and prevents damage caused by moisture, such as mold, [&hellip;]<\/p>\n","protected":false},"featured_media":36032,"comment_status":"open","ping_status":"closed","template":"","meta":{"_uag_custom_page_level_css":"","site-sidebar-layout":"default","site-content-layout":"","ast-site-content-layout":"default","site-content-style":"default","site-sidebar-style":"default","ast-global-header-display":"","ast-banner-title-visibility":"","ast-main-header-display":"","ast-hfb-above-header-display":"","ast-hfb-below-header-display":"","ast-hfb-mobile-header-display":"","site-post-title":"","ast-breadcrumbs-content":"","ast-featured-img":"","footer-sml-layout":"","ast-disable-related-posts":"","theme-transparent-header-meta":"default","adv-header-id-meta":"","stick-header-meta":"","header-above-stick-meta":"","header-main-stick-meta":"","header-below-stick-meta":"","astra-migrate-meta-layouts":"set","ast-page-background-enabled":"default","ast-page-background-meta":{"desktop":{"background-color":"var(--ast-global-color-4)","background-image":"","background-repeat":"repeat","background-position":"center center","background-size":"auto","background-attachment":"scroll","background-type":"","background-media":"","overlay-type":"","overlay-color":"","overlay-opacity":"","overlay-gradient":""},"tablet":{"background-color":"","background-image":"","background-repeat":"repeat","background-position":"center center","background-size":"auto","background-attachment":"scroll","background-type":"","background-media":"","overlay-type":"","overlay-color":"","overlay-opacity":"","overlay-gradient":""},"mobile":{"background-color":"","background-image":"","background-repeat":"repeat","background-position":"center center","background-size":"auto","background-attachment":"scroll","background-type":"","background-media":"","overlay-type":"","overlay-color":"","overlay-opacity":"","overlay-gradient":""}},"ast-content-background-meta":{"desktop":{"background-color":"var(--ast-global-color-5)","background-image":"","background-repeat":"repeat","background-position":"center center","background-size":"auto","background-attachment":"scroll","background-type":"","background-media":"","overlay-type":"","overlay-color":"","overlay-opacity":"","overlay-gradient":""},"tablet":{"background-color":"var(--ast-global-color-5)","background-image":"","background-repeat":"repeat","background-position":"center center","background-size":"auto","background-attachment":"scroll","background-type":"","background-media":"","overlay-type":"","overlay-color":"","overlay-opacity":"","overlay-gradient":""},"mobile":{"background-color":"var(--ast-global-color-5)","background-image":"","background-repeat":"repeat","background-position":"center center","background-size":"auto","background-attachment":"scroll","background-type":"","background-media":"","overlay-type":"","overlay-color":"","overlay-opacity":"","overlay-gradient":""}}},"product_brand":[],"product_cat":[191],"product_tag":[],"class_list":{"0":"post-24781","1":"product","2":"type-product","3":"status-publish","4":"has-post-thumbnail","6":"product_cat-water-repellent","7":"desktop-align-left","8":"tablet-align-left","9":"mobile-align-left","11":"first","12":"instock","13":"sale","14":"taxable","15":"shipping-taxable","16":"purchasable","17":"product-type-variable","18":"has-default-attributes"},"spectra_custom_meta":{"_visibility":["visible"],"_shopify_product_id":["9106647253237"],"_s2w_shopify_domain":["ferberpainting.myshopify.com"],"_shopify_variant_id":["46626384773365"],"_sku":[""],"_manage_stock":["no"],"total_sales":["26"],"_tax_status":["taxable"],"_tax_class":[""],"_backorders":["no"],"_sold_individually":["no"],"_virtual":["no"],"_downloadable":["no"],"_download_limit":["-1"],"_download_expiry":["-1"],"_stock":[null],"_stock_status":["instock"],"_wc_average_rating":["5.00"],"_wc_review_count":["36"],"_product_attributes":["a:1:{s:6:\"volume\";a:6:{s:4:\"name\";s:6:\"Volume\";s:5:\"value\";s:20:\"5 liters | 25 liters\";s:8:\"position\";i:1;s:10:\"is_visible\";i:0;s:12:\"is_variation\";i:1;s:11:\"is_taxonomy\";i:0;}}"],"_product_version":["10.5.1"],"wpse_downloadable_file_names":[""],"wpse_downloadable_file_urls":[""],"_edit_last":["1"],"_default_attributes":["a:1:{s:6:\"volume\";s:8:\"5 liters\";}"],"_edit_lock":["1771222787:1"],"_price":["29.90","129.90"],"merchant-center-availability":["yes"],"merchant-center-category":["503744"],"_thumbnail_id":["36032"],"_wp_page_template":["default"],"_wp_old_date":["2025-05-26"],"_product_image_gallery":["36030"],"site-sidebar-layout":["default"],"ast-site-content-layout":["default"],"site-content-style":["default"],"site-sidebar-style":["default"],"theme-transparent-header-meta":["default"],"_wc_rating_count":["a:1:{i:5;i:36;}"],"astra-migrate-meta-layouts":["set"],"_uag_css_file_name":["uag-css-24781.css"],"_elementor_page_assets":["a:0:{}"],"_uag_page_assets":["a:9:{s:3:\"css\";s:6873:\".wp-block-uagb-image{display:flex}.wp-block-uagb-image__figure{position:relative;display:flex;flex-direction:column;max-width:100%;height:auto;margin:0}.wp-block-uagb-image__figure img{height:auto;display:flex;max-width:100%;transition:box-shadow .2s ease}.wp-block-uagb-image__figure>a{display:inline-block}.wp-block-uagb-image__figure figcaption{text-align:center;margin-top:.5em;margin-bottom:1em}.wp-block-uagb-image .components-placeholder.block-editor-media-placeholder .components-placeholder__instructions{align-self:center}.wp-block-uagb-image--align-left{text-align:left}.wp-block-uagb-image--align-right{text-align:right}.wp-block-uagb-image--align-center{text-align:center}.wp-block-uagb-image--align-full .wp-block-uagb-image__figure{margin-left:calc(50% - 50vw);margin-right:calc(50% - 50vw);max-width:100vw;width:100vw;height:auto}.wp-block-uagb-image--align-full .wp-block-uagb-image__figure img{height:auto;width:100% !important}.wp-block-uagb-image--align-wide .wp-block-uagb-image__figure img{height:auto;width:100%}.wp-block-uagb-image--layout-overlay__color-wrapper{position:absolute;left:0;top:0;right:0;bottom:0;opacity:.2;background:rgba(0,0,0,.5);transition:opacity .35s ease-in-out}.wp-block-uagb-image--layout-overlay-link{position:absolute;left:0;right:0;bottom:0;top:0}.wp-block-uagb-image--layout-overlay .wp-block-uagb-image__figure:hover .wp-block-uagb-image--layout-overlay__color-wrapper{opacity:1}.wp-block-uagb-image--layout-overlay__inner{position:absolute;left:15px;right:15px;bottom:15px;top:15px;display:flex;align-items:center;justify-content:center;flex-direction:column;border-color:#fff;transition:.35s ease-in-out}.wp-block-uagb-image--layout-overlay__inner.top-left,.wp-block-uagb-image--layout-overlay__inner.top-center,.wp-block-uagb-image--layout-overlay__inner.top-right{justify-content:flex-start}.wp-block-uagb-image--layout-overlay__inner.bottom-left,.wp-block-uagb-image--layout-overlay__inner.bottom-center,.wp-block-uagb-image--layout-overlay__inner.bottom-right{justify-content:flex-end}.wp-block-uagb-image--layout-overlay__inner.top-left,.wp-block-uagb-image--layout-overlay__inner.center-left,.wp-block-uagb-image--layout-overlay__inner.bottom-left{align-items:flex-start}.wp-block-uagb-image--layout-overlay__inner.top-right,.wp-block-uagb-image--layout-overlay__inner.center-right,.wp-block-uagb-image--layout-overlay__inner.bottom-right{align-items:flex-end}.wp-block-uagb-image--layout-overlay__inner .uagb-image-heading{color:#fff;transition:transform .35s,opacity .35s ease-in-out;transform:translate3d(0, 24px, 0);margin:0;line-height:1em}.wp-block-uagb-image--layout-overlay__inner .uagb-image-separator{width:30%;border-top-width:2px;border-top-color:#fff;border-top-style:solid;margin-bottom:10px;opacity:0;transition:transform .4s,opacity .4s ease-in-out;transform:translate3d(0, 30px, 0)}.wp-block-uagb-image--layout-overlay__inner .uagb-image-caption{opacity:0;overflow:visible;color:#fff;transition:transform .45s,opacity .45s ease-in-out;transform:translate3d(0, 35px, 0)}.wp-block-uagb-image--layout-overlay__inner:hover .uagb-image-heading,.wp-block-uagb-image--layout-overlay__inner:hover .uagb-image-separator,.wp-block-uagb-image--layout-overlay__inner:hover .uagb-image-caption{opacity:1;transform:translate3d(0, 0, 0)}.wp-block-uagb-image--effect-zoomin .wp-block-uagb-image__figure img,.wp-block-uagb-image--effect-zoomin .wp-block-uagb-image__figure .wp-block-uagb-image--layout-overlay__color-wrapper{transform:scale(1);transition:transform .35s ease-in-out}.wp-block-uagb-image--effect-zoomin .wp-block-uagb-image__figure:hover img,.wp-block-uagb-image--effect-zoomin .wp-block-uagb-image__figure:hover .wp-block-uagb-image--layout-overlay__color-wrapper{transform:scale(1.05)}.wp-block-uagb-image--effect-slide .wp-block-uagb-image__figure img,.wp-block-uagb-image--effect-slide .wp-block-uagb-image__figure .wp-block-uagb-image--layout-overlay__color-wrapper{width:calc(100% + 40px) !important;max-width:none !important;transform:translate3d(-40px, 0, 0);transition:transform .35s ease-in-out}.wp-block-uagb-image--effect-slide .wp-block-uagb-image__figure:hover img,.wp-block-uagb-image--effect-slide .wp-block-uagb-image__figure:hover .wp-block-uagb-image--layout-overlay__color-wrapper{transform:translate3d(0, 0, 0)}.wp-block-uagb-image--effect-grayscale img{filter:grayscale(0%);transition:.35s ease-in-out}.wp-block-uagb-image--effect-grayscale:hover img{filter:grayscale(100%)}.wp-block-uagb-image--effect-blur img{filter:blur(0);transition:.35s ease-in-out}.wp-block-uagb-image--effect-blur:hover img{filter:blur(3px)}.uagb-block-e6f939b3.wp-block-uagb-image--layout-default figure img{box-shadow: 0px 0px 0 #00000070;}.uagb-block-e6f939b3.wp-block-uagb-image .wp-block-uagb-image__figure figcaption{font-style: normal;align-self: center;}.uagb-block-e6f939b3.wp-block-uagb-image--layout-overlay figure img{box-shadow: 0px 0px 0 #00000070;}.uagb-block-e6f939b3.wp-block-uagb-image--layout-overlay .wp-block-uagb-image--layout-overlay__color-wrapper{opacity: 0.2;}.uagb-block-e6f939b3.wp-block-uagb-image--layout-overlay .wp-block-uagb-image--layout-overlay__inner{left: 15px;right: 15px;top: 15px;bottom: 15px;}.uagb-block-e6f939b3.wp-block-uagb-image--layout-overlay .wp-block-uagb-image--layout-overlay__inner .uagb-image-heading{font-style: normal;color: #fff;opacity: 1;}.uagb-block-e6f939b3.wp-block-uagb-image--layout-overlay .wp-block-uagb-image--layout-overlay__inner .uagb-image-heading a{color: #fff;}.uagb-block-e6f939b3.wp-block-uagb-image--layout-overlay .wp-block-uagb-image--layout-overlay__inner .uagb-image-caption{opacity: 0;}.uagb-block-e6f939b3.wp-block-uagb-image--layout-overlay .wp-block-uagb-image__figure:hover .wp-block-uagb-image--layout-overlay__color-wrapper{opacity: 1;}.uagb-block-e6f939b3.wp-block-uagb-image .wp-block-uagb-image--layout-overlay__inner .uagb-image-separator{width: 30%;border-top-width: 2px;border-top-color: #fff;opacity: 0;}.uagb-block-e6f939b3.wp-block-uagb-image .wp-block-uagb-image__figure img{width: px;height: auto;}.uagb-block-e6f939b3.wp-block-uagb-image .wp-block-uagb-image__figure:hover .wp-block-uagb-image--layout-overlay__inner .uagb-image-caption{opacity: 1;}.uagb-block-e6f939b3.wp-block-uagb-image .wp-block-uagb-image__figure:hover .wp-block-uagb-image--layout-overlay__inner .uagb-image-separator{opacity: 1;}.uagb-block-e6f939b3.wp-block-uagb-image--layout-default figure:hover img{box-shadow: 0px 0px 0 #00000070;}.uagb-block-e6f939b3.wp-block-uagb-image--layout-overlay figure:hover img{box-shadow: 0px 0px 0 #00000070;}@media only screen and (max-width: 976px) {.uagb-block-e6f939b3.wp-block-uagb-image .wp-block-uagb-image__figure img{width: px;height: auto;}}@media only screen and (max-width: 767px) {.uagb-block-e6f939b3.wp-block-uagb-image .wp-block-uagb-image__figure img{width: px;height: auto;}}\";s:2:\"js\";s:0:\"\";s:18:\"current_block_list\";a:13:{i:0;s:11:\"core\/search\";i:1;s:10:\"core\/group\";i:2;s:12:\"core\/heading\";i:3;s:17:\"core\/latest-posts\";i:4;s:20:\"core\/latest-comments\";i:5;s:13:\"core\/archives\";i:6;s:15:\"core\/categories\";i:7;s:14:\"core\/paragraph\";i:8;s:10:\"uagb\/image\";i:9;s:11:\"core\/spacer\";i:10;s:30:\"woocommerce\/product-categories\";i:11;s:10:\"core\/image\";i:12;s:14:\"core\/shortcode\";}s:8:\"uag_flag\";b:1;s:11:\"uag_version\";s:10:\"1777266148\";s:6:\"gfonts\";a:0:{}s:10:\"gfonts_url\";s:0:\"\";s:12:\"gfonts_files\";a:0:{}s:14:\"uag_faq_layout\";b:0;}"]},"uagb_featured_image_src":{"full":["https:\/\/www.ferberpainting.com\/wp-content\/uploads\/2025\/05\/Plaster-Water-Repellent-5L-.png",2560,2560,false],"thumbnail":["https:\/\/www.ferberpainting.com\/wp-content\/uploads\/2025\/05\/Plaster-Water-Repellent-5L--150x150.png",150,150,true],"medium":["https:\/\/www.ferberpainting.com\/wp-content\/uploads\/2025\/05\/Plaster-Water-Repellent-5L--300x300.png",300,300,true],"medium_large":["https:\/\/www.ferberpainting.com\/wp-content\/uploads\/2025\/05\/Plaster-Water-Repellent-5L--768x768.png",768,768,true],"large":["https:\/\/www.ferberpainting.com\/wp-content\/uploads\/2025\/05\/Plaster-Water-Repellent-5L--1024x1024.png",1024,1024,true],"1536x1536":["https:\/\/www.ferberpainting.com\/wp-content\/uploads\/2025\/05\/Plaster-Water-Repellent-5L--1536x1536.png",1536,1536,true],"2048x2048":["https:\/\/www.ferberpainting.com\/wp-content\/uploads\/2025\/05\/Plaster-Water-Repellent-5L--2048x2048.png",2048,2048,true],"trp-custom-language-flag":["https:\/\/www.ferberpainting.com\/wp-content\/uploads\/2025\/05\/Plaster-Water-Repellent-5L--12x12.png",12,12,true],"woocommerce_thumbnail":["https:\/\/www.ferberpainting.com\/wp-content\/uploads\/2025\/05\/Plaster-Water-Repellent-5L--300x300.png",300,300,true],"woocommerce_single":["https:\/\/www.ferberpainting.com\/wp-content\/uploads\/2025\/05\/Plaster-Water-Repellent-5L--600x600.png",600,600,true],"woocommerce_gallery_thumbnail":["https:\/\/www.ferberpainting.com\/wp-content\/uploads\/2025\/05\/Plaster-Water-Repellent-5L--100x100.png",100,100,true]},"uagb_author_info":{"display_name":"admin","author_link":"https:\/\/www.ferberpainting.com\/se\/author\/"},"uagb_comment_info":36,"uagb_excerpt":"Effective protection against humidity. This plaster waterproofer is specially formulated to provide optimal protection against humidity. It forms an invisible barrier that prevents water from penetrating the plaster while allowing the surface to breathe. This helps preserve the quality of the plaster over the long term and prevents damage caused by moisture, such as mold,&hellip;","_links":{"self":[{"href":"https:\/\/www.ferberpainting.com\/se\/wp-json\/wp\/v2\/product\/24781","targetHints":{"allow":["GET"]}}],"collection":[{"href":"https:\/\/www.ferberpainting.com\/se\/wp-json\/wp\/v2\/product"}],"about":[{"href":"https:\/\/www.ferberpainting.com\/se\/wp-json\/wp\/v2\/types\/product"}],"replies":[{"embeddable":true,"href":"https:\/\/www.ferberpainting.com\/se\/wp-json\/wp\/v2\/comments?post=24781"}],"version-history":[{"count":4,"href":"https:\/\/www.ferberpainting.com\/se\/wp-json\/wp\/v2\/product\/24781\/revisions"}],"predecessor-version":[{"id":166976,"href":"https:\/\/www.ferberpainting.com\/se\/wp-json\/wp\/v2\/product\/24781\/revisions\/166976"}],"wp:featuredmedia":[{"embeddable":true,"href":"https:\/\/www.ferberpainting.com\/se\/wp-json\/wp\/v2\/media\/36032"}],"wp:attachment":[{"href":"https:\/\/www.ferberpainting.com\/se\/wp-json\/wp\/v2\/media?parent=24781"}],"wp:term":[{"taxonomy":"product_brand","embeddable":true,"href":"https:\/\/www.ferberpainting.com\/se\/wp-json\/wp\/v2\/product_brand?post=24781"},{"taxonomy":"product_cat","embeddable":true,"href":"https:\/\/www.ferberpainting.com\/se\/wp-json\/wp\/v2\/product_cat?post=24781"},{"taxonomy":"product_tag","embeddable":true,"href":"https:\/\/www.ferberpainting.com\/se\/wp-json\/wp\/v2\/product_tag?post=24781"}],"curies":[{"name":"wp","href":"https:\/\/api.w.org\/{rel}","templated":true}]}}