{"id":24771,"date":"2025-05-26T10:27:04","date_gmt":"2025-05-26T08:27:04","guid":{"rendered":"https:\/\/www.ferberpainting.com\/products\/photinia-fertilizer\/"},"modified":"2026-02-16T07:05:22","modified_gmt":"2026-02-16T06:05:22","slug":"photinia-fertilizer","status":"publish","type":"product","link":"https:\/\/www.ferberpainting.com\/se\/products\/photinia-fertilizer\/","title":{"rendered":"Photinia-g\u00f6dselmedel"},"content":{"rendered":"<p><strong><img decoding=\"async\" style=\"margin-right: 12px;\" src=\"https:\/\/www.ferberpainting.com\/wp-content\/uploads\/2026\/02\/Check.svg\" alt=\"\" width=\"18\" height=\"15\" \/>Ett balanserat g\u00f6dningsmedel f\u00f6r livskraftiga och motst\u00e5ndskraftiga photinia.<\/strong>\u00a0Photinia \u00e4r en h\u00f6gt v\u00e4rderad buske f\u00f6r sitt uth\u00e5lliga och f\u00e4rgstarka bladverk, som v\u00e4xlar mellan gr\u00f6nt och klarr\u00f6tt. F\u00f6r att s\u00e4kerst\u00e4lla snabb tillv\u00e4xt, optimal densitet och intensiv f\u00e4rgning \u00e4r det viktigt att f\u00f6rse den med n\u00f6dv\u00e4ndiga n\u00e4rings\u00e4mnen. Detta NPK 15-15-15-g\u00f6dselmedel ger en perfekt balans mellan kv\u00e4ve (N) f\u00f6r att fr\u00e4mja bladtillv\u00e4xt, fosfor (P) f\u00f6r att st\u00f6dja rotutveckling och kalium (K) f\u00f6r att st\u00e4rka motst\u00e5ndskraften mot sjukdomar och klimatf\u00f6rh\u00e5llanden. Tack vare denna fullst\u00e4ndiga befruktning kommer din photinia att utveckla t\u00e4tt l\u00f6vverk, en strukturerad vana och enhetlig tillv\u00e4xt under hela \u00e5ret.<\/p>\n<p><strong><img decoding=\"async\" style=\"margin-right: 12px;\" src=\"https:\/\/www.ferberpainting.com\/wp-content\/uploads\/2026\/02\/Check.svg\" alt=\"\" width=\"18\" height=\"15\" \/>Pengar-tillbaka-garanti.<\/strong>\u00a0Eftersom vi har f\u00f6rtroende f\u00f6r effektiviteten hos v\u00e5rt photinia-g\u00f6dselmedel erbjuder vi en pengarna-tillbaka-garanti. Om du, trots korrekt anv\u00e4ndning enligt rekommendationerna, inte m\u00e4rker n\u00e5gon betydande f\u00f6rb\u00e4ttring av tillv\u00e4xt och kraft, \u00e5tar vi oss att \u00e5terbetala dig helt.<\/p>\n<p><strong><img decoding=\"async\" style=\"margin-right: 12px;\" src=\"https:\/\/www.ferberpainting.com\/wp-content\/uploads\/2026\/02\/Check.svg\" alt=\"\" width=\"18\" height=\"15\" \/>L\u00e4mplig f\u00f6r alla jordtyper och milj\u00f6er.<\/strong>\u00a0Detta g\u00f6dselmedel \u00e4r anpassat till alla jordtyper, oavsett om det \u00e4r sandigt, lerigt, kalkhaltigt eller humusrikt. Det \u00e4r ocks\u00e5 effektivt f\u00f6r photinias planterade p\u00e5 \u00f6ppen mark s\u00e5v\u00e4l som de som odlas i krukor. Tack vare sin vattenl\u00f6sliga formulering s\u00e4kerst\u00e4ller den snabb rotabsorption och s\u00e4kerst\u00e4ller d\u00e4rmed konstant och effektiv tillf\u00f6rsel av viktiga n\u00e4rings\u00e4mnen.<\/p>\n<p><strong><img decoding=\"async\" style=\"margin-right: 12px;\" src=\"https:\/\/www.ferberpainting.com\/wp-content\/uploads\/2026\/02\/Check.svg\" alt=\"\" width=\"18\" height=\"15\" \/>Utm\u00e4rkt ekonomisk avkastning och l\u00e5ngvarig verkan.<\/strong>\u00a0Detta g\u00f6dningsmedel kommer som en flytande l\u00f6sning att sp\u00e4da ut, vilket m\u00f6jligg\u00f6r optimal och homogen diffusion av n\u00e4rings\u00e4mnen. Med en dosering p\u00e5 5 ml per liter vatten f\u00f6rbereder en 5-litersbeh\u00e5llare upp till 1.000 liter n\u00e4ringsl\u00f6sning, vilket motsvarar flera m\u00e5naders regelbundet underh\u00e5ll. Dess gradvisa fris\u00e4ttning s\u00e4kerst\u00e4ller kontinuerlig befruktning utan \u00f6verskott, vilket garanterar harmonisk buskutveckling.<\/p>\n<p><strong><img decoding=\"async\" style=\"margin-right: 12px;\" src=\"https:\/\/www.ferberpainting.com\/wp-content\/uploads\/2026\/02\/Check.svg\" alt=\"\" width=\"18\" height=\"15\" \/>Ett giftfritt och milj\u00f6v\u00e4nligt g\u00f6dningsmedel.<\/strong>\u00a0Detta g\u00f6dselmedel inneh\u00e5ller inga skadliga kemikalier och \u00e4r helt s\u00e4kert f\u00f6r jordar, odlingar och omgivande djurliv. Det utg\u00f6r ingen risk f\u00f6r husdjur eller pollinerande insekter, vilket g\u00f6r det till ett s\u00e4kert val f\u00f6r en h\u00e4lsosam tr\u00e4dg\u00e5rd som respekterar den biologiska m\u00e5ngfalden.<\/p>\n<p><strong><img decoding=\"async\" style=\"margin-right: 12px;\" src=\"https:\/\/www.ferberpainting.com\/wp-content\/uploads\/2026\/02\/Check.svg\" alt=\"\" width=\"18\" height=\"15\" \/>Enkel applicering och problemfri g\u00f6dsling.<\/strong>\u00a0Till skillnad fr\u00e5n fasta g\u00f6dningsmedel som kr\u00e4ver nedgr\u00e4vning i jorden \u00e4r detta flytande g\u00f6dningsmedel l\u00e4tt att applicera. Blanda det bara med bevattningsvatten och h\u00e4ll det direkt vid basen av photinia. Den snabba och effektiva anv\u00e4ndningen \u00e4r idealisk f\u00f6r b\u00e5de nyb\u00f6rjare och entusiaster som \u00e4r intresserade av optimalt buskunderh\u00e5ll.<\/p>\n<p><strong><img decoding=\"async\" style=\"margin-right: 12px;\" src=\"https:\/\/www.ferberpainting.com\/wp-content\/uploads\/2026\/02\/Check.svg\" alt=\"\" width=\"18\" height=\"15\" \/>Snabba \u00e5tg\u00e4rder f\u00f6r synliga resultat p\u00e5 bara n\u00e5gra veckor.<\/strong>\u00a0Fr\u00e5n de f\u00f6rsta veckorna efter applicering kommer du att se kraftigare tillv\u00e4xt, t\u00e4tare bladverk och mer levande f\u00e4rg. Tack vare sin snabbt absorberbara formulering stimulerar detta g\u00f6dselmedel bildandet av nya skott och f\u00f6rhindrar gulning eller l\u00e5ngsam tillv\u00e4xt orsakad av n\u00e4ringsbrister.<\/p>\n<p><strong><img decoding=\"async\" style=\"margin-right: 12px;\" src=\"https:\/\/www.ferberpainting.com\/wp-content\/uploads\/2026\/02\/Check.svg\" alt=\"\" width=\"18\" height=\"15\" \/>L\u00e5ngtidsverkande g\u00f6dsling f\u00f6r str\u00e5lande bladverk \u00e5ret runt.<\/strong>\u00a0Tack vare sin f\u00f6rl\u00e4ngda verkan s\u00e4kerst\u00e4ller detta g\u00f6dselmedel en j\u00e4mn och balanserad tillv\u00e4xt och undviker faser av stagnation. Det f\u00f6rb\u00e4ttrar photinias motst\u00e5ndskraft mot vanliga sjukdomar som pulveriserad m\u00f6gel och bladfl\u00e4ck och skyddar busken fr\u00e5n extrema klimatf\u00f6rh\u00e5llanden (torka, frost etc.).<\/p>\n<h2><strong>Anv\u00e4ndning Protokoll<\/strong><\/h2>\n<p><strong>Rekommenderad dosering <\/strong>:<\/p>\n<ul>\n<li><strong>Photinia i kruka\u00a0<\/strong>: Sp\u00e4d ut 5 ml g\u00f6dselmedel i 1 liter vatten och vattna runt plantans bas.<\/li>\n<li><strong>Photinia planterad i marken <\/strong>: Applicera 5 ml utsp\u00e4tt g\u00f6dselmedel i 1 liter vatten per buske, direkt p\u00e5 fuktig jord.<\/li>\n<li><strong>Unga plantor eller nyligen omplanterade fotinior <\/strong>: Minska koncentrationen till 2,5 ml per liter vatten f\u00f6r att undvika \u00f6verskott av n\u00e4rings\u00e4mnen.<\/li>\n<\/ul>\n<p><strong>Till\u00e4mpningsmetod <\/strong>:<\/p>\n<ul>\n<li><strong>Genom att vattna <\/strong>: H\u00e4ll n\u00e4ringsl\u00f6sningen vid basen av photinia och se till att bl\u00f6tl\u00e4gga jorden ordentligt utan att vattendr\u00e4nka den.<\/li>\n<li><strong>Genom besprutning av blad<\/strong> (som ett komplement) : Sp\u00e4d ut 1 ml g\u00f6dselmedel per liter vatten och spraya l\u00f6vverket f\u00f6r snabbare n\u00e4ringsupptag.<\/li>\n<\/ul>\n<p><strong>Frekvens av ans\u00f6kan <\/strong>:<\/p>\n<ul>\n<li><strong>Under aktiv tillv\u00e4xt (v\u00e5r-sommar) <\/strong>: Applicera g\u00f6dselmedlet varannan vecka f\u00f6r att stimulera tillv\u00e4xt och f\u00f6rb\u00e4ttra l\u00f6vverkets f\u00e4rg.<\/li>\n<li><strong>Under den vilande perioden (h\u00f6st-vinter) <\/strong>: Minska appliceringen till en g\u00e5ng i m\u00e5naden f\u00f6r att bibeh\u00e5lla vitaliteten utan \u00f6verstimulering.<\/li>\n<\/ul>\n<p><strong>F\u00f6rsiktighets\u00e5tg\u00e4rder vid anv\u00e4ndning <\/strong>:<\/p>\n<ul>\n<li>\u00d6verdosera inte g\u00f6dselmedlet f\u00f6r att undvika \u00f6verdriven ackumulering av n\u00e4rings\u00e4mnen i jorden.<\/li>\n<li>Applicera alltid g\u00f6dselmedel p\u00e5 fuktig jord f\u00f6r att underl\u00e4tta n\u00e4ringsupptagningen.<br \/>\nUndvik att applicera i full sol f\u00f6r att f\u00f6rhindra snabb avdunstning av n\u00e4rings\u00e4mnen.<\/li>\n<\/ul>\n<p><strong>F\u00f6rvaring och konservering<\/strong> :<\/p>\n<ul>\n<li>F\u00f6rvara g\u00f6dningsmedlet p\u00e5 en sval, torr plats, skyddad fr\u00e5n direkt ljus och fukt.<\/li>\n<li>St\u00e4ng beh\u00e5llaren ordentligt efter varje anv\u00e4ndning f\u00f6r att bevara produktens kvalitet.<\/li>\n<\/ul>\n<p>Tack vare detta photinia-g\u00f6dselmedel kommer din h\u00e4ck eller rabatt att f\u00e5 kraftiga, f\u00e4rgglada och helt friska bladverk \u00e5ret runt. Oavsett om din photinia \u00e4r planterad i krukor, i marken eller som en h\u00e4ck, s\u00e4kerst\u00e4ller denna l\u00e4ttanv\u00e4nda och mycket effektiva n\u00e4ringsl\u00f6sning enkel g\u00f6dsling f\u00f6r optimala resultat.<\/p>","protected":false},"excerpt":{"rendered":"<p>A balanced fertilizer for vibrant and resilient photinia.\u00a0Photinia is a highly valued shrub for its persistent and colorful foliage, alternating between green and bright red. To ensure rapid growth, optimal density, and intense coloration, it is essential to provide it with the necessary nutrients. This NPK 15-15-15 fertilizer provides a perfect balance of nitrogen (N) [&hellip;]<\/p>\n","protected":false},"featured_media":26627,"comment_status":"open","ping_status":"closed","template":"","meta":{"_uag_custom_page_level_css":"","site-sidebar-layout":"default","site-content-layout":"","ast-site-content-layout":"default","site-content-style":"default","site-sidebar-style":"default","ast-global-header-display":"","ast-banner-title-visibility":"","ast-main-header-display":"","ast-hfb-above-header-display":"","ast-hfb-below-header-display":"","ast-hfb-mobile-header-display":"","site-post-title":"","ast-breadcrumbs-content":"","ast-featured-img":"","footer-sml-layout":"","ast-disable-related-posts":"","theme-transparent-header-meta":"default","adv-header-id-meta":"","stick-header-meta":"","header-above-stick-meta":"","header-main-stick-meta":"","header-below-stick-meta":"","astra-migrate-meta-layouts":"set","ast-page-background-enabled":"default","ast-page-background-meta":{"desktop":{"background-color":"var(--ast-global-color-4)","background-image":"","background-repeat":"repeat","background-position":"center center","background-size":"auto","background-attachment":"scroll","background-type":"","background-media":"","overlay-type":"","overlay-color":"","overlay-opacity":"","overlay-gradient":""},"tablet":{"background-color":"","background-image":"","background-repeat":"repeat","background-position":"center center","background-size":"auto","background-attachment":"scroll","background-type":"","background-media":"","overlay-type":"","overlay-color":"","overlay-opacity":"","overlay-gradient":""},"mobile":{"background-color":"","background-image":"","background-repeat":"repeat","background-position":"center center","background-size":"auto","background-attachment":"scroll","background-type":"","background-media":"","overlay-type":"","overlay-color":"","overlay-opacity":"","overlay-gradient":""}},"ast-content-background-meta":{"desktop":{"background-color":"var(--ast-global-color-5)","background-image":"","background-repeat":"repeat","background-position":"center center","background-size":"auto","background-attachment":"scroll","background-type":"","background-media":"","overlay-type":"","overlay-color":"","overlay-opacity":"","overlay-gradient":""},"tablet":{"background-color":"var(--ast-global-color-5)","background-image":"","background-repeat":"repeat","background-position":"center center","background-size":"auto","background-attachment":"scroll","background-type":"","background-media":"","overlay-type":"","overlay-color":"","overlay-opacity":"","overlay-gradient":""},"mobile":{"background-color":"var(--ast-global-color-5)","background-image":"","background-repeat":"repeat","background-position":"center center","background-size":"auto","background-attachment":"scroll","background-type":"","background-media":"","overlay-type":"","overlay-color":"","overlay-opacity":"","overlay-gradient":""}}},"product_brand":[],"product_cat":[178],"product_tag":[],"class_list":{"0":"post-24771","1":"product","2":"type-product","3":"status-publish","4":"has-post-thumbnail","6":"product_cat-fertilizers","7":"desktop-align-left","8":"tablet-align-left","9":"mobile-align-left","11":"first","12":"instock","13":"sale","14":"shipping-taxable","15":"purchasable","16":"product-type-variable","17":"has-default-attributes"},"spectra_custom_meta":{"_visibility":["visible"],"_shopify_product_id":["9068037964021"],"_s2w_shopify_domain":["ferberpainting.myshopify.com"],"_shopify_variant_id":["46509904167157"],"_sku":[""],"_manage_stock":["no"],"total_sales":["121"],"_tax_status":["taxable"],"_tax_class":[""],"_backorders":["no"],"_sold_individually":["no"],"_virtual":["no"],"_downloadable":["no"],"_download_limit":["-1"],"_download_expiry":["-1"],"_stock":[null],"_stock_status":["instock"],"_wc_average_rating":["4.63"],"_wc_review_count":["8"],"_product_attributes":["a:1:{s:6:\"volume\";a:6:{s:4:\"name\";s:6:\"Volume\";s:5:\"value\";s:20:\"5 liters | 25 liters\";s:8:\"position\";i:1;s:10:\"is_visible\";i:0;s:12:\"is_variation\";i:1;s:11:\"is_taxonomy\";i:0;}}"],"_product_version":["10.5.1"],"_thumbnail_id":["26627"],"_product_image_gallery":["26628"],"wpse_downloadable_file_names":[""],"wpse_downloadable_file_urls":[""],"_edit_last":["1"],"_default_attributes":["a:1:{s:6:\"volume\";s:8:\"5 liters\";}"],"_edit_lock":["1771221783:1"],"_price":["29.90","129.90"],"merchant-center-availability":["yes"],"merchant-center-category":["113"],"_wp_page_template":["default"],"site-sidebar-layout":["default"],"ast-site-content-layout":["default"],"site-content-style":["default"],"site-sidebar-style":["default"],"theme-transparent-header-meta":["default"],"_wc_rating_count":["a:2:{i:4;i:3;i:5;i:5;}"],"astra-migrate-meta-layouts":["set"],"_uag_css_file_name":["uag-css-24771.css"],"_elementor_page_assets":["a:0:{}"],"_uag_page_assets":["a:9:{s:3:\"css\";s:7156:\".uag-blocks-common-selector{z-index:var(--z-index-desktop) !important}@media (max-width: 976px){.uag-blocks-common-selector{z-index:var(--z-index-tablet) !important}}@media (max-width: 767px){.uag-blocks-common-selector{z-index:var(--z-index-mobile) !important}}\n.wp-block-uagb-image{display:flex}.wp-block-uagb-image__figure{position:relative;display:flex;flex-direction:column;max-width:100%;height:auto;margin:0}.wp-block-uagb-image__figure img{height:auto;display:flex;max-width:100%;transition:box-shadow 0.2s ease}.wp-block-uagb-image__figure>a{display:inline-block}.wp-block-uagb-image__figure figcaption{text-align:center;margin-top:0.5em;margin-bottom:1em}.wp-block-uagb-image .components-placeholder.block-editor-media-placeholder .components-placeholder__instructions{align-self:center}.wp-block-uagb-image--align-left{text-align:left}.wp-block-uagb-image--align-right{text-align:right}.wp-block-uagb-image--align-center{text-align:center}.wp-block-uagb-image--align-full .wp-block-uagb-image__figure{margin-left:calc(50% - 50vw);margin-right:calc(50% - 50vw);max-width:100vw;width:100vw;height:auto}.wp-block-uagb-image--align-full .wp-block-uagb-image__figure img{height:auto;width:100% !important}.wp-block-uagb-image--align-wide .wp-block-uagb-image__figure img{height:auto;width:100%}.wp-block-uagb-image--layout-overlay__color-wrapper{position:absolute;left:0;top:0;right:0;bottom:0;opacity:0.2;background:rgba(0,0,0,0.5);transition:opacity 0.35s ease-in-out}.wp-block-uagb-image--layout-overlay-link{position:absolute;left:0;right:0;bottom:0;top:0}.wp-block-uagb-image--layout-overlay .wp-block-uagb-image__figure:hover .wp-block-uagb-image--layout-overlay__color-wrapper{opacity:1}.wp-block-uagb-image--layout-overlay__inner{position:absolute;left:15px;right:15px;bottom:15px;top:15px;display:flex;align-items:center;justify-content:center;flex-direction:column;border-color:#fff;transition:0.35s ease-in-out}.wp-block-uagb-image--layout-overlay__inner.top-left,.wp-block-uagb-image--layout-overlay__inner.top-center,.wp-block-uagb-image--layout-overlay__inner.top-right{justify-content:flex-start}.wp-block-uagb-image--layout-overlay__inner.bottom-left,.wp-block-uagb-image--layout-overlay__inner.bottom-center,.wp-block-uagb-image--layout-overlay__inner.bottom-right{justify-content:flex-end}.wp-block-uagb-image--layout-overlay__inner.top-left,.wp-block-uagb-image--layout-overlay__inner.center-left,.wp-block-uagb-image--layout-overlay__inner.bottom-left{align-items:flex-start}.wp-block-uagb-image--layout-overlay__inner.top-right,.wp-block-uagb-image--layout-overlay__inner.center-right,.wp-block-uagb-image--layout-overlay__inner.bottom-right{align-items:flex-end}.wp-block-uagb-image--layout-overlay__inner .uagb-image-heading{color:#fff;transition:transform 0.35s, opacity 0.35s ease-in-out;transform:translate3d(0, 24px, 0);margin:0;line-height:1em}.wp-block-uagb-image--layout-overlay__inner .uagb-image-separator{width:30%;border-top-width:2px;border-top-color:#fff;border-top-style:solid;margin-bottom:10px;opacity:0;transition:transform 0.4s, opacity 0.4s ease-in-out;transform:translate3d(0, 30px, 0)}.wp-block-uagb-image--layout-overlay__inner .uagb-image-caption{opacity:0;overflow:visible;color:#fff;transition:transform 0.45s, opacity 0.45s ease-in-out;transform:translate3d(0, 35px, 0)}.wp-block-uagb-image--layout-overlay__inner:hover .uagb-image-heading,.wp-block-uagb-image--layout-overlay__inner:hover .uagb-image-separator,.wp-block-uagb-image--layout-overlay__inner:hover .uagb-image-caption{opacity:1;transform:translate3d(0, 0, 0)}.wp-block-uagb-image--effect-zoomin .wp-block-uagb-image__figure img,.wp-block-uagb-image--effect-zoomin .wp-block-uagb-image__figure .wp-block-uagb-image--layout-overlay__color-wrapper{transform:scale(1);transition:transform 0.35s ease-in-out}.wp-block-uagb-image--effect-zoomin .wp-block-uagb-image__figure:hover img,.wp-block-uagb-image--effect-zoomin .wp-block-uagb-image__figure:hover .wp-block-uagb-image--layout-overlay__color-wrapper{transform:scale(1.05)}.wp-block-uagb-image--effect-slide .wp-block-uagb-image__figure img,.wp-block-uagb-image--effect-slide .wp-block-uagb-image__figure .wp-block-uagb-image--layout-overlay__color-wrapper{width:calc(100% + 40px) !important;max-width:none !important;transform:translate3d(-40px, 0, 0);transition:transform 0.35s ease-in-out}.wp-block-uagb-image--effect-slide .wp-block-uagb-image__figure:hover img,.wp-block-uagb-image--effect-slide .wp-block-uagb-image__figure:hover .wp-block-uagb-image--layout-overlay__color-wrapper{transform:translate3d(0, 0, 0)}.wp-block-uagb-image--effect-grayscale img{filter:grayscale(0%);transition:0.35s ease-in-out}.wp-block-uagb-image--effect-grayscale:hover img{filter:grayscale(100%)}.wp-block-uagb-image--effect-blur img{filter:blur(0);transition:0.35s ease-in-out}.wp-block-uagb-image--effect-blur:hover img{filter:blur(3px)}\n.uagb-block-e6f939b3.wp-block-uagb-image--layout-default figure img{box-shadow: 0px 0px 0 #00000070;}.uagb-block-e6f939b3.wp-block-uagb-image .wp-block-uagb-image__figure figcaption{font-style: normal;align-self: center;}.uagb-block-e6f939b3.wp-block-uagb-image--layout-overlay figure img{box-shadow: 0px 0px 0 #00000070;}.uagb-block-e6f939b3.wp-block-uagb-image--layout-overlay .wp-block-uagb-image--layout-overlay__color-wrapper{opacity: 0.2;}.uagb-block-e6f939b3.wp-block-uagb-image--layout-overlay .wp-block-uagb-image--layout-overlay__inner{left: 15px;right: 15px;top: 15px;bottom: 15px;}.uagb-block-e6f939b3.wp-block-uagb-image--layout-overlay .wp-block-uagb-image--layout-overlay__inner .uagb-image-heading{font-style: normal;color: #fff;opacity: 1;}.uagb-block-e6f939b3.wp-block-uagb-image--layout-overlay .wp-block-uagb-image--layout-overlay__inner .uagb-image-heading a{color: #fff;}.uagb-block-e6f939b3.wp-block-uagb-image--layout-overlay .wp-block-uagb-image--layout-overlay__inner .uagb-image-caption{opacity: 0;}.uagb-block-e6f939b3.wp-block-uagb-image--layout-overlay .wp-block-uagb-image__figure:hover .wp-block-uagb-image--layout-overlay__color-wrapper{opacity: 1;}.uagb-block-e6f939b3.wp-block-uagb-image .wp-block-uagb-image--layout-overlay__inner .uagb-image-separator{width: 30%;border-top-width: 2px;border-top-color: #fff;opacity: 0;}.uagb-block-e6f939b3.wp-block-uagb-image .wp-block-uagb-image__figure img{width: px;height: auto;}.uagb-block-e6f939b3.wp-block-uagb-image .wp-block-uagb-image__figure:hover .wp-block-uagb-image--layout-overlay__inner .uagb-image-caption{opacity: 1;}.uagb-block-e6f939b3.wp-block-uagb-image .wp-block-uagb-image__figure:hover .wp-block-uagb-image--layout-overlay__inner .uagb-image-separator{opacity: 1;}.uagb-block-e6f939b3.wp-block-uagb-image--layout-default figure:hover img{box-shadow: 0px 0px 0 #00000070;}.uagb-block-e6f939b3.wp-block-uagb-image--layout-overlay figure:hover img{box-shadow: 0px 0px 0 #00000070;}@media only screen and (max-width: 976px) {.uagb-block-e6f939b3.wp-block-uagb-image .wp-block-uagb-image__figure img{width: px;height: auto;}}@media only screen and (max-width: 767px) {.uagb-block-e6f939b3.wp-block-uagb-image .wp-block-uagb-image__figure img{width: px;height: auto;}}\";s:2:\"js\";s:0:\"\";s:18:\"current_block_list\";a:13:{i:0;s:11:\"core\/search\";i:1;s:10:\"core\/group\";i:2;s:12:\"core\/heading\";i:3;s:17:\"core\/latest-posts\";i:4;s:20:\"core\/latest-comments\";i:5;s:13:\"core\/archives\";i:6;s:15:\"core\/categories\";i:7;s:14:\"core\/paragraph\";i:8;s:10:\"uagb\/image\";i:9;s:11:\"core\/spacer\";i:10;s:30:\"woocommerce\/product-categories\";i:11;s:10:\"core\/image\";i:12;s:14:\"core\/shortcode\";}s:8:\"uag_flag\";b:1;s:11:\"uag_version\";s:10:\"1775582345\";s:6:\"gfonts\";a:0:{}s:10:\"gfonts_url\";s:0:\"\";s:12:\"gfonts_files\";a:0:{}s:14:\"uag_faq_layout\";b:0;}"]},"uagb_featured_image_src":{"full":["https:\/\/www.ferberpainting.com\/wp-content\/uploads\/2025\/05\/PhotiniaFertilizer5L.png",2560,2560,false],"thumbnail":["https:\/\/www.ferberpainting.com\/wp-content\/uploads\/2025\/05\/PhotiniaFertilizer5L-150x150.png",150,150,true],"medium":["https:\/\/www.ferberpainting.com\/wp-content\/uploads\/2025\/05\/PhotiniaFertilizer5L-300x300.png",300,300,true],"medium_large":["https:\/\/www.ferberpainting.com\/wp-content\/uploads\/2025\/05\/PhotiniaFertilizer5L-768x768.png",768,768,true],"large":["https:\/\/www.ferberpainting.com\/wp-content\/uploads\/2025\/05\/PhotiniaFertilizer5L-1024x1024.png",1024,1024,true],"1536x1536":["https:\/\/www.ferberpainting.com\/wp-content\/uploads\/2025\/05\/PhotiniaFertilizer5L-1536x1536.png",1536,1536,true],"2048x2048":["https:\/\/www.ferberpainting.com\/wp-content\/uploads\/2025\/05\/PhotiniaFertilizer5L-2048x2048.png",2048,2048,true],"trp-custom-language-flag":["https:\/\/www.ferberpainting.com\/wp-content\/uploads\/2025\/05\/PhotiniaFertilizer5L-12x12.png",12,12,true],"woocommerce_thumbnail":["https:\/\/www.ferberpainting.com\/wp-content\/uploads\/2025\/05\/PhotiniaFertilizer5L-300x300.png",300,300,true],"woocommerce_single":["https:\/\/www.ferberpainting.com\/wp-content\/uploads\/2025\/05\/PhotiniaFertilizer5L-600x600.png",600,600,true],"woocommerce_gallery_thumbnail":["https:\/\/www.ferberpainting.com\/wp-content\/uploads\/2025\/05\/PhotiniaFertilizer5L-100x100.png",100,100,true]},"uagb_author_info":{"display_name":"admin","author_link":"https:\/\/www.ferberpainting.com\/se\/author\/"},"uagb_comment_info":8,"uagb_excerpt":"A balanced fertilizer for vibrant and resilient photinia.\u00a0Photinia is a highly valued shrub for its persistent and colorful foliage, alternating between green and bright red. To ensure rapid growth, optimal density, and intense coloration, it is essential to provide it with the necessary nutrients. This NPK 15-15-15 fertilizer provides a perfect balance of nitrogen (N)&hellip;","_links":{"self":[{"href":"https:\/\/www.ferberpainting.com\/se\/wp-json\/wp\/v2\/product\/24771","targetHints":{"allow":["GET"]}}],"collection":[{"href":"https:\/\/www.ferberpainting.com\/se\/wp-json\/wp\/v2\/product"}],"about":[{"href":"https:\/\/www.ferberpainting.com\/se\/wp-json\/wp\/v2\/types\/product"}],"replies":[{"embeddable":true,"href":"https:\/\/www.ferberpainting.com\/se\/wp-json\/wp\/v2\/comments?post=24771"}],"version-history":[{"count":4,"href":"https:\/\/www.ferberpainting.com\/se\/wp-json\/wp\/v2\/product\/24771\/revisions"}],"predecessor-version":[{"id":166967,"href":"https:\/\/www.ferberpainting.com\/se\/wp-json\/wp\/v2\/product\/24771\/revisions\/166967"}],"wp:featuredmedia":[{"embeddable":true,"href":"https:\/\/www.ferberpainting.com\/se\/wp-json\/wp\/v2\/media\/26627"}],"wp:attachment":[{"href":"https:\/\/www.ferberpainting.com\/se\/wp-json\/wp\/v2\/media?parent=24771"}],"wp:term":[{"taxonomy":"product_brand","embeddable":true,"href":"https:\/\/www.ferberpainting.com\/se\/wp-json\/wp\/v2\/product_brand?post=24771"},{"taxonomy":"product_cat","embeddable":true,"href":"https:\/\/www.ferberpainting.com\/se\/wp-json\/wp\/v2\/product_cat?post=24771"},{"taxonomy":"product_tag","embeddable":true,"href":"https:\/\/www.ferberpainting.com\/se\/wp-json\/wp\/v2\/product_tag?post=24771"}],"curies":[{"name":"wp","href":"https:\/\/api.w.org\/{rel}","templated":true}]}}