{"id":24768,"date":"2025-05-26T10:27:03","date_gmt":"2025-05-26T08:27:03","guid":{"rendered":"https:\/\/www.ferberpainting.com\/products\/pepper-and-chili-fertilizer\/"},"modified":"2026-02-15T23:51:46","modified_gmt":"2026-02-15T22:51:46","slug":"pepper-and-chili-fertilizer","status":"publish","type":"product","link":"https:\/\/www.ferberpainting.com\/se\/products\/pepper-and-chili-fertilizer\/","title":{"rendered":"G\u00f6dselmedel f\u00f6r paprika och chili"},"content":{"rendered":"<p><strong><img decoding=\"async\" style=\"margin-right: 12px;\" src=\"https:\/\/www.ferberpainting.com\/wp-content\/uploads\/2026\/02\/Check.svg\" alt=\"\" width=\"18\" height=\"15\" \/>Ett g\u00f6dselmedel som \u00e4r speciellt utformat f\u00f6r friska och smakrika chilipeppar.<\/strong>\u00a0Detta g\u00f6dselmedel \u00e4r formulerat f\u00f6r att tillgodose pepparplantornas specifika behov, vilket fr\u00e4mjar kraftig tillv\u00e4xt, riklig blomning och produktion av kryddiga och v\u00e4lsmakande frukter. Tack vare den perfekta balansen mellan kv\u00e4ve (N), fosfor (P) och kalium (K) med en 15-15-15 NPK stimulerar den rotutveckling, blomning och frukts\u00e4ttning, vilket s\u00e4kerst\u00e4ller gener\u00f6sa sk\u00f6rdar av h\u00f6g kvalitet.<\/p>\n<p><strong><img decoding=\"async\" style=\"margin-right: 12px;\" src=\"https:\/\/www.ferberpainting.com\/wp-content\/uploads\/2026\/02\/Check.svg\" alt=\"\" width=\"18\" height=\"15\" \/>Pengar-tillbaka-garanti.<\/strong>\u00a0Vi \u00e4r \u00f6vertygade om effektiviteten i v\u00e5rt chilipepparg\u00f6dselmedel och erbjuder full \u00e5terbetalning vid missn\u00f6je. Om du, efter applicering enligt rekommendationerna, inte m\u00e4rker n\u00e5gon betydande f\u00f6rb\u00e4ttring av din gr\u00f6da, kan du beg\u00e4ra \u00e5terbetalning utan att motivering kr\u00e4vs.<\/p>\n<p><strong><img decoding=\"async\" style=\"margin-right: 12px;\" src=\"https:\/\/www.ferberpainting.com\/wp-content\/uploads\/2026\/02\/Check.svg\" alt=\"\" width=\"18\" height=\"15\" \/>L\u00e4mplig f\u00f6r alla paprikasorter och odlingsmetoder.<\/strong>\u00a0Detta g\u00f6dselmedel \u00e4r anpassat f\u00f6r alla typer av paprika, oavsett om de \u00e4r milda eller heta, till exempel Cayennepeppar, jalape\u00f1o, habanero eller Espelettepeppar. Den \u00e4r idealisk f\u00f6r odling p\u00e5 friland, i v\u00e4xthus, i krukor p\u00e5 balkongen eller till och med i hydroponik. Dess balanserade formel g\u00f6r det till ett m\u00e5ngsidigt g\u00f6dselmedel som ocks\u00e5 \u00e4r l\u00e4mpligt f\u00f6r andra solanaceous gr\u00f6dor som tomater, \u00e4ggplantor och paprika.<\/p>\n<p><strong><img decoding=\"async\" style=\"margin-right: 12px;\" src=\"https:\/\/www.ferberpainting.com\/wp-content\/uploads\/2026\/02\/Check.svg\" alt=\"\" width=\"18\" height=\"15\" \/>Utm\u00e4rkt ekonomisk avkastning.<\/strong>\u00a0Tack vare sin optimala koncentration s\u00e4kerst\u00e4ller detta g\u00f6dningsmedel l\u00e5g dosering f\u00f6r en stor m\u00e4ngd g\u00f6dslingsl\u00f6sning. En utsp\u00e4dning p\u00e5 5 ml per liter vatten g\u00f6r att du effektivt kan g\u00f6dsla flera v\u00e4xter med bara en 5-litersflaska, vilket optimerar kostnaden f\u00f6r g\u00f6dselmedlet samtidigt som du ger maximala resultat.<\/p>\n<p><strong><img decoding=\"async\" style=\"margin-right: 12px;\" src=\"https:\/\/www.ferberpainting.com\/wp-content\/uploads\/2026\/02\/Check.svg\" alt=\"\" width=\"18\" height=\"15\" \/>Ett s\u00e4kert g\u00f6dningsmedel f\u00f6r gr\u00f6dor och milj\u00f6.<\/strong>\u00a0Detta g\u00f6dselmedel \u00e4r tillverkat utan skadliga \u00e4mnen f\u00f6r v\u00e4xter och jord och bevarar den biologiska balansen i gr\u00f6dor och f\u00f6rb\u00e4ttrar markstrukturen p\u00e5 l\u00e5ng sikt. Det respekterar b\u00e5de milj\u00f6n och m\u00e4nniskors h\u00e4lsa, vilket garanterar s\u00e4kra och naturliga sk\u00f6rdar, utan n\u00e5gon toxicitetsrisk f\u00f6r konsumtion.<\/p>\n<p><strong><img decoding=\"async\" style=\"margin-right: 12px;\" src=\"https:\/\/www.ferberpainting.com\/wp-content\/uploads\/2026\/02\/Check.svg\" alt=\"\" width=\"18\" height=\"15\" \/>Enkel anv\u00e4ndning f\u00f6r alla tr\u00e4dg\u00e5rdsm\u00e4stare.<\/strong>\u00a0Detta g\u00f6dselmedel \u00e4r utformat f\u00f6r att enkelt kunna anv\u00e4ndas av b\u00e5de nyb\u00f6rjare och proffs och sp\u00e4ds direkt i vatten och appliceras genom vattning eller sprutning. Det kr\u00e4ver ingen komplicerad beredning, vilket sparar tid och undviker doseringsfel.<\/p>\n<p><strong><img decoding=\"async\" style=\"margin-right: 12px;\" src=\"https:\/\/www.ferberpainting.com\/wp-content\/uploads\/2026\/02\/Check.svg\" alt=\"\" width=\"18\" height=\"15\" \/>L\u00e5ngvarig verkan f\u00f6r friska chiliplantor.<\/strong>\u00a0Tack vare den gradvisa fris\u00e4ttningen av n\u00e4rings\u00e4mnen ger detta g\u00f6dselmedel en balanserad n\u00e4ring under flera veckor. Det fr\u00e4mjar starka rotsystem, motst\u00e5ndskraft mot sjukdomar och kontinuerlig blomning, vilket s\u00e4kerst\u00e4ller rikliga och l\u00e5ngvariga sk\u00f6rdar under hela s\u00e4songen.<\/p>\n<p><strong><img decoding=\"async\" style=\"margin-right: 12px;\" src=\"https:\/\/www.ferberpainting.com\/wp-content\/uploads\/2026\/02\/Check.svg\" alt=\"\" width=\"18\" height=\"15\" \/>Synliga resultat p\u00e5 bara n\u00e5gra veckor.<\/strong>\u00a0Fr\u00e5n de f\u00f6rsta veckorna av appliceringen kommer du att observera accelererad v\u00e4xttillv\u00e4xt, t\u00e4tare och gr\u00f6nare bladverk samt mer konsekvent blomning och frukts\u00e4ttning. Detta g\u00f6dselmedel stimulerar ocks\u00e5 bildandet av k\u00f6ttigare, mer f\u00e4rgstarka och mer smakrika frukter, vilket leder till en rik sk\u00f6rd av h\u00f6g kvalitet.<\/p>\n<h2><strong>Instruktioner f\u00f6r anv\u00e4ndning<\/strong><\/h2>\n<p><strong>Rekommenderad dosering <\/strong>:<\/p>\n<ul>\n<li><strong>P\u00e5 \u00f6ppen mark <\/strong>: Sp\u00e4d ut 5 ml g\u00f6dselmedel per liter vatten och vattna direkt vid plantans bas varannan vecka.<\/li>\n<li><strong>I krukor <\/strong>: Applicera 5 ml per liter vatten och vattna varannan vecka, var f\u00f6rsiktig s\u00e5 att du inte \u00f6verm\u00e4ttar substratet.<\/li>\n<li><strong>I hydroponisk odling <\/strong>: Tills\u00e4tt 5 ml per liter vatten i n\u00e4ringsl\u00f6sningen och f\u00f6rnya den varje vecka.<\/li>\n<\/ul>\n<p><strong>Ans\u00f6kningsfrekvens <\/strong>:<\/p>\n<ul>\n<li><strong>Tillv\u00e4xtstadium <\/strong>: Applicera varannan vecka f\u00f6r att fr\u00e4mja kraftig stam- och bladutveckling.<\/li>\n<li><strong>Blomning och frukts\u00e4ttning <\/strong>: Forts\u00e4tt att applicera varannan vecka, \u00f6ka frekvensen n\u00e5got om det beh\u00f6vs f\u00f6r att st\u00f6dja blom- och fruktproduktionen.<\/li>\n<li><strong>Sk\u00f6rdeperiod <\/strong>: Minska appliceringen till en g\u00e5ng i m\u00e5naden f\u00f6r att bibeh\u00e5lla fruktkvaliteten utan \u00f6verg\u00f6dning.<\/li>\n<\/ul>\n<p><strong>Till\u00e4mpningsmetod <\/strong>:<\/p>\n<ul>\n<li><strong>Genom rotbevattning <\/strong>: Sp\u00e4d ut och applicera direkt p\u00e5 rotzonen f\u00f6r optimal absorption.<\/li>\n<li><strong>Genom besprutning av blad <\/strong>: Spraya en utsp\u00e4dd l\u00f6sning (5 ml\/l) p\u00e5 bladverket under tillv\u00e4xtstadiet och undvik h\u00f6g v\u00e4rme eller direkt solljus under appliceringen.<\/li>\n<\/ul>\n<p><strong>F\u00f6rsiktighets\u00e5tg\u00e4rder vid anv\u00e4ndning <\/strong>:<\/p>\n<ul>\n<li>\u00d6verdosera inte, \u00f6verskott av kv\u00e4ve kan uppmuntra bladtillv\u00e4xt p\u00e5 bekostnad av fruktproduktionen.<\/li>\n<li>Undvik att applicera under direkt solljus, applicera p\u00e5 morgonen eller kv\u00e4llen.<\/li>\n<li>F\u00f6rvara p\u00e5 en sval, torr plats, skyddad fr\u00e5n direkt solljus.<\/li>\n<\/ul>\n<p>Med detta chilipepparg\u00f6dselmedel s\u00e4kerst\u00e4ller du snabb tillv\u00e4xt, riklig blomning och smakrika frukter hela s\u00e4songen. Dess perfekta n\u00e4ringsbalans garanterar gener\u00f6sa sk\u00f6rdar, oavsett om de odlas p\u00e5 friland, i krukor eller v\u00e4xthus.<\/p>","protected":false},"excerpt":{"rendered":"<p>A fertilizer specially designed for healthy and flavorful chili peppers.\u00a0This fertilizer is formulated to meet the specific needs of pepper plants, promoting vigorous growth, abundant flowering, and the production of spicy and tasty fruits. Thanks to its perfect balance of nitrogen (N), phosphorus (P), and potassium (K) with a 15-15-15 NPK, it stimulates root development, [&hellip;]<\/p>\n","protected":false},"featured_media":26624,"comment_status":"open","ping_status":"closed","template":"","meta":{"_uag_custom_page_level_css":"","site-sidebar-layout":"default","site-content-layout":"","ast-site-content-layout":"default","site-content-style":"default","site-sidebar-style":"default","ast-global-header-display":"","ast-banner-title-visibility":"","ast-main-header-display":"","ast-hfb-above-header-display":"","ast-hfb-below-header-display":"","ast-hfb-mobile-header-display":"","site-post-title":"","ast-breadcrumbs-content":"","ast-featured-img":"","footer-sml-layout":"","ast-disable-related-posts":"","theme-transparent-header-meta":"default","adv-header-id-meta":"","stick-header-meta":"","header-above-stick-meta":"","header-main-stick-meta":"","header-below-stick-meta":"","astra-migrate-meta-layouts":"set","ast-page-background-enabled":"default","ast-page-background-meta":{"desktop":{"background-color":"var(--ast-global-color-4)","background-image":"","background-repeat":"repeat","background-position":"center center","background-size":"auto","background-attachment":"scroll","background-type":"","background-media":"","overlay-type":"","overlay-color":"","overlay-opacity":"","overlay-gradient":""},"tablet":{"background-color":"","background-image":"","background-repeat":"repeat","background-position":"center center","background-size":"auto","background-attachment":"scroll","background-type":"","background-media":"","overlay-type":"","overlay-color":"","overlay-opacity":"","overlay-gradient":""},"mobile":{"background-color":"","background-image":"","background-repeat":"repeat","background-position":"center center","background-size":"auto","background-attachment":"scroll","background-type":"","background-media":"","overlay-type":"","overlay-color":"","overlay-opacity":"","overlay-gradient":""}},"ast-content-background-meta":{"desktop":{"background-color":"var(--ast-global-color-5)","background-image":"","background-repeat":"repeat","background-position":"center center","background-size":"auto","background-attachment":"scroll","background-type":"","background-media":"","overlay-type":"","overlay-color":"","overlay-opacity":"","overlay-gradient":""},"tablet":{"background-color":"var(--ast-global-color-5)","background-image":"","background-repeat":"repeat","background-position":"center center","background-size":"auto","background-attachment":"scroll","background-type":"","background-media":"","overlay-type":"","overlay-color":"","overlay-opacity":"","overlay-gradient":""},"mobile":{"background-color":"var(--ast-global-color-5)","background-image":"","background-repeat":"repeat","background-position":"center center","background-size":"auto","background-attachment":"scroll","background-type":"","background-media":"","overlay-type":"","overlay-color":"","overlay-opacity":"","overlay-gradient":""}}},"product_brand":[],"product_cat":[178],"product_tag":[],"class_list":{"0":"post-24768","1":"product","2":"type-product","3":"status-publish","4":"has-post-thumbnail","6":"product_cat-fertilizers","7":"desktop-align-left","8":"tablet-align-left","9":"mobile-align-left","11":"first","12":"instock","13":"sale","14":"taxable","15":"shipping-taxable","16":"purchasable","17":"product-type-variable","18":"has-default-attributes"},"spectra_custom_meta":{"_visibility":["visible"],"_shopify_product_id":["9097088991477"],"_s2w_shopify_domain":["ferberpainting.myshopify.com"],"_shopify_variant_id":["46597724733685"],"_sku":[""],"_manage_stock":["no"],"total_sales":["15"],"_tax_status":["taxable"],"_tax_class":[""],"_backorders":["no"],"_sold_individually":["no"],"_virtual":["no"],"_downloadable":["no"],"_download_limit":["-1"],"_download_expiry":["-1"],"_stock":[null],"_stock_status":["instock"],"_wc_average_rating":["4.75"],"_wc_review_count":["8"],"_product_attributes":["a:1:{s:6:\"volume\";a:6:{s:4:\"name\";s:6:\"Volume\";s:5:\"value\";s:20:\"5 liters | 25 liters\";s:8:\"position\";i:1;s:10:\"is_visible\";i:0;s:12:\"is_variation\";i:1;s:11:\"is_taxonomy\";i:0;}}"],"_product_version":["10.5.1"],"_thumbnail_id":["26624"],"_product_image_gallery":["26626"],"wpse_downloadable_file_names":[""],"wpse_downloadable_file_urls":[""],"_edit_last":["1"],"_default_attributes":["a:1:{s:6:\"volume\";s:8:\"5 liters\";}"],"_edit_lock":["1771221531:1"],"_price":["29.90","129.90"],"merchant-center-availability":["yes"],"merchant-center-category":["113"],"_wp_page_template":["default"],"site-sidebar-layout":["default"],"ast-site-content-layout":["default"],"site-content-style":["default"],"site-sidebar-style":["default"],"theme-transparent-header-meta":["default"],"_wc_rating_count":["a:2:{i:4;i:2;i:5;i:6;}"],"astra-migrate-meta-layouts":["set"],"_uag_css_file_name":["uag-css-24768.css"],"_elementor_page_assets":["a:0:{}"],"_uag_page_assets":["a:9:{s:3:\"css\";s:7133:\".uag-blocks-common-selector{z-index:var(--z-index-desktop) !important}@media(max-width: 976px){.uag-blocks-common-selector{z-index:var(--z-index-tablet) !important}}@media(max-width: 767px){.uag-blocks-common-selector{z-index:var(--z-index-mobile) !important}}.wp-block-uagb-image{display:flex}.wp-block-uagb-image__figure{position:relative;display:flex;flex-direction:column;max-width:100%;height:auto;margin:0}.wp-block-uagb-image__figure img{height:auto;display:flex;max-width:100%;transition:box-shadow .2s ease}.wp-block-uagb-image__figure>a{display:inline-block}.wp-block-uagb-image__figure figcaption{text-align:center;margin-top:.5em;margin-bottom:1em}.wp-block-uagb-image .components-placeholder.block-editor-media-placeholder .components-placeholder__instructions{align-self:center}.wp-block-uagb-image--align-left{text-align:left}.wp-block-uagb-image--align-right{text-align:right}.wp-block-uagb-image--align-center{text-align:center}.wp-block-uagb-image--align-full .wp-block-uagb-image__figure{margin-left:calc(50% - 50vw);margin-right:calc(50% - 50vw);max-width:100vw;width:100vw;height:auto}.wp-block-uagb-image--align-full .wp-block-uagb-image__figure img{height:auto;width:100% !important}.wp-block-uagb-image--align-wide .wp-block-uagb-image__figure img{height:auto;width:100%}.wp-block-uagb-image--layout-overlay__color-wrapper{position:absolute;left:0;top:0;right:0;bottom:0;opacity:.2;background:rgba(0,0,0,.5);transition:opacity .35s ease-in-out}.wp-block-uagb-image--layout-overlay-link{position:absolute;left:0;right:0;bottom:0;top:0}.wp-block-uagb-image--layout-overlay .wp-block-uagb-image__figure:hover .wp-block-uagb-image--layout-overlay__color-wrapper{opacity:1}.wp-block-uagb-image--layout-overlay__inner{position:absolute;left:15px;right:15px;bottom:15px;top:15px;display:flex;align-items:center;justify-content:center;flex-direction:column;border-color:#fff;transition:.35s ease-in-out}.wp-block-uagb-image--layout-overlay__inner.top-left,.wp-block-uagb-image--layout-overlay__inner.top-center,.wp-block-uagb-image--layout-overlay__inner.top-right{justify-content:flex-start}.wp-block-uagb-image--layout-overlay__inner.bottom-left,.wp-block-uagb-image--layout-overlay__inner.bottom-center,.wp-block-uagb-image--layout-overlay__inner.bottom-right{justify-content:flex-end}.wp-block-uagb-image--layout-overlay__inner.top-left,.wp-block-uagb-image--layout-overlay__inner.center-left,.wp-block-uagb-image--layout-overlay__inner.bottom-left{align-items:flex-start}.wp-block-uagb-image--layout-overlay__inner.top-right,.wp-block-uagb-image--layout-overlay__inner.center-right,.wp-block-uagb-image--layout-overlay__inner.bottom-right{align-items:flex-end}.wp-block-uagb-image--layout-overlay__inner .uagb-image-heading{color:#fff;transition:transform .35s,opacity .35s ease-in-out;transform:translate3d(0, 24px, 0);margin:0;line-height:1em}.wp-block-uagb-image--layout-overlay__inner .uagb-image-separator{width:30%;border-top-width:2px;border-top-color:#fff;border-top-style:solid;margin-bottom:10px;opacity:0;transition:transform .4s,opacity .4s ease-in-out;transform:translate3d(0, 30px, 0)}.wp-block-uagb-image--layout-overlay__inner .uagb-image-caption{opacity:0;overflow:visible;color:#fff;transition:transform .45s,opacity .45s ease-in-out;transform:translate3d(0, 35px, 0)}.wp-block-uagb-image--layout-overlay__inner:hover .uagb-image-heading,.wp-block-uagb-image--layout-overlay__inner:hover .uagb-image-separator,.wp-block-uagb-image--layout-overlay__inner:hover .uagb-image-caption{opacity:1;transform:translate3d(0, 0, 0)}.wp-block-uagb-image--effect-zoomin .wp-block-uagb-image__figure img,.wp-block-uagb-image--effect-zoomin .wp-block-uagb-image__figure .wp-block-uagb-image--layout-overlay__color-wrapper{transform:scale(1);transition:transform .35s ease-in-out}.wp-block-uagb-image--effect-zoomin .wp-block-uagb-image__figure:hover img,.wp-block-uagb-image--effect-zoomin .wp-block-uagb-image__figure:hover .wp-block-uagb-image--layout-overlay__color-wrapper{transform:scale(1.05)}.wp-block-uagb-image--effect-slide .wp-block-uagb-image__figure img,.wp-block-uagb-image--effect-slide .wp-block-uagb-image__figure .wp-block-uagb-image--layout-overlay__color-wrapper{width:calc(100% + 40px) !important;max-width:none !important;transform:translate3d(-40px, 0, 0);transition:transform .35s ease-in-out}.wp-block-uagb-image--effect-slide .wp-block-uagb-image__figure:hover img,.wp-block-uagb-image--effect-slide .wp-block-uagb-image__figure:hover .wp-block-uagb-image--layout-overlay__color-wrapper{transform:translate3d(0, 0, 0)}.wp-block-uagb-image--effect-grayscale img{filter:grayscale(0%);transition:.35s ease-in-out}.wp-block-uagb-image--effect-grayscale:hover img{filter:grayscale(100%)}.wp-block-uagb-image--effect-blur img{filter:blur(0);transition:.35s ease-in-out}.wp-block-uagb-image--effect-blur:hover img{filter:blur(3px)}.uagb-block-e6f939b3.wp-block-uagb-image--layout-default figure img{box-shadow: 0px 0px 0 #00000070;}.uagb-block-e6f939b3.wp-block-uagb-image .wp-block-uagb-image__figure figcaption{font-style: normal;align-self: center;}.uagb-block-e6f939b3.wp-block-uagb-image--layout-overlay figure img{box-shadow: 0px 0px 0 #00000070;}.uagb-block-e6f939b3.wp-block-uagb-image--layout-overlay .wp-block-uagb-image--layout-overlay__color-wrapper{opacity: 0.2;}.uagb-block-e6f939b3.wp-block-uagb-image--layout-overlay .wp-block-uagb-image--layout-overlay__inner{left: 15px;right: 15px;top: 15px;bottom: 15px;}.uagb-block-e6f939b3.wp-block-uagb-image--layout-overlay .wp-block-uagb-image--layout-overlay__inner .uagb-image-heading{font-style: normal;color: #fff;opacity: 1;}.uagb-block-e6f939b3.wp-block-uagb-image--layout-overlay .wp-block-uagb-image--layout-overlay__inner .uagb-image-heading a{color: #fff;}.uagb-block-e6f939b3.wp-block-uagb-image--layout-overlay .wp-block-uagb-image--layout-overlay__inner .uagb-image-caption{opacity: 0;}.uagb-block-e6f939b3.wp-block-uagb-image--layout-overlay .wp-block-uagb-image__figure:hover .wp-block-uagb-image--layout-overlay__color-wrapper{opacity: 1;}.uagb-block-e6f939b3.wp-block-uagb-image .wp-block-uagb-image--layout-overlay__inner .uagb-image-separator{width: 30%;border-top-width: 2px;border-top-color: #fff;opacity: 0;}.uagb-block-e6f939b3.wp-block-uagb-image .wp-block-uagb-image__figure img{width: px;height: auto;}.uagb-block-e6f939b3.wp-block-uagb-image .wp-block-uagb-image__figure:hover .wp-block-uagb-image--layout-overlay__inner .uagb-image-caption{opacity: 1;}.uagb-block-e6f939b3.wp-block-uagb-image .wp-block-uagb-image__figure:hover .wp-block-uagb-image--layout-overlay__inner .uagb-image-separator{opacity: 1;}.uagb-block-e6f939b3.wp-block-uagb-image--layout-default figure:hover img{box-shadow: 0px 0px 0 #00000070;}.uagb-block-e6f939b3.wp-block-uagb-image--layout-overlay figure:hover img{box-shadow: 0px 0px 0 #00000070;}@media only screen and (max-width: 976px) {.uagb-block-e6f939b3.wp-block-uagb-image .wp-block-uagb-image__figure img{width: px;height: auto;}}@media only screen and (max-width: 767px) {.uagb-block-e6f939b3.wp-block-uagb-image .wp-block-uagb-image__figure img{width: px;height: auto;}}\";s:2:\"js\";s:0:\"\";s:18:\"current_block_list\";a:13:{i:0;s:11:\"core\/search\";i:1;s:10:\"core\/group\";i:2;s:12:\"core\/heading\";i:3;s:17:\"core\/latest-posts\";i:4;s:20:\"core\/latest-comments\";i:5;s:13:\"core\/archives\";i:6;s:15:\"core\/categories\";i:7;s:14:\"core\/paragraph\";i:8;s:10:\"uagb\/image\";i:9;s:11:\"core\/spacer\";i:10;s:30:\"woocommerce\/product-categories\";i:11;s:10:\"core\/image\";i:12;s:14:\"core\/shortcode\";}s:8:\"uag_flag\";b:1;s:11:\"uag_version\";s:10:\"1777310200\";s:6:\"gfonts\";a:0:{}s:10:\"gfonts_url\";s:0:\"\";s:12:\"gfonts_files\";a:0:{}s:14:\"uag_faq_layout\";b:0;}"]},"uagb_featured_image_src":{"full":["https:\/\/www.ferberpainting.com\/wp-content\/uploads\/2025\/05\/PepperandChiliFertilizer5L.png",2560,2560,false],"thumbnail":["https:\/\/www.ferberpainting.com\/wp-content\/uploads\/2025\/05\/PepperandChiliFertilizer5L-150x150.png",150,150,true],"medium":["https:\/\/www.ferberpainting.com\/wp-content\/uploads\/2025\/05\/PepperandChiliFertilizer5L-300x300.png",300,300,true],"medium_large":["https:\/\/www.ferberpainting.com\/wp-content\/uploads\/2025\/05\/PepperandChiliFertilizer5L-768x768.png",768,768,true],"large":["https:\/\/www.ferberpainting.com\/wp-content\/uploads\/2025\/05\/PepperandChiliFertilizer5L-1024x1024.png",1024,1024,true],"1536x1536":["https:\/\/www.ferberpainting.com\/wp-content\/uploads\/2025\/05\/PepperandChiliFertilizer5L-1536x1536.png",1536,1536,true],"2048x2048":["https:\/\/www.ferberpainting.com\/wp-content\/uploads\/2025\/05\/PepperandChiliFertilizer5L-2048x2048.png",2048,2048,true],"trp-custom-language-flag":["https:\/\/www.ferberpainting.com\/wp-content\/uploads\/2025\/05\/PepperandChiliFertilizer5L-12x12.png",12,12,true],"woocommerce_thumbnail":["https:\/\/www.ferberpainting.com\/wp-content\/uploads\/2025\/05\/PepperandChiliFertilizer5L-300x300.png",300,300,true],"woocommerce_single":["https:\/\/www.ferberpainting.com\/wp-content\/uploads\/2025\/05\/PepperandChiliFertilizer5L-600x600.png",600,600,true],"woocommerce_gallery_thumbnail":["https:\/\/www.ferberpainting.com\/wp-content\/uploads\/2025\/05\/PepperandChiliFertilizer5L-100x100.png",100,100,true]},"uagb_author_info":{"display_name":"admin","author_link":"https:\/\/www.ferberpainting.com\/se\/author\/"},"uagb_comment_info":8,"uagb_excerpt":"A fertilizer specially designed for healthy and flavorful chili peppers.\u00a0This fertilizer is formulated to meet the specific needs of pepper plants, promoting vigorous growth, abundant flowering, and the production of spicy and tasty fruits. Thanks to its perfect balance of nitrogen (N), phosphorus (P), and potassium (K) with a 15-15-15 NPK, it stimulates root development,&hellip;","_links":{"self":[{"href":"https:\/\/www.ferberpainting.com\/se\/wp-json\/wp\/v2\/product\/24768","targetHints":{"allow":["GET"]}}],"collection":[{"href":"https:\/\/www.ferberpainting.com\/se\/wp-json\/wp\/v2\/product"}],"about":[{"href":"https:\/\/www.ferberpainting.com\/se\/wp-json\/wp\/v2\/types\/product"}],"replies":[{"embeddable":true,"href":"https:\/\/www.ferberpainting.com\/se\/wp-json\/wp\/v2\/comments?post=24768"}],"version-history":[{"count":4,"href":"https:\/\/www.ferberpainting.com\/se\/wp-json\/wp\/v2\/product\/24768\/revisions"}],"predecessor-version":[{"id":166712,"href":"https:\/\/www.ferberpainting.com\/se\/wp-json\/wp\/v2\/product\/24768\/revisions\/166712"}],"wp:featuredmedia":[{"embeddable":true,"href":"https:\/\/www.ferberpainting.com\/se\/wp-json\/wp\/v2\/media\/26624"}],"wp:attachment":[{"href":"https:\/\/www.ferberpainting.com\/se\/wp-json\/wp\/v2\/media?parent=24768"}],"wp:term":[{"taxonomy":"product_brand","embeddable":true,"href":"https:\/\/www.ferberpainting.com\/se\/wp-json\/wp\/v2\/product_brand?post=24768"},{"taxonomy":"product_cat","embeddable":true,"href":"https:\/\/www.ferberpainting.com\/se\/wp-json\/wp\/v2\/product_cat?post=24768"},{"taxonomy":"product_tag","embeddable":true,"href":"https:\/\/www.ferberpainting.com\/se\/wp-json\/wp\/v2\/product_tag?post=24768"}],"curies":[{"name":"wp","href":"https:\/\/api.w.org\/{rel}","templated":true}]}}