{"id":24750,"date":"2025-07-01T00:26:12","date_gmt":"2025-06-30T22:26:12","guid":{"rendered":"https:\/\/www.ferberpainting.com\/?post_type=product&#038;p=24750"},"modified":"2026-02-15T23:22:25","modified_gmt":"2026-02-15T22:22:25","slug":"paint-thinner","status":"publish","type":"product","link":"https:\/\/www.ferberpainting.com\/se\/products\/paint-thinner\/","title":{"rendered":"F\u00f6rtunning av f\u00e4rg"},"content":{"rendered":"<p><strong><img decoding=\"async\" style=\"margin-right: 12px;\" src=\"https:\/\/www.ferberpainting.com\/wp-content\/uploads\/2026\/02\/Check.svg\" alt=\"\" width=\"18\" height=\"15\" \/>Optimal effektivitet.<\/strong>\u00a0Denna f\u00f6rtunning \u00e4r speciellt framtagen f\u00f6r att f\u00f6rtunna f\u00e4rg utan att \u00e4ndra dess kemiska sammans\u00e4ttning eller t\u00e4ckf\u00f6rm\u00e5ga. Den ger en idealisk konsistens f\u00f6r j\u00e4mn, randfri applicering. Passar perfekt f\u00f6r l\u00f6sningsmedelsbaserade f\u00e4rger som alkydf\u00e4rger, lacker, fernissor och industriella bel\u00e4ggningar. Tack vare sin snabba verkan ger den en homogen blandning och underl\u00e4ttar applicering av f\u00e4rg med pensel, roller eller sprutpistol.<\/p>\n<p><strong><img decoding=\"async\" style=\"margin-right: 12px;\" src=\"https:\/\/www.ferberpainting.com\/wp-content\/uploads\/2026\/02\/Check.svg\" alt=\"\" width=\"18\" height=\"15\" \/>Pengar-tillbaka-garanti.<\/strong>\u00a0Vi har fullt f\u00f6rtroende f\u00f6r effektiviteten hos v\u00e5r f\u00f6rtunning. Om du efter anv\u00e4ndning inte \u00e4r helt n\u00f6jd med resultatet \u00e4r du ber\u00e4ttigad till full \u00e5terbetalning. Prova v\u00e5r produkt med sinnesfrid och njut av en p\u00e5litlig och effektiv l\u00f6sning f\u00f6r alla dina m\u00e5lningsbehov.<\/p>\n<p><strong><img decoding=\"async\" style=\"margin-right: 12px;\" src=\"https:\/\/www.ferberpainting.com\/wp-content\/uploads\/2026\/02\/Check.svg\" alt=\"\" width=\"18\" height=\"15\" \/>Exceptionell m\u00e5ngsidighet.<\/strong>\u00a0Denna thinner \u00e4r inte begr\u00e4nsad till f\u00e4rgutsp\u00e4dning! Den \u00e4r ocks\u00e5 effektiv f\u00f6r reng\u00f6ring av appliceringsverktyg som penslar, rullar, sprutpistoler och annan utrustning. Dessutom kan den anv\u00e4ndas f\u00f6r att ta bort f\u00e4rgfl\u00e4ckar fr\u00e5n ytor som metall, tr\u00e4, PVC och vissa icke-por\u00f6sa stenar. Den \u00e4r idealisk f\u00f6r att tunna ut lack och p\u00e5skynda torkningen, samtidigt som den s\u00e4kerst\u00e4ller en felfri finish.<\/p>\n<p><strong><img decoding=\"async\" style=\"margin-right: 12px;\" src=\"https:\/\/www.ferberpainting.com\/wp-content\/uploads\/2026\/02\/Check.svg\" alt=\"\" width=\"18\" height=\"15\" \/>Kostnadseffektivt utf\u00f6rande.<\/strong>\u00a0Tack vare sin h\u00f6ga effektivitet bidrar denna f\u00f6rtunning till att minska m\u00e4ngden f\u00e4rg som anv\u00e4nds samtidigt som den ger en flytande och j\u00e4mn applicering. En 5-litersdunk kan anv\u00e4ndas \u00f6ver ett stort m\u00e5lningsomr\u00e5de beroende p\u00e5 tillverkarens rekommenderade utsp\u00e4dningsgrad. I genomsnitt r\u00e4cker det med 100 till 250 ml thinner per liter f\u00e4rg, vilket optimerar anv\u00e4ndningen och minskar leveranskostnaderna.<\/p>\n<p><strong><img decoding=\"async\" style=\"margin-right: 12px;\" src=\"https:\/\/www.ferberpainting.com\/wp-content\/uploads\/2026\/02\/Check.svg\" alt=\"\" width=\"18\" height=\"15\" \/>S\u00e4ker att anv\u00e4nda.<\/strong>\u00a0Till skillnad fr\u00e5n konventionella f\u00f6rtunningsmedel som avger aggressiva \u00e5ngor och orsakar hudirritation, \u00e4r denna produkt formulerad f\u00f6r att minimera h\u00e4lsoriskerna under appliceringen. Den inneh\u00e5ller inga fr\u00e4tande \u00e4mnen som kan skada m\u00e5lade ytor och uppfyller g\u00e4llande milj\u00f6standarder. Produkten rekommenderas att anv\u00e4ndas i ett ventilerat utrymme, men \u00e4r s\u00e4ker f\u00f6r anv\u00e4ndaren n\u00e4r den anv\u00e4nds enligt anvisningarna.<\/p>\n<p><strong><img decoding=\"async\" style=\"margin-right: 12px;\" src=\"https:\/\/www.ferberpainting.com\/wp-content\/uploads\/2026\/02\/Check.svg\" alt=\"\" width=\"18\" height=\"15\" \/>Anv\u00e4ndarv\u00e4nlighet.<\/strong>\u00a0Denna produkt \u00e4r klar att anv\u00e4nda och kr\u00e4ver ingen s\u00e4rskild f\u00f6rberedelse. Tills\u00e4tt den helt enkelt direkt i f\u00e4rgen och r\u00f6r om tills \u00f6nskad konsistens uppn\u00e5s. Den intuitiva anv\u00e4ndningen g\u00f6r den tillg\u00e4nglig f\u00f6r alla, b\u00e5de proffs och hemmafixare som arbetar inom- eller utomhus. Den snabba effektiviteten ger en j\u00e4mn och sl\u00e4t yta utan att p\u00e5verka f\u00e4rgens t\u00e4ckande eller vidh\u00e4ftande egenskaper.<\/p>\n<p><strong><img decoding=\"async\" style=\"margin-right: 12px;\" src=\"https:\/\/www.ferberpainting.com\/wp-content\/uploads\/2026\/02\/Check.svg\" alt=\"\" width=\"18\" height=\"15\" \/>F\u00f6rl\u00e4ngd h\u00e5llbarhet.<\/strong>\u00a0Genom att tills\u00e4tta denna thinner optimeras f\u00e4rgens h\u00e5llbarhet genom att den f\u00f6rhindrar f\u00f6rtjockning och g\u00f6r den l\u00e4ttare att l\u00e5ngtidsf\u00f6rvara. Den f\u00f6rhindrar klumpbildning och s\u00e4kerst\u00e4ller perfekt konservering av l\u00f6sningsmedelsbaserade f\u00e4rger. Genom att f\u00f6rb\u00e4ttra applicering och vidh\u00e4ftning f\u00f6rl\u00e4nger den dessutom h\u00e5llbarheten hos m\u00e5lade ytor mot utomhusf\u00f6rh\u00e5llanden som fuktighet, UV-str\u00e5lning och temperaturf\u00f6r\u00e4ndringar.<\/p>\n<p><strong><img decoding=\"async\" style=\"margin-right: 12px;\" src=\"https:\/\/www.ferberpainting.com\/wp-content\/uploads\/2026\/02\/Check.svg\" alt=\"\" width=\"18\" height=\"15\" \/>Snabb \u00e5tg\u00e4rd.<\/strong>\u00a0Tack vare sin h\u00f6gaktiva sammans\u00e4ttning f\u00f6rb\u00e4ttrar f\u00f6rtunningen omedelbart f\u00e4rgens fl\u00f6de och g\u00f6r den l\u00e4ttare att applicera. Den sparar tid genom att f\u00f6rhindra korrigeringar p\u00e5 grund av d\u00e5lig konsistens. Dess omedelbara verkan s\u00e4kerst\u00e4ller en j\u00e4mnare och mer enhetlig f\u00e4rgapplicering utan synliga defekter efter torkning.<\/p>\n<h2><strong>Anv\u00e4ndning Protokoll<\/strong><\/h2>\n<ul>\n<li><strong>F\u00f6rberedelser <\/strong>: Se till att f\u00e4rgen som ska f\u00f6rtunnas \u00e4r v\u00e4l blandad och fri fr\u00e5n klumpar innan f\u00f6rtunning tills\u00e4tts. F\u00f6r b\u00e4sta resultat, r\u00f6r om f\u00e4rgen ordentligt f\u00f6re varje arbetsmoment.<\/li>\n<li><strong>Utsp\u00e4dningsapplikation <\/strong>: Tills\u00e4tt thinnern gradvis till f\u00e4rgen enligt tillverkarens rekommenderade f\u00f6rh\u00e5llande. I allm\u00e4nhet r\u00e4cker 10% thinner per 1 liter f\u00e4rg f\u00f6r applicering med pensel eller roller, medan 20-30% kan beh\u00f6vas f\u00f6r sprutapplicering. Blanda noggrant tills f\u00e4rgen har en flytande, j\u00e4mn konsistens.<\/li>\n<li><strong>Reng\u00f6ring av verktyg <\/strong>: Efter m\u00e5lning, bl\u00f6tl\u00e4gg penslar, rullar och sprutpistoler i thinner f\u00f6r att avl\u00e4gsna f\u00e4rgrester och f\u00f6rhindra h\u00e4rdning. L\u00e5t verka i n\u00e5gra minuter och sk\u00f6lj sedan noggrant med rent vatten och en mjuk trasa.<\/li>\n<li><strong>Borttagning av fl\u00e4ckar <\/strong>: F\u00f6r att ta bort ny f\u00e4rg fr\u00e5n ytor som metall, tr\u00e4 eller PVC, bl\u00f6tl\u00e4gg en trasa i thinner och gnugga f\u00f6rsiktigt det drabbade omr\u00e5det. Sk\u00f6lj vid behov med rent vatten f\u00f6r att avl\u00e4gsna rester av l\u00f6sningsmedel.<\/li>\n<li><strong>Efterbehandling och skydd <\/strong>: F\u00f6r att f\u00f6rb\u00e4ttra vidh\u00e4ftning och ytfinish, f\u00f6lj det rekommenderade sp\u00e4dningsf\u00f6rh\u00e5llandet och blanda noggrant f\u00f6re applicering. Korrekt utsp\u00e4dning f\u00f6rhindrar f\u00e4rgvariationer och ger en j\u00e4mn och sl\u00e4t yta.<\/li>\n<li><strong>Frekvens av anv\u00e4ndning <\/strong>: Anv\u00e4nd vid varje f\u00e4rgutsp\u00e4dning och efter varje m\u00e5lning f\u00f6r att reng\u00f6ra verktyg och f\u00f6rl\u00e4nga deras livsl\u00e4ngd. F\u00f6r att bibeh\u00e5lla f\u00f6rtunningens prestanda ska burken alltid \u00e5terf\u00f6rslutas efter anv\u00e4ndning f\u00f6r att undvika avdunstning.<\/li>\n<li><strong>F\u00f6rvaring <\/strong>: F\u00f6rvara beh\u00e5llaren p\u00e5 en sval, torr plats, borta fr\u00e5n v\u00e4rme och direkt solljus. \u00c5terf\u00f6rslut t\u00e4tt efter varje anv\u00e4ndning f\u00f6r att f\u00f6rhindra f\u00f6r\u00e4ndringar av produktens sammans\u00e4ttning.<\/li>\n<\/ul>\n<p>Med v\u00e5r f\u00f6rtunning f\u00e5r du en j\u00e4mn blandning, flytande applicering och en felfri finish. En idealisk l\u00f6sning f\u00f6r att f\u00f6renkla dina m\u00e5lningsprojekt, optimera h\u00e5llbarheten hos m\u00e5lade ytor och uppn\u00e5 resultat av professionell kvalitet under alla omst\u00e4ndigheter.<\/p>","protected":false},"excerpt":{"rendered":"<p>Optimal Efficiency.\u00a0This paint thinner is specially designed to thin paint without altering its chemical composition or covering power. It provides the ideal consistency for smooth, streak-free application. Perfectly suited for solvent-based paints such as alkyds, lacquers, varnishes, and industrial coatings. Thanks to its quick action, it ensures a homogeneous mixture and facilitates paint application by [&hellip;]<\/p>\n","protected":false},"featured_media":36071,"comment_status":"open","ping_status":"closed","template":"","meta":{"_uag_custom_page_level_css":"","site-sidebar-layout":"default","site-content-layout":"","ast-site-content-layout":"default","site-content-style":"default","site-sidebar-style":"default","ast-global-header-display":"","ast-banner-title-visibility":"","ast-main-header-display":"","ast-hfb-above-header-display":"","ast-hfb-below-header-display":"","ast-hfb-mobile-header-display":"","site-post-title":"","ast-breadcrumbs-content":"","ast-featured-img":"","footer-sml-layout":"","ast-disable-related-posts":"","theme-transparent-header-meta":"default","adv-header-id-meta":"","stick-header-meta":"","header-above-stick-meta":"","header-main-stick-meta":"","header-below-stick-meta":"","astra-migrate-meta-layouts":"set","ast-page-background-enabled":"default","ast-page-background-meta":{"desktop":{"background-color":"var(--ast-global-color-4)","background-image":"","background-repeat":"repeat","background-position":"center center","background-size":"auto","background-attachment":"scroll","background-type":"","background-media":"","overlay-type":"","overlay-color":"","overlay-opacity":"","overlay-gradient":""},"tablet":{"background-color":"","background-image":"","background-repeat":"repeat","background-position":"center center","background-size":"auto","background-attachment":"scroll","background-type":"","background-media":"","overlay-type":"","overlay-color":"","overlay-opacity":"","overlay-gradient":""},"mobile":{"background-color":"","background-image":"","background-repeat":"repeat","background-position":"center center","background-size":"auto","background-attachment":"scroll","background-type":"","background-media":"","overlay-type":"","overlay-color":"","overlay-opacity":"","overlay-gradient":""}},"ast-content-background-meta":{"desktop":{"background-color":"var(--ast-global-color-5)","background-image":"","background-repeat":"repeat","background-position":"center center","background-size":"auto","background-attachment":"scroll","background-type":"","background-media":"","overlay-type":"","overlay-color":"","overlay-opacity":"","overlay-gradient":""},"tablet":{"background-color":"var(--ast-global-color-5)","background-image":"","background-repeat":"repeat","background-position":"center center","background-size":"auto","background-attachment":"scroll","background-type":"","background-media":"","overlay-type":"","overlay-color":"","overlay-opacity":"","overlay-gradient":""},"mobile":{"background-color":"var(--ast-global-color-5)","background-image":"","background-repeat":"repeat","background-position":"center center","background-size":"auto","background-attachment":"scroll","background-type":"","background-media":"","overlay-type":"","overlay-color":"","overlay-opacity":"","overlay-gradient":""}}},"product_brand":[],"product_cat":[175],"product_tag":[],"class_list":{"0":"post-24750","1":"product","2":"type-product","3":"status-publish","4":"has-post-thumbnail","6":"product_cat-cleaning-products","7":"desktop-align-left","8":"tablet-align-left","9":"mobile-align-left","11":"first","12":"instock","13":"sale","14":"taxable","15":"shipping-taxable","16":"purchasable","17":"product-type-variable","18":"has-default-attributes"},"spectra_custom_meta":{"_visibility":["visible"],"_shopify_product_id":["9106532663541"],"_s2w_shopify_domain":["ferberpainting.myshopify.com"],"_shopify_variant_id":["46626241380597"],"_sku":[""],"_manage_stock":["no"],"total_sales":["5"],"_tax_status":["taxable"],"_tax_class":[""],"_backorders":["no"],"_sold_individually":["no"],"_virtual":["no"],"_downloadable":["no"],"_download_limit":["-1"],"_download_expiry":["-1"],"_stock":[null],"_stock_status":["instock"],"_wc_average_rating":["5.00"],"_wc_review_count":["11"],"_product_attributes":["a:1:{s:6:\"volume\";a:6:{s:4:\"name\";s:6:\"Volume\";s:5:\"value\";s:20:\"5 liters | 25 liters\";s:8:\"position\";i:1;s:10:\"is_visible\";i:0;s:12:\"is_variation\";i:1;s:11:\"is_taxonomy\";i:0;}}"],"_product_version":["10.5.1"],"wpse_downloadable_file_names":[""],"wpse_downloadable_file_urls":[""],"_edit_last":["1"],"_default_attributes":["a:1:{s:6:\"volume\";s:8:\"5 liters\";}"],"_edit_lock":["1771194007:1"],"_price":["29.90","129.90"],"merchant-center-availability":["yes"],"merchant-center-category":["503741"],"_thumbnail_id":["36071"],"_wp_page_template":["default"],"_wp_old_date":["2025-05-26"],"_product_image_gallery":["36072"],"site-sidebar-layout":["default"],"ast-site-content-layout":["default"],"site-content-style":["default"],"site-sidebar-style":["default"],"theme-transparent-header-meta":["default"],"_wc_rating_count":["a:1:{i:5;i:11;}"],"astra-migrate-meta-layouts":["set"],"_uag_css_file_name":["uag-css-24750.css"],"_elementor_page_assets":["a:0:{}"],"_uag_page_assets":["a:9:{s:3:\"css\";s:7133:\".uag-blocks-common-selector{z-index:var(--z-index-desktop) !important}@media(max-width: 976px){.uag-blocks-common-selector{z-index:var(--z-index-tablet) !important}}@media(max-width: 767px){.uag-blocks-common-selector{z-index:var(--z-index-mobile) !important}}.wp-block-uagb-image{display:flex}.wp-block-uagb-image__figure{position:relative;display:flex;flex-direction:column;max-width:100%;height:auto;margin:0}.wp-block-uagb-image__figure img{height:auto;display:flex;max-width:100%;transition:box-shadow .2s ease}.wp-block-uagb-image__figure>a{display:inline-block}.wp-block-uagb-image__figure figcaption{text-align:center;margin-top:.5em;margin-bottom:1em}.wp-block-uagb-image .components-placeholder.block-editor-media-placeholder .components-placeholder__instructions{align-self:center}.wp-block-uagb-image--align-left{text-align:left}.wp-block-uagb-image--align-right{text-align:right}.wp-block-uagb-image--align-center{text-align:center}.wp-block-uagb-image--align-full .wp-block-uagb-image__figure{margin-left:calc(50% - 50vw);margin-right:calc(50% - 50vw);max-width:100vw;width:100vw;height:auto}.wp-block-uagb-image--align-full .wp-block-uagb-image__figure img{height:auto;width:100% !important}.wp-block-uagb-image--align-wide .wp-block-uagb-image__figure img{height:auto;width:100%}.wp-block-uagb-image--layout-overlay__color-wrapper{position:absolute;left:0;top:0;right:0;bottom:0;opacity:.2;background:rgba(0,0,0,.5);transition:opacity .35s ease-in-out}.wp-block-uagb-image--layout-overlay-link{position:absolute;left:0;right:0;bottom:0;top:0}.wp-block-uagb-image--layout-overlay .wp-block-uagb-image__figure:hover .wp-block-uagb-image--layout-overlay__color-wrapper{opacity:1}.wp-block-uagb-image--layout-overlay__inner{position:absolute;left:15px;right:15px;bottom:15px;top:15px;display:flex;align-items:center;justify-content:center;flex-direction:column;border-color:#fff;transition:.35s ease-in-out}.wp-block-uagb-image--layout-overlay__inner.top-left,.wp-block-uagb-image--layout-overlay__inner.top-center,.wp-block-uagb-image--layout-overlay__inner.top-right{justify-content:flex-start}.wp-block-uagb-image--layout-overlay__inner.bottom-left,.wp-block-uagb-image--layout-overlay__inner.bottom-center,.wp-block-uagb-image--layout-overlay__inner.bottom-right{justify-content:flex-end}.wp-block-uagb-image--layout-overlay__inner.top-left,.wp-block-uagb-image--layout-overlay__inner.center-left,.wp-block-uagb-image--layout-overlay__inner.bottom-left{align-items:flex-start}.wp-block-uagb-image--layout-overlay__inner.top-right,.wp-block-uagb-image--layout-overlay__inner.center-right,.wp-block-uagb-image--layout-overlay__inner.bottom-right{align-items:flex-end}.wp-block-uagb-image--layout-overlay__inner .uagb-image-heading{color:#fff;transition:transform .35s,opacity .35s ease-in-out;transform:translate3d(0, 24px, 0);margin:0;line-height:1em}.wp-block-uagb-image--layout-overlay__inner .uagb-image-separator{width:30%;border-top-width:2px;border-top-color:#fff;border-top-style:solid;margin-bottom:10px;opacity:0;transition:transform .4s,opacity .4s ease-in-out;transform:translate3d(0, 30px, 0)}.wp-block-uagb-image--layout-overlay__inner .uagb-image-caption{opacity:0;overflow:visible;color:#fff;transition:transform .45s,opacity .45s ease-in-out;transform:translate3d(0, 35px, 0)}.wp-block-uagb-image--layout-overlay__inner:hover .uagb-image-heading,.wp-block-uagb-image--layout-overlay__inner:hover .uagb-image-separator,.wp-block-uagb-image--layout-overlay__inner:hover .uagb-image-caption{opacity:1;transform:translate3d(0, 0, 0)}.wp-block-uagb-image--effect-zoomin .wp-block-uagb-image__figure img,.wp-block-uagb-image--effect-zoomin .wp-block-uagb-image__figure .wp-block-uagb-image--layout-overlay__color-wrapper{transform:scale(1);transition:transform .35s ease-in-out}.wp-block-uagb-image--effect-zoomin .wp-block-uagb-image__figure:hover img,.wp-block-uagb-image--effect-zoomin .wp-block-uagb-image__figure:hover .wp-block-uagb-image--layout-overlay__color-wrapper{transform:scale(1.05)}.wp-block-uagb-image--effect-slide .wp-block-uagb-image__figure img,.wp-block-uagb-image--effect-slide .wp-block-uagb-image__figure .wp-block-uagb-image--layout-overlay__color-wrapper{width:calc(100% + 40px) !important;max-width:none !important;transform:translate3d(-40px, 0, 0);transition:transform .35s ease-in-out}.wp-block-uagb-image--effect-slide .wp-block-uagb-image__figure:hover img,.wp-block-uagb-image--effect-slide .wp-block-uagb-image__figure:hover .wp-block-uagb-image--layout-overlay__color-wrapper{transform:translate3d(0, 0, 0)}.wp-block-uagb-image--effect-grayscale img{filter:grayscale(0%);transition:.35s ease-in-out}.wp-block-uagb-image--effect-grayscale:hover img{filter:grayscale(100%)}.wp-block-uagb-image--effect-blur img{filter:blur(0);transition:.35s ease-in-out}.wp-block-uagb-image--effect-blur:hover img{filter:blur(3px)}.uagb-block-e6f939b3.wp-block-uagb-image--layout-default figure img{box-shadow: 0px 0px 0 #00000070;}.uagb-block-e6f939b3.wp-block-uagb-image .wp-block-uagb-image__figure figcaption{font-style: normal;align-self: center;}.uagb-block-e6f939b3.wp-block-uagb-image--layout-overlay figure img{box-shadow: 0px 0px 0 #00000070;}.uagb-block-e6f939b3.wp-block-uagb-image--layout-overlay .wp-block-uagb-image--layout-overlay__color-wrapper{opacity: 0.2;}.uagb-block-e6f939b3.wp-block-uagb-image--layout-overlay .wp-block-uagb-image--layout-overlay__inner{left: 15px;right: 15px;top: 15px;bottom: 15px;}.uagb-block-e6f939b3.wp-block-uagb-image--layout-overlay .wp-block-uagb-image--layout-overlay__inner .uagb-image-heading{font-style: normal;color: #fff;opacity: 1;}.uagb-block-e6f939b3.wp-block-uagb-image--layout-overlay .wp-block-uagb-image--layout-overlay__inner .uagb-image-heading a{color: #fff;}.uagb-block-e6f939b3.wp-block-uagb-image--layout-overlay .wp-block-uagb-image--layout-overlay__inner .uagb-image-caption{opacity: 0;}.uagb-block-e6f939b3.wp-block-uagb-image--layout-overlay .wp-block-uagb-image__figure:hover .wp-block-uagb-image--layout-overlay__color-wrapper{opacity: 1;}.uagb-block-e6f939b3.wp-block-uagb-image .wp-block-uagb-image--layout-overlay__inner .uagb-image-separator{width: 30%;border-top-width: 2px;border-top-color: #fff;opacity: 0;}.uagb-block-e6f939b3.wp-block-uagb-image .wp-block-uagb-image__figure img{width: px;height: auto;}.uagb-block-e6f939b3.wp-block-uagb-image .wp-block-uagb-image__figure:hover .wp-block-uagb-image--layout-overlay__inner .uagb-image-caption{opacity: 1;}.uagb-block-e6f939b3.wp-block-uagb-image .wp-block-uagb-image__figure:hover .wp-block-uagb-image--layout-overlay__inner .uagb-image-separator{opacity: 1;}.uagb-block-e6f939b3.wp-block-uagb-image--layout-default figure:hover img{box-shadow: 0px 0px 0 #00000070;}.uagb-block-e6f939b3.wp-block-uagb-image--layout-overlay figure:hover img{box-shadow: 0px 0px 0 #00000070;}@media only screen and (max-width: 976px) {.uagb-block-e6f939b3.wp-block-uagb-image .wp-block-uagb-image__figure img{width: px;height: auto;}}@media only screen and (max-width: 767px) {.uagb-block-e6f939b3.wp-block-uagb-image .wp-block-uagb-image__figure img{width: px;height: auto;}}\";s:2:\"js\";s:0:\"\";s:18:\"current_block_list\";a:13:{i:0;s:11:\"core\/search\";i:1;s:10:\"core\/group\";i:2;s:12:\"core\/heading\";i:3;s:17:\"core\/latest-posts\";i:4;s:20:\"core\/latest-comments\";i:5;s:13:\"core\/archives\";i:6;s:15:\"core\/categories\";i:7;s:14:\"core\/paragraph\";i:8;s:10:\"uagb\/image\";i:9;s:11:\"core\/spacer\";i:10;s:30:\"woocommerce\/product-categories\";i:11;s:10:\"core\/image\";i:12;s:14:\"core\/shortcode\";}s:8:\"uag_flag\";b:1;s:11:\"uag_version\";s:10:\"1777212449\";s:6:\"gfonts\";a:0:{}s:10:\"gfonts_url\";s:0:\"\";s:12:\"gfonts_files\";a:0:{}s:14:\"uag_faq_layout\";b:0;}"]},"uagb_featured_image_src":{"full":["https:\/\/www.ferberpainting.com\/wp-content\/uploads\/2025\/05\/Paint-Thinner-5L.png",2560,2560,false],"thumbnail":["https:\/\/www.ferberpainting.com\/wp-content\/uploads\/2025\/05\/Paint-Thinner-5L-150x150.png",150,150,true],"medium":["https:\/\/www.ferberpainting.com\/wp-content\/uploads\/2025\/05\/Paint-Thinner-5L-300x300.png",300,300,true],"medium_large":["https:\/\/www.ferberpainting.com\/wp-content\/uploads\/2025\/05\/Paint-Thinner-5L-768x768.png",768,768,true],"large":["https:\/\/www.ferberpainting.com\/wp-content\/uploads\/2025\/05\/Paint-Thinner-5L-1024x1024.png",1024,1024,true],"1536x1536":["https:\/\/www.ferberpainting.com\/wp-content\/uploads\/2025\/05\/Paint-Thinner-5L-1536x1536.png",1536,1536,true],"2048x2048":["https:\/\/www.ferberpainting.com\/wp-content\/uploads\/2025\/05\/Paint-Thinner-5L-2048x2048.png",2048,2048,true],"trp-custom-language-flag":["https:\/\/www.ferberpainting.com\/wp-content\/uploads\/2025\/05\/Paint-Thinner-5L-12x12.png",12,12,true],"woocommerce_thumbnail":["https:\/\/www.ferberpainting.com\/wp-content\/uploads\/2025\/05\/Paint-Thinner-5L-300x300.png",300,300,true],"woocommerce_single":["https:\/\/www.ferberpainting.com\/wp-content\/uploads\/2025\/05\/Paint-Thinner-5L-600x600.png",600,600,true],"woocommerce_gallery_thumbnail":["https:\/\/www.ferberpainting.com\/wp-content\/uploads\/2025\/05\/Paint-Thinner-5L-100x100.png",100,100,true]},"uagb_author_info":{"display_name":"admin","author_link":"https:\/\/www.ferberpainting.com\/se\/author\/"},"uagb_comment_info":11,"uagb_excerpt":"Optimal Efficiency.\u00a0This paint thinner is specially designed to thin paint without altering its chemical composition or covering power. It provides the ideal consistency for smooth, streak-free application. Perfectly suited for solvent-based paints such as alkyds, lacquers, varnishes, and industrial coatings. Thanks to its quick action, it ensures a homogeneous mixture and facilitates paint application by&hellip;","_links":{"self":[{"href":"https:\/\/www.ferberpainting.com\/se\/wp-json\/wp\/v2\/product\/24750","targetHints":{"allow":["GET"]}}],"collection":[{"href":"https:\/\/www.ferberpainting.com\/se\/wp-json\/wp\/v2\/product"}],"about":[{"href":"https:\/\/www.ferberpainting.com\/se\/wp-json\/wp\/v2\/types\/product"}],"replies":[{"embeddable":true,"href":"https:\/\/www.ferberpainting.com\/se\/wp-json\/wp\/v2\/comments?post=24750"}],"version-history":[{"count":3,"href":"https:\/\/www.ferberpainting.com\/se\/wp-json\/wp\/v2\/product\/24750\/revisions"}],"predecessor-version":[{"id":166679,"href":"https:\/\/www.ferberpainting.com\/se\/wp-json\/wp\/v2\/product\/24750\/revisions\/166679"}],"wp:featuredmedia":[{"embeddable":true,"href":"https:\/\/www.ferberpainting.com\/se\/wp-json\/wp\/v2\/media\/36071"}],"wp:attachment":[{"href":"https:\/\/www.ferberpainting.com\/se\/wp-json\/wp\/v2\/media?parent=24750"}],"wp:term":[{"taxonomy":"product_brand","embeddable":true,"href":"https:\/\/www.ferberpainting.com\/se\/wp-json\/wp\/v2\/product_brand?post=24750"},{"taxonomy":"product_cat","embeddable":true,"href":"https:\/\/www.ferberpainting.com\/se\/wp-json\/wp\/v2\/product_cat?post=24750"},{"taxonomy":"product_tag","embeddable":true,"href":"https:\/\/www.ferberpainting.com\/se\/wp-json\/wp\/v2\/product_tag?post=24750"}],"curies":[{"name":"wp","href":"https:\/\/api.w.org\/{rel}","templated":true}]}}