{"id":24735,"date":"2025-07-01T00:10:02","date_gmt":"2025-06-30T22:10:02","guid":{"rendered":"https:\/\/www.ferberpainting.com\/?post_type=product&#038;p=24735"},"modified":"2026-02-15T22:59:31","modified_gmt":"2026-02-15T21:59:31","slug":"oven-grill-and-stove-cleaner","status":"publish","type":"product","link":"https:\/\/www.ferberpainting.com\/se\/products\/oven-grill-and-stove-cleaner\/","title":{"rendered":"Ugn-, grill- och spisreng\u00f6ring"},"content":{"rendered":"<p><strong><img decoding=\"async\" style=\"margin-right: 12px;\" src=\"https:\/\/www.ferberpainting.com\/wp-content\/uploads\/2026\/02\/Check.svg\" alt=\"\" width=\"18\" height=\"15\" \/>Optimal effektivitet.<\/strong>\u00a0Detta reng\u00f6ringsmedel f\u00f6r ugnar, grillar och spisar \u00e4r speciellt framtaget f\u00f6r att ta bort br\u00e4nt fett, matrester och karboniserade bel\u00e4ggningar som byggs upp med tiden. Tack vare sin kraftfulla formula l\u00f6ser den snabbt upp \u00e4ven den tuffaste smutsen och \u00e5terst\u00e4ller en ny glans p\u00e5 ugnen och kokplattorna utan att kr\u00e4va alltf\u00f6r stor anstr\u00e4ngning. Reng\u00f6r p\u00e5 djupet samtidigt som den respekterar behandlade ytor.<\/p>\n<p><strong><img decoding=\"async\" style=\"margin-right: 12px;\" src=\"https:\/\/www.ferberpainting.com\/wp-content\/uploads\/2026\/02\/Check.svg\" alt=\"\" width=\"18\" height=\"15\" \/>Pengar-tillbaka-garanti.<\/strong>\u00a0Vi har fullt f\u00f6rtroende f\u00f6r att v\u00e5rt reng\u00f6ringsmedel \u00e4r effektivt. Om du efter anv\u00e4ndning inte \u00e4r helt n\u00f6jd med resultatet \u00e4r du ber\u00e4ttigad till full \u00e5terbetalning. Prova v\u00e5rt reng\u00f6ringsmedel med fullst\u00e4ndig sinnesfrid - riskfritt.<\/p>\n<p><strong><img decoding=\"async\" style=\"margin-right: 12px;\" src=\"https:\/\/www.ferberpainting.com\/wp-content\/uploads\/2026\/02\/Check.svg\" alt=\"\" width=\"18\" height=\"15\" \/>Exceptionell m\u00e5ngsidighet.<\/strong>\u00a0Den h\u00e4r reng\u00f6ringsmedlet \u00e4r inte begr\u00e4nsat till ugnar! Den \u00e4r ocks\u00e5 perfekt f\u00f6r reng\u00f6ring av glaskeramikh\u00e4llar, ytor av gjutj\u00e4rn eller rostfritt st\u00e5l, grillgaller, emaljerade st\u00e5lplattor och gasbr\u00e4nnare. Oavsett om den anv\u00e4nds p\u00e5 rostfritt st\u00e5l, gjutj\u00e4rn eller keramik garanterar den perfekt renhet, oavsett vilket material din k\u00f6ksutrustning best\u00e5r av.<\/p>\n<p><strong><img decoding=\"async\" style=\"margin-right: 12px;\" src=\"https:\/\/www.ferberpainting.com\/wp-content\/uploads\/2026\/02\/Check.svg\" alt=\"\" width=\"18\" height=\"15\" \/>Kostnadseffektivt.<\/strong>\u00a0Med en 5-litersbeh\u00e5llare och en mycket kraftfull formula ger detta reng\u00f6ringsmedel ett utm\u00e4rkt v\u00e4rde. En liten m\u00e4ngd r\u00e4cker f\u00f6r att avfetta en stor yta, vilket minskar produktf\u00f6rbrukningen och f\u00f6rl\u00e4nger anv\u00e4ndningen. I genomsnitt kan 1 liter reng\u00f6ra upp till 50 m\u00b2, vilket ger en ekonomisk och l\u00e5ngvarig l\u00f6sning f\u00f6r underh\u00e5ll av matlagningsapparater.<\/p>\n<p><strong><img decoding=\"async\" style=\"margin-right: 12px;\" src=\"https:\/\/www.ferberpainting.com\/wp-content\/uploads\/2026\/02\/Check.svg\" alt=\"\" width=\"18\" height=\"15\" \/>S\u00e4ker att anv\u00e4nda.<\/strong>\u00a0Till skillnad fr\u00e5n starka reng\u00f6ringsmedel p\u00e5 marknaden inneh\u00e5ller denna produkt inga fr\u00e4tande \u00e4mnen och utg\u00f6r ingen risk f\u00f6r behandlade ytor eller milj\u00f6n. Den sl\u00e4pper inte ut n\u00e5gra giftiga \u00e5ngor, vilket g\u00f6r den s\u00e4ker f\u00f6r privat eller professionell anv\u00e4ndning. Den s\u00e4kerst\u00e4ller hygienisk reng\u00f6ring utan risk f\u00f6r anv\u00e4ndarna.<\/p>\n<p><strong><img decoding=\"async\" style=\"margin-right: 12px;\" src=\"https:\/\/www.ferberpainting.com\/wp-content\/uploads\/2026\/02\/Check.svg\" alt=\"\" width=\"18\" height=\"15\" \/>Enkel att anv\u00e4nda.<\/strong>\u00a0Detta reng\u00f6ringsmedel \u00e4r f\u00e4rdigt att anv\u00e4nda och kr\u00e4ver ingen utsp\u00e4dning eller komplicerad beredning. Applicera det direkt p\u00e5 ytan, d\u00e4r det tr\u00e4nger in och omedelbart l\u00f6ser upp fett och rester. Torka av med en fuktig trasa f\u00f6r ett snabbt och enkelt resultat.<\/p>\n<p><strong><img decoding=\"async\" style=\"margin-right: 12px;\" src=\"https:\/\/www.ferberpainting.com\/wp-content\/uploads\/2026\/02\/Check.svg\" alt=\"\" width=\"18\" height=\"15\" \/>L\u00e5ngvarig h\u00e5llbarhet.<\/strong>\u00a0Genom att ta bort matrester och f\u00f6rkolnat fett bidrar reng\u00f6ringsmedlet till att f\u00f6rl\u00e4nga livsl\u00e4ngden p\u00e5 din matlagningsutrustning. Regelbunden anv\u00e4ndning f\u00f6rhindrar uppbyggnad av envisa avlagringar som kan hindra ugnens prestanda eller t\u00e4ppa till br\u00e4nnare, vilket h\u00e5ller dina enheter hygieniska, funktionella och l\u00e5ngvariga.<\/p>\n<p><strong><img decoding=\"async\" style=\"margin-right: 12px;\" src=\"https:\/\/www.ferberpainting.com\/wp-content\/uploads\/2026\/02\/Check.svg\" alt=\"\" width=\"18\" height=\"15\" \/>Snabb \u00e5tg\u00e4rd.<\/strong>\u00a0Tack vare den mycket reaktiva formeln verkar reng\u00f6ringsmedlet omedelbart p\u00e5 fett och br\u00e4nda avlagringar. Inom n\u00e5gra minuter l\u00f6ser det upp smutsen och g\u00f6r det enkelt att ta bort utan l\u00e5ngvarig bl\u00f6tl\u00e4ggning. Den \u00e4r perfekt f\u00f6r expressreng\u00f6ring och \u00e5terst\u00e4ller renheten \u00e4ven efter intensiv anv\u00e4ndning av ugn eller spis.<\/p>\n<h2><strong>Instruktioner f\u00f6r anv\u00e4ndning<\/strong><\/h2>\n<ul>\n<li><strong>F\u00f6rberedelser <\/strong>: Se till att ugnen, grillen eller spisen \u00e4r varm eller kall innan du applicerar produkten f\u00f6r att f\u00f6rhindra snabb avdunstning och s\u00e4kerst\u00e4lla optimala resultat.<\/li>\n<li><strong>Till\u00e4mpning <\/strong>: H\u00e4ll en liten m\u00e4ngd reng\u00f6ringsmedel p\u00e5 en icke-slipande svamp, en borste eller direkt p\u00e5 den smutsiga ytan.<\/li>\n<li><strong>Reng\u00f6ring <\/strong>: F\u00f6rdela produkten j\u00e4mnt och l\u00e5t den sitta i 5-10 minuter s\u00e5 att den kan l\u00f6sa upp fett och inb\u00e4ddade rester. Vid envisa fl\u00e4ckar, skrubba l\u00e4tt med en svamp eller en l\u00e4mplig borste.<\/li>\n<li><strong>Sk\u00f6ljning <\/strong>: Torka av ytan med en fuktig trasa eller sk\u00f6lj noggrant med rent vatten f\u00f6r att avl\u00e4gsna alla rester och f\u00f6rbereda ytan f\u00f6r anv\u00e4ndning.<\/li>\n<li><strong>Torkning och polering <\/strong>: Torka av med en torr, mjuk trasa f\u00f6r en perfekt finish och optimal glans.<\/li>\n<li><strong>Anv\u00e4ndningsfrekvens <\/strong>: Applicera efter varje intensiv ugnsanv\u00e4ndning eller n\u00e4r fett eller rester \u00e4r synliga f\u00f6r att alltid h\u00e5lla perfekt renhet.<\/li>\n<li><strong>F\u00f6rvaring <\/strong>: St\u00e4ng beh\u00e5llaren ordentligt efter varje anv\u00e4ndning och f\u00f6rvara den p\u00e5 en sval, torr plats, borta fr\u00e5n ljus och extrema temperaturer, f\u00f6r att bevara dess effektivitet.<\/li>\n<\/ul>\n<p>Med v\u00e5rt reng\u00f6ringsmedel f\u00f6r ugnar, grillar och spisar kan du \u00e5terst\u00e4lla k\u00f6ksutrustningens glans p\u00e5 nolltid och njuta av kraftfull, snabb och enkel reng\u00f6ring.<\/p>","protected":false},"excerpt":{"rendered":"<p>Optimal Effectiveness.\u00a0This oven, grill and stove cleaner is specially formulated to remove burnt grease, food residues and carbonized deposits that build up over time. Thanks to its powerful formula, it quickly dissolves even the toughest grime, restoring a like-new shine to your oven and cooking plates without requiring excessive effort. It cleans deep while respecting [&hellip;]<\/p>\n","protected":false},"featured_media":36062,"comment_status":"open","ping_status":"closed","template":"","meta":{"_uag_custom_page_level_css":"","site-sidebar-layout":"default","site-content-layout":"","ast-site-content-layout":"default","site-content-style":"default","site-sidebar-style":"default","ast-global-header-display":"","ast-banner-title-visibility":"","ast-main-header-display":"","ast-hfb-above-header-display":"","ast-hfb-below-header-display":"","ast-hfb-mobile-header-display":"","site-post-title":"","ast-breadcrumbs-content":"","ast-featured-img":"","footer-sml-layout":"","ast-disable-related-posts":"","theme-transparent-header-meta":"default","adv-header-id-meta":"","stick-header-meta":"","header-above-stick-meta":"","header-main-stick-meta":"","header-below-stick-meta":"","astra-migrate-meta-layouts":"set","ast-page-background-enabled":"default","ast-page-background-meta":{"desktop":{"background-color":"var(--ast-global-color-4)","background-image":"","background-repeat":"repeat","background-position":"center center","background-size":"auto","background-attachment":"scroll","background-type":"","background-media":"","overlay-type":"","overlay-color":"","overlay-opacity":"","overlay-gradient":""},"tablet":{"background-color":"","background-image":"","background-repeat":"repeat","background-position":"center center","background-size":"auto","background-attachment":"scroll","background-type":"","background-media":"","overlay-type":"","overlay-color":"","overlay-opacity":"","overlay-gradient":""},"mobile":{"background-color":"","background-image":"","background-repeat":"repeat","background-position":"center center","background-size":"auto","background-attachment":"scroll","background-type":"","background-media":"","overlay-type":"","overlay-color":"","overlay-opacity":"","overlay-gradient":""}},"ast-content-background-meta":{"desktop":{"background-color":"var(--ast-global-color-5)","background-image":"","background-repeat":"repeat","background-position":"center center","background-size":"auto","background-attachment":"scroll","background-type":"","background-media":"","overlay-type":"","overlay-color":"","overlay-opacity":"","overlay-gradient":""},"tablet":{"background-color":"var(--ast-global-color-5)","background-image":"","background-repeat":"repeat","background-position":"center center","background-size":"auto","background-attachment":"scroll","background-type":"","background-media":"","overlay-type":"","overlay-color":"","overlay-opacity":"","overlay-gradient":""},"mobile":{"background-color":"var(--ast-global-color-5)","background-image":"","background-repeat":"repeat","background-position":"center center","background-size":"auto","background-attachment":"scroll","background-type":"","background-media":"","overlay-type":"","overlay-color":"","overlay-opacity":"","overlay-gradient":""}}},"product_brand":[],"product_cat":[175],"product_tag":[],"class_list":{"0":"post-24735","1":"product","2":"type-product","3":"status-publish","4":"has-post-thumbnail","6":"product_cat-cleaning-products","7":"desktop-align-left","8":"tablet-align-left","9":"mobile-align-left","11":"first","12":"instock","13":"sale","14":"taxable","15":"shipping-taxable","16":"purchasable","17":"product-type-variable","18":"has-default-attributes"},"spectra_custom_meta":{"_visibility":["visible"],"_shopify_product_id":["9101808992501"],"_s2w_shopify_domain":["ferberpainting.myshopify.com"],"_shopify_variant_id":["46613506326773"],"_sku":[""],"_manage_stock":["no"],"total_sales":["5"],"_tax_status":["taxable"],"_tax_class":[""],"_backorders":["no"],"_sold_individually":["no"],"_virtual":["no"],"_downloadable":["no"],"_download_limit":["-1"],"_download_expiry":["-1"],"_stock":[null],"_stock_status":["instock"],"_wc_average_rating":["5.00"],"_wc_review_count":["14"],"_product_attributes":["a:1:{s:6:\"volume\";a:6:{s:4:\"name\";s:6:\"Volume\";s:5:\"value\";s:20:\"5 liters | 25 liters\";s:8:\"position\";i:1;s:10:\"is_visible\";i:0;s:12:\"is_variation\";i:1;s:11:\"is_taxonomy\";i:0;}}"],"_product_version":["10.5.1"],"wpse_downloadable_file_names":[""],"wpse_downloadable_file_urls":[""],"_edit_last":["1"],"_default_attributes":["a:1:{s:6:\"volume\";s:8:\"5 liters\";}"],"_edit_lock":["1771192637:1"],"_price":["29.90","129.90"],"merchant-center-availability":["yes"],"merchant-center-category":["4978"],"_thumbnail_id":["36062"],"_wp_page_template":["default"],"_wp_old_date":["2025-05-26"],"_product_image_gallery":["36063"],"site-sidebar-layout":["default"],"ast-site-content-layout":["default"],"site-content-style":["default"],"site-sidebar-style":["default"],"theme-transparent-header-meta":["default"],"_wc_rating_count":["a:1:{i:5;i:14;}"],"astra-migrate-meta-layouts":["set"],"_uag_css_file_name":["uag-css-24735.css"],"_elementor_page_assets":["a:0:{}"],"_uag_page_assets":["a:9:{s:3:\"css\";s:7133:\".uag-blocks-common-selector{z-index:var(--z-index-desktop) !important}@media(max-width: 976px){.uag-blocks-common-selector{z-index:var(--z-index-tablet) !important}}@media(max-width: 767px){.uag-blocks-common-selector{z-index:var(--z-index-mobile) !important}}.wp-block-uagb-image{display:flex}.wp-block-uagb-image__figure{position:relative;display:flex;flex-direction:column;max-width:100%;height:auto;margin:0}.wp-block-uagb-image__figure img{height:auto;display:flex;max-width:100%;transition:box-shadow .2s ease}.wp-block-uagb-image__figure>a{display:inline-block}.wp-block-uagb-image__figure figcaption{text-align:center;margin-top:.5em;margin-bottom:1em}.wp-block-uagb-image .components-placeholder.block-editor-media-placeholder .components-placeholder__instructions{align-self:center}.wp-block-uagb-image--align-left{text-align:left}.wp-block-uagb-image--align-right{text-align:right}.wp-block-uagb-image--align-center{text-align:center}.wp-block-uagb-image--align-full .wp-block-uagb-image__figure{margin-left:calc(50% - 50vw);margin-right:calc(50% - 50vw);max-width:100vw;width:100vw;height:auto}.wp-block-uagb-image--align-full .wp-block-uagb-image__figure img{height:auto;width:100% !important}.wp-block-uagb-image--align-wide .wp-block-uagb-image__figure img{height:auto;width:100%}.wp-block-uagb-image--layout-overlay__color-wrapper{position:absolute;left:0;top:0;right:0;bottom:0;opacity:.2;background:rgba(0,0,0,.5);transition:opacity .35s ease-in-out}.wp-block-uagb-image--layout-overlay-link{position:absolute;left:0;right:0;bottom:0;top:0}.wp-block-uagb-image--layout-overlay .wp-block-uagb-image__figure:hover .wp-block-uagb-image--layout-overlay__color-wrapper{opacity:1}.wp-block-uagb-image--layout-overlay__inner{position:absolute;left:15px;right:15px;bottom:15px;top:15px;display:flex;align-items:center;justify-content:center;flex-direction:column;border-color:#fff;transition:.35s ease-in-out}.wp-block-uagb-image--layout-overlay__inner.top-left,.wp-block-uagb-image--layout-overlay__inner.top-center,.wp-block-uagb-image--layout-overlay__inner.top-right{justify-content:flex-start}.wp-block-uagb-image--layout-overlay__inner.bottom-left,.wp-block-uagb-image--layout-overlay__inner.bottom-center,.wp-block-uagb-image--layout-overlay__inner.bottom-right{justify-content:flex-end}.wp-block-uagb-image--layout-overlay__inner.top-left,.wp-block-uagb-image--layout-overlay__inner.center-left,.wp-block-uagb-image--layout-overlay__inner.bottom-left{align-items:flex-start}.wp-block-uagb-image--layout-overlay__inner.top-right,.wp-block-uagb-image--layout-overlay__inner.center-right,.wp-block-uagb-image--layout-overlay__inner.bottom-right{align-items:flex-end}.wp-block-uagb-image--layout-overlay__inner .uagb-image-heading{color:#fff;transition:transform .35s,opacity .35s ease-in-out;transform:translate3d(0, 24px, 0);margin:0;line-height:1em}.wp-block-uagb-image--layout-overlay__inner .uagb-image-separator{width:30%;border-top-width:2px;border-top-color:#fff;border-top-style:solid;margin-bottom:10px;opacity:0;transition:transform .4s,opacity .4s ease-in-out;transform:translate3d(0, 30px, 0)}.wp-block-uagb-image--layout-overlay__inner .uagb-image-caption{opacity:0;overflow:visible;color:#fff;transition:transform .45s,opacity .45s ease-in-out;transform:translate3d(0, 35px, 0)}.wp-block-uagb-image--layout-overlay__inner:hover .uagb-image-heading,.wp-block-uagb-image--layout-overlay__inner:hover .uagb-image-separator,.wp-block-uagb-image--layout-overlay__inner:hover .uagb-image-caption{opacity:1;transform:translate3d(0, 0, 0)}.wp-block-uagb-image--effect-zoomin .wp-block-uagb-image__figure img,.wp-block-uagb-image--effect-zoomin .wp-block-uagb-image__figure .wp-block-uagb-image--layout-overlay__color-wrapper{transform:scale(1);transition:transform .35s ease-in-out}.wp-block-uagb-image--effect-zoomin .wp-block-uagb-image__figure:hover img,.wp-block-uagb-image--effect-zoomin .wp-block-uagb-image__figure:hover .wp-block-uagb-image--layout-overlay__color-wrapper{transform:scale(1.05)}.wp-block-uagb-image--effect-slide .wp-block-uagb-image__figure img,.wp-block-uagb-image--effect-slide .wp-block-uagb-image__figure .wp-block-uagb-image--layout-overlay__color-wrapper{width:calc(100% + 40px) !important;max-width:none !important;transform:translate3d(-40px, 0, 0);transition:transform .35s ease-in-out}.wp-block-uagb-image--effect-slide .wp-block-uagb-image__figure:hover img,.wp-block-uagb-image--effect-slide .wp-block-uagb-image__figure:hover .wp-block-uagb-image--layout-overlay__color-wrapper{transform:translate3d(0, 0, 0)}.wp-block-uagb-image--effect-grayscale img{filter:grayscale(0%);transition:.35s ease-in-out}.wp-block-uagb-image--effect-grayscale:hover img{filter:grayscale(100%)}.wp-block-uagb-image--effect-blur img{filter:blur(0);transition:.35s ease-in-out}.wp-block-uagb-image--effect-blur:hover img{filter:blur(3px)}.uagb-block-e6f939b3.wp-block-uagb-image--layout-default figure img{box-shadow: 0px 0px 0 #00000070;}.uagb-block-e6f939b3.wp-block-uagb-image .wp-block-uagb-image__figure figcaption{font-style: normal;align-self: center;}.uagb-block-e6f939b3.wp-block-uagb-image--layout-overlay figure img{box-shadow: 0px 0px 0 #00000070;}.uagb-block-e6f939b3.wp-block-uagb-image--layout-overlay .wp-block-uagb-image--layout-overlay__color-wrapper{opacity: 0.2;}.uagb-block-e6f939b3.wp-block-uagb-image--layout-overlay .wp-block-uagb-image--layout-overlay__inner{left: 15px;right: 15px;top: 15px;bottom: 15px;}.uagb-block-e6f939b3.wp-block-uagb-image--layout-overlay .wp-block-uagb-image--layout-overlay__inner .uagb-image-heading{font-style: normal;color: #fff;opacity: 1;}.uagb-block-e6f939b3.wp-block-uagb-image--layout-overlay .wp-block-uagb-image--layout-overlay__inner .uagb-image-heading a{color: #fff;}.uagb-block-e6f939b3.wp-block-uagb-image--layout-overlay .wp-block-uagb-image--layout-overlay__inner .uagb-image-caption{opacity: 0;}.uagb-block-e6f939b3.wp-block-uagb-image--layout-overlay .wp-block-uagb-image__figure:hover .wp-block-uagb-image--layout-overlay__color-wrapper{opacity: 1;}.uagb-block-e6f939b3.wp-block-uagb-image .wp-block-uagb-image--layout-overlay__inner .uagb-image-separator{width: 30%;border-top-width: 2px;border-top-color: #fff;opacity: 0;}.uagb-block-e6f939b3.wp-block-uagb-image .wp-block-uagb-image__figure img{width: px;height: auto;}.uagb-block-e6f939b3.wp-block-uagb-image .wp-block-uagb-image__figure:hover .wp-block-uagb-image--layout-overlay__inner .uagb-image-caption{opacity: 1;}.uagb-block-e6f939b3.wp-block-uagb-image .wp-block-uagb-image__figure:hover .wp-block-uagb-image--layout-overlay__inner .uagb-image-separator{opacity: 1;}.uagb-block-e6f939b3.wp-block-uagb-image--layout-default figure:hover img{box-shadow: 0px 0px 0 #00000070;}.uagb-block-e6f939b3.wp-block-uagb-image--layout-overlay figure:hover img{box-shadow: 0px 0px 0 #00000070;}@media only screen and (max-width: 976px) {.uagb-block-e6f939b3.wp-block-uagb-image .wp-block-uagb-image__figure img{width: px;height: auto;}}@media only screen and (max-width: 767px) {.uagb-block-e6f939b3.wp-block-uagb-image .wp-block-uagb-image__figure img{width: px;height: auto;}}\";s:2:\"js\";s:0:\"\";s:18:\"current_block_list\";a:13:{i:0;s:11:\"core\/search\";i:1;s:10:\"core\/group\";i:2;s:12:\"core\/heading\";i:3;s:17:\"core\/latest-posts\";i:4;s:20:\"core\/latest-comments\";i:5;s:13:\"core\/archives\";i:6;s:15:\"core\/categories\";i:7;s:14:\"core\/paragraph\";i:8;s:10:\"uagb\/image\";i:9;s:11:\"core\/spacer\";i:10;s:30:\"woocommerce\/product-categories\";i:11;s:10:\"core\/image\";i:12;s:14:\"core\/shortcode\";}s:8:\"uag_flag\";b:1;s:11:\"uag_version\";s:10:\"1777236014\";s:6:\"gfonts\";a:0:{}s:10:\"gfonts_url\";s:0:\"\";s:12:\"gfonts_files\";a:0:{}s:14:\"uag_faq_layout\";b:0;}"]},"uagb_featured_image_src":{"full":["https:\/\/www.ferberpainting.com\/wp-content\/uploads\/2025\/05\/Oven-Grill-and-Stove-Cleaner-5L-Mockup-.png",2560,2560,false],"thumbnail":["https:\/\/www.ferberpainting.com\/wp-content\/uploads\/2025\/05\/Oven-Grill-and-Stove-Cleaner-5L-Mockup--150x150.png",150,150,true],"medium":["https:\/\/www.ferberpainting.com\/wp-content\/uploads\/2025\/05\/Oven-Grill-and-Stove-Cleaner-5L-Mockup--300x300.png",300,300,true],"medium_large":["https:\/\/www.ferberpainting.com\/wp-content\/uploads\/2025\/05\/Oven-Grill-and-Stove-Cleaner-5L-Mockup--768x768.png",768,768,true],"large":["https:\/\/www.ferberpainting.com\/wp-content\/uploads\/2025\/05\/Oven-Grill-and-Stove-Cleaner-5L-Mockup--1024x1024.png",1024,1024,true],"1536x1536":["https:\/\/www.ferberpainting.com\/wp-content\/uploads\/2025\/05\/Oven-Grill-and-Stove-Cleaner-5L-Mockup--1536x1536.png",1536,1536,true],"2048x2048":["https:\/\/www.ferberpainting.com\/wp-content\/uploads\/2025\/05\/Oven-Grill-and-Stove-Cleaner-5L-Mockup--2048x2048.png",2048,2048,true],"trp-custom-language-flag":["https:\/\/www.ferberpainting.com\/wp-content\/uploads\/2025\/05\/Oven-Grill-and-Stove-Cleaner-5L-Mockup--12x12.png",12,12,true],"woocommerce_thumbnail":["https:\/\/www.ferberpainting.com\/wp-content\/uploads\/2025\/05\/Oven-Grill-and-Stove-Cleaner-5L-Mockup--300x300.png",300,300,true],"woocommerce_single":["https:\/\/www.ferberpainting.com\/wp-content\/uploads\/2025\/05\/Oven-Grill-and-Stove-Cleaner-5L-Mockup--600x600.png",600,600,true],"woocommerce_gallery_thumbnail":["https:\/\/www.ferberpainting.com\/wp-content\/uploads\/2025\/05\/Oven-Grill-and-Stove-Cleaner-5L-Mockup--100x100.png",100,100,true]},"uagb_author_info":{"display_name":"admin","author_link":"https:\/\/www.ferberpainting.com\/se\/author\/"},"uagb_comment_info":14,"uagb_excerpt":"Optimal Effectiveness.\u00a0This oven, grill and stove cleaner is specially formulated to remove burnt grease, food residues and carbonized deposits that build up over time. Thanks to its powerful formula, it quickly dissolves even the toughest grime, restoring a like-new shine to your oven and cooking plates without requiring excessive effort. It cleans deep while respecting&hellip;","_links":{"self":[{"href":"https:\/\/www.ferberpainting.com\/se\/wp-json\/wp\/v2\/product\/24735","targetHints":{"allow":["GET"]}}],"collection":[{"href":"https:\/\/www.ferberpainting.com\/se\/wp-json\/wp\/v2\/product"}],"about":[{"href":"https:\/\/www.ferberpainting.com\/se\/wp-json\/wp\/v2\/types\/product"}],"replies":[{"embeddable":true,"href":"https:\/\/www.ferberpainting.com\/se\/wp-json\/wp\/v2\/comments?post=24735"}],"version-history":[{"count":4,"href":"https:\/\/www.ferberpainting.com\/se\/wp-json\/wp\/v2\/product\/24735\/revisions"}],"predecessor-version":[{"id":166654,"href":"https:\/\/www.ferberpainting.com\/se\/wp-json\/wp\/v2\/product\/24735\/revisions\/166654"}],"wp:featuredmedia":[{"embeddable":true,"href":"https:\/\/www.ferberpainting.com\/se\/wp-json\/wp\/v2\/media\/36062"}],"wp:attachment":[{"href":"https:\/\/www.ferberpainting.com\/se\/wp-json\/wp\/v2\/media?parent=24735"}],"wp:term":[{"taxonomy":"product_brand","embeddable":true,"href":"https:\/\/www.ferberpainting.com\/se\/wp-json\/wp\/v2\/product_brand?post=24735"},{"taxonomy":"product_cat","embeddable":true,"href":"https:\/\/www.ferberpainting.com\/se\/wp-json\/wp\/v2\/product_cat?post=24735"},{"taxonomy":"product_tag","embeddable":true,"href":"https:\/\/www.ferberpainting.com\/se\/wp-json\/wp\/v2\/product_tag?post=24735"}],"curies":[{"name":"wp","href":"https:\/\/api.w.org\/{rel}","templated":true}]}}