{"id":24721,"date":"2025-07-01T00:36:03","date_gmt":"2025-06-30T22:36:03","guid":{"rendered":"https:\/\/www.ferberpainting.com\/?post_type=product&#038;p=24721"},"modified":"2026-02-20T08:47:00","modified_gmt":"2026-02-20T07:47:00","slug":"natural-stone-granite-cleaner","status":"publish","type":"product","link":"https:\/\/www.ferberpainting.com\/se\/products\/natural-stone-granite-cleaner\/","title":{"rendered":"Reng\u00f6ringsmedel f\u00f6r natursten och granit"},"content":{"rendered":"<p><strong><img decoding=\"async\" style=\"margin-right: 12px;\" src=\"https:\/\/www.ferberpainting.com\/wp-content\/uploads\/2026\/02\/Check.svg\" alt=\"\" width=\"18\" height=\"15\" \/>Optimal effektivitet.<\/strong>\u00a0Detta reng\u00f6ringsmedel f\u00f6r granit och natursten \u00e4r speciellt utformat f\u00f6r att effektivt eliminera fl\u00e4ckar, kalkavlagringar, fettfl\u00e4ckar, organiska rester och andra f\u00f6roreningar som f\u00f6rs\u00e4mrar glansen p\u00e5 mineralytor. Den kraftfulla formulan tr\u00e4nger djupt in och \u00e5terst\u00e4ller stenens naturliga sk\u00f6nhet samtidigt som den bevarar dess struktur. Den reng\u00f6r utan att f\u00f6r\u00e4ndra eller skada k\u00e4nsliga ytor och ger effektiv och l\u00e5ngvarig v\u00e5rd.<\/p>\n<p><strong><img decoding=\"async\" style=\"margin-right: 12px;\" src=\"https:\/\/www.ferberpainting.com\/wp-content\/uploads\/2026\/02\/Check.svg\" alt=\"\" width=\"18\" height=\"15\" \/>Pengar-tillbaka-garanti.<\/strong>\u00a0Vi \u00e4r \u00f6vertygade om v\u00e5r reng\u00f6ringsmedels prestanda. Om du inte \u00e4r helt n\u00f6jd med resultatet efter att ha anv\u00e4nt den, \u00e4r du ber\u00e4ttigad till full \u00e5terbetalning. Prova v\u00e5r produkt riskfritt och f\u00e5 tillbaka glansen och elegansen i dina naturstensytor med l\u00e4tthet.<\/p>\n<p><strong><img decoding=\"async\" style=\"margin-right: 12px;\" src=\"https:\/\/www.ferberpainting.com\/wp-content\/uploads\/2026\/02\/Check.svg\" alt=\"\" width=\"18\" height=\"15\" \/>Exceptionell m\u00e5ngsidighet.<\/strong> Reng\u00f6ringsmedlet \u00e4r inte begr\u00e4nsat till granit, utan \u00e4r ocks\u00e5 perfekt f\u00f6r reng\u00f6ring av andra naturstenar som marmor, skiffer, travertin, kalksten, bl\u00e5sten, kvartsit och till och med vissa polerade betongytor. Den \u00e4r perfekt f\u00f6r b\u00e4nkskivor, golv, v\u00e4ggar, trappor, st\u00e4nkskydd, duschutrymmen och till och med gravstenar och stenl\u00e4ggning utomhus. Tack vare sin breda kompatibilitet med m\u00e5nga ytor garanterar den optimal reng\u00f6ring samtidigt som naturstenens kvalitet bevaras.<\/p>\n<p><strong><img decoding=\"async\" style=\"margin-right: 12px;\" src=\"https:\/\/www.ferberpainting.com\/wp-content\/uploads\/2026\/02\/Check.svg\" alt=\"\" width=\"18\" height=\"15\" \/>Kostnadseffektivt.<\/strong>\u00a0Med sin 5-litersbeh\u00e5llare och ultraeffektiva formula ger reng\u00f6ringsmedlet ett utm\u00e4rkt utbyte. En liten m\u00e4ngd r\u00e4cker f\u00f6r att t\u00e4cka stora ytor utan spill. I genomsnitt reng\u00f6r en liter produkt upp till 50 m\u00b2 natursten, vilket g\u00f6r det till en kostnadseffektiv och tillf\u00f6rlitlig l\u00f6sning f\u00f6r underh\u00e5ll av stenytor inomhus och utomhus.<\/p>\n<p><strong><img decoding=\"async\" style=\"margin-right: 12px;\" src=\"https:\/\/www.ferberpainting.com\/wp-content\/uploads\/2026\/02\/Check.svg\" alt=\"\" width=\"18\" height=\"15\" \/>S\u00e4ker att anv\u00e4nda.<\/strong>\u00a0Till skillnad fr\u00e5n sura eller slipande reng\u00f6ringsmedel som kan skada natursten \u00e4r det h\u00e4r reng\u00f6ringsmedlet speciellt framtaget f\u00f6r skonsam och s\u00e4ker reng\u00f6ring. Det inneh\u00e5ller inga aggressiva l\u00f6sningsmedel, avger inga giftiga \u00e5ngor och orsakar inte hudirritation. Det respekterar stenens por\u00f6sa struktur och s\u00e4kerst\u00e4ller djup reng\u00f6ring utan att f\u00f6r\u00e4ndra den. Reng\u00f6ringsmedlet \u00e4r perfekt f\u00f6r k\u00f6k, badrum och utomhusutrymmen och kan anv\u00e4ndas p\u00e5 ett s\u00e4kert s\u00e4tt i n\u00e4rheten av barn och husdjur.<\/p>\n<p><strong><img decoding=\"async\" style=\"margin-right: 12px;\" src=\"https:\/\/www.ferberpainting.com\/wp-content\/uploads\/2026\/02\/Check.svg\" alt=\"\" width=\"18\" height=\"15\" \/>Anv\u00e4ndarv\u00e4nlighet.<\/strong>\u00a0Denna produkt \u00e4r klar att anv\u00e4nda och kr\u00e4ver ingen utsp\u00e4dning eller komplicerad beredning. Den kan appliceras direkt p\u00e5 ytan med en svamp, trasa, mopp eller spruta. Dess snabba verkan och intuitiva applicering m\u00f6jligg\u00f6r effektiv reng\u00f6ring i bara n\u00e5gra enkla steg, utan anstr\u00e4ngning och utan \u00f6verdriven sk\u00f6ljning.<\/p>\n<p><strong><img decoding=\"async\" style=\"margin-right: 12px;\" src=\"https:\/\/www.ferberpainting.com\/wp-content\/uploads\/2026\/02\/Check.svg\" alt=\"\" width=\"18\" height=\"15\" \/>F\u00f6rb\u00e4ttrad h\u00e5llbarhet.<\/strong>\u00a0Genom att ta bort rester och bevara naturstenens integritet bidrar detta reng\u00f6ringsmedel till att f\u00f6rl\u00e4nga ytans glans och l\u00e5ngsiktiga motst\u00e5ndskraft. Det f\u00f6rhindrar att porerna t\u00e4pps till och att envisa fl\u00e4ckar bildas, vilket g\u00f6r att dina ytor ser rena och eleganta ut. Regelbundet underh\u00e5ll med den h\u00e4r produkten bevarar stenens naturliga utseende utan risk f\u00f6r skador.<\/p>\n<p><strong><img decoding=\"async\" style=\"margin-right: 12px;\" src=\"https:\/\/www.ferberpainting.com\/wp-content\/uploads\/2026\/02\/Check.svg\" alt=\"\" width=\"18\" height=\"15\" \/>Snabb \u00e5tg\u00e4rd.<\/strong>\u00a0Tack vare sin h\u00f6gaktiva formula verkar reng\u00f6ringsmedlet omedelbart p\u00e5 smuts och inb\u00e4ddad smuts. P\u00e5 bara n\u00e5gra minuter l\u00f6ser det upp fl\u00e4ckar och hj\u00e4lper till att ta bort dem utan att man beh\u00f6ver skrubba intensivt. Den omedelbara effekten \u00e4r idealisk f\u00f6r snabb och effektiv reng\u00f6ring av ytor av natursten, b\u00e5de inomhus och utomhus.<\/p>\n<h2><strong>Instruktioner f\u00f6r anv\u00e4ndning<\/strong><\/h2>\n<ul>\n<li><strong>F\u00f6rberedelser <\/strong>: Se till att ytan \u00e4r fri fr\u00e5n damm och skr\u00e4p genom att sopa eller dammsuga innan du applicerar produkten.<\/li>\n<li><strong>Manuell till\u00e4mpning <\/strong>: H\u00e4ll en liten m\u00e4ngd reng\u00f6ringsmedel p\u00e5 en svamp, trasa eller mopp och sprid sedan j\u00e4mnt \u00f6ver stenen med cirkul\u00e4ra r\u00f6relser f\u00f6r att lossa orenheter.<\/li>\n<li><strong>Anv\u00e4ndning p\u00e5 stora ytor <\/strong>: F\u00f6r golv och breda ytor, anv\u00e4nd en mikrofibermopp eller en l\u00e4tt fuktad mopp indr\u00e4nkt med produkt och torka \u00f6ver hela ytan utan att skrubba f\u00f6r h\u00e5rt.<\/li>\n<li><strong>Reng\u00f6ring av envisa fl\u00e4ckar <\/strong>: L\u00e5t produkten verka i 5 till 10 minuter p\u00e5 tuffare fl\u00e4ckar innan du f\u00f6rsiktigt skrubbar med en mjuk borste eller en icke-slipande svamp och torka sedan rent.<\/li>\n<li><strong>Sk\u00f6ljning <\/strong>: Ingen sk\u00f6ljning beh\u00f6vs f\u00f6r allm\u00e4n reng\u00f6ring. Men f\u00f6r ytor som uts\u00e4tts f\u00f6r vatten, t.ex. b\u00e4nkskivor eller duschar, ska du torka av med en fuktig trasa f\u00f6r att f\u00e5 en perfekt finish.<\/li>\n<li><strong>Torkning och efterbehandling <\/strong>: L\u00e5t lufttorka eller torka av med en ren, torr mikrofiberduk f\u00f6r en blankare och randfri yta.<\/li>\n<li><strong>Frekvens av anv\u00e4ndning <\/strong>: Applicera en g\u00e5ng i veckan f\u00f6r rutinm\u00e4ssig reng\u00f6ring eller s\u00e5 snart synlig smuts eller fl\u00e4ckar upptr\u00e4der f\u00f6r att f\u00f6rhindra uppbyggnad. F\u00f6r utomhusytor rekommenderas m\u00e5natlig reng\u00f6ring f\u00f6r att bevara den naturliga glansen hos granit och sten.<\/li>\n<li><strong>F\u00f6rvaring <\/strong>: \u00c5terf\u00f6rslut beh\u00e5llaren ordentligt efter anv\u00e4ndning och f\u00f6rvara den p\u00e5 en sval, torr plats, skyddad fr\u00e5n ljus och extrema temperaturer, f\u00f6r att bibeh\u00e5lla produktens effektivitet \u00f6ver tid.<\/li>\n<\/ul>\n<p>Med v\u00e5rt reng\u00f6ringsmedel f\u00f6r granit och natursten f\u00e5r du ett optimalt, snabbt och effektivt underh\u00e5ll samtidigt som du bevarar glansen och h\u00e5llbarheten hos dina mineralytor. En perfekt l\u00f6sning f\u00f6r att skydda och f\u00f6rb\u00e4ttra den naturliga sk\u00f6nheten hos granit och sten, utan anstr\u00e4ngning.<\/p>","protected":false},"excerpt":{"rendered":"<p>Optimal Effectiveness.\u00a0This cleaner for granite and natural stone is specially designed to effectively eliminate stains, limescale deposits, grease marks, organic residues, and other impurities that tarnish the shine of mineral surfaces. Its powerful formula penetrates deeply to restore the natural beauty of stone while preserving its structure. It cleans without altering or damaging delicate surfaces, [&hellip;]<\/p>\n","protected":false},"featured_media":36080,"comment_status":"open","ping_status":"closed","template":"","meta":{"_uag_custom_page_level_css":"","site-sidebar-layout":"default","site-content-layout":"","ast-site-content-layout":"default","site-content-style":"default","site-sidebar-style":"default","ast-global-header-display":"","ast-banner-title-visibility":"","ast-main-header-display":"","ast-hfb-above-header-display":"","ast-hfb-below-header-display":"","ast-hfb-mobile-header-display":"","site-post-title":"","ast-breadcrumbs-content":"","ast-featured-img":"","footer-sml-layout":"","ast-disable-related-posts":"","theme-transparent-header-meta":"default","adv-header-id-meta":"","stick-header-meta":"","header-above-stick-meta":"","header-main-stick-meta":"","header-below-stick-meta":"","astra-migrate-meta-layouts":"set","ast-page-background-enabled":"default","ast-page-background-meta":{"desktop":{"background-color":"var(--ast-global-color-4)","background-image":"","background-repeat":"repeat","background-position":"center center","background-size":"auto","background-attachment":"scroll","background-type":"","background-media":"","overlay-type":"","overlay-color":"","overlay-opacity":"","overlay-gradient":""},"tablet":{"background-color":"","background-image":"","background-repeat":"repeat","background-position":"center center","background-size":"auto","background-attachment":"scroll","background-type":"","background-media":"","overlay-type":"","overlay-color":"","overlay-opacity":"","overlay-gradient":""},"mobile":{"background-color":"","background-image":"","background-repeat":"repeat","background-position":"center center","background-size":"auto","background-attachment":"scroll","background-type":"","background-media":"","overlay-type":"","overlay-color":"","overlay-opacity":"","overlay-gradient":""}},"ast-content-background-meta":{"desktop":{"background-color":"var(--ast-global-color-5)","background-image":"","background-repeat":"repeat","background-position":"center center","background-size":"auto","background-attachment":"scroll","background-type":"","background-media":"","overlay-type":"","overlay-color":"","overlay-opacity":"","overlay-gradient":""},"tablet":{"background-color":"var(--ast-global-color-5)","background-image":"","background-repeat":"repeat","background-position":"center center","background-size":"auto","background-attachment":"scroll","background-type":"","background-media":"","overlay-type":"","overlay-color":"","overlay-opacity":"","overlay-gradient":""},"mobile":{"background-color":"var(--ast-global-color-5)","background-image":"","background-repeat":"repeat","background-position":"center center","background-size":"auto","background-attachment":"scroll","background-type":"","background-media":"","overlay-type":"","overlay-color":"","overlay-opacity":"","overlay-gradient":""}}},"product_brand":[],"product_cat":[175],"product_tag":[],"class_list":{"0":"post-24721","1":"product","2":"type-product","3":"status-publish","4":"has-post-thumbnail","6":"product_cat-cleaning-products","7":"desktop-align-left","8":"tablet-align-left","9":"mobile-align-left","11":"first","12":"instock","13":"sale","14":"taxable","15":"shipping-taxable","16":"purchasable","17":"product-type-variable","18":"has-default-attributes"},"spectra_custom_meta":{"_visibility":["visible"],"_shopify_product_id":["9102428504309"],"_s2w_shopify_domain":["ferberpainting.myshopify.com"],"_shopify_variant_id":["46616245502197"],"_sku":[""],"_manage_stock":["no"],"total_sales":["127"],"_tax_status":["taxable"],"_tax_class":[""],"_backorders":["no"],"_sold_individually":["no"],"_virtual":["no"],"_downloadable":["no"],"_download_limit":["-1"],"_download_expiry":["-1"],"_stock":[null],"_stock_status":["instock"],"_wc_average_rating":["5.00"],"_wc_review_count":["1"],"_product_attributes":["a:1:{s:6:\"volume\";a:6:{s:4:\"name\";s:6:\"Volume\";s:5:\"value\";s:20:\"5 liters | 25 liters\";s:8:\"position\";i:1;s:10:\"is_visible\";i:0;s:12:\"is_variation\";i:1;s:11:\"is_taxonomy\";i:0;}}"],"_product_version":["10.5.2"],"wpse_downloadable_file_names":[""],"wpse_downloadable_file_urls":[""],"_edit_last":["1"],"_default_attributes":["a:1:{s:6:\"volume\";s:8:\"5 liters\";}"],"_edit_lock":["1772576143:3822"],"_price":["29.90","129.90"],"merchant-center-availability":["yes"],"merchant-center-category":["7504"],"_thumbnail_id":["36080"],"_wp_page_template":["default"],"_wp_old_date":["2025-05-26"],"_product_image_gallery":["36081"],"site-sidebar-layout":["default"],"ast-site-content-layout":["default"],"site-content-style":["default"],"site-sidebar-style":["default"],"theme-transparent-header-meta":["default"],"_wc_rating_count":["a:1:{i:5;i:1;}"],"astra-migrate-meta-layouts":["set"],"_uag_css_file_name":["uag-css-24721.css"],"_elementor_page_assets":["a:0:{}"],"_uag_page_assets":["a:9:{s:3:\"css\";s:6873:\".wp-block-uagb-image{display:flex}.wp-block-uagb-image__figure{position:relative;display:flex;flex-direction:column;max-width:100%;height:auto;margin:0}.wp-block-uagb-image__figure img{height:auto;display:flex;max-width:100%;transition:box-shadow .2s ease}.wp-block-uagb-image__figure>a{display:inline-block}.wp-block-uagb-image__figure figcaption{text-align:center;margin-top:.5em;margin-bottom:1em}.wp-block-uagb-image .components-placeholder.block-editor-media-placeholder .components-placeholder__instructions{align-self:center}.wp-block-uagb-image--align-left{text-align:left}.wp-block-uagb-image--align-right{text-align:right}.wp-block-uagb-image--align-center{text-align:center}.wp-block-uagb-image--align-full .wp-block-uagb-image__figure{margin-left:calc(50% - 50vw);margin-right:calc(50% - 50vw);max-width:100vw;width:100vw;height:auto}.wp-block-uagb-image--align-full .wp-block-uagb-image__figure img{height:auto;width:100% !important}.wp-block-uagb-image--align-wide .wp-block-uagb-image__figure img{height:auto;width:100%}.wp-block-uagb-image--layout-overlay__color-wrapper{position:absolute;left:0;top:0;right:0;bottom:0;opacity:.2;background:rgba(0,0,0,.5);transition:opacity .35s ease-in-out}.wp-block-uagb-image--layout-overlay-link{position:absolute;left:0;right:0;bottom:0;top:0}.wp-block-uagb-image--layout-overlay .wp-block-uagb-image__figure:hover .wp-block-uagb-image--layout-overlay__color-wrapper{opacity:1}.wp-block-uagb-image--layout-overlay__inner{position:absolute;left:15px;right:15px;bottom:15px;top:15px;display:flex;align-items:center;justify-content:center;flex-direction:column;border-color:#fff;transition:.35s ease-in-out}.wp-block-uagb-image--layout-overlay__inner.top-left,.wp-block-uagb-image--layout-overlay__inner.top-center,.wp-block-uagb-image--layout-overlay__inner.top-right{justify-content:flex-start}.wp-block-uagb-image--layout-overlay__inner.bottom-left,.wp-block-uagb-image--layout-overlay__inner.bottom-center,.wp-block-uagb-image--layout-overlay__inner.bottom-right{justify-content:flex-end}.wp-block-uagb-image--layout-overlay__inner.top-left,.wp-block-uagb-image--layout-overlay__inner.center-left,.wp-block-uagb-image--layout-overlay__inner.bottom-left{align-items:flex-start}.wp-block-uagb-image--layout-overlay__inner.top-right,.wp-block-uagb-image--layout-overlay__inner.center-right,.wp-block-uagb-image--layout-overlay__inner.bottom-right{align-items:flex-end}.wp-block-uagb-image--layout-overlay__inner .uagb-image-heading{color:#fff;transition:transform .35s,opacity .35s ease-in-out;transform:translate3d(0, 24px, 0);margin:0;line-height:1em}.wp-block-uagb-image--layout-overlay__inner .uagb-image-separator{width:30%;border-top-width:2px;border-top-color:#fff;border-top-style:solid;margin-bottom:10px;opacity:0;transition:transform .4s,opacity .4s ease-in-out;transform:translate3d(0, 30px, 0)}.wp-block-uagb-image--layout-overlay__inner .uagb-image-caption{opacity:0;overflow:visible;color:#fff;transition:transform .45s,opacity .45s ease-in-out;transform:translate3d(0, 35px, 0)}.wp-block-uagb-image--layout-overlay__inner:hover .uagb-image-heading,.wp-block-uagb-image--layout-overlay__inner:hover .uagb-image-separator,.wp-block-uagb-image--layout-overlay__inner:hover .uagb-image-caption{opacity:1;transform:translate3d(0, 0, 0)}.wp-block-uagb-image--effect-zoomin .wp-block-uagb-image__figure img,.wp-block-uagb-image--effect-zoomin .wp-block-uagb-image__figure .wp-block-uagb-image--layout-overlay__color-wrapper{transform:scale(1);transition:transform .35s ease-in-out}.wp-block-uagb-image--effect-zoomin .wp-block-uagb-image__figure:hover img,.wp-block-uagb-image--effect-zoomin .wp-block-uagb-image__figure:hover .wp-block-uagb-image--layout-overlay__color-wrapper{transform:scale(1.05)}.wp-block-uagb-image--effect-slide .wp-block-uagb-image__figure img,.wp-block-uagb-image--effect-slide .wp-block-uagb-image__figure .wp-block-uagb-image--layout-overlay__color-wrapper{width:calc(100% + 40px) !important;max-width:none !important;transform:translate3d(-40px, 0, 0);transition:transform .35s ease-in-out}.wp-block-uagb-image--effect-slide .wp-block-uagb-image__figure:hover img,.wp-block-uagb-image--effect-slide .wp-block-uagb-image__figure:hover .wp-block-uagb-image--layout-overlay__color-wrapper{transform:translate3d(0, 0, 0)}.wp-block-uagb-image--effect-grayscale img{filter:grayscale(0%);transition:.35s ease-in-out}.wp-block-uagb-image--effect-grayscale:hover img{filter:grayscale(100%)}.wp-block-uagb-image--effect-blur img{filter:blur(0);transition:.35s ease-in-out}.wp-block-uagb-image--effect-blur:hover img{filter:blur(3px)}.uagb-block-e6f939b3.wp-block-uagb-image--layout-default figure img{box-shadow: 0px 0px 0 #00000070;}.uagb-block-e6f939b3.wp-block-uagb-image .wp-block-uagb-image__figure figcaption{font-style: normal;align-self: center;}.uagb-block-e6f939b3.wp-block-uagb-image--layout-overlay figure img{box-shadow: 0px 0px 0 #00000070;}.uagb-block-e6f939b3.wp-block-uagb-image--layout-overlay .wp-block-uagb-image--layout-overlay__color-wrapper{opacity: 0.2;}.uagb-block-e6f939b3.wp-block-uagb-image--layout-overlay .wp-block-uagb-image--layout-overlay__inner{left: 15px;right: 15px;top: 15px;bottom: 15px;}.uagb-block-e6f939b3.wp-block-uagb-image--layout-overlay .wp-block-uagb-image--layout-overlay__inner .uagb-image-heading{font-style: normal;color: #fff;opacity: 1;}.uagb-block-e6f939b3.wp-block-uagb-image--layout-overlay .wp-block-uagb-image--layout-overlay__inner .uagb-image-heading a{color: #fff;}.uagb-block-e6f939b3.wp-block-uagb-image--layout-overlay .wp-block-uagb-image--layout-overlay__inner .uagb-image-caption{opacity: 0;}.uagb-block-e6f939b3.wp-block-uagb-image--layout-overlay .wp-block-uagb-image__figure:hover .wp-block-uagb-image--layout-overlay__color-wrapper{opacity: 1;}.uagb-block-e6f939b3.wp-block-uagb-image .wp-block-uagb-image--layout-overlay__inner .uagb-image-separator{width: 30%;border-top-width: 2px;border-top-color: #fff;opacity: 0;}.uagb-block-e6f939b3.wp-block-uagb-image .wp-block-uagb-image__figure img{width: px;height: auto;}.uagb-block-e6f939b3.wp-block-uagb-image .wp-block-uagb-image__figure:hover .wp-block-uagb-image--layout-overlay__inner .uagb-image-caption{opacity: 1;}.uagb-block-e6f939b3.wp-block-uagb-image .wp-block-uagb-image__figure:hover .wp-block-uagb-image--layout-overlay__inner .uagb-image-separator{opacity: 1;}.uagb-block-e6f939b3.wp-block-uagb-image--layout-default figure:hover img{box-shadow: 0px 0px 0 #00000070;}.uagb-block-e6f939b3.wp-block-uagb-image--layout-overlay figure:hover img{box-shadow: 0px 0px 0 #00000070;}@media only screen and (max-width: 976px) {.uagb-block-e6f939b3.wp-block-uagb-image .wp-block-uagb-image__figure img{width: px;height: auto;}}@media only screen and (max-width: 767px) {.uagb-block-e6f939b3.wp-block-uagb-image .wp-block-uagb-image__figure img{width: px;height: auto;}}\";s:2:\"js\";s:0:\"\";s:18:\"current_block_list\";a:13:{i:0;s:11:\"core\/search\";i:1;s:10:\"core\/group\";i:2;s:12:\"core\/heading\";i:3;s:17:\"core\/latest-posts\";i:4;s:20:\"core\/latest-comments\";i:5;s:13:\"core\/archives\";i:6;s:15:\"core\/categories\";i:7;s:14:\"core\/paragraph\";i:8;s:10:\"uagb\/image\";i:9;s:11:\"core\/spacer\";i:10;s:30:\"woocommerce\/product-categories\";i:11;s:10:\"core\/image\";i:12;s:14:\"core\/shortcode\";}s:8:\"uag_flag\";b:1;s:11:\"uag_version\";s:10:\"1777198564\";s:6:\"gfonts\";a:0:{}s:10:\"gfonts_url\";s:0:\"\";s:12:\"gfonts_files\";a:0:{}s:14:\"uag_faq_layout\";b:0;}"]},"uagb_featured_image_src":{"full":["https:\/\/www.ferberpainting.com\/wp-content\/uploads\/2025\/05\/Natural-Stone-Granite-Cleaner-5L.png",2560,2560,false],"thumbnail":["https:\/\/www.ferberpainting.com\/wp-content\/uploads\/2025\/05\/Natural-Stone-Granite-Cleaner-5L-150x150.png",150,150,true],"medium":["https:\/\/www.ferberpainting.com\/wp-content\/uploads\/2025\/05\/Natural-Stone-Granite-Cleaner-5L-300x300.png",300,300,true],"medium_large":["https:\/\/www.ferberpainting.com\/wp-content\/uploads\/2025\/05\/Natural-Stone-Granite-Cleaner-5L-768x768.png",768,768,true],"large":["https:\/\/www.ferberpainting.com\/wp-content\/uploads\/2025\/05\/Natural-Stone-Granite-Cleaner-5L-1024x1024.png",1024,1024,true],"1536x1536":["https:\/\/www.ferberpainting.com\/wp-content\/uploads\/2025\/05\/Natural-Stone-Granite-Cleaner-5L-1536x1536.png",1536,1536,true],"2048x2048":["https:\/\/www.ferberpainting.com\/wp-content\/uploads\/2025\/05\/Natural-Stone-Granite-Cleaner-5L-2048x2048.png",2048,2048,true],"trp-custom-language-flag":["https:\/\/www.ferberpainting.com\/wp-content\/uploads\/2025\/05\/Natural-Stone-Granite-Cleaner-5L-12x12.png",12,12,true],"woocommerce_thumbnail":["https:\/\/www.ferberpainting.com\/wp-content\/uploads\/2025\/05\/Natural-Stone-Granite-Cleaner-5L-300x300.png",300,300,true],"woocommerce_single":["https:\/\/www.ferberpainting.com\/wp-content\/uploads\/2025\/05\/Natural-Stone-Granite-Cleaner-5L-600x600.png",600,600,true],"woocommerce_gallery_thumbnail":["https:\/\/www.ferberpainting.com\/wp-content\/uploads\/2025\/05\/Natural-Stone-Granite-Cleaner-5L-100x100.png",100,100,true]},"uagb_author_info":{"display_name":"admin","author_link":"https:\/\/www.ferberpainting.com\/se\/author\/"},"uagb_comment_info":1,"uagb_excerpt":"Optimal Effectiveness.\u00a0This cleaner for granite and natural stone is specially designed to effectively eliminate stains, limescale deposits, grease marks, organic residues, and other impurities that tarnish the shine of mineral surfaces. Its powerful formula penetrates deeply to restore the natural beauty of stone while preserving its structure. It cleans without altering or damaging delicate surfaces,&hellip;","_links":{"self":[{"href":"https:\/\/www.ferberpainting.com\/se\/wp-json\/wp\/v2\/product\/24721","targetHints":{"allow":["GET"]}}],"collection":[{"href":"https:\/\/www.ferberpainting.com\/se\/wp-json\/wp\/v2\/product"}],"about":[{"href":"https:\/\/www.ferberpainting.com\/se\/wp-json\/wp\/v2\/types\/product"}],"replies":[{"embeddable":true,"href":"https:\/\/www.ferberpainting.com\/se\/wp-json\/wp\/v2\/comments?post=24721"}],"version-history":[{"count":5,"href":"https:\/\/www.ferberpainting.com\/se\/wp-json\/wp\/v2\/product\/24721\/revisions"}],"predecessor-version":[{"id":170588,"href":"https:\/\/www.ferberpainting.com\/se\/wp-json\/wp\/v2\/product\/24721\/revisions\/170588"}],"wp:featuredmedia":[{"embeddable":true,"href":"https:\/\/www.ferberpainting.com\/se\/wp-json\/wp\/v2\/media\/36080"}],"wp:attachment":[{"href":"https:\/\/www.ferberpainting.com\/se\/wp-json\/wp\/v2\/media?parent=24721"}],"wp:term":[{"taxonomy":"product_brand","embeddable":true,"href":"https:\/\/www.ferberpainting.com\/se\/wp-json\/wp\/v2\/product_brand?post=24721"},{"taxonomy":"product_cat","embeddable":true,"href":"https:\/\/www.ferberpainting.com\/se\/wp-json\/wp\/v2\/product_cat?post=24721"},{"taxonomy":"product_tag","embeddable":true,"href":"https:\/\/www.ferberpainting.com\/se\/wp-json\/wp\/v2\/product_tag?post=24721"}],"curies":[{"name":"wp","href":"https:\/\/api.w.org\/{rel}","templated":true}]}}