{"id":24717,"date":"2025-07-01T00:32:59","date_gmt":"2025-06-30T22:32:59","guid":{"rendered":"https:\/\/www.ferberpainting.com\/?post_type=product&#038;p=24717"},"modified":"2026-02-15T22:10:36","modified_gmt":"2026-02-15T21:10:36","slug":"mortar-water-repellent","status":"publish","type":"product","link":"https:\/\/www.ferberpainting.com\/se\/products\/mortar-water-repellent\/","title":{"rendered":"Vattenavvisande f\u00f6r murbruk"},"content":{"rendered":"<p><strong><img decoding=\"async\" style=\"margin-right: 12px;\" src=\"https:\/\/www.ferberpainting.com\/wp-content\/uploads\/2026\/02\/Check.svg\" alt=\"\" width=\"18\" height=\"15\" \/>Effektivt skydd mot fukt.<\/strong> Impregneringsmedlet f\u00f6r murbruk \u00e4r utformat f\u00f6r att ge murbruksytor ett exceptionellt skydd mot fukt, vatteninfiltration och fl\u00e4ckar. Det skapar en ogenomtr\u00e4nglig barri\u00e4r som hindrar vatten fr\u00e5n att tr\u00e4nga in samtidigt som ytan kan andas, vilket bidrar till att bevara styrkan och livsl\u00e4ngden hos dina murbrukskonstruktioner, oavsett om det \u00e4r ytterv\u00e4ggar, fundament eller avj\u00e4mningsmassor.<\/p>\n<p><strong><img decoding=\"async\" style=\"margin-right: 12px;\" src=\"https:\/\/www.ferberpainting.com\/wp-content\/uploads\/2026\/02\/Check.svg\" alt=\"\" width=\"18\" height=\"15\" \/>Pengar-tillbaka-garanti.<\/strong>\u00a0Vi tror starkt p\u00e5 effektiviteten hos v\u00e5rt t\u00e4tskikt f\u00f6r murbruk. Om du av n\u00e5gon anledning inte \u00e4r n\u00f6jd med produkten erbjuder vi en n\u00f6jdhets- eller \u00e5terbetalningsgaranti. Du kan k\u00f6pa med fullt f\u00f6rtroende, eftersom du vet att om produkten inte uppfyller dina f\u00f6rv\u00e4ntningar \u00e4r du ber\u00e4ttigad till full \u00e5terbetalning.<\/p>\n<p><strong><img decoding=\"async\" style=\"margin-right: 12px;\" src=\"https:\/\/www.ferberpainting.com\/wp-content\/uploads\/2026\/02\/Check.svg\" alt=\"\" width=\"18\" height=\"15\" \/>Prestanda p\u00e5 flera ytor.<\/strong>\u00a0Vattenisoleringsmedlet f\u00f6r murbruk \u00e4r inte begr\u00e4nsat till murbruk - det \u00e4r ocks\u00e5 effektivt f\u00f6r att skydda andra liknande material som betong-, cement-, tegel- och stenytor. Denna produkt \u00e4r d\u00e4rf\u00f6r en sann \u201cmulti-purpose\u201d-l\u00f6sning som kan behandla en m\u00e4ngd olika byggmaterial b\u00e5de utomhus och inomhus, fr\u00e5n murverk till plattor eller kakelplattor.<\/p>\n<p><strong><img decoding=\"async\" style=\"margin-right: 12px;\" src=\"https:\/\/www.ferberpainting.com\/wp-content\/uploads\/2026\/02\/Check.svg\" alt=\"\" width=\"18\" height=\"15\" \/>Ekonomisk prestanda.<\/strong>\u00a0Tack vare sin koncentrerade och kraftfulla formula ger impregneringsmedlet ett utm\u00e4rkt ekonomiskt utbyte. En liter produkt kan t\u00e4cka mellan 6 och 10 m\u00b2 yta beroende p\u00e5 materialets porositet. En 5-litersbeh\u00e5llare r\u00e4cker f\u00f6r att behandla mellan 30 och 50 m\u00b2, vilket g\u00f6r det till en prisv\u00e4rd och l\u00e5ngvarig l\u00f6sning f\u00f6r dina ytbehandlingsprojekt.<\/p>\n<p><strong><img decoding=\"async\" style=\"margin-right: 12px;\" src=\"https:\/\/www.ferberpainting.com\/wp-content\/uploads\/2026\/02\/Check.svg\" alt=\"\" width=\"18\" height=\"15\" \/>S\u00e4kert.<\/strong>\u00a0Murbrukets t\u00e4tskikt \u00e4r utformat f\u00f6r att vara s\u00e4kert och inneh\u00e5ller inga giftiga eller aggressiva \u00e4mnen. Den kan anv\u00e4ndas s\u00e4kert i olika milj\u00f6er, oavsett om det g\u00e4ller utomhus- eller inomhusarbete. Dessutom avger produkten inga obehagliga \u00e5ngor under anv\u00e4ndning, vilket s\u00e4kerst\u00e4ller en h\u00e4lsosam arbetsmilj\u00f6.<\/p>\n<p><strong><img decoding=\"async\" style=\"margin-right: 12px;\" src=\"https:\/\/www.ferberpainting.com\/wp-content\/uploads\/2026\/02\/Check.svg\" alt=\"\" width=\"18\" height=\"15\" \/>Enkel applicering.<\/strong>\u00a0T\u00e4tskiktsbruket \u00e4r f\u00e4rdigt att anv\u00e4nda, vilket g\u00f6r appliceringen enkel. Inget behov av utsp\u00e4dning, blandning eller komplicerade f\u00f6rberedelser. Applicera helt enkelt direkt p\u00e5 ytan med en spruta, pensel eller roller beroende p\u00e5 dina \u00f6nskem\u00e5l och ytans beskaffenhet. Den flytande formulan m\u00f6jligg\u00f6r enkel och j\u00e4mn applicering, \u00e4ven p\u00e5 oregelbundna ytor.<\/p>\n<p><strong><img decoding=\"async\" style=\"margin-right: 12px;\" src=\"https:\/\/www.ferberpainting.com\/wp-content\/uploads\/2026\/02\/Check.svg\" alt=\"\" width=\"18\" height=\"15\" \/>Exceptionell h\u00e5llbarhet.<\/strong>\u00a0Denna produkt \u00e4r utformad f\u00f6r att ge ett l\u00e5ngvarigt skydd. Efter applicering bildar t\u00e4tskiktet en h\u00e5llbar vattent\u00e4t barri\u00e4r som st\u00e5r emot v\u00e4der och vind, frys- och t\u00f6cykler och kemiska \u00e4mnen. Det f\u00f6rl\u00e4nger livsl\u00e4ngden p\u00e5 dina murbruksytor och f\u00f6rhindrar skador som orsakas av fukt och element.<\/p>\n<p><strong><img decoding=\"async\" style=\"margin-right: 12px;\" src=\"https:\/\/www.ferberpainting.com\/wp-content\/uploads\/2026\/02\/Check.svg\" alt=\"\" width=\"18\" height=\"15\" \/>Snabb applicering och torkning.<\/strong>\u00a0Murbrukets impregneringsmedel \u00e4r k\u00e4nt f\u00f6r sin snabba torkning. N\u00e4r den har applicerats torkar den till ber\u00f6ring p\u00e5 1 till 2 timmar. F\u00f6r att s\u00e4kerst\u00e4lla optimal effektivitet rekommenderas det dock att l\u00e5ta produkten torka helt i 24 timmar innan den behandlade ytan uts\u00e4tts f\u00f6r fukt. Den snabba torktiden g\u00f6r att du kan \u00e5teruppta dina projekt eller \u00e5terg\u00e5 till att anv\u00e4nda ytan utan st\u00f6rre f\u00f6rdr\u00f6jning.<\/p>\n<h2><strong>Anv\u00e4ndning Protokoll<\/strong><\/h2>\n<ul>\n<li><strong>Ytbehandling <\/strong>: Innan du applicerar t\u00e4tskiktet, se till att ytan \u00e4r ren och helt torr. Avl\u00e4gsna all smuts, damm, m\u00f6gel eller andra f\u00f6roreningar som kan p\u00e5verka vidh\u00e4ftningen. Om ytan \u00e4r s\u00e4rskilt smutsig eller skadad kan det vara n\u00f6dv\u00e4ndigt att reng\u00f6ra den med ett s\u00e4rskilt reng\u00f6ringsmedel innan du applicerar t\u00e4tskiktet. L\u00e5t ytan torka helt innan du forts\u00e4tter med appliceringen.<\/li>\n<li><strong>Produkttill\u00e4mpning <\/strong>: M\u00f6rtelvattent\u00e4tningsmedlet \u00e4r klart att anv\u00e4nda och kr\u00e4ver ingen utsp\u00e4dning. Applicera direkt p\u00e5 ytan med spruta, pensel eller roller beroende p\u00e5 ytans storlek och utformning. F\u00f6r enhetlig applicering, applicera ett tunt lager av produkten och l\u00e5t den tr\u00e4nga in. Applicera vid behov ett andra skikt f\u00f6r att s\u00e4kerst\u00e4lla fullst\u00e4ndigt skydd, s\u00e4rskilt om murbruket \u00e4r s\u00e4rskilt por\u00f6st.<\/li>\n<li><strong>Antal att anv\u00e4nda <\/strong>: Produktutbytet beror p\u00e5 materialets porositet. I genomsnitt kan 1 liter impregneringsmedel t\u00e4cka mellan 6 och 10 m\u00b2 yta. Om ett andra skikt appliceras kan produktf\u00f6rbrukningen vara n\u00e5got h\u00f6gre. En 5-litersbeh\u00e5llare kan t\u00e4cka mellan 30 och 50 m\u00b2 med en applicering, vilket g\u00f6r det till en ekonomisk l\u00f6sning f\u00f6r stora ytor.<\/li>\n<li><strong>Torktid <\/strong>: Efter applicering torkar produkten till ber\u00f6ring p\u00e5 cirka 1 till 2 timmar. F\u00f6r att s\u00e4kerst\u00e4lla optimalt skydd och till\u00e5ta full penetration rekommenderas dock att ytan f\u00e5r torka i 24 timmar innan den uts\u00e4tts f\u00f6r fukt eller vatten. Denna torkperiod s\u00e4kerst\u00e4ller bildandet av en h\u00e5llbar vattent\u00e4t barri\u00e4r.<\/li>\n<li><strong>\u00c5terans\u00f6kan <\/strong>: Beroende p\u00e5 v\u00e4derexponering och slitage kan t\u00e4tskiktet beh\u00f6va \u00e5terappliceras vart 3:e till 5:e \u00e5r. Innan ny applicering rekommenderas att ytan reng\u00f6rs och torkas noggrant. Ett nytt lager av t\u00e4tskikt ger ett fortsatt skydd mot fukt och fl\u00e4ckar.<\/li>\n<li><strong>Underh\u00e5ll av den behandlade ytan <\/strong>: N\u00e4r t\u00e4tskiktet har applicerats blir ytan vatten- och fl\u00e4ckavvisande. Vi rekommenderar att du regelbundet reng\u00f6r ytan med rent vatten och en mjuk trasa f\u00f6r att bibeh\u00e5lla dess utseende. Undvik att anv\u00e4nda starka kemikalier som kan skada det skyddande skiktet.<\/li>\n<\/ul>","protected":false},"excerpt":{"rendered":"<p>Effective protection against moisture. The mortar waterproofer is designed to provide exceptional protection to mortar surfaces against moisture, water infiltration, and stains. It creates an impermeable barrier that prevents water from penetrating while allowing the surface to breathe, which helps preserve the strength and longevity of your mortar structures, whether exterior walls, foundations, or screeds. [&hellip;]<\/p>\n","protected":false},"featured_media":36077,"comment_status":"open","ping_status":"closed","template":"","meta":{"_uag_custom_page_level_css":"","site-sidebar-layout":"default","site-content-layout":"","ast-site-content-layout":"default","site-content-style":"default","site-sidebar-style":"default","ast-global-header-display":"","ast-banner-title-visibility":"","ast-main-header-display":"","ast-hfb-above-header-display":"","ast-hfb-below-header-display":"","ast-hfb-mobile-header-display":"","site-post-title":"","ast-breadcrumbs-content":"","ast-featured-img":"","footer-sml-layout":"","ast-disable-related-posts":"","theme-transparent-header-meta":"default","adv-header-id-meta":"","stick-header-meta":"","header-above-stick-meta":"","header-main-stick-meta":"","header-below-stick-meta":"","astra-migrate-meta-layouts":"set","ast-page-background-enabled":"default","ast-page-background-meta":{"desktop":{"background-color":"var(--ast-global-color-4)","background-image":"","background-repeat":"repeat","background-position":"center center","background-size":"auto","background-attachment":"scroll","background-type":"","background-media":"","overlay-type":"","overlay-color":"","overlay-opacity":"","overlay-gradient":""},"tablet":{"background-color":"","background-image":"","background-repeat":"repeat","background-position":"center center","background-size":"auto","background-attachment":"scroll","background-type":"","background-media":"","overlay-type":"","overlay-color":"","overlay-opacity":"","overlay-gradient":""},"mobile":{"background-color":"","background-image":"","background-repeat":"repeat","background-position":"center center","background-size":"auto","background-attachment":"scroll","background-type":"","background-media":"","overlay-type":"","overlay-color":"","overlay-opacity":"","overlay-gradient":""}},"ast-content-background-meta":{"desktop":{"background-color":"var(--ast-global-color-5)","background-image":"","background-repeat":"repeat","background-position":"center center","background-size":"auto","background-attachment":"scroll","background-type":"","background-media":"","overlay-type":"","overlay-color":"","overlay-opacity":"","overlay-gradient":""},"tablet":{"background-color":"var(--ast-global-color-5)","background-image":"","background-repeat":"repeat","background-position":"center center","background-size":"auto","background-attachment":"scroll","background-type":"","background-media":"","overlay-type":"","overlay-color":"","overlay-opacity":"","overlay-gradient":""},"mobile":{"background-color":"var(--ast-global-color-5)","background-image":"","background-repeat":"repeat","background-position":"center center","background-size":"auto","background-attachment":"scroll","background-type":"","background-media":"","overlay-type":"","overlay-color":"","overlay-opacity":"","overlay-gradient":""}}},"product_brand":[],"product_cat":[191],"product_tag":[],"class_list":{"0":"post-24717","1":"product","2":"type-product","3":"status-publish","4":"has-post-thumbnail","6":"product_cat-water-repellent","7":"desktop-align-left","8":"tablet-align-left","9":"mobile-align-left","11":"first","12":"instock","13":"sale","14":"shipping-taxable","15":"purchasable","16":"product-type-variable","17":"has-default-attributes"},"spectra_custom_meta":{"_visibility":["visible"],"_shopify_product_id":["9106657870069"],"_s2w_shopify_domain":["ferberpainting.myshopify.com"],"_shopify_variant_id":["46626413641973"],"_sku":[""],"_manage_stock":["no"],"total_sales":["4"],"_tax_status":["taxable"],"_tax_class":[""],"_backorders":["no"],"_sold_individually":["no"],"_virtual":["no"],"_downloadable":["no"],"_download_limit":["-1"],"_download_expiry":["-1"],"_stock":[null],"_stock_status":["instock"],"_wc_average_rating":["5.00"],"_wc_review_count":["34"],"_product_attributes":["a:1:{s:6:\"volume\";a:6:{s:4:\"name\";s:6:\"Volume\";s:5:\"value\";s:20:\"5 liters | 25 liters\";s:8:\"position\";i:1;s:10:\"is_visible\";i:0;s:12:\"is_variation\";i:1;s:11:\"is_taxonomy\";i:0;}}"],"_product_version":["10.5.1"],"wpse_downloadable_file_names":[""],"wpse_downloadable_file_urls":[""],"_edit_last":["1"],"_default_attributes":["a:1:{s:6:\"volume\";s:8:\"5 liters\";}"],"_edit_lock":["1771190903:1"],"_price":["29.90","129.90"],"merchant-center-availability":["yes"],"merchant-center-category":["503744"],"_thumbnail_id":["36077"],"_wp_page_template":["default"],"_wp_old_date":["2025-05-26"],"_product_image_gallery":["36078"],"site-sidebar-layout":["default"],"ast-site-content-layout":["default"],"site-content-style":["default"],"site-sidebar-style":["default"],"theme-transparent-header-meta":["default"],"_wc_rating_count":["a:1:{i:5;i:34;}"],"astra-migrate-meta-layouts":["set"],"_uag_css_file_name":["uag-css-24717.css"],"_elementor_page_assets":["a:0:{}"],"_uag_page_assets":["a:9:{s:3:\"css\";s:6873:\".wp-block-uagb-image{display:flex}.wp-block-uagb-image__figure{position:relative;display:flex;flex-direction:column;max-width:100%;height:auto;margin:0}.wp-block-uagb-image__figure img{height:auto;display:flex;max-width:100%;transition:box-shadow .2s ease}.wp-block-uagb-image__figure>a{display:inline-block}.wp-block-uagb-image__figure figcaption{text-align:center;margin-top:.5em;margin-bottom:1em}.wp-block-uagb-image .components-placeholder.block-editor-media-placeholder .components-placeholder__instructions{align-self:center}.wp-block-uagb-image--align-left{text-align:left}.wp-block-uagb-image--align-right{text-align:right}.wp-block-uagb-image--align-center{text-align:center}.wp-block-uagb-image--align-full .wp-block-uagb-image__figure{margin-left:calc(50% - 50vw);margin-right:calc(50% - 50vw);max-width:100vw;width:100vw;height:auto}.wp-block-uagb-image--align-full .wp-block-uagb-image__figure img{height:auto;width:100% !important}.wp-block-uagb-image--align-wide .wp-block-uagb-image__figure img{height:auto;width:100%}.wp-block-uagb-image--layout-overlay__color-wrapper{position:absolute;left:0;top:0;right:0;bottom:0;opacity:.2;background:rgba(0,0,0,.5);transition:opacity .35s ease-in-out}.wp-block-uagb-image--layout-overlay-link{position:absolute;left:0;right:0;bottom:0;top:0}.wp-block-uagb-image--layout-overlay .wp-block-uagb-image__figure:hover .wp-block-uagb-image--layout-overlay__color-wrapper{opacity:1}.wp-block-uagb-image--layout-overlay__inner{position:absolute;left:15px;right:15px;bottom:15px;top:15px;display:flex;align-items:center;justify-content:center;flex-direction:column;border-color:#fff;transition:.35s ease-in-out}.wp-block-uagb-image--layout-overlay__inner.top-left,.wp-block-uagb-image--layout-overlay__inner.top-center,.wp-block-uagb-image--layout-overlay__inner.top-right{justify-content:flex-start}.wp-block-uagb-image--layout-overlay__inner.bottom-left,.wp-block-uagb-image--layout-overlay__inner.bottom-center,.wp-block-uagb-image--layout-overlay__inner.bottom-right{justify-content:flex-end}.wp-block-uagb-image--layout-overlay__inner.top-left,.wp-block-uagb-image--layout-overlay__inner.center-left,.wp-block-uagb-image--layout-overlay__inner.bottom-left{align-items:flex-start}.wp-block-uagb-image--layout-overlay__inner.top-right,.wp-block-uagb-image--layout-overlay__inner.center-right,.wp-block-uagb-image--layout-overlay__inner.bottom-right{align-items:flex-end}.wp-block-uagb-image--layout-overlay__inner .uagb-image-heading{color:#fff;transition:transform .35s,opacity .35s ease-in-out;transform:translate3d(0, 24px, 0);margin:0;line-height:1em}.wp-block-uagb-image--layout-overlay__inner .uagb-image-separator{width:30%;border-top-width:2px;border-top-color:#fff;border-top-style:solid;margin-bottom:10px;opacity:0;transition:transform .4s,opacity .4s ease-in-out;transform:translate3d(0, 30px, 0)}.wp-block-uagb-image--layout-overlay__inner .uagb-image-caption{opacity:0;overflow:visible;color:#fff;transition:transform .45s,opacity .45s ease-in-out;transform:translate3d(0, 35px, 0)}.wp-block-uagb-image--layout-overlay__inner:hover .uagb-image-heading,.wp-block-uagb-image--layout-overlay__inner:hover .uagb-image-separator,.wp-block-uagb-image--layout-overlay__inner:hover .uagb-image-caption{opacity:1;transform:translate3d(0, 0, 0)}.wp-block-uagb-image--effect-zoomin .wp-block-uagb-image__figure img,.wp-block-uagb-image--effect-zoomin .wp-block-uagb-image__figure .wp-block-uagb-image--layout-overlay__color-wrapper{transform:scale(1);transition:transform .35s ease-in-out}.wp-block-uagb-image--effect-zoomin .wp-block-uagb-image__figure:hover img,.wp-block-uagb-image--effect-zoomin .wp-block-uagb-image__figure:hover .wp-block-uagb-image--layout-overlay__color-wrapper{transform:scale(1.05)}.wp-block-uagb-image--effect-slide .wp-block-uagb-image__figure img,.wp-block-uagb-image--effect-slide .wp-block-uagb-image__figure .wp-block-uagb-image--layout-overlay__color-wrapper{width:calc(100% + 40px) !important;max-width:none !important;transform:translate3d(-40px, 0, 0);transition:transform .35s ease-in-out}.wp-block-uagb-image--effect-slide .wp-block-uagb-image__figure:hover img,.wp-block-uagb-image--effect-slide .wp-block-uagb-image__figure:hover .wp-block-uagb-image--layout-overlay__color-wrapper{transform:translate3d(0, 0, 0)}.wp-block-uagb-image--effect-grayscale img{filter:grayscale(0%);transition:.35s ease-in-out}.wp-block-uagb-image--effect-grayscale:hover img{filter:grayscale(100%)}.wp-block-uagb-image--effect-blur img{filter:blur(0);transition:.35s ease-in-out}.wp-block-uagb-image--effect-blur:hover img{filter:blur(3px)}.uagb-block-e6f939b3.wp-block-uagb-image--layout-default figure img{box-shadow: 0px 0px 0 #00000070;}.uagb-block-e6f939b3.wp-block-uagb-image .wp-block-uagb-image__figure figcaption{font-style: normal;align-self: center;}.uagb-block-e6f939b3.wp-block-uagb-image--layout-overlay figure img{box-shadow: 0px 0px 0 #00000070;}.uagb-block-e6f939b3.wp-block-uagb-image--layout-overlay .wp-block-uagb-image--layout-overlay__color-wrapper{opacity: 0.2;}.uagb-block-e6f939b3.wp-block-uagb-image--layout-overlay .wp-block-uagb-image--layout-overlay__inner{left: 15px;right: 15px;top: 15px;bottom: 15px;}.uagb-block-e6f939b3.wp-block-uagb-image--layout-overlay .wp-block-uagb-image--layout-overlay__inner .uagb-image-heading{font-style: normal;color: #fff;opacity: 1;}.uagb-block-e6f939b3.wp-block-uagb-image--layout-overlay .wp-block-uagb-image--layout-overlay__inner .uagb-image-heading a{color: #fff;}.uagb-block-e6f939b3.wp-block-uagb-image--layout-overlay .wp-block-uagb-image--layout-overlay__inner .uagb-image-caption{opacity: 0;}.uagb-block-e6f939b3.wp-block-uagb-image--layout-overlay .wp-block-uagb-image__figure:hover .wp-block-uagb-image--layout-overlay__color-wrapper{opacity: 1;}.uagb-block-e6f939b3.wp-block-uagb-image .wp-block-uagb-image--layout-overlay__inner .uagb-image-separator{width: 30%;border-top-width: 2px;border-top-color: #fff;opacity: 0;}.uagb-block-e6f939b3.wp-block-uagb-image .wp-block-uagb-image__figure img{width: px;height: auto;}.uagb-block-e6f939b3.wp-block-uagb-image .wp-block-uagb-image__figure:hover .wp-block-uagb-image--layout-overlay__inner .uagb-image-caption{opacity: 1;}.uagb-block-e6f939b3.wp-block-uagb-image .wp-block-uagb-image__figure:hover .wp-block-uagb-image--layout-overlay__inner .uagb-image-separator{opacity: 1;}.uagb-block-e6f939b3.wp-block-uagb-image--layout-default figure:hover img{box-shadow: 0px 0px 0 #00000070;}.uagb-block-e6f939b3.wp-block-uagb-image--layout-overlay figure:hover img{box-shadow: 0px 0px 0 #00000070;}@media only screen and (max-width: 976px) {.uagb-block-e6f939b3.wp-block-uagb-image .wp-block-uagb-image__figure img{width: px;height: auto;}}@media only screen and (max-width: 767px) {.uagb-block-e6f939b3.wp-block-uagb-image .wp-block-uagb-image__figure img{width: px;height: auto;}}\";s:2:\"js\";s:0:\"\";s:18:\"current_block_list\";a:13:{i:0;s:11:\"core\/search\";i:1;s:10:\"core\/group\";i:2;s:12:\"core\/heading\";i:3;s:17:\"core\/latest-posts\";i:4;s:20:\"core\/latest-comments\";i:5;s:13:\"core\/archives\";i:6;s:15:\"core\/categories\";i:7;s:14:\"core\/paragraph\";i:8;s:10:\"uagb\/image\";i:9;s:11:\"core\/spacer\";i:10;s:30:\"woocommerce\/product-categories\";i:11;s:10:\"core\/image\";i:12;s:14:\"core\/shortcode\";}s:8:\"uag_flag\";b:1;s:11:\"uag_version\";s:10:\"1777102511\";s:6:\"gfonts\";a:0:{}s:10:\"gfonts_url\";s:0:\"\";s:12:\"gfonts_files\";a:0:{}s:14:\"uag_faq_layout\";b:0;}"]},"uagb_featured_image_src":{"full":["https:\/\/www.ferberpainting.com\/wp-content\/uploads\/2025\/05\/Mortar-Water-Repellent-5L-.png",2560,2560,false],"thumbnail":["https:\/\/www.ferberpainting.com\/wp-content\/uploads\/2025\/05\/Mortar-Water-Repellent-5L--150x150.png",150,150,true],"medium":["https:\/\/www.ferberpainting.com\/wp-content\/uploads\/2025\/05\/Mortar-Water-Repellent-5L--300x300.png",300,300,true],"medium_large":["https:\/\/www.ferberpainting.com\/wp-content\/uploads\/2025\/05\/Mortar-Water-Repellent-5L--768x768.png",768,768,true],"large":["https:\/\/www.ferberpainting.com\/wp-content\/uploads\/2025\/05\/Mortar-Water-Repellent-5L--1024x1024.png",1024,1024,true],"1536x1536":["https:\/\/www.ferberpainting.com\/wp-content\/uploads\/2025\/05\/Mortar-Water-Repellent-5L--1536x1536.png",1536,1536,true],"2048x2048":["https:\/\/www.ferberpainting.com\/wp-content\/uploads\/2025\/05\/Mortar-Water-Repellent-5L--2048x2048.png",2048,2048,true],"trp-custom-language-flag":["https:\/\/www.ferberpainting.com\/wp-content\/uploads\/2025\/05\/Mortar-Water-Repellent-5L--12x12.png",12,12,true],"woocommerce_thumbnail":["https:\/\/www.ferberpainting.com\/wp-content\/uploads\/2025\/05\/Mortar-Water-Repellent-5L--300x300.png",300,300,true],"woocommerce_single":["https:\/\/www.ferberpainting.com\/wp-content\/uploads\/2025\/05\/Mortar-Water-Repellent-5L--600x600.png",600,600,true],"woocommerce_gallery_thumbnail":["https:\/\/www.ferberpainting.com\/wp-content\/uploads\/2025\/05\/Mortar-Water-Repellent-5L--100x100.png",100,100,true]},"uagb_author_info":{"display_name":"admin","author_link":"https:\/\/www.ferberpainting.com\/se\/author\/"},"uagb_comment_info":34,"uagb_excerpt":"Effective protection against moisture. The mortar waterproofer is designed to provide exceptional protection to mortar surfaces against moisture, water infiltration, and stains. It creates an impermeable barrier that prevents water from penetrating while allowing the surface to breathe, which helps preserve the strength and longevity of your mortar structures, whether exterior walls, foundations, or screeds.&hellip;","_links":{"self":[{"href":"https:\/\/www.ferberpainting.com\/se\/wp-json\/wp\/v2\/product\/24717","targetHints":{"allow":["GET"]}}],"collection":[{"href":"https:\/\/www.ferberpainting.com\/se\/wp-json\/wp\/v2\/product"}],"about":[{"href":"https:\/\/www.ferberpainting.com\/se\/wp-json\/wp\/v2\/types\/product"}],"replies":[{"embeddable":true,"href":"https:\/\/www.ferberpainting.com\/se\/wp-json\/wp\/v2\/comments?post=24717"}],"version-history":[{"count":3,"href":"https:\/\/www.ferberpainting.com\/se\/wp-json\/wp\/v2\/product\/24717\/revisions"}],"predecessor-version":[{"id":166611,"href":"https:\/\/www.ferberpainting.com\/se\/wp-json\/wp\/v2\/product\/24717\/revisions\/166611"}],"wp:featuredmedia":[{"embeddable":true,"href":"https:\/\/www.ferberpainting.com\/se\/wp-json\/wp\/v2\/media\/36077"}],"wp:attachment":[{"href":"https:\/\/www.ferberpainting.com\/se\/wp-json\/wp\/v2\/media?parent=24717"}],"wp:term":[{"taxonomy":"product_brand","embeddable":true,"href":"https:\/\/www.ferberpainting.com\/se\/wp-json\/wp\/v2\/product_brand?post=24717"},{"taxonomy":"product_cat","embeddable":true,"href":"https:\/\/www.ferberpainting.com\/se\/wp-json\/wp\/v2\/product_cat?post=24717"},{"taxonomy":"product_tag","embeddable":true,"href":"https:\/\/www.ferberpainting.com\/se\/wp-json\/wp\/v2\/product_tag?post=24717"}],"curies":[{"name":"wp","href":"https:\/\/api.w.org\/{rel}","templated":true}]}}