{"id":24701,"date":"2025-05-26T10:26:40","date_gmt":"2025-05-26T08:26:40","guid":{"rendered":"https:\/\/www.ferberpainting.com\/products\/microcement-varnish\/"},"modified":"2026-02-15T21:50:30","modified_gmt":"2026-02-15T20:50:30","slug":"microcement-varnish","status":"publish","type":"product","link":"https:\/\/www.ferberpainting.com\/se\/products\/microcement-varnish\/","title":{"rendered":"Mikrocementlack"},"content":{"rendered":"<p><strong><img decoding=\"async\" style=\"margin-right: 12px;\" src=\"https:\/\/www.ferberpainting.com\/wp-content\/uploads\/2026\/02\/Check.svg\" alt=\"\" width=\"18\" height=\"15\" \/>Skydd och f\u00f6r\u00e4dling av vaxad betong.<\/strong>\u00a0Denna lack f\u00f6r vaxad betong \u00e4r speciellt utformad f\u00f6r att skydda och f\u00f6rb\u00e4ttra ytor samtidigt som den bevarar deras naturliga utseende. Den bildar en osynlig skyddsfilm som f\u00f6rst\u00e4rker den vaxade betongens motst\u00e5ndskraft mot dagliga angrepp som fukt, fl\u00e4ckar, st\u00f6tar och slitage, vilket ger ett oklanderligt och h\u00e5llbart estetiskt resultat.<\/p>\n<p><strong><img decoding=\"async\" style=\"margin-right: 12px;\" src=\"https:\/\/www.ferberpainting.com\/wp-content\/uploads\/2026\/02\/Check.svg\" alt=\"\" width=\"18\" height=\"15\" \/>Pengar-tillbaka-garanti.<\/strong>\u00a0Vi har absolut f\u00f6rtroende f\u00f6r effektiviteten hos v\u00e5r vaxade betonglack, och det \u00e4r d\u00e4rf\u00f6r vi erbjuder en pengarna-tillbaka-garanti. Om produkten inte uppfyller dina f\u00f6rv\u00e4ntningar efter applicering enligt rekommendationerna har du m\u00f6jlighet att beg\u00e4ra en \u00e5terbetalning utan villkor, vilket garanterar ett riskfritt k\u00f6p med total tillfredsst\u00e4llelse.<\/p>\n<p><strong><img decoding=\"async\" style=\"margin-right: 12px;\" src=\"https:\/\/www.ferberpainting.com\/wp-content\/uploads\/2026\/02\/Check.svg\" alt=\"\" width=\"18\" height=\"15\" \/>L\u00e4mplig f\u00f6r olika por\u00f6sa och mineraliska material.<\/strong>\u00a0Denna lack \u00e4r inte begr\u00e4nsad till vaxad betong, den \u00e4r ocks\u00e5 kompatibel med r\u00e5 betong, cement, murbruk, natursten och vissa por\u00f6sa bel\u00e4ggningar. Den hj\u00e4lper till att f\u00f6rst\u00e4rka skyddet av m\u00e5nga ytor samtidigt som den f\u00f6rb\u00e4ttrar deras finish, vilket g\u00f6r den idealisk f\u00f6r applicering p\u00e5 golv, v\u00e4ggar, arbetsytor och vertikala eller horisontella ytor.<\/p>\n<p><strong><img decoding=\"async\" style=\"margin-right: 12px;\" src=\"https:\/\/www.ferberpainting.com\/wp-content\/uploads\/2026\/02\/Check.svg\" alt=\"\" width=\"18\" height=\"15\" \/>Ekonomisk avkastning och optimerad applicering.<\/strong>\u00a0Tack vare den koncentrerade formulan kan 1 liter lack t\u00e4cka mellan 8 och 12 m\u00b2, beroende p\u00e5 ytans porositet och tjockleken p\u00e5 de applicerade skikten. Den utm\u00e4rkta t\u00e4ckf\u00f6rm\u00e5gan ger minskad f\u00f6rbrukning samtidigt som den ger maximalt skydd, vilket bidrar till att begr\u00e4nsa kostnaderna f\u00f6r underh\u00e5ll och retuschering.<\/p>\n<p><strong><img decoding=\"async\" style=\"margin-right: 12px;\" src=\"https:\/\/www.ferberpainting.com\/wp-content\/uploads\/2026\/02\/Check.svg\" alt=\"\" width=\"18\" height=\"15\" \/>En s\u00e4ker och milj\u00f6v\u00e4nlig produkt.<\/strong>\u00a0Denna lack, som \u00e4r formulerad utan starka l\u00f6sningsmedel eller giftiga f\u00f6reningar, avger inga skadliga \u00e5ngor och kan anv\u00e4ndas b\u00e5de inomhus och utomhus utan att p\u00e5verka luftkvaliteten. Den \u00e4r s\u00e4ker f\u00f6r b\u00e5de anv\u00e4ndaren och milj\u00f6n, vilket g\u00f6r att den kan appliceras i lugn och ro i bostadsutrymmen eller tr\u00e5nga utrymmen.<\/p>\n<p><strong><img decoding=\"async\" style=\"margin-right: 12px;\" src=\"https:\/\/www.ferberpainting.com\/wp-content\/uploads\/2026\/02\/Check.svg\" alt=\"\" width=\"18\" height=\"15\" \/>Enkel applicering och homogen torkning.<\/strong>\u00a0F\u00e4rdig att anv\u00e4nda, denna lack kan enkelt appliceras med pensel, roller eller spruta, vilket garanterar j\u00e4mn f\u00f6rdelning och en homogen finish utan r\u00e4nder eller \u00f6verbelastning. Dess flytande konsistens g\u00f6r den l\u00e4tt att applicera \u00e4ven f\u00f6r nyb\u00f6rjare, vilket garanterar ett professionellt resultat med total enkelhet.<\/p>\n<p><strong><img decoding=\"async\" style=\"margin-right: 12px;\" src=\"https:\/\/www.ferberpainting.com\/wp-content\/uploads\/2026\/02\/Check.svg\" alt=\"\" width=\"18\" height=\"15\" \/>H\u00e5llbarhet och motst\u00e5ndskraft mot yttre p\u00e5frestningar.<\/strong>\u00a0Efter applicering och torkning skyddar denna lack vaxad betong p\u00e5 ett h\u00e5llbart s\u00e4tt mot repor, fl\u00e4ckar, vatten, olja och hush\u00e5llsprodukter, vilket f\u00f6rl\u00e4nger de behandlade ytornas utseende och sk\u00f6nhet. Den f\u00f6rb\u00e4ttrar ytans motst\u00e5ndskraft mot frekvent fottrafik och klimatvariationer och f\u00f6rhindrar d\u00e4rmed f\u00f6rtida slitage.<\/p>\n<p><strong><img decoding=\"async\" style=\"margin-right: 12px;\" src=\"https:\/\/www.ferberpainting.com\/wp-content\/uploads\/2026\/02\/Check.svg\" alt=\"\" width=\"18\" height=\"15\" \/>Snabbtorkande och snabbare serviceberedskap.<\/strong>\u00a0Tack vare sin snabbtorkande formula blir denna lack torr vid ber\u00f6ring p\u00e5 30 till 60 minuter och n\u00e5r sitt optimala motst\u00e5nd efter 24 timmar. Detta g\u00f6r att ytorna snabbt kan tas i bruk igen, vilket g\u00f6r att man undviker l\u00e5nga v\u00e4ntetider och underl\u00e4ttar renoverings- och inredningsarbeten.<\/p>\n<h2><strong>Anv\u00e4ndning Protokoll<\/strong><\/h2>\n<ul>\n<li><strong>Ytbehandling <\/strong>: Se till att den vaxade betongytan \u00e4r ren, torr och fri fr\u00e5n damm, fett eller annan smuts. Damma vid behov av med en torr trasa eller mikrofiber.<\/li>\n<li><strong>Rekommenderad dosering <\/strong>: Applicera 1 liter per 8 till 12 m\u00b2, beroende p\u00e5 materialets porositet. F\u00f6r f\u00f6rb\u00e4ttrad finish och \u00f6kat skydd rekommenderas att tv\u00e5 till tre tunna lager appliceras i st\u00e4llet f\u00f6r ett tjockt lager.<\/li>\n<li><strong>Applicering av lack <\/strong>: Applicera lacken med en bred pensel, en korth\u00e5rig rulle eller en spruta, med regelbundna r\u00f6relser och korsade passeringar f\u00f6r en j\u00e4mn f\u00f6rdelning. Var noga med att sprida produkten v\u00e4l f\u00f6r att undvika \u00f6verdriven uppbyggnad.<\/li>\n<li><strong>Torktid <\/strong>: L\u00e5t varje skikt torka i 30 till 60 minuter. Ett andra skikt kan appliceras efter att det f\u00f6rsta har torkat f\u00f6r att f\u00f6rst\u00e4rka skyddet och f\u00f6rb\u00e4ttra finishen.<\/li>\n<li><strong>Fullst\u00e4ndig torkning och serviceberedskap <\/strong>: V\u00e4nta 24 timmar innan normal anv\u00e4ndning av ytan. Undvik l\u00e5ngvarig exponering f\u00f6r fukt eller st\u00f6tar under denna period f\u00f6r att s\u00e4kerst\u00e4lla optimal motst\u00e5ndskraft.<\/li>\n<li><strong>L\u00e5ngsiktigt underh\u00e5ll och skydd <\/strong>: N\u00e4r lacken \u00e4r torr kr\u00e4ver den endast enkelt underh\u00e5ll med hj\u00e4lp av en fuktig trasa och milda hush\u00e5llsprodukter. F\u00f6r att bibeh\u00e5lla glansen och skyddet hos vaxad betong kan en ny applicering g\u00f6ras efter flera \u00e5r om det beh\u00f6vs.<\/li>\n<li><strong>Reng\u00f6ring av verktyg <\/strong>: Reng\u00f6r borstar, rullar och sprutor omedelbart efter applicering med rent vatten f\u00f6r att f\u00f6rhindra att produkten h\u00e4rdar och f\u00f6r att f\u00f6rl\u00e4nga utrustningens livsl\u00e4ngd.<\/li>\n<\/ul>","protected":false},"excerpt":{"rendered":"<p>Protection and enhancement of waxed concrete.\u00a0This waxed concrete varnish is specially designed to protect and enhance surfaces while preserving their natural appearance. It forms an invisible protective film that reinforces the resistance of waxed concrete against daily aggressions such as humidity, stains, shocks, and wear, thus ensuring an impeccable and durable aesthetic result. Money-back guarantee.\u00a0We [&hellip;]<\/p>\n","protected":false},"featured_media":26584,"comment_status":"open","ping_status":"closed","template":"","meta":{"_uag_custom_page_level_css":"","site-sidebar-layout":"default","site-content-layout":"","ast-site-content-layout":"default","site-content-style":"default","site-sidebar-style":"default","ast-global-header-display":"","ast-banner-title-visibility":"","ast-main-header-display":"","ast-hfb-above-header-display":"","ast-hfb-below-header-display":"","ast-hfb-mobile-header-display":"","site-post-title":"","ast-breadcrumbs-content":"","ast-featured-img":"","footer-sml-layout":"","ast-disable-related-posts":"","theme-transparent-header-meta":"default","adv-header-id-meta":"","stick-header-meta":"","header-above-stick-meta":"","header-main-stick-meta":"","header-below-stick-meta":"","astra-migrate-meta-layouts":"set","ast-page-background-enabled":"default","ast-page-background-meta":{"desktop":{"background-color":"var(--ast-global-color-4)","background-image":"","background-repeat":"repeat","background-position":"center center","background-size":"auto","background-attachment":"scroll","background-type":"","background-media":"","overlay-type":"","overlay-color":"","overlay-opacity":"","overlay-gradient":""},"tablet":{"background-color":"","background-image":"","background-repeat":"repeat","background-position":"center center","background-size":"auto","background-attachment":"scroll","background-type":"","background-media":"","overlay-type":"","overlay-color":"","overlay-opacity":"","overlay-gradient":""},"mobile":{"background-color":"","background-image":"","background-repeat":"repeat","background-position":"center center","background-size":"auto","background-attachment":"scroll","background-type":"","background-media":"","overlay-type":"","overlay-color":"","overlay-opacity":"","overlay-gradient":""}},"ast-content-background-meta":{"desktop":{"background-color":"var(--ast-global-color-5)","background-image":"","background-repeat":"repeat","background-position":"center center","background-size":"auto","background-attachment":"scroll","background-type":"","background-media":"","overlay-type":"","overlay-color":"","overlay-opacity":"","overlay-gradient":""},"tablet":{"background-color":"var(--ast-global-color-5)","background-image":"","background-repeat":"repeat","background-position":"center center","background-size":"auto","background-attachment":"scroll","background-type":"","background-media":"","overlay-type":"","overlay-color":"","overlay-opacity":"","overlay-gradient":""},"mobile":{"background-color":"var(--ast-global-color-5)","background-image":"","background-repeat":"repeat","background-position":"center center","background-size":"auto","background-attachment":"scroll","background-type":"","background-media":"","overlay-type":"","overlay-color":"","overlay-opacity":"","overlay-gradient":""}}},"product_brand":[],"product_cat":[182,190],"product_tag":[],"class_list":{"0":"post-24701","1":"product","2":"type-product","3":"status-publish","4":"has-post-thumbnail","6":"product_cat-microcement-kit","7":"product_cat-varnish","8":"desktop-align-left","9":"tablet-align-left","10":"mobile-align-left","12":"first","13":"instock","14":"sale","15":"shipping-taxable","16":"purchasable","17":"product-type-variable","18":"has-default-attributes"},"spectra_custom_meta":{"_visibility":["visible"],"_shopify_product_id":["9060989599989"],"_s2w_shopify_domain":["ferberpainting.myshopify.com"],"_shopify_variant_id":["46484241744117"],"_sku":[""],"_manage_stock":["no"],"total_sales":["77"],"_tax_status":["taxable"],"_tax_class":[""],"_backorders":["no"],"_sold_individually":["no"],"_virtual":["no"],"_downloadable":["no"],"_download_limit":["-1"],"_download_expiry":["-1"],"_stock":[null],"_stock_status":["instock"],"_wc_average_rating":["4.83"],"_wc_review_count":["6"],"_product_attributes":["a:1:{s:6:\"volume\";a:6:{s:4:\"name\";s:6:\"Volume\";s:5:\"value\";s:30:\"1 liter | 5 liters | 20 liters\";s:8:\"position\";i:1;s:10:\"is_visible\";i:0;s:12:\"is_variation\";i:1;s:11:\"is_taxonomy\";i:0;}}"],"_product_version":["10.5.1"],"_thumbnail_id":["26584"],"_product_image_gallery":["26585,26586"],"wpse_downloadable_file_names":[""],"wpse_downloadable_file_urls":[""],"_edit_last":["1"],"_default_attributes":["a:1:{s:6:\"volume\";s:7:\"1 liter\";}"],"_edit_lock":["1771188490:1"],"_price":["19.90","79.90","299.90"],"merchant-center-availability":["yes"],"merchant-center-category":["503738"],"_wp_page_template":["default"],"site-sidebar-layout":["default"],"ast-site-content-layout":["default"],"site-content-style":["default"],"site-sidebar-style":["default"],"theme-transparent-header-meta":["default"],"_wc_rating_count":["a:2:{i:4;i:1;i:5;i:5;}"],"astra-migrate-meta-layouts":["set"],"_uag_css_file_name":["uag-css-24701.css"],"_elementor_page_assets":["a:0:{}"],"_uag_page_assets":["a:9:{s:3:\"css\";s:6873:\".wp-block-uagb-image{display:flex}.wp-block-uagb-image__figure{position:relative;display:flex;flex-direction:column;max-width:100%;height:auto;margin:0}.wp-block-uagb-image__figure img{height:auto;display:flex;max-width:100%;transition:box-shadow .2s ease}.wp-block-uagb-image__figure>a{display:inline-block}.wp-block-uagb-image__figure figcaption{text-align:center;margin-top:.5em;margin-bottom:1em}.wp-block-uagb-image .components-placeholder.block-editor-media-placeholder .components-placeholder__instructions{align-self:center}.wp-block-uagb-image--align-left{text-align:left}.wp-block-uagb-image--align-right{text-align:right}.wp-block-uagb-image--align-center{text-align:center}.wp-block-uagb-image--align-full .wp-block-uagb-image__figure{margin-left:calc(50% - 50vw);margin-right:calc(50% - 50vw);max-width:100vw;width:100vw;height:auto}.wp-block-uagb-image--align-full .wp-block-uagb-image__figure img{height:auto;width:100% !important}.wp-block-uagb-image--align-wide .wp-block-uagb-image__figure img{height:auto;width:100%}.wp-block-uagb-image--layout-overlay__color-wrapper{position:absolute;left:0;top:0;right:0;bottom:0;opacity:.2;background:rgba(0,0,0,.5);transition:opacity .35s ease-in-out}.wp-block-uagb-image--layout-overlay-link{position:absolute;left:0;right:0;bottom:0;top:0}.wp-block-uagb-image--layout-overlay .wp-block-uagb-image__figure:hover .wp-block-uagb-image--layout-overlay__color-wrapper{opacity:1}.wp-block-uagb-image--layout-overlay__inner{position:absolute;left:15px;right:15px;bottom:15px;top:15px;display:flex;align-items:center;justify-content:center;flex-direction:column;border-color:#fff;transition:.35s ease-in-out}.wp-block-uagb-image--layout-overlay__inner.top-left,.wp-block-uagb-image--layout-overlay__inner.top-center,.wp-block-uagb-image--layout-overlay__inner.top-right{justify-content:flex-start}.wp-block-uagb-image--layout-overlay__inner.bottom-left,.wp-block-uagb-image--layout-overlay__inner.bottom-center,.wp-block-uagb-image--layout-overlay__inner.bottom-right{justify-content:flex-end}.wp-block-uagb-image--layout-overlay__inner.top-left,.wp-block-uagb-image--layout-overlay__inner.center-left,.wp-block-uagb-image--layout-overlay__inner.bottom-left{align-items:flex-start}.wp-block-uagb-image--layout-overlay__inner.top-right,.wp-block-uagb-image--layout-overlay__inner.center-right,.wp-block-uagb-image--layout-overlay__inner.bottom-right{align-items:flex-end}.wp-block-uagb-image--layout-overlay__inner .uagb-image-heading{color:#fff;transition:transform .35s,opacity .35s ease-in-out;transform:translate3d(0, 24px, 0);margin:0;line-height:1em}.wp-block-uagb-image--layout-overlay__inner .uagb-image-separator{width:30%;border-top-width:2px;border-top-color:#fff;border-top-style:solid;margin-bottom:10px;opacity:0;transition:transform .4s,opacity .4s ease-in-out;transform:translate3d(0, 30px, 0)}.wp-block-uagb-image--layout-overlay__inner .uagb-image-caption{opacity:0;overflow:visible;color:#fff;transition:transform .45s,opacity .45s ease-in-out;transform:translate3d(0, 35px, 0)}.wp-block-uagb-image--layout-overlay__inner:hover .uagb-image-heading,.wp-block-uagb-image--layout-overlay__inner:hover .uagb-image-separator,.wp-block-uagb-image--layout-overlay__inner:hover .uagb-image-caption{opacity:1;transform:translate3d(0, 0, 0)}.wp-block-uagb-image--effect-zoomin .wp-block-uagb-image__figure img,.wp-block-uagb-image--effect-zoomin .wp-block-uagb-image__figure .wp-block-uagb-image--layout-overlay__color-wrapper{transform:scale(1);transition:transform .35s ease-in-out}.wp-block-uagb-image--effect-zoomin .wp-block-uagb-image__figure:hover img,.wp-block-uagb-image--effect-zoomin .wp-block-uagb-image__figure:hover .wp-block-uagb-image--layout-overlay__color-wrapper{transform:scale(1.05)}.wp-block-uagb-image--effect-slide .wp-block-uagb-image__figure img,.wp-block-uagb-image--effect-slide .wp-block-uagb-image__figure .wp-block-uagb-image--layout-overlay__color-wrapper{width:calc(100% + 40px) !important;max-width:none !important;transform:translate3d(-40px, 0, 0);transition:transform .35s ease-in-out}.wp-block-uagb-image--effect-slide .wp-block-uagb-image__figure:hover img,.wp-block-uagb-image--effect-slide .wp-block-uagb-image__figure:hover .wp-block-uagb-image--layout-overlay__color-wrapper{transform:translate3d(0, 0, 0)}.wp-block-uagb-image--effect-grayscale img{filter:grayscale(0%);transition:.35s ease-in-out}.wp-block-uagb-image--effect-grayscale:hover img{filter:grayscale(100%)}.wp-block-uagb-image--effect-blur img{filter:blur(0);transition:.35s ease-in-out}.wp-block-uagb-image--effect-blur:hover img{filter:blur(3px)}.uagb-block-e6f939b3.wp-block-uagb-image--layout-default figure img{box-shadow: 0px 0px 0 #00000070;}.uagb-block-e6f939b3.wp-block-uagb-image .wp-block-uagb-image__figure figcaption{font-style: normal;align-self: center;}.uagb-block-e6f939b3.wp-block-uagb-image--layout-overlay figure img{box-shadow: 0px 0px 0 #00000070;}.uagb-block-e6f939b3.wp-block-uagb-image--layout-overlay .wp-block-uagb-image--layout-overlay__color-wrapper{opacity: 0.2;}.uagb-block-e6f939b3.wp-block-uagb-image--layout-overlay .wp-block-uagb-image--layout-overlay__inner{left: 15px;right: 15px;top: 15px;bottom: 15px;}.uagb-block-e6f939b3.wp-block-uagb-image--layout-overlay .wp-block-uagb-image--layout-overlay__inner .uagb-image-heading{font-style: normal;color: #fff;opacity: 1;}.uagb-block-e6f939b3.wp-block-uagb-image--layout-overlay .wp-block-uagb-image--layout-overlay__inner .uagb-image-heading a{color: #fff;}.uagb-block-e6f939b3.wp-block-uagb-image--layout-overlay .wp-block-uagb-image--layout-overlay__inner .uagb-image-caption{opacity: 0;}.uagb-block-e6f939b3.wp-block-uagb-image--layout-overlay .wp-block-uagb-image__figure:hover .wp-block-uagb-image--layout-overlay__color-wrapper{opacity: 1;}.uagb-block-e6f939b3.wp-block-uagb-image .wp-block-uagb-image--layout-overlay__inner .uagb-image-separator{width: 30%;border-top-width: 2px;border-top-color: #fff;opacity: 0;}.uagb-block-e6f939b3.wp-block-uagb-image .wp-block-uagb-image__figure img{width: px;height: auto;}.uagb-block-e6f939b3.wp-block-uagb-image .wp-block-uagb-image__figure:hover .wp-block-uagb-image--layout-overlay__inner .uagb-image-caption{opacity: 1;}.uagb-block-e6f939b3.wp-block-uagb-image .wp-block-uagb-image__figure:hover .wp-block-uagb-image--layout-overlay__inner .uagb-image-separator{opacity: 1;}.uagb-block-e6f939b3.wp-block-uagb-image--layout-default figure:hover img{box-shadow: 0px 0px 0 #00000070;}.uagb-block-e6f939b3.wp-block-uagb-image--layout-overlay figure:hover img{box-shadow: 0px 0px 0 #00000070;}@media only screen and (max-width: 976px) {.uagb-block-e6f939b3.wp-block-uagb-image .wp-block-uagb-image__figure img{width: px;height: auto;}}@media only screen and (max-width: 767px) {.uagb-block-e6f939b3.wp-block-uagb-image .wp-block-uagb-image__figure img{width: px;height: auto;}}\";s:2:\"js\";s:0:\"\";s:18:\"current_block_list\";a:13:{i:0;s:11:\"core\/search\";i:1;s:10:\"core\/group\";i:2;s:12:\"core\/heading\";i:3;s:17:\"core\/latest-posts\";i:4;s:20:\"core\/latest-comments\";i:5;s:13:\"core\/archives\";i:6;s:15:\"core\/categories\";i:7;s:14:\"core\/paragraph\";i:8;s:10:\"uagb\/image\";i:9;s:11:\"core\/spacer\";i:10;s:30:\"woocommerce\/product-categories\";i:11;s:10:\"core\/image\";i:12;s:14:\"core\/shortcode\";}s:8:\"uag_flag\";b:1;s:11:\"uag_version\";s:10:\"1777093351\";s:6:\"gfonts\";a:0:{}s:10:\"gfonts_url\";s:0:\"\";s:12:\"gfonts_files\";a:0:{}s:14:\"uag_faq_layout\";b:0;}"]},"uagb_featured_image_src":{"full":["https:\/\/www.ferberpainting.com\/wp-content\/uploads\/2025\/05\/MicrocementVarnish_1L.png",2560,2276,false],"thumbnail":["https:\/\/www.ferberpainting.com\/wp-content\/uploads\/2025\/05\/MicrocementVarnish_1L-150x150.png",150,150,true],"medium":["https:\/\/www.ferberpainting.com\/wp-content\/uploads\/2025\/05\/MicrocementVarnish_1L-300x267.png",300,267,true],"medium_large":["https:\/\/www.ferberpainting.com\/wp-content\/uploads\/2025\/05\/MicrocementVarnish_1L-768x683.png",768,683,true],"large":["https:\/\/www.ferberpainting.com\/wp-content\/uploads\/2025\/05\/MicrocementVarnish_1L-1024x910.png",1024,910,true],"1536x1536":["https:\/\/www.ferberpainting.com\/wp-content\/uploads\/2025\/05\/MicrocementVarnish_1L-1536x1366.png",1536,1366,true],"2048x2048":["https:\/\/www.ferberpainting.com\/wp-content\/uploads\/2025\/05\/MicrocementVarnish_1L-2048x1821.png",2048,1821,true],"trp-custom-language-flag":["https:\/\/www.ferberpainting.com\/wp-content\/uploads\/2025\/05\/MicrocementVarnish_1L-13x12.png",13,12,true],"woocommerce_thumbnail":["https:\/\/www.ferberpainting.com\/wp-content\/uploads\/2025\/05\/MicrocementVarnish_1L-300x300.png",300,300,true],"woocommerce_single":["https:\/\/www.ferberpainting.com\/wp-content\/uploads\/2025\/05\/MicrocementVarnish_1L-600x533.png",600,533,true],"woocommerce_gallery_thumbnail":["https:\/\/www.ferberpainting.com\/wp-content\/uploads\/2025\/05\/MicrocementVarnish_1L-100x100.png",100,100,true]},"uagb_author_info":{"display_name":"admin","author_link":"https:\/\/www.ferberpainting.com\/se\/author\/"},"uagb_comment_info":6,"uagb_excerpt":"Protection and enhancement of waxed concrete.\u00a0This waxed concrete varnish is specially designed to protect and enhance surfaces while preserving their natural appearance. It forms an invisible protective film that reinforces the resistance of waxed concrete against daily aggressions such as humidity, stains, shocks, and wear, thus ensuring an impeccable and durable aesthetic result. Money-back guarantee.\u00a0We&hellip;","_links":{"self":[{"href":"https:\/\/www.ferberpainting.com\/se\/wp-json\/wp\/v2\/product\/24701","targetHints":{"allow":["GET"]}}],"collection":[{"href":"https:\/\/www.ferberpainting.com\/se\/wp-json\/wp\/v2\/product"}],"about":[{"href":"https:\/\/www.ferberpainting.com\/se\/wp-json\/wp\/v2\/types\/product"}],"replies":[{"embeddable":true,"href":"https:\/\/www.ferberpainting.com\/se\/wp-json\/wp\/v2\/comments?post=24701"}],"version-history":[{"count":4,"href":"https:\/\/www.ferberpainting.com\/se\/wp-json\/wp\/v2\/product\/24701\/revisions"}],"predecessor-version":[{"id":166586,"href":"https:\/\/www.ferberpainting.com\/se\/wp-json\/wp\/v2\/product\/24701\/revisions\/166586"}],"wp:featuredmedia":[{"embeddable":true,"href":"https:\/\/www.ferberpainting.com\/se\/wp-json\/wp\/v2\/media\/26584"}],"wp:attachment":[{"href":"https:\/\/www.ferberpainting.com\/se\/wp-json\/wp\/v2\/media?parent=24701"}],"wp:term":[{"taxonomy":"product_brand","embeddable":true,"href":"https:\/\/www.ferberpainting.com\/se\/wp-json\/wp\/v2\/product_brand?post=24701"},{"taxonomy":"product_cat","embeddable":true,"href":"https:\/\/www.ferberpainting.com\/se\/wp-json\/wp\/v2\/product_cat?post=24701"},{"taxonomy":"product_tag","embeddable":true,"href":"https:\/\/www.ferberpainting.com\/se\/wp-json\/wp\/v2\/product_tag?post=24701"}],"curies":[{"name":"wp","href":"https:\/\/api.w.org\/{rel}","templated":true}]}}