{"id":23802,"date":"2025-05-26T10:25:35","date_gmt":"2025-05-26T08:25:35","guid":{"rendered":"https:\/\/www.ferberpainting.com\/products\/magnolia-fertilizer\/"},"modified":"2026-02-15T20:51:18","modified_gmt":"2026-02-15T19:51:18","slug":"magnolia-fertilizer","status":"publish","type":"product","link":"https:\/\/www.ferberpainting.com\/se\/products\/magnolia-fertilizer\/","title":{"rendered":"Magnolia G\u00f6dselmedel 25 kg"},"content":{"rendered":"<p><strong><img decoding=\"async\" style=\"margin-right: 12px;\" src=\"https:\/\/www.ferberpainting.com\/wp-content\/uploads\/2026\/02\/Check.svg\" alt=\"\" width=\"18\" height=\"15\" \/>Ett g\u00f6dningsmedel som \u00e4r utformat f\u00f6r \u00f6verd\u00e5dig blomning och livfulla bladverk.<\/strong>\u00a0Magnolia \u00e4r ett v\u00e4lk\u00e4nt prydnadstr\u00e4d eller en prydnadsbuske som \u00e4r k\u00e4nd f\u00f6r sina spektakul\u00e4ra blommor och sitt livfulla bladverk. F\u00f6r att s\u00e4kerst\u00e4lla riklig och l\u00e5ngvarig blomning samt h\u00e4lsosam och kraftig tillv\u00e4xt \u00e4r det viktigt att ge l\u00e4mplig g\u00f6dning. Detta NPK 10-10-10-g\u00f6dselmedel ger balanserad n\u00e4ring genom att tillf\u00f6ra kv\u00e4ve (N), som \u00e4r viktigt f\u00f6r l\u00f6vverkets utveckling, fosfor (P), som fr\u00e4mjar stark rotutveckling, och kalium (K), som f\u00f6rb\u00e4ttrar sjukdomsresistens och tolerans mot klimatstress. Tack vare detta g\u00f6dselmedel kommer din magnolia att dra nytta av optimal h\u00e4lsa, harmonisk tillv\u00e4xt och bl\u00e4ndande blommor.<\/p>\n<p><strong><img decoding=\"async\" style=\"margin-right: 12px;\" src=\"https:\/\/www.ferberpainting.com\/wp-content\/uploads\/2026\/02\/Check.svg\" alt=\"\" width=\"18\" height=\"15\" \/>Pengar-tillbaka-garanti.<\/strong>\u00a0Vi har fullt f\u00f6rtroende f\u00f6r kvaliteten och effektiviteten hos v\u00e5rt g\u00f6dselmedel f\u00f6r magnolia, varf\u00f6r vi erbjuder en pengarna-tillbaka-garantipolicy. Om produkten, efter korrekt anv\u00e4ndning enligt instruktionerna, inte visar n\u00e5gon signifikant f\u00f6rb\u00e4ttring av blomning, tillv\u00e4xt eller kraft, kommer vi att \u00e5terbetala dig till fullo.<\/p>\n<p><strong><img decoding=\"async\" style=\"margin-right: 12px;\" src=\"https:\/\/www.ferberpainting.com\/wp-content\/uploads\/2026\/02\/Check.svg\" alt=\"\" width=\"18\" height=\"15\" \/>L\u00e4mplig f\u00f6r alla sorter och olika odlingsf\u00f6rh\u00e5llanden.<\/strong>\u00a0Detta g\u00f6dselmedel \u00e4r l\u00e4mpligt f\u00f6r alla magnoliasorter, oavsett om det \u00e4r Magnolia grandiflora, Magnolia stellata, Magnolia soulangeana eller andra vintergr\u00f6na och l\u00f6vf\u00e4llande sorter. Den kan anv\u00e4ndas p\u00e5 magnolior planterade i marken eller i krukor, vilket s\u00e4kerst\u00e4ller optimal befruktning oavsett odlingsmetod. Den \u00e4r ocks\u00e5 l\u00e4mplig f\u00f6r alla typer av jord, oavsett om det \u00e4r lera, sand, kalkhaltig eller rik p\u00e5 humus, genom att f\u00f6rb\u00e4ttra deras struktur och optimera absorptionen av n\u00e4rings\u00e4mnen av r\u00f6tterna.<\/p>\n<p><strong><img decoding=\"async\" style=\"margin-right: 12px;\" src=\"https:\/\/www.ferberpainting.com\/wp-content\/uploads\/2026\/02\/Check.svg\" alt=\"\" width=\"18\" height=\"15\" \/>Ekonomisk avkastning och l\u00e5ngvarig befruktning.<\/strong>\u00a0Tack vare sin formulering sl\u00e4pper detta g\u00f6dselmedel gradvis ut sina n\u00e4rings\u00e4mnen i jorden, vilket s\u00e4kerst\u00e4ller l\u00e5ngvarig verkan i flera veckor. En 25 kg p\u00e5se kan befrukta ett stort antal magnolior och erbjuder effektiv och ekonomisk befruktning. Med en optimal dos p\u00e5 200 g per tr\u00e4d garanterar den en regelbunden tillf\u00f6rsel av n\u00e4rings\u00e4mnen utan \u00f6verskott, vilket optimerar tillv\u00e4xt och blomning utan avfall.<\/p>\n<p><strong><img decoding=\"async\" style=\"margin-right: 12px;\" src=\"https:\/\/www.ferberpainting.com\/wp-content\/uploads\/2026\/02\/Check.svg\" alt=\"\" width=\"18\" height=\"15\" \/>Ett g\u00f6dningsmedel som tar h\u00e4nsyn till milj\u00f6n.<\/strong>\u00a0Detta g\u00f6dselmedel \u00e4r formulerat f\u00f6r att respektera den biologiska balansen i jorden och den omgivande biologiska m\u00e5ngfalden och inneh\u00e5ller inga skadliga kemikalier som kan f\u00f6r\u00e4ndra markkvaliteten eller skada pollinerande insekter som bin och fj\u00e4rilar. Det \u00e4r ocks\u00e5 s\u00e4kert f\u00f6r husdjur och barn, vilket garanterar s\u00e4ker anv\u00e4ndning i din tr\u00e4dg\u00e5rd eller utomhus.<\/p>\n<p><strong><img decoding=\"async\" style=\"margin-right: 12px;\" src=\"https:\/\/www.ferberpainting.com\/wp-content\/uploads\/2026\/02\/Check.svg\" alt=\"\" width=\"18\" height=\"15\" \/>L\u00e4tt att applicera och enkel g\u00f6dsling.<\/strong>\u00a0Till skillnad fr\u00e5n flytande g\u00f6dselmedel som kr\u00e4ver utsp\u00e4dning och exakta m\u00e4tningar, appliceras detta fasta g\u00f6dselmedel helt enkelt vid tr\u00e4dets bas, vilket m\u00f6jligg\u00f6r snabb och effektiv g\u00f6dsling. Den enkla och l\u00e4ttillg\u00e4ngliga appliceringsmetoden \u00e4r ocks\u00e5 l\u00e4mplig f\u00f6r s\u00e5v\u00e4l nyb\u00f6rjare som erfarna entusiaster och s\u00e4kerst\u00e4ller en j\u00e4mn n\u00e4ringstillf\u00f6rsel.<\/p>\n<p><strong><img decoding=\"async\" style=\"margin-right: 12px;\" src=\"https:\/\/www.ferberpainting.com\/wp-content\/uploads\/2026\/02\/Check.svg\" alt=\"\" width=\"18\" height=\"15\" \/>L\u00e5ngvarig verkan f\u00f6r kontinuerlig tillv\u00e4xt och varaktig blomning.<\/strong>\u00a0Tack vare sin gradvisa fris\u00e4ttning matar detta g\u00f6dselmedel magnolia i flera veckor, vilket s\u00e4kerst\u00e4ller l\u00e5ngvarig blomning och stadig tillv\u00e4xt. Det f\u00f6rb\u00e4ttrar ocks\u00e5 v\u00e4xtens motst\u00e5ndskraft mot svampsjukdomar, skadedjur och sv\u00e5ra klimatf\u00f6rh\u00e5llanden som torka eller frost.<\/p>\n<p><strong><img decoding=\"async\" style=\"margin-right: 12px;\" src=\"https:\/\/www.ferberpainting.com\/wp-content\/uploads\/2026\/02\/Check.svg\" alt=\"\" width=\"18\" height=\"15\" \/>Synliga resultat inom de f\u00f6rsta veckorna.<\/strong>\u00a0Fr\u00e5n de allra f\u00f6rsta applikationerna stimulerar detta g\u00f6dningsmedel uppkomsten av nya skott, fr\u00e4mjar t\u00e4tare l\u00f6vverk och f\u00f6rb\u00e4ttrar blommans ljusstyrka och f\u00e4rg. P\u00e5 bara n\u00e5gra veckor kommer din magnolia att visa kraftig tillv\u00e4xt, gener\u00f6s blomning och en elegant silhuett som ger en raffinerad touch till din tr\u00e4dg\u00e5rd.<\/p>\n<h2><strong>Anv\u00e4ndning Protokoll<\/strong><\/h2>\n<p><strong>Rekommenderad dosering <\/strong>: Applicera 200 g g\u00f6dningsmedel per tr\u00e4d, beroende p\u00e5 dess storlek och \u00e5lder. F\u00f6r unga magnolior, minska dosen till 100 g f\u00f6r att undvika alltf\u00f6r snabb tillv\u00e4xt som kan f\u00f6rsvaga v\u00e4xten.<\/p>\n<p><strong>Till\u00e4mpningsmetod <\/strong>:<\/p>\n<ul>\n<li><strong>Genom att sprida <\/strong>: Sprid g\u00f6dselmedlet i ett tunt lager runt tr\u00e4dets bas och se till att f\u00f6rdela granulerna j\u00e4mnt \u00f6ver rotzonens yta.<\/li>\n<li><strong>Genom att inf\u00f6rliva i jorden <\/strong>: Efter spridning, skrapa l\u00e4tt p\u00e5 markytan f\u00f6r att hj\u00e4lpa n\u00e4rings\u00e4mnen att tr\u00e4nga in och gradvis absorberas av r\u00f6tterna.<\/li>\n<li><strong>Bevattning efter applicering<\/strong>: Vattna gener\u00f6st efter g\u00f6dsling f\u00f6r att aktivera fris\u00e4ttningen av n\u00e4rings\u00e4mnen och p\u00e5skynda deras diffusion i jorden.<\/li>\n<\/ul>\n<p><strong>Ans\u00f6kningsfrekvens <\/strong>:<\/p>\n<ul>\n<li><strong>Under v\u00e4xt- och blomningss\u00e4songen (v\u00e5r-sommar) <\/strong>: Applicera g\u00f6dselmedlet var 6:e till 8:e vecka f\u00f6r att s\u00e4kerst\u00e4lla en kontinuerlig tillf\u00f6rsel av viktiga n\u00e4rings\u00e4mnen.<\/li>\n<li><strong>Under den vilande s\u00e4songen (h\u00f6st-vinter) <\/strong>: Sprid ut appliceringarna till en g\u00e5ng var 3:e m\u00e5nad f\u00f6r att bevara tr\u00e4dets energi utan att uppmuntra till \u00f6verdriven tillv\u00e4xt.<\/li>\n<\/ul>\n<p><strong>F\u00f6rsiktighets\u00e5tg\u00e4rder vid anv\u00e4ndning <\/strong>: \u00d6verskrid inte de rekommenderade doserna f\u00f6r att undvika en n\u00e4ringsobalans som kan bromsa magnoliatillv\u00e4xten eller orsaka rotbr\u00e4nning. Applicera endast p\u00e5 l\u00e4tt fuktig jord f\u00f6r att s\u00e4kerst\u00e4lla optimal absorption av n\u00e4rings\u00e4mnen.<\/p>\n<p><strong>F\u00f6rvaring och konservering <\/strong>: F\u00f6rvara g\u00f6dselmedlet p\u00e5 en torr, v\u00e4l ventilerad plats, borta fr\u00e5n fukt och extrema temperaturer. \u00c5terf\u00f6rslut p\u00e5sen noggrant efter varje anv\u00e4ndning f\u00f6r att bevara produktens effektivitet och undvika att dess g\u00f6dslande egenskaper f\u00f6r\u00e4ndras.<\/p>\n<p>Med detta g\u00f6dselmedel f\u00f6r magnolia erbjuder du ditt tr\u00e4d fullst\u00e4ndig n\u00e4ring perfekt anpassad till dess specifika behov, vilket s\u00e4kerst\u00e4ller harmonisk tillv\u00e4xt, spektakul\u00e4r blomning och b\u00e4ttre motst\u00e5ndskraft mot klimatstress. Det \u00e4r den perfekta l\u00f6sningen f\u00f6r att f\u00f6rsk\u00f6na din tr\u00e4dg\u00e5rd med en magnolia som \u00e4r str\u00e5lande och frisk \u00e5ret runt.<\/p>","protected":false},"excerpt":{"rendered":"<p>A fertilizer designed for sumptuous flowering and vibrant foliage.\u00a0Magnolia is a well-known ornamental tree or shrub celebrated for its spectacular flowers and vibrant foliage. To ensure abundant and prolonged blooming, as well as healthy and vigorous growth, it is essential to provide appropriate fertilization. This NPK 10-10-10 fertilizer provides balanced nutrition by supplying nitrogen (N), [&hellip;]<\/p>\n","protected":false},"featured_media":26260,"comment_status":"open","ping_status":"closed","template":"","meta":{"_uag_custom_page_level_css":"","site-sidebar-layout":"default","site-content-layout":"","ast-site-content-layout":"default","site-content-style":"default","site-sidebar-style":"default","ast-global-header-display":"","ast-banner-title-visibility":"","ast-main-header-display":"","ast-hfb-above-header-display":"","ast-hfb-below-header-display":"","ast-hfb-mobile-header-display":"","site-post-title":"","ast-breadcrumbs-content":"","ast-featured-img":"","footer-sml-layout":"","ast-disable-related-posts":"","theme-transparent-header-meta":"default","adv-header-id-meta":"","stick-header-meta":"","header-above-stick-meta":"","header-main-stick-meta":"","header-below-stick-meta":"","astra-migrate-meta-layouts":"set","ast-page-background-enabled":"default","ast-page-background-meta":{"desktop":{"background-color":"var(--ast-global-color-4)","background-image":"","background-repeat":"repeat","background-position":"center center","background-size":"auto","background-attachment":"scroll","background-type":"","background-media":"","overlay-type":"","overlay-color":"","overlay-opacity":"","overlay-gradient":""},"tablet":{"background-color":"","background-image":"","background-repeat":"repeat","background-position":"center center","background-size":"auto","background-attachment":"scroll","background-type":"","background-media":"","overlay-type":"","overlay-color":"","overlay-opacity":"","overlay-gradient":""},"mobile":{"background-color":"","background-image":"","background-repeat":"repeat","background-position":"center center","background-size":"auto","background-attachment":"scroll","background-type":"","background-media":"","overlay-type":"","overlay-color":"","overlay-opacity":"","overlay-gradient":""}},"ast-content-background-meta":{"desktop":{"background-color":"var(--ast-global-color-5)","background-image":"","background-repeat":"repeat","background-position":"center center","background-size":"auto","background-attachment":"scroll","background-type":"","background-media":"","overlay-type":"","overlay-color":"","overlay-opacity":"","overlay-gradient":""},"tablet":{"background-color":"var(--ast-global-color-5)","background-image":"","background-repeat":"repeat","background-position":"center center","background-size":"auto","background-attachment":"scroll","background-type":"","background-media":"","overlay-type":"","overlay-color":"","overlay-opacity":"","overlay-gradient":""},"mobile":{"background-color":"var(--ast-global-color-5)","background-image":"","background-repeat":"repeat","background-position":"center center","background-size":"auto","background-attachment":"scroll","background-type":"","background-media":"","overlay-type":"","overlay-color":"","overlay-opacity":"","overlay-gradient":""}}},"product_brand":[],"product_cat":[178],"product_tag":[],"class_list":{"0":"post-23802","1":"product","2":"type-product","3":"status-publish","4":"has-post-thumbnail","6":"product_cat-fertilizers","7":"desktop-align-left","8":"tablet-align-left","9":"mobile-align-left","11":"first","12":"instock","13":"shipping-taxable","14":"purchasable","15":"product-type-simple"},"spectra_custom_meta":{"_visibility":["visible"],"_shopify_product_id":["9067977441525"],"_s2w_shopify_domain":["ferberpainting.myshopify.com"],"_shopify_variant_id":["46509717848309"],"_sku":["FPMAGNOLIAFERTILIZER25KG"],"_regular_price":["39.90"],"_price":["39.90"],"_sale_price":[""],"_weight":["18.5"],"_thumbnail_id":["26260"],"_global_unique_id":["5056773817548"],"total_sales":["10"],"_tax_status":["taxable"],"_tax_class":[""],"_manage_stock":["no"],"_backorders":["no"],"_sold_individually":["no"],"_virtual":["no"],"_downloadable":["no"],"_download_limit":["-1"],"_download_expiry":["-1"],"_stock":[null],"_stock_status":["instock"],"_wc_average_rating":["5.00"],"_wc_review_count":["33"],"_product_version":["10.5.1"],"_wc_rating_count":["a:1:{i:5;i:33;}"],"_edit_lock":["1771184942:1"],"merchant-center-availability":["yes"],"merchant-center-category":["113"],"_edit_last":["1"],"_wp_page_template":["default"],"site-sidebar-layout":["default"],"ast-site-content-layout":["default"],"site-content-style":["default"],"site-sidebar-style":["default"],"theme-transparent-header-meta":["default"],"astra-migrate-meta-layouts":["set"],"_uag_css_file_name":["uag-css-23802.css"],"_elementor_page_assets":["a:0:{}"],"_uag_page_assets":["a:9:{s:3:\"css\";s:6873:\".wp-block-uagb-image{display:flex}.wp-block-uagb-image__figure{position:relative;display:flex;flex-direction:column;max-width:100%;height:auto;margin:0}.wp-block-uagb-image__figure img{height:auto;display:flex;max-width:100%;transition:box-shadow .2s ease}.wp-block-uagb-image__figure>a{display:inline-block}.wp-block-uagb-image__figure figcaption{text-align:center;margin-top:.5em;margin-bottom:1em}.wp-block-uagb-image .components-placeholder.block-editor-media-placeholder .components-placeholder__instructions{align-self:center}.wp-block-uagb-image--align-left{text-align:left}.wp-block-uagb-image--align-right{text-align:right}.wp-block-uagb-image--align-center{text-align:center}.wp-block-uagb-image--align-full .wp-block-uagb-image__figure{margin-left:calc(50% - 50vw);margin-right:calc(50% - 50vw);max-width:100vw;width:100vw;height:auto}.wp-block-uagb-image--align-full .wp-block-uagb-image__figure img{height:auto;width:100% !important}.wp-block-uagb-image--align-wide .wp-block-uagb-image__figure img{height:auto;width:100%}.wp-block-uagb-image--layout-overlay__color-wrapper{position:absolute;left:0;top:0;right:0;bottom:0;opacity:.2;background:rgba(0,0,0,.5);transition:opacity .35s ease-in-out}.wp-block-uagb-image--layout-overlay-link{position:absolute;left:0;right:0;bottom:0;top:0}.wp-block-uagb-image--layout-overlay .wp-block-uagb-image__figure:hover .wp-block-uagb-image--layout-overlay__color-wrapper{opacity:1}.wp-block-uagb-image--layout-overlay__inner{position:absolute;left:15px;right:15px;bottom:15px;top:15px;display:flex;align-items:center;justify-content:center;flex-direction:column;border-color:#fff;transition:.35s ease-in-out}.wp-block-uagb-image--layout-overlay__inner.top-left,.wp-block-uagb-image--layout-overlay__inner.top-center,.wp-block-uagb-image--layout-overlay__inner.top-right{justify-content:flex-start}.wp-block-uagb-image--layout-overlay__inner.bottom-left,.wp-block-uagb-image--layout-overlay__inner.bottom-center,.wp-block-uagb-image--layout-overlay__inner.bottom-right{justify-content:flex-end}.wp-block-uagb-image--layout-overlay__inner.top-left,.wp-block-uagb-image--layout-overlay__inner.center-left,.wp-block-uagb-image--layout-overlay__inner.bottom-left{align-items:flex-start}.wp-block-uagb-image--layout-overlay__inner.top-right,.wp-block-uagb-image--layout-overlay__inner.center-right,.wp-block-uagb-image--layout-overlay__inner.bottom-right{align-items:flex-end}.wp-block-uagb-image--layout-overlay__inner .uagb-image-heading{color:#fff;transition:transform .35s,opacity .35s ease-in-out;transform:translate3d(0, 24px, 0);margin:0;line-height:1em}.wp-block-uagb-image--layout-overlay__inner .uagb-image-separator{width:30%;border-top-width:2px;border-top-color:#fff;border-top-style:solid;margin-bottom:10px;opacity:0;transition:transform .4s,opacity .4s ease-in-out;transform:translate3d(0, 30px, 0)}.wp-block-uagb-image--layout-overlay__inner .uagb-image-caption{opacity:0;overflow:visible;color:#fff;transition:transform .45s,opacity .45s ease-in-out;transform:translate3d(0, 35px, 0)}.wp-block-uagb-image--layout-overlay__inner:hover .uagb-image-heading,.wp-block-uagb-image--layout-overlay__inner:hover .uagb-image-separator,.wp-block-uagb-image--layout-overlay__inner:hover .uagb-image-caption{opacity:1;transform:translate3d(0, 0, 0)}.wp-block-uagb-image--effect-zoomin .wp-block-uagb-image__figure img,.wp-block-uagb-image--effect-zoomin .wp-block-uagb-image__figure .wp-block-uagb-image--layout-overlay__color-wrapper{transform:scale(1);transition:transform .35s ease-in-out}.wp-block-uagb-image--effect-zoomin .wp-block-uagb-image__figure:hover img,.wp-block-uagb-image--effect-zoomin .wp-block-uagb-image__figure:hover .wp-block-uagb-image--layout-overlay__color-wrapper{transform:scale(1.05)}.wp-block-uagb-image--effect-slide .wp-block-uagb-image__figure img,.wp-block-uagb-image--effect-slide .wp-block-uagb-image__figure .wp-block-uagb-image--layout-overlay__color-wrapper{width:calc(100% + 40px) !important;max-width:none !important;transform:translate3d(-40px, 0, 0);transition:transform .35s ease-in-out}.wp-block-uagb-image--effect-slide .wp-block-uagb-image__figure:hover img,.wp-block-uagb-image--effect-slide .wp-block-uagb-image__figure:hover .wp-block-uagb-image--layout-overlay__color-wrapper{transform:translate3d(0, 0, 0)}.wp-block-uagb-image--effect-grayscale img{filter:grayscale(0%);transition:.35s ease-in-out}.wp-block-uagb-image--effect-grayscale:hover img{filter:grayscale(100%)}.wp-block-uagb-image--effect-blur img{filter:blur(0);transition:.35s ease-in-out}.wp-block-uagb-image--effect-blur:hover img{filter:blur(3px)}.uagb-block-e6f939b3.wp-block-uagb-image--layout-default figure img{box-shadow: 0px 0px 0 #00000070;}.uagb-block-e6f939b3.wp-block-uagb-image .wp-block-uagb-image__figure figcaption{font-style: normal;align-self: center;}.uagb-block-e6f939b3.wp-block-uagb-image--layout-overlay figure img{box-shadow: 0px 0px 0 #00000070;}.uagb-block-e6f939b3.wp-block-uagb-image--layout-overlay .wp-block-uagb-image--layout-overlay__color-wrapper{opacity: 0.2;}.uagb-block-e6f939b3.wp-block-uagb-image--layout-overlay .wp-block-uagb-image--layout-overlay__inner{left: 15px;right: 15px;top: 15px;bottom: 15px;}.uagb-block-e6f939b3.wp-block-uagb-image--layout-overlay .wp-block-uagb-image--layout-overlay__inner .uagb-image-heading{font-style: normal;color: #fff;opacity: 1;}.uagb-block-e6f939b3.wp-block-uagb-image--layout-overlay .wp-block-uagb-image--layout-overlay__inner .uagb-image-heading a{color: #fff;}.uagb-block-e6f939b3.wp-block-uagb-image--layout-overlay .wp-block-uagb-image--layout-overlay__inner .uagb-image-caption{opacity: 0;}.uagb-block-e6f939b3.wp-block-uagb-image--layout-overlay .wp-block-uagb-image__figure:hover .wp-block-uagb-image--layout-overlay__color-wrapper{opacity: 1;}.uagb-block-e6f939b3.wp-block-uagb-image .wp-block-uagb-image--layout-overlay__inner .uagb-image-separator{width: 30%;border-top-width: 2px;border-top-color: #fff;opacity: 0;}.uagb-block-e6f939b3.wp-block-uagb-image .wp-block-uagb-image__figure img{width: px;height: auto;}.uagb-block-e6f939b3.wp-block-uagb-image .wp-block-uagb-image__figure:hover .wp-block-uagb-image--layout-overlay__inner .uagb-image-caption{opacity: 1;}.uagb-block-e6f939b3.wp-block-uagb-image .wp-block-uagb-image__figure:hover .wp-block-uagb-image--layout-overlay__inner .uagb-image-separator{opacity: 1;}.uagb-block-e6f939b3.wp-block-uagb-image--layout-default figure:hover img{box-shadow: 0px 0px 0 #00000070;}.uagb-block-e6f939b3.wp-block-uagb-image--layout-overlay figure:hover img{box-shadow: 0px 0px 0 #00000070;}@media only screen and (max-width: 976px) {.uagb-block-e6f939b3.wp-block-uagb-image .wp-block-uagb-image__figure img{width: px;height: auto;}}@media only screen and (max-width: 767px) {.uagb-block-e6f939b3.wp-block-uagb-image .wp-block-uagb-image__figure img{width: px;height: auto;}}\";s:2:\"js\";s:0:\"\";s:18:\"current_block_list\";a:13:{i:0;s:11:\"core\/search\";i:1;s:10:\"core\/group\";i:2;s:12:\"core\/heading\";i:3;s:17:\"core\/latest-posts\";i:4;s:20:\"core\/latest-comments\";i:5;s:13:\"core\/archives\";i:6;s:15:\"core\/categories\";i:7;s:14:\"core\/paragraph\";i:8;s:10:\"uagb\/image\";i:9;s:11:\"core\/spacer\";i:10;s:30:\"woocommerce\/product-categories\";i:11;s:10:\"core\/image\";i:12;s:14:\"core\/shortcode\";}s:8:\"uag_flag\";b:1;s:11:\"uag_version\";s:10:\"1777164175\";s:6:\"gfonts\";a:0:{}s:10:\"gfonts_url\";s:0:\"\";s:12:\"gfonts_files\";a:0:{}s:14:\"uag_faq_layout\";b:0;}"]},"uagb_featured_image_src":{"full":["https:\/\/www.ferberpainting.com\/wp-content\/uploads\/2025\/05\/MagnoliaFertilizer.png",2560,2560,false],"thumbnail":["https:\/\/www.ferberpainting.com\/wp-content\/uploads\/2025\/05\/MagnoliaFertilizer-150x150.png",150,150,true],"medium":["https:\/\/www.ferberpainting.com\/wp-content\/uploads\/2025\/05\/MagnoliaFertilizer-300x300.png",300,300,true],"medium_large":["https:\/\/www.ferberpainting.com\/wp-content\/uploads\/2025\/05\/MagnoliaFertilizer-768x768.png",768,768,true],"large":["https:\/\/www.ferberpainting.com\/wp-content\/uploads\/2025\/05\/MagnoliaFertilizer-1024x1024.png",1024,1024,true],"1536x1536":["https:\/\/www.ferberpainting.com\/wp-content\/uploads\/2025\/05\/MagnoliaFertilizer-1536x1536.png",1536,1536,true],"2048x2048":["https:\/\/www.ferberpainting.com\/wp-content\/uploads\/2025\/05\/MagnoliaFertilizer-2048x2048.png",2048,2048,true],"trp-custom-language-flag":["https:\/\/www.ferberpainting.com\/wp-content\/uploads\/2025\/05\/MagnoliaFertilizer-12x12.png",12,12,true],"woocommerce_thumbnail":["https:\/\/www.ferberpainting.com\/wp-content\/uploads\/2025\/05\/MagnoliaFertilizer-300x300.png",300,300,true],"woocommerce_single":["https:\/\/www.ferberpainting.com\/wp-content\/uploads\/2025\/05\/MagnoliaFertilizer-600x600.png",600,600,true],"woocommerce_gallery_thumbnail":["https:\/\/www.ferberpainting.com\/wp-content\/uploads\/2025\/05\/MagnoliaFertilizer-100x100.png",100,100,true]},"uagb_author_info":{"display_name":"admin","author_link":"https:\/\/www.ferberpainting.com\/se\/author\/"},"uagb_comment_info":33,"uagb_excerpt":"A fertilizer designed for sumptuous flowering and vibrant foliage.\u00a0Magnolia is a well-known ornamental tree or shrub celebrated for its spectacular flowers and vibrant foliage. To ensure abundant and prolonged blooming, as well as healthy and vigorous growth, it is essential to provide appropriate fertilization. This NPK 10-10-10 fertilizer provides balanced nutrition by supplying nitrogen (N),&hellip;","_links":{"self":[{"href":"https:\/\/www.ferberpainting.com\/se\/wp-json\/wp\/v2\/product\/23802","targetHints":{"allow":["GET"]}}],"collection":[{"href":"https:\/\/www.ferberpainting.com\/se\/wp-json\/wp\/v2\/product"}],"about":[{"href":"https:\/\/www.ferberpainting.com\/se\/wp-json\/wp\/v2\/types\/product"}],"replies":[{"embeddable":true,"href":"https:\/\/www.ferberpainting.com\/se\/wp-json\/wp\/v2\/comments?post=23802"}],"version-history":[{"count":5,"href":"https:\/\/www.ferberpainting.com\/se\/wp-json\/wp\/v2\/product\/23802\/revisions"}],"predecessor-version":[{"id":166490,"href":"https:\/\/www.ferberpainting.com\/se\/wp-json\/wp\/v2\/product\/23802\/revisions\/166490"}],"wp:featuredmedia":[{"embeddable":true,"href":"https:\/\/www.ferberpainting.com\/se\/wp-json\/wp\/v2\/media\/26260"}],"wp:attachment":[{"href":"https:\/\/www.ferberpainting.com\/se\/wp-json\/wp\/v2\/media?parent=23802"}],"wp:term":[{"taxonomy":"product_brand","embeddable":true,"href":"https:\/\/www.ferberpainting.com\/se\/wp-json\/wp\/v2\/product_brand?post=23802"},{"taxonomy":"product_cat","embeddable":true,"href":"https:\/\/www.ferberpainting.com\/se\/wp-json\/wp\/v2\/product_cat?post=23802"},{"taxonomy":"product_tag","embeddable":true,"href":"https:\/\/www.ferberpainting.com\/se\/wp-json\/wp\/v2\/product_tag?post=23802"}],"curies":[{"name":"wp","href":"https:\/\/api.w.org\/{rel}","templated":true}]}}