{"id":23790,"date":"2025-07-01T09:52:39","date_gmt":"2025-07-01T07:52:39","guid":{"rendered":"https:\/\/www.ferberpainting.com\/?post_type=product&#038;p=23790"},"modified":"2026-02-15T20:39:28","modified_gmt":"2026-02-15T19:39:28","slug":"leather-water-repellent","status":"publish","type":"product","link":"https:\/\/www.ferberpainting.com\/se\/products\/leather-water-repellent\/","title":{"rendered":"Impregnering av l\u00e4der"},"content":{"rendered":"<p><strong><img decoding=\"async\" style=\"margin-right: 12px;\" src=\"https:\/\/www.ferberpainting.com\/wp-content\/uploads\/2026\/02\/Check.svg\" alt=\"\" width=\"18\" height=\"15\" \/>Effektivt skydd mot vatten och fl\u00e4ckar.<\/strong>\u00a0Detta impregneringsmedel f\u00f6r mocka \u00e4r speciellt utformat f\u00f6r att ge en osynlig barri\u00e4r mot fukt och smuts. Den f\u00f6rhindrar fl\u00e4ckar fr\u00e5n vatten, lera eller fett samtidigt som den bevarar mockans fina struktur och eleganta utseende. Det \u00e4r den perfekta l\u00f6sningen f\u00f6r att h\u00e5lla dina skor, jackor, handv\u00e4skor och andra mockaf\u00f6rem\u00e5l i utm\u00e4rkt skick och skydda dem mot dagligt slitage.<\/p>\n<p><strong><img decoding=\"async\" style=\"margin-right: 12px;\" src=\"https:\/\/www.ferberpainting.com\/wp-content\/uploads\/2026\/02\/Check.svg\" alt=\"\" width=\"18\" height=\"15\" \/>Garanterad tillfredsst\u00e4llelse eller pengarna tillbaka.<\/strong>\u00a0Vi st\u00e5r f\u00f6r effektiviteten hos v\u00e5rt impregneringsmedel f\u00f6r mocka. Om du inte \u00e4r helt n\u00f6jd efter att ha anv\u00e4nt det, \u00e4r du ber\u00e4ttigad till full \u00e5terbetalning. Vi garanterar optimalt skydd mot utomhuselement samtidigt som vi bevarar materialets kvalitet. Du kan prova v\u00e5r produkt med total sinnesfrid och utan risk.<\/p>\n<p><strong><img decoding=\"async\" style=\"margin-right: 12px;\" src=\"https:\/\/www.ferberpainting.com\/wp-content\/uploads\/2026\/02\/Check.svg\" alt=\"\" width=\"18\" height=\"15\" \/>Perfekt f\u00f6r \u00f6mt\u00e5liga material.<\/strong>\u00a0Denna produkt \u00e4r inte bara avsedd f\u00f6r mocka utan passar \u00e4ven f\u00f6r annat l\u00e4der eller liknande textilier, t.ex. nubuck, filt och vissa syntetiska tyger. Den \u00e4r idealisk f\u00f6r skor, rockar, v\u00e4skor, handskar och andra f\u00f6rem\u00e5l som kr\u00e4ver fuktskydd. Den kan \u00e4ven anv\u00e4ndas p\u00e5 tyger som sammet, d\u00e4r den ger ett liknande skydd utan att f\u00f6r\u00e4ndra materialets struktur eller utseende.<\/p>\n<p><strong><img decoding=\"async\" style=\"margin-right: 12px;\" src=\"https:\/\/www.ferberpainting.com\/wp-content\/uploads\/2026\/02\/Check.svg\" alt=\"\" width=\"18\" height=\"15\" \/>Kostnadseffektivt.<\/strong>\u00a0Tack vare den koncentrerade formulan \u00e4r detta impregneringsmedel f\u00f6r mocka extremt ekonomiskt. I genomsnitt r\u00e4cker en liter till att behandla 15 till 20 par mockaskor eller standardplagg, beroende p\u00e5 materialets porositet. En 5-litersbeh\u00e5llare g\u00f6r det m\u00f6jligt att behandla en stor m\u00e4ngd produkter, vilket g\u00f6r det till en l\u00e5ngvarig och prisv\u00e4rd l\u00f6sning.<\/p>\n<p><strong><img decoding=\"async\" style=\"margin-right: 12px;\" src=\"https:\/\/www.ferberpainting.com\/wp-content\/uploads\/2026\/02\/Check.svg\" alt=\"\" width=\"18\" height=\"15\" \/>Icke-farlig och materialv\u00e4nlig.<\/strong>\u00a0Impregneringsmedlet f\u00f6r mocka \u00e4r formulerat f\u00f6r att ge ett effektivt skydd utan att skada mocka eller liknande material. Den \u00e4r giftfri, fri fr\u00e5n starka kemikalier och avger inga skadliga \u00e5ngor. Produkten \u00e4r skonsam och s\u00e4ker att anv\u00e4nda p\u00e5 f\u00f6rem\u00e5l som kommer i direkt kontakt med huden. Den f\u00f6r\u00e4ndrar inte f\u00e4rg eller textur och l\u00e4mnar en naturlig, mjuk finish.<\/p>\n<p><strong><img decoding=\"async\" style=\"margin-right: 12px;\" src=\"https:\/\/www.ferberpainting.com\/wp-content\/uploads\/2026\/02\/Check.svg\" alt=\"\" width=\"18\" height=\"15\" \/>L\u00e4tt att anv\u00e4nda.<\/strong>\u00a0Denna produkt \u00e4r klar att anv\u00e4nda och kr\u00e4ver ingen utsp\u00e4dning eller f\u00f6rberedelse. Appliceringen \u00e4r snabb och enkel. Applicera ett tunt, j\u00e4mnt lager med en spruta eller en ren trasa p\u00e5 mockaplaggets yta och l\u00e5t det sedan torka. Produkten tr\u00e4nger snabbt in och l\u00e4mnar inga synliga rester n\u00e4r den \u00e4r torr.<\/p>\n<p><strong><img decoding=\"async\" style=\"margin-right: 12px;\" src=\"https:\/\/www.ferberpainting.com\/wp-content\/uploads\/2026\/02\/Check.svg\" alt=\"\" width=\"18\" height=\"15\" \/>H\u00e5llbar och l\u00e5nglivad.<\/strong>\u00a0N\u00e4r impregneringen har applicerats bildar den en l\u00e5ngvarig skyddsbarri\u00e4r som f\u00f6rblir effektiv i flera m\u00e5nader, \u00e4ven under kr\u00e4vande v\u00e4derf\u00f6rh\u00e5llanden. Det skyddar dina mockaprodukter p\u00e5 ett osynligt s\u00e4tt, s\u00e4kerst\u00e4ller l\u00e5ngsiktig prestanda och hj\u00e4lper till att bevara dina varor samtidigt som det minskar f\u00f6rtida slitage fr\u00e5n fukt och smuts.<\/p>\n<p><strong><img decoding=\"async\" style=\"margin-right: 12px;\" src=\"https:\/\/www.ferberpainting.com\/wp-content\/uploads\/2026\/02\/Check.svg\" alt=\"\" width=\"18\" height=\"15\" \/>Snabbverkande.<\/strong>\u00a0Detta impregneringsmedel f\u00f6r mocka verkar snabbt. Efter applicering torkar den p\u00e5 mindre \u00e4n en timme, s\u00e5 att du kan forts\u00e4tta anv\u00e4nda dina f\u00f6rem\u00e5l n\u00e4stan omedelbart. Du beh\u00f6ver inte v\u00e4nta i timmar som med vissa andra produkter, vilket g\u00f6r den perfekt f\u00f6r sista minuten-skydd f\u00f6re resan. Applicera bara och l\u00e5t torka f\u00f6r ett omedelbart skydd.<\/p>\n<h2><strong>Anv\u00e4ndning Protokoll<\/strong><\/h2>\n<ul>\n<li><strong>F\u00f6rberedelse av objekt <\/strong>: Se till att mockaobjektet (skor, v\u00e4skor, jackor etc.) \u00e4r rent och torrt f\u00f6re applicering. Borsta ytan f\u00f6rsiktigt vid behov f\u00f6r att avl\u00e4gsna damm eller smuts. Applicera inte produkten p\u00e5 smutsiga eller v\u00e5ta f\u00f6rem\u00e5l, eftersom detta kan minska effektiviteten.<\/li>\n<li><strong>Produkttill\u00e4mpning <\/strong>: Anv\u00e4nd en spruta eller en mjuk, ren trasa och applicera ett tunt, j\u00e4mnt lager av impregneringsmedel \u00f6ver hela ytan p\u00e5 mockaplagget. Om du anv\u00e4nder en spruta ska du h\u00e5lla den 15-20 cm fr\u00e5n ytan f\u00f6r att undvika \u00f6verapplicering.<\/li>\n<li><strong>J\u00e4mn f\u00f6rdelning <\/strong>: F\u00f6r optimalt skydd, se till att produkten \u00e4r j\u00e4mnt f\u00f6rdelad och tr\u00e4nger in i mockafibrerna. Undvik att m\u00e4tta materialet f\u00f6r att f\u00f6rhindra synlig uppbyggnad.<\/li>\n<li><strong>Torktid <\/strong>: L\u00e5t produkten torka i ca 1 timme i ett v\u00e4l ventilerat rum i rumstemperatur. Undvik att uts\u00e4tta f\u00f6rem\u00e5let f\u00f6r direkta v\u00e4rmek\u00e4llor (t.ex. h\u00e5rtorkar eller element) f\u00f6r att bevara materialet.<\/li>\n<li><strong>\u00c5terans\u00f6kan (vid behov) <\/strong>: F\u00f6r extra skydd, applicera ett andra lager efter att det f\u00f6rsta har torkat helt. Detta rekommenderas s\u00e4rskilt f\u00f6r f\u00f6rem\u00e5l som uts\u00e4tts f\u00f6r tuffa f\u00f6rh\u00e5llanden, t.ex. vandringsskor eller v\u00e4skor som anv\u00e4nds i kraftigt regn.<\/li>\n<li><strong>Underh\u00e5ll <\/strong>: Applicera p\u00e5 nytt var 3:e till 6:e m\u00e5nad beroende p\u00e5 anv\u00e4ndning och exponeringsf\u00f6rh\u00e5llanden. Enstaka retuscheringar rekommenderas f\u00f6r att bibeh\u00e5lla skyddet \u00f6ver tid.<\/li>\n<li><strong>F\u00f6rvaring <\/strong>: F\u00f6rvara produkten i sin originalf\u00f6rpackning, t\u00e4tt tillsluten, p\u00e5 en sval, torr plats utan v\u00e4rme f\u00f6r att bevara dess egenskaper.<\/li>\n<\/ul>\n<p>Detta impregneringsmedel f\u00f6r mocka hj\u00e4lper till att f\u00f6rl\u00e4nga livsl\u00e4ngden p\u00e5 dina f\u00f6rem\u00e5l genom att h\u00e5lla dem i perfekt skick. En enkel, snabb och effektiv l\u00f6sning f\u00f6r att skydda dina eleganta \u00e4godelar fr\u00e5n fukt och smuts.<\/p>","protected":false},"excerpt":{"rendered":"<p>Effective Protection Against Water and Stains.\u00a0This suede waterproofer is specially designed to provide an invisible barrier against moisture and dirt. It prevents stains from water, mud, or grease while preserving the delicate texture and elegant look of suede. It\u2019s the perfect solution to keep your shoes, jackets, handbags, and other suede items in excellent condition, [&hellip;]<\/p>\n","protected":false},"featured_media":36193,"comment_status":"open","ping_status":"closed","template":"","meta":{"_uag_custom_page_level_css":"","site-sidebar-layout":"default","site-content-layout":"","ast-site-content-layout":"default","site-content-style":"default","site-sidebar-style":"default","ast-global-header-display":"","ast-banner-title-visibility":"","ast-main-header-display":"","ast-hfb-above-header-display":"","ast-hfb-below-header-display":"","ast-hfb-mobile-header-display":"","site-post-title":"","ast-breadcrumbs-content":"","ast-featured-img":"","footer-sml-layout":"","ast-disable-related-posts":"","theme-transparent-header-meta":"default","adv-header-id-meta":"","stick-header-meta":"","header-above-stick-meta":"","header-main-stick-meta":"","header-below-stick-meta":"","astra-migrate-meta-layouts":"set","ast-page-background-enabled":"default","ast-page-background-meta":{"desktop":{"background-color":"var(--ast-global-color-4)","background-image":"","background-repeat":"repeat","background-position":"center center","background-size":"auto","background-attachment":"scroll","background-type":"","background-media":"","overlay-type":"","overlay-color":"","overlay-opacity":"","overlay-gradient":""},"tablet":{"background-color":"","background-image":"","background-repeat":"repeat","background-position":"center center","background-size":"auto","background-attachment":"scroll","background-type":"","background-media":"","overlay-type":"","overlay-color":"","overlay-opacity":"","overlay-gradient":""},"mobile":{"background-color":"","background-image":"","background-repeat":"repeat","background-position":"center center","background-size":"auto","background-attachment":"scroll","background-type":"","background-media":"","overlay-type":"","overlay-color":"","overlay-opacity":"","overlay-gradient":""}},"ast-content-background-meta":{"desktop":{"background-color":"var(--ast-global-color-5)","background-image":"","background-repeat":"repeat","background-position":"center center","background-size":"auto","background-attachment":"scroll","background-type":"","background-media":"","overlay-type":"","overlay-color":"","overlay-opacity":"","overlay-gradient":""},"tablet":{"background-color":"var(--ast-global-color-5)","background-image":"","background-repeat":"repeat","background-position":"center center","background-size":"auto","background-attachment":"scroll","background-type":"","background-media":"","overlay-type":"","overlay-color":"","overlay-opacity":"","overlay-gradient":""},"mobile":{"background-color":"var(--ast-global-color-5)","background-image":"","background-repeat":"repeat","background-position":"center center","background-size":"auto","background-attachment":"scroll","background-type":"","background-media":"","overlay-type":"","overlay-color":"","overlay-opacity":"","overlay-gradient":""}}},"product_brand":[],"product_cat":[191],"product_tag":[],"class_list":{"0":"post-23790","1":"product","2":"type-product","3":"status-publish","4":"has-post-thumbnail","6":"product_cat-water-repellent","7":"desktop-align-left","8":"tablet-align-left","9":"mobile-align-left","11":"first","12":"instock","13":"sale","14":"taxable","15":"shipping-taxable","16":"purchasable","17":"product-type-variable","18":"has-default-attributes"},"spectra_custom_meta":{"_visibility":["visible"],"_shopify_product_id":["9106562253045"],"_s2w_shopify_domain":["ferberpainting.myshopify.com"],"_shopify_variant_id":["46626270150901"],"_sku":[""],"_manage_stock":["no"],"total_sales":["9"],"_tax_status":["taxable"],"_tax_class":[""],"_backorders":["no"],"_sold_individually":["no"],"_virtual":["no"],"_downloadable":["no"],"_download_limit":["-1"],"_download_expiry":["-1"],"_stock":[null],"_stock_status":["instock"],"_wc_average_rating":["5.00"],"_wc_review_count":["33"],"_product_attributes":["a:1:{s:6:\"volume\";a:6:{s:4:\"name\";s:6:\"Volume\";s:5:\"value\";s:20:\"5 liters | 25 liters\";s:8:\"position\";i:1;s:10:\"is_visible\";i:0;s:12:\"is_variation\";i:1;s:11:\"is_taxonomy\";i:0;}}"],"_product_version":["10.5.1"],"wpse_downloadable_file_names":[""],"wpse_downloadable_file_urls":[""],"_edit_last":["1"],"_default_attributes":["a:1:{s:6:\"volume\";s:8:\"5 liters\";}"],"_edit_lock":["1771184229:1"],"_price":["29.90","129.90"],"merchant-center-availability":["yes"],"merchant-center-category":["503738"],"_thumbnail_id":["36193"],"_wp_page_template":["default"],"_product_image_gallery":["36194"],"site-sidebar-layout":["default"],"ast-site-content-layout":["default"],"site-content-style":["default"],"site-sidebar-style":["default"],"theme-transparent-header-meta":["default"],"_wc_rating_count":["a:1:{i:5;i:33;}"],"astra-migrate-meta-layouts":["set"],"_uag_css_file_name":["uag-css-23790.css"],"_elementor_page_assets":["a:0:{}"],"_uag_page_assets":["a:9:{s:3:\"css\";s:7133:\".uag-blocks-common-selector{z-index:var(--z-index-desktop) !important}@media(max-width: 976px){.uag-blocks-common-selector{z-index:var(--z-index-tablet) !important}}@media(max-width: 767px){.uag-blocks-common-selector{z-index:var(--z-index-mobile) !important}}.wp-block-uagb-image{display:flex}.wp-block-uagb-image__figure{position:relative;display:flex;flex-direction:column;max-width:100%;height:auto;margin:0}.wp-block-uagb-image__figure img{height:auto;display:flex;max-width:100%;transition:box-shadow .2s ease}.wp-block-uagb-image__figure>a{display:inline-block}.wp-block-uagb-image__figure figcaption{text-align:center;margin-top:.5em;margin-bottom:1em}.wp-block-uagb-image .components-placeholder.block-editor-media-placeholder .components-placeholder__instructions{align-self:center}.wp-block-uagb-image--align-left{text-align:left}.wp-block-uagb-image--align-right{text-align:right}.wp-block-uagb-image--align-center{text-align:center}.wp-block-uagb-image--align-full .wp-block-uagb-image__figure{margin-left:calc(50% - 50vw);margin-right:calc(50% - 50vw);max-width:100vw;width:100vw;height:auto}.wp-block-uagb-image--align-full .wp-block-uagb-image__figure img{height:auto;width:100% !important}.wp-block-uagb-image--align-wide .wp-block-uagb-image__figure img{height:auto;width:100%}.wp-block-uagb-image--layout-overlay__color-wrapper{position:absolute;left:0;top:0;right:0;bottom:0;opacity:.2;background:rgba(0,0,0,.5);transition:opacity .35s ease-in-out}.wp-block-uagb-image--layout-overlay-link{position:absolute;left:0;right:0;bottom:0;top:0}.wp-block-uagb-image--layout-overlay .wp-block-uagb-image__figure:hover .wp-block-uagb-image--layout-overlay__color-wrapper{opacity:1}.wp-block-uagb-image--layout-overlay__inner{position:absolute;left:15px;right:15px;bottom:15px;top:15px;display:flex;align-items:center;justify-content:center;flex-direction:column;border-color:#fff;transition:.35s ease-in-out}.wp-block-uagb-image--layout-overlay__inner.top-left,.wp-block-uagb-image--layout-overlay__inner.top-center,.wp-block-uagb-image--layout-overlay__inner.top-right{justify-content:flex-start}.wp-block-uagb-image--layout-overlay__inner.bottom-left,.wp-block-uagb-image--layout-overlay__inner.bottom-center,.wp-block-uagb-image--layout-overlay__inner.bottom-right{justify-content:flex-end}.wp-block-uagb-image--layout-overlay__inner.top-left,.wp-block-uagb-image--layout-overlay__inner.center-left,.wp-block-uagb-image--layout-overlay__inner.bottom-left{align-items:flex-start}.wp-block-uagb-image--layout-overlay__inner.top-right,.wp-block-uagb-image--layout-overlay__inner.center-right,.wp-block-uagb-image--layout-overlay__inner.bottom-right{align-items:flex-end}.wp-block-uagb-image--layout-overlay__inner .uagb-image-heading{color:#fff;transition:transform .35s,opacity .35s ease-in-out;transform:translate3d(0, 24px, 0);margin:0;line-height:1em}.wp-block-uagb-image--layout-overlay__inner .uagb-image-separator{width:30%;border-top-width:2px;border-top-color:#fff;border-top-style:solid;margin-bottom:10px;opacity:0;transition:transform .4s,opacity .4s ease-in-out;transform:translate3d(0, 30px, 0)}.wp-block-uagb-image--layout-overlay__inner .uagb-image-caption{opacity:0;overflow:visible;color:#fff;transition:transform .45s,opacity .45s ease-in-out;transform:translate3d(0, 35px, 0)}.wp-block-uagb-image--layout-overlay__inner:hover .uagb-image-heading,.wp-block-uagb-image--layout-overlay__inner:hover .uagb-image-separator,.wp-block-uagb-image--layout-overlay__inner:hover .uagb-image-caption{opacity:1;transform:translate3d(0, 0, 0)}.wp-block-uagb-image--effect-zoomin .wp-block-uagb-image__figure img,.wp-block-uagb-image--effect-zoomin .wp-block-uagb-image__figure .wp-block-uagb-image--layout-overlay__color-wrapper{transform:scale(1);transition:transform .35s ease-in-out}.wp-block-uagb-image--effect-zoomin .wp-block-uagb-image__figure:hover img,.wp-block-uagb-image--effect-zoomin .wp-block-uagb-image__figure:hover .wp-block-uagb-image--layout-overlay__color-wrapper{transform:scale(1.05)}.wp-block-uagb-image--effect-slide .wp-block-uagb-image__figure img,.wp-block-uagb-image--effect-slide .wp-block-uagb-image__figure .wp-block-uagb-image--layout-overlay__color-wrapper{width:calc(100% + 40px) !important;max-width:none !important;transform:translate3d(-40px, 0, 0);transition:transform .35s ease-in-out}.wp-block-uagb-image--effect-slide .wp-block-uagb-image__figure:hover img,.wp-block-uagb-image--effect-slide .wp-block-uagb-image__figure:hover .wp-block-uagb-image--layout-overlay__color-wrapper{transform:translate3d(0, 0, 0)}.wp-block-uagb-image--effect-grayscale img{filter:grayscale(0%);transition:.35s ease-in-out}.wp-block-uagb-image--effect-grayscale:hover img{filter:grayscale(100%)}.wp-block-uagb-image--effect-blur img{filter:blur(0);transition:.35s ease-in-out}.wp-block-uagb-image--effect-blur:hover img{filter:blur(3px)}.uagb-block-e6f939b3.wp-block-uagb-image--layout-default figure img{box-shadow: 0px 0px 0 #00000070;}.uagb-block-e6f939b3.wp-block-uagb-image .wp-block-uagb-image__figure figcaption{font-style: normal;align-self: center;}.uagb-block-e6f939b3.wp-block-uagb-image--layout-overlay figure img{box-shadow: 0px 0px 0 #00000070;}.uagb-block-e6f939b3.wp-block-uagb-image--layout-overlay .wp-block-uagb-image--layout-overlay__color-wrapper{opacity: 0.2;}.uagb-block-e6f939b3.wp-block-uagb-image--layout-overlay .wp-block-uagb-image--layout-overlay__inner{left: 15px;right: 15px;top: 15px;bottom: 15px;}.uagb-block-e6f939b3.wp-block-uagb-image--layout-overlay .wp-block-uagb-image--layout-overlay__inner .uagb-image-heading{font-style: normal;color: #fff;opacity: 1;}.uagb-block-e6f939b3.wp-block-uagb-image--layout-overlay .wp-block-uagb-image--layout-overlay__inner .uagb-image-heading a{color: #fff;}.uagb-block-e6f939b3.wp-block-uagb-image--layout-overlay .wp-block-uagb-image--layout-overlay__inner .uagb-image-caption{opacity: 0;}.uagb-block-e6f939b3.wp-block-uagb-image--layout-overlay .wp-block-uagb-image__figure:hover .wp-block-uagb-image--layout-overlay__color-wrapper{opacity: 1;}.uagb-block-e6f939b3.wp-block-uagb-image .wp-block-uagb-image--layout-overlay__inner .uagb-image-separator{width: 30%;border-top-width: 2px;border-top-color: #fff;opacity: 0;}.uagb-block-e6f939b3.wp-block-uagb-image .wp-block-uagb-image__figure img{width: px;height: auto;}.uagb-block-e6f939b3.wp-block-uagb-image .wp-block-uagb-image__figure:hover .wp-block-uagb-image--layout-overlay__inner .uagb-image-caption{opacity: 1;}.uagb-block-e6f939b3.wp-block-uagb-image .wp-block-uagb-image__figure:hover .wp-block-uagb-image--layout-overlay__inner .uagb-image-separator{opacity: 1;}.uagb-block-e6f939b3.wp-block-uagb-image--layout-default figure:hover img{box-shadow: 0px 0px 0 #00000070;}.uagb-block-e6f939b3.wp-block-uagb-image--layout-overlay figure:hover img{box-shadow: 0px 0px 0 #00000070;}@media only screen and (max-width: 976px) {.uagb-block-e6f939b3.wp-block-uagb-image .wp-block-uagb-image__figure img{width: px;height: auto;}}@media only screen and (max-width: 767px) {.uagb-block-e6f939b3.wp-block-uagb-image .wp-block-uagb-image__figure img{width: px;height: auto;}}\";s:2:\"js\";s:0:\"\";s:18:\"current_block_list\";a:13:{i:0;s:11:\"core\/search\";i:1;s:10:\"core\/group\";i:2;s:12:\"core\/heading\";i:3;s:17:\"core\/latest-posts\";i:4;s:20:\"core\/latest-comments\";i:5;s:13:\"core\/archives\";i:6;s:15:\"core\/categories\";i:7;s:14:\"core\/paragraph\";i:8;s:10:\"uagb\/image\";i:9;s:11:\"core\/spacer\";i:10;s:30:\"woocommerce\/product-categories\";i:11;s:10:\"core\/image\";i:12;s:14:\"core\/shortcode\";}s:8:\"uag_flag\";b:1;s:11:\"uag_version\";s:10:\"1777259814\";s:6:\"gfonts\";a:0:{}s:10:\"gfonts_url\";s:0:\"\";s:12:\"gfonts_files\";a:0:{}s:14:\"uag_faq_layout\";b:0;}"]},"uagb_featured_image_src":{"full":["https:\/\/www.ferberpainting.com\/wp-content\/uploads\/2025\/07\/Leather-Water-Repellent-5L.png",2560,2560,false],"thumbnail":["https:\/\/www.ferberpainting.com\/wp-content\/uploads\/2025\/07\/Leather-Water-Repellent-5L-150x150.png",150,150,true],"medium":["https:\/\/www.ferberpainting.com\/wp-content\/uploads\/2025\/07\/Leather-Water-Repellent-5L-300x300.png",300,300,true],"medium_large":["https:\/\/www.ferberpainting.com\/wp-content\/uploads\/2025\/07\/Leather-Water-Repellent-5L-768x768.png",768,768,true],"large":["https:\/\/www.ferberpainting.com\/wp-content\/uploads\/2025\/07\/Leather-Water-Repellent-5L-1024x1024.png",1024,1024,true],"1536x1536":["https:\/\/www.ferberpainting.com\/wp-content\/uploads\/2025\/07\/Leather-Water-Repellent-5L-1536x1536.png",1536,1536,true],"2048x2048":["https:\/\/www.ferberpainting.com\/wp-content\/uploads\/2025\/07\/Leather-Water-Repellent-5L-2048x2048.png",2048,2048,true],"trp-custom-language-flag":["https:\/\/www.ferberpainting.com\/wp-content\/uploads\/2025\/07\/Leather-Water-Repellent-5L-12x12.png",12,12,true],"woocommerce_thumbnail":["https:\/\/www.ferberpainting.com\/wp-content\/uploads\/2025\/07\/Leather-Water-Repellent-5L-300x300.png",300,300,true],"woocommerce_single":["https:\/\/www.ferberpainting.com\/wp-content\/uploads\/2025\/07\/Leather-Water-Repellent-5L-600x600.png",600,600,true],"woocommerce_gallery_thumbnail":["https:\/\/www.ferberpainting.com\/wp-content\/uploads\/2025\/07\/Leather-Water-Repellent-5L-100x100.png",100,100,true]},"uagb_author_info":{"display_name":"admin","author_link":"https:\/\/www.ferberpainting.com\/se\/author\/"},"uagb_comment_info":33,"uagb_excerpt":"Effective Protection Against Water and Stains.\u00a0This suede waterproofer is specially designed to provide an invisible barrier against moisture and dirt. It prevents stains from water, mud, or grease while preserving the delicate texture and elegant look of suede. It\u2019s the perfect solution to keep your shoes, jackets, handbags, and other suede items in excellent condition,&hellip;","_links":{"self":[{"href":"https:\/\/www.ferberpainting.com\/se\/wp-json\/wp\/v2\/product\/23790","targetHints":{"allow":["GET"]}}],"collection":[{"href":"https:\/\/www.ferberpainting.com\/se\/wp-json\/wp\/v2\/product"}],"about":[{"href":"https:\/\/www.ferberpainting.com\/se\/wp-json\/wp\/v2\/types\/product"}],"replies":[{"embeddable":true,"href":"https:\/\/www.ferberpainting.com\/se\/wp-json\/wp\/v2\/comments?post=23790"}],"version-history":[{"count":3,"href":"https:\/\/www.ferberpainting.com\/se\/wp-json\/wp\/v2\/product\/23790\/revisions"}],"predecessor-version":[{"id":166475,"href":"https:\/\/www.ferberpainting.com\/se\/wp-json\/wp\/v2\/product\/23790\/revisions\/166475"}],"wp:featuredmedia":[{"embeddable":true,"href":"https:\/\/www.ferberpainting.com\/se\/wp-json\/wp\/v2\/media\/36193"}],"wp:attachment":[{"href":"https:\/\/www.ferberpainting.com\/se\/wp-json\/wp\/v2\/media?parent=23790"}],"wp:term":[{"taxonomy":"product_brand","embeddable":true,"href":"https:\/\/www.ferberpainting.com\/se\/wp-json\/wp\/v2\/product_brand?post=23790"},{"taxonomy":"product_cat","embeddable":true,"href":"https:\/\/www.ferberpainting.com\/se\/wp-json\/wp\/v2\/product_cat?post=23790"},{"taxonomy":"product_tag","embeddable":true,"href":"https:\/\/www.ferberpainting.com\/se\/wp-json\/wp\/v2\/product_tag?post=23790"}],"curies":[{"name":"wp","href":"https:\/\/api.w.org\/{rel}","templated":true}]}}