{"id":23787,"date":"2025-05-26T10:25:31","date_gmt":"2025-05-26T08:25:31","guid":{"rendered":"https:\/\/www.ferberpainting.com\/products\/leather-varnish\/"},"modified":"2026-02-15T20:37:27","modified_gmt":"2026-02-15T19:37:27","slug":"leather-varnish","status":"publish","type":"product","link":"https:\/\/www.ferberpainting.com\/se\/products\/leather-varnish\/","title":{"rendered":"L\u00e4derlack"},"content":{"rendered":"<p><strong><img decoding=\"async\" style=\"margin-right: 12px;\" src=\"https:\/\/www.ferberpainting.com\/wp-content\/uploads\/2026\/02\/Check.svg\" alt=\"\" width=\"18\" height=\"15\" \/>L\u00e4derskydd och -f\u00f6rb\u00e4ttring.<\/strong>\u00a0Denna l\u00e4derlack \u00e4r speciellt utformad f\u00f6r att skydda och \u00e5teruppliva l\u00e4derytor genom att ge en h\u00e5llbar och motst\u00e5ndskraftig finish. Den bildar en osynlig skyddsfilm som bevarar l\u00e4drets glans, skyddar det mot slitage, fukt och fl\u00e4ckar och ger en satin- eller glansig yta beroende p\u00e5 anv\u00e4ndningsomr\u00e5de. L\u00e4mplig f\u00f6r s\u00e5v\u00e4l nytt l\u00e4der som \u00e4ldre l\u00e4derf\u00f6rem\u00e5l som beh\u00f6ver renoveras.<\/p>\n<p><strong><img decoding=\"async\" style=\"margin-right: 12px;\" src=\"https:\/\/www.ferberpainting.com\/wp-content\/uploads\/2026\/02\/Check.svg\" alt=\"\" width=\"18\" height=\"15\" \/>Pengar-tillbaka-garanti.<\/strong>\u00a0Vi \u00e4r \u00f6vertygade om att v\u00e5r l\u00e4derlack \u00e4r effektiv, och d\u00e4rf\u00f6r erbjuder vi en pengarna-tillbaka-garanti. Om produkten inte uppfyller dina f\u00f6rv\u00e4ntningar efter applicering enligt v\u00e5ra rekommendationer kan du beg\u00e4ra en ovillkorlig \u00e5terbetalning, vilket garanterar ett s\u00e4kert och bekymmersfritt k\u00f6p.<\/p>\n<p><strong><img decoding=\"async\" style=\"margin-right: 12px;\" src=\"https:\/\/www.ferberpainting.com\/wp-content\/uploads\/2026\/02\/Check.svg\" alt=\"\" width=\"18\" height=\"15\" \/>Kompatibel med olika typer av l\u00e4der och liknande material.<\/strong>\u00a0Den h\u00e4r lacken \u00e4r idealisk f\u00f6r naturl\u00e4der, syntetiskt l\u00e4der, konstl\u00e4der och vinyl. Den kan anv\u00e4ndas p\u00e5 skor, v\u00e4skor, kl\u00e4der, bils\u00e4ten, soffor, motorcykelsadlar och alla andra l\u00e4derf\u00f6rem\u00e5l som kr\u00e4ver extra skydd och en snygg finish.<\/p>\n<p><strong><img decoding=\"async\" style=\"margin-right: 12px;\" src=\"https:\/\/www.ferberpainting.com\/wp-content\/uploads\/2026\/02\/Check.svg\" alt=\"\" width=\"18\" height=\"15\" \/>Ekonomisk effektivitet och optimerad t\u00e4ckning.<\/strong>\u00a0Tack vare den koncentrerade formulan kan 1 liter lack behandla mellan 8 och 12 m\u00b2 l\u00e4der, beroende p\u00e5 materialets absorption och tjockleken p\u00e5 det applicerade skiktet. Den h\u00f6ga t\u00e4ckf\u00f6rm\u00e5gan ger ett effektivt skydd med minimal produktanv\u00e4ndning, vilket g\u00f6r varje applicering ekonomisk och h\u00e5llbar.<\/p>\n<p><strong><img decoding=\"async\" style=\"margin-right: 12px;\" src=\"https:\/\/www.ferberpainting.com\/wp-content\/uploads\/2026\/02\/Check.svg\" alt=\"\" width=\"18\" height=\"15\" \/>En s\u00e4ker och giftfri produkt.<\/strong>\u00a0Denna lack \u00e4r formulerad utan starka ingredienser som kan skada l\u00e4dret och f\u00f6r\u00e4ndrar inte materialets flexibilitet eller struktur. Det gulnar inte, klibbar inte och spricker inte, vilket garanterar ett smidigt och motst\u00e5ndskraftigt l\u00e4der som \u00e4r s\u00e4kert f\u00f6r anv\u00e4ndarna.<\/p>\n<p><strong><img decoding=\"async\" style=\"margin-right: 12px;\" src=\"https:\/\/www.ferberpainting.com\/wp-content\/uploads\/2026\/02\/Check.svg\" alt=\"\" width=\"18\" height=\"15\" \/>Enkel applicering f\u00f6r en oklanderlig finish.<\/strong>\u00a0Denna lack \u00e4r klar att anv\u00e4nda och appliceras enkelt med en mjuk trasa, svamp eller applikator, vilket ger en j\u00e4mn f\u00f6rdelning och ett professionellt resultat utan behov av s\u00e4rskilda verktyg. Den tr\u00e4nger effektivt in i l\u00e4drets porer och torkar utan att l\u00e4mna sp\u00e5r, vilket ger en sl\u00e4t och elegant finish.<\/p>\n<p><strong><img decoding=\"async\" style=\"margin-right: 12px;\" src=\"https:\/\/www.ferberpainting.com\/wp-content\/uploads\/2026\/02\/Check.svg\" alt=\"\" width=\"18\" height=\"15\" \/>H\u00e5llbarhet och motst\u00e5ndskraft mot yttre p\u00e5frestningar.<\/strong>\u00a0N\u00e4r lacken har applicerats och torkat skyddar den l\u00e4dret mot n\u00f6tning, repor, fukt, fl\u00e4ckar och damm. Den f\u00f6rl\u00e4nger livsl\u00e4ngden p\u00e5 l\u00e4derf\u00f6rem\u00e5l genom att bevara deras utseende och g\u00f6ra dem mer motst\u00e5ndskraftiga mot yttre f\u00f6rh\u00e5llanden och intensiv anv\u00e4ndning.<\/p>\n<p><strong><img decoding=\"async\" style=\"margin-right: 12px;\" src=\"https:\/\/www.ferberpainting.com\/wp-content\/uploads\/2026\/02\/Check.svg\" alt=\"\" width=\"18\" height=\"15\" \/>Snabbtorkande f\u00f6r omedelbar anv\u00e4ndning.<\/strong>\u00a0Tack vare sin snabbtorkande formula torkar denna lack vid ber\u00f6ring inom 30 till 60 minuter och uppn\u00e5r optimal motst\u00e5ndskraft efter 24 timmar. Det m\u00f6jligg\u00f6r snabba l\u00e4derrenoveringar utan att det behandlade objektet beh\u00f6ver immobiliseras under en l\u00e4ngre period, perfekt f\u00f6r snabba applikationer p\u00e5 vardagliga accessoarer.<\/p>\n<h2><strong>Anv\u00e4ndning Protokoll<\/strong><\/h2>\n<ul>\n<li><strong>F\u00f6rberedelse av l\u00e4der <\/strong>: Reng\u00f6r f\u00f6rsiktigt ytan med en mjuk trasa f\u00f6r att avl\u00e4gsna damm och orenheter. Om l\u00e4dret \u00e4r mycket smutsigt, anv\u00e4nd ett s\u00e4rskilt skonsamt reng\u00f6ringsmedel innan du applicerar lacken. L\u00e5t det torka helt innan du forts\u00e4tter till n\u00e4sta steg.<\/li>\n<li><strong>Rekommenderad dosering <\/strong>: H\u00e4ll en liten m\u00e4ngd lack p\u00e5 en ren trasa, svamp eller appliceringsdyna. En m\u00e5ttlig m\u00e4ngd \u00e4r tillr\u00e4cklig f\u00f6r att t\u00e4cka en stor yta utan \u00f6verskott och d\u00e4rmed undvika uppbyggnad.<\/li>\n<li><strong>Applicering av lack <\/strong>: Dutta f\u00f6rsiktigt p\u00e5 ytan med cirkul\u00e4ra r\u00f6relser f\u00f6r att f\u00f6rdela produkten j\u00e4mnt och f\u00f6rhindra r\u00e4nder. Undvik att m\u00e4tta l\u00e4dret f\u00f6r att s\u00e4kerst\u00e4lla en j\u00e4mn absorption och en naturlig finish.<\/li>\n<li><strong>Torktid <\/strong>: L\u00e5t torka i 30 till 60 minuter innan du hanterar l\u00e4dret. F\u00f6r optimal motst\u00e5ndskraft och f\u00f6rb\u00e4ttrat skydd, v\u00e4nta 24 timmar innan l\u00e4dret uts\u00e4tts f\u00f6r gnidning eller fukt.<\/li>\n<li><strong>Efterbehandling och underh\u00e5ll <\/strong>: N\u00e4r lacken har torkat, polera l\u00e4tt med en mjuk trasa f\u00f6r att f\u00f6rb\u00e4ttra glansen och homogenisera ytan. F\u00f6r regelbundet underh\u00e5ll r\u00e4cker det med en enkel avtorkning med en torr trasa f\u00f6r att \u00e5teruppliva l\u00e4drets glans.<\/li>\n<li><strong>Reng\u00f6ring av verktyg <\/strong>: Reng\u00f6r trasan eller svampen omedelbart efter applicering med l\u00e4mpligt l\u00f6sningsmedel f\u00f6r att f\u00f6rhindra h\u00e4rdning och m\u00f6jligg\u00f6ra \u00e5teranv\u00e4ndning vid framtida appliceringar.<\/li>\n<\/ul>","protected":false},"excerpt":{"rendered":"<p>Leather Protection and Enhancement.\u00a0This leather varnish is specially designed to protect and revive leather surfaces by providing a durable and resistant finish. It forms an invisible protective film that preserves the leather&#8217;s shine, protects it against wear, moisture, and stains while offering a satin or glossy finish depending on the application. Suitable for new leather [&hellip;]<\/p>\n","protected":false},"featured_media":26251,"comment_status":"open","ping_status":"closed","template":"","meta":{"_uag_custom_page_level_css":"","site-sidebar-layout":"default","site-content-layout":"","ast-site-content-layout":"default","site-content-style":"default","site-sidebar-style":"default","ast-global-header-display":"","ast-banner-title-visibility":"","ast-main-header-display":"","ast-hfb-above-header-display":"","ast-hfb-below-header-display":"","ast-hfb-mobile-header-display":"","site-post-title":"","ast-breadcrumbs-content":"","ast-featured-img":"","footer-sml-layout":"","ast-disable-related-posts":"","theme-transparent-header-meta":"default","adv-header-id-meta":"","stick-header-meta":"","header-above-stick-meta":"","header-main-stick-meta":"","header-below-stick-meta":"","astra-migrate-meta-layouts":"set","ast-page-background-enabled":"default","ast-page-background-meta":{"desktop":{"background-color":"var(--ast-global-color-4)","background-image":"","background-repeat":"repeat","background-position":"center center","background-size":"auto","background-attachment":"scroll","background-type":"","background-media":"","overlay-type":"","overlay-color":"","overlay-opacity":"","overlay-gradient":""},"tablet":{"background-color":"","background-image":"","background-repeat":"repeat","background-position":"center center","background-size":"auto","background-attachment":"scroll","background-type":"","background-media":"","overlay-type":"","overlay-color":"","overlay-opacity":"","overlay-gradient":""},"mobile":{"background-color":"","background-image":"","background-repeat":"repeat","background-position":"center center","background-size":"auto","background-attachment":"scroll","background-type":"","background-media":"","overlay-type":"","overlay-color":"","overlay-opacity":"","overlay-gradient":""}},"ast-content-background-meta":{"desktop":{"background-color":"var(--ast-global-color-5)","background-image":"","background-repeat":"repeat","background-position":"center center","background-size":"auto","background-attachment":"scroll","background-type":"","background-media":"","overlay-type":"","overlay-color":"","overlay-opacity":"","overlay-gradient":""},"tablet":{"background-color":"var(--ast-global-color-5)","background-image":"","background-repeat":"repeat","background-position":"center center","background-size":"auto","background-attachment":"scroll","background-type":"","background-media":"","overlay-type":"","overlay-color":"","overlay-opacity":"","overlay-gradient":""},"mobile":{"background-color":"var(--ast-global-color-5)","background-image":"","background-repeat":"repeat","background-position":"center center","background-size":"auto","background-attachment":"scroll","background-type":"","background-media":"","overlay-type":"","overlay-color":"","overlay-opacity":"","overlay-gradient":""}}},"product_brand":[],"product_cat":[190],"product_tag":[],"class_list":{"0":"post-23787","1":"product","2":"type-product","3":"status-publish","4":"has-post-thumbnail","6":"product_cat-varnish","7":"desktop-align-left","8":"tablet-align-left","9":"mobile-align-left","11":"first","12":"instock","13":"sale","14":"shipping-taxable","15":"purchasable","16":"product-type-variable","17":"has-default-attributes"},"spectra_custom_meta":{"_visibility":["visible"],"_shopify_product_id":["9060340891893"],"_s2w_shopify_domain":["ferberpainting.myshopify.com"],"_shopify_variant_id":["46483095519477"],"_sku":[""],"_manage_stock":["no"],"total_sales":["24"],"_tax_status":["taxable"],"_tax_class":[""],"_backorders":["no"],"_sold_individually":["no"],"_virtual":["no"],"_downloadable":["no"],"_download_limit":["-1"],"_download_expiry":["-1"],"_stock":[null],"_stock_status":["instock"],"_wc_average_rating":["4.50"],"_wc_review_count":["6"],"_product_attributes":["a:1:{s:6:\"volume\";a:6:{s:4:\"name\";s:6:\"Volume\";s:5:\"value\";s:20:\"5 liters | 25 liters\";s:8:\"position\";i:1;s:10:\"is_visible\";i:0;s:12:\"is_variation\";i:1;s:11:\"is_taxonomy\";i:0;}}"],"_product_version":["10.5.1"],"_thumbnail_id":["26251"],"_product_image_gallery":["26252"],"wpse_downloadable_file_names":[""],"wpse_downloadable_file_urls":[""],"_edit_last":["1"],"_default_attributes":["a:1:{s:6:\"volume\";s:8:\"5 liters\";}"],"_edit_lock":["1771184304:1"],"merchant-center-availability":["yes"],"merchant-center-category":["503738"],"_price":["29.90","129.90"],"_wp_page_template":["default"],"site-sidebar-layout":["default"],"ast-site-content-layout":["default"],"site-content-style":["default"],"site-sidebar-style":["default"],"theme-transparent-header-meta":["default"],"_wc_rating_count":["a:2:{i:4;i:3;i:5;i:3;}"],"astra-migrate-meta-layouts":["set"],"_uag_css_file_name":["uag-css-23787.css"],"_elementor_page_assets":["a:0:{}"],"_uag_page_assets":["a:9:{s:3:\"css\";s:6873:\".wp-block-uagb-image{display:flex}.wp-block-uagb-image__figure{position:relative;display:flex;flex-direction:column;max-width:100%;height:auto;margin:0}.wp-block-uagb-image__figure img{height:auto;display:flex;max-width:100%;transition:box-shadow .2s ease}.wp-block-uagb-image__figure>a{display:inline-block}.wp-block-uagb-image__figure figcaption{text-align:center;margin-top:.5em;margin-bottom:1em}.wp-block-uagb-image .components-placeholder.block-editor-media-placeholder .components-placeholder__instructions{align-self:center}.wp-block-uagb-image--align-left{text-align:left}.wp-block-uagb-image--align-right{text-align:right}.wp-block-uagb-image--align-center{text-align:center}.wp-block-uagb-image--align-full .wp-block-uagb-image__figure{margin-left:calc(50% - 50vw);margin-right:calc(50% - 50vw);max-width:100vw;width:100vw;height:auto}.wp-block-uagb-image--align-full .wp-block-uagb-image__figure img{height:auto;width:100% !important}.wp-block-uagb-image--align-wide .wp-block-uagb-image__figure img{height:auto;width:100%}.wp-block-uagb-image--layout-overlay__color-wrapper{position:absolute;left:0;top:0;right:0;bottom:0;opacity:.2;background:rgba(0,0,0,.5);transition:opacity .35s ease-in-out}.wp-block-uagb-image--layout-overlay-link{position:absolute;left:0;right:0;bottom:0;top:0}.wp-block-uagb-image--layout-overlay .wp-block-uagb-image__figure:hover .wp-block-uagb-image--layout-overlay__color-wrapper{opacity:1}.wp-block-uagb-image--layout-overlay__inner{position:absolute;left:15px;right:15px;bottom:15px;top:15px;display:flex;align-items:center;justify-content:center;flex-direction:column;border-color:#fff;transition:.35s ease-in-out}.wp-block-uagb-image--layout-overlay__inner.top-left,.wp-block-uagb-image--layout-overlay__inner.top-center,.wp-block-uagb-image--layout-overlay__inner.top-right{justify-content:flex-start}.wp-block-uagb-image--layout-overlay__inner.bottom-left,.wp-block-uagb-image--layout-overlay__inner.bottom-center,.wp-block-uagb-image--layout-overlay__inner.bottom-right{justify-content:flex-end}.wp-block-uagb-image--layout-overlay__inner.top-left,.wp-block-uagb-image--layout-overlay__inner.center-left,.wp-block-uagb-image--layout-overlay__inner.bottom-left{align-items:flex-start}.wp-block-uagb-image--layout-overlay__inner.top-right,.wp-block-uagb-image--layout-overlay__inner.center-right,.wp-block-uagb-image--layout-overlay__inner.bottom-right{align-items:flex-end}.wp-block-uagb-image--layout-overlay__inner .uagb-image-heading{color:#fff;transition:transform .35s,opacity .35s ease-in-out;transform:translate3d(0, 24px, 0);margin:0;line-height:1em}.wp-block-uagb-image--layout-overlay__inner .uagb-image-separator{width:30%;border-top-width:2px;border-top-color:#fff;border-top-style:solid;margin-bottom:10px;opacity:0;transition:transform .4s,opacity .4s ease-in-out;transform:translate3d(0, 30px, 0)}.wp-block-uagb-image--layout-overlay__inner .uagb-image-caption{opacity:0;overflow:visible;color:#fff;transition:transform .45s,opacity .45s ease-in-out;transform:translate3d(0, 35px, 0)}.wp-block-uagb-image--layout-overlay__inner:hover .uagb-image-heading,.wp-block-uagb-image--layout-overlay__inner:hover .uagb-image-separator,.wp-block-uagb-image--layout-overlay__inner:hover .uagb-image-caption{opacity:1;transform:translate3d(0, 0, 0)}.wp-block-uagb-image--effect-zoomin .wp-block-uagb-image__figure img,.wp-block-uagb-image--effect-zoomin .wp-block-uagb-image__figure .wp-block-uagb-image--layout-overlay__color-wrapper{transform:scale(1);transition:transform .35s ease-in-out}.wp-block-uagb-image--effect-zoomin .wp-block-uagb-image__figure:hover img,.wp-block-uagb-image--effect-zoomin .wp-block-uagb-image__figure:hover .wp-block-uagb-image--layout-overlay__color-wrapper{transform:scale(1.05)}.wp-block-uagb-image--effect-slide .wp-block-uagb-image__figure img,.wp-block-uagb-image--effect-slide .wp-block-uagb-image__figure .wp-block-uagb-image--layout-overlay__color-wrapper{width:calc(100% + 40px) !important;max-width:none !important;transform:translate3d(-40px, 0, 0);transition:transform .35s ease-in-out}.wp-block-uagb-image--effect-slide .wp-block-uagb-image__figure:hover img,.wp-block-uagb-image--effect-slide .wp-block-uagb-image__figure:hover .wp-block-uagb-image--layout-overlay__color-wrapper{transform:translate3d(0, 0, 0)}.wp-block-uagb-image--effect-grayscale img{filter:grayscale(0%);transition:.35s ease-in-out}.wp-block-uagb-image--effect-grayscale:hover img{filter:grayscale(100%)}.wp-block-uagb-image--effect-blur img{filter:blur(0);transition:.35s ease-in-out}.wp-block-uagb-image--effect-blur:hover img{filter:blur(3px)}.uagb-block-e6f939b3.wp-block-uagb-image--layout-default figure img{box-shadow: 0px 0px 0 #00000070;}.uagb-block-e6f939b3.wp-block-uagb-image .wp-block-uagb-image__figure figcaption{font-style: normal;align-self: center;}.uagb-block-e6f939b3.wp-block-uagb-image--layout-overlay figure img{box-shadow: 0px 0px 0 #00000070;}.uagb-block-e6f939b3.wp-block-uagb-image--layout-overlay .wp-block-uagb-image--layout-overlay__color-wrapper{opacity: 0.2;}.uagb-block-e6f939b3.wp-block-uagb-image--layout-overlay .wp-block-uagb-image--layout-overlay__inner{left: 15px;right: 15px;top: 15px;bottom: 15px;}.uagb-block-e6f939b3.wp-block-uagb-image--layout-overlay .wp-block-uagb-image--layout-overlay__inner .uagb-image-heading{font-style: normal;color: #fff;opacity: 1;}.uagb-block-e6f939b3.wp-block-uagb-image--layout-overlay .wp-block-uagb-image--layout-overlay__inner .uagb-image-heading a{color: #fff;}.uagb-block-e6f939b3.wp-block-uagb-image--layout-overlay .wp-block-uagb-image--layout-overlay__inner .uagb-image-caption{opacity: 0;}.uagb-block-e6f939b3.wp-block-uagb-image--layout-overlay .wp-block-uagb-image__figure:hover .wp-block-uagb-image--layout-overlay__color-wrapper{opacity: 1;}.uagb-block-e6f939b3.wp-block-uagb-image .wp-block-uagb-image--layout-overlay__inner .uagb-image-separator{width: 30%;border-top-width: 2px;border-top-color: #fff;opacity: 0;}.uagb-block-e6f939b3.wp-block-uagb-image .wp-block-uagb-image__figure img{width: px;height: auto;}.uagb-block-e6f939b3.wp-block-uagb-image .wp-block-uagb-image__figure:hover .wp-block-uagb-image--layout-overlay__inner .uagb-image-caption{opacity: 1;}.uagb-block-e6f939b3.wp-block-uagb-image .wp-block-uagb-image__figure:hover .wp-block-uagb-image--layout-overlay__inner .uagb-image-separator{opacity: 1;}.uagb-block-e6f939b3.wp-block-uagb-image--layout-default figure:hover img{box-shadow: 0px 0px 0 #00000070;}.uagb-block-e6f939b3.wp-block-uagb-image--layout-overlay figure:hover img{box-shadow: 0px 0px 0 #00000070;}@media only screen and (max-width: 976px) {.uagb-block-e6f939b3.wp-block-uagb-image .wp-block-uagb-image__figure img{width: px;height: auto;}}@media only screen and (max-width: 767px) {.uagb-block-e6f939b3.wp-block-uagb-image .wp-block-uagb-image__figure img{width: px;height: auto;}}\";s:2:\"js\";s:0:\"\";s:18:\"current_block_list\";a:13:{i:0;s:11:\"core\/search\";i:1;s:10:\"core\/group\";i:2;s:12:\"core\/heading\";i:3;s:17:\"core\/latest-posts\";i:4;s:20:\"core\/latest-comments\";i:5;s:13:\"core\/archives\";i:6;s:15:\"core\/categories\";i:7;s:14:\"core\/paragraph\";i:8;s:10:\"uagb\/image\";i:9;s:11:\"core\/spacer\";i:10;s:30:\"woocommerce\/product-categories\";i:11;s:10:\"core\/image\";i:12;s:14:\"core\/shortcode\";}s:8:\"uag_flag\";b:1;s:11:\"uag_version\";s:10:\"1777093933\";s:6:\"gfonts\";a:0:{}s:10:\"gfonts_url\";s:0:\"\";s:12:\"gfonts_files\";a:0:{}s:14:\"uag_faq_layout\";b:0;}"]},"uagb_featured_image_src":{"full":["https:\/\/www.ferberpainting.com\/wp-content\/uploads\/2025\/05\/LeatherVarnish5L.png",2560,2560,false],"thumbnail":["https:\/\/www.ferberpainting.com\/wp-content\/uploads\/2025\/05\/LeatherVarnish5L-150x150.png",150,150,true],"medium":["https:\/\/www.ferberpainting.com\/wp-content\/uploads\/2025\/05\/LeatherVarnish5L-300x300.png",300,300,true],"medium_large":["https:\/\/www.ferberpainting.com\/wp-content\/uploads\/2025\/05\/LeatherVarnish5L-768x768.png",768,768,true],"large":["https:\/\/www.ferberpainting.com\/wp-content\/uploads\/2025\/05\/LeatherVarnish5L-1024x1024.png",1024,1024,true],"1536x1536":["https:\/\/www.ferberpainting.com\/wp-content\/uploads\/2025\/05\/LeatherVarnish5L-1536x1536.png",1536,1536,true],"2048x2048":["https:\/\/www.ferberpainting.com\/wp-content\/uploads\/2025\/05\/LeatherVarnish5L-2048x2048.png",2048,2048,true],"trp-custom-language-flag":["https:\/\/www.ferberpainting.com\/wp-content\/uploads\/2025\/05\/LeatherVarnish5L-12x12.png",12,12,true],"woocommerce_thumbnail":["https:\/\/www.ferberpainting.com\/wp-content\/uploads\/2025\/05\/LeatherVarnish5L-300x300.png",300,300,true],"woocommerce_single":["https:\/\/www.ferberpainting.com\/wp-content\/uploads\/2025\/05\/LeatherVarnish5L-600x600.png",600,600,true],"woocommerce_gallery_thumbnail":["https:\/\/www.ferberpainting.com\/wp-content\/uploads\/2025\/05\/LeatherVarnish5L-100x100.png",100,100,true]},"uagb_author_info":{"display_name":"admin","author_link":"https:\/\/www.ferberpainting.com\/se\/author\/"},"uagb_comment_info":6,"uagb_excerpt":"Leather Protection and Enhancement.\u00a0This leather varnish is specially designed to protect and revive leather surfaces by providing a durable and resistant finish. It forms an invisible protective film that preserves the leather&#8217;s shine, protects it against wear, moisture, and stains while offering a satin or glossy finish depending on the application. Suitable for new leather&hellip;","_links":{"self":[{"href":"https:\/\/www.ferberpainting.com\/se\/wp-json\/wp\/v2\/product\/23787","targetHints":{"allow":["GET"]}}],"collection":[{"href":"https:\/\/www.ferberpainting.com\/se\/wp-json\/wp\/v2\/product"}],"about":[{"href":"https:\/\/www.ferberpainting.com\/se\/wp-json\/wp\/v2\/types\/product"}],"replies":[{"embeddable":true,"href":"https:\/\/www.ferberpainting.com\/se\/wp-json\/wp\/v2\/comments?post=23787"}],"version-history":[{"count":3,"href":"https:\/\/www.ferberpainting.com\/se\/wp-json\/wp\/v2\/product\/23787\/revisions"}],"predecessor-version":[{"id":166472,"href":"https:\/\/www.ferberpainting.com\/se\/wp-json\/wp\/v2\/product\/23787\/revisions\/166472"}],"wp:featuredmedia":[{"embeddable":true,"href":"https:\/\/www.ferberpainting.com\/se\/wp-json\/wp\/v2\/media\/26251"}],"wp:attachment":[{"href":"https:\/\/www.ferberpainting.com\/se\/wp-json\/wp\/v2\/media?parent=23787"}],"wp:term":[{"taxonomy":"product_brand","embeddable":true,"href":"https:\/\/www.ferberpainting.com\/se\/wp-json\/wp\/v2\/product_brand?post=23787"},{"taxonomy":"product_cat","embeddable":true,"href":"https:\/\/www.ferberpainting.com\/se\/wp-json\/wp\/v2\/product_cat?post=23787"},{"taxonomy":"product_tag","embeddable":true,"href":"https:\/\/www.ferberpainting.com\/se\/wp-json\/wp\/v2\/product_tag?post=23787"}],"curies":[{"name":"wp","href":"https:\/\/api.w.org\/{rel}","templated":true}]}}