{"id":23781,"date":"2025-07-01T10:12:12","date_gmt":"2025-07-01T08:12:12","guid":{"rendered":"https:\/\/www.ferberpainting.com\/?post_type=product&#038;p=23781"},"modified":"2026-02-15T20:26:28","modified_gmt":"2026-02-15T19:26:28","slug":"leather-and-fabric-sofa-cleaner","status":"publish","type":"product","link":"https:\/\/www.ferberpainting.com\/se\/products\/leather-and-fabric-sofa-cleaner\/","title":{"rendered":"Reng\u00f6ringsmedel f\u00f6r soffor i tyg och l\u00e4der"},"content":{"rendered":"<p><strong><img decoding=\"async\" style=\"margin-right: 12px;\" src=\"https:\/\/www.ferberpainting.com\/wp-content\/uploads\/2026\/02\/Check.svg\" alt=\"\" width=\"18\" height=\"15\" \/>Optimal effektivitet.<\/strong>\u00a0Detta reng\u00f6ringsmedel f\u00f6r tyg- och l\u00e4dersoffor \u00e4r speciellt framtaget f\u00f6r att effektivt eliminera fl\u00e4ckar, inb\u00e4ddat damm och obehagliga lukter. Tack vare sin kraftfulla formula l\u00f6ser den upp smuts och \u00e5terupplivar utseendet p\u00e5 b\u00e5de tyg och l\u00e4der utan att skada dem. Den tr\u00e4nger djupt in i fibrerna f\u00f6r att avl\u00e4gsna matrester, fett, svettm\u00e4rken och till och med fl\u00e4ckar fr\u00e5n husdjur, samtidigt som materialets f\u00e4rg och struktur bevaras.<\/p>\n<p><strong><img decoding=\"async\" style=\"margin-right: 12px;\" src=\"https:\/\/www.ferberpainting.com\/wp-content\/uploads\/2026\/02\/Check.svg\" alt=\"\" width=\"18\" height=\"15\" \/>Pengar-tillbaka-garanti.<\/strong>\u00a0Vi har fullt f\u00f6rtroende f\u00f6r att v\u00e5rt reng\u00f6ringsmedel \u00e4r effektivt. Om du inte \u00e4r helt n\u00f6jd efter att ha provat den, \u00e4r du ber\u00e4ttigad till full \u00e5terbetalning. Prova v\u00e5r produkt riskfritt och ge din soffa en ny fr\u00e4sch look med fullst\u00e4ndig sinnesfrid.<\/p>\n<p><strong><img decoding=\"async\" style=\"margin-right: 12px;\" src=\"https:\/\/www.ferberpainting.com\/wp-content\/uploads\/2026\/02\/Check.svg\" alt=\"\" width=\"18\" height=\"15\" \/>Exceptionell m\u00e5ngsidighet.<\/strong>\u00a0Den h\u00e4r reng\u00f6ringen \u00e4r inte bara f\u00f6r soffor! Den \u00e4r ocks\u00e5 l\u00e4mplig f\u00f6r f\u00e5t\u00f6ljer, bils\u00e4ten, stoppade stolar, v\u00e4ggbonader, kuddar, mattor och m\u00f6bler i syntetiskt eller \u00e4kta l\u00e4der. Den fungerar perfekt p\u00e5 en m\u00e4ngd olika material, t.ex. bomull, linne, mikrofiber, sammet, fullkornsl\u00e4der, pigmenterat l\u00e4der och konstl\u00e4der, och ger effektiv reng\u00f6ring p\u00e5 alla textil- och l\u00e4derytor.<\/p>\n<p><strong><img decoding=\"async\" style=\"margin-right: 12px;\" src=\"https:\/\/www.ferberpainting.com\/wp-content\/uploads\/2026\/02\/Check.svg\" alt=\"\" width=\"18\" height=\"15\" \/>Ekonomisk effektivitet.<\/strong>\u00a0Med sin 5-litersbeh\u00e5llare och h\u00f6geffektiva formula ger reng\u00f6ringsmedlet enast\u00e5ende t\u00e4ckning. En liten m\u00e4ngd r\u00e4cker f\u00f6r att reng\u00f6ra stora ytor, vilket ger l\u00e5g f\u00f6rbrukning och utm\u00e4rkt v\u00e4rde. I genomsnitt r\u00e4cker en liter f\u00f6r att reng\u00f6ra upp till 50 m\u00b2 tyg eller l\u00e4der, vilket g\u00f6r det till en kostnadseffektiv l\u00f6sning f\u00f6r m\u00f6belv\u00e5rd.<\/p>\n<p><strong><img decoding=\"async\" style=\"margin-right: 12px;\" src=\"https:\/\/www.ferberpainting.com\/wp-content\/uploads\/2026\/02\/Check.svg\" alt=\"\" width=\"18\" height=\"15\" \/>S\u00e4ker att anv\u00e4nda.<\/strong>\u00a0Till skillnad fr\u00e5n starka reng\u00f6ringsmedel inneh\u00e5ller denna produkt inga slipande l\u00f6sningsmedel eller giftiga \u00e4mnen. Den avger inga skadliga \u00e5ngor och orsakar ingen hudirritation n\u00e4r den anv\u00e4nds enligt anvisningarna. Den \u00e4r s\u00e4ker f\u00f6r hush\u00e5llsbruk, \u00e4ven i n\u00e4rheten av barn och husdjur, vilket garanterar en s\u00e4ker och bekymmersfri reng\u00f6ringsupplevelse.<\/p>\n<p><strong><img decoding=\"async\" style=\"margin-right: 12px;\" src=\"https:\/\/www.ferberpainting.com\/wp-content\/uploads\/2026\/02\/Check.svg\" alt=\"\" width=\"18\" height=\"15\" \/>Anv\u00e4ndarv\u00e4nlighet.<\/strong>\u00a0Detta reng\u00f6ringsmedel \u00e4r klart att anv\u00e4nda och kr\u00e4ver ingen utsp\u00e4dning eller komplicerad f\u00f6rberedelse. Applicera helt enkelt direkt p\u00e5 ytan, skrubba f\u00f6rsiktigt och torka av med en ren trasa. Den intuitiva anv\u00e4ndningen g\u00f6r soffv\u00e5rden enkel och effektiv, och den \u00e4r kompatibel med manuell reng\u00f6ring eller reng\u00f6ring med utsugsmaskin f\u00f6r djupare resultat.<\/p>\n<p><strong><img decoding=\"async\" style=\"margin-right: 12px;\" src=\"https:\/\/www.ferberpainting.com\/wp-content\/uploads\/2026\/02\/Check.svg\" alt=\"\" width=\"18\" height=\"15\" \/>Varaktigt skydd.<\/strong>\u00a0Genom att effektivt avl\u00e4gsna smuts och rester f\u00f6rl\u00e4nger detta reng\u00f6ringsmedel livsl\u00e4ngden p\u00e5 tyg- och l\u00e4dersoffor. Det hj\u00e4lper till att f\u00f6rhindra f\u00f6rtida slitage, begr\u00e4nsar dammbildning och skyddar ytor fr\u00e5n milj\u00f6skador. Regelbunden anv\u00e4ndning bibeh\u00e5ller tygets mjukhet och l\u00e4drets elasticitet, vilket bevarar deras ursprungliga utseende i flera \u00e5r.<\/p>\n<p><strong><img decoding=\"async\" style=\"margin-right: 12px;\" src=\"https:\/\/www.ferberpainting.com\/wp-content\/uploads\/2026\/02\/Check.svg\" alt=\"\" width=\"18\" height=\"15\" \/>Snabb \u00e5tg\u00e4rd.<\/strong>\u00a0Tack vare sin reaktiva formula angriper reng\u00f6ringsmedlet fl\u00e4ckar och smuts direkt. Inom n\u00e5gra minuter l\u00f6ser det upp rester och underl\u00e4ttar borttagningen, vilket m\u00f6jligg\u00f6r en effektiv reng\u00f6ring utan l\u00e5nga v\u00e4ntetider. Perfekt f\u00f6r snabb och effektiv uppfr\u00e4schning och hj\u00e4lper till att \u00e5terst\u00e4lla soffans utseende p\u00e5 nolltid.<\/p>\n<h2><strong>Instruktioner f\u00f6r anv\u00e4ndning<\/strong><\/h2>\n<ul>\n<li><strong>F\u00f6rberedelser <\/strong>: Se till att soffan \u00e4r dammfri och fri fr\u00e5n fast skr\u00e4p genom att dammsuga den innan du anv\u00e4nder reng\u00f6ringsmedlet.<\/li>\n<li><strong>Manuell applicering p\u00e5 tyg <\/strong>: Applicera en liten m\u00e4ngd reng\u00f6ringsmedel p\u00e5 en ren trasa, svamp eller mjuk borste och dutta sedan p\u00e5 det omr\u00e5de som ska behandlas utan att bl\u00f6ta f\u00f6r mycket.<\/li>\n<li><strong>Manuell applicering p\u00e5 l\u00e4der <\/strong>: Applicera reng\u00f6ringsmedlet p\u00e5 en mjuk trasa och gnugga f\u00f6rsiktigt ytan med cirkul\u00e4ra r\u00f6relser f\u00f6r att avl\u00e4gsna smuts och \u00e5terst\u00e4lla glansen.<\/li>\n<li><strong>Djupreng\u00f6ring med extraktionsmaskin <\/strong>: Fyll beh\u00e5llaren med outsp\u00e4tt reng\u00f6ringsmedel. Spraya j\u00e4mnt \u00f6ver tyget och dammsug omedelbart f\u00f6r att avl\u00e4gsna uppl\u00f6sta f\u00f6roreningar.<\/li>\n<li><strong>Sk\u00f6ljning och torkning <\/strong>:\n<ul>\n<li>F\u00f6r tyg, torka med en ren, l\u00e4tt fuktad trasa f\u00f6r att ta bort \u00f6verfl\u00f6dig produkt och l\u00e5t lufttorka.<\/li>\n<li>F\u00f6r l\u00e4der, avsluta med en torr trasa efter reng\u00f6ring f\u00f6r optimal glans.<\/li>\n<\/ul>\n<\/li>\n<li><strong>Frekvens av anv\u00e4ndning <\/strong>: Applicera en eller tv\u00e5 g\u00e5nger per m\u00e5nad som regelbundet underh\u00e5ll eller s\u00e5 snart en fl\u00e4ck upptr\u00e4der f\u00f6r att f\u00f6rhindra att den blir permanent.<\/li>\n<li><strong>F\u00f6rvaring <\/strong>: St\u00e4ng beh\u00e5llaren ordentligt efter varje anv\u00e4ndning och f\u00f6rvara den p\u00e5 en sval och torr plats, skyddad fr\u00e5n ljus och extrema temperaturer, f\u00f6r att bevara dess l\u00e5ngsiktiga effektivitet.<\/li>\n<\/ul>\n<p>Med v\u00e5rt reng\u00f6ringsmedel f\u00f6r tyg- och l\u00e4dersoffor \u00e5terst\u00e4ller du glans och renhet till dina m\u00f6bler samtidigt som du f\u00f6rl\u00e4nger deras livsl\u00e4ngd. En kraftfull men \u00e4nd\u00e5 skonsam produkt, effektiv och enkel att anv\u00e4nda f\u00f6r en oklanderligt ren interi\u00f6r.<\/p>","protected":false},"excerpt":{"rendered":"<p>Optimal Effectiveness.\u00a0This fabric and leather sofa cleaner is specially formulated to effectively eliminate stains, embedded dust, and unpleasant odors. Thanks to its powerful formula, it dissolves dirt and revives the appearance of both fabric and leather without damaging them. It penetrates deep into fibers to dislodge food residues, grease, sweat marks, and even stains left [&hellip;]<\/p>\n","protected":false},"featured_media":36216,"comment_status":"open","ping_status":"closed","template":"","meta":{"_uag_custom_page_level_css":"","site-sidebar-layout":"default","site-content-layout":"","ast-site-content-layout":"default","site-content-style":"default","site-sidebar-style":"default","ast-global-header-display":"","ast-banner-title-visibility":"","ast-main-header-display":"","ast-hfb-above-header-display":"","ast-hfb-below-header-display":"","ast-hfb-mobile-header-display":"","site-post-title":"","ast-breadcrumbs-content":"","ast-featured-img":"","footer-sml-layout":"","ast-disable-related-posts":"","theme-transparent-header-meta":"default","adv-header-id-meta":"","stick-header-meta":"","header-above-stick-meta":"","header-main-stick-meta":"","header-below-stick-meta":"","astra-migrate-meta-layouts":"set","ast-page-background-enabled":"default","ast-page-background-meta":{"desktop":{"background-color":"var(--ast-global-color-4)","background-image":"","background-repeat":"repeat","background-position":"center center","background-size":"auto","background-attachment":"scroll","background-type":"","background-media":"","overlay-type":"","overlay-color":"","overlay-opacity":"","overlay-gradient":""},"tablet":{"background-color":"","background-image":"","background-repeat":"repeat","background-position":"center center","background-size":"auto","background-attachment":"scroll","background-type":"","background-media":"","overlay-type":"","overlay-color":"","overlay-opacity":"","overlay-gradient":""},"mobile":{"background-color":"","background-image":"","background-repeat":"repeat","background-position":"center center","background-size":"auto","background-attachment":"scroll","background-type":"","background-media":"","overlay-type":"","overlay-color":"","overlay-opacity":"","overlay-gradient":""}},"ast-content-background-meta":{"desktop":{"background-color":"var(--ast-global-color-5)","background-image":"","background-repeat":"repeat","background-position":"center center","background-size":"auto","background-attachment":"scroll","background-type":"","background-media":"","overlay-type":"","overlay-color":"","overlay-opacity":"","overlay-gradient":""},"tablet":{"background-color":"var(--ast-global-color-5)","background-image":"","background-repeat":"repeat","background-position":"center center","background-size":"auto","background-attachment":"scroll","background-type":"","background-media":"","overlay-type":"","overlay-color":"","overlay-opacity":"","overlay-gradient":""},"mobile":{"background-color":"var(--ast-global-color-5)","background-image":"","background-repeat":"repeat","background-position":"center center","background-size":"auto","background-attachment":"scroll","background-type":"","background-media":"","overlay-type":"","overlay-color":"","overlay-opacity":"","overlay-gradient":""}}},"product_brand":[],"product_cat":[175],"product_tag":[],"class_list":{"0":"post-23781","1":"product","2":"type-product","3":"status-publish","4":"has-post-thumbnail","6":"product_cat-cleaning-products","7":"desktop-align-left","8":"tablet-align-left","9":"mobile-align-left","11":"first","12":"instock","13":"sale","14":"taxable","15":"shipping-taxable","16":"purchasable","17":"product-type-variable","18":"has-default-attributes"},"spectra_custom_meta":{"_visibility":["visible"],"_shopify_product_id":["9101901463797"],"_s2w_shopify_domain":["ferberpainting.myshopify.com"],"_shopify_variant_id":["46614136619253"],"_sku":[""],"_manage_stock":["no"],"total_sales":["24"],"_tax_status":["taxable"],"_tax_class":[""],"_backorders":["no"],"_sold_individually":["no"],"_virtual":["no"],"_downloadable":["no"],"_download_limit":["-1"],"_download_expiry":["-1"],"_stock":[null],"_stock_status":["instock"],"_wc_average_rating":["5.00"],"_wc_review_count":["11"],"_product_attributes":["a:1:{s:6:\"volume\";a:6:{s:4:\"name\";s:6:\"Volume\";s:5:\"value\";s:20:\"5 liters | 25 liters\";s:8:\"position\";i:1;s:10:\"is_visible\";i:0;s:12:\"is_variation\";i:1;s:11:\"is_taxonomy\";i:0;}}"],"_product_version":["10.5.1"],"wpse_downloadable_file_names":[""],"wpse_downloadable_file_urls":[""],"_edit_last":["1"],"_default_attributes":["a:1:{s:6:\"volume\";s:8:\"5 liters\";}"],"_edit_lock":["1771183618:1"],"_price":["29.90","129.90"],"merchant-center-availability":["yes"],"merchant-center-category":["8043"],"_thumbnail_id":["36216"],"_wp_page_template":["default"],"_wp_old_date":["2025-05-26"],"_product_image_gallery":["36217"],"site-sidebar-layout":["default"],"ast-site-content-layout":["default"],"site-content-style":["default"],"site-sidebar-style":["default"],"theme-transparent-header-meta":["default"],"_wc_rating_count":["a:1:{i:5;i:11;}"],"astra-migrate-meta-layouts":["set"],"_uag_css_file_name":["uag-css-23781.css"],"_elementor_page_assets":["a:0:{}"],"_uag_page_assets":["a:9:{s:3:\"css\";s:7133:\".uag-blocks-common-selector{z-index:var(--z-index-desktop) !important}@media(max-width: 976px){.uag-blocks-common-selector{z-index:var(--z-index-tablet) !important}}@media(max-width: 767px){.uag-blocks-common-selector{z-index:var(--z-index-mobile) !important}}.wp-block-uagb-image{display:flex}.wp-block-uagb-image__figure{position:relative;display:flex;flex-direction:column;max-width:100%;height:auto;margin:0}.wp-block-uagb-image__figure img{height:auto;display:flex;max-width:100%;transition:box-shadow .2s ease}.wp-block-uagb-image__figure>a{display:inline-block}.wp-block-uagb-image__figure figcaption{text-align:center;margin-top:.5em;margin-bottom:1em}.wp-block-uagb-image .components-placeholder.block-editor-media-placeholder .components-placeholder__instructions{align-self:center}.wp-block-uagb-image--align-left{text-align:left}.wp-block-uagb-image--align-right{text-align:right}.wp-block-uagb-image--align-center{text-align:center}.wp-block-uagb-image--align-full .wp-block-uagb-image__figure{margin-left:calc(50% - 50vw);margin-right:calc(50% - 50vw);max-width:100vw;width:100vw;height:auto}.wp-block-uagb-image--align-full .wp-block-uagb-image__figure img{height:auto;width:100% !important}.wp-block-uagb-image--align-wide .wp-block-uagb-image__figure img{height:auto;width:100%}.wp-block-uagb-image--layout-overlay__color-wrapper{position:absolute;left:0;top:0;right:0;bottom:0;opacity:.2;background:rgba(0,0,0,.5);transition:opacity .35s ease-in-out}.wp-block-uagb-image--layout-overlay-link{position:absolute;left:0;right:0;bottom:0;top:0}.wp-block-uagb-image--layout-overlay .wp-block-uagb-image__figure:hover .wp-block-uagb-image--layout-overlay__color-wrapper{opacity:1}.wp-block-uagb-image--layout-overlay__inner{position:absolute;left:15px;right:15px;bottom:15px;top:15px;display:flex;align-items:center;justify-content:center;flex-direction:column;border-color:#fff;transition:.35s ease-in-out}.wp-block-uagb-image--layout-overlay__inner.top-left,.wp-block-uagb-image--layout-overlay__inner.top-center,.wp-block-uagb-image--layout-overlay__inner.top-right{justify-content:flex-start}.wp-block-uagb-image--layout-overlay__inner.bottom-left,.wp-block-uagb-image--layout-overlay__inner.bottom-center,.wp-block-uagb-image--layout-overlay__inner.bottom-right{justify-content:flex-end}.wp-block-uagb-image--layout-overlay__inner.top-left,.wp-block-uagb-image--layout-overlay__inner.center-left,.wp-block-uagb-image--layout-overlay__inner.bottom-left{align-items:flex-start}.wp-block-uagb-image--layout-overlay__inner.top-right,.wp-block-uagb-image--layout-overlay__inner.center-right,.wp-block-uagb-image--layout-overlay__inner.bottom-right{align-items:flex-end}.wp-block-uagb-image--layout-overlay__inner .uagb-image-heading{color:#fff;transition:transform .35s,opacity .35s ease-in-out;transform:translate3d(0, 24px, 0);margin:0;line-height:1em}.wp-block-uagb-image--layout-overlay__inner .uagb-image-separator{width:30%;border-top-width:2px;border-top-color:#fff;border-top-style:solid;margin-bottom:10px;opacity:0;transition:transform .4s,opacity .4s ease-in-out;transform:translate3d(0, 30px, 0)}.wp-block-uagb-image--layout-overlay__inner .uagb-image-caption{opacity:0;overflow:visible;color:#fff;transition:transform .45s,opacity .45s ease-in-out;transform:translate3d(0, 35px, 0)}.wp-block-uagb-image--layout-overlay__inner:hover .uagb-image-heading,.wp-block-uagb-image--layout-overlay__inner:hover .uagb-image-separator,.wp-block-uagb-image--layout-overlay__inner:hover .uagb-image-caption{opacity:1;transform:translate3d(0, 0, 0)}.wp-block-uagb-image--effect-zoomin .wp-block-uagb-image__figure img,.wp-block-uagb-image--effect-zoomin .wp-block-uagb-image__figure .wp-block-uagb-image--layout-overlay__color-wrapper{transform:scale(1);transition:transform .35s ease-in-out}.wp-block-uagb-image--effect-zoomin .wp-block-uagb-image__figure:hover img,.wp-block-uagb-image--effect-zoomin .wp-block-uagb-image__figure:hover .wp-block-uagb-image--layout-overlay__color-wrapper{transform:scale(1.05)}.wp-block-uagb-image--effect-slide .wp-block-uagb-image__figure img,.wp-block-uagb-image--effect-slide .wp-block-uagb-image__figure .wp-block-uagb-image--layout-overlay__color-wrapper{width:calc(100% + 40px) !important;max-width:none !important;transform:translate3d(-40px, 0, 0);transition:transform .35s ease-in-out}.wp-block-uagb-image--effect-slide .wp-block-uagb-image__figure:hover img,.wp-block-uagb-image--effect-slide .wp-block-uagb-image__figure:hover .wp-block-uagb-image--layout-overlay__color-wrapper{transform:translate3d(0, 0, 0)}.wp-block-uagb-image--effect-grayscale img{filter:grayscale(0%);transition:.35s ease-in-out}.wp-block-uagb-image--effect-grayscale:hover img{filter:grayscale(100%)}.wp-block-uagb-image--effect-blur img{filter:blur(0);transition:.35s ease-in-out}.wp-block-uagb-image--effect-blur:hover img{filter:blur(3px)}.uagb-block-e6f939b3.wp-block-uagb-image--layout-default figure img{box-shadow: 0px 0px 0 #00000070;}.uagb-block-e6f939b3.wp-block-uagb-image .wp-block-uagb-image__figure figcaption{font-style: normal;align-self: center;}.uagb-block-e6f939b3.wp-block-uagb-image--layout-overlay figure img{box-shadow: 0px 0px 0 #00000070;}.uagb-block-e6f939b3.wp-block-uagb-image--layout-overlay .wp-block-uagb-image--layout-overlay__color-wrapper{opacity: 0.2;}.uagb-block-e6f939b3.wp-block-uagb-image--layout-overlay .wp-block-uagb-image--layout-overlay__inner{left: 15px;right: 15px;top: 15px;bottom: 15px;}.uagb-block-e6f939b3.wp-block-uagb-image--layout-overlay .wp-block-uagb-image--layout-overlay__inner .uagb-image-heading{font-style: normal;color: #fff;opacity: 1;}.uagb-block-e6f939b3.wp-block-uagb-image--layout-overlay .wp-block-uagb-image--layout-overlay__inner .uagb-image-heading a{color: #fff;}.uagb-block-e6f939b3.wp-block-uagb-image--layout-overlay .wp-block-uagb-image--layout-overlay__inner .uagb-image-caption{opacity: 0;}.uagb-block-e6f939b3.wp-block-uagb-image--layout-overlay .wp-block-uagb-image__figure:hover .wp-block-uagb-image--layout-overlay__color-wrapper{opacity: 1;}.uagb-block-e6f939b3.wp-block-uagb-image .wp-block-uagb-image--layout-overlay__inner .uagb-image-separator{width: 30%;border-top-width: 2px;border-top-color: #fff;opacity: 0;}.uagb-block-e6f939b3.wp-block-uagb-image .wp-block-uagb-image__figure img{width: px;height: auto;}.uagb-block-e6f939b3.wp-block-uagb-image .wp-block-uagb-image__figure:hover .wp-block-uagb-image--layout-overlay__inner .uagb-image-caption{opacity: 1;}.uagb-block-e6f939b3.wp-block-uagb-image .wp-block-uagb-image__figure:hover .wp-block-uagb-image--layout-overlay__inner .uagb-image-separator{opacity: 1;}.uagb-block-e6f939b3.wp-block-uagb-image--layout-default figure:hover img{box-shadow: 0px 0px 0 #00000070;}.uagb-block-e6f939b3.wp-block-uagb-image--layout-overlay figure:hover img{box-shadow: 0px 0px 0 #00000070;}@media only screen and (max-width: 976px) {.uagb-block-e6f939b3.wp-block-uagb-image .wp-block-uagb-image__figure img{width: px;height: auto;}}@media only screen and (max-width: 767px) {.uagb-block-e6f939b3.wp-block-uagb-image .wp-block-uagb-image__figure img{width: px;height: auto;}}\";s:2:\"js\";s:0:\"\";s:18:\"current_block_list\";a:13:{i:0;s:11:\"core\/search\";i:1;s:10:\"core\/group\";i:2;s:12:\"core\/heading\";i:3;s:17:\"core\/latest-posts\";i:4;s:20:\"core\/latest-comments\";i:5;s:13:\"core\/archives\";i:6;s:15:\"core\/categories\";i:7;s:14:\"core\/paragraph\";i:8;s:10:\"uagb\/image\";i:9;s:11:\"core\/spacer\";i:10;s:30:\"woocommerce\/product-categories\";i:11;s:10:\"core\/image\";i:12;s:14:\"core\/shortcode\";}s:8:\"uag_flag\";b:1;s:11:\"uag_version\";s:10:\"1777221818\";s:6:\"gfonts\";a:0:{}s:10:\"gfonts_url\";s:0:\"\";s:12:\"gfonts_files\";a:0:{}s:14:\"uag_faq_layout\";b:0;}"]},"uagb_featured_image_src":{"full":["https:\/\/www.ferberpainting.com\/wp-content\/uploads\/2025\/05\/Leather-and-Fabric-Sofa-Cleaner-5L-Mockup-.png",2560,2560,false],"thumbnail":["https:\/\/www.ferberpainting.com\/wp-content\/uploads\/2025\/05\/Leather-and-Fabric-Sofa-Cleaner-5L-Mockup--150x150.png",150,150,true],"medium":["https:\/\/www.ferberpainting.com\/wp-content\/uploads\/2025\/05\/Leather-and-Fabric-Sofa-Cleaner-5L-Mockup--300x300.png",300,300,true],"medium_large":["https:\/\/www.ferberpainting.com\/wp-content\/uploads\/2025\/05\/Leather-and-Fabric-Sofa-Cleaner-5L-Mockup--768x768.png",768,768,true],"large":["https:\/\/www.ferberpainting.com\/wp-content\/uploads\/2025\/05\/Leather-and-Fabric-Sofa-Cleaner-5L-Mockup--1024x1024.png",1024,1024,true],"1536x1536":["https:\/\/www.ferberpainting.com\/wp-content\/uploads\/2025\/05\/Leather-and-Fabric-Sofa-Cleaner-5L-Mockup--1536x1536.png",1536,1536,true],"2048x2048":["https:\/\/www.ferberpainting.com\/wp-content\/uploads\/2025\/05\/Leather-and-Fabric-Sofa-Cleaner-5L-Mockup--2048x2048.png",2048,2048,true],"trp-custom-language-flag":["https:\/\/www.ferberpainting.com\/wp-content\/uploads\/2025\/05\/Leather-and-Fabric-Sofa-Cleaner-5L-Mockup--12x12.png",12,12,true],"woocommerce_thumbnail":["https:\/\/www.ferberpainting.com\/wp-content\/uploads\/2025\/05\/Leather-and-Fabric-Sofa-Cleaner-5L-Mockup--300x300.png",300,300,true],"woocommerce_single":["https:\/\/www.ferberpainting.com\/wp-content\/uploads\/2025\/05\/Leather-and-Fabric-Sofa-Cleaner-5L-Mockup--600x600.png",600,600,true],"woocommerce_gallery_thumbnail":["https:\/\/www.ferberpainting.com\/wp-content\/uploads\/2025\/05\/Leather-and-Fabric-Sofa-Cleaner-5L-Mockup--100x100.png",100,100,true]},"uagb_author_info":{"display_name":"admin","author_link":"https:\/\/www.ferberpainting.com\/se\/author\/"},"uagb_comment_info":11,"uagb_excerpt":"Optimal Effectiveness.\u00a0This fabric and leather sofa cleaner is specially formulated to effectively eliminate stains, embedded dust, and unpleasant odors. Thanks to its powerful formula, it dissolves dirt and revives the appearance of both fabric and leather without damaging them. It penetrates deep into fibers to dislodge food residues, grease, sweat marks, and even stains left&hellip;","_links":{"self":[{"href":"https:\/\/www.ferberpainting.com\/se\/wp-json\/wp\/v2\/product\/23781","targetHints":{"allow":["GET"]}}],"collection":[{"href":"https:\/\/www.ferberpainting.com\/se\/wp-json\/wp\/v2\/product"}],"about":[{"href":"https:\/\/www.ferberpainting.com\/se\/wp-json\/wp\/v2\/types\/product"}],"replies":[{"embeddable":true,"href":"https:\/\/www.ferberpainting.com\/se\/wp-json\/wp\/v2\/comments?post=23781"}],"version-history":[{"count":5,"href":"https:\/\/www.ferberpainting.com\/se\/wp-json\/wp\/v2\/product\/23781\/revisions"}],"predecessor-version":[{"id":166461,"href":"https:\/\/www.ferberpainting.com\/se\/wp-json\/wp\/v2\/product\/23781\/revisions\/166461"}],"wp:featuredmedia":[{"embeddable":true,"href":"https:\/\/www.ferberpainting.com\/se\/wp-json\/wp\/v2\/media\/36216"}],"wp:attachment":[{"href":"https:\/\/www.ferberpainting.com\/se\/wp-json\/wp\/v2\/media?parent=23781"}],"wp:term":[{"taxonomy":"product_brand","embeddable":true,"href":"https:\/\/www.ferberpainting.com\/se\/wp-json\/wp\/v2\/product_brand?post=23781"},{"taxonomy":"product_cat","embeddable":true,"href":"https:\/\/www.ferberpainting.com\/se\/wp-json\/wp\/v2\/product_cat?post=23781"},{"taxonomy":"product_tag","embeddable":true,"href":"https:\/\/www.ferberpainting.com\/se\/wp-json\/wp\/v2\/product_tag?post=23781"}],"curies":[{"name":"wp","href":"https:\/\/api.w.org\/{rel}","templated":true}]}}