{"id":23774,"date":"2025-05-26T10:25:26","date_gmt":"2025-05-26T08:25:26","guid":{"rendered":"https:\/\/www.ferberpainting.com\/products\/kiwi-fertilizer\/"},"modified":"2026-02-15T20:18:56","modified_gmt":"2026-02-15T19:18:56","slug":"kiwi-fertilizer","status":"publish","type":"product","link":"https:\/\/www.ferberpainting.com\/se\/products\/kiwi-fertilizer\/","title":{"rendered":"G\u00f6dsel f\u00f6r kiwi"},"content":{"rendered":"<p><strong><img decoding=\"async\" style=\"margin-right: 12px;\" src=\"https:\/\/www.ferberpainting.com\/wp-content\/uploads\/2026\/02\/Check.svg\" alt=\"\" width=\"18\" height=\"15\" \/>Ett g\u00f6dselmedel som \u00e4r speciellt utformat f\u00f6r att stimulera kiwins tillv\u00e4xt och frukts\u00e4ttning.<\/strong>\u00a0Kiwiodling, oavsett om det \u00e4r Actinidia deliciosa eller Actinidia arguta (h\u00e4rdig kiwi), kr\u00e4ver en balanserad n\u00e4ringstillf\u00f6rsel f\u00f6r att s\u00e4kerst\u00e4lla riklig och smakrik fruktproduktion. Detta NPK 15-15-15-g\u00f6dselmedel ger den perfekta balansen mellan kv\u00e4ve (N), som st\u00f6der blad- och stamtillv\u00e4xt, fosfor (P), som \u00e4r viktigt f\u00f6r djup rotning och riklig blomning, och kalium (K), som st\u00e4rker sjukdomsresistens och f\u00f6rb\u00e4ttrar fruktkvaliteten. Tack vare denna balanserade kombination garanterar detta g\u00f6dselmedel kraftfulla kiwiplantor med s\u00f6tare och st\u00f6rre frukter.<\/p>\n<p><strong><img decoding=\"async\" style=\"margin-right: 12px;\" src=\"https:\/\/www.ferberpainting.com\/wp-content\/uploads\/2026\/02\/Check.svg\" alt=\"\" width=\"18\" height=\"15\" \/>Pengar-tillbaka-garanti.<\/strong>\u00a0Vi \u00e4r \u00f6vertygade om effektiviteten hos v\u00e5rt kiwig\u00f6dselmedel, varf\u00f6r vi erbjuder en pengarna-tillbaka-garanti. Om din v\u00e4xt, efter anv\u00e4ndning enligt rekommendationerna, inte visar n\u00e5gon m\u00e4rkbar f\u00f6rb\u00e4ttring av tillv\u00e4xt, blomning eller fruktproduktion, \u00e5tar vi oss att \u00e5terbetala dig helt. Du kan d\u00e4rf\u00f6r k\u00f6pa den h\u00e4r produkten med fullst\u00e4ndig sinnesfrid och f\u00f6rtroende.<\/p>\n<p><strong><img decoding=\"async\" style=\"margin-right: 12px;\" src=\"https:\/\/www.ferberpainting.com\/wp-content\/uploads\/2026\/02\/Check.svg\" alt=\"\" width=\"18\" height=\"15\" \/>L\u00e4mplig f\u00f6r alla sorter och alla odlingsf\u00f6rh\u00e5llanden.<\/strong>\u00a0Detta g\u00f6dselmedel \u00e4r l\u00e4mpligt f\u00f6r alla kiwisorter, oavsett om de \u00e4r gr\u00f6na, gula eller r\u00f6dk\u00f6ttade, inklusive sj\u00e4lvfertila typer eller de som kr\u00e4ver korspollinering. Det \u00e4r effektivt f\u00f6r v\u00e4xter som odlas p\u00e5 \u00f6ppen mark, i krukor eller planterare, vilket s\u00e4kerst\u00e4ller optimal befruktning oavsett milj\u00f6. Det fungerar ocks\u00e5 f\u00f6r alla typer av jord, oavsett om det \u00e4r lerigt, sandigt eller fuktigt, genom att f\u00f6rb\u00e4ttra markstrukturen och fr\u00e4mja rotens n\u00e4ringsupptag.<\/p>\n<p><strong><img decoding=\"async\" style=\"margin-right: 12px;\" src=\"https:\/\/www.ferberpainting.com\/wp-content\/uploads\/2026\/02\/Check.svg\" alt=\"\" width=\"18\" height=\"15\" \/>Kostnadseffektiv och l\u00e5ngvarig g\u00f6dsling.<\/strong>\u00a0Tack vare den h\u00f6gkoncentrerade flytande formeln kan en 5-litersbeh\u00e5llare f\u00f6rbereda upp till 1000 liter g\u00f6dsell\u00f6sning, vilket s\u00e4kerst\u00e4ller l\u00e5ngsiktig och ekonomisk g\u00f6dsling. Med en exakt dosering p\u00e5 5 ml per liter vatten ger det tillr\u00e4ckligt med n\u00e4rings\u00e4mnen utan \u00f6verskott, vilket optimerar v\u00e4xternas n\u00e4ringsupptag och minimerar f\u00f6rluster genom urlakning. Detta g\u00f6dselmedel kan ge n\u00e4ring till flera v\u00e4xter under en l\u00e5ng period, vilket minskar appliceringskostnaderna.<\/p>\n<p><strong><img decoding=\"async\" style=\"margin-right: 12px;\" src=\"https:\/\/www.ferberpainting.com\/wp-content\/uploads\/2026\/02\/Check.svg\" alt=\"\" width=\"18\" height=\"15\" \/>Ett s\u00e4kert och milj\u00f6v\u00e4nligt g\u00f6dselmedel.<\/strong>\u00a0Detta g\u00f6dselmedel \u00e4r utformat utan aggressiva kemiska produkter och respekterar jordens naturliga balans och fr\u00e4mjar biologisk m\u00e5ngfald. Det inneh\u00e5ller inga giftiga \u00e4mnen som kan skada pollinerande insekter eller mikroorganismer i jorden. Det \u00e4r s\u00e4kert f\u00f6r husdjur och barn, vilket garanterar s\u00e4ker befruktning i din tr\u00e4dg\u00e5rd eller frukttr\u00e4dg\u00e5rd.<\/p>\n<p><strong><img decoding=\"async\" style=\"margin-right: 12px;\" src=\"https:\/\/www.ferberpainting.com\/wp-content\/uploads\/2026\/02\/Check.svg\" alt=\"\" width=\"18\" height=\"15\" \/>Enkel applicering och problemfri g\u00f6dsling.<\/strong>\u00a0Till skillnad fr\u00e5n fasta g\u00f6dselmedel som kr\u00e4ver noggrann spridning, l\u00f6ses detta g\u00f6dselmedel omedelbart i vatten och appliceras enkelt genom vattning eller bladsprutning, vilket s\u00e4kerst\u00e4ller j\u00e4mn n\u00e4ringsf\u00f6rdelning. Den enkla och snabba appliceringsmetoden g\u00f6r det till en idealisk l\u00f6sning f\u00f6r b\u00e5de amat\u00f6rtr\u00e4dg\u00e5rdsm\u00e4stare och erfarna odlare.<\/p>\n<p><strong><img decoding=\"async\" style=\"margin-right: 12px;\" src=\"https:\/\/www.ferberpainting.com\/wp-content\/uploads\/2026\/02\/Check.svg\" alt=\"\" width=\"18\" height=\"15\" \/>L\u00e5ngvarig verkan f\u00f6r optimal tillv\u00e4xt och riklig sk\u00f6rd.<\/strong>\u00a0Tack vare den gradvisa fris\u00e4ttningen av n\u00e4rings\u00e4mnen ger detta g\u00f6dselmedel kiwi n\u00e4ring i flera veckor, vilket st\u00f6der kontinuerlig blomning och riklig frukt. Det hj\u00e4lper ocks\u00e5 till att st\u00e4rka v\u00e4xtens motst\u00e5ndskraft mot sjukdomar, skadedjur och milj\u00f6belastningar som torka eller sen frost.<\/p>\n<p><strong><img decoding=\"async\" style=\"margin-right: 12px;\" src=\"https:\/\/www.ferberpainting.com\/wp-content\/uploads\/2026\/02\/Check.svg\" alt=\"\" width=\"18\" height=\"15\" \/>Synliga resultat inom de f\u00f6rsta veckorna.<\/strong>\u00a0Fr\u00e5n de allra f\u00f6rsta applikationerna stimulerar detta g\u00f6dselmedel uppkomsten av nya skott, intensifierar bladf\u00e4rgen och fr\u00e4mjar rikligare blomning. P\u00e5 bara n\u00e5gra veckor kommer dina kiwiplantor att visa snabbare tillv\u00e4xt, starkare stj\u00e4lkar och fler blommor, vilket garanterar en gener\u00f6s sk\u00f6rd av s\u00f6ta och saftiga frukter.<\/p>\n<h2><strong>Anv\u00e4ndning Protokoll<\/strong><\/h2>\n<p><strong>Utsp\u00e4dning av g\u00f6dselmedel <\/strong>: Blanda 5 ml g\u00f6dselmedel per 1 liter vatten. Skaka l\u00f6sningen f\u00f6re varje applicering f\u00f6r att s\u00e4kerst\u00e4lla en j\u00e4mn f\u00f6rdelning av n\u00e4rings\u00e4mnena.<\/p>\n<p><strong>Till\u00e4mpningsmetod <\/strong>:<\/p>\n<ul>\n<li><strong>Genom att vattna <\/strong>: H\u00e4ll den utsp\u00e4dda l\u00f6sningen direkt vid basen av kiwi-v\u00e4xten och se till att fukta jorden v\u00e4l utan \u00f6verskott f\u00f6r att undvika n\u00e4ringsavrinning.<\/li>\n<li><strong>Genom bladsprutning (valfritt) <\/strong>: Spraya l\u00f6sningen l\u00e4tt p\u00e5 blad och stj\u00e4lkar, tidigt p\u00e5 morgonen eller sent p\u00e5 dagen, f\u00f6r att maximera absorptionen utan risk f\u00f6r \u00f6verdriven avdunstning.<\/li>\n<\/ul>\n<p><strong>Ans\u00f6kningsfrekvens <\/strong>:<\/p>\n<ul>\n<li><strong>Under tillv\u00e4xt- och blomningsperioder (v\u00e5r-sommar) <\/strong>: Applicera g\u00f6dningsmedlet varannan vecka f\u00f6r att s\u00e4kerst\u00e4lla riklig blomning och optimal fruktproduktion.<\/li>\n<li><strong>Under viloperioden (h\u00f6st-vinter)\u00a0<\/strong>: Minska frekvensen till en g\u00e5ng i m\u00e5naden f\u00f6r att bibeh\u00e5lla v\u00e4xtens vitalitet utan att uppmuntra till \u00f6verdriven tillv\u00e4xt.<\/li>\n<\/ul>\n<p><strong>Ytterligare bevattning <\/strong>: Efter applicering av g\u00f6dselmedlet, v\u00e4nta 48 timmar f\u00f6re n\u00e4sta vattning, f\u00f6r att optimera n\u00e4ringsupptaget av r\u00f6tterna.<\/p>\n<p><strong>F\u00f6rsiktighets\u00e5tg\u00e4rder vid anv\u00e4ndning <\/strong>: \u00d6verskrid inte rekommenderade doser f\u00f6r att undvika \u00f6verskott av mineralsalter i jorden, vilket kan bromsa kiwiplantans tillv\u00e4xt. Applicera endast p\u00e5 l\u00e4tt fuktig jord f\u00f6r att s\u00e4kerst\u00e4lla optimal n\u00e4ringsassimilering.<\/p>\n<p><strong>F\u00f6rvaring och konservering <\/strong>: F\u00f6rvara g\u00f6dselmedlet p\u00e5 en sval, torr plats, borta fr\u00e5n ljus och fukt. St\u00e4ng alltid beh\u00e5llaren t\u00e4tt efter varje anv\u00e4ndning f\u00f6r att bevara produktens effektivitet och undvika avdunstning.<\/p>\n<p>Med detta kiwig\u00f6dselmedel kan du ge dina v\u00e4xter fullst\u00e4ndig n\u00e4ring som \u00e4r skr\u00e4ddarsydd f\u00f6r deras specifika behov, vilket s\u00e4kerst\u00e4ller kraftig tillv\u00e4xt, riklig blomning och en gener\u00f6s sk\u00f6rd. Det \u00e4r den perfekta l\u00f6sningen f\u00f6r att odla s\u00f6ta, saftiga och friska kiwis, oavsett om det \u00e4r i ditt v\u00e4xthus, frukttr\u00e4dg\u00e5rd eller tr\u00e4dg\u00e5rd.<\/p>","protected":false},"excerpt":{"rendered":"<p>A fertilizer specially designed to stimulate kiwi growth and fruiting.\u00a0Kiwi cultivation, whether Actinidia deliciosa or Actinidia arguta (hardy kiwi), requires a balanced nutrient supply to ensure abundant and flavorful fruit production. This NPK 15-15-15 fertilizer provides the perfect balance between nitrogen (N), which supports foliage and stem growth, phosphorus (P), essential for deep rooting and [&hellip;]<\/p>\n","protected":false},"featured_media":26242,"comment_status":"open","ping_status":"closed","template":"","meta":{"_uag_custom_page_level_css":"","site-sidebar-layout":"default","site-content-layout":"","ast-site-content-layout":"default","site-content-style":"default","site-sidebar-style":"default","ast-global-header-display":"","ast-banner-title-visibility":"","ast-main-header-display":"","ast-hfb-above-header-display":"","ast-hfb-below-header-display":"","ast-hfb-mobile-header-display":"","site-post-title":"","ast-breadcrumbs-content":"","ast-featured-img":"","footer-sml-layout":"","ast-disable-related-posts":"","theme-transparent-header-meta":"default","adv-header-id-meta":"","stick-header-meta":"","header-above-stick-meta":"","header-main-stick-meta":"","header-below-stick-meta":"","astra-migrate-meta-layouts":"set","ast-page-background-enabled":"default","ast-page-background-meta":{"desktop":{"background-color":"var(--ast-global-color-4)","background-image":"","background-repeat":"repeat","background-position":"center center","background-size":"auto","background-attachment":"scroll","background-type":"","background-media":"","overlay-type":"","overlay-color":"","overlay-opacity":"","overlay-gradient":""},"tablet":{"background-color":"","background-image":"","background-repeat":"repeat","background-position":"center center","background-size":"auto","background-attachment":"scroll","background-type":"","background-media":"","overlay-type":"","overlay-color":"","overlay-opacity":"","overlay-gradient":""},"mobile":{"background-color":"","background-image":"","background-repeat":"repeat","background-position":"center center","background-size":"auto","background-attachment":"scroll","background-type":"","background-media":"","overlay-type":"","overlay-color":"","overlay-opacity":"","overlay-gradient":""}},"ast-content-background-meta":{"desktop":{"background-color":"var(--ast-global-color-5)","background-image":"","background-repeat":"repeat","background-position":"center center","background-size":"auto","background-attachment":"scroll","background-type":"","background-media":"","overlay-type":"","overlay-color":"","overlay-opacity":"","overlay-gradient":""},"tablet":{"background-color":"var(--ast-global-color-5)","background-image":"","background-repeat":"repeat","background-position":"center center","background-size":"auto","background-attachment":"scroll","background-type":"","background-media":"","overlay-type":"","overlay-color":"","overlay-opacity":"","overlay-gradient":""},"mobile":{"background-color":"var(--ast-global-color-5)","background-image":"","background-repeat":"repeat","background-position":"center center","background-size":"auto","background-attachment":"scroll","background-type":"","background-media":"","overlay-type":"","overlay-color":"","overlay-opacity":"","overlay-gradient":""}}},"product_brand":[],"product_cat":[178],"product_tag":[],"class_list":{"0":"post-23774","1":"product","2":"type-product","3":"status-publish","4":"has-post-thumbnail","6":"product_cat-fertilizers","7":"desktop-align-left","8":"tablet-align-left","9":"mobile-align-left","11":"first","12":"instock","13":"sale","14":"shipping-taxable","15":"purchasable","16":"product-type-variable","17":"has-default-attributes"},"spectra_custom_meta":{"_visibility":["visible"],"_shopify_product_id":["9067621056757"],"_s2w_shopify_domain":["ferberpainting.myshopify.com"],"_shopify_variant_id":["46508104810741"],"_sku":[""],"_manage_stock":["no"],"total_sales":["22"],"_tax_status":["taxable"],"_tax_class":[""],"_backorders":["no"],"_sold_individually":["no"],"_virtual":["no"],"_downloadable":["no"],"_download_limit":["-1"],"_download_expiry":["-1"],"_stock":[null],"_stock_status":["instock"],"_wc_average_rating":["4.71"],"_wc_review_count":["7"],"_product_attributes":["a:1:{s:6:\"volume\";a:6:{s:4:\"name\";s:6:\"Volume\";s:5:\"value\";s:20:\"5 liters | 25 liters\";s:8:\"position\";i:1;s:10:\"is_visible\";i:0;s:12:\"is_variation\";i:1;s:11:\"is_taxonomy\";i:0;}}"],"_product_version":["10.5.1"],"_thumbnail_id":["26242"],"_product_image_gallery":["26243"],"wpse_downloadable_file_names":[""],"wpse_downloadable_file_urls":[""],"_edit_last":["1"],"_default_attributes":["a:1:{s:6:\"volume\";s:8:\"5 liters\";}"],"_edit_lock":["1771182999:1"],"_price":["29.90","129.90"],"merchant-center-availability":["yes"],"merchant-center-category":["113"],"_wp_page_template":["default"],"site-sidebar-layout":["default"],"ast-site-content-layout":["default"],"site-content-style":["default"],"site-sidebar-style":["default"],"theme-transparent-header-meta":["default"],"_wc_rating_count":["a:2:{i:4;i:2;i:5;i:5;}"],"astra-migrate-meta-layouts":["set"],"_uag_css_file_name":["uag-css-23774.css"],"_elementor_page_assets":["a:0:{}"],"_uag_page_assets":["a:9:{s:3:\"css\";s:6893:\".wp-block-uagb-image{display:flex}.wp-block-uagb-image__figure{position:relative;display:flex;flex-direction:column;max-width:100%;height:auto;margin:0}.wp-block-uagb-image__figure img{height:auto;display:flex;max-width:100%;transition:box-shadow 0.2s ease}.wp-block-uagb-image__figure>a{display:inline-block}.wp-block-uagb-image__figure figcaption{text-align:center;margin-top:0.5em;margin-bottom:1em}.wp-block-uagb-image .components-placeholder.block-editor-media-placeholder .components-placeholder__instructions{align-self:center}.wp-block-uagb-image--align-left{text-align:left}.wp-block-uagb-image--align-right{text-align:right}.wp-block-uagb-image--align-center{text-align:center}.wp-block-uagb-image--align-full .wp-block-uagb-image__figure{margin-left:calc(50% - 50vw);margin-right:calc(50% - 50vw);max-width:100vw;width:100vw;height:auto}.wp-block-uagb-image--align-full .wp-block-uagb-image__figure img{height:auto;width:100% !important}.wp-block-uagb-image--align-wide .wp-block-uagb-image__figure img{height:auto;width:100%}.wp-block-uagb-image--layout-overlay__color-wrapper{position:absolute;left:0;top:0;right:0;bottom:0;opacity:0.2;background:rgba(0,0,0,0.5);transition:opacity 0.35s ease-in-out}.wp-block-uagb-image--layout-overlay-link{position:absolute;left:0;right:0;bottom:0;top:0}.wp-block-uagb-image--layout-overlay .wp-block-uagb-image__figure:hover .wp-block-uagb-image--layout-overlay__color-wrapper{opacity:1}.wp-block-uagb-image--layout-overlay__inner{position:absolute;left:15px;right:15px;bottom:15px;top:15px;display:flex;align-items:center;justify-content:center;flex-direction:column;border-color:#fff;transition:0.35s ease-in-out}.wp-block-uagb-image--layout-overlay__inner.top-left,.wp-block-uagb-image--layout-overlay__inner.top-center,.wp-block-uagb-image--layout-overlay__inner.top-right{justify-content:flex-start}.wp-block-uagb-image--layout-overlay__inner.bottom-left,.wp-block-uagb-image--layout-overlay__inner.bottom-center,.wp-block-uagb-image--layout-overlay__inner.bottom-right{justify-content:flex-end}.wp-block-uagb-image--layout-overlay__inner.top-left,.wp-block-uagb-image--layout-overlay__inner.center-left,.wp-block-uagb-image--layout-overlay__inner.bottom-left{align-items:flex-start}.wp-block-uagb-image--layout-overlay__inner.top-right,.wp-block-uagb-image--layout-overlay__inner.center-right,.wp-block-uagb-image--layout-overlay__inner.bottom-right{align-items:flex-end}.wp-block-uagb-image--layout-overlay__inner .uagb-image-heading{color:#fff;transition:transform 0.35s, opacity 0.35s ease-in-out;transform:translate3d(0, 24px, 0);margin:0;line-height:1em}.wp-block-uagb-image--layout-overlay__inner .uagb-image-separator{width:30%;border-top-width:2px;border-top-color:#fff;border-top-style:solid;margin-bottom:10px;opacity:0;transition:transform 0.4s, opacity 0.4s ease-in-out;transform:translate3d(0, 30px, 0)}.wp-block-uagb-image--layout-overlay__inner .uagb-image-caption{opacity:0;overflow:visible;color:#fff;transition:transform 0.45s, opacity 0.45s ease-in-out;transform:translate3d(0, 35px, 0)}.wp-block-uagb-image--layout-overlay__inner:hover .uagb-image-heading,.wp-block-uagb-image--layout-overlay__inner:hover .uagb-image-separator,.wp-block-uagb-image--layout-overlay__inner:hover .uagb-image-caption{opacity:1;transform:translate3d(0, 0, 0)}.wp-block-uagb-image--effect-zoomin .wp-block-uagb-image__figure img,.wp-block-uagb-image--effect-zoomin .wp-block-uagb-image__figure .wp-block-uagb-image--layout-overlay__color-wrapper{transform:scale(1);transition:transform 0.35s ease-in-out}.wp-block-uagb-image--effect-zoomin .wp-block-uagb-image__figure:hover img,.wp-block-uagb-image--effect-zoomin .wp-block-uagb-image__figure:hover .wp-block-uagb-image--layout-overlay__color-wrapper{transform:scale(1.05)}.wp-block-uagb-image--effect-slide .wp-block-uagb-image__figure img,.wp-block-uagb-image--effect-slide .wp-block-uagb-image__figure .wp-block-uagb-image--layout-overlay__color-wrapper{width:calc(100% + 40px) !important;max-width:none !important;transform:translate3d(-40px, 0, 0);transition:transform 0.35s ease-in-out}.wp-block-uagb-image--effect-slide .wp-block-uagb-image__figure:hover img,.wp-block-uagb-image--effect-slide .wp-block-uagb-image__figure:hover .wp-block-uagb-image--layout-overlay__color-wrapper{transform:translate3d(0, 0, 0)}.wp-block-uagb-image--effect-grayscale img{filter:grayscale(0%);transition:0.35s ease-in-out}.wp-block-uagb-image--effect-grayscale:hover img{filter:grayscale(100%)}.wp-block-uagb-image--effect-blur img{filter:blur(0);transition:0.35s ease-in-out}.wp-block-uagb-image--effect-blur:hover img{filter:blur(3px)}\n.uagb-block-e6f939b3.wp-block-uagb-image--layout-default figure img{box-shadow: 0px 0px 0 #00000070;}.uagb-block-e6f939b3.wp-block-uagb-image .wp-block-uagb-image__figure figcaption{font-style: normal;align-self: center;}.uagb-block-e6f939b3.wp-block-uagb-image--layout-overlay figure img{box-shadow: 0px 0px 0 #00000070;}.uagb-block-e6f939b3.wp-block-uagb-image--layout-overlay .wp-block-uagb-image--layout-overlay__color-wrapper{opacity: 0.2;}.uagb-block-e6f939b3.wp-block-uagb-image--layout-overlay .wp-block-uagb-image--layout-overlay__inner{left: 15px;right: 15px;top: 15px;bottom: 15px;}.uagb-block-e6f939b3.wp-block-uagb-image--layout-overlay .wp-block-uagb-image--layout-overlay__inner .uagb-image-heading{font-style: normal;color: #fff;opacity: 1;}.uagb-block-e6f939b3.wp-block-uagb-image--layout-overlay .wp-block-uagb-image--layout-overlay__inner .uagb-image-heading a{color: #fff;}.uagb-block-e6f939b3.wp-block-uagb-image--layout-overlay .wp-block-uagb-image--layout-overlay__inner .uagb-image-caption{opacity: 0;}.uagb-block-e6f939b3.wp-block-uagb-image--layout-overlay .wp-block-uagb-image__figure:hover .wp-block-uagb-image--layout-overlay__color-wrapper{opacity: 1;}.uagb-block-e6f939b3.wp-block-uagb-image .wp-block-uagb-image--layout-overlay__inner .uagb-image-separator{width: 30%;border-top-width: 2px;border-top-color: #fff;opacity: 0;}.uagb-block-e6f939b3.wp-block-uagb-image .wp-block-uagb-image__figure img{width: px;height: auto;}.uagb-block-e6f939b3.wp-block-uagb-image .wp-block-uagb-image__figure:hover .wp-block-uagb-image--layout-overlay__inner .uagb-image-caption{opacity: 1;}.uagb-block-e6f939b3.wp-block-uagb-image .wp-block-uagb-image__figure:hover .wp-block-uagb-image--layout-overlay__inner .uagb-image-separator{opacity: 1;}.uagb-block-e6f939b3.wp-block-uagb-image--layout-default figure:hover img{box-shadow: 0px 0px 0 #00000070;}.uagb-block-e6f939b3.wp-block-uagb-image--layout-overlay figure:hover img{box-shadow: 0px 0px 0 #00000070;}@media only screen and (max-width: 976px) {.uagb-block-e6f939b3.wp-block-uagb-image .wp-block-uagb-image__figure img{width: px;height: auto;}}@media only screen and (max-width: 767px) {.uagb-block-e6f939b3.wp-block-uagb-image .wp-block-uagb-image__figure img{width: px;height: auto;}}\";s:2:\"js\";s:0:\"\";s:18:\"current_block_list\";a:13:{i:0;s:11:\"core\/search\";i:1;s:10:\"core\/group\";i:2;s:12:\"core\/heading\";i:3;s:17:\"core\/latest-posts\";i:4;s:20:\"core\/latest-comments\";i:5;s:13:\"core\/archives\";i:6;s:15:\"core\/categories\";i:7;s:14:\"core\/paragraph\";i:8;s:10:\"uagb\/image\";i:9;s:11:\"core\/spacer\";i:10;s:30:\"woocommerce\/product-categories\";i:11;s:10:\"core\/image\";i:12;s:14:\"core\/shortcode\";}s:8:\"uag_flag\";b:1;s:11:\"uag_version\";s:10:\"1775580750\";s:6:\"gfonts\";a:0:{}s:10:\"gfonts_url\";s:0:\"\";s:12:\"gfonts_files\";a:0:{}s:14:\"uag_faq_layout\";b:0;}"]},"uagb_featured_image_src":{"full":["https:\/\/www.ferberpainting.com\/wp-content\/uploads\/2025\/05\/Kiwi_Fertilizer_5L.png",2560,2560,false],"thumbnail":["https:\/\/www.ferberpainting.com\/wp-content\/uploads\/2025\/05\/Kiwi_Fertilizer_5L-150x150.png",150,150,true],"medium":["https:\/\/www.ferberpainting.com\/wp-content\/uploads\/2025\/05\/Kiwi_Fertilizer_5L-300x300.png",300,300,true],"medium_large":["https:\/\/www.ferberpainting.com\/wp-content\/uploads\/2025\/05\/Kiwi_Fertilizer_5L-768x768.png",768,768,true],"large":["https:\/\/www.ferberpainting.com\/wp-content\/uploads\/2025\/05\/Kiwi_Fertilizer_5L-1024x1024.png",1024,1024,true],"1536x1536":["https:\/\/www.ferberpainting.com\/wp-content\/uploads\/2025\/05\/Kiwi_Fertilizer_5L-1536x1536.png",1536,1536,true],"2048x2048":["https:\/\/www.ferberpainting.com\/wp-content\/uploads\/2025\/05\/Kiwi_Fertilizer_5L-2048x2048.png",2048,2048,true],"trp-custom-language-flag":["https:\/\/www.ferberpainting.com\/wp-content\/uploads\/2025\/05\/Kiwi_Fertilizer_5L-12x12.png",12,12,true],"woocommerce_thumbnail":["https:\/\/www.ferberpainting.com\/wp-content\/uploads\/2025\/05\/Kiwi_Fertilizer_5L-300x300.png",300,300,true],"woocommerce_single":["https:\/\/www.ferberpainting.com\/wp-content\/uploads\/2025\/05\/Kiwi_Fertilizer_5L-600x600.png",600,600,true],"woocommerce_gallery_thumbnail":["https:\/\/www.ferberpainting.com\/wp-content\/uploads\/2025\/05\/Kiwi_Fertilizer_5L-100x100.png",100,100,true]},"uagb_author_info":{"display_name":"admin","author_link":"https:\/\/www.ferberpainting.com\/se\/author\/"},"uagb_comment_info":7,"uagb_excerpt":"A fertilizer specially designed to stimulate kiwi growth and fruiting.\u00a0Kiwi cultivation, whether Actinidia deliciosa or Actinidia arguta (hardy kiwi), requires a balanced nutrient supply to ensure abundant and flavorful fruit production. This NPK 15-15-15 fertilizer provides the perfect balance between nitrogen (N), which supports foliage and stem growth, phosphorus (P), essential for deep rooting and&hellip;","_links":{"self":[{"href":"https:\/\/www.ferberpainting.com\/se\/wp-json\/wp\/v2\/product\/23774","targetHints":{"allow":["GET"]}}],"collection":[{"href":"https:\/\/www.ferberpainting.com\/se\/wp-json\/wp\/v2\/product"}],"about":[{"href":"https:\/\/www.ferberpainting.com\/se\/wp-json\/wp\/v2\/types\/product"}],"replies":[{"embeddable":true,"href":"https:\/\/www.ferberpainting.com\/se\/wp-json\/wp\/v2\/comments?post=23774"}],"version-history":[{"count":3,"href":"https:\/\/www.ferberpainting.com\/se\/wp-json\/wp\/v2\/product\/23774\/revisions"}],"predecessor-version":[{"id":166451,"href":"https:\/\/www.ferberpainting.com\/se\/wp-json\/wp\/v2\/product\/23774\/revisions\/166451"}],"wp:featuredmedia":[{"embeddable":true,"href":"https:\/\/www.ferberpainting.com\/se\/wp-json\/wp\/v2\/media\/26242"}],"wp:attachment":[{"href":"https:\/\/www.ferberpainting.com\/se\/wp-json\/wp\/v2\/media?parent=23774"}],"wp:term":[{"taxonomy":"product_brand","embeddable":true,"href":"https:\/\/www.ferberpainting.com\/se\/wp-json\/wp\/v2\/product_brand?post=23774"},{"taxonomy":"product_cat","embeddable":true,"href":"https:\/\/www.ferberpainting.com\/se\/wp-json\/wp\/v2\/product_cat?post=23774"},{"taxonomy":"product_tag","embeddable":true,"href":"https:\/\/www.ferberpainting.com\/se\/wp-json\/wp\/v2\/product_tag?post=23774"}],"curies":[{"name":"wp","href":"https:\/\/api.w.org\/{rel}","templated":true}]}}