{"id":23544,"date":"2025-05-26T10:24:42","date_gmt":"2025-05-26T08:24:42","guid":{"rendered":"https:\/\/www.ferberpainting.com\/products\/hydroponic-fertilizer\/"},"modified":"2026-02-15T19:36:25","modified_gmt":"2026-02-15T18:36:25","slug":"hydroponic-fertilizer","status":"publish","type":"product","link":"https:\/\/www.ferberpainting.com\/se\/products\/hydroponic-fertilizer\/","title":{"rendered":"Hydroponiskt g\u00f6dselmedel"},"content":{"rendered":"<p><strong><img decoding=\"async\" style=\"margin-right: 12px;\" src=\"https:\/\/www.ferberpainting.com\/wp-content\/uploads\/2026\/02\/Check.svg\" alt=\"\" width=\"18\" height=\"15\" \/>Ett g\u00f6dselmedel som \u00e4r speciellt utformat f\u00f6r jordl\u00f6s och hydroponisk odling.<\/strong>\u00a0Hydroponisk odling \u00e4r beroende av exakt n\u00e4ringstillf\u00f6rsel, vilket g\u00f6r att v\u00e4xter kan v\u00e4xa utan jord genom att uteslutande absorbera en skr\u00e4ddarsydd n\u00e4ringsl\u00f6sning. Detta NPK 15-15-15-g\u00f6dselmedel har formulerats speciellt f\u00f6r att tillgodose behoven hos hydroponiska gr\u00f6dor genom att tillhandah\u00e5lla en balanserad tillf\u00f6rsel av kv\u00e4ve (N) f\u00f6r att fr\u00e4mja kraftig vegetativ tillv\u00e4xt, fosfor (P) f\u00f6r effektiv rotning och kalium (K) f\u00f6r att f\u00f6rb\u00e4ttra v\u00e4xternas motst\u00e5ndskraft och produktivitet. Tack vare sin helt vattenl\u00f6sliga flytande formel s\u00e4kerst\u00e4ller den optimalt n\u00e4ringsupptag och snabb, j\u00e4mn v\u00e4xtutveckling utan risk f\u00f6r restuppbyggnad.<\/p>\n<p><strong><img decoding=\"async\" style=\"margin-right: 12px;\" src=\"https:\/\/www.ferberpainting.com\/wp-content\/uploads\/2026\/02\/Check.svg\" alt=\"\" width=\"18\" height=\"15\" \/>Pengar-tillbaka-garanti.<\/strong>\u00a0Vi \u00e4r s\u00e5 \u00f6vertygade om effektiviteten hos v\u00e5rt hydroponiska g\u00f6dselmedel att vi erbjuder en pengarna-tillbaka-garanti. Om dina hydroponiska gr\u00f6dor, efter anv\u00e4ndning enligt rekommendationerna, inte visar f\u00f6rb\u00e4ttringar i tillv\u00e4xt, blomning eller avkastning, lovar vi att \u00e5terbetala dig helt. Denna garanti g\u00f6r att du kan k\u00f6pa den h\u00e4r produkten med fullst\u00e4ndig sinnesfrid.<\/p>\n<p><strong><img decoding=\"async\" style=\"margin-right: 12px;\" src=\"https:\/\/www.ferberpainting.com\/wp-content\/uploads\/2026\/02\/Check.svg\" alt=\"\" width=\"18\" height=\"15\" \/>L\u00e4mplig f\u00f6r alla typer av gr\u00f6dor och hydroponiska system.<\/strong>\u00a0Detta g\u00f6dselmedel \u00e4r l\u00e4mpligt f\u00f6r alla hydroponiska gr\u00f6dor, oavsett om det \u00e4r bladgr\u00f6nsaker (sallad, spenat, basilika), fruktgr\u00f6nsaker (tomater, paprika, jordgubbar), blommor eller till och med inomhusv\u00e4xter som odlas hydroponiskt. Den \u00e4r kompatibel med alla hydroponiska system, inklusive system med kontinuerligt fl\u00f6de, NFT (Nutrient Film Technique), DWC (Deep Water Culture), aeroponics och aquaponics. Det fungerar ocks\u00e5 f\u00f6r gr\u00f6dor som odlas p\u00e5 inerta substrat (stenull, lerstenar, kokos), vilket s\u00e4kerst\u00e4ller fullst\u00e4ndig och effektiv g\u00f6dning.<\/p>\n<p><strong><img decoding=\"async\" style=\"margin-right: 12px;\" src=\"https:\/\/www.ferberpainting.com\/wp-content\/uploads\/2026\/02\/Check.svg\" alt=\"\" width=\"18\" height=\"15\" \/>Ekonomisk avkastning och optimerad g\u00f6dsling.<\/strong>\u00a0Tack vare sin koncentrerade flytande formel ger en 5-litersdunk upp till 1000 liter n\u00e4ringsl\u00f6sning, vilket ger l\u00e5ngvarig och ekonomisk g\u00f6dsling. Med en dosering p\u00e5 5 ml per liter vatten s\u00e4kerst\u00e4ller den fullst\u00e4ndig v\u00e4xtn\u00e4ring utan \u00f6verskott eller urlakning, vilket m\u00f6jligg\u00f6r optimal resurshantering och \u00f6kad l\u00f6nsamhet f\u00f6r odlare.<\/p>\n<p><strong><img decoding=\"async\" style=\"margin-right: 12px;\" src=\"https:\/\/www.ferberpainting.com\/wp-content\/uploads\/2026\/02\/Check.svg\" alt=\"\" width=\"18\" height=\"15\" \/>Ett s\u00e4kert g\u00f6dningsmedel utan risk f\u00f6r gr\u00f6dorna.<\/strong>\u00a0Till skillnad fr\u00e5n fasta g\u00f6dningsmedel som kan orsaka avlagringar och o\u00f6nskade uppbyggnader \u00e4r detta g\u00f6dningsmedel helt vattenl\u00f6sligt, vilket s\u00e4kerst\u00e4ller ett j\u00e4mnt n\u00e4ringsfl\u00f6de i hydroponiska system utan risk f\u00f6r igens\u00e4ttning av pump eller r\u00f6r. Det \u00e4r fritt fr\u00e5n tungmetaller, giftiga tillsatser och komponenter som kan rubba balansen i n\u00e4ringsl\u00f6sningen, vilket garanterar s\u00e4ker och effektiv befruktning.<\/p>\n<p><strong><img decoding=\"async\" style=\"margin-right: 12px;\" src=\"https:\/\/www.ferberpainting.com\/wp-content\/uploads\/2026\/02\/Check.svg\" alt=\"\" width=\"18\" height=\"15\" \/>L\u00e4tt att applicera och enkel att anv\u00e4nda.<\/strong>\u00a0Till skillnad fr\u00e5n traditionella g\u00f6dningsmedel som kr\u00e4ver en komplex blandning l\u00f6ser detta g\u00f6dningsmedel sig snabbt i vatten och integreras direkt i den hydroponiska beh\u00e5llaren, vilket s\u00e4kerst\u00e4ller j\u00e4mn diffusion av n\u00e4rings\u00e4mnen utan extra anstr\u00e4ngning. Den \u00e4r idealisk f\u00f6r b\u00e5de nyb\u00f6rjare och erfarna odlare och erbjuder en enkel, snabb och effektiv befruktningsmetod.<\/p>\n<p><strong><img decoding=\"async\" style=\"margin-right: 12px;\" src=\"https:\/\/www.ferberpainting.com\/wp-content\/uploads\/2026\/02\/Check.svg\" alt=\"\" width=\"18\" height=\"15\" \/>L\u00e5ngvarig verkan f\u00f6r snabbare tillv\u00e4xt och optimerad produktion.<\/strong>\u00a0Tack vare sin balanserade formel och perfekta l\u00f6slighet s\u00e4kerst\u00e4ller detta g\u00f6dselmedel omedelbar fris\u00e4ttning av n\u00e4rings\u00e4mnen, vilket fr\u00e4mjar snabb rotutveckling, kraftig vegetativ tillv\u00e4xt och riklig blomning. Det f\u00f6rb\u00e4ttrar ocks\u00e5 v\u00e4xternas f\u00f6rm\u00e5ga att absorbera vatten och viktiga n\u00e4rings\u00e4mnen, vilket f\u00f6rb\u00e4ttrar deras motst\u00e5ndskraft mot pH-variationer och fluktuationer i det hydroponiska systemet.<\/p>\n<p><strong><img decoding=\"async\" style=\"margin-right: 12px;\" src=\"https:\/\/www.ferberpainting.com\/wp-content\/uploads\/2026\/02\/Check.svg\" alt=\"\" width=\"18\" height=\"15\" \/>Synliga resultat inom de f\u00f6rsta veckorna.<\/strong>\u00a0Fr\u00e5n f\u00f6rsta appliceringen stimulerar detta g\u00f6dningsmedel ny skottbildning, f\u00f6rb\u00e4ttrar rotningen och fr\u00e4mjar j\u00e4mn tillv\u00e4xt. P\u00e5 bara n\u00e5gra veckor visar v\u00e4xterna frodigt bladverk, robusta stj\u00e4lkar och \u00f6kad blom- och fruktproduktion.<\/p>\n<h2><strong>Anv\u00e4ndning Protokoll<\/strong><\/h2>\n<p><strong>Utsp\u00e4dning av g\u00f6dselmedel <\/strong>: Blanda 5 ml g\u00f6dselmedel per 1 liter vatten. Skaka l\u00f6sningen v\u00e4l f\u00f6re varje applicering f\u00f6r att s\u00e4kerst\u00e4lla en j\u00e4mn f\u00f6rdelning av n\u00e4rings\u00e4mnena.<strong><br \/>\nTill\u00e4mpningsmetod <\/strong>:<\/p>\n<ul>\n<li><strong>I ett hydroponiskt system <\/strong>: Tills\u00e4tt den utsp\u00e4dda l\u00f6sningen direkt i beh\u00e5llaren i det hydroponiska systemet och se till att uppr\u00e4tth\u00e5lla en j\u00e4mn cirkulation av n\u00e4rings\u00e4mnen.<\/li>\n<li><strong>Besprutning av blad (valfritt) <\/strong>: Spraya l\u00f6sningen l\u00e4tt p\u00e5 bladen f\u00f6r ytterligare absorption, undvik h\u00f6ga v\u00e4rmetimmar f\u00f6r att begr\u00e4nsa avdunstningen.<\/li>\n<\/ul>\n<p><strong>Ans\u00f6kningsfrekvens <\/strong>:<\/p>\n<ul>\n<li><strong>F\u00f6r odling av v\u00e4xter <\/strong>: Applicera g\u00f6dningsmedlet varje vecka f\u00f6r att s\u00e4kerst\u00e4lla en snabb och h\u00e4lsosam utveckling av bladverk och r\u00f6tter.<\/li>\n<li><strong>F\u00f6r blommande och fruktb\u00e4rande v\u00e4xter <\/strong>: Applicera g\u00f6dselmedlet var 10:e till 15:e dag och uppr\u00e4tth\u00e5ll en god n\u00e4ringsbalans f\u00f6r att optimera blom- och fruktproduktionen.<\/li>\n<\/ul>\n<p><strong>\u00d6vervakning och justering av pH-v\u00e4rde <\/strong>: Efter tills\u00e4ttning av g\u00f6dningsmedlet, kontrollera och justera pH-v\u00e4rdet i n\u00e4ringsl\u00f6sningen f\u00f6r att h\u00e5lla det inom det optimala intervallet f\u00f6r hydroponisk odling (vanligtvis mellan 5,5 och 6,5 beroende p\u00e5 v\u00e4xterna).<\/p>\n<p><strong>Underh\u00e5ll och \u00f6vervakning <\/strong>: Reng\u00f6r pumpar och r\u00f6r regelbundet f\u00f6r att undvika ansamlingar av rester och f\u00f6r att s\u00e4kerst\u00e4lla att det hydroponiska systemet fungerar korrekt.<\/p>\n<p><strong>F\u00f6rsiktighets\u00e5tg\u00e4rder vid anv\u00e4ndning <\/strong>: \u00d6verdosera inte g\u00f6dselmedlet f\u00f6r att undvika \u00f6verskott av mineralsalter i l\u00f6sningen, vilket kan skada v\u00e4xtr\u00f6tterna. F\u00f6rvara produkten p\u00e5 en torr och tempererad plats, borta fr\u00e5n direkt ljus och fukt.<\/p>\n<p><strong>F\u00f6rvaring och konservering <\/strong>: F\u00f6rvara g\u00f6dselmedlet p\u00e5 en sval och torr plats och st\u00e4ng beh\u00e5llaren t\u00e4tt efter varje anv\u00e4ndning f\u00f6r att bevara dess kvalitet och f\u00f6rhindra avdunstning.<\/p>","protected":false},"excerpt":{"rendered":"<p>A fertilizer specially designed for soilless and hydroponic cultivation.\u00a0Hydroponic cultivation relies on precise nutrient feeding, allowing plants to grow without soil by exclusively absorbing a tailored nutrient solution. This NPK 15-15-15 fertilizer has been specially formulated to meet the needs of hydroponic crops by providing a balanced supply of nitrogen (N) to promote vigorous vegetative [&hellip;]<\/p>\n","protected":false},"featured_media":26034,"comment_status":"open","ping_status":"closed","template":"","meta":{"_uag_custom_page_level_css":"","site-sidebar-layout":"default","site-content-layout":"","ast-site-content-layout":"default","site-content-style":"default","site-sidebar-style":"default","ast-global-header-display":"","ast-banner-title-visibility":"","ast-main-header-display":"","ast-hfb-above-header-display":"","ast-hfb-below-header-display":"","ast-hfb-mobile-header-display":"","site-post-title":"","ast-breadcrumbs-content":"","ast-featured-img":"","footer-sml-layout":"","ast-disable-related-posts":"","theme-transparent-header-meta":"default","adv-header-id-meta":"","stick-header-meta":"","header-above-stick-meta":"","header-main-stick-meta":"","header-below-stick-meta":"","astra-migrate-meta-layouts":"set","ast-page-background-enabled":"default","ast-page-background-meta":{"desktop":{"background-color":"var(--ast-global-color-4)","background-image":"","background-repeat":"repeat","background-position":"center center","background-size":"auto","background-attachment":"scroll","background-type":"","background-media":"","overlay-type":"","overlay-color":"","overlay-opacity":"","overlay-gradient":""},"tablet":{"background-color":"","background-image":"","background-repeat":"repeat","background-position":"center center","background-size":"auto","background-attachment":"scroll","background-type":"","background-media":"","overlay-type":"","overlay-color":"","overlay-opacity":"","overlay-gradient":""},"mobile":{"background-color":"","background-image":"","background-repeat":"repeat","background-position":"center center","background-size":"auto","background-attachment":"scroll","background-type":"","background-media":"","overlay-type":"","overlay-color":"","overlay-opacity":"","overlay-gradient":""}},"ast-content-background-meta":{"desktop":{"background-color":"var(--ast-global-color-5)","background-image":"","background-repeat":"repeat","background-position":"center center","background-size":"auto","background-attachment":"scroll","background-type":"","background-media":"","overlay-type":"","overlay-color":"","overlay-opacity":"","overlay-gradient":""},"tablet":{"background-color":"var(--ast-global-color-5)","background-image":"","background-repeat":"repeat","background-position":"center center","background-size":"auto","background-attachment":"scroll","background-type":"","background-media":"","overlay-type":"","overlay-color":"","overlay-opacity":"","overlay-gradient":""},"mobile":{"background-color":"var(--ast-global-color-5)","background-image":"","background-repeat":"repeat","background-position":"center center","background-size":"auto","background-attachment":"scroll","background-type":"","background-media":"","overlay-type":"","overlay-color":"","overlay-opacity":"","overlay-gradient":""}}},"product_brand":[],"product_cat":[178],"product_tag":[],"class_list":{"0":"post-23544","1":"product","2":"type-product","3":"status-publish","4":"has-post-thumbnail","6":"product_cat-fertilizers","7":"desktop-align-left","8":"tablet-align-left","9":"mobile-align-left","11":"first","12":"instock","13":"sale","14":"taxable","15":"shipping-taxable","16":"purchasable","17":"product-type-variable","18":"has-default-attributes"},"spectra_custom_meta":{"_visibility":["visible"],"_shopify_product_id":["9067586420981"],"_s2w_shopify_domain":["ferberpainting.myshopify.com"],"_shopify_variant_id":["46507982192885"],"_sku":[""],"_manage_stock":["no"],"total_sales":["164"],"_tax_status":["taxable"],"_tax_class":[""],"_backorders":["no"],"_sold_individually":["no"],"_virtual":["no"],"_downloadable":["no"],"_download_limit":["-1"],"_download_expiry":["-1"],"_stock":[null],"_stock_status":["instock"],"_wc_average_rating":["4.57"],"_wc_review_count":["7"],"_product_attributes":["a:1:{s:6:\"volume\";a:6:{s:4:\"name\";s:6:\"Volume\";s:5:\"value\";s:20:\"5 liters | 25 liters\";s:8:\"position\";i:1;s:10:\"is_visible\";i:0;s:12:\"is_variation\";i:1;s:11:\"is_taxonomy\";i:0;}}"],"_product_version":["10.5.1"],"_thumbnail_id":["26034"],"_product_image_gallery":["26035"],"wpse_downloadable_file_names":[""],"wpse_downloadable_file_urls":[""],"_edit_last":["1"],"_default_attributes":["a:1:{s:6:\"volume\";s:8:\"5 liters\";}"],"_edit_lock":["1771180448:1"],"_price":["29.90","129.90"],"merchant-center-availability":["yes"],"merchant-center-category":["113"],"_wp_page_template":["default"],"site-sidebar-layout":["default"],"ast-site-content-layout":["default"],"site-content-style":["default"],"site-sidebar-style":["default"],"theme-transparent-header-meta":["default"],"_wc_rating_count":["a:2:{i:4;i:3;i:5;i:4;}"],"astra-migrate-meta-layouts":["set"],"_uag_css_file_name":["uag-css-23544.css"],"_elementor_page_assets":["a:0:{}"],"_uag_page_assets":["a:9:{s:3:\"css\";s:6873:\".wp-block-uagb-image{display:flex}.wp-block-uagb-image__figure{position:relative;display:flex;flex-direction:column;max-width:100%;height:auto;margin:0}.wp-block-uagb-image__figure img{height:auto;display:flex;max-width:100%;transition:box-shadow .2s ease}.wp-block-uagb-image__figure>a{display:inline-block}.wp-block-uagb-image__figure figcaption{text-align:center;margin-top:.5em;margin-bottom:1em}.wp-block-uagb-image .components-placeholder.block-editor-media-placeholder .components-placeholder__instructions{align-self:center}.wp-block-uagb-image--align-left{text-align:left}.wp-block-uagb-image--align-right{text-align:right}.wp-block-uagb-image--align-center{text-align:center}.wp-block-uagb-image--align-full .wp-block-uagb-image__figure{margin-left:calc(50% - 50vw);margin-right:calc(50% - 50vw);max-width:100vw;width:100vw;height:auto}.wp-block-uagb-image--align-full .wp-block-uagb-image__figure img{height:auto;width:100% !important}.wp-block-uagb-image--align-wide .wp-block-uagb-image__figure img{height:auto;width:100%}.wp-block-uagb-image--layout-overlay__color-wrapper{position:absolute;left:0;top:0;right:0;bottom:0;opacity:.2;background:rgba(0,0,0,.5);transition:opacity .35s ease-in-out}.wp-block-uagb-image--layout-overlay-link{position:absolute;left:0;right:0;bottom:0;top:0}.wp-block-uagb-image--layout-overlay .wp-block-uagb-image__figure:hover .wp-block-uagb-image--layout-overlay__color-wrapper{opacity:1}.wp-block-uagb-image--layout-overlay__inner{position:absolute;left:15px;right:15px;bottom:15px;top:15px;display:flex;align-items:center;justify-content:center;flex-direction:column;border-color:#fff;transition:.35s ease-in-out}.wp-block-uagb-image--layout-overlay__inner.top-left,.wp-block-uagb-image--layout-overlay__inner.top-center,.wp-block-uagb-image--layout-overlay__inner.top-right{justify-content:flex-start}.wp-block-uagb-image--layout-overlay__inner.bottom-left,.wp-block-uagb-image--layout-overlay__inner.bottom-center,.wp-block-uagb-image--layout-overlay__inner.bottom-right{justify-content:flex-end}.wp-block-uagb-image--layout-overlay__inner.top-left,.wp-block-uagb-image--layout-overlay__inner.center-left,.wp-block-uagb-image--layout-overlay__inner.bottom-left{align-items:flex-start}.wp-block-uagb-image--layout-overlay__inner.top-right,.wp-block-uagb-image--layout-overlay__inner.center-right,.wp-block-uagb-image--layout-overlay__inner.bottom-right{align-items:flex-end}.wp-block-uagb-image--layout-overlay__inner .uagb-image-heading{color:#fff;transition:transform .35s,opacity .35s ease-in-out;transform:translate3d(0, 24px, 0);margin:0;line-height:1em}.wp-block-uagb-image--layout-overlay__inner .uagb-image-separator{width:30%;border-top-width:2px;border-top-color:#fff;border-top-style:solid;margin-bottom:10px;opacity:0;transition:transform .4s,opacity .4s ease-in-out;transform:translate3d(0, 30px, 0)}.wp-block-uagb-image--layout-overlay__inner .uagb-image-caption{opacity:0;overflow:visible;color:#fff;transition:transform .45s,opacity .45s ease-in-out;transform:translate3d(0, 35px, 0)}.wp-block-uagb-image--layout-overlay__inner:hover .uagb-image-heading,.wp-block-uagb-image--layout-overlay__inner:hover .uagb-image-separator,.wp-block-uagb-image--layout-overlay__inner:hover .uagb-image-caption{opacity:1;transform:translate3d(0, 0, 0)}.wp-block-uagb-image--effect-zoomin .wp-block-uagb-image__figure img,.wp-block-uagb-image--effect-zoomin .wp-block-uagb-image__figure .wp-block-uagb-image--layout-overlay__color-wrapper{transform:scale(1);transition:transform .35s ease-in-out}.wp-block-uagb-image--effect-zoomin .wp-block-uagb-image__figure:hover img,.wp-block-uagb-image--effect-zoomin .wp-block-uagb-image__figure:hover .wp-block-uagb-image--layout-overlay__color-wrapper{transform:scale(1.05)}.wp-block-uagb-image--effect-slide .wp-block-uagb-image__figure img,.wp-block-uagb-image--effect-slide .wp-block-uagb-image__figure .wp-block-uagb-image--layout-overlay__color-wrapper{width:calc(100% + 40px) !important;max-width:none !important;transform:translate3d(-40px, 0, 0);transition:transform .35s ease-in-out}.wp-block-uagb-image--effect-slide .wp-block-uagb-image__figure:hover img,.wp-block-uagb-image--effect-slide .wp-block-uagb-image__figure:hover .wp-block-uagb-image--layout-overlay__color-wrapper{transform:translate3d(0, 0, 0)}.wp-block-uagb-image--effect-grayscale img{filter:grayscale(0%);transition:.35s ease-in-out}.wp-block-uagb-image--effect-grayscale:hover img{filter:grayscale(100%)}.wp-block-uagb-image--effect-blur img{filter:blur(0);transition:.35s ease-in-out}.wp-block-uagb-image--effect-blur:hover img{filter:blur(3px)}.uagb-block-e6f939b3.wp-block-uagb-image--layout-default figure img{box-shadow: 0px 0px 0 #00000070;}.uagb-block-e6f939b3.wp-block-uagb-image .wp-block-uagb-image__figure figcaption{font-style: normal;align-self: center;}.uagb-block-e6f939b3.wp-block-uagb-image--layout-overlay figure img{box-shadow: 0px 0px 0 #00000070;}.uagb-block-e6f939b3.wp-block-uagb-image--layout-overlay .wp-block-uagb-image--layout-overlay__color-wrapper{opacity: 0.2;}.uagb-block-e6f939b3.wp-block-uagb-image--layout-overlay .wp-block-uagb-image--layout-overlay__inner{left: 15px;right: 15px;top: 15px;bottom: 15px;}.uagb-block-e6f939b3.wp-block-uagb-image--layout-overlay .wp-block-uagb-image--layout-overlay__inner .uagb-image-heading{font-style: normal;color: #fff;opacity: 1;}.uagb-block-e6f939b3.wp-block-uagb-image--layout-overlay .wp-block-uagb-image--layout-overlay__inner .uagb-image-heading a{color: #fff;}.uagb-block-e6f939b3.wp-block-uagb-image--layout-overlay .wp-block-uagb-image--layout-overlay__inner .uagb-image-caption{opacity: 0;}.uagb-block-e6f939b3.wp-block-uagb-image--layout-overlay .wp-block-uagb-image__figure:hover .wp-block-uagb-image--layout-overlay__color-wrapper{opacity: 1;}.uagb-block-e6f939b3.wp-block-uagb-image .wp-block-uagb-image--layout-overlay__inner .uagb-image-separator{width: 30%;border-top-width: 2px;border-top-color: #fff;opacity: 0;}.uagb-block-e6f939b3.wp-block-uagb-image .wp-block-uagb-image__figure img{width: px;height: auto;}.uagb-block-e6f939b3.wp-block-uagb-image .wp-block-uagb-image__figure:hover .wp-block-uagb-image--layout-overlay__inner .uagb-image-caption{opacity: 1;}.uagb-block-e6f939b3.wp-block-uagb-image .wp-block-uagb-image__figure:hover .wp-block-uagb-image--layout-overlay__inner .uagb-image-separator{opacity: 1;}.uagb-block-e6f939b3.wp-block-uagb-image--layout-default figure:hover img{box-shadow: 0px 0px 0 #00000070;}.uagb-block-e6f939b3.wp-block-uagb-image--layout-overlay figure:hover img{box-shadow: 0px 0px 0 #00000070;}@media only screen and (max-width: 976px) {.uagb-block-e6f939b3.wp-block-uagb-image .wp-block-uagb-image__figure img{width: px;height: auto;}}@media only screen and (max-width: 767px) {.uagb-block-e6f939b3.wp-block-uagb-image .wp-block-uagb-image__figure img{width: px;height: auto;}}\";s:2:\"js\";s:0:\"\";s:18:\"current_block_list\";a:13:{i:0;s:11:\"core\/search\";i:1;s:10:\"core\/group\";i:2;s:12:\"core\/heading\";i:3;s:17:\"core\/latest-posts\";i:4;s:20:\"core\/latest-comments\";i:5;s:13:\"core\/archives\";i:6;s:15:\"core\/categories\";i:7;s:14:\"core\/paragraph\";i:8;s:10:\"uagb\/image\";i:9;s:11:\"core\/spacer\";i:10;s:30:\"woocommerce\/product-categories\";i:11;s:10:\"core\/image\";i:12;s:14:\"core\/shortcode\";}s:8:\"uag_flag\";b:1;s:11:\"uag_version\";s:10:\"1777316310\";s:6:\"gfonts\";a:0:{}s:10:\"gfonts_url\";s:0:\"\";s:12:\"gfonts_files\";a:0:{}s:14:\"uag_faq_layout\";b:0;}"]},"uagb_featured_image_src":{"full":["https:\/\/www.ferberpainting.com\/wp-content\/uploads\/2025\/05\/HydroponicFertilizer5L.png",2560,2560,false],"thumbnail":["https:\/\/www.ferberpainting.com\/wp-content\/uploads\/2025\/05\/HydroponicFertilizer5L-150x150.png",150,150,true],"medium":["https:\/\/www.ferberpainting.com\/wp-content\/uploads\/2025\/05\/HydroponicFertilizer5L-300x300.png",300,300,true],"medium_large":["https:\/\/www.ferberpainting.com\/wp-content\/uploads\/2025\/05\/HydroponicFertilizer5L-768x768.png",768,768,true],"large":["https:\/\/www.ferberpainting.com\/wp-content\/uploads\/2025\/05\/HydroponicFertilizer5L-1024x1024.png",1024,1024,true],"1536x1536":["https:\/\/www.ferberpainting.com\/wp-content\/uploads\/2025\/05\/HydroponicFertilizer5L-1536x1536.png",1536,1536,true],"2048x2048":["https:\/\/www.ferberpainting.com\/wp-content\/uploads\/2025\/05\/HydroponicFertilizer5L-2048x2048.png",2048,2048,true],"trp-custom-language-flag":["https:\/\/www.ferberpainting.com\/wp-content\/uploads\/2025\/05\/HydroponicFertilizer5L-12x12.png",12,12,true],"woocommerce_thumbnail":["https:\/\/www.ferberpainting.com\/wp-content\/uploads\/2025\/05\/HydroponicFertilizer5L-300x300.png",300,300,true],"woocommerce_single":["https:\/\/www.ferberpainting.com\/wp-content\/uploads\/2025\/05\/HydroponicFertilizer5L-600x600.png",600,600,true],"woocommerce_gallery_thumbnail":["https:\/\/www.ferberpainting.com\/wp-content\/uploads\/2025\/05\/HydroponicFertilizer5L-100x100.png",100,100,true]},"uagb_author_info":{"display_name":"admin","author_link":"https:\/\/www.ferberpainting.com\/se\/author\/"},"uagb_comment_info":7,"uagb_excerpt":"A fertilizer specially designed for soilless and hydroponic cultivation.\u00a0Hydroponic cultivation relies on precise nutrient feeding, allowing plants to grow without soil by exclusively absorbing a tailored nutrient solution. This NPK 15-15-15 fertilizer has been specially formulated to meet the needs of hydroponic crops by providing a balanced supply of nitrogen (N) to promote vigorous vegetative&hellip;","_links":{"self":[{"href":"https:\/\/www.ferberpainting.com\/se\/wp-json\/wp\/v2\/product\/23544","targetHints":{"allow":["GET"]}}],"collection":[{"href":"https:\/\/www.ferberpainting.com\/se\/wp-json\/wp\/v2\/product"}],"about":[{"href":"https:\/\/www.ferberpainting.com\/se\/wp-json\/wp\/v2\/types\/product"}],"replies":[{"embeddable":true,"href":"https:\/\/www.ferberpainting.com\/se\/wp-json\/wp\/v2\/comments?post=23544"}],"version-history":[{"count":4,"href":"https:\/\/www.ferberpainting.com\/se\/wp-json\/wp\/v2\/product\/23544\/revisions"}],"predecessor-version":[{"id":166371,"href":"https:\/\/www.ferberpainting.com\/se\/wp-json\/wp\/v2\/product\/23544\/revisions\/166371"}],"wp:featuredmedia":[{"embeddable":true,"href":"https:\/\/www.ferberpainting.com\/se\/wp-json\/wp\/v2\/media\/26034"}],"wp:attachment":[{"href":"https:\/\/www.ferberpainting.com\/se\/wp-json\/wp\/v2\/media?parent=23544"}],"wp:term":[{"taxonomy":"product_brand","embeddable":true,"href":"https:\/\/www.ferberpainting.com\/se\/wp-json\/wp\/v2\/product_brand?post=23544"},{"taxonomy":"product_cat","embeddable":true,"href":"https:\/\/www.ferberpainting.com\/se\/wp-json\/wp\/v2\/product_cat?post=23544"},{"taxonomy":"product_tag","embeddable":true,"href":"https:\/\/www.ferberpainting.com\/se\/wp-json\/wp\/v2\/product_tag?post=23544"}],"curies":[{"name":"wp","href":"https:\/\/api.w.org\/{rel}","templated":true}]}}