{"id":23543,"date":"2025-05-26T10:24:40","date_gmt":"2025-05-26T08:24:40","guid":{"rendered":"https:\/\/www.ferberpainting.com\/products\/hydrangea-camellia-rhododendron-and-azalea-fertilizer\/"},"modified":"2026-02-15T19:33:47","modified_gmt":"2026-02-15T18:33:47","slug":"hydrangea-camellia-rhododendron-and-azalea-fertilizer","status":"publish","type":"product","link":"https:\/\/www.ferberpainting.com\/se\/products\/hydrangea-camellia-rhododendron-and-azalea-fertilizer\/","title":{"rendered":"G\u00f6dselmedel f\u00f6r hortensia, kamelia, rhododendron och azalea 25 kg"},"content":{"rendered":"<p><strong><img decoding=\"async\" style=\"margin-right: 12px;\" src=\"https:\/\/www.ferberpainting.com\/wp-content\/uploads\/2026\/02\/Check.svg\" alt=\"\" width=\"18\" height=\"15\" \/>Ett balanserat g\u00f6dningsmedel f\u00f6r spektakul\u00e4ra blommor och livfulla bladverk.<\/strong>\u00a0Detta g\u00f6dselmedel \u00e4r speciellt utformat f\u00f6r att tillgodose behoven hos syra\u00e4lskande v\u00e4xter som hortensior, kamelior, rododendron och azaleor. Tack vare NPK 10-10-10-formuleringen ger det en balanserad tillf\u00f6rsel av kv\u00e4ve (N) f\u00f6r att fr\u00e4mja bladtillv\u00e4xt, fosfor (P) f\u00f6r att st\u00e4rka r\u00f6tterna och kalium (K) f\u00f6r att stimulera riklig och l\u00e5ngvarig blomning. Det s\u00e4kerst\u00e4ller friska v\u00e4xter med blommor i intensiva f\u00e4rger och frodigt bladverk under hela s\u00e4songen.<\/p>\n<p><strong><img decoding=\"async\" style=\"margin-right: 12px;\" src=\"https:\/\/www.ferberpainting.com\/wp-content\/uploads\/2026\/02\/Check.svg\" alt=\"\" width=\"18\" height=\"15\" \/>Pengar-tillbaka-garanti.<\/strong>\u00a0Vi \u00e4r \u00f6vertygade om att v\u00e5rt g\u00f6dningsmedel f\u00f6r hortensior, kamelior, rododendron och azaleor \u00e4r effektivt, och d\u00e4rf\u00f6r erbjuder vi en pengarna-tillbaka-garanti. Om dina v\u00e4xter, efter anv\u00e4ndning enligt rekommendationerna, inte visar n\u00e5gon betydande f\u00f6rb\u00e4ttring av blomning, bladverk eller tillv\u00e4xt, \u00e5terbetalar vi dig till fullo, vilket garanterar ett bekymmersfritt k\u00f6p.<\/p>\n<p><strong><img decoding=\"async\" style=\"margin-right: 12px;\" src=\"https:\/\/www.ferberpainting.com\/wp-content\/uploads\/2026\/02\/Check.svg\" alt=\"\" width=\"18\" height=\"15\" \/>L\u00e4mplig f\u00f6r alla sorter och odlingsf\u00f6rh\u00e5llanden.<\/strong>\u00a0Detta g\u00f6dselmedel \u00e4r l\u00e4mpligt f\u00f6r hortensior i alla f\u00e4rger, kamelior i kruka eller utomhus, rhododendron (vintergr\u00f6na och l\u00f6vf\u00e4llande) och b\u00e5de japanska och mollis azaleor. Det \u00e4r effektivt p\u00e5 alla typer av sura och l\u00e4tta jordar, vilket s\u00e4kerst\u00e4ller optimal n\u00e4ringsabsorption och harmonisk v\u00e4xtutveckling, oavsett om det \u00e4r i en tr\u00e4dg\u00e5rd, blomsterrabatt eller planterare.<\/p>\n<p><strong><img decoding=\"async\" style=\"margin-right: 12px;\" src=\"https:\/\/www.ferberpainting.com\/wp-content\/uploads\/2026\/02\/Check.svg\" alt=\"\" width=\"18\" height=\"15\" \/>Kostnadseffektiv och l\u00e5ngvarig g\u00f6dsling.<\/strong>\u00a0Tack vare sin sammans\u00e4ttning frig\u00f6rs detta g\u00f6dselmedel l\u00e5ngsamt och ger gradvis g\u00f6dsling under flera veckor. En p\u00e5se p\u00e5 25 kg r\u00e4cker till upp till 125 buskar, med en rekommenderad dos p\u00e5 200 g per planta. Denna kostnadseffektiva l\u00f6sning minskar appliceringsfrekvensen samtidigt som den ger kontinuerlig, skr\u00e4ddarsydd n\u00e4ring till dina v\u00e4xter.<\/p>\n<p><strong><img decoding=\"async\" style=\"margin-right: 12px;\" src=\"https:\/\/www.ferberpainting.com\/wp-content\/uploads\/2026\/02\/Check.svg\" alt=\"\" width=\"18\" height=\"15\" \/>Ett s\u00e4kert och milj\u00f6v\u00e4nligt g\u00f6dselmedel.<\/strong>\u00a0Detta g\u00f6dselmedel \u00e4r ofarligt f\u00f6r jord, fauna och flora, vilket s\u00e4kerst\u00e4ller en mild och gradvis g\u00f6dsling som respekterar tr\u00e4dg\u00e5rdens naturliga ekosystem. Det hj\u00e4lper ocks\u00e5 till att f\u00f6rb\u00e4ttra markstrukturen och n\u00e4ringsretentionen, vilket s\u00e4kerst\u00e4ller b\u00e4ttre absorption av r\u00f6tter och \u00f6kad motst\u00e5ndskraft mot sjukdomar och milj\u00f6stress hos kamelior och andra syra\u00e4lskande v\u00e4xter.<\/p>\n<p><strong><img decoding=\"async\" style=\"margin-right: 12px;\" src=\"https:\/\/www.ferberpainting.com\/wp-content\/uploads\/2026\/02\/Check.svg\" alt=\"\" width=\"18\" height=\"15\" \/>L\u00e4tt att applicera och enkel g\u00f6dsling.<\/strong>\u00a0Till skillnad fr\u00e5n flytande g\u00f6dselmedel som kr\u00e4ver utsp\u00e4dning kan detta g\u00f6dselmedel appliceras direkt p\u00e5 jorden utan komplexa f\u00f6rberedelser. Sprid helt enkelt ut det runt plantans bas och blanda f\u00f6rsiktigt ner det i jorden f\u00f6r att s\u00e4kerst\u00e4lla optimal spridning av n\u00e4rings\u00e4mnen. Den snabba och effektiva appliceringsmetoden \u00e4r ocks\u00e5 idealisk f\u00f6r amat\u00f6r- och professionella tr\u00e4dg\u00e5rdsm\u00e4stare.<\/p>\n<p><strong><img decoding=\"async\" style=\"margin-right: 12px;\" src=\"https:\/\/www.ferberpainting.com\/wp-content\/uploads\/2026\/02\/Check.svg\" alt=\"\" width=\"18\" height=\"15\" \/>L\u00e5ngvarig effekt f\u00f6r livlig blomning och starkare motst\u00e5ndskraft.<\/strong>\u00a0Tack vare sin l\u00e5ngvariga effekt ger detta g\u00f6dselmedel n\u00e4ring till v\u00e4xter i flera veckor, vilket fr\u00e4mjar regelbunden tillv\u00e4xt och spektakul\u00e4r blomning. Det st\u00e4rker ocks\u00e5 buskstrukturen, g\u00f6r stj\u00e4lkarna kraftigare och l\u00f6vverket t\u00e4tare, samtidigt som det f\u00f6rb\u00e4ttrar motst\u00e5ndskraften mot vanliga sjukdomar som drabbar syra\u00e4lskande v\u00e4xter.<\/p>\n<p><strong><img decoding=\"async\" style=\"margin-right: 12px;\" src=\"https:\/\/www.ferberpainting.com\/wp-content\/uploads\/2026\/02\/Check.svg\" alt=\"\" width=\"18\" height=\"15\" \/>Synliga resultat inom de f\u00f6rsta veckorna.<\/strong>\u00a0Vid applicering stimulerar detta g\u00f6dselmedel bildandet av nya blomknoppar, intensifierar blommaf\u00e4rgen och f\u00f6rb\u00e4ttrar l\u00f6vdensiteten. Inom bara n\u00e5gra veckor verkar v\u00e4xterna mer kraftfulla, med t\u00e4tare l\u00f6vverk och mer rikliga, l\u00e5ngvariga blommor, vilket garanterar en mer levande och spektakul\u00e4r tr\u00e4dg\u00e5rd.<\/p>\n<h2>Anv\u00e4ndningsprotokoll<\/h2>\n<p><strong>Ans\u00f6kningsperiod <\/strong>: Applicera tre g\u00e5nger per \u00e5r, i b\u00f6rjan av v\u00e5ren (mars-april), f\u00f6rsommaren (juni-juli) och sensommaren (september-oktober), f\u00f6r att s\u00e4kerst\u00e4lla en balanserad tillv\u00e4xt och kontinuerlig blomning.<\/p>\n<p><strong>Rekommenderad dosering <\/strong>: F\u00f6rdela 200 g g\u00f6dningsmedel per buske, eller cirka tv\u00e5 stora handfullar, och justera n\u00e5got beroende p\u00e5 v\u00e4xtens storlek och \u00e5lder.<\/p>\n<p><strong>Till\u00e4mpningsmetod <\/strong>:<\/p>\n<ul>\n<li><strong>Spridning av jord <\/strong>: Sprid g\u00f6dselmedlet i en cirkel runt plantans bas, cirka 30 till 50 cm fr\u00e5n stammen, s\u00e5 att r\u00f6tterna gradvis kan absorbera n\u00e4rings\u00e4mnena.<\/li>\n<li><strong>L\u00e4tt inkorporering <\/strong>: Blanda g\u00f6dselmedlet l\u00e4tt med en kratta eller hacka i det \u00f6versta jordlagret (2 till 5 cm djupt) f\u00f6r att fr\u00e4mja optimal n\u00e4ringsspridning.<\/li>\n<\/ul>\n<p><strong>Bevattning efter applicering <\/strong>: Vattna noggrant efter spridning f\u00f6r att aktivera n\u00e4ringsfris\u00e4ttning och s\u00e4kerst\u00e4lla snabb absorption av r\u00f6tterna. Under torra perioder, beh\u00e5ll regelbunden vattning f\u00f6r att optimera g\u00f6dningsmedlets effektivitet.<\/p>\n<p><strong>Underh\u00e5ll och uppf\u00f6ljning <\/strong>: F\u00f6r krukv\u00e4xter eller v\u00e4xter i planteringsk\u00e4rl kan en extra applicering g\u00f6ras i mitten av sommaren (juli-augusti) f\u00f6r att \u00f6ka blomningen och f\u00f6rhindra att stj\u00e4lkar och blommor f\u00f6rsvagas.<\/p>\n<p><strong>F\u00f6rsiktighets\u00e5tg\u00e4rder vid anv\u00e4ndning <\/strong>: \u00d6verskrid inte de rekommenderade doserna f\u00f6r att undvika \u00f6verskott av n\u00e4rings\u00e4mnen, vilket kan orsaka \u00f6verv\u00e4xt av bladverk p\u00e5 bekostnad av blomningen. Applicera inte p\u00e5 frusen mark eller under intensiv torka utan extra vattning.<\/p>\n<p><strong>F\u00f6rvaring och konservering <\/strong>: F\u00f6rvara g\u00f6dselmedlet p\u00e5 en sval, torr plats, borta fr\u00e5n fukt och solljus. \u00c5terf\u00f6rslut p\u00e5sen noggrant efter varje anv\u00e4ndning f\u00f6r att bevara produktkvaliteten och f\u00f6rhindra fuktabsorption.<\/p>\n<p>Med detta g\u00f6dningsmedel f\u00f6r hortensior, kamelior, rhododendron och azaleor f\u00e5r dina v\u00e4xter en balanserad och kraftig tillv\u00e4xt, vilket resulterar i en spektakul\u00e4r blomning och ett livfullt bladverk. Det \u00e4r den perfekta l\u00f6sningen f\u00f6r att s\u00e4kerst\u00e4lla en frodig och f\u00e4rgstark tr\u00e4dg\u00e5rd under hela \u00e5ret, med buskar i perfekt h\u00e4lsa och ut\u00f6kad blomning s\u00e4song efter s\u00e4song.<\/p>","protected":false},"excerpt":{"rendered":"<p>A balanced fertilizer for spectacular blooms and vibrant foliage.\u00a0This fertilizer is specially designed to meet the needs of acid-loving plants such as hydrangeas, camellias, rhododendrons, and azaleas. Thanks to its NPK 10-10-10 formulation, it provides a balanced supply of nitrogen (N) to promote foliage growth, phosphorus (P) to strengthen roots, and potassium (K) to stimulate [&hellip;]<\/p>\n","protected":false},"featured_media":26033,"comment_status":"open","ping_status":"closed","template":"","meta":{"_uag_custom_page_level_css":"","site-sidebar-layout":"default","site-content-layout":"","ast-site-content-layout":"default","site-content-style":"default","site-sidebar-style":"default","ast-global-header-display":"","ast-banner-title-visibility":"","ast-main-header-display":"","ast-hfb-above-header-display":"","ast-hfb-below-header-display":"","ast-hfb-mobile-header-display":"","site-post-title":"","ast-breadcrumbs-content":"","ast-featured-img":"","footer-sml-layout":"","ast-disable-related-posts":"","theme-transparent-header-meta":"default","adv-header-id-meta":"","stick-header-meta":"","header-above-stick-meta":"","header-main-stick-meta":"","header-below-stick-meta":"","astra-migrate-meta-layouts":"set","ast-page-background-enabled":"default","ast-page-background-meta":{"desktop":{"background-color":"var(--ast-global-color-4)","background-image":"","background-repeat":"repeat","background-position":"center center","background-size":"auto","background-attachment":"scroll","background-type":"","background-media":"","overlay-type":"","overlay-color":"","overlay-opacity":"","overlay-gradient":""},"tablet":{"background-color":"","background-image":"","background-repeat":"repeat","background-position":"center center","background-size":"auto","background-attachment":"scroll","background-type":"","background-media":"","overlay-type":"","overlay-color":"","overlay-opacity":"","overlay-gradient":""},"mobile":{"background-color":"","background-image":"","background-repeat":"repeat","background-position":"center center","background-size":"auto","background-attachment":"scroll","background-type":"","background-media":"","overlay-type":"","overlay-color":"","overlay-opacity":"","overlay-gradient":""}},"ast-content-background-meta":{"desktop":{"background-color":"var(--ast-global-color-5)","background-image":"","background-repeat":"repeat","background-position":"center center","background-size":"auto","background-attachment":"scroll","background-type":"","background-media":"","overlay-type":"","overlay-color":"","overlay-opacity":"","overlay-gradient":""},"tablet":{"background-color":"var(--ast-global-color-5)","background-image":"","background-repeat":"repeat","background-position":"center center","background-size":"auto","background-attachment":"scroll","background-type":"","background-media":"","overlay-type":"","overlay-color":"","overlay-opacity":"","overlay-gradient":""},"mobile":{"background-color":"var(--ast-global-color-5)","background-image":"","background-repeat":"repeat","background-position":"center center","background-size":"auto","background-attachment":"scroll","background-type":"","background-media":"","overlay-type":"","overlay-color":"","overlay-opacity":"","overlay-gradient":""}}},"product_brand":[],"product_cat":[178],"product_tag":[],"class_list":{"0":"post-23543","1":"product","2":"type-product","3":"status-publish","4":"has-post-thumbnail","6":"product_cat-fertilizers","7":"desktop-align-left","8":"tablet-align-left","9":"mobile-align-left","11":"first","12":"instock","13":"taxable","14":"shipping-taxable","15":"purchasable","16":"product-type-simple"},"spectra_custom_meta":{"_visibility":["visible"],"_shopify_product_id":["9066128834805"],"_s2w_shopify_domain":["ferberpainting.myshopify.com"],"_shopify_variant_id":["46501909594357"],"_sku":["FPHYDRANGEACAMELLIARHODODENDRONANDAZALEAFERTILIZER25KG"],"_regular_price":["39.90"],"_price":["39.90"],"_sale_price":[""],"_weight":["18.5"],"_thumbnail_id":["26033"],"_global_unique_id":["5056773817197"],"total_sales":["3"],"_tax_status":["taxable"],"_tax_class":[""],"_manage_stock":["no"],"_backorders":["no"],"_sold_individually":["no"],"_virtual":["no"],"_downloadable":["no"],"_download_limit":["-1"],"_download_expiry":["-1"],"_stock":[null],"_stock_status":["instock"],"_wc_average_rating":["5.00"],"_wc_review_count":["9"],"_product_version":["10.5.1"],"_wc_rating_count":["a:1:{i:5;i:9;}"],"_edit_lock":["1771180301:1"],"merchant-center-availability":["yes"],"merchant-center-category":["113"],"_edit_last":["1"],"_wp_page_template":["default"],"site-sidebar-layout":["default"],"ast-site-content-layout":["default"],"site-content-style":["default"],"site-sidebar-style":["default"],"theme-transparent-header-meta":["default"],"astra-migrate-meta-layouts":["set"],"_uag_css_file_name":["uag-css-23543.css"],"_elementor_page_assets":["a:0:{}"],"_uag_page_assets":["a:9:{s:3:\"css\";s:7133:\".uag-blocks-common-selector{z-index:var(--z-index-desktop) !important}@media(max-width: 976px){.uag-blocks-common-selector{z-index:var(--z-index-tablet) !important}}@media(max-width: 767px){.uag-blocks-common-selector{z-index:var(--z-index-mobile) !important}}.wp-block-uagb-image{display:flex}.wp-block-uagb-image__figure{position:relative;display:flex;flex-direction:column;max-width:100%;height:auto;margin:0}.wp-block-uagb-image__figure img{height:auto;display:flex;max-width:100%;transition:box-shadow .2s ease}.wp-block-uagb-image__figure>a{display:inline-block}.wp-block-uagb-image__figure figcaption{text-align:center;margin-top:.5em;margin-bottom:1em}.wp-block-uagb-image .components-placeholder.block-editor-media-placeholder .components-placeholder__instructions{align-self:center}.wp-block-uagb-image--align-left{text-align:left}.wp-block-uagb-image--align-right{text-align:right}.wp-block-uagb-image--align-center{text-align:center}.wp-block-uagb-image--align-full .wp-block-uagb-image__figure{margin-left:calc(50% - 50vw);margin-right:calc(50% - 50vw);max-width:100vw;width:100vw;height:auto}.wp-block-uagb-image--align-full .wp-block-uagb-image__figure img{height:auto;width:100% !important}.wp-block-uagb-image--align-wide .wp-block-uagb-image__figure img{height:auto;width:100%}.wp-block-uagb-image--layout-overlay__color-wrapper{position:absolute;left:0;top:0;right:0;bottom:0;opacity:.2;background:rgba(0,0,0,.5);transition:opacity .35s ease-in-out}.wp-block-uagb-image--layout-overlay-link{position:absolute;left:0;right:0;bottom:0;top:0}.wp-block-uagb-image--layout-overlay .wp-block-uagb-image__figure:hover .wp-block-uagb-image--layout-overlay__color-wrapper{opacity:1}.wp-block-uagb-image--layout-overlay__inner{position:absolute;left:15px;right:15px;bottom:15px;top:15px;display:flex;align-items:center;justify-content:center;flex-direction:column;border-color:#fff;transition:.35s ease-in-out}.wp-block-uagb-image--layout-overlay__inner.top-left,.wp-block-uagb-image--layout-overlay__inner.top-center,.wp-block-uagb-image--layout-overlay__inner.top-right{justify-content:flex-start}.wp-block-uagb-image--layout-overlay__inner.bottom-left,.wp-block-uagb-image--layout-overlay__inner.bottom-center,.wp-block-uagb-image--layout-overlay__inner.bottom-right{justify-content:flex-end}.wp-block-uagb-image--layout-overlay__inner.top-left,.wp-block-uagb-image--layout-overlay__inner.center-left,.wp-block-uagb-image--layout-overlay__inner.bottom-left{align-items:flex-start}.wp-block-uagb-image--layout-overlay__inner.top-right,.wp-block-uagb-image--layout-overlay__inner.center-right,.wp-block-uagb-image--layout-overlay__inner.bottom-right{align-items:flex-end}.wp-block-uagb-image--layout-overlay__inner .uagb-image-heading{color:#fff;transition:transform .35s,opacity .35s ease-in-out;transform:translate3d(0, 24px, 0);margin:0;line-height:1em}.wp-block-uagb-image--layout-overlay__inner .uagb-image-separator{width:30%;border-top-width:2px;border-top-color:#fff;border-top-style:solid;margin-bottom:10px;opacity:0;transition:transform .4s,opacity .4s ease-in-out;transform:translate3d(0, 30px, 0)}.wp-block-uagb-image--layout-overlay__inner .uagb-image-caption{opacity:0;overflow:visible;color:#fff;transition:transform .45s,opacity .45s ease-in-out;transform:translate3d(0, 35px, 0)}.wp-block-uagb-image--layout-overlay__inner:hover .uagb-image-heading,.wp-block-uagb-image--layout-overlay__inner:hover .uagb-image-separator,.wp-block-uagb-image--layout-overlay__inner:hover .uagb-image-caption{opacity:1;transform:translate3d(0, 0, 0)}.wp-block-uagb-image--effect-zoomin .wp-block-uagb-image__figure img,.wp-block-uagb-image--effect-zoomin .wp-block-uagb-image__figure .wp-block-uagb-image--layout-overlay__color-wrapper{transform:scale(1);transition:transform .35s ease-in-out}.wp-block-uagb-image--effect-zoomin .wp-block-uagb-image__figure:hover img,.wp-block-uagb-image--effect-zoomin .wp-block-uagb-image__figure:hover .wp-block-uagb-image--layout-overlay__color-wrapper{transform:scale(1.05)}.wp-block-uagb-image--effect-slide .wp-block-uagb-image__figure img,.wp-block-uagb-image--effect-slide .wp-block-uagb-image__figure .wp-block-uagb-image--layout-overlay__color-wrapper{width:calc(100% + 40px) !important;max-width:none !important;transform:translate3d(-40px, 0, 0);transition:transform .35s ease-in-out}.wp-block-uagb-image--effect-slide .wp-block-uagb-image__figure:hover img,.wp-block-uagb-image--effect-slide .wp-block-uagb-image__figure:hover .wp-block-uagb-image--layout-overlay__color-wrapper{transform:translate3d(0, 0, 0)}.wp-block-uagb-image--effect-grayscale img{filter:grayscale(0%);transition:.35s ease-in-out}.wp-block-uagb-image--effect-grayscale:hover img{filter:grayscale(100%)}.wp-block-uagb-image--effect-blur img{filter:blur(0);transition:.35s ease-in-out}.wp-block-uagb-image--effect-blur:hover img{filter:blur(3px)}.uagb-block-e6f939b3.wp-block-uagb-image--layout-default figure img{box-shadow: 0px 0px 0 #00000070;}.uagb-block-e6f939b3.wp-block-uagb-image .wp-block-uagb-image__figure figcaption{font-style: normal;align-self: center;}.uagb-block-e6f939b3.wp-block-uagb-image--layout-overlay figure img{box-shadow: 0px 0px 0 #00000070;}.uagb-block-e6f939b3.wp-block-uagb-image--layout-overlay .wp-block-uagb-image--layout-overlay__color-wrapper{opacity: 0.2;}.uagb-block-e6f939b3.wp-block-uagb-image--layout-overlay .wp-block-uagb-image--layout-overlay__inner{left: 15px;right: 15px;top: 15px;bottom: 15px;}.uagb-block-e6f939b3.wp-block-uagb-image--layout-overlay .wp-block-uagb-image--layout-overlay__inner .uagb-image-heading{font-style: normal;color: #fff;opacity: 1;}.uagb-block-e6f939b3.wp-block-uagb-image--layout-overlay .wp-block-uagb-image--layout-overlay__inner .uagb-image-heading a{color: #fff;}.uagb-block-e6f939b3.wp-block-uagb-image--layout-overlay .wp-block-uagb-image--layout-overlay__inner .uagb-image-caption{opacity: 0;}.uagb-block-e6f939b3.wp-block-uagb-image--layout-overlay .wp-block-uagb-image__figure:hover .wp-block-uagb-image--layout-overlay__color-wrapper{opacity: 1;}.uagb-block-e6f939b3.wp-block-uagb-image .wp-block-uagb-image--layout-overlay__inner .uagb-image-separator{width: 30%;border-top-width: 2px;border-top-color: #fff;opacity: 0;}.uagb-block-e6f939b3.wp-block-uagb-image .wp-block-uagb-image__figure img{width: px;height: auto;}.uagb-block-e6f939b3.wp-block-uagb-image .wp-block-uagb-image__figure:hover .wp-block-uagb-image--layout-overlay__inner .uagb-image-caption{opacity: 1;}.uagb-block-e6f939b3.wp-block-uagb-image .wp-block-uagb-image__figure:hover .wp-block-uagb-image--layout-overlay__inner .uagb-image-separator{opacity: 1;}.uagb-block-e6f939b3.wp-block-uagb-image--layout-default figure:hover img{box-shadow: 0px 0px 0 #00000070;}.uagb-block-e6f939b3.wp-block-uagb-image--layout-overlay figure:hover img{box-shadow: 0px 0px 0 #00000070;}@media only screen and (max-width: 976px) {.uagb-block-e6f939b3.wp-block-uagb-image .wp-block-uagb-image__figure img{width: px;height: auto;}}@media only screen and (max-width: 767px) {.uagb-block-e6f939b3.wp-block-uagb-image .wp-block-uagb-image__figure img{width: px;height: auto;}}\";s:2:\"js\";s:0:\"\";s:18:\"current_block_list\";a:13:{i:0;s:11:\"core\/search\";i:1;s:10:\"core\/group\";i:2;s:12:\"core\/heading\";i:3;s:17:\"core\/latest-posts\";i:4;s:20:\"core\/latest-comments\";i:5;s:13:\"core\/archives\";i:6;s:15:\"core\/categories\";i:7;s:14:\"core\/paragraph\";i:8;s:10:\"uagb\/image\";i:9;s:11:\"core\/spacer\";i:10;s:30:\"woocommerce\/product-categories\";i:11;s:10:\"core\/image\";i:12;s:14:\"core\/shortcode\";}s:8:\"uag_flag\";b:1;s:11:\"uag_version\";s:10:\"1777222089\";s:6:\"gfonts\";a:0:{}s:10:\"gfonts_url\";s:0:\"\";s:12:\"gfonts_files\";a:0:{}s:14:\"uag_faq_layout\";b:0;}"]},"uagb_featured_image_src":{"full":["https:\/\/www.ferberpainting.com\/wp-content\/uploads\/2025\/05\/Hydrangea_Camellia_Rhododendron_andAzaleaFertilizer.png",2560,2560,false],"thumbnail":["https:\/\/www.ferberpainting.com\/wp-content\/uploads\/2025\/05\/Hydrangea_Camellia_Rhododendron_andAzaleaFertilizer-150x150.png",150,150,true],"medium":["https:\/\/www.ferberpainting.com\/wp-content\/uploads\/2025\/05\/Hydrangea_Camellia_Rhododendron_andAzaleaFertilizer-300x300.png",300,300,true],"medium_large":["https:\/\/www.ferberpainting.com\/wp-content\/uploads\/2025\/05\/Hydrangea_Camellia_Rhododendron_andAzaleaFertilizer-768x768.png",768,768,true],"large":["https:\/\/www.ferberpainting.com\/wp-content\/uploads\/2025\/05\/Hydrangea_Camellia_Rhododendron_andAzaleaFertilizer-1024x1024.png",1024,1024,true],"1536x1536":["https:\/\/www.ferberpainting.com\/wp-content\/uploads\/2025\/05\/Hydrangea_Camellia_Rhododendron_andAzaleaFertilizer-1536x1536.png",1536,1536,true],"2048x2048":["https:\/\/www.ferberpainting.com\/wp-content\/uploads\/2025\/05\/Hydrangea_Camellia_Rhododendron_andAzaleaFertilizer-2048x2048.png",2048,2048,true],"trp-custom-language-flag":["https:\/\/www.ferberpainting.com\/wp-content\/uploads\/2025\/05\/Hydrangea_Camellia_Rhododendron_andAzaleaFertilizer-12x12.png",12,12,true],"woocommerce_thumbnail":["https:\/\/www.ferberpainting.com\/wp-content\/uploads\/2025\/05\/Hydrangea_Camellia_Rhododendron_andAzaleaFertilizer-300x300.png",300,300,true],"woocommerce_single":["https:\/\/www.ferberpainting.com\/wp-content\/uploads\/2025\/05\/Hydrangea_Camellia_Rhododendron_andAzaleaFertilizer-600x600.png",600,600,true],"woocommerce_gallery_thumbnail":["https:\/\/www.ferberpainting.com\/wp-content\/uploads\/2025\/05\/Hydrangea_Camellia_Rhododendron_andAzaleaFertilizer-100x100.png",100,100,true]},"uagb_author_info":{"display_name":"admin","author_link":"https:\/\/www.ferberpainting.com\/se\/author\/"},"uagb_comment_info":9,"uagb_excerpt":"A balanced fertilizer for spectacular blooms and vibrant foliage.\u00a0This fertilizer is specially designed to meet the needs of acid-loving plants such as hydrangeas, camellias, rhododendrons, and azaleas. Thanks to its NPK 10-10-10 formulation, it provides a balanced supply of nitrogen (N) to promote foliage growth, phosphorus (P) to strengthen roots, and potassium (K) to stimulate&hellip;","_links":{"self":[{"href":"https:\/\/www.ferberpainting.com\/se\/wp-json\/wp\/v2\/product\/23543","targetHints":{"allow":["GET"]}}],"collection":[{"href":"https:\/\/www.ferberpainting.com\/se\/wp-json\/wp\/v2\/product"}],"about":[{"href":"https:\/\/www.ferberpainting.com\/se\/wp-json\/wp\/v2\/types\/product"}],"replies":[{"embeddable":true,"href":"https:\/\/www.ferberpainting.com\/se\/wp-json\/wp\/v2\/comments?post=23543"}],"version-history":[{"count":5,"href":"https:\/\/www.ferberpainting.com\/se\/wp-json\/wp\/v2\/product\/23543\/revisions"}],"predecessor-version":[{"id":166367,"href":"https:\/\/www.ferberpainting.com\/se\/wp-json\/wp\/v2\/product\/23543\/revisions\/166367"}],"wp:featuredmedia":[{"embeddable":true,"href":"https:\/\/www.ferberpainting.com\/se\/wp-json\/wp\/v2\/media\/26033"}],"wp:attachment":[{"href":"https:\/\/www.ferberpainting.com\/se\/wp-json\/wp\/v2\/media?parent=23543"}],"wp:term":[{"taxonomy":"product_brand","embeddable":true,"href":"https:\/\/www.ferberpainting.com\/se\/wp-json\/wp\/v2\/product_brand?post=23543"},{"taxonomy":"product_cat","embeddable":true,"href":"https:\/\/www.ferberpainting.com\/se\/wp-json\/wp\/v2\/product_cat?post=23543"},{"taxonomy":"product_tag","embeddable":true,"href":"https:\/\/www.ferberpainting.com\/se\/wp-json\/wp\/v2\/product_tag?post=23543"}],"curies":[{"name":"wp","href":"https:\/\/api.w.org\/{rel}","templated":true}]}}