{"id":23524,"date":"2025-05-26T10:24:34","date_gmt":"2025-05-26T08:24:34","guid":{"rendered":"https:\/\/www.ferberpainting.com\/products\/hair-unblocker\/"},"modified":"2026-02-15T19:15:52","modified_gmt":"2026-02-15T18:15:52","slug":"hair-unblocker","status":"publish","type":"product","link":"https:\/\/www.ferberpainting.com\/se\/products\/hair-unblocker\/","title":{"rendered":"Avloppsrensare \u2013 h\u00e5r"},"content":{"rendered":"<p><strong><img decoding=\"async\" style=\"margin-right: 12px;\" src=\"https:\/\/www.ferberpainting.com\/wp-content\/uploads\/2026\/02\/Check.svg\" alt=\"\" width=\"18\" height=\"15\" \/>Snabb och effektiv borttagning av h\u00e5rproppar.<\/strong>\u00a0Denna h\u00e5ravloppsrensare \u00e4r s\u00e4rskilt utformad f\u00f6r att snabbt och effektivt l\u00f6sa upp ansamlade h\u00e5rklumpar i dusch-, badkars- och diskhoavlopp. Den h\u00f6gpresterande formulan tr\u00e4nger djupt in i trassliga h\u00e5rfibrer, tv\u00e5lrester, kroppsfett och andra orenheter som t\u00e4pper till r\u00f6ren. Det s\u00e4kerst\u00e4ller ett j\u00e4mnt vattenfl\u00f6de och f\u00f6rhindrar obehagliga lukter orsakade av stillast\u00e5ende vatten.<\/p>\n<p><strong><img decoding=\"async\" style=\"margin-right: 12px;\" src=\"https:\/\/www.ferberpainting.com\/wp-content\/uploads\/2026\/02\/Check.svg\" alt=\"\" width=\"18\" height=\"15\" \/>Pengar-tillbaka-garanti.<\/strong>\u00a0Vi har absolut f\u00f6rtroende f\u00f6r effektiviteten hos v\u00e5r h\u00e5ravloppsrensare, och det \u00e4r d\u00e4rf\u00f6r vi erbjuder en pengarna-tillbaka-garanti. Om produkten inte ger tillfredsst\u00e4llelse efter korrekt applicering enligt rekommendationerna, \u00e5tar vi oss att \u00e5terbetala dig, vilket garanterar ett riskfritt och bekymmersfritt k\u00f6p.<\/p>\n<p><strong><img decoding=\"async\" style=\"margin-right: 12px;\" src=\"https:\/\/www.ferberpainting.com\/wp-content\/uploads\/2026\/02\/Check.svg\" alt=\"\" width=\"18\" height=\"15\" \/>Kompatibel med olika typer av r\u00f6r och material.<\/strong>\u00a0Detta avloppsreng\u00f6ringsmedel \u00e4r l\u00e4mpligt f\u00f6r PVC-, gjutj\u00e4rns-, koppar-, rostfritt st\u00e5l- och betongr\u00f6r, vilket g\u00f6r det anv\u00e4ndbart i de flesta VVS-system f\u00f6r bost\u00e4der och yrkesm\u00e4ssigt bruk. Det \u00e4r ocks\u00e5 kompatibelt med septiktankar n\u00e4r det anv\u00e4nds i de rekommenderade proportionerna, vilket s\u00e4kerst\u00e4ller effektiv verkan utan att st\u00f6ra bakteriebalansen i dr\u00e4neringssystem.<\/p>\n<p><strong><img decoding=\"async\" style=\"margin-right: 12px;\" src=\"https:\/\/www.ferberpainting.com\/wp-content\/uploads\/2026\/02\/Check.svg\" alt=\"\" width=\"18\" height=\"15\" \/>Kostnadseffektiv och optimerad dosering.<\/strong>\u00a0Tack vare den koncentrerade formeln kan 1 liter produkt behandla upp till 4 igens\u00e4ttningar, vilket ger en ekonomisk och l\u00e5ngsiktig l\u00f6sning f\u00f6r underh\u00e5ll av avloppet. Dess snabba och m\u00e5linriktade verkan minskar den m\u00e4ngd som kr\u00e4vs per \u00e5tg\u00e4rd, vilket optimerar produktens effektivitet samtidigt som de l\u00e5ngsiktiga underh\u00e5llskostnaderna minimeras.<\/p>\n<p><strong><img decoding=\"async\" style=\"margin-right: 12px;\" src=\"https:\/\/www.ferberpainting.com\/wp-content\/uploads\/2026\/02\/Check.svg\" alt=\"\" width=\"18\" height=\"15\" \/>En s\u00e4ker och icke-aggressiv produkt f\u00f6r installationer.<\/strong>\u00a0Till skillnad fr\u00e5n konventionella avloppsreng\u00f6ringsmedel baserade p\u00e5 soda eller svavelsyra skadar detta reng\u00f6ringsmedel inte r\u00f6r eller t\u00e4tningar, vilket bevarar integriteten hos VVS-installationer. Den arbetar progressivt f\u00f6r att l\u00f6sa upp igens\u00e4ttningar utan att f\u00f6rsvaga r\u00f6ren, vilket garanterar s\u00e4ker och regelbunden anv\u00e4ndning utan risk f\u00f6r f\u00f6rs\u00e4mring.<\/p>\n<p><strong><img decoding=\"async\" style=\"margin-right: 12px;\" src=\"https:\/\/www.ferberpainting.com\/wp-content\/uploads\/2026\/02\/Check.svg\" alt=\"\" width=\"18\" height=\"15\" \/>Enkel anv\u00e4ndning och omedelbar \u00e5tg\u00e4rd.<\/strong>\u00a0Denna avloppsrensare \u00e4r klar att anv\u00e4nda och kr\u00e4ver ingen komplicerad hantering. H\u00e4ll den helt enkelt direkt i det igensatta avloppet, l\u00e5t den verka och sk\u00f6lj sedan noggrant med vatten. Dess snabba verkan rensar effektivt p\u00e5 bara 15 till 30 minuter, vilket g\u00f6r att man slipper tr\u00e5kiga manuella ingrepp som att anv\u00e4nda en r\u00f6rmokarorm eller kolv.<\/p>\n<p><strong><img decoding=\"async\" style=\"margin-right: 12px;\" src=\"https:\/\/www.ferberpainting.com\/wp-content\/uploads\/2026\/02\/Check.svg\" alt=\"\" width=\"18\" height=\"15\" \/>H\u00e5llbarhet och f\u00f6rebyggande av framtida igens\u00e4ttningar.<\/strong>\u00a0F\u00f6rutom att effektivt l\u00f6sa upp befintliga h\u00e5rproppar f\u00f6rhindrar denna produkt att rester ackumuleras igen genom att gradvis bryta ned avlagringar. Regelbunden anv\u00e4ndning bidrar till att minska risken f\u00f6r att nya proppar bildas och s\u00e4kerst\u00e4ller en smidig dr\u00e4nering i det l\u00e5nga loppet.<\/p>\n<p><strong><img decoding=\"async\" style=\"margin-right: 12px;\" src=\"https:\/\/www.ferberpainting.com\/wp-content\/uploads\/2026\/02\/Check.svg\" alt=\"\" width=\"18\" height=\"15\" \/>Omedelbar \u00e5tg\u00e4rd f\u00f6r omedelbar komfort.<\/strong>\u00a0Vid applicering b\u00f6rjar denna avloppsreng\u00f6rare arbeta genom att bryta ner trassligt h\u00e5r och blockeringsorsakande rester. Efter en enkel sk\u00f6ljning rinner vattnet normalt igen och avloppet \u00e5terf\u00e5r sin smidiga funktion utan stillast\u00e5ende vatten eller obehagliga lukter.<\/p>\n<h2><strong>Anv\u00e4ndning Protokoll<\/strong><\/h2>\n<ul>\n<li><strong>F\u00f6rberedelse av r\u00f6r <\/strong>: F\u00f6re applicering ska du se till att stillast\u00e5ende vatten minimeras s\u00e5 mycket som m\u00f6jligt f\u00f6r att optimera produktens effektivitet. Avl\u00e4gsna synligt h\u00e5r manuellt vid sifonens ing\u00e5ng om det beh\u00f6vs.<\/li>\n<li><strong>Rekommenderad dosering <\/strong>: H\u00e4ll 250 ml av produkten direkt i det igensatta avloppet f\u00f6r att behandla en blockering. 1 liter kan behandla upp till 4 igens\u00e4ttningar. F\u00f6r en sv\u00e5rare blockering kan en andra applicering utf\u00f6ras efter n\u00e5gra timmar.<\/li>\n<li><strong>Anv\u00e4ndning av avloppsreng\u00f6ringsmedel <\/strong>: H\u00e4ll produkten l\u00e5ngsamt i avloppet utan att tills\u00e4tta vatten omedelbart efter\u00e5t, f\u00f6r att m\u00f6jligg\u00f6ra en riktad verkan p\u00e5 resterna.<\/li>\n<li><strong>\u00c5tg\u00e4rdstid <\/strong>: L\u00e5t det sitta i 15 till 30 minuter, beroende p\u00e5 hur allvarligt stoppet \u00e4r. Vid s\u00e4rskilt sv\u00e5ra blockeringar kan du l\u00e5ta det verka i upp till 1 timme innan du sk\u00f6ljer.<\/li>\n<li><strong>Sk\u00f6ljning och fl\u00f6desverifiering <\/strong>: Efter vilotiden, sk\u00f6lj noggrant med varmt vatten f\u00f6r att avl\u00e4gsna uppl\u00f6sta rester och s\u00e4kerst\u00e4lla optimalt fl\u00f6de. Upprepa processen vid behov om det finns en kvarst\u00e5ende blockering.<\/li>\n<li><strong>F\u00f6rebyggande underh\u00e5ll <\/strong>: F\u00f6r att undvika h\u00e5ransamlingar och att nya tr\u00e4skor bildas, anv\u00e4nd en liten m\u00e4ngd produkt en g\u00e5ng i m\u00e5naden f\u00f6r att uppr\u00e4tth\u00e5lla en j\u00e4mn vattencirkulation och begr\u00e4nsa ansamling av rester.<\/li>\n<li><strong>F\u00f6rsiktighets\u00e5tg\u00e4rder vid anv\u00e4ndning <\/strong>: Blanda inte med andra kemiska produkter, s\u00e4rskilt inte med avloppsreng\u00f6ringsmedel som inneh\u00e5ller soda eller svavelsyra. Undvik kontakt med hud och \u00f6gon. Vid oavsiktlig kontakt, sk\u00f6lj omedelbart med rent vatten och kontakta l\u00e4kare vid behov.<\/li>\n<li><strong>F\u00f6rvaring och konservering <\/strong>: F\u00f6rvara produkten p\u00e5 en torr och tempererad plats, skyddad fr\u00e5n ljus och utom r\u00e4ckh\u00e5ll f\u00f6r barn. St\u00e4ng flaskan ordentligt efter anv\u00e4ndning f\u00f6r att f\u00f6rhindra avdunstning eller nedbrytning av l\u00f6sningen.<\/li>\n<\/ul>\n<p>Med denna h\u00e5ravloppsrensare kan du s\u00e4ga adj\u00f6 till igensatta r\u00f6r och l\u00e5ngsam dr\u00e4nering. Njut av en snabb, effektiv och l\u00e5ngvarig l\u00f6sning f\u00f6r att eliminera h\u00e5rproppar samtidigt som du bevarar integriteten hos dina VVS-installationer.<\/p>","protected":false},"excerpt":{"rendered":"<p>Fast and effective removal of hair clogs.\u00a0This hair drain cleaner is specifically designed to quickly and efficiently dissolve accumulated hair clumps in shower, bathtub, and sink drains. Its ultra-performance formula penetrates deep into tangled hair fibers, soap residues, body grease, and other impurities that clog the pipes. It ensures smooth water flow and prevents unpleasant [&hellip;]<\/p>\n","protected":false},"featured_media":26023,"comment_status":"open","ping_status":"closed","template":"","meta":{"_uag_custom_page_level_css":"","site-sidebar-layout":"default","site-content-layout":"","ast-site-content-layout":"default","site-content-style":"default","site-sidebar-style":"default","ast-global-header-display":"","ast-banner-title-visibility":"","ast-main-header-display":"","ast-hfb-above-header-display":"","ast-hfb-below-header-display":"","ast-hfb-mobile-header-display":"","site-post-title":"","ast-breadcrumbs-content":"","ast-featured-img":"","footer-sml-layout":"","ast-disable-related-posts":"","theme-transparent-header-meta":"default","adv-header-id-meta":"","stick-header-meta":"","header-above-stick-meta":"","header-main-stick-meta":"","header-below-stick-meta":"","astra-migrate-meta-layouts":"set","ast-page-background-enabled":"default","ast-page-background-meta":{"desktop":{"background-color":"var(--ast-global-color-4)","background-image":"","background-repeat":"repeat","background-position":"center center","background-size":"auto","background-attachment":"scroll","background-type":"","background-media":"","overlay-type":"","overlay-color":"","overlay-opacity":"","overlay-gradient":""},"tablet":{"background-color":"","background-image":"","background-repeat":"repeat","background-position":"center center","background-size":"auto","background-attachment":"scroll","background-type":"","background-media":"","overlay-type":"","overlay-color":"","overlay-opacity":"","overlay-gradient":""},"mobile":{"background-color":"","background-image":"","background-repeat":"repeat","background-position":"center center","background-size":"auto","background-attachment":"scroll","background-type":"","background-media":"","overlay-type":"","overlay-color":"","overlay-opacity":"","overlay-gradient":""}},"ast-content-background-meta":{"desktop":{"background-color":"var(--ast-global-color-5)","background-image":"","background-repeat":"repeat","background-position":"center center","background-size":"auto","background-attachment":"scroll","background-type":"","background-media":"","overlay-type":"","overlay-color":"","overlay-opacity":"","overlay-gradient":""},"tablet":{"background-color":"var(--ast-global-color-5)","background-image":"","background-repeat":"repeat","background-position":"center center","background-size":"auto","background-attachment":"scroll","background-type":"","background-media":"","overlay-type":"","overlay-color":"","overlay-opacity":"","overlay-gradient":""},"mobile":{"background-color":"var(--ast-global-color-5)","background-image":"","background-repeat":"repeat","background-position":"center center","background-size":"auto","background-attachment":"scroll","background-type":"","background-media":"","overlay-type":"","overlay-color":"","overlay-opacity":"","overlay-gradient":""}}},"product_brand":[],"product_cat":[175],"product_tag":[],"class_list":{"0":"post-23524","1":"product","2":"type-product","3":"status-publish","4":"has-post-thumbnail","6":"product_cat-cleaning-products","7":"desktop-align-left","8":"tablet-align-left","9":"mobile-align-left","11":"first","12":"instock","13":"sale","14":"taxable","15":"shipping-taxable","16":"purchasable","17":"product-type-variable","18":"has-default-attributes"},"spectra_custom_meta":{"_visibility":["visible"],"_shopify_product_id":["9062360973557"],"_s2w_shopify_domain":["ferberpainting.myshopify.com"],"_shopify_variant_id":["46603056513269"],"_sku":[""],"_manage_stock":["no"],"total_sales":["11"],"_tax_status":["taxable"],"_tax_class":[""],"_backorders":["no"],"_sold_individually":["no"],"_virtual":["no"],"_downloadable":["no"],"_download_limit":["-1"],"_download_expiry":["-1"],"_stock":[null],"_stock_status":["instock"],"_wc_average_rating":["4.88"],"_wc_review_count":["8"],"_product_attributes":["a:1:{s:6:\"volume\";a:6:{s:4:\"name\";s:6:\"Volume\";s:5:\"value\";s:20:\"5 liters | 25 liters\";s:8:\"position\";i:1;s:10:\"is_visible\";i:0;s:12:\"is_variation\";i:1;s:11:\"is_taxonomy\";i:0;}}"],"_product_version":["10.5.1"],"_thumbnail_id":["26023"],"_product_image_gallery":["26024"],"wpse_downloadable_file_names":[""],"wpse_downloadable_file_urls":[""],"_edit_last":["1"],"_default_attributes":["a:1:{s:6:\"volume\";s:8:\"5 liters\";}"],"_edit_lock":["1771179393:1"],"merchant-center-availability":["yes"],"merchant-center-category":["1749"],"_price":["29.90","129.90"],"_wp_page_template":["default"],"site-sidebar-layout":["default"],"ast-site-content-layout":["default"],"site-content-style":["default"],"site-sidebar-style":["default"],"theme-transparent-header-meta":["default"],"_wc_rating_count":["a:2:{i:4;i:1;i:5;i:7;}"],"astra-migrate-meta-layouts":["set"],"_uag_css_file_name":["uag-css-23524.css"],"_elementor_page_assets":["a:0:{}"],"_uag_page_assets":["a:9:{s:3:\"css\";s:6873:\".wp-block-uagb-image{display:flex}.wp-block-uagb-image__figure{position:relative;display:flex;flex-direction:column;max-width:100%;height:auto;margin:0}.wp-block-uagb-image__figure img{height:auto;display:flex;max-width:100%;transition:box-shadow .2s ease}.wp-block-uagb-image__figure>a{display:inline-block}.wp-block-uagb-image__figure figcaption{text-align:center;margin-top:.5em;margin-bottom:1em}.wp-block-uagb-image .components-placeholder.block-editor-media-placeholder .components-placeholder__instructions{align-self:center}.wp-block-uagb-image--align-left{text-align:left}.wp-block-uagb-image--align-right{text-align:right}.wp-block-uagb-image--align-center{text-align:center}.wp-block-uagb-image--align-full .wp-block-uagb-image__figure{margin-left:calc(50% - 50vw);margin-right:calc(50% - 50vw);max-width:100vw;width:100vw;height:auto}.wp-block-uagb-image--align-full .wp-block-uagb-image__figure img{height:auto;width:100% !important}.wp-block-uagb-image--align-wide .wp-block-uagb-image__figure img{height:auto;width:100%}.wp-block-uagb-image--layout-overlay__color-wrapper{position:absolute;left:0;top:0;right:0;bottom:0;opacity:.2;background:rgba(0,0,0,.5);transition:opacity .35s ease-in-out}.wp-block-uagb-image--layout-overlay-link{position:absolute;left:0;right:0;bottom:0;top:0}.wp-block-uagb-image--layout-overlay .wp-block-uagb-image__figure:hover .wp-block-uagb-image--layout-overlay__color-wrapper{opacity:1}.wp-block-uagb-image--layout-overlay__inner{position:absolute;left:15px;right:15px;bottom:15px;top:15px;display:flex;align-items:center;justify-content:center;flex-direction:column;border-color:#fff;transition:.35s ease-in-out}.wp-block-uagb-image--layout-overlay__inner.top-left,.wp-block-uagb-image--layout-overlay__inner.top-center,.wp-block-uagb-image--layout-overlay__inner.top-right{justify-content:flex-start}.wp-block-uagb-image--layout-overlay__inner.bottom-left,.wp-block-uagb-image--layout-overlay__inner.bottom-center,.wp-block-uagb-image--layout-overlay__inner.bottom-right{justify-content:flex-end}.wp-block-uagb-image--layout-overlay__inner.top-left,.wp-block-uagb-image--layout-overlay__inner.center-left,.wp-block-uagb-image--layout-overlay__inner.bottom-left{align-items:flex-start}.wp-block-uagb-image--layout-overlay__inner.top-right,.wp-block-uagb-image--layout-overlay__inner.center-right,.wp-block-uagb-image--layout-overlay__inner.bottom-right{align-items:flex-end}.wp-block-uagb-image--layout-overlay__inner .uagb-image-heading{color:#fff;transition:transform .35s,opacity .35s ease-in-out;transform:translate3d(0, 24px, 0);margin:0;line-height:1em}.wp-block-uagb-image--layout-overlay__inner .uagb-image-separator{width:30%;border-top-width:2px;border-top-color:#fff;border-top-style:solid;margin-bottom:10px;opacity:0;transition:transform .4s,opacity .4s ease-in-out;transform:translate3d(0, 30px, 0)}.wp-block-uagb-image--layout-overlay__inner .uagb-image-caption{opacity:0;overflow:visible;color:#fff;transition:transform .45s,opacity .45s ease-in-out;transform:translate3d(0, 35px, 0)}.wp-block-uagb-image--layout-overlay__inner:hover .uagb-image-heading,.wp-block-uagb-image--layout-overlay__inner:hover .uagb-image-separator,.wp-block-uagb-image--layout-overlay__inner:hover .uagb-image-caption{opacity:1;transform:translate3d(0, 0, 0)}.wp-block-uagb-image--effect-zoomin .wp-block-uagb-image__figure img,.wp-block-uagb-image--effect-zoomin .wp-block-uagb-image__figure .wp-block-uagb-image--layout-overlay__color-wrapper{transform:scale(1);transition:transform .35s ease-in-out}.wp-block-uagb-image--effect-zoomin .wp-block-uagb-image__figure:hover img,.wp-block-uagb-image--effect-zoomin .wp-block-uagb-image__figure:hover .wp-block-uagb-image--layout-overlay__color-wrapper{transform:scale(1.05)}.wp-block-uagb-image--effect-slide .wp-block-uagb-image__figure img,.wp-block-uagb-image--effect-slide .wp-block-uagb-image__figure .wp-block-uagb-image--layout-overlay__color-wrapper{width:calc(100% + 40px) !important;max-width:none !important;transform:translate3d(-40px, 0, 0);transition:transform .35s ease-in-out}.wp-block-uagb-image--effect-slide .wp-block-uagb-image__figure:hover img,.wp-block-uagb-image--effect-slide .wp-block-uagb-image__figure:hover .wp-block-uagb-image--layout-overlay__color-wrapper{transform:translate3d(0, 0, 0)}.wp-block-uagb-image--effect-grayscale img{filter:grayscale(0%);transition:.35s ease-in-out}.wp-block-uagb-image--effect-grayscale:hover img{filter:grayscale(100%)}.wp-block-uagb-image--effect-blur img{filter:blur(0);transition:.35s ease-in-out}.wp-block-uagb-image--effect-blur:hover img{filter:blur(3px)}.uagb-block-e6f939b3.wp-block-uagb-image--layout-default figure img{box-shadow: 0px 0px 0 #00000070;}.uagb-block-e6f939b3.wp-block-uagb-image .wp-block-uagb-image__figure figcaption{font-style: normal;align-self: center;}.uagb-block-e6f939b3.wp-block-uagb-image--layout-overlay figure img{box-shadow: 0px 0px 0 #00000070;}.uagb-block-e6f939b3.wp-block-uagb-image--layout-overlay .wp-block-uagb-image--layout-overlay__color-wrapper{opacity: 0.2;}.uagb-block-e6f939b3.wp-block-uagb-image--layout-overlay .wp-block-uagb-image--layout-overlay__inner{left: 15px;right: 15px;top: 15px;bottom: 15px;}.uagb-block-e6f939b3.wp-block-uagb-image--layout-overlay .wp-block-uagb-image--layout-overlay__inner .uagb-image-heading{font-style: normal;color: #fff;opacity: 1;}.uagb-block-e6f939b3.wp-block-uagb-image--layout-overlay .wp-block-uagb-image--layout-overlay__inner .uagb-image-heading a{color: #fff;}.uagb-block-e6f939b3.wp-block-uagb-image--layout-overlay .wp-block-uagb-image--layout-overlay__inner .uagb-image-caption{opacity: 0;}.uagb-block-e6f939b3.wp-block-uagb-image--layout-overlay .wp-block-uagb-image__figure:hover .wp-block-uagb-image--layout-overlay__color-wrapper{opacity: 1;}.uagb-block-e6f939b3.wp-block-uagb-image .wp-block-uagb-image--layout-overlay__inner .uagb-image-separator{width: 30%;border-top-width: 2px;border-top-color: #fff;opacity: 0;}.uagb-block-e6f939b3.wp-block-uagb-image .wp-block-uagb-image__figure img{width: px;height: auto;}.uagb-block-e6f939b3.wp-block-uagb-image .wp-block-uagb-image__figure:hover .wp-block-uagb-image--layout-overlay__inner .uagb-image-caption{opacity: 1;}.uagb-block-e6f939b3.wp-block-uagb-image .wp-block-uagb-image__figure:hover .wp-block-uagb-image--layout-overlay__inner .uagb-image-separator{opacity: 1;}.uagb-block-e6f939b3.wp-block-uagb-image--layout-default figure:hover img{box-shadow: 0px 0px 0 #00000070;}.uagb-block-e6f939b3.wp-block-uagb-image--layout-overlay figure:hover img{box-shadow: 0px 0px 0 #00000070;}@media only screen and (max-width: 976px) {.uagb-block-e6f939b3.wp-block-uagb-image .wp-block-uagb-image__figure img{width: px;height: auto;}}@media only screen and (max-width: 767px) {.uagb-block-e6f939b3.wp-block-uagb-image .wp-block-uagb-image__figure img{width: px;height: auto;}}\";s:2:\"js\";s:0:\"\";s:18:\"current_block_list\";a:13:{i:0;s:11:\"core\/search\";i:1;s:10:\"core\/group\";i:2;s:12:\"core\/heading\";i:3;s:17:\"core\/latest-posts\";i:4;s:20:\"core\/latest-comments\";i:5;s:13:\"core\/archives\";i:6;s:15:\"core\/categories\";i:7;s:14:\"core\/paragraph\";i:8;s:10:\"uagb\/image\";i:9;s:11:\"core\/spacer\";i:10;s:30:\"woocommerce\/product-categories\";i:11;s:10:\"core\/image\";i:12;s:14:\"core\/shortcode\";}s:8:\"uag_flag\";b:1;s:11:\"uag_version\";s:10:\"1777233242\";s:6:\"gfonts\";a:0:{}s:10:\"gfonts_url\";s:0:\"\";s:12:\"gfonts_files\";a:0:{}s:14:\"uag_faq_layout\";b:0;}"]},"uagb_featured_image_src":{"full":["https:\/\/www.ferberpainting.com\/wp-content\/uploads\/2025\/05\/HairUnblocker5L.png",2560,2560,false],"thumbnail":["https:\/\/www.ferberpainting.com\/wp-content\/uploads\/2025\/05\/HairUnblocker5L-150x150.png",150,150,true],"medium":["https:\/\/www.ferberpainting.com\/wp-content\/uploads\/2025\/05\/HairUnblocker5L-300x300.png",300,300,true],"medium_large":["https:\/\/www.ferberpainting.com\/wp-content\/uploads\/2025\/05\/HairUnblocker5L-768x768.png",768,768,true],"large":["https:\/\/www.ferberpainting.com\/wp-content\/uploads\/2025\/05\/HairUnblocker5L-1024x1024.png",1024,1024,true],"1536x1536":["https:\/\/www.ferberpainting.com\/wp-content\/uploads\/2025\/05\/HairUnblocker5L-1536x1536.png",1536,1536,true],"2048x2048":["https:\/\/www.ferberpainting.com\/wp-content\/uploads\/2025\/05\/HairUnblocker5L-2048x2048.png",2048,2048,true],"trp-custom-language-flag":["https:\/\/www.ferberpainting.com\/wp-content\/uploads\/2025\/05\/HairUnblocker5L-12x12.png",12,12,true],"woocommerce_thumbnail":["https:\/\/www.ferberpainting.com\/wp-content\/uploads\/2025\/05\/HairUnblocker5L-300x300.png",300,300,true],"woocommerce_single":["https:\/\/www.ferberpainting.com\/wp-content\/uploads\/2025\/05\/HairUnblocker5L-600x600.png",600,600,true],"woocommerce_gallery_thumbnail":["https:\/\/www.ferberpainting.com\/wp-content\/uploads\/2025\/05\/HairUnblocker5L-100x100.png",100,100,true]},"uagb_author_info":{"display_name":"admin","author_link":"https:\/\/www.ferberpainting.com\/se\/author\/"},"uagb_comment_info":8,"uagb_excerpt":"Fast and effective removal of hair clogs.\u00a0This hair drain cleaner is specifically designed to quickly and efficiently dissolve accumulated hair clumps in shower, bathtub, and sink drains. Its ultra-performance formula penetrates deep into tangled hair fibers, soap residues, body grease, and other impurities that clog the pipes. It ensures smooth water flow and prevents unpleasant&hellip;","_links":{"self":[{"href":"https:\/\/www.ferberpainting.com\/se\/wp-json\/wp\/v2\/product\/23524","targetHints":{"allow":["GET"]}}],"collection":[{"href":"https:\/\/www.ferberpainting.com\/se\/wp-json\/wp\/v2\/product"}],"about":[{"href":"https:\/\/www.ferberpainting.com\/se\/wp-json\/wp\/v2\/types\/product"}],"replies":[{"embeddable":true,"href":"https:\/\/www.ferberpainting.com\/se\/wp-json\/wp\/v2\/comments?post=23524"}],"version-history":[{"count":5,"href":"https:\/\/www.ferberpainting.com\/se\/wp-json\/wp\/v2\/product\/23524\/revisions"}],"predecessor-version":[{"id":166352,"href":"https:\/\/www.ferberpainting.com\/se\/wp-json\/wp\/v2\/product\/23524\/revisions\/166352"}],"wp:featuredmedia":[{"embeddable":true,"href":"https:\/\/www.ferberpainting.com\/se\/wp-json\/wp\/v2\/media\/26023"}],"wp:attachment":[{"href":"https:\/\/www.ferberpainting.com\/se\/wp-json\/wp\/v2\/media?parent=23524"}],"wp:term":[{"taxonomy":"product_brand","embeddable":true,"href":"https:\/\/www.ferberpainting.com\/se\/wp-json\/wp\/v2\/product_brand?post=23524"},{"taxonomy":"product_cat","embeddable":true,"href":"https:\/\/www.ferberpainting.com\/se\/wp-json\/wp\/v2\/product_cat?post=23524"},{"taxonomy":"product_tag","embeddable":true,"href":"https:\/\/www.ferberpainting.com\/se\/wp-json\/wp\/v2\/product_tag?post=23524"}],"curies":[{"name":"wp","href":"https:\/\/api.w.org\/{rel}","templated":true}]}}