{"id":23517,"date":"2025-07-01T11:59:28","date_gmt":"2025-07-01T09:59:28","guid":{"rendered":"https:\/\/www.ferberpainting.com\/?post_type=product&#038;p=23508"},"modified":"2026-02-15T19:12:45","modified_gmt":"2026-02-15T18:12:45","slug":"grout-water-repellent","status":"publish","type":"product","link":"https:\/\/www.ferberpainting.com\/se\/products\/grout-water-repellent\/","title":{"rendered":"Vattenavvisande f\u00f6r fogar"},"content":{"rendered":"<p><strong><img decoding=\"async\" style=\"margin-right: 12px;\" src=\"https:\/\/www.ferberpainting.com\/wp-content\/uploads\/2026\/02\/Check.svg\" alt=\"\" width=\"18\" height=\"15\" \/>L\u00e5ngvarigt skydd mot fukt.<\/strong>\u00a0Detta t\u00e4tskikt f\u00f6r fogar \u00e4r den perfekta l\u00f6sningen f\u00f6r att skydda dina fogar fr\u00e5n vatteninfiltration och fukt. Det skapar en vattent\u00e4t barri\u00e4r p\u00e5 fogytorna som hindrar vatten fr\u00e5n att tr\u00e4nga in samtidigt som intilliggande material kan andas. Det \u00e4r perfekt f\u00f6r fogar i kakel, murverk, betong eller tegel och ger ett l\u00e5ngvarigt skydd, oavsett om det anv\u00e4nds inomhus eller utomhus.<\/p>\n<p><strong><img decoding=\"async\" style=\"margin-right: 12px;\" src=\"https:\/\/www.ferberpainting.com\/wp-content\/uploads\/2026\/02\/Check.svg\" alt=\"\" width=\"18\" height=\"15\" \/>Garanterad tillfredsst\u00e4llelse eller pengarna tillbaka.<\/strong>\u00a0Vi \u00e4r \u00f6vertygade om att v\u00e5r produkt \u00e4r effektiv, och d\u00e4rf\u00f6r erbjuder vi en n\u00f6jdhets- eller pengarna-tillbaka-garanti. Om du inte \u00e4r helt n\u00f6jd med resultatet kan du beg\u00e4ra full \u00e5terbetalning. Denna garanti g\u00f6r att du kan testa produkten utan risk och njuta av en bekymmersfri k\u00f6pupplevelse.<\/p>\n<p><strong><img decoding=\"async\" style=\"margin-right: 12px;\" src=\"https:\/\/www.ferberpainting.com\/wp-content\/uploads\/2026\/02\/Check.svg\" alt=\"\" width=\"18\" height=\"15\" \/>Kompatibel med ett brett utbud av material.<\/strong>\u00a0Denna produkt \u00e4r avsedd att anv\u00e4ndas p\u00e5 olika typer av fogar och material. Den \u00e4r s\u00e4rskilt effektiv p\u00e5 fogar av kakel, betong, cement och tegel samt liknande material. Oavsett om det g\u00e4ller anv\u00e4ndning i badrummet, k\u00f6ket, terrassen eller utomhusfogar som uts\u00e4tts f\u00f6r fukt \u00e4r detta t\u00e4tskikt f\u00f6r fogar en m\u00e5ngsidig l\u00f6sning som s\u00e4kerst\u00e4ller optimal prestanda p\u00e5 m\u00e5nga ytor.<\/p>\n<p><strong><img decoding=\"async\" style=\"margin-right: 12px;\" src=\"https:\/\/www.ferberpainting.com\/wp-content\/uploads\/2026\/02\/Check.svg\" alt=\"\" width=\"18\" height=\"15\" \/>Ekonomisk prestanda.<\/strong>\u00a0Detta t\u00e4tskikt f\u00f6r fogar ger utm\u00e4rkt kostnadseffektivitet. En 5-litersbeh\u00e5llare kan behandla dussintals kvadratmeter fogar, vilket ger ett l\u00e5ngvarigt skydd med en enda applicering. I genomsnitt behandlar en liter cirka 10 till 12 m\u00b2 fogar, beroende p\u00e5 storlek och porositet, vilket g\u00f6r det till ett utm\u00e4rkt v\u00e4rde f\u00f6r stora projekt.<\/p>\n<p><strong><img decoding=\"async\" style=\"margin-right: 12px;\" src=\"https:\/\/www.ferberpainting.com\/wp-content\/uploads\/2026\/02\/Check.svg\" alt=\"\" width=\"18\" height=\"15\" \/>S\u00e4ker och materialv\u00e4nlig.<\/strong>\u00a0Denna produkt \u00e4r formulerad med speciellt utvalda ingredienser f\u00f6r s\u00e4ker anv\u00e4ndning och respekterar behandlade material. Den inneh\u00e5ller inga starka kemikalier, vilket g\u00f6r den idealisk f\u00f6r k\u00e4nsliga ytor som kakelfogar och por\u00f6sa material. Den f\u00f6r\u00e4ndrar inte fogarnas utseende, struktur eller f\u00e4rg, vilket ger en naturlig och estetisk finish.<\/p>\n<p><strong><img decoding=\"async\" style=\"margin-right: 12px;\" src=\"https:\/\/www.ferberpainting.com\/wp-content\/uploads\/2026\/02\/Check.svg\" alt=\"\" width=\"18\" height=\"15\" \/>Snabb och enkel applicering.<\/strong>\u00a0Detta t\u00e4tskikt f\u00f6r fogar \u00e4r f\u00e4rdigt att anv\u00e4nda och kr\u00e4ver ingen utsp\u00e4dning. Den enkla appliceringen kr\u00e4ver inga specialkunskaper. Spraya bara direkt p\u00e5 fogarna och sprid ut med pensel, roller eller svamp. Produkten absorberas l\u00e4tt och torkar snabbt, vilket ger ett omedelbart skydd mot fukt.<\/p>\n<p><strong><img decoding=\"async\" style=\"margin-right: 12px;\" src=\"https:\/\/www.ferberpainting.com\/wp-content\/uploads\/2026\/02\/Check.svg\" alt=\"\" width=\"18\" height=\"15\" \/>F\u00f6rb\u00e4ttrad h\u00e5llbarhet.<\/strong>\u00a0N\u00e4r produkten applicerats bildar den en osynlig barri\u00e4r som skyddar fogarna mot fukt och vatten i m\u00e5nader eller till och med \u00e5r, beroende p\u00e5 exponering. Den \u00e4r utformad f\u00f6r att t\u00e5la tuffa utomhusf\u00f6rh\u00e5llanden och bryts inte ned l\u00e4tt, inte ens efter flera tv\u00e4ttar eller perioder med h\u00f6g luftfuktighet. Du f\u00e5r ett l\u00e5ngvarigt skydd med minimalt underh\u00e5ll.<\/p>\n<p><strong><img decoding=\"async\" style=\"margin-right: 12px;\" src=\"https:\/\/www.ferberpainting.com\/wp-content\/uploads\/2026\/02\/Check.svg\" alt=\"\" width=\"18\" height=\"15\" \/>Snabba \u00e5tg\u00e4rder och omedelbar effekt.<\/strong>\u00a0Detta t\u00e4tskikt f\u00f6r fogar fungerar mycket snabbt. Efter en enkel applicering torkar produkten vanligtvis p\u00e5 mindre \u00e4n en timme och b\u00f6rjar ge sina skyddande effekter. Den b\u00f6rjar st\u00f6ta bort vatten n\u00e4stan omedelbart, s\u00e5 att du kan forts\u00e4tta anv\u00e4nda det behandlade omr\u00e5det kort d\u00e4refter.<\/p>\n<h2><strong>Anv\u00e4ndning Protokoll<\/strong><\/h2>\n<ul>\n<li><strong>F\u00f6rberedelse av ytan <\/strong>: Innan du applicerar t\u00e4tskiktet ska du se till att fogarna \u00e4r rena, torra och fria fr\u00e5n damm, smuts eller rester. Reng\u00f6r vid behov fogarna med ett l\u00e4mpligt reng\u00f6ringsmedel och l\u00e5t dem torka helt. Det \u00e4r viktigt att fogarna \u00e4r helt torra f\u00f6r att s\u00e4kerst\u00e4lla korrekt produktabsorption.<\/li>\n<li><strong>Produkttill\u00e4mpning <\/strong>: Produkten \u00e4r klar att anv\u00e4nda och beh\u00f6ver inte sp\u00e4das ut. Skaka beh\u00e5llaren l\u00e4tt f\u00f6re anv\u00e4ndning. Spraya produkten j\u00e4mnt direkt p\u00e5 fogarna. Du kan ocks\u00e5 anv\u00e4nda en borste eller svamp f\u00f6r att sprida ut produkten och s\u00e4kerst\u00e4lla full penetration.<\/li>\n<li><strong>Belopp att anv\u00e4nda <\/strong>: I genomsnitt t\u00e4cker en liter produkt cirka 10 till 12 m\u00b2 fogar. F\u00f6r optimalt skydd, applicera flera l\u00e4tta skikt snarare \u00e4n ett tjockt skikt.<\/li>\n<li><strong>Torktid <\/strong>: Efter applicering, l\u00e5t produkten torka i 30 minuter till 1 timme, beroende p\u00e5 temperatur och luftfuktighet. N\u00e4r den torkat bildar den en vattent\u00e4t barri\u00e4r som effektivt skyddar mot vatteninfiltration. F\u00f6r b\u00e4sta resultat b\u00f6r du undvika att uts\u00e4tta ytan f\u00f6r fukt under de f\u00f6rsta timmarna efter appliceringen.<\/li>\n<li><strong>Underh\u00e5ll och \u00e5terapplicering <\/strong>: F\u00f6r att bibeh\u00e5lla produktens effektivitet rekommenderas ny applicering var 6:e till 12:e m\u00e5nad, beroende p\u00e5 v\u00e4derexponering och luftfuktighet. En enkel inspektion av fogarna hj\u00e4lper till att avg\u00f6ra om en ny applicering beh\u00f6vs. Om tecken p\u00e5 slitage eller vattenintr\u00e4ngning upptr\u00e4der ska produkten appliceras p\u00e5 nytt.<\/li>\n<li><strong>Ytterligare f\u00f6rsiktighets\u00e5tg\u00e4rder <\/strong>: Undvik att anv\u00e4nda h\u00e5rda eller slipande reng\u00f6ringsmedel p\u00e5 behandlade fogar, eftersom de kan skada den vattent\u00e4ta bel\u00e4ggningen. Om reng\u00f6ring beh\u00f6vs, v\u00e4lj milda, icke-korrosiva produkter f\u00f6r att bevara t\u00e4tskiktet och f\u00f6rl\u00e4nga dess livsl\u00e4ngd.<\/li>\n<\/ul>\n<p>Fogens impregneringsmedel \u00e4r en enkel, snabb och effektiv l\u00f6sning f\u00f6r att f\u00f6rl\u00e4nga livsl\u00e4ngden p\u00e5 dina fogar och samtidigt skydda dem mot fukt. Oavsett om det g\u00e4ller kakel-, mur- eller betongfogar hj\u00e4lper det dig att h\u00e5lla dina ytor torra och motst\u00e5ndskraftiga, \u00e4ven i mycket fuktiga milj\u00f6er.<\/p>","protected":false},"excerpt":{"rendered":"<p>Long-Lasting Protection Against Moisture.\u00a0This joint waterproofer is the ideal solution to protect your joints from water infiltration and humidity. It creates a waterproof barrier on joint surfaces, preventing water from penetrating while allowing adjacent materials to breathe. Perfect for tile, masonry, concrete, or brick joints, it provides long-lasting protection, whether used indoors or outdoors. Satisfaction [&hellip;]<\/p>\n","protected":false},"featured_media":36284,"comment_status":"open","ping_status":"closed","template":"","meta":{"_uag_custom_page_level_css":"","site-sidebar-layout":"default","site-content-layout":"","ast-site-content-layout":"default","site-content-style":"default","site-sidebar-style":"default","ast-global-header-display":"","ast-banner-title-visibility":"","ast-main-header-display":"","ast-hfb-above-header-display":"","ast-hfb-below-header-display":"","ast-hfb-mobile-header-display":"","site-post-title":"","ast-breadcrumbs-content":"","ast-featured-img":"","footer-sml-layout":"","ast-disable-related-posts":"","theme-transparent-header-meta":"default","adv-header-id-meta":"","stick-header-meta":"","header-above-stick-meta":"","header-main-stick-meta":"","header-below-stick-meta":"","astra-migrate-meta-layouts":"set","ast-page-background-enabled":"default","ast-page-background-meta":{"desktop":{"background-color":"var(--ast-global-color-4)","background-image":"","background-repeat":"repeat","background-position":"center center","background-size":"auto","background-attachment":"scroll","background-type":"","background-media":"","overlay-type":"","overlay-color":"","overlay-opacity":"","overlay-gradient":""},"tablet":{"background-color":"","background-image":"","background-repeat":"repeat","background-position":"center center","background-size":"auto","background-attachment":"scroll","background-type":"","background-media":"","overlay-type":"","overlay-color":"","overlay-opacity":"","overlay-gradient":""},"mobile":{"background-color":"","background-image":"","background-repeat":"repeat","background-position":"center center","background-size":"auto","background-attachment":"scroll","background-type":"","background-media":"","overlay-type":"","overlay-color":"","overlay-opacity":"","overlay-gradient":""}},"ast-content-background-meta":{"desktop":{"background-color":"var(--ast-global-color-5)","background-image":"","background-repeat":"repeat","background-position":"center center","background-size":"auto","background-attachment":"scroll","background-type":"","background-media":"","overlay-type":"","overlay-color":"","overlay-opacity":"","overlay-gradient":""},"tablet":{"background-color":"var(--ast-global-color-5)","background-image":"","background-repeat":"repeat","background-position":"center center","background-size":"auto","background-attachment":"scroll","background-type":"","background-media":"","overlay-type":"","overlay-color":"","overlay-opacity":"","overlay-gradient":""},"mobile":{"background-color":"var(--ast-global-color-5)","background-image":"","background-repeat":"repeat","background-position":"center center","background-size":"auto","background-attachment":"scroll","background-type":"","background-media":"","overlay-type":"","overlay-color":"","overlay-opacity":"","overlay-gradient":""}}},"product_brand":[],"product_cat":[191],"product_tag":[],"class_list":{"0":"post-23517","1":"product","2":"type-product","3":"status-publish","4":"has-post-thumbnail","6":"product_cat-water-repellent","7":"desktop-align-left","8":"tablet-align-left","9":"mobile-align-left","11":"first","12":"instock","13":"sale","14":"taxable","15":"shipping-taxable","16":"purchasable","17":"product-type-variable","18":"has-default-attributes"},"spectra_custom_meta":{"_visibility":["visible"],"_shopify_product_id":["9106583847157"],"_s2w_shopify_domain":["ferberpainting.myshopify.com"],"_shopify_variant_id":["46626295415029"],"_sku":[""],"_manage_stock":["no"],"total_sales":["15"],"_tax_status":["taxable"],"_tax_class":[""],"_backorders":["no"],"_sold_individually":["no"],"_virtual":["no"],"_downloadable":["no"],"_download_limit":["-1"],"_download_expiry":["-1"],"_stock":[null],"_stock_status":["instock"],"_wc_average_rating":["5.00"],"_wc_review_count":["10"],"_product_attributes":["a:1:{s:6:\"volume\";a:6:{s:4:\"name\";s:6:\"Volume\";s:5:\"value\";s:20:\"5 liters | 25 liters\";s:8:\"position\";i:1;s:10:\"is_visible\";i:0;s:12:\"is_variation\";i:1;s:11:\"is_taxonomy\";i:0;}}"],"_product_version":["10.5.1"],"wpse_downloadable_file_names":[""],"wpse_downloadable_file_urls":[""],"_edit_last":["1"],"_default_attributes":["a:1:{s:6:\"volume\";s:8:\"5 liters\";}"],"_edit_lock":["1771179050:1"],"_price":["29.90","129.90"],"merchant-center-category":["503744"],"merchant-center-availability":["yes"],"_thumbnail_id":["36284"],"_wp_page_template":["default"],"_wp_old_date":["2025-05-26"],"_product_image_gallery":["36278"],"site-sidebar-layout":["default"],"ast-site-content-layout":["default"],"site-content-style":["default"],"site-sidebar-style":["default"],"theme-transparent-header-meta":["default"],"_wc_rating_count":["a:1:{i:5;i:10;}"],"astra-migrate-meta-layouts":["set"],"_uag_css_file_name":["uag-css-23517.css"],"_elementor_page_assets":["a:0:{}"],"_uag_page_assets":["a:9:{s:3:\"css\";s:7133:\".uag-blocks-common-selector{z-index:var(--z-index-desktop) !important}@media(max-width: 976px){.uag-blocks-common-selector{z-index:var(--z-index-tablet) !important}}@media(max-width: 767px){.uag-blocks-common-selector{z-index:var(--z-index-mobile) !important}}.wp-block-uagb-image{display:flex}.wp-block-uagb-image__figure{position:relative;display:flex;flex-direction:column;max-width:100%;height:auto;margin:0}.wp-block-uagb-image__figure img{height:auto;display:flex;max-width:100%;transition:box-shadow .2s ease}.wp-block-uagb-image__figure>a{display:inline-block}.wp-block-uagb-image__figure figcaption{text-align:center;margin-top:.5em;margin-bottom:1em}.wp-block-uagb-image .components-placeholder.block-editor-media-placeholder .components-placeholder__instructions{align-self:center}.wp-block-uagb-image--align-left{text-align:left}.wp-block-uagb-image--align-right{text-align:right}.wp-block-uagb-image--align-center{text-align:center}.wp-block-uagb-image--align-full .wp-block-uagb-image__figure{margin-left:calc(50% - 50vw);margin-right:calc(50% - 50vw);max-width:100vw;width:100vw;height:auto}.wp-block-uagb-image--align-full .wp-block-uagb-image__figure img{height:auto;width:100% !important}.wp-block-uagb-image--align-wide .wp-block-uagb-image__figure img{height:auto;width:100%}.wp-block-uagb-image--layout-overlay__color-wrapper{position:absolute;left:0;top:0;right:0;bottom:0;opacity:.2;background:rgba(0,0,0,.5);transition:opacity .35s ease-in-out}.wp-block-uagb-image--layout-overlay-link{position:absolute;left:0;right:0;bottom:0;top:0}.wp-block-uagb-image--layout-overlay .wp-block-uagb-image__figure:hover .wp-block-uagb-image--layout-overlay__color-wrapper{opacity:1}.wp-block-uagb-image--layout-overlay__inner{position:absolute;left:15px;right:15px;bottom:15px;top:15px;display:flex;align-items:center;justify-content:center;flex-direction:column;border-color:#fff;transition:.35s ease-in-out}.wp-block-uagb-image--layout-overlay__inner.top-left,.wp-block-uagb-image--layout-overlay__inner.top-center,.wp-block-uagb-image--layout-overlay__inner.top-right{justify-content:flex-start}.wp-block-uagb-image--layout-overlay__inner.bottom-left,.wp-block-uagb-image--layout-overlay__inner.bottom-center,.wp-block-uagb-image--layout-overlay__inner.bottom-right{justify-content:flex-end}.wp-block-uagb-image--layout-overlay__inner.top-left,.wp-block-uagb-image--layout-overlay__inner.center-left,.wp-block-uagb-image--layout-overlay__inner.bottom-left{align-items:flex-start}.wp-block-uagb-image--layout-overlay__inner.top-right,.wp-block-uagb-image--layout-overlay__inner.center-right,.wp-block-uagb-image--layout-overlay__inner.bottom-right{align-items:flex-end}.wp-block-uagb-image--layout-overlay__inner .uagb-image-heading{color:#fff;transition:transform .35s,opacity .35s ease-in-out;transform:translate3d(0, 24px, 0);margin:0;line-height:1em}.wp-block-uagb-image--layout-overlay__inner .uagb-image-separator{width:30%;border-top-width:2px;border-top-color:#fff;border-top-style:solid;margin-bottom:10px;opacity:0;transition:transform .4s,opacity .4s ease-in-out;transform:translate3d(0, 30px, 0)}.wp-block-uagb-image--layout-overlay__inner .uagb-image-caption{opacity:0;overflow:visible;color:#fff;transition:transform .45s,opacity .45s ease-in-out;transform:translate3d(0, 35px, 0)}.wp-block-uagb-image--layout-overlay__inner:hover .uagb-image-heading,.wp-block-uagb-image--layout-overlay__inner:hover .uagb-image-separator,.wp-block-uagb-image--layout-overlay__inner:hover .uagb-image-caption{opacity:1;transform:translate3d(0, 0, 0)}.wp-block-uagb-image--effect-zoomin .wp-block-uagb-image__figure img,.wp-block-uagb-image--effect-zoomin .wp-block-uagb-image__figure .wp-block-uagb-image--layout-overlay__color-wrapper{transform:scale(1);transition:transform .35s ease-in-out}.wp-block-uagb-image--effect-zoomin .wp-block-uagb-image__figure:hover img,.wp-block-uagb-image--effect-zoomin .wp-block-uagb-image__figure:hover .wp-block-uagb-image--layout-overlay__color-wrapper{transform:scale(1.05)}.wp-block-uagb-image--effect-slide .wp-block-uagb-image__figure img,.wp-block-uagb-image--effect-slide .wp-block-uagb-image__figure .wp-block-uagb-image--layout-overlay__color-wrapper{width:calc(100% + 40px) !important;max-width:none !important;transform:translate3d(-40px, 0, 0);transition:transform .35s ease-in-out}.wp-block-uagb-image--effect-slide .wp-block-uagb-image__figure:hover img,.wp-block-uagb-image--effect-slide .wp-block-uagb-image__figure:hover .wp-block-uagb-image--layout-overlay__color-wrapper{transform:translate3d(0, 0, 0)}.wp-block-uagb-image--effect-grayscale img{filter:grayscale(0%);transition:.35s ease-in-out}.wp-block-uagb-image--effect-grayscale:hover img{filter:grayscale(100%)}.wp-block-uagb-image--effect-blur img{filter:blur(0);transition:.35s ease-in-out}.wp-block-uagb-image--effect-blur:hover img{filter:blur(3px)}.uagb-block-e6f939b3.wp-block-uagb-image--layout-default figure img{box-shadow: 0px 0px 0 #00000070;}.uagb-block-e6f939b3.wp-block-uagb-image .wp-block-uagb-image__figure figcaption{font-style: normal;align-self: center;}.uagb-block-e6f939b3.wp-block-uagb-image--layout-overlay figure img{box-shadow: 0px 0px 0 #00000070;}.uagb-block-e6f939b3.wp-block-uagb-image--layout-overlay .wp-block-uagb-image--layout-overlay__color-wrapper{opacity: 0.2;}.uagb-block-e6f939b3.wp-block-uagb-image--layout-overlay .wp-block-uagb-image--layout-overlay__inner{left: 15px;right: 15px;top: 15px;bottom: 15px;}.uagb-block-e6f939b3.wp-block-uagb-image--layout-overlay .wp-block-uagb-image--layout-overlay__inner .uagb-image-heading{font-style: normal;color: #fff;opacity: 1;}.uagb-block-e6f939b3.wp-block-uagb-image--layout-overlay .wp-block-uagb-image--layout-overlay__inner .uagb-image-heading a{color: #fff;}.uagb-block-e6f939b3.wp-block-uagb-image--layout-overlay .wp-block-uagb-image--layout-overlay__inner .uagb-image-caption{opacity: 0;}.uagb-block-e6f939b3.wp-block-uagb-image--layout-overlay .wp-block-uagb-image__figure:hover .wp-block-uagb-image--layout-overlay__color-wrapper{opacity: 1;}.uagb-block-e6f939b3.wp-block-uagb-image .wp-block-uagb-image--layout-overlay__inner .uagb-image-separator{width: 30%;border-top-width: 2px;border-top-color: #fff;opacity: 0;}.uagb-block-e6f939b3.wp-block-uagb-image .wp-block-uagb-image__figure img{width: px;height: auto;}.uagb-block-e6f939b3.wp-block-uagb-image .wp-block-uagb-image__figure:hover .wp-block-uagb-image--layout-overlay__inner .uagb-image-caption{opacity: 1;}.uagb-block-e6f939b3.wp-block-uagb-image .wp-block-uagb-image__figure:hover .wp-block-uagb-image--layout-overlay__inner .uagb-image-separator{opacity: 1;}.uagb-block-e6f939b3.wp-block-uagb-image--layout-default figure:hover img{box-shadow: 0px 0px 0 #00000070;}.uagb-block-e6f939b3.wp-block-uagb-image--layout-overlay figure:hover img{box-shadow: 0px 0px 0 #00000070;}@media only screen and (max-width: 976px) {.uagb-block-e6f939b3.wp-block-uagb-image .wp-block-uagb-image__figure img{width: px;height: auto;}}@media only screen and (max-width: 767px) {.uagb-block-e6f939b3.wp-block-uagb-image .wp-block-uagb-image__figure img{width: px;height: auto;}}\";s:2:\"js\";s:0:\"\";s:18:\"current_block_list\";a:13:{i:0;s:11:\"core\/search\";i:1;s:10:\"core\/group\";i:2;s:12:\"core\/heading\";i:3;s:17:\"core\/latest-posts\";i:4;s:20:\"core\/latest-comments\";i:5;s:13:\"core\/archives\";i:6;s:15:\"core\/categories\";i:7;s:14:\"core\/paragraph\";i:8;s:10:\"uagb\/image\";i:9;s:11:\"core\/spacer\";i:10;s:30:\"woocommerce\/product-categories\";i:11;s:10:\"core\/image\";i:12;s:14:\"core\/shortcode\";}s:8:\"uag_flag\";b:1;s:11:\"uag_version\";s:10:\"1777267632\";s:6:\"gfonts\";a:0:{}s:10:\"gfonts_url\";s:0:\"\";s:12:\"gfonts_files\";a:0:{}s:14:\"uag_faq_layout\";b:0;}"]},"uagb_featured_image_src":{"full":["https:\/\/www.ferberpainting.com\/wp-content\/uploads\/2025\/05\/Grout-Water-Repellent-5L-.png",2560,2560,false],"thumbnail":["https:\/\/www.ferberpainting.com\/wp-content\/uploads\/2025\/05\/Grout-Water-Repellent-5L--150x150.png",150,150,true],"medium":["https:\/\/www.ferberpainting.com\/wp-content\/uploads\/2025\/05\/Grout-Water-Repellent-5L--300x300.png",300,300,true],"medium_large":["https:\/\/www.ferberpainting.com\/wp-content\/uploads\/2025\/05\/Grout-Water-Repellent-5L--768x768.png",768,768,true],"large":["https:\/\/www.ferberpainting.com\/wp-content\/uploads\/2025\/05\/Grout-Water-Repellent-5L--1024x1024.png",1024,1024,true],"1536x1536":["https:\/\/www.ferberpainting.com\/wp-content\/uploads\/2025\/05\/Grout-Water-Repellent-5L--1536x1536.png",1536,1536,true],"2048x2048":["https:\/\/www.ferberpainting.com\/wp-content\/uploads\/2025\/05\/Grout-Water-Repellent-5L--2048x2048.png",2048,2048,true],"trp-custom-language-flag":["https:\/\/www.ferberpainting.com\/wp-content\/uploads\/2025\/05\/Grout-Water-Repellent-5L--12x12.png",12,12,true],"woocommerce_thumbnail":["https:\/\/www.ferberpainting.com\/wp-content\/uploads\/2025\/05\/Grout-Water-Repellent-5L--300x300.png",300,300,true],"woocommerce_single":["https:\/\/www.ferberpainting.com\/wp-content\/uploads\/2025\/05\/Grout-Water-Repellent-5L--600x600.png",600,600,true],"woocommerce_gallery_thumbnail":["https:\/\/www.ferberpainting.com\/wp-content\/uploads\/2025\/05\/Grout-Water-Repellent-5L--100x100.png",100,100,true]},"uagb_author_info":{"display_name":"admin","author_link":"https:\/\/www.ferberpainting.com\/se\/author\/"},"uagb_comment_info":10,"uagb_excerpt":"Long-Lasting Protection Against Moisture.\u00a0This joint waterproofer is the ideal solution to protect your joints from water infiltration and humidity. It creates a waterproof barrier on joint surfaces, preventing water from penetrating while allowing adjacent materials to breathe. Perfect for tile, masonry, concrete, or brick joints, it provides long-lasting protection, whether used indoors or outdoors. Satisfaction&hellip;","_links":{"self":[{"href":"https:\/\/www.ferberpainting.com\/se\/wp-json\/wp\/v2\/product\/23517","targetHints":{"allow":["GET"]}}],"collection":[{"href":"https:\/\/www.ferberpainting.com\/se\/wp-json\/wp\/v2\/product"}],"about":[{"href":"https:\/\/www.ferberpainting.com\/se\/wp-json\/wp\/v2\/types\/product"}],"replies":[{"embeddable":true,"href":"https:\/\/www.ferberpainting.com\/se\/wp-json\/wp\/v2\/comments?post=23517"}],"version-history":[{"count":4,"href":"https:\/\/www.ferberpainting.com\/se\/wp-json\/wp\/v2\/product\/23517\/revisions"}],"predecessor-version":[{"id":166347,"href":"https:\/\/www.ferberpainting.com\/se\/wp-json\/wp\/v2\/product\/23517\/revisions\/166347"}],"wp:featuredmedia":[{"embeddable":true,"href":"https:\/\/www.ferberpainting.com\/se\/wp-json\/wp\/v2\/media\/36284"}],"wp:attachment":[{"href":"https:\/\/www.ferberpainting.com\/se\/wp-json\/wp\/v2\/media?parent=23517"}],"wp:term":[{"taxonomy":"product_brand","embeddable":true,"href":"https:\/\/www.ferberpainting.com\/se\/wp-json\/wp\/v2\/product_brand?post=23517"},{"taxonomy":"product_cat","embeddable":true,"href":"https:\/\/www.ferberpainting.com\/se\/wp-json\/wp\/v2\/product_cat?post=23517"},{"taxonomy":"product_tag","embeddable":true,"href":"https:\/\/www.ferberpainting.com\/se\/wp-json\/wp\/v2\/product_tag?post=23517"}],"curies":[{"name":"wp","href":"https:\/\/api.w.org\/{rel}","templated":true}]}}